{"id":12104,"date":"2025-10-27T15:48:05","date_gmt":"2025-10-27T15:48:05","guid":{"rendered":"https:\/\/zytho.ca\/product\/huile-penetrante-de-qualite-alimentaire-jax-dixon\/"},"modified":"2025-10-30T12:58:45","modified_gmt":"2025-10-30T12:58:45","slug":"huile-penetrante-de-qualite-alimentaire-jax-dixon","status":"publish","type":"product","link":"https:\/\/www.zytho.ca\/fr\/produit\/huile-penetrante-de-qualite-alimentaire-jax-dixon\/","title":{"rendered":"Huile p\u00e9n\u00e9trante de qualit\u00e9 alimentaire Jax &#8211; Dixon"},"content":{"rendered":"<h6><strong>Avantages :<\/strong><\/h6>\n<ul>\n<li>Garantit un fonctionnement sans heurts en lubrifiant les composants mobiles<\/li>\n<li>D\u00e9gage efficacement les pi\u00e8ces gripp\u00e9es ou rouill\u00e9es<\/li>\n<li>Fournit une barri\u00e8re protectrice contre la corrosion des m\u00e9taux<\/li>\n<li>Maintient une pr\u00e9sence neutre, sans couleur, odeur ou go\u00fbt.<\/li>\n<\/ul>\n<h6><strong>D\u00e9tails du produit :<\/strong><\/h6>\n<ul>\n<li>Certifi\u00e9 NSF H1 pour le contact accidentel avec des substances alimentaires<\/li>\n<\/ul>\n","protected":false},"excerpt":{"rendered":"<h4>L&#8217;huile p\u00e9n\u00e9trante de qualit\u00e9 alimentaire Jax &#8211; Dixon garantit des performances et une s\u00e9curit\u00e9 optimales dans les op\u00e9rations de brassage.<\/h4>\n<ul>\n<li>Lubrifie les pi\u00e8ces mobiles pour un fonctionnement sans faille des \u00e9quipements de brasserie.<\/li>\n<li>D\u00e9tache les composants rouill\u00e9s, assurant ainsi une maintenance efficace.<\/li>\n<li>Assure une protection contre la corrosion tout en \u00e9tant sans danger pour le contact accidentel avec les aliments.<\/li>\n<\/ul>\n","protected":false},"featured_media":12106,"template":"","meta":{"_acf_changed":false,"inline_featured_image":false},"product_brand":[740],"product_cat":[736,741,742],"product_tag":[],"class_list":{"0":"post-12104","1":"product","2":"type-product","3":"status-publish","4":"has-post-thumbnail","6":"product_brand-dixon","7":"product_cat-distribution","8":"product_cat-materiel","9":"product_cat-outils-industriels","11":"first","12":"instock","13":"taxable","14":"shipping-taxable","15":"purchasable","16":"product-type-simple"},"acf":[],"yoast_head":"<!-- This site is optimized with the Yoast SEO plugin v27.6 - https:\/\/yoast.com\/product\/yoast-seo-wordpress\/ -->\n<title>Jax Food Grade Penetrating Oil - Dixon - Pour brasseries professionnelles | Zytho<\/title>\n<meta name=\"description\" content=\"Optimisez les op\u00e9rations de votre brasserie avec l&#039;huile p\u00e9n\u00e9trante de qualit\u00e9 alimentaire Jax - Dixon. Lubrifie, prot\u00e8ge et est certifi\u00e9e NSF H1 pour une utilisation en toute s\u00e9curit\u00e9 autour des aliments. Parfait pour les brasseurs !\" \/>\n<meta name=\"robots\" content=\"index, follow, max-snippet:-1, max-image-preview:large, max-video-preview:-1\" \/>\n<link rel=\"canonical\" href=\"https:\/\/www.zytho.ca\/fr\/produit\/huile-penetrante-de-qualite-alimentaire-jax-dixon\/\" \/>\n<meta property=\"og:locale\" content=\"fr_FR\" \/>\n<meta property=\"og:type\" content=\"article\" \/>\n<meta property=\"og:title\" content=\"Jax Food Grade Penetrating Oil - Dixon - Pour brasseries professionnelles | Zytho\" \/>\n<meta property=\"og:description\" content=\"Optimisez les op\u00e9rations de votre brasserie avec l&#039;huile p\u00e9n\u00e9trante de qualit\u00e9 alimentaire Jax - Dixon. Lubrifie, prot\u00e8ge et est certifi\u00e9e NSF H1 pour une utilisation en toute s\u00e9curit\u00e9 autour des aliments. Parfait pour les brasseurs !\" \/>\n<meta property=\"og:url\" content=\"https:\/\/www.zytho.ca\/fr\/produit\/huile-penetrante-de-qualite-alimentaire-jax-dixon\/\" \/>\n<meta property=\"og:site_name\" content=\"Zytho\" \/>\n<meta property=\"article:modified_time\" content=\"2025-10-30T12:58:45+00:00\" \/>\n<meta property=\"og:image\" content=\"https:\/\/www.zytho.ca\/wp-content\/uploads\/2025\/10\/Jax-Food-Grade-Penetrating-Oil-Dixon.jpg\" \/>\n\t<meta property=\"og:image:width\" content=\"592\" \/>\n\t<meta property=\"og:image:height\" content=\"592\" \/>\n\t<meta property=\"og:image:type\" content=\"image\/jpeg\" \/>\n<meta name=\"twitter:card\" content=\"summary_large_image\" \/>\n<script type=\"application\/ld+json\" class=\"yoast-schema-graph\">{\"@context\":\"https:\\\/\\\/schema.org\",\"@graph\":[{\"@type\":\"WebPage\",\"@id\":\"https:\\\/\\\/www.zytho.ca\\\/fr\\\/produit\\\/huile-penetrante-de-qualite-alimentaire-jax-dixon\\\/\",\"url\":\"https:\\\/\\\/www.zytho.ca\\\/fr\\\/produit\\\/huile-penetrante-de-qualite-alimentaire-jax-dixon\\\/\",\"name\":\"Jax Food Grade Penetrating Oil - Dixon - Pour brasseries professionnelles | Zytho\",\"isPartOf\":{\"@id\":\"https:\\\/\\\/www.zytho.ca\\\/fr\\\/#website\"},\"primaryImageOfPage\":{\"@id\":\"https:\\\/\\\/www.zytho.ca\\\/fr\\\/produit\\\/huile-penetrante-de-qualite-alimentaire-jax-dixon\\\/#primaryimage\"},\"image\":{\"@id\":\"https:\\\/\\\/www.zytho.ca\\\/fr\\\/produit\\\/huile-penetrante-de-qualite-alimentaire-jax-dixon\\\/#primaryimage\"},\"thumbnailUrl\":\"https:\\\/\\\/www.zytho.ca\\\/wp-content\\\/uploads\\\/2025\\\/10\\\/Jax-Food-Grade-Penetrating-Oil-Dixon.jpg\",\"datePublished\":\"2025-10-27T15:48:05+00:00\",\"dateModified\":\"2025-10-30T12:58:45+00:00\",\"description\":\"Optimisez les op\u00e9rations de votre brasserie avec l'huile p\u00e9n\u00e9trante de qualit\u00e9 alimentaire Jax - Dixon. Lubrifie, prot\u00e8ge et est certifi\u00e9e NSF H1 pour une utilisation en toute s\u00e9curit\u00e9 autour des aliments. Parfait pour les brasseurs !\",\"breadcrumb\":{\"@id\":\"https:\\\/\\\/www.zytho.ca\\\/fr\\\/produit\\\/huile-penetrante-de-qualite-alimentaire-jax-dixon\\\/#breadcrumb\"},\"inLanguage\":\"fr-FR\",\"potentialAction\":[{\"@type\":\"ReadAction\",\"target\":[\"https:\\\/\\\/www.zytho.ca\\\/fr\\\/produit\\\/huile-penetrante-de-qualite-alimentaire-jax-dixon\\\/\"]}]},{\"@type\":\"ImageObject\",\"inLanguage\":\"fr-FR\",\"@id\":\"https:\\\/\\\/www.zytho.ca\\\/fr\\\/produit\\\/huile-penetrante-de-qualite-alimentaire-jax-dixon\\\/#primaryimage\",\"url\":\"https:\\\/\\\/www.zytho.ca\\\/wp-content\\\/uploads\\\/2025\\\/10\\\/Jax-Food-Grade-Penetrating-Oil-Dixon.jpg\",\"contentUrl\":\"https:\\\/\\\/www.zytho.ca\\\/wp-content\\\/uploads\\\/2025\\\/10\\\/Jax-Food-Grade-Penetrating-Oil-Dixon.jpg\",\"width\":592,\"height\":592},{\"@type\":\"BreadcrumbList\",\"@id\":\"https:\\\/\\\/www.zytho.ca\\\/fr\\\/produit\\\/huile-penetrante-de-qualite-alimentaire-jax-dixon\\\/#breadcrumb\",\"itemListElement\":[{\"@type\":\"ListItem\",\"position\":1,\"name\":\"Accueil\",\"item\":\"https:\\\/\\\/www.zytho.ca\\\/fr\\\/\"},{\"@type\":\"ListItem\",\"position\":2,\"name\":\"Shop\",\"item\":\"https:\\\/\\\/www.zytho.ca\\\/fr\\\/shop\\\/\"},{\"@type\":\"ListItem\",\"position\":3,\"name\":\"Huile p\u00e9n\u00e9trante de qualit\u00e9 alimentaire Jax &#8211; Dixon\"}]},{\"@type\":\"WebSite\",\"@id\":\"https:\\\/\\\/www.zytho.ca\\\/fr\\\/#website\",\"url\":\"https:\\\/\\\/www.zytho.ca\\\/fr\\\/\",\"name\":\"Zytho\",\"description\":\"\",\"publisher\":{\"@id\":\"https:\\\/\\\/www.zytho.ca\\\/fr\\\/#organization\"},\"potentialAction\":[{\"@type\":\"SearchAction\",\"target\":{\"@type\":\"EntryPoint\",\"urlTemplate\":\"https:\\\/\\\/www.zytho.ca\\\/fr\\\/?s={search_term_string}\"},\"query-input\":{\"@type\":\"PropertyValueSpecification\",\"valueRequired\":true,\"valueName\":\"search_term_string\"}}],\"inLanguage\":\"fr-FR\"},{\"@type\":\"Organization\",\"@id\":\"https:\\\/\\\/www.zytho.ca\\\/fr\\\/#organization\",\"name\":\"Zytho\",\"url\":\"https:\\\/\\\/www.zytho.ca\\\/fr\\\/\",\"logo\":{\"@type\":\"ImageObject\",\"inLanguage\":\"fr-FR\",\"@id\":\"https:\\\/\\\/www.zytho.ca\\\/fr\\\/#\\\/schema\\\/logo\\\/image\\\/\",\"url\":\"https:\\\/\\\/www.zytho.ca\\\/wp-content\\\/uploads\\\/2024\\\/05\\\/Zytho_reversed_horizontal.svg\",\"contentUrl\":\"https:\\\/\\\/www.zytho.ca\\\/wp-content\\\/uploads\\\/2024\\\/05\\\/Zytho_reversed_horizontal.svg\",\"width\":1582,\"height\":490,\"caption\":\"Zytho\"},\"image\":{\"@id\":\"https:\\\/\\\/www.zytho.ca\\\/fr\\\/#\\\/schema\\\/logo\\\/image\\\/\"}}]}<\/script>\n<!-- \/ Yoast SEO plugin. -->","yoast_head_json":{"title":"Jax Food Grade Penetrating Oil - Dixon - Pour brasseries professionnelles | Zytho","description":"Optimisez les op\u00e9rations de votre brasserie avec l'huile p\u00e9n\u00e9trante de qualit\u00e9 alimentaire Jax - Dixon. Lubrifie, prot\u00e8ge et est certifi\u00e9e NSF H1 pour une utilisation en toute s\u00e9curit\u00e9 autour des aliments. Parfait pour les brasseurs !","robots":{"index":"index","follow":"follow","max-snippet":"max-snippet:-1","max-image-preview":"max-image-preview:large","max-video-preview":"max-video-preview:-1"},"canonical":"https:\/\/www.zytho.ca\/fr\/produit\/huile-penetrante-de-qualite-alimentaire-jax-dixon\/","og_locale":"fr_FR","og_type":"article","og_title":"Jax Food Grade Penetrating Oil - Dixon - Pour brasseries professionnelles | Zytho","og_description":"Optimisez les op\u00e9rations de votre brasserie avec l'huile p\u00e9n\u00e9trante de qualit\u00e9 alimentaire Jax - Dixon. Lubrifie, prot\u00e8ge et est certifi\u00e9e NSF H1 pour une utilisation en toute s\u00e9curit\u00e9 autour des aliments. Parfait pour les brasseurs !","og_url":"https:\/\/www.zytho.ca\/fr\/produit\/huile-penetrante-de-qualite-alimentaire-jax-dixon\/","og_site_name":"Zytho","article_modified_time":"2025-10-30T12:58:45+00:00","og_image":[{"width":592,"height":592,"url":"https:\/\/www.zytho.ca\/wp-content\/uploads\/2025\/10\/Jax-Food-Grade-Penetrating-Oil-Dixon.jpg","type":"image\/jpeg"}],"twitter_card":"summary_large_image","schema":{"@context":"https:\/\/schema.org","@graph":[{"@type":"WebPage","@id":"https:\/\/www.zytho.ca\/fr\/produit\/huile-penetrante-de-qualite-alimentaire-jax-dixon\/","url":"https:\/\/www.zytho.ca\/fr\/produit\/huile-penetrante-de-qualite-alimentaire-jax-dixon\/","name":"Jax Food Grade Penetrating Oil - Dixon - Pour brasseries professionnelles | Zytho","isPartOf":{"@id":"https:\/\/www.zytho.ca\/fr\/#website"},"primaryImageOfPage":{"@id":"https:\/\/www.zytho.ca\/fr\/produit\/huile-penetrante-de-qualite-alimentaire-jax-dixon\/#primaryimage"},"image":{"@id":"https:\/\/www.zytho.ca\/fr\/produit\/huile-penetrante-de-qualite-alimentaire-jax-dixon\/#primaryimage"},"thumbnailUrl":"https:\/\/www.zytho.ca\/wp-content\/uploads\/2025\/10\/Jax-Food-Grade-Penetrating-Oil-Dixon.jpg","datePublished":"2025-10-27T15:48:05+00:00","dateModified":"2025-10-30T12:58:45+00:00","description":"Optimisez les op\u00e9rations de votre brasserie avec l'huile p\u00e9n\u00e9trante de qualit\u00e9 alimentaire Jax - Dixon. Lubrifie, prot\u00e8ge et est certifi\u00e9e NSF H1 pour une utilisation en toute s\u00e9curit\u00e9 autour des aliments. Parfait pour les brasseurs !","breadcrumb":{"@id":"https:\/\/www.zytho.ca\/fr\/produit\/huile-penetrante-de-qualite-alimentaire-jax-dixon\/#breadcrumb"},"inLanguage":"fr-FR","potentialAction":[{"@type":"ReadAction","target":["https:\/\/www.zytho.ca\/fr\/produit\/huile-penetrante-de-qualite-alimentaire-jax-dixon\/"]}]},{"@type":"ImageObject","inLanguage":"fr-FR","@id":"https:\/\/www.zytho.ca\/fr\/produit\/huile-penetrante-de-qualite-alimentaire-jax-dixon\/#primaryimage","url":"https:\/\/www.zytho.ca\/wp-content\/uploads\/2025\/10\/Jax-Food-Grade-Penetrating-Oil-Dixon.jpg","contentUrl":"https:\/\/www.zytho.ca\/wp-content\/uploads\/2025\/10\/Jax-Food-Grade-Penetrating-Oil-Dixon.jpg","width":592,"height":592},{"@type":"BreadcrumbList","@id":"https:\/\/www.zytho.ca\/fr\/produit\/huile-penetrante-de-qualite-alimentaire-jax-dixon\/#breadcrumb","itemListElement":[{"@type":"ListItem","position":1,"name":"Accueil","item":"https:\/\/www.zytho.ca\/fr\/"},{"@type":"ListItem","position":2,"name":"Shop","item":"https:\/\/www.zytho.ca\/fr\/shop\/"},{"@type":"ListItem","position":3,"name":"Huile p\u00e9n\u00e9trante de qualit\u00e9 alimentaire Jax &#8211; Dixon"}]},{"@type":"WebSite","@id":"https:\/\/www.zytho.ca\/fr\/#website","url":"https:\/\/www.zytho.ca\/fr\/","name":"Zytho","description":"","publisher":{"@id":"https:\/\/www.zytho.ca\/fr\/#organization"},"potentialAction":[{"@type":"SearchAction","target":{"@type":"EntryPoint","urlTemplate":"https:\/\/www.zytho.ca\/fr\/?s={search_term_string}"},"query-input":{"@type":"PropertyValueSpecification","valueRequired":true,"valueName":"search_term_string"}}],"inLanguage":"fr-FR"},{"@type":"Organization","@id":"https:\/\/www.zytho.ca\/fr\/#organization","name":"Zytho","url":"https:\/\/www.zytho.ca\/fr\/","logo":{"@type":"ImageObject","inLanguage":"fr-FR","@id":"https:\/\/www.zytho.ca\/fr\/#\/schema\/logo\/image\/","url":"https:\/\/www.zytho.ca\/wp-content\/uploads\/2024\/05\/Zytho_reversed_horizontal.svg","contentUrl":"https:\/\/www.zytho.ca\/wp-content\/uploads\/2024\/05\/Zytho_reversed_horizontal.svg","width":1582,"height":490,"caption":"Zytho"},"image":{"@id":"https:\/\/www.zytho.ca\/fr\/#\/schema\/logo\/image\/"}}]}},"_links":{"self":[{"href":"https:\/\/www.zytho.ca\/fr\/wp-json\/wp\/v2\/product\/12104","targetHints":{"allow":["GET"]}}],"collection":[{"href":"https:\/\/www.zytho.ca\/fr\/wp-json\/wp\/v2\/product"}],"about":[{"href":"https:\/\/www.zytho.ca\/fr\/wp-json\/wp\/v2\/types\/product"}],"wp:featuredmedia":[{"embeddable":true,"href":"https:\/\/www.zytho.ca\/fr\/wp-json\/wp\/v2\/media\/12106"}],"wp:attachment":[{"href":"https:\/\/www.zytho.ca\/fr\/wp-json\/wp\/v2\/media?parent=12104"}],"wp:term":[{"taxonomy":"product_brand","embeddable":true,"href":"https:\/\/www.zytho.ca\/fr\/wp-json\/wp\/v2\/product_brand?post=12104"},{"taxonomy":"product_cat","embeddable":true,"href":"https:\/\/www.zytho.ca\/fr\/wp-json\/wp\/v2\/product_cat?post=12104"},{"taxonomy":"product_tag","embeddable":true,"href":"https:\/\/www.zytho.ca\/fr\/wp-json\/wp\/v2\/product_tag?post=12104"}],"curies":[{"name":"wp","href":"https:\/\/api.w.org\/{rel}","templated":true}]}}