{"id":12055,"date":"2025-10-27T15:48:09","date_gmt":"2025-10-27T15:48:09","guid":{"rendered":"https:\/\/zytho.ca\/product\/vanne-papillon-serie-b5107-avec-poignee-infinie-dixon\/"},"modified":"2025-11-03T14:50:23","modified_gmt":"2025-11-03T14:50:23","slug":"vanne-papillon-serie-b5107-avec-poignee-infinie-dixon","status":"publish","type":"product","link":"https:\/\/www.zytho.ca\/fr\/produit\/vanne-papillon-serie-b5107-avec-poignee-infinie-dixon\/","title":{"rendered":"Vanne papillon s\u00e9rie B5107 avec poign\u00e9e infinie &#8211; Dixon"},"content":{"rendered":"<h6><strong>Avantages<\/strong><\/h6>\n<ul>\n<li>Facilite le flux bidirectionnel<\/li>\n<li>Con\u00e7u pour une faible r\u00e9sistance au mouvement des fluides<\/li>\n<li>Compatible avec les fluides de faible et moyenne viscosit\u00e9<\/li>\n<li>Une conception qui peut \u00eatre entretenue sur le terrain<\/li>\n<li>Pr\u00e9server l&#8217;int\u00e9grit\u00e9 des m\u00e9dias<\/li>\n<li>Capacit\u00e9 d&#8217;auto-drainage<\/li>\n<\/ul>\n<p>Les vannes papillon sont un choix courant pour les applications sanitaires en Am\u00e9rique du Nord. Ces vannes comportent une tranche dans un si\u00e8ge circulaire, avec une poign\u00e9e ou un actionneur pour moduler les niveaux de d\u00e9bit. Fabriqu\u00e9es en acier inoxydable, elles sont id\u00e9ales pour les secteurs de l&#8217;alimentation, des boissons, de la biotechnologie et de la pharmacie. Les vannes sont \u00e9quip\u00e9es d&#8217;une poign\u00e9e \u00e0 position infinie, offrant un contr\u00f4le du d\u00e9bit sup\u00e9rieur \u00e0 celui des autres types de poign\u00e9e. Elles r\u00e9pondent aux normes rigoureuses des certifications ASME A270 et 3A.    <\/p>\n<h6><strong>D\u00e9tails du produit :<\/strong><\/h6>\n<ul>\n<li>Coefficient d&#8217;\u00e9coulement : 7 CV<\/li>\n<li>Couple de rupture : 20 in. lbs. <\/li>\n<\/ul>\n<h6><strong>Construction :<\/strong><\/h6>\n<ul>\n<li>Toutes les surfaces en contact avec le sol sont conformes \u00e0 la norme sanitaire &lt; 32R\u0192?\ufffd<\/li>\n<\/ul>\n<h6><strong>Note :<\/strong><\/h6>\n<ul>\n<li>Les sp\u00e9cifications relatives \u00e0 la pression nominale (PSI), au coefficient de d\u00e9bit (CV) et au couple de rupture (in. lbs.) sont bas\u00e9es sur de l&#8217;eau \u00e0 20 \u00b0C \/ 68 \u00b0F.<\/li>\n<li>La poign\u00e9e est livr\u00e9e non assembl\u00e9e. Pour les commandes n\u00e9cessitant une poign\u00e9e pr\u00e9mont\u00e9e sur le robinet, veuillez le sp\u00e9cifier dans la section des instructions sp\u00e9ciales de votre commande. <\/li>\n<\/ul>\n<h6><strong>Sp\u00e9cifications dimensionnelles :<\/strong><\/h6>\n<ol>\n<li><a href=\"https:\/\/www.dixonvalve.com\/sites\/default\/files\/product\/files\/dimensional-specs\/B5101E050CC-A.pdf\">Sp\u00e9cifications dimensionnelles<\/a><\/li>\n<\/ol>\n","protected":false},"excerpt":{"rendered":"<h4>Principaux avantages de la vanne papillon de la s\u00e9rie B5107 pour les brasseurs professionnels<\/h4>\n<ul>\n<li>Garantit un flux bidirectionnel optimal avec une r\u00e9sistance minimale, id\u00e9al pour les processus de brassage.<\/li>\n<li>Facilit\u00e9 d&#8217;entretien et de maintenance sur le terrain, r\u00e9duisant les temps d&#8217;arr\u00eat de la production.<\/li>\n<li>Conforme \u00e0 des normes sanitaires strictes, pr\u00e9servant l&#8217;int\u00e9grit\u00e9 des ingr\u00e9dients de brassage.<\/li>\n<\/ul>\n","protected":false},"featured_media":12056,"template":"","meta":{"_acf_changed":false,"inline_featured_image":false},"product_brand":[740],"product_cat":[736,741,1407,1406,826],"product_tag":[754,762,755,800],"class_list":{"0":"post-12055","1":"product","2":"type-product","3":"status-publish","4":"has-post-thumbnail","6":"product_brand-dixon","7":"product_cat-distribution","8":"product_cat-materiel","9":"product_cat-papillon","10":"product_cat-valves-fr","11":"product_cat-vannes-sanitaires","12":"product_tag-brasserie","13":"product_tag-cave","14":"product_tag-distillerie","15":"product_tag-soda","17":"first","18":"instock","19":"taxable","20":"shipping-taxable","21":"purchasable","22":"product-type-variable"},"acf":[],"yoast_head":"<!-- This site is optimized with the Yoast SEO plugin v27.6 - https:\/\/yoast.com\/product\/yoast-seo-wordpress\/ -->\n<title>Vanne papillon s\u00e9rie B5107 avec poign\u00e9e infinie - Dixon - Pour brasseries professionnelles | Zytho<\/title>\n<meta name=\"description\" content=\"D\u00e9couvrez la vanne papillon s\u00e9rie B5107 avec poign\u00e9e infinie de Dixon, con\u00e7ue pour les brasseries. Profitez d&#039;un d\u00e9bit bidirectionnel, d&#039;une faible r\u00e9sistance et d&#039;un contr\u00f4le sup\u00e9rieur. Parfait pour les applications sanitaires.\" \/>\n<meta name=\"robots\" content=\"index, follow, max-snippet:-1, max-image-preview:large, max-video-preview:-1\" \/>\n<link rel=\"canonical\" href=\"https:\/\/www.zytho.ca\/fr\/produit\/vanne-papillon-serie-b5107-avec-poignee-infinie-dixon\/\" \/>\n<meta property=\"og:locale\" content=\"fr_FR\" \/>\n<meta property=\"og:type\" content=\"article\" \/>\n<meta property=\"og:title\" content=\"Vanne papillon s\u00e9rie B5107 avec poign\u00e9e infinie - Dixon - Pour brasseries professionnelles | Zytho\" \/>\n<meta property=\"og:description\" content=\"D\u00e9couvrez la vanne papillon s\u00e9rie B5107 avec poign\u00e9e infinie de Dixon, con\u00e7ue pour les brasseries. Profitez d&#039;un d\u00e9bit bidirectionnel, d&#039;une faible r\u00e9sistance et d&#039;un contr\u00f4le sup\u00e9rieur. Parfait pour les applications sanitaires.\" \/>\n<meta property=\"og:url\" content=\"https:\/\/www.zytho.ca\/fr\/produit\/vanne-papillon-serie-b5107-avec-poignee-infinie-dixon\/\" \/>\n<meta property=\"og:site_name\" content=\"Zytho\" \/>\n<meta property=\"article:modified_time\" content=\"2025-11-03T14:50:23+00:00\" \/>\n<meta property=\"og:image\" content=\"https:\/\/www.zytho.ca\/wp-content\/uploads\/2025\/10\/B5107-Series-Butterfly-Valve-with-Infinite-Handle-Dixon.jpg\" \/>\n\t<meta property=\"og:image:width\" content=\"792\" \/>\n\t<meta property=\"og:image:height\" content=\"792\" \/>\n\t<meta property=\"og:image:type\" content=\"image\/jpeg\" \/>\n<meta name=\"twitter:card\" content=\"summary_large_image\" \/>\n<meta name=\"twitter:label1\" content=\"Dur\u00e9e de lecture estim\u00e9e\" \/>\n\t<meta name=\"twitter:data1\" content=\"1 minute\" \/>\n<script type=\"application\/ld+json\" class=\"yoast-schema-graph\">{\"@context\":\"https:\\\/\\\/schema.org\",\"@graph\":[{\"@type\":\"WebPage\",\"@id\":\"https:\\\/\\\/www.zytho.ca\\\/fr\\\/produit\\\/vanne-papillon-serie-b5107-avec-poignee-infinie-dixon\\\/\",\"url\":\"https:\\\/\\\/www.zytho.ca\\\/fr\\\/produit\\\/vanne-papillon-serie-b5107-avec-poignee-infinie-dixon\\\/\",\"name\":\"Vanne papillon s\u00e9rie B5107 avec poign\u00e9e infinie - Dixon - Pour brasseries professionnelles | Zytho\",\"isPartOf\":{\"@id\":\"https:\\\/\\\/www.zytho.ca\\\/fr\\\/#website\"},\"primaryImageOfPage\":{\"@id\":\"https:\\\/\\\/www.zytho.ca\\\/fr\\\/produit\\\/vanne-papillon-serie-b5107-avec-poignee-infinie-dixon\\\/#primaryimage\"},\"image\":{\"@id\":\"https:\\\/\\\/www.zytho.ca\\\/fr\\\/produit\\\/vanne-papillon-serie-b5107-avec-poignee-infinie-dixon\\\/#primaryimage\"},\"thumbnailUrl\":\"https:\\\/\\\/www.zytho.ca\\\/wp-content\\\/uploads\\\/2025\\\/10\\\/B5107-Series-Butterfly-Valve-with-Infinite-Handle-Dixon.jpg\",\"datePublished\":\"2025-10-27T15:48:09+00:00\",\"dateModified\":\"2025-11-03T14:50:23+00:00\",\"description\":\"D\u00e9couvrez la vanne papillon s\u00e9rie B5107 avec poign\u00e9e infinie de Dixon, con\u00e7ue pour les brasseries. Profitez d'un d\u00e9bit bidirectionnel, d'une faible r\u00e9sistance et d'un contr\u00f4le sup\u00e9rieur. Parfait pour les applications sanitaires.\",\"breadcrumb\":{\"@id\":\"https:\\\/\\\/www.zytho.ca\\\/fr\\\/produit\\\/vanne-papillon-serie-b5107-avec-poignee-infinie-dixon\\\/#breadcrumb\"},\"inLanguage\":\"fr-FR\",\"potentialAction\":[{\"@type\":\"ReadAction\",\"target\":[\"https:\\\/\\\/www.zytho.ca\\\/fr\\\/produit\\\/vanne-papillon-serie-b5107-avec-poignee-infinie-dixon\\\/\"]}]},{\"@type\":\"ImageObject\",\"inLanguage\":\"fr-FR\",\"@id\":\"https:\\\/\\\/www.zytho.ca\\\/fr\\\/produit\\\/vanne-papillon-serie-b5107-avec-poignee-infinie-dixon\\\/#primaryimage\",\"url\":\"https:\\\/\\\/www.zytho.ca\\\/wp-content\\\/uploads\\\/2025\\\/10\\\/B5107-Series-Butterfly-Valve-with-Infinite-Handle-Dixon.jpg\",\"contentUrl\":\"https:\\\/\\\/www.zytho.ca\\\/wp-content\\\/uploads\\\/2025\\\/10\\\/B5107-Series-Butterfly-Valve-with-Infinite-Handle-Dixon.jpg\",\"width\":792,\"height\":792},{\"@type\":\"BreadcrumbList\",\"@id\":\"https:\\\/\\\/www.zytho.ca\\\/fr\\\/produit\\\/vanne-papillon-serie-b5107-avec-poignee-infinie-dixon\\\/#breadcrumb\",\"itemListElement\":[{\"@type\":\"ListItem\",\"position\":1,\"name\":\"Accueil\",\"item\":\"https:\\\/\\\/www.zytho.ca\\\/fr\\\/\"},{\"@type\":\"ListItem\",\"position\":2,\"name\":\"Shop\",\"item\":\"https:\\\/\\\/www.zytho.ca\\\/fr\\\/shop\\\/\"},{\"@type\":\"ListItem\",\"position\":3,\"name\":\"Vanne papillon s\u00e9rie B5107 avec poign\u00e9e infinie &#8211; Dixon\"}]},{\"@type\":\"WebSite\",\"@id\":\"https:\\\/\\\/www.zytho.ca\\\/fr\\\/#website\",\"url\":\"https:\\\/\\\/www.zytho.ca\\\/fr\\\/\",\"name\":\"Zytho\",\"description\":\"\",\"publisher\":{\"@id\":\"https:\\\/\\\/www.zytho.ca\\\/fr\\\/#organization\"},\"potentialAction\":[{\"@type\":\"SearchAction\",\"target\":{\"@type\":\"EntryPoint\",\"urlTemplate\":\"https:\\\/\\\/www.zytho.ca\\\/fr\\\/?s={search_term_string}\"},\"query-input\":{\"@type\":\"PropertyValueSpecification\",\"valueRequired\":true,\"valueName\":\"search_term_string\"}}],\"inLanguage\":\"fr-FR\"},{\"@type\":\"Organization\",\"@id\":\"https:\\\/\\\/www.zytho.ca\\\/fr\\\/#organization\",\"name\":\"Zytho\",\"url\":\"https:\\\/\\\/www.zytho.ca\\\/fr\\\/\",\"logo\":{\"@type\":\"ImageObject\",\"inLanguage\":\"fr-FR\",\"@id\":\"https:\\\/\\\/www.zytho.ca\\\/fr\\\/#\\\/schema\\\/logo\\\/image\\\/\",\"url\":\"https:\\\/\\\/www.zytho.ca\\\/wp-content\\\/uploads\\\/2024\\\/05\\\/Zytho_reversed_horizontal.svg\",\"contentUrl\":\"https:\\\/\\\/www.zytho.ca\\\/wp-content\\\/uploads\\\/2024\\\/05\\\/Zytho_reversed_horizontal.svg\",\"width\":1582,\"height\":490,\"caption\":\"Zytho\"},\"image\":{\"@id\":\"https:\\\/\\\/www.zytho.ca\\\/fr\\\/#\\\/schema\\\/logo\\\/image\\\/\"}}]}<\/script>\n<!-- \/ Yoast SEO plugin. -->","yoast_head_json":{"title":"Vanne papillon s\u00e9rie B5107 avec poign\u00e9e infinie - Dixon - Pour brasseries professionnelles | Zytho","description":"D\u00e9couvrez la vanne papillon s\u00e9rie B5107 avec poign\u00e9e infinie de Dixon, con\u00e7ue pour les brasseries. Profitez d'un d\u00e9bit bidirectionnel, d'une faible r\u00e9sistance et d'un contr\u00f4le sup\u00e9rieur. Parfait pour les applications sanitaires.","robots":{"index":"index","follow":"follow","max-snippet":"max-snippet:-1","max-image-preview":"max-image-preview:large","max-video-preview":"max-video-preview:-1"},"canonical":"https:\/\/www.zytho.ca\/fr\/produit\/vanne-papillon-serie-b5107-avec-poignee-infinie-dixon\/","og_locale":"fr_FR","og_type":"article","og_title":"Vanne papillon s\u00e9rie B5107 avec poign\u00e9e infinie - Dixon - Pour brasseries professionnelles | Zytho","og_description":"D\u00e9couvrez la vanne papillon s\u00e9rie B5107 avec poign\u00e9e infinie de Dixon, con\u00e7ue pour les brasseries. Profitez d'un d\u00e9bit bidirectionnel, d'une faible r\u00e9sistance et d'un contr\u00f4le sup\u00e9rieur. Parfait pour les applications sanitaires.","og_url":"https:\/\/www.zytho.ca\/fr\/produit\/vanne-papillon-serie-b5107-avec-poignee-infinie-dixon\/","og_site_name":"Zytho","article_modified_time":"2025-11-03T14:50:23+00:00","og_image":[{"width":792,"height":792,"url":"https:\/\/www.zytho.ca\/wp-content\/uploads\/2025\/10\/B5107-Series-Butterfly-Valve-with-Infinite-Handle-Dixon.jpg","type":"image\/jpeg"}],"twitter_card":"summary_large_image","twitter_misc":{"Dur\u00e9e de lecture estim\u00e9e":"1 minute"},"schema":{"@context":"https:\/\/schema.org","@graph":[{"@type":"WebPage","@id":"https:\/\/www.zytho.ca\/fr\/produit\/vanne-papillon-serie-b5107-avec-poignee-infinie-dixon\/","url":"https:\/\/www.zytho.ca\/fr\/produit\/vanne-papillon-serie-b5107-avec-poignee-infinie-dixon\/","name":"Vanne papillon s\u00e9rie B5107 avec poign\u00e9e infinie - Dixon - Pour brasseries professionnelles | Zytho","isPartOf":{"@id":"https:\/\/www.zytho.ca\/fr\/#website"},"primaryImageOfPage":{"@id":"https:\/\/www.zytho.ca\/fr\/produit\/vanne-papillon-serie-b5107-avec-poignee-infinie-dixon\/#primaryimage"},"image":{"@id":"https:\/\/www.zytho.ca\/fr\/produit\/vanne-papillon-serie-b5107-avec-poignee-infinie-dixon\/#primaryimage"},"thumbnailUrl":"https:\/\/www.zytho.ca\/wp-content\/uploads\/2025\/10\/B5107-Series-Butterfly-Valve-with-Infinite-Handle-Dixon.jpg","datePublished":"2025-10-27T15:48:09+00:00","dateModified":"2025-11-03T14:50:23+00:00","description":"D\u00e9couvrez la vanne papillon s\u00e9rie B5107 avec poign\u00e9e infinie de Dixon, con\u00e7ue pour les brasseries. Profitez d'un d\u00e9bit bidirectionnel, d'une faible r\u00e9sistance et d'un contr\u00f4le sup\u00e9rieur. Parfait pour les applications sanitaires.","breadcrumb":{"@id":"https:\/\/www.zytho.ca\/fr\/produit\/vanne-papillon-serie-b5107-avec-poignee-infinie-dixon\/#breadcrumb"},"inLanguage":"fr-FR","potentialAction":[{"@type":"ReadAction","target":["https:\/\/www.zytho.ca\/fr\/produit\/vanne-papillon-serie-b5107-avec-poignee-infinie-dixon\/"]}]},{"@type":"ImageObject","inLanguage":"fr-FR","@id":"https:\/\/www.zytho.ca\/fr\/produit\/vanne-papillon-serie-b5107-avec-poignee-infinie-dixon\/#primaryimage","url":"https:\/\/www.zytho.ca\/wp-content\/uploads\/2025\/10\/B5107-Series-Butterfly-Valve-with-Infinite-Handle-Dixon.jpg","contentUrl":"https:\/\/www.zytho.ca\/wp-content\/uploads\/2025\/10\/B5107-Series-Butterfly-Valve-with-Infinite-Handle-Dixon.jpg","width":792,"height":792},{"@type":"BreadcrumbList","@id":"https:\/\/www.zytho.ca\/fr\/produit\/vanne-papillon-serie-b5107-avec-poignee-infinie-dixon\/#breadcrumb","itemListElement":[{"@type":"ListItem","position":1,"name":"Accueil","item":"https:\/\/www.zytho.ca\/fr\/"},{"@type":"ListItem","position":2,"name":"Shop","item":"https:\/\/www.zytho.ca\/fr\/shop\/"},{"@type":"ListItem","position":3,"name":"Vanne papillon s\u00e9rie B5107 avec poign\u00e9e infinie &#8211; Dixon"}]},{"@type":"WebSite","@id":"https:\/\/www.zytho.ca\/fr\/#website","url":"https:\/\/www.zytho.ca\/fr\/","name":"Zytho","description":"","publisher":{"@id":"https:\/\/www.zytho.ca\/fr\/#organization"},"potentialAction":[{"@type":"SearchAction","target":{"@type":"EntryPoint","urlTemplate":"https:\/\/www.zytho.ca\/fr\/?s={search_term_string}"},"query-input":{"@type":"PropertyValueSpecification","valueRequired":true,"valueName":"search_term_string"}}],"inLanguage":"fr-FR"},{"@type":"Organization","@id":"https:\/\/www.zytho.ca\/fr\/#organization","name":"Zytho","url":"https:\/\/www.zytho.ca\/fr\/","logo":{"@type":"ImageObject","inLanguage":"fr-FR","@id":"https:\/\/www.zytho.ca\/fr\/#\/schema\/logo\/image\/","url":"https:\/\/www.zytho.ca\/wp-content\/uploads\/2024\/05\/Zytho_reversed_horizontal.svg","contentUrl":"https:\/\/www.zytho.ca\/wp-content\/uploads\/2024\/05\/Zytho_reversed_horizontal.svg","width":1582,"height":490,"caption":"Zytho"},"image":{"@id":"https:\/\/www.zytho.ca\/fr\/#\/schema\/logo\/image\/"}}]}},"_links":{"self":[{"href":"https:\/\/www.zytho.ca\/fr\/wp-json\/wp\/v2\/product\/12055","targetHints":{"allow":["GET"]}}],"collection":[{"href":"https:\/\/www.zytho.ca\/fr\/wp-json\/wp\/v2\/product"}],"about":[{"href":"https:\/\/www.zytho.ca\/fr\/wp-json\/wp\/v2\/types\/product"}],"wp:featuredmedia":[{"embeddable":true,"href":"https:\/\/www.zytho.ca\/fr\/wp-json\/wp\/v2\/media\/12056"}],"wp:attachment":[{"href":"https:\/\/www.zytho.ca\/fr\/wp-json\/wp\/v2\/media?parent=12055"}],"wp:term":[{"taxonomy":"product_brand","embeddable":true,"href":"https:\/\/www.zytho.ca\/fr\/wp-json\/wp\/v2\/product_brand?post=12055"},{"taxonomy":"product_cat","embeddable":true,"href":"https:\/\/www.zytho.ca\/fr\/wp-json\/wp\/v2\/product_cat?post=12055"},{"taxonomy":"product_tag","embeddable":true,"href":"https:\/\/www.zytho.ca\/fr\/wp-json\/wp\/v2\/product_tag?post=12055"}],"curies":[{"name":"wp","href":"https:\/\/api.w.org\/{rel}","templated":true}]}}