{"id":11996,"date":"2025-10-27T15:48:25","date_gmt":"2025-10-27T15:48:25","guid":{"rendered":"https:\/\/zytho.ca\/product\/reducteurs-concentriques-a-souder-non-polis-b31w-dixon\/"},"modified":"2025-10-27T15:48:25","modified_gmt":"2025-10-27T15:48:25","slug":"reducteurs-concentriques-a-souder-non-polis-b31w-dixon","status":"publish","type":"product","link":"https:\/\/www.zytho.ca\/fr\/produit\/reducteurs-concentriques-a-souder-non-polis-b31w-dixon\/","title":{"rendered":"R\u00e9ducteurs concentriques \u00e0 souder non polis B31W &#8211; Dixon"},"content":{"rendered":"<h6><strong>Page de catalogue :<\/strong><\/h6>\n<ul>\n<li><a href=\"https:\/\/www.dixonvalve.com\/sites\/default\/files\/product\/pages\/us\/DPL418%20-%20613.pdf\">DPL418 &#8211; 613<\/a><\/li>\n<\/ul>\n<h6><strong>Avantages :<\/strong><\/h6>\n<ul>\n<li>Con\u00e7u pour des performances optimales dans des environnements exigeants.<\/li>\n<li>Garantit un fonctionnement fiable gr\u00e2ce \u00e0 une technologie d&#8217;\u00e9tanch\u00e9it\u00e9 avanc\u00e9e.<\/li>\n<li>Con\u00e7u pour r\u00e9pondre aux normes strictes de l&#8217;industrie en mati\u00e8re de s\u00e9curit\u00e9 et d&#8217;efficacit\u00e9.<\/li>\n<\/ul>\n<h6><strong>D\u00e9tails du produit :<\/strong><\/h6>\n<ul>\n<li>Composition du mat\u00e9riau : Acier inoxydable de haute qualit\u00e9 pour une meilleure durabilit\u00e9.<\/li>\n<li>Plage de temp\u00e9rature de fonctionnement : -40\u00b0F \u00e0 250\u00b0F (-40\u00b0C \u00e0 121\u00b0C).<\/li>\n<li>Pression nominale : Jusqu&#8217;\u00e0 300 PSI pour les applications robustes.<\/li>\n<li>Type de connexion : Extr\u00e9mit\u00e9s filet\u00e9es pour une installation s\u00fbre et facile.<\/li>\n<li>Gamme de tailles : Disponible en plusieurs dimensions pour s&#8217;adapter aux diff\u00e9rentes exigences des syst\u00e8mes.<\/li>\n<\/ul>\n","protected":false},"excerpt":{"rendered":"<h4>Principaux avantages des r\u00e9ducteurs \u00e0 soudure concentrique non polis B31W &#8211; Dixon pour les brasseurs professionnels :<\/h4>\n<ul>\n<li>Con\u00e7ue pour des performances optimales, elle garantit un fonctionnement fiable dans des environnements de brassage exigeants.<\/li>\n<li>Dot\u00e9 d&#8217;une technologie d&#8217;\u00e9tanch\u00e9it\u00e9 de pointe pour des connexions fiables et sans fuites.<\/li>\n<li>Fabriqu\u00e9 en acier inoxydable de haute qualit\u00e9, il offre une durabilit\u00e9 exceptionnelle et respecte les normes de s\u00e9curit\u00e9 de l&#8217;industrie.<\/li>\n<\/ul>\n","protected":false},"featured_media":11998,"template":"","meta":{"_acf_changed":false,"inline_featured_image":false},"product_brand":[740],"product_cat":[736,741,765],"product_tag":[],"class_list":{"0":"post-11996","1":"product","2":"type-product","3":"status-publish","4":"has-post-thumbnail","6":"product_brand-dixon","7":"product_cat-distribution","8":"product_cat-materiel","9":"product_cat-raccords-sanitaires","11":"first","12":"instock","13":"taxable","14":"shipping-taxable","15":"purchasable","16":"product-type-variable"},"acf":[],"yoast_head":"<!-- This site is optimized with the Yoast SEO plugin v27.6 - https:\/\/yoast.com\/product\/yoast-seo-wordpress\/ -->\n<title>B31W R\u00e9ducteurs concentriques \u00e0 souder non polis - Dixon - Pour brasseries professionnelles | Zytho<\/title>\n<meta name=\"description\" content=\"D\u00e9couvrez les r\u00e9ducteurs concentriques \u00e0 souder non polis B31W de Dixon, con\u00e7us pour les brasseries. Con\u00e7us pour la durabilit\u00e9 et la s\u00e9curit\u00e9, ils assurent une performance fiable dans des environnements exigeants.\" \/>\n<meta name=\"robots\" content=\"index, follow, max-snippet:-1, max-image-preview:large, max-video-preview:-1\" \/>\n<link rel=\"canonical\" href=\"https:\/\/www.zytho.ca\/fr\/produit\/reducteurs-concentriques-a-souder-non-polis-b31w-dixon\/\" \/>\n<meta property=\"og:locale\" content=\"fr_FR\" \/>\n<meta property=\"og:type\" content=\"article\" \/>\n<meta property=\"og:title\" content=\"B31W R\u00e9ducteurs concentriques \u00e0 souder non polis - Dixon - Pour brasseries professionnelles | Zytho\" \/>\n<meta property=\"og:description\" content=\"D\u00e9couvrez les r\u00e9ducteurs concentriques \u00e0 souder non polis B31W de Dixon, con\u00e7us pour les brasseries. Con\u00e7us pour la durabilit\u00e9 et la s\u00e9curit\u00e9, ils assurent une performance fiable dans des environnements exigeants.\" \/>\n<meta property=\"og:url\" content=\"https:\/\/www.zytho.ca\/fr\/produit\/reducteurs-concentriques-a-souder-non-polis-b31w-dixon\/\" \/>\n<meta property=\"og:site_name\" content=\"Zytho\" \/>\n<meta property=\"og:image\" content=\"https:\/\/www.zytho.ca\/wp-content\/uploads\/2025\/10\/B31W-Unpolished-Concentric-Weld-Reducers-Dixon.jpg\" \/>\n\t<meta property=\"og:image:width\" content=\"464\" \/>\n\t<meta property=\"og:image:height\" content=\"464\" \/>\n\t<meta property=\"og:image:type\" content=\"image\/jpeg\" \/>\n<meta name=\"twitter:card\" content=\"summary_large_image\" \/>\n<meta name=\"twitter:label1\" content=\"Dur\u00e9e de lecture estim\u00e9e\" \/>\n\t<meta name=\"twitter:data1\" content=\"1 minute\" \/>\n<script type=\"application\/ld+json\" class=\"yoast-schema-graph\">{\"@context\":\"https:\\\/\\\/schema.org\",\"@graph\":[{\"@type\":\"WebPage\",\"@id\":\"https:\\\/\\\/www.zytho.ca\\\/fr\\\/produit\\\/reducteurs-concentriques-a-souder-non-polis-b31w-dixon\\\/\",\"url\":\"https:\\\/\\\/www.zytho.ca\\\/fr\\\/produit\\\/reducteurs-concentriques-a-souder-non-polis-b31w-dixon\\\/\",\"name\":\"B31W R\u00e9ducteurs concentriques \u00e0 souder non polis - Dixon - Pour brasseries professionnelles | Zytho\",\"isPartOf\":{\"@id\":\"https:\\\/\\\/www.zytho.ca\\\/fr\\\/#website\"},\"primaryImageOfPage\":{\"@id\":\"https:\\\/\\\/www.zytho.ca\\\/fr\\\/produit\\\/reducteurs-concentriques-a-souder-non-polis-b31w-dixon\\\/#primaryimage\"},\"image\":{\"@id\":\"https:\\\/\\\/www.zytho.ca\\\/fr\\\/produit\\\/reducteurs-concentriques-a-souder-non-polis-b31w-dixon\\\/#primaryimage\"},\"thumbnailUrl\":\"https:\\\/\\\/www.zytho.ca\\\/wp-content\\\/uploads\\\/2025\\\/10\\\/B31W-Unpolished-Concentric-Weld-Reducers-Dixon.jpg\",\"datePublished\":\"2025-10-27T15:48:25+00:00\",\"description\":\"D\u00e9couvrez les r\u00e9ducteurs concentriques \u00e0 souder non polis B31W de Dixon, con\u00e7us pour les brasseries. Con\u00e7us pour la durabilit\u00e9 et la s\u00e9curit\u00e9, ils assurent une performance fiable dans des environnements exigeants.\",\"breadcrumb\":{\"@id\":\"https:\\\/\\\/www.zytho.ca\\\/fr\\\/produit\\\/reducteurs-concentriques-a-souder-non-polis-b31w-dixon\\\/#breadcrumb\"},\"inLanguage\":\"fr-FR\",\"potentialAction\":[{\"@type\":\"ReadAction\",\"target\":[\"https:\\\/\\\/www.zytho.ca\\\/fr\\\/produit\\\/reducteurs-concentriques-a-souder-non-polis-b31w-dixon\\\/\"]}]},{\"@type\":\"ImageObject\",\"inLanguage\":\"fr-FR\",\"@id\":\"https:\\\/\\\/www.zytho.ca\\\/fr\\\/produit\\\/reducteurs-concentriques-a-souder-non-polis-b31w-dixon\\\/#primaryimage\",\"url\":\"https:\\\/\\\/www.zytho.ca\\\/wp-content\\\/uploads\\\/2025\\\/10\\\/B31W-Unpolished-Concentric-Weld-Reducers-Dixon.jpg\",\"contentUrl\":\"https:\\\/\\\/www.zytho.ca\\\/wp-content\\\/uploads\\\/2025\\\/10\\\/B31W-Unpolished-Concentric-Weld-Reducers-Dixon.jpg\",\"width\":464,\"height\":464},{\"@type\":\"BreadcrumbList\",\"@id\":\"https:\\\/\\\/www.zytho.ca\\\/fr\\\/produit\\\/reducteurs-concentriques-a-souder-non-polis-b31w-dixon\\\/#breadcrumb\",\"itemListElement\":[{\"@type\":\"ListItem\",\"position\":1,\"name\":\"Accueil\",\"item\":\"https:\\\/\\\/www.zytho.ca\\\/fr\\\/\"},{\"@type\":\"ListItem\",\"position\":2,\"name\":\"Shop\",\"item\":\"https:\\\/\\\/www.zytho.ca\\\/fr\\\/shop\\\/\"},{\"@type\":\"ListItem\",\"position\":3,\"name\":\"R\u00e9ducteurs concentriques \u00e0 souder non polis B31W &#8211; Dixon\"}]},{\"@type\":\"WebSite\",\"@id\":\"https:\\\/\\\/www.zytho.ca\\\/fr\\\/#website\",\"url\":\"https:\\\/\\\/www.zytho.ca\\\/fr\\\/\",\"name\":\"Zytho\",\"description\":\"\",\"publisher\":{\"@id\":\"https:\\\/\\\/www.zytho.ca\\\/fr\\\/#organization\"},\"potentialAction\":[{\"@type\":\"SearchAction\",\"target\":{\"@type\":\"EntryPoint\",\"urlTemplate\":\"https:\\\/\\\/www.zytho.ca\\\/fr\\\/?s={search_term_string}\"},\"query-input\":{\"@type\":\"PropertyValueSpecification\",\"valueRequired\":true,\"valueName\":\"search_term_string\"}}],\"inLanguage\":\"fr-FR\"},{\"@type\":\"Organization\",\"@id\":\"https:\\\/\\\/www.zytho.ca\\\/fr\\\/#organization\",\"name\":\"Zytho\",\"url\":\"https:\\\/\\\/www.zytho.ca\\\/fr\\\/\",\"logo\":{\"@type\":\"ImageObject\",\"inLanguage\":\"fr-FR\",\"@id\":\"https:\\\/\\\/www.zytho.ca\\\/fr\\\/#\\\/schema\\\/logo\\\/image\\\/\",\"url\":\"https:\\\/\\\/www.zytho.ca\\\/wp-content\\\/uploads\\\/2024\\\/05\\\/Zytho_reversed_horizontal.svg\",\"contentUrl\":\"https:\\\/\\\/www.zytho.ca\\\/wp-content\\\/uploads\\\/2024\\\/05\\\/Zytho_reversed_horizontal.svg\",\"width\":1582,\"height\":490,\"caption\":\"Zytho\"},\"image\":{\"@id\":\"https:\\\/\\\/www.zytho.ca\\\/fr\\\/#\\\/schema\\\/logo\\\/image\\\/\"}}]}<\/script>\n<!-- \/ Yoast SEO plugin. -->","yoast_head_json":{"title":"B31W R\u00e9ducteurs concentriques \u00e0 souder non polis - Dixon - Pour brasseries professionnelles | Zytho","description":"D\u00e9couvrez les r\u00e9ducteurs concentriques \u00e0 souder non polis B31W de Dixon, con\u00e7us pour les brasseries. Con\u00e7us pour la durabilit\u00e9 et la s\u00e9curit\u00e9, ils assurent une performance fiable dans des environnements exigeants.","robots":{"index":"index","follow":"follow","max-snippet":"max-snippet:-1","max-image-preview":"max-image-preview:large","max-video-preview":"max-video-preview:-1"},"canonical":"https:\/\/www.zytho.ca\/fr\/produit\/reducteurs-concentriques-a-souder-non-polis-b31w-dixon\/","og_locale":"fr_FR","og_type":"article","og_title":"B31W R\u00e9ducteurs concentriques \u00e0 souder non polis - Dixon - Pour brasseries professionnelles | Zytho","og_description":"D\u00e9couvrez les r\u00e9ducteurs concentriques \u00e0 souder non polis B31W de Dixon, con\u00e7us pour les brasseries. Con\u00e7us pour la durabilit\u00e9 et la s\u00e9curit\u00e9, ils assurent une performance fiable dans des environnements exigeants.","og_url":"https:\/\/www.zytho.ca\/fr\/produit\/reducteurs-concentriques-a-souder-non-polis-b31w-dixon\/","og_site_name":"Zytho","og_image":[{"width":464,"height":464,"url":"https:\/\/www.zytho.ca\/wp-content\/uploads\/2025\/10\/B31W-Unpolished-Concentric-Weld-Reducers-Dixon.jpg","type":"image\/jpeg"}],"twitter_card":"summary_large_image","twitter_misc":{"Dur\u00e9e de lecture estim\u00e9e":"1 minute"},"schema":{"@context":"https:\/\/schema.org","@graph":[{"@type":"WebPage","@id":"https:\/\/www.zytho.ca\/fr\/produit\/reducteurs-concentriques-a-souder-non-polis-b31w-dixon\/","url":"https:\/\/www.zytho.ca\/fr\/produit\/reducteurs-concentriques-a-souder-non-polis-b31w-dixon\/","name":"B31W R\u00e9ducteurs concentriques \u00e0 souder non polis - Dixon - Pour brasseries professionnelles | Zytho","isPartOf":{"@id":"https:\/\/www.zytho.ca\/fr\/#website"},"primaryImageOfPage":{"@id":"https:\/\/www.zytho.ca\/fr\/produit\/reducteurs-concentriques-a-souder-non-polis-b31w-dixon\/#primaryimage"},"image":{"@id":"https:\/\/www.zytho.ca\/fr\/produit\/reducteurs-concentriques-a-souder-non-polis-b31w-dixon\/#primaryimage"},"thumbnailUrl":"https:\/\/www.zytho.ca\/wp-content\/uploads\/2025\/10\/B31W-Unpolished-Concentric-Weld-Reducers-Dixon.jpg","datePublished":"2025-10-27T15:48:25+00:00","description":"D\u00e9couvrez les r\u00e9ducteurs concentriques \u00e0 souder non polis B31W de Dixon, con\u00e7us pour les brasseries. Con\u00e7us pour la durabilit\u00e9 et la s\u00e9curit\u00e9, ils assurent une performance fiable dans des environnements exigeants.","breadcrumb":{"@id":"https:\/\/www.zytho.ca\/fr\/produit\/reducteurs-concentriques-a-souder-non-polis-b31w-dixon\/#breadcrumb"},"inLanguage":"fr-FR","potentialAction":[{"@type":"ReadAction","target":["https:\/\/www.zytho.ca\/fr\/produit\/reducteurs-concentriques-a-souder-non-polis-b31w-dixon\/"]}]},{"@type":"ImageObject","inLanguage":"fr-FR","@id":"https:\/\/www.zytho.ca\/fr\/produit\/reducteurs-concentriques-a-souder-non-polis-b31w-dixon\/#primaryimage","url":"https:\/\/www.zytho.ca\/wp-content\/uploads\/2025\/10\/B31W-Unpolished-Concentric-Weld-Reducers-Dixon.jpg","contentUrl":"https:\/\/www.zytho.ca\/wp-content\/uploads\/2025\/10\/B31W-Unpolished-Concentric-Weld-Reducers-Dixon.jpg","width":464,"height":464},{"@type":"BreadcrumbList","@id":"https:\/\/www.zytho.ca\/fr\/produit\/reducteurs-concentriques-a-souder-non-polis-b31w-dixon\/#breadcrumb","itemListElement":[{"@type":"ListItem","position":1,"name":"Accueil","item":"https:\/\/www.zytho.ca\/fr\/"},{"@type":"ListItem","position":2,"name":"Shop","item":"https:\/\/www.zytho.ca\/fr\/shop\/"},{"@type":"ListItem","position":3,"name":"R\u00e9ducteurs concentriques \u00e0 souder non polis B31W &#8211; Dixon"}]},{"@type":"WebSite","@id":"https:\/\/www.zytho.ca\/fr\/#website","url":"https:\/\/www.zytho.ca\/fr\/","name":"Zytho","description":"","publisher":{"@id":"https:\/\/www.zytho.ca\/fr\/#organization"},"potentialAction":[{"@type":"SearchAction","target":{"@type":"EntryPoint","urlTemplate":"https:\/\/www.zytho.ca\/fr\/?s={search_term_string}"},"query-input":{"@type":"PropertyValueSpecification","valueRequired":true,"valueName":"search_term_string"}}],"inLanguage":"fr-FR"},{"@type":"Organization","@id":"https:\/\/www.zytho.ca\/fr\/#organization","name":"Zytho","url":"https:\/\/www.zytho.ca\/fr\/","logo":{"@type":"ImageObject","inLanguage":"fr-FR","@id":"https:\/\/www.zytho.ca\/fr\/#\/schema\/logo\/image\/","url":"https:\/\/www.zytho.ca\/wp-content\/uploads\/2024\/05\/Zytho_reversed_horizontal.svg","contentUrl":"https:\/\/www.zytho.ca\/wp-content\/uploads\/2024\/05\/Zytho_reversed_horizontal.svg","width":1582,"height":490,"caption":"Zytho"},"image":{"@id":"https:\/\/www.zytho.ca\/fr\/#\/schema\/logo\/image\/"}}]}},"_links":{"self":[{"href":"https:\/\/www.zytho.ca\/fr\/wp-json\/wp\/v2\/product\/11996","targetHints":{"allow":["GET"]}}],"collection":[{"href":"https:\/\/www.zytho.ca\/fr\/wp-json\/wp\/v2\/product"}],"about":[{"href":"https:\/\/www.zytho.ca\/fr\/wp-json\/wp\/v2\/types\/product"}],"wp:featuredmedia":[{"embeddable":true,"href":"https:\/\/www.zytho.ca\/fr\/wp-json\/wp\/v2\/media\/11998"}],"wp:attachment":[{"href":"https:\/\/www.zytho.ca\/fr\/wp-json\/wp\/v2\/media?parent=11996"}],"wp:term":[{"taxonomy":"product_brand","embeddable":true,"href":"https:\/\/www.zytho.ca\/fr\/wp-json\/wp\/v2\/product_brand?post=11996"},{"taxonomy":"product_cat","embeddable":true,"href":"https:\/\/www.zytho.ca\/fr\/wp-json\/wp\/v2\/product_cat?post=11996"},{"taxonomy":"product_tag","embeddable":true,"href":"https:\/\/www.zytho.ca\/fr\/wp-json\/wp\/v2\/product_tag?post=11996"}],"curies":[{"name":"wp","href":"https:\/\/api.w.org\/{rel}","templated":true}]}}