{"id":11983,"date":"2025-10-27T15:48:18","date_gmt":"2025-10-27T15:48:18","guid":{"rendered":"https:\/\/zytho.ca\/product\/embout-hexagonal-droit-npt-dixon\/"},"modified":"2025-10-27T15:48:18","modified_gmt":"2025-10-27T15:48:18","slug":"embout-hexagonal-droit-npt-dixon","status":"publish","type":"product","link":"https:\/\/www.zytho.ca\/fr\/produit\/embout-hexagonal-droit-npt-dixon\/","title":{"rendered":"Embout hexagonal droit NPT &#8211; Dixon"},"content":{"rendered":"<h6><strong>Avantages :<\/strong><\/h6>\n<ul>\n<li>Con\u00e7u pour des performances optimales dans des environnements exigeants.<\/li>\n<li>Garantit des connexions fiables et s\u00e9curis\u00e9es.<\/li>\n<li>Con\u00e7u pour r\u00e9pondre aux normes industrielles en mati\u00e8re de s\u00e9curit\u00e9 et de durabilit\u00e9.<\/li>\n<\/ul>\n<h6><strong>D\u00e9tails du produit :<\/strong><\/h6>\n<ul>\n<li>Fabriqu\u00e9 \u00e0 partir de mat\u00e9riaux de haute qualit\u00e9 pour une plus grande long\u00e9vit\u00e9.<\/li>\n<li>Disponible en plusieurs tailles pour r\u00e9pondre \u00e0 diff\u00e9rentes applications.<\/li>\n<li>Con\u00e7u avec pr\u00e9cision pour une int\u00e9gration parfaite dans les syst\u00e8mes existants.<\/li>\n<\/ul>\n<h6><strong>Informations importantes en mati\u00e8re de s\u00e9curit\u00e9 :<\/strong><\/h6>\n<ul>\n<li>Les mamelons de tuyaux ne sont pas destin\u00e9s \u00e0 \u00eatre utilis\u00e9s comme inserts de tuyaux.<\/li>\n<\/ul>\n","protected":false},"excerpt":{"rendered":"<h4>Principaux avantages pour les brasseurs professionnels :<\/h4>\n<ul>\n<li>Con\u00e7ue pour des performances optimales dans des environnements de brassage exigeants.<\/li>\n<li>Garantit des connexions fiables et s\u00fbres, essentielles pour les processus de brassage.<\/li>\n<li>Conforme aux normes industrielles, il garantit la s\u00e9curit\u00e9 et la durabilit\u00e9 des op\u00e9rations de brassage.<\/li>\n<\/ul>\n","protected":false},"featured_media":11986,"template":"","meta":{"_acf_changed":false,"inline_featured_image":false},"product_brand":[740],"product_cat":[736,741,749],"product_tag":[],"class_list":{"0":"post-11983","1":"product","2":"type-product","3":"status-publish","4":"has-post-thumbnail","6":"product_brand-dixon","7":"product_cat-distribution","8":"product_cat-materiel","9":"product_cat-quincaillerie-industrielle","11":"first","12":"instock","13":"taxable","14":"shipping-taxable","15":"purchasable","16":"product-type-variable"},"acf":[],"yoast_head":"<!-- This site is optimized with the Yoast SEO plugin v27.6 - https:\/\/yoast.com\/product\/yoast-seo-wordpress\/ -->\n<title>NPT embout droit hexagonal - Dixon - Pour brasseries professionnelles | Zytho<\/title>\n<meta name=\"description\" content=\"Optimisez les performances de votre brasserie avec l&#039;embout hexagonal droit NPT de Dixon. Con\u00e7u pour la durabilit\u00e9 et la s\u00e9curit\u00e9 des connexions, il est id\u00e9al pour les environnements de brassage exigeants.\" \/>\n<meta name=\"robots\" content=\"index, follow, max-snippet:-1, max-image-preview:large, max-video-preview:-1\" \/>\n<link rel=\"canonical\" href=\"https:\/\/www.zytho.ca\/fr\/produit\/embout-hexagonal-droit-npt-dixon\/\" \/>\n<meta property=\"og:locale\" content=\"fr_FR\" \/>\n<meta property=\"og:type\" content=\"article\" \/>\n<meta property=\"og:title\" content=\"NPT embout droit hexagonal - Dixon - Pour brasseries professionnelles | Zytho\" \/>\n<meta property=\"og:description\" content=\"Optimisez les performances de votre brasserie avec l&#039;embout hexagonal droit NPT de Dixon. Con\u00e7u pour la durabilit\u00e9 et la s\u00e9curit\u00e9 des connexions, il est id\u00e9al pour les environnements de brassage exigeants.\" \/>\n<meta property=\"og:url\" content=\"https:\/\/www.zytho.ca\/fr\/produit\/embout-hexagonal-droit-npt-dixon\/\" \/>\n<meta property=\"og:site_name\" content=\"Zytho\" \/>\n<meta property=\"og:image\" content=\"https:\/\/www.zytho.ca\/wp-content\/uploads\/2025\/10\/NPT-Straight-Hex-Nipple-Dixon.jpg\" \/>\n\t<meta property=\"og:image:width\" content=\"171\" \/>\n\t<meta property=\"og:image:height\" content=\"171\" \/>\n\t<meta property=\"og:image:type\" content=\"image\/jpeg\" \/>\n<meta name=\"twitter:card\" content=\"summary_large_image\" \/>\n<meta name=\"twitter:label1\" content=\"Dur\u00e9e de lecture estim\u00e9e\" \/>\n\t<meta name=\"twitter:data1\" content=\"1 minute\" \/>\n<script type=\"application\/ld+json\" class=\"yoast-schema-graph\">{\"@context\":\"https:\\\/\\\/schema.org\",\"@graph\":[{\"@type\":\"WebPage\",\"@id\":\"https:\\\/\\\/www.zytho.ca\\\/fr\\\/produit\\\/embout-hexagonal-droit-npt-dixon\\\/\",\"url\":\"https:\\\/\\\/www.zytho.ca\\\/fr\\\/produit\\\/embout-hexagonal-droit-npt-dixon\\\/\",\"name\":\"NPT embout droit hexagonal - Dixon - Pour brasseries professionnelles | Zytho\",\"isPartOf\":{\"@id\":\"https:\\\/\\\/www.zytho.ca\\\/fr\\\/#website\"},\"primaryImageOfPage\":{\"@id\":\"https:\\\/\\\/www.zytho.ca\\\/fr\\\/produit\\\/embout-hexagonal-droit-npt-dixon\\\/#primaryimage\"},\"image\":{\"@id\":\"https:\\\/\\\/www.zytho.ca\\\/fr\\\/produit\\\/embout-hexagonal-droit-npt-dixon\\\/#primaryimage\"},\"thumbnailUrl\":\"https:\\\/\\\/www.zytho.ca\\\/wp-content\\\/uploads\\\/2025\\\/10\\\/NPT-Straight-Hex-Nipple-Dixon.jpg\",\"datePublished\":\"2025-10-27T15:48:18+00:00\",\"description\":\"Optimisez les performances de votre brasserie avec l'embout hexagonal droit NPT de Dixon. Con\u00e7u pour la durabilit\u00e9 et la s\u00e9curit\u00e9 des connexions, il est id\u00e9al pour les environnements de brassage exigeants.\",\"breadcrumb\":{\"@id\":\"https:\\\/\\\/www.zytho.ca\\\/fr\\\/produit\\\/embout-hexagonal-droit-npt-dixon\\\/#breadcrumb\"},\"inLanguage\":\"fr-FR\",\"potentialAction\":[{\"@type\":\"ReadAction\",\"target\":[\"https:\\\/\\\/www.zytho.ca\\\/fr\\\/produit\\\/embout-hexagonal-droit-npt-dixon\\\/\"]}]},{\"@type\":\"ImageObject\",\"inLanguage\":\"fr-FR\",\"@id\":\"https:\\\/\\\/www.zytho.ca\\\/fr\\\/produit\\\/embout-hexagonal-droit-npt-dixon\\\/#primaryimage\",\"url\":\"https:\\\/\\\/www.zytho.ca\\\/wp-content\\\/uploads\\\/2025\\\/10\\\/NPT-Straight-Hex-Nipple-Dixon.jpg\",\"contentUrl\":\"https:\\\/\\\/www.zytho.ca\\\/wp-content\\\/uploads\\\/2025\\\/10\\\/NPT-Straight-Hex-Nipple-Dixon.jpg\",\"width\":171,\"height\":171},{\"@type\":\"BreadcrumbList\",\"@id\":\"https:\\\/\\\/www.zytho.ca\\\/fr\\\/produit\\\/embout-hexagonal-droit-npt-dixon\\\/#breadcrumb\",\"itemListElement\":[{\"@type\":\"ListItem\",\"position\":1,\"name\":\"Accueil\",\"item\":\"https:\\\/\\\/www.zytho.ca\\\/fr\\\/\"},{\"@type\":\"ListItem\",\"position\":2,\"name\":\"Shop\",\"item\":\"https:\\\/\\\/www.zytho.ca\\\/fr\\\/shop\\\/\"},{\"@type\":\"ListItem\",\"position\":3,\"name\":\"Embout hexagonal droit NPT &#8211; Dixon\"}]},{\"@type\":\"WebSite\",\"@id\":\"https:\\\/\\\/www.zytho.ca\\\/fr\\\/#website\",\"url\":\"https:\\\/\\\/www.zytho.ca\\\/fr\\\/\",\"name\":\"Zytho\",\"description\":\"\",\"publisher\":{\"@id\":\"https:\\\/\\\/www.zytho.ca\\\/fr\\\/#organization\"},\"potentialAction\":[{\"@type\":\"SearchAction\",\"target\":{\"@type\":\"EntryPoint\",\"urlTemplate\":\"https:\\\/\\\/www.zytho.ca\\\/fr\\\/?s={search_term_string}\"},\"query-input\":{\"@type\":\"PropertyValueSpecification\",\"valueRequired\":true,\"valueName\":\"search_term_string\"}}],\"inLanguage\":\"fr-FR\"},{\"@type\":\"Organization\",\"@id\":\"https:\\\/\\\/www.zytho.ca\\\/fr\\\/#organization\",\"name\":\"Zytho\",\"url\":\"https:\\\/\\\/www.zytho.ca\\\/fr\\\/\",\"logo\":{\"@type\":\"ImageObject\",\"inLanguage\":\"fr-FR\",\"@id\":\"https:\\\/\\\/www.zytho.ca\\\/fr\\\/#\\\/schema\\\/logo\\\/image\\\/\",\"url\":\"https:\\\/\\\/www.zytho.ca\\\/wp-content\\\/uploads\\\/2024\\\/05\\\/Zytho_reversed_horizontal.svg\",\"contentUrl\":\"https:\\\/\\\/www.zytho.ca\\\/wp-content\\\/uploads\\\/2024\\\/05\\\/Zytho_reversed_horizontal.svg\",\"width\":1582,\"height\":490,\"caption\":\"Zytho\"},\"image\":{\"@id\":\"https:\\\/\\\/www.zytho.ca\\\/fr\\\/#\\\/schema\\\/logo\\\/image\\\/\"}}]}<\/script>\n<!-- \/ Yoast SEO plugin. -->","yoast_head_json":{"title":"NPT embout droit hexagonal - Dixon - Pour brasseries professionnelles | Zytho","description":"Optimisez les performances de votre brasserie avec l'embout hexagonal droit NPT de Dixon. Con\u00e7u pour la durabilit\u00e9 et la s\u00e9curit\u00e9 des connexions, il est id\u00e9al pour les environnements de brassage exigeants.","robots":{"index":"index","follow":"follow","max-snippet":"max-snippet:-1","max-image-preview":"max-image-preview:large","max-video-preview":"max-video-preview:-1"},"canonical":"https:\/\/www.zytho.ca\/fr\/produit\/embout-hexagonal-droit-npt-dixon\/","og_locale":"fr_FR","og_type":"article","og_title":"NPT embout droit hexagonal - Dixon - Pour brasseries professionnelles | Zytho","og_description":"Optimisez les performances de votre brasserie avec l'embout hexagonal droit NPT de Dixon. Con\u00e7u pour la durabilit\u00e9 et la s\u00e9curit\u00e9 des connexions, il est id\u00e9al pour les environnements de brassage exigeants.","og_url":"https:\/\/www.zytho.ca\/fr\/produit\/embout-hexagonal-droit-npt-dixon\/","og_site_name":"Zytho","og_image":[{"width":171,"height":171,"url":"https:\/\/www.zytho.ca\/wp-content\/uploads\/2025\/10\/NPT-Straight-Hex-Nipple-Dixon.jpg","type":"image\/jpeg"}],"twitter_card":"summary_large_image","twitter_misc":{"Dur\u00e9e de lecture estim\u00e9e":"1 minute"},"schema":{"@context":"https:\/\/schema.org","@graph":[{"@type":"WebPage","@id":"https:\/\/www.zytho.ca\/fr\/produit\/embout-hexagonal-droit-npt-dixon\/","url":"https:\/\/www.zytho.ca\/fr\/produit\/embout-hexagonal-droit-npt-dixon\/","name":"NPT embout droit hexagonal - Dixon - Pour brasseries professionnelles | Zytho","isPartOf":{"@id":"https:\/\/www.zytho.ca\/fr\/#website"},"primaryImageOfPage":{"@id":"https:\/\/www.zytho.ca\/fr\/produit\/embout-hexagonal-droit-npt-dixon\/#primaryimage"},"image":{"@id":"https:\/\/www.zytho.ca\/fr\/produit\/embout-hexagonal-droit-npt-dixon\/#primaryimage"},"thumbnailUrl":"https:\/\/www.zytho.ca\/wp-content\/uploads\/2025\/10\/NPT-Straight-Hex-Nipple-Dixon.jpg","datePublished":"2025-10-27T15:48:18+00:00","description":"Optimisez les performances de votre brasserie avec l'embout hexagonal droit NPT de Dixon. Con\u00e7u pour la durabilit\u00e9 et la s\u00e9curit\u00e9 des connexions, il est id\u00e9al pour les environnements de brassage exigeants.","breadcrumb":{"@id":"https:\/\/www.zytho.ca\/fr\/produit\/embout-hexagonal-droit-npt-dixon\/#breadcrumb"},"inLanguage":"fr-FR","potentialAction":[{"@type":"ReadAction","target":["https:\/\/www.zytho.ca\/fr\/produit\/embout-hexagonal-droit-npt-dixon\/"]}]},{"@type":"ImageObject","inLanguage":"fr-FR","@id":"https:\/\/www.zytho.ca\/fr\/produit\/embout-hexagonal-droit-npt-dixon\/#primaryimage","url":"https:\/\/www.zytho.ca\/wp-content\/uploads\/2025\/10\/NPT-Straight-Hex-Nipple-Dixon.jpg","contentUrl":"https:\/\/www.zytho.ca\/wp-content\/uploads\/2025\/10\/NPT-Straight-Hex-Nipple-Dixon.jpg","width":171,"height":171},{"@type":"BreadcrumbList","@id":"https:\/\/www.zytho.ca\/fr\/produit\/embout-hexagonal-droit-npt-dixon\/#breadcrumb","itemListElement":[{"@type":"ListItem","position":1,"name":"Accueil","item":"https:\/\/www.zytho.ca\/fr\/"},{"@type":"ListItem","position":2,"name":"Shop","item":"https:\/\/www.zytho.ca\/fr\/shop\/"},{"@type":"ListItem","position":3,"name":"Embout hexagonal droit NPT &#8211; Dixon"}]},{"@type":"WebSite","@id":"https:\/\/www.zytho.ca\/fr\/#website","url":"https:\/\/www.zytho.ca\/fr\/","name":"Zytho","description":"","publisher":{"@id":"https:\/\/www.zytho.ca\/fr\/#organization"},"potentialAction":[{"@type":"SearchAction","target":{"@type":"EntryPoint","urlTemplate":"https:\/\/www.zytho.ca\/fr\/?s={search_term_string}"},"query-input":{"@type":"PropertyValueSpecification","valueRequired":true,"valueName":"search_term_string"}}],"inLanguage":"fr-FR"},{"@type":"Organization","@id":"https:\/\/www.zytho.ca\/fr\/#organization","name":"Zytho","url":"https:\/\/www.zytho.ca\/fr\/","logo":{"@type":"ImageObject","inLanguage":"fr-FR","@id":"https:\/\/www.zytho.ca\/fr\/#\/schema\/logo\/image\/","url":"https:\/\/www.zytho.ca\/wp-content\/uploads\/2024\/05\/Zytho_reversed_horizontal.svg","contentUrl":"https:\/\/www.zytho.ca\/wp-content\/uploads\/2024\/05\/Zytho_reversed_horizontal.svg","width":1582,"height":490,"caption":"Zytho"},"image":{"@id":"https:\/\/www.zytho.ca\/fr\/#\/schema\/logo\/image\/"}}]}},"_links":{"self":[{"href":"https:\/\/www.zytho.ca\/fr\/wp-json\/wp\/v2\/product\/11983","targetHints":{"allow":["GET"]}}],"collection":[{"href":"https:\/\/www.zytho.ca\/fr\/wp-json\/wp\/v2\/product"}],"about":[{"href":"https:\/\/www.zytho.ca\/fr\/wp-json\/wp\/v2\/types\/product"}],"wp:featuredmedia":[{"embeddable":true,"href":"https:\/\/www.zytho.ca\/fr\/wp-json\/wp\/v2\/media\/11986"}],"wp:attachment":[{"href":"https:\/\/www.zytho.ca\/fr\/wp-json\/wp\/v2\/media?parent=11983"}],"wp:term":[{"taxonomy":"product_brand","embeddable":true,"href":"https:\/\/www.zytho.ca\/fr\/wp-json\/wp\/v2\/product_brand?post=11983"},{"taxonomy":"product_cat","embeddable":true,"href":"https:\/\/www.zytho.ca\/fr\/wp-json\/wp\/v2\/product_cat?post=11983"},{"taxonomy":"product_tag","embeddable":true,"href":"https:\/\/www.zytho.ca\/fr\/wp-json\/wp\/v2\/product_tag?post=11983"}],"curies":[{"name":"wp","href":"https:\/\/api.w.org\/{rel}","templated":true}]}}