{"id":11937,"date":"2025-10-27T15:48:31","date_gmt":"2025-10-27T15:48:31","guid":{"rendered":"https:\/\/zytho.ca\/product\/reducteurs-a-souder-excentriques-polis-b32w-dixon\/"},"modified":"2025-11-07T12:57:48","modified_gmt":"2025-11-07T12:57:48","slug":"reducteurs-a-souder-excentriques-polis-b32w-dixon","status":"publish","type":"product","link":"https:\/\/www.zytho.ca\/fr\/produit\/reducteurs-a-souder-excentriques-polis-b32w-dixon\/","title":{"rendered":"R\u00e9ducteurs \u00e0 souder excentriques polis B32W &#8211; Dixon"},"content":{"rendered":"<h6><strong>Avantages :<\/strong><\/h6>\n<ul>\n<li>Garantit la conformit\u00e9 aux normes sanitaires strictes, id\u00e9al pour les environnements r\u00e9glement\u00e9s.<\/li>\n<li>Offre une finition sanitaire de haute qualit\u00e9 tant \u00e0 l&#8217;int\u00e9rieur qu&#8217;\u00e0 l&#8217;ext\u00e9rieur, am\u00e9liorant ainsi l&#8217;hygi\u00e8ne et les performances.<\/li>\n<\/ul>\n<h6><strong>D\u00e9tails du produit :<\/strong><\/h6>\n<ul>\n<li>Certifi\u00e9 conforme aux normes sanitaires 3-A pour les raccords sanitaires, num\u00e9ro 63-03 (autorisation num\u00e9ro 621).<\/li>\n<\/ul>\n<h6><strong>Construction :<\/strong><\/h6>\n<ul>\n<li>Il est dot\u00e9 d&#8217;une finition sanitaire 3A sur les surfaces int\u00e9rieures et ext\u00e9rieures.<\/li>\n<\/ul>\n<h6><strong>Certifications :<\/strong><\/h6>\n<ul>\n<li><a href=\"https:\/\/www.dixonvalve.com\/sites\/default\/files\/product\/certifications\/621%2063-04-2020.pdf\">Document de certification 3A<\/a><\/li>\n<\/ul>\n","protected":false},"excerpt":{"rendered":"<h4>Principaux avantages des r\u00e9ducteurs \u00e0 souder excentriques polis B32W pour les brasseurs professionnels<\/h4>\n<ul>\n<li>Garantit le respect de normes sanitaires strictes, id\u00e9al pour maintenir la puret\u00e9 dans les processus de brassage.<\/li>\n<li>Il pr\u00e9sente une finition sanitaire de haute qualit\u00e9, am\u00e9liorant \u00e0 la fois l&#8217;hygi\u00e8ne et l&#8217;efficacit\u00e9 op\u00e9rationnelle.<\/li>\n<li>Certifi\u00e9 conforme aux normes sanitaires 3-A, pour une assurance qualit\u00e9 en toute s\u00e9r\u00e9nit\u00e9.<\/li>\n<\/ul>\n","protected":false},"featured_media":11943,"template":"","meta":{"_acf_changed":false,"inline_featured_image":false},"product_brand":[740],"product_cat":[736,741,765],"product_tag":[],"class_list":{"0":"post-11937","1":"product","2":"type-product","3":"status-publish","4":"has-post-thumbnail","6":"product_brand-dixon","7":"product_cat-distribution","8":"product_cat-materiel","9":"product_cat-raccords-sanitaires","11":"first","12":"instock","13":"taxable","14":"shipping-taxable","15":"purchasable","16":"product-type-variable"},"acf":[],"yoast_head":"<!-- This site is optimized with the Yoast SEO plugin v27.6 - https:\/\/yoast.com\/product\/yoast-seo-wordpress\/ -->\n<title>B32W R\u00e9ducteurs \u00e0 souder excentriques polis - Dixon - Pour brasseries professionnelles | Zytho<\/title>\n<meta name=\"description\" content=\"D\u00e9couvrez les r\u00e9ducteurs \u00e0 souder excentriques polis B32W de Dixon, con\u00e7us pour les brasseries qui ont besoin d&#039;une conformit\u00e9 sanitaire de premier ordre et d&#039;une hygi\u00e8ne sup\u00e9rieure avec la certification 3A.\" \/>\n<meta name=\"robots\" content=\"index, follow, max-snippet:-1, max-image-preview:large, max-video-preview:-1\" \/>\n<link rel=\"canonical\" href=\"https:\/\/www.zytho.ca\/fr\/produit\/reducteurs-a-souder-excentriques-polis-b32w-dixon\/\" \/>\n<meta property=\"og:locale\" content=\"fr_FR\" \/>\n<meta property=\"og:type\" content=\"article\" \/>\n<meta property=\"og:title\" content=\"B32W R\u00e9ducteurs \u00e0 souder excentriques polis - Dixon - Pour brasseries professionnelles | Zytho\" \/>\n<meta property=\"og:description\" content=\"D\u00e9couvrez les r\u00e9ducteurs \u00e0 souder excentriques polis B32W de Dixon, con\u00e7us pour les brasseries qui ont besoin d&#039;une conformit\u00e9 sanitaire de premier ordre et d&#039;une hygi\u00e8ne sup\u00e9rieure avec la certification 3A.\" \/>\n<meta property=\"og:url\" content=\"https:\/\/www.zytho.ca\/fr\/produit\/reducteurs-a-souder-excentriques-polis-b32w-dixon\/\" \/>\n<meta property=\"og:site_name\" content=\"Zytho\" \/>\n<meta property=\"article:modified_time\" content=\"2025-11-07T12:57:48+00:00\" \/>\n<meta property=\"og:image\" content=\"https:\/\/www.zytho.ca\/wp-content\/uploads\/2025\/10\/B32W-Polished-Eccentric-Weld-Reducers-Dixon.jpg\" \/>\n\t<meta property=\"og:image:width\" content=\"384\" \/>\n\t<meta property=\"og:image:height\" content=\"384\" \/>\n\t<meta property=\"og:image:type\" content=\"image\/jpeg\" \/>\n<meta name=\"twitter:card\" content=\"summary_large_image\" \/>\n<script type=\"application\/ld+json\" class=\"yoast-schema-graph\">{\"@context\":\"https:\\\/\\\/schema.org\",\"@graph\":[{\"@type\":\"WebPage\",\"@id\":\"https:\\\/\\\/www.zytho.ca\\\/fr\\\/produit\\\/reducteurs-a-souder-excentriques-polis-b32w-dixon\\\/\",\"url\":\"https:\\\/\\\/www.zytho.ca\\\/fr\\\/produit\\\/reducteurs-a-souder-excentriques-polis-b32w-dixon\\\/\",\"name\":\"B32W R\u00e9ducteurs \u00e0 souder excentriques polis - Dixon - Pour brasseries professionnelles | Zytho\",\"isPartOf\":{\"@id\":\"https:\\\/\\\/www.zytho.ca\\\/fr\\\/#website\"},\"primaryImageOfPage\":{\"@id\":\"https:\\\/\\\/www.zytho.ca\\\/fr\\\/produit\\\/reducteurs-a-souder-excentriques-polis-b32w-dixon\\\/#primaryimage\"},\"image\":{\"@id\":\"https:\\\/\\\/www.zytho.ca\\\/fr\\\/produit\\\/reducteurs-a-souder-excentriques-polis-b32w-dixon\\\/#primaryimage\"},\"thumbnailUrl\":\"https:\\\/\\\/www.zytho.ca\\\/wp-content\\\/uploads\\\/2025\\\/10\\\/B32W-Polished-Eccentric-Weld-Reducers-Dixon.jpg\",\"datePublished\":\"2025-10-27T15:48:31+00:00\",\"dateModified\":\"2025-11-07T12:57:48+00:00\",\"description\":\"D\u00e9couvrez les r\u00e9ducteurs \u00e0 souder excentriques polis B32W de Dixon, con\u00e7us pour les brasseries qui ont besoin d'une conformit\u00e9 sanitaire de premier ordre et d'une hygi\u00e8ne sup\u00e9rieure avec la certification 3A.\",\"breadcrumb\":{\"@id\":\"https:\\\/\\\/www.zytho.ca\\\/fr\\\/produit\\\/reducteurs-a-souder-excentriques-polis-b32w-dixon\\\/#breadcrumb\"},\"inLanguage\":\"fr-FR\",\"potentialAction\":[{\"@type\":\"ReadAction\",\"target\":[\"https:\\\/\\\/www.zytho.ca\\\/fr\\\/produit\\\/reducteurs-a-souder-excentriques-polis-b32w-dixon\\\/\"]}]},{\"@type\":\"ImageObject\",\"inLanguage\":\"fr-FR\",\"@id\":\"https:\\\/\\\/www.zytho.ca\\\/fr\\\/produit\\\/reducteurs-a-souder-excentriques-polis-b32w-dixon\\\/#primaryimage\",\"url\":\"https:\\\/\\\/www.zytho.ca\\\/wp-content\\\/uploads\\\/2025\\\/10\\\/B32W-Polished-Eccentric-Weld-Reducers-Dixon.jpg\",\"contentUrl\":\"https:\\\/\\\/www.zytho.ca\\\/wp-content\\\/uploads\\\/2025\\\/10\\\/B32W-Polished-Eccentric-Weld-Reducers-Dixon.jpg\",\"width\":384,\"height\":384},{\"@type\":\"BreadcrumbList\",\"@id\":\"https:\\\/\\\/www.zytho.ca\\\/fr\\\/produit\\\/reducteurs-a-souder-excentriques-polis-b32w-dixon\\\/#breadcrumb\",\"itemListElement\":[{\"@type\":\"ListItem\",\"position\":1,\"name\":\"Accueil\",\"item\":\"https:\\\/\\\/www.zytho.ca\\\/fr\\\/\"},{\"@type\":\"ListItem\",\"position\":2,\"name\":\"Shop\",\"item\":\"https:\\\/\\\/www.zytho.ca\\\/fr\\\/shop\\\/\"},{\"@type\":\"ListItem\",\"position\":3,\"name\":\"R\u00e9ducteurs \u00e0 souder excentriques polis B32W &#8211; Dixon\"}]},{\"@type\":\"WebSite\",\"@id\":\"https:\\\/\\\/www.zytho.ca\\\/fr\\\/#website\",\"url\":\"https:\\\/\\\/www.zytho.ca\\\/fr\\\/\",\"name\":\"Zytho\",\"description\":\"\",\"publisher\":{\"@id\":\"https:\\\/\\\/www.zytho.ca\\\/fr\\\/#organization\"},\"potentialAction\":[{\"@type\":\"SearchAction\",\"target\":{\"@type\":\"EntryPoint\",\"urlTemplate\":\"https:\\\/\\\/www.zytho.ca\\\/fr\\\/?s={search_term_string}\"},\"query-input\":{\"@type\":\"PropertyValueSpecification\",\"valueRequired\":true,\"valueName\":\"search_term_string\"}}],\"inLanguage\":\"fr-FR\"},{\"@type\":\"Organization\",\"@id\":\"https:\\\/\\\/www.zytho.ca\\\/fr\\\/#organization\",\"name\":\"Zytho\",\"url\":\"https:\\\/\\\/www.zytho.ca\\\/fr\\\/\",\"logo\":{\"@type\":\"ImageObject\",\"inLanguage\":\"fr-FR\",\"@id\":\"https:\\\/\\\/www.zytho.ca\\\/fr\\\/#\\\/schema\\\/logo\\\/image\\\/\",\"url\":\"https:\\\/\\\/www.zytho.ca\\\/wp-content\\\/uploads\\\/2024\\\/05\\\/Zytho_reversed_horizontal.svg\",\"contentUrl\":\"https:\\\/\\\/www.zytho.ca\\\/wp-content\\\/uploads\\\/2024\\\/05\\\/Zytho_reversed_horizontal.svg\",\"width\":1582,\"height\":490,\"caption\":\"Zytho\"},\"image\":{\"@id\":\"https:\\\/\\\/www.zytho.ca\\\/fr\\\/#\\\/schema\\\/logo\\\/image\\\/\"}}]}<\/script>\n<!-- \/ Yoast SEO plugin. -->","yoast_head_json":{"title":"B32W R\u00e9ducteurs \u00e0 souder excentriques polis - Dixon - Pour brasseries professionnelles | Zytho","description":"D\u00e9couvrez les r\u00e9ducteurs \u00e0 souder excentriques polis B32W de Dixon, con\u00e7us pour les brasseries qui ont besoin d'une conformit\u00e9 sanitaire de premier ordre et d'une hygi\u00e8ne sup\u00e9rieure avec la certification 3A.","robots":{"index":"index","follow":"follow","max-snippet":"max-snippet:-1","max-image-preview":"max-image-preview:large","max-video-preview":"max-video-preview:-1"},"canonical":"https:\/\/www.zytho.ca\/fr\/produit\/reducteurs-a-souder-excentriques-polis-b32w-dixon\/","og_locale":"fr_FR","og_type":"article","og_title":"B32W R\u00e9ducteurs \u00e0 souder excentriques polis - Dixon - Pour brasseries professionnelles | Zytho","og_description":"D\u00e9couvrez les r\u00e9ducteurs \u00e0 souder excentriques polis B32W de Dixon, con\u00e7us pour les brasseries qui ont besoin d'une conformit\u00e9 sanitaire de premier ordre et d'une hygi\u00e8ne sup\u00e9rieure avec la certification 3A.","og_url":"https:\/\/www.zytho.ca\/fr\/produit\/reducteurs-a-souder-excentriques-polis-b32w-dixon\/","og_site_name":"Zytho","article_modified_time":"2025-11-07T12:57:48+00:00","og_image":[{"width":384,"height":384,"url":"https:\/\/www.zytho.ca\/wp-content\/uploads\/2025\/10\/B32W-Polished-Eccentric-Weld-Reducers-Dixon.jpg","type":"image\/jpeg"}],"twitter_card":"summary_large_image","schema":{"@context":"https:\/\/schema.org","@graph":[{"@type":"WebPage","@id":"https:\/\/www.zytho.ca\/fr\/produit\/reducteurs-a-souder-excentriques-polis-b32w-dixon\/","url":"https:\/\/www.zytho.ca\/fr\/produit\/reducteurs-a-souder-excentriques-polis-b32w-dixon\/","name":"B32W R\u00e9ducteurs \u00e0 souder excentriques polis - Dixon - Pour brasseries professionnelles | Zytho","isPartOf":{"@id":"https:\/\/www.zytho.ca\/fr\/#website"},"primaryImageOfPage":{"@id":"https:\/\/www.zytho.ca\/fr\/produit\/reducteurs-a-souder-excentriques-polis-b32w-dixon\/#primaryimage"},"image":{"@id":"https:\/\/www.zytho.ca\/fr\/produit\/reducteurs-a-souder-excentriques-polis-b32w-dixon\/#primaryimage"},"thumbnailUrl":"https:\/\/www.zytho.ca\/wp-content\/uploads\/2025\/10\/B32W-Polished-Eccentric-Weld-Reducers-Dixon.jpg","datePublished":"2025-10-27T15:48:31+00:00","dateModified":"2025-11-07T12:57:48+00:00","description":"D\u00e9couvrez les r\u00e9ducteurs \u00e0 souder excentriques polis B32W de Dixon, con\u00e7us pour les brasseries qui ont besoin d'une conformit\u00e9 sanitaire de premier ordre et d'une hygi\u00e8ne sup\u00e9rieure avec la certification 3A.","breadcrumb":{"@id":"https:\/\/www.zytho.ca\/fr\/produit\/reducteurs-a-souder-excentriques-polis-b32w-dixon\/#breadcrumb"},"inLanguage":"fr-FR","potentialAction":[{"@type":"ReadAction","target":["https:\/\/www.zytho.ca\/fr\/produit\/reducteurs-a-souder-excentriques-polis-b32w-dixon\/"]}]},{"@type":"ImageObject","inLanguage":"fr-FR","@id":"https:\/\/www.zytho.ca\/fr\/produit\/reducteurs-a-souder-excentriques-polis-b32w-dixon\/#primaryimage","url":"https:\/\/www.zytho.ca\/wp-content\/uploads\/2025\/10\/B32W-Polished-Eccentric-Weld-Reducers-Dixon.jpg","contentUrl":"https:\/\/www.zytho.ca\/wp-content\/uploads\/2025\/10\/B32W-Polished-Eccentric-Weld-Reducers-Dixon.jpg","width":384,"height":384},{"@type":"BreadcrumbList","@id":"https:\/\/www.zytho.ca\/fr\/produit\/reducteurs-a-souder-excentriques-polis-b32w-dixon\/#breadcrumb","itemListElement":[{"@type":"ListItem","position":1,"name":"Accueil","item":"https:\/\/www.zytho.ca\/fr\/"},{"@type":"ListItem","position":2,"name":"Shop","item":"https:\/\/www.zytho.ca\/fr\/shop\/"},{"@type":"ListItem","position":3,"name":"R\u00e9ducteurs \u00e0 souder excentriques polis B32W &#8211; Dixon"}]},{"@type":"WebSite","@id":"https:\/\/www.zytho.ca\/fr\/#website","url":"https:\/\/www.zytho.ca\/fr\/","name":"Zytho","description":"","publisher":{"@id":"https:\/\/www.zytho.ca\/fr\/#organization"},"potentialAction":[{"@type":"SearchAction","target":{"@type":"EntryPoint","urlTemplate":"https:\/\/www.zytho.ca\/fr\/?s={search_term_string}"},"query-input":{"@type":"PropertyValueSpecification","valueRequired":true,"valueName":"search_term_string"}}],"inLanguage":"fr-FR"},{"@type":"Organization","@id":"https:\/\/www.zytho.ca\/fr\/#organization","name":"Zytho","url":"https:\/\/www.zytho.ca\/fr\/","logo":{"@type":"ImageObject","inLanguage":"fr-FR","@id":"https:\/\/www.zytho.ca\/fr\/#\/schema\/logo\/image\/","url":"https:\/\/www.zytho.ca\/wp-content\/uploads\/2024\/05\/Zytho_reversed_horizontal.svg","contentUrl":"https:\/\/www.zytho.ca\/wp-content\/uploads\/2024\/05\/Zytho_reversed_horizontal.svg","width":1582,"height":490,"caption":"Zytho"},"image":{"@id":"https:\/\/www.zytho.ca\/fr\/#\/schema\/logo\/image\/"}}]}},"_links":{"self":[{"href":"https:\/\/www.zytho.ca\/fr\/wp-json\/wp\/v2\/product\/11937","targetHints":{"allow":["GET"]}}],"collection":[{"href":"https:\/\/www.zytho.ca\/fr\/wp-json\/wp\/v2\/product"}],"about":[{"href":"https:\/\/www.zytho.ca\/fr\/wp-json\/wp\/v2\/types\/product"}],"wp:featuredmedia":[{"embeddable":true,"href":"https:\/\/www.zytho.ca\/fr\/wp-json\/wp\/v2\/media\/11943"}],"wp:attachment":[{"href":"https:\/\/www.zytho.ca\/fr\/wp-json\/wp\/v2\/media?parent=11937"}],"wp:term":[{"taxonomy":"product_brand","embeddable":true,"href":"https:\/\/www.zytho.ca\/fr\/wp-json\/wp\/v2\/product_brand?post=11937"},{"taxonomy":"product_cat","embeddable":true,"href":"https:\/\/www.zytho.ca\/fr\/wp-json\/wp\/v2\/product_cat?post=11937"},{"taxonomy":"product_tag","embeddable":true,"href":"https:\/\/www.zytho.ca\/fr\/wp-json\/wp\/v2\/product_tag?post=11937"}],"curies":[{"name":"wp","href":"https:\/\/api.w.org\/{rel}","templated":true}]}}