{"id":11936,"date":"2025-10-27T15:48:18","date_gmt":"2025-10-27T15:48:18","guid":{"rendered":"https:\/\/zytho.ca\/product\/bouchon-filete-pneumatique-industriel-de-type-d-avec-npt-femelle-dixon\/"},"modified":"2025-11-03T07:11:29","modified_gmt":"2025-11-03T07:11:29","slug":"bouchon-filete-pneumatique-industriel-de-type-d-avec-npt-femelle-dixon","status":"publish","type":"product","link":"https:\/\/www.zytho.ca\/fr\/produit\/bouchon-filete-pneumatique-industriel-de-type-d-avec-npt-femelle-dixon\/","title":{"rendered":"Bouchon filet\u00e9 pneumatique industriel de type D avec NPT femelle &#8211; Dixon"},"content":{"rendered":"<p>Con\u00e7u pour l&#8217;efficacit\u00e9, notre syst\u00e8me de couplage offre une connectivit\u00e9 et une d\u00e9connexion sans faille, ce qui est id\u00e9al pour les applications n\u00e9cessitant un acc\u00e8s fr\u00e9quent \u00e0 la ligne. Connus dans l&#8217;industrie sous le nom de raccords industriels interchangeables, ces composants garantissent la compatibilit\u00e9 entre toutes les configurations industrielles de prises et de douilles de dimensions identiques, quel que soit le diam\u00e8tre du tuyau ou le diam\u00e8tre interne du tuyau \u00e0 barbillons. <\/p>\n<h6><strong>Avantages :<\/strong><\/h6>\n<ul>\n<li>Assure la compatibilit\u00e9 avec les s\u00e9ries Foster 3, 4, 5 et 6, Parker 30-Series Automatic Interchange, Parker 20-Series Manual Interchange, et Hansen 3000, 4000, 5000, 6000, 1000, 400, et 500 Series.<\/li>\n<li>Facilite la d\u00e9connexion rapide en permettant \u00e0 l&#8217;utilisateur de tenir le tuyau du c\u00f4t\u00e9 de l&#8217;embout avec trois doigts tout en utilisant le pouce et l&#8217;index pour tirer sur le manchon, assurant ainsi une s\u00e9paration s\u00fbre apr\u00e8s l&#8217;\u00e9puisement de l&#8217;air.<\/li>\n<li>Fabriqu\u00e9 \u00e0 partir d&#8217;une barre massive, ce qui garantit la durabilit\u00e9 et la pr\u00e9cision des composants usin\u00e9s.<\/li>\n<li>Pression de service maximale de 35 bar (500 PSI) et pression d&#8217;\u00e9clatement de 1 795 bar (26 000 PSI) lorsqu&#8217;il est utilis\u00e9 avec des coupleurs automatiques de la s\u00e9rie D en acier inoxydable 303.<\/li>\n<li>Pression de service maximale de 35 bar (500 PSI) et pression d&#8217;\u00e9clatement de 795 bar (11 500 PSI) lorsqu&#8217;il est utilis\u00e9 avec des coupleurs manuels de la s\u00e9rie F en acier inoxydable 303.<\/li>\n<\/ul>\n<h6><strong>D\u00e9tails du produit :<\/strong><\/h6>\n<ul>\n<li>Pression nominale en cas de raccordement avec des coupleurs automatiques de la s\u00e9rie D en acier inoxydable 303 : 35 bar (500 PSI) en service maximum et 1 795 bar (26 000 PSI) \u00e0 l&#8217;\u00e9clatement.<\/li>\n<li>Pression nominale en cas de raccordement avec des coupleurs manuels en acier inoxydable 303 de la s\u00e9rie F : 35 bar (500 PSI) en service maximum et 795 bar (11 500 PSI) \u00e0 l&#8217;\u00e9clatement.<\/li>\n<\/ul>\n<h6><strong>Construction :<\/strong><\/h6>\n<ul>\n<li>Les pi\u00e8ces usin\u00e9es sont fabriqu\u00e9es \u00e0 partir de barres solides.<\/li>\n<\/ul>\n<h6><strong>Compatibilit\u00e9 et donn\u00e9es d&#8217;\u00e9change :<\/strong><\/h6>\n<ul>\n<li>S\u00e9ries Foster 3, 4, 5 et 6<\/li>\n<li>Parker 30- Series Automatic Interchange &amp; Parker 20-Series Manual Interchange<\/li>\n<li>Hansen 3000, 4000, 5000 et 6000 &amp; Hansen 1000, 400 et 500<\/li>\n<\/ul>\n<h6><strong>Comment cela fonctionne-t-il ?<\/strong><\/h6>\n<ul>\n<li>Pour d\u00e9connecter, commencez par tenir le tuyau du c\u00f4t\u00e9 du mamelon avec trois de vos doigts, en laissant le pouce et l&#8217;index libres.<\/li>\n<li>Saisissez la manche avec le pouce et l&#8217;index et commencez \u00e0 tirer la manche vers la paume de votre main.<\/li>\n<li>Apr\u00e8s avoir tir\u00e9 sur le manchon, le mamelon sortira l\u00e9g\u00e8rement du coupleur. Continuez \u00e0 maintenir le tuyau et le manchon du coupleur jusqu&#8217;\u00e0 ce que l&#8217;air soit compl\u00e8tement \u00e9vacu\u00e9. <\/li>\n<li>Une fois que la conduite est compl\u00e8tement vid\u00e9e, vous pouvez s\u00e9parer en toute s\u00e9curit\u00e9 l&#8217;embout du coupleur.<\/li>\n<\/ul>\n<h6><strong>Page de catalogue :<\/strong><\/h6>\n<ul>\n<li><a href=\"https:\/\/www.dixonvalve.com\/sites\/default\/files\/product\/pages\/us\/DPL418%20-%20311.pdf\">DPL418 &#8211; 311<\/a><\/li>\n<\/ul>\n","protected":false},"excerpt":{"rendered":"<h4>Principaux avantages du bouchon filet\u00e9 pneumatique industriel de type D avec NPT femelle &#8211; Dixon<\/h4>\n<ul>\n<li>Assure une compatibilit\u00e9 parfaite avec une large gamme de raccords standard, ce qui en fait l&#8217;outil id\u00e9al pour les installations de brassage professionnelles.<\/li>\n<li>Facilite une d\u00e9connexion rapide et s\u00fbre, am\u00e9liorant l&#8217;efficacit\u00e9 op\u00e9rationnelle dans les environnements n\u00e9cessitant des changements de ligne fr\u00e9quents.<\/li>\n<li>Fabriqu\u00e9 \u00e0 partir d&#8217;un stock de barres solides et durables, il offre des performances durables dans des conditions de haute pression.<\/li>\n<\/ul>\n","protected":false},"featured_media":11938,"template":"","meta":{"_acf_changed":false,"inline_featured_image":false},"product_brand":[740],"product_cat":[736,741,749],"product_tag":[763,754,762,755,779,800],"class_list":{"0":"post-11936","1":"product","2":"type-product","3":"status-publish","4":"has-post-thumbnail","6":"product_brand-dixon","7":"product_cat-distribution","8":"product_cat-materiel","9":"product_cat-quincaillerie-industrielle","10":"product_tag-acier-inoxydable","11":"product_tag-brasserie","12":"product_tag-cave","13":"product_tag-distillerie","14":"product_tag-materiel-npt","15":"product_tag-soda","17":"first","18":"instock","19":"taxable","20":"shipping-taxable","21":"purchasable","22":"product-type-variable"},"acf":[],"yoast_head":"<!-- This site is optimized with the Yoast SEO plugin v27.6 - https:\/\/yoast.com\/product\/yoast-seo-wordpress\/ -->\n<title>Bouchon filet\u00e9 pneumatique industriel de type D avec NPT femelle - Dixon - Pour brasseries pro | Zytho<\/title>\n<meta name=\"description\" content=\"D\u00e9couvrez le bouchon filet\u00e9 pneumatique industriel de type D avec NPT femelle de Dixon, con\u00e7u pour une connectivit\u00e9 sans faille et une grande durabilit\u00e9, parfait pour les applications de brasserie.\" \/>\n<meta name=\"robots\" content=\"index, follow, max-snippet:-1, max-image-preview:large, max-video-preview:-1\" \/>\n<link rel=\"canonical\" href=\"https:\/\/www.zytho.ca\/fr\/produit\/bouchon-filete-pneumatique-industriel-de-type-d-avec-npt-femelle-dixon\/\" \/>\n<meta property=\"og:locale\" content=\"fr_FR\" \/>\n<meta property=\"og:type\" content=\"article\" \/>\n<meta property=\"og:title\" content=\"Bouchon filet\u00e9 pneumatique industriel de type D avec NPT femelle - Dixon - Pour brasseries pro | Zytho\" \/>\n<meta property=\"og:description\" content=\"D\u00e9couvrez le bouchon filet\u00e9 pneumatique industriel de type D avec NPT femelle de Dixon, con\u00e7u pour une connectivit\u00e9 sans faille et une grande durabilit\u00e9, parfait pour les applications de brasserie.\" \/>\n<meta property=\"og:url\" content=\"https:\/\/www.zytho.ca\/fr\/produit\/bouchon-filete-pneumatique-industriel-de-type-d-avec-npt-femelle-dixon\/\" \/>\n<meta property=\"og:site_name\" content=\"Zytho\" \/>\n<meta property=\"article:modified_time\" content=\"2025-11-03T07:11:29+00:00\" \/>\n<meta property=\"og:image\" content=\"https:\/\/www.zytho.ca\/wp-content\/uploads\/2025\/10\/D-Type-Industrial-Pneumatic-Threaded-Plug-with-Female-NPT-Dixon.jpg\" \/>\n\t<meta property=\"og:image:width\" content=\"1473\" \/>\n\t<meta property=\"og:image:height\" content=\"1473\" \/>\n\t<meta property=\"og:image:type\" content=\"image\/jpeg\" \/>\n<meta name=\"twitter:card\" content=\"summary_large_image\" \/>\n<meta name=\"twitter:label1\" content=\"Dur\u00e9e de lecture estim\u00e9e\" \/>\n\t<meta name=\"twitter:data1\" content=\"2 minutes\" \/>\n<script type=\"application\/ld+json\" class=\"yoast-schema-graph\">{\"@context\":\"https:\\\/\\\/schema.org\",\"@graph\":[{\"@type\":\"WebPage\",\"@id\":\"https:\\\/\\\/www.zytho.ca\\\/fr\\\/produit\\\/bouchon-filete-pneumatique-industriel-de-type-d-avec-npt-femelle-dixon\\\/\",\"url\":\"https:\\\/\\\/www.zytho.ca\\\/fr\\\/produit\\\/bouchon-filete-pneumatique-industriel-de-type-d-avec-npt-femelle-dixon\\\/\",\"name\":\"Bouchon filet\u00e9 pneumatique industriel de type D avec NPT femelle - Dixon - Pour brasseries pro | Zytho\",\"isPartOf\":{\"@id\":\"https:\\\/\\\/www.zytho.ca\\\/fr\\\/#website\"},\"primaryImageOfPage\":{\"@id\":\"https:\\\/\\\/www.zytho.ca\\\/fr\\\/produit\\\/bouchon-filete-pneumatique-industriel-de-type-d-avec-npt-femelle-dixon\\\/#primaryimage\"},\"image\":{\"@id\":\"https:\\\/\\\/www.zytho.ca\\\/fr\\\/produit\\\/bouchon-filete-pneumatique-industriel-de-type-d-avec-npt-femelle-dixon\\\/#primaryimage\"},\"thumbnailUrl\":\"https:\\\/\\\/www.zytho.ca\\\/wp-content\\\/uploads\\\/2025\\\/10\\\/D-Type-Industrial-Pneumatic-Threaded-Plug-with-Female-NPT-Dixon.jpg\",\"datePublished\":\"2025-10-27T15:48:18+00:00\",\"dateModified\":\"2025-11-03T07:11:29+00:00\",\"description\":\"D\u00e9couvrez le bouchon filet\u00e9 pneumatique industriel de type D avec NPT femelle de Dixon, con\u00e7u pour une connectivit\u00e9 sans faille et une grande durabilit\u00e9, parfait pour les applications de brasserie.\",\"breadcrumb\":{\"@id\":\"https:\\\/\\\/www.zytho.ca\\\/fr\\\/produit\\\/bouchon-filete-pneumatique-industriel-de-type-d-avec-npt-femelle-dixon\\\/#breadcrumb\"},\"inLanguage\":\"fr-FR\",\"potentialAction\":[{\"@type\":\"ReadAction\",\"target\":[\"https:\\\/\\\/www.zytho.ca\\\/fr\\\/produit\\\/bouchon-filete-pneumatique-industriel-de-type-d-avec-npt-femelle-dixon\\\/\"]}]},{\"@type\":\"ImageObject\",\"inLanguage\":\"fr-FR\",\"@id\":\"https:\\\/\\\/www.zytho.ca\\\/fr\\\/produit\\\/bouchon-filete-pneumatique-industriel-de-type-d-avec-npt-femelle-dixon\\\/#primaryimage\",\"url\":\"https:\\\/\\\/www.zytho.ca\\\/wp-content\\\/uploads\\\/2025\\\/10\\\/D-Type-Industrial-Pneumatic-Threaded-Plug-with-Female-NPT-Dixon.jpg\",\"contentUrl\":\"https:\\\/\\\/www.zytho.ca\\\/wp-content\\\/uploads\\\/2025\\\/10\\\/D-Type-Industrial-Pneumatic-Threaded-Plug-with-Female-NPT-Dixon.jpg\",\"width\":1473,\"height\":1473},{\"@type\":\"BreadcrumbList\",\"@id\":\"https:\\\/\\\/www.zytho.ca\\\/fr\\\/produit\\\/bouchon-filete-pneumatique-industriel-de-type-d-avec-npt-femelle-dixon\\\/#breadcrumb\",\"itemListElement\":[{\"@type\":\"ListItem\",\"position\":1,\"name\":\"Accueil\",\"item\":\"https:\\\/\\\/www.zytho.ca\\\/fr\\\/\"},{\"@type\":\"ListItem\",\"position\":2,\"name\":\"Shop\",\"item\":\"https:\\\/\\\/www.zytho.ca\\\/fr\\\/shop\\\/\"},{\"@type\":\"ListItem\",\"position\":3,\"name\":\"Bouchon filet\u00e9 pneumatique industriel de type D avec NPT femelle &#8211; Dixon\"}]},{\"@type\":\"WebSite\",\"@id\":\"https:\\\/\\\/www.zytho.ca\\\/fr\\\/#website\",\"url\":\"https:\\\/\\\/www.zytho.ca\\\/fr\\\/\",\"name\":\"Zytho\",\"description\":\"\",\"publisher\":{\"@id\":\"https:\\\/\\\/www.zytho.ca\\\/fr\\\/#organization\"},\"potentialAction\":[{\"@type\":\"SearchAction\",\"target\":{\"@type\":\"EntryPoint\",\"urlTemplate\":\"https:\\\/\\\/www.zytho.ca\\\/fr\\\/?s={search_term_string}\"},\"query-input\":{\"@type\":\"PropertyValueSpecification\",\"valueRequired\":true,\"valueName\":\"search_term_string\"}}],\"inLanguage\":\"fr-FR\"},{\"@type\":\"Organization\",\"@id\":\"https:\\\/\\\/www.zytho.ca\\\/fr\\\/#organization\",\"name\":\"Zytho\",\"url\":\"https:\\\/\\\/www.zytho.ca\\\/fr\\\/\",\"logo\":{\"@type\":\"ImageObject\",\"inLanguage\":\"fr-FR\",\"@id\":\"https:\\\/\\\/www.zytho.ca\\\/fr\\\/#\\\/schema\\\/logo\\\/image\\\/\",\"url\":\"https:\\\/\\\/www.zytho.ca\\\/wp-content\\\/uploads\\\/2024\\\/05\\\/Zytho_reversed_horizontal.svg\",\"contentUrl\":\"https:\\\/\\\/www.zytho.ca\\\/wp-content\\\/uploads\\\/2024\\\/05\\\/Zytho_reversed_horizontal.svg\",\"width\":1582,\"height\":490,\"caption\":\"Zytho\"},\"image\":{\"@id\":\"https:\\\/\\\/www.zytho.ca\\\/fr\\\/#\\\/schema\\\/logo\\\/image\\\/\"}}]}<\/script>\n<!-- \/ Yoast SEO plugin. -->","yoast_head_json":{"title":"Bouchon filet\u00e9 pneumatique industriel de type D avec NPT femelle - Dixon - Pour brasseries pro | Zytho","description":"D\u00e9couvrez le bouchon filet\u00e9 pneumatique industriel de type D avec NPT femelle de Dixon, con\u00e7u pour une connectivit\u00e9 sans faille et une grande durabilit\u00e9, parfait pour les applications de brasserie.","robots":{"index":"index","follow":"follow","max-snippet":"max-snippet:-1","max-image-preview":"max-image-preview:large","max-video-preview":"max-video-preview:-1"},"canonical":"https:\/\/www.zytho.ca\/fr\/produit\/bouchon-filete-pneumatique-industriel-de-type-d-avec-npt-femelle-dixon\/","og_locale":"fr_FR","og_type":"article","og_title":"Bouchon filet\u00e9 pneumatique industriel de type D avec NPT femelle - Dixon - Pour brasseries pro | Zytho","og_description":"D\u00e9couvrez le bouchon filet\u00e9 pneumatique industriel de type D avec NPT femelle de Dixon, con\u00e7u pour une connectivit\u00e9 sans faille et une grande durabilit\u00e9, parfait pour les applications de brasserie.","og_url":"https:\/\/www.zytho.ca\/fr\/produit\/bouchon-filete-pneumatique-industriel-de-type-d-avec-npt-femelle-dixon\/","og_site_name":"Zytho","article_modified_time":"2025-11-03T07:11:29+00:00","og_image":[{"width":1473,"height":1473,"url":"https:\/\/www.zytho.ca\/wp-content\/uploads\/2025\/10\/D-Type-Industrial-Pneumatic-Threaded-Plug-with-Female-NPT-Dixon.jpg","type":"image\/jpeg"}],"twitter_card":"summary_large_image","twitter_misc":{"Dur\u00e9e de lecture estim\u00e9e":"2 minutes"},"schema":{"@context":"https:\/\/schema.org","@graph":[{"@type":"WebPage","@id":"https:\/\/www.zytho.ca\/fr\/produit\/bouchon-filete-pneumatique-industriel-de-type-d-avec-npt-femelle-dixon\/","url":"https:\/\/www.zytho.ca\/fr\/produit\/bouchon-filete-pneumatique-industriel-de-type-d-avec-npt-femelle-dixon\/","name":"Bouchon filet\u00e9 pneumatique industriel de type D avec NPT femelle - Dixon - Pour brasseries pro | Zytho","isPartOf":{"@id":"https:\/\/www.zytho.ca\/fr\/#website"},"primaryImageOfPage":{"@id":"https:\/\/www.zytho.ca\/fr\/produit\/bouchon-filete-pneumatique-industriel-de-type-d-avec-npt-femelle-dixon\/#primaryimage"},"image":{"@id":"https:\/\/www.zytho.ca\/fr\/produit\/bouchon-filete-pneumatique-industriel-de-type-d-avec-npt-femelle-dixon\/#primaryimage"},"thumbnailUrl":"https:\/\/www.zytho.ca\/wp-content\/uploads\/2025\/10\/D-Type-Industrial-Pneumatic-Threaded-Plug-with-Female-NPT-Dixon.jpg","datePublished":"2025-10-27T15:48:18+00:00","dateModified":"2025-11-03T07:11:29+00:00","description":"D\u00e9couvrez le bouchon filet\u00e9 pneumatique industriel de type D avec NPT femelle de Dixon, con\u00e7u pour une connectivit\u00e9 sans faille et une grande durabilit\u00e9, parfait pour les applications de brasserie.","breadcrumb":{"@id":"https:\/\/www.zytho.ca\/fr\/produit\/bouchon-filete-pneumatique-industriel-de-type-d-avec-npt-femelle-dixon\/#breadcrumb"},"inLanguage":"fr-FR","potentialAction":[{"@type":"ReadAction","target":["https:\/\/www.zytho.ca\/fr\/produit\/bouchon-filete-pneumatique-industriel-de-type-d-avec-npt-femelle-dixon\/"]}]},{"@type":"ImageObject","inLanguage":"fr-FR","@id":"https:\/\/www.zytho.ca\/fr\/produit\/bouchon-filete-pneumatique-industriel-de-type-d-avec-npt-femelle-dixon\/#primaryimage","url":"https:\/\/www.zytho.ca\/wp-content\/uploads\/2025\/10\/D-Type-Industrial-Pneumatic-Threaded-Plug-with-Female-NPT-Dixon.jpg","contentUrl":"https:\/\/www.zytho.ca\/wp-content\/uploads\/2025\/10\/D-Type-Industrial-Pneumatic-Threaded-Plug-with-Female-NPT-Dixon.jpg","width":1473,"height":1473},{"@type":"BreadcrumbList","@id":"https:\/\/www.zytho.ca\/fr\/produit\/bouchon-filete-pneumatique-industriel-de-type-d-avec-npt-femelle-dixon\/#breadcrumb","itemListElement":[{"@type":"ListItem","position":1,"name":"Accueil","item":"https:\/\/www.zytho.ca\/fr\/"},{"@type":"ListItem","position":2,"name":"Shop","item":"https:\/\/www.zytho.ca\/fr\/shop\/"},{"@type":"ListItem","position":3,"name":"Bouchon filet\u00e9 pneumatique industriel de type D avec NPT femelle &#8211; Dixon"}]},{"@type":"WebSite","@id":"https:\/\/www.zytho.ca\/fr\/#website","url":"https:\/\/www.zytho.ca\/fr\/","name":"Zytho","description":"","publisher":{"@id":"https:\/\/www.zytho.ca\/fr\/#organization"},"potentialAction":[{"@type":"SearchAction","target":{"@type":"EntryPoint","urlTemplate":"https:\/\/www.zytho.ca\/fr\/?s={search_term_string}"},"query-input":{"@type":"PropertyValueSpecification","valueRequired":true,"valueName":"search_term_string"}}],"inLanguage":"fr-FR"},{"@type":"Organization","@id":"https:\/\/www.zytho.ca\/fr\/#organization","name":"Zytho","url":"https:\/\/www.zytho.ca\/fr\/","logo":{"@type":"ImageObject","inLanguage":"fr-FR","@id":"https:\/\/www.zytho.ca\/fr\/#\/schema\/logo\/image\/","url":"https:\/\/www.zytho.ca\/wp-content\/uploads\/2024\/05\/Zytho_reversed_horizontal.svg","contentUrl":"https:\/\/www.zytho.ca\/wp-content\/uploads\/2024\/05\/Zytho_reversed_horizontal.svg","width":1582,"height":490,"caption":"Zytho"},"image":{"@id":"https:\/\/www.zytho.ca\/fr\/#\/schema\/logo\/image\/"}}]}},"_links":{"self":[{"href":"https:\/\/www.zytho.ca\/fr\/wp-json\/wp\/v2\/product\/11936","targetHints":{"allow":["GET"]}}],"collection":[{"href":"https:\/\/www.zytho.ca\/fr\/wp-json\/wp\/v2\/product"}],"about":[{"href":"https:\/\/www.zytho.ca\/fr\/wp-json\/wp\/v2\/types\/product"}],"wp:featuredmedia":[{"embeddable":true,"href":"https:\/\/www.zytho.ca\/fr\/wp-json\/wp\/v2\/media\/11938"}],"wp:attachment":[{"href":"https:\/\/www.zytho.ca\/fr\/wp-json\/wp\/v2\/media?parent=11936"}],"wp:term":[{"taxonomy":"product_brand","embeddable":true,"href":"https:\/\/www.zytho.ca\/fr\/wp-json\/wp\/v2\/product_brand?post=11936"},{"taxonomy":"product_cat","embeddable":true,"href":"https:\/\/www.zytho.ca\/fr\/wp-json\/wp\/v2\/product_cat?post=11936"},{"taxonomy":"product_tag","embeddable":true,"href":"https:\/\/www.zytho.ca\/fr\/wp-json\/wp\/v2\/product_tag?post=11936"}],"curies":[{"name":"wp","href":"https:\/\/api.w.org\/{rel}","templated":true}]}}