{"id":11882,"date":"2025-10-27T15:48:54","date_gmt":"2025-10-27T15:48:54","guid":{"rendered":"https:\/\/zytho.ca\/product\/16amp-sms-blank-caps-dixon\/"},"modified":"2025-10-27T15:48:54","modified_gmt":"2025-10-27T15:48:54","slug":"16amp-sms-blank-caps-dixon","status":"publish","type":"product","link":"https:\/\/www.zytho.ca\/fr\/produit\/16amp-sms-blank-caps-dixon\/","title":{"rendered":"16AMP SMS Blank Caps &#8211; Dixon"},"content":{"rendered":"<h6><strong>Page de catalogue :<\/strong><\/h6>\n<ul>\n<li><a href=\"https:\/\/www.dixonvalve.com\/sites\/default\/files\/product\/pages\/us\/DPL418%20-%20586.pdf\">DPL418 &#8211; 586<\/a><\/li>\n<\/ul>\n<h6><strong>Avantages :<\/strong><\/h6>\n<ul>\n<li style=\"list-style-type: none;\">\n<ul>\n<li>Garantit des performances optimales dans les environnements exigeants.<\/li>\n<li>Con\u00e7u pour la pr\u00e9cision et la fiabilit\u00e9.<\/li>\n<li>Con\u00e7u pour r\u00e9pondre aux normes strictes de l&#8217;industrie.<\/li>\n<li>Am\u00e9liore l&#8217;efficacit\u00e9 et la s\u00e9curit\u00e9 des op\u00e9rations.<\/li>\n<\/ul>\n<\/li>\n<\/ul>\n<h6><strong>D\u00e9tails du produit :<\/strong><\/h6>\n<ul>\n<li style=\"list-style-type: none;\">\n<ul>\n<li>Fabriqu\u00e9 \u00e0 partir de mat\u00e9riaux de haute qualit\u00e9 pour une plus grande durabilit\u00e9.<\/li>\n<li>Disponible en plusieurs tailles pour s&#8217;adapter \u00e0 diverses applications.<\/li>\n<li>Compatible avec une large gamme de syst\u00e8mes.<\/li>\n<li>Test\u00e9 pour r\u00e9sister \u00e0 des conditions extr\u00eames.<\/li>\n<\/ul>\n<\/li>\n<\/ul>\n","protected":false},"excerpt":{"rendered":"<h4>Principaux avantages des bouchons SMS 16AMP &#8211; Dixon pour les brasseurs professionnels :<\/h4>\n<ul>\n<li>Garantit des performances et une fiabilit\u00e9 optimales, m\u00eame dans les environnements de brassage les plus exigeants.<\/li>\n<li>Am\u00e9liore l&#8217;efficacit\u00e9 op\u00e9rationnelle et la s\u00e9curit\u00e9, en s&#8217;alignant sur les normes strictes de l&#8217;industrie.<\/li>\n<li>Fabriqu\u00e9 \u00e0 partir de mat\u00e9riaux de haute qualit\u00e9, il est durable et compatible avec diff\u00e9rents syst\u00e8mes de brassage.<\/li>\n<\/ul>\n","protected":false},"featured_media":11884,"template":"","meta":{"_acf_changed":false,"inline_featured_image":false},"product_brand":[740],"product_cat":[736,741,765],"product_tag":[],"class_list":{"0":"post-11882","1":"product","2":"type-product","3":"status-publish","4":"has-post-thumbnail","6":"product_brand-dixon","7":"product_cat-distribution","8":"product_cat-materiel","9":"product_cat-raccords-sanitaires","11":"first","12":"instock","13":"taxable","14":"shipping-taxable","15":"purchasable","16":"product-type-variable"},"acf":[],"yoast_head":"<!-- This site is optimized with the Yoast SEO plugin v27.6 - https:\/\/yoast.com\/product\/yoast-seo-wordpress\/ -->\n<title>16AMP SMS Blank Caps - Dixon - Pour brasseries professionnelles | Zytho<\/title>\n<meta name=\"description\" content=\"D\u00e9couvrez les bouchons SMS 16AMP de Dixon, con\u00e7us pour la pr\u00e9cision et la fiabilit\u00e9. Am\u00e9liorez l&#039;efficacit\u00e9 et la s\u00e9curit\u00e9 de votre brasserie avec des bouchons durables et conformes aux normes de l&#039;industrie.\" \/>\n<meta name=\"robots\" content=\"index, follow, max-snippet:-1, max-image-preview:large, max-video-preview:-1\" \/>\n<link rel=\"canonical\" href=\"https:\/\/www.zytho.ca\/fr\/produit\/16amp-sms-blank-caps-dixon\/\" \/>\n<meta property=\"og:locale\" content=\"fr_FR\" \/>\n<meta property=\"og:type\" content=\"article\" \/>\n<meta property=\"og:title\" content=\"16AMP SMS Blank Caps - Dixon - Pour brasseries professionnelles | Zytho\" \/>\n<meta property=\"og:description\" content=\"D\u00e9couvrez les bouchons SMS 16AMP de Dixon, con\u00e7us pour la pr\u00e9cision et la fiabilit\u00e9. Am\u00e9liorez l&#039;efficacit\u00e9 et la s\u00e9curit\u00e9 de votre brasserie avec des bouchons durables et conformes aux normes de l&#039;industrie.\" \/>\n<meta property=\"og:url\" content=\"https:\/\/www.zytho.ca\/fr\/produit\/16amp-sms-blank-caps-dixon\/\" \/>\n<meta property=\"og:site_name\" content=\"Zytho\" \/>\n<meta property=\"og:image\" content=\"https:\/\/www.zytho.ca\/wp-content\/uploads\/2025\/10\/16AMP-SMS-Blank-Caps-Dixon.jpg\" \/>\n\t<meta property=\"og:image:width\" content=\"315\" \/>\n\t<meta property=\"og:image:height\" content=\"315\" \/>\n\t<meta property=\"og:image:type\" content=\"image\/jpeg\" \/>\n<meta name=\"twitter:card\" content=\"summary_large_image\" \/>\n<script type=\"application\/ld+json\" class=\"yoast-schema-graph\">{\"@context\":\"https:\\\/\\\/schema.org\",\"@graph\":[{\"@type\":\"WebPage\",\"@id\":\"https:\\\/\\\/www.zytho.ca\\\/fr\\\/produit\\\/16amp-sms-blank-caps-dixon\\\/\",\"url\":\"https:\\\/\\\/www.zytho.ca\\\/fr\\\/produit\\\/16amp-sms-blank-caps-dixon\\\/\",\"name\":\"16AMP SMS Blank Caps - Dixon - Pour brasseries professionnelles | Zytho\",\"isPartOf\":{\"@id\":\"https:\\\/\\\/www.zytho.ca\\\/fr\\\/#website\"},\"primaryImageOfPage\":{\"@id\":\"https:\\\/\\\/www.zytho.ca\\\/fr\\\/produit\\\/16amp-sms-blank-caps-dixon\\\/#primaryimage\"},\"image\":{\"@id\":\"https:\\\/\\\/www.zytho.ca\\\/fr\\\/produit\\\/16amp-sms-blank-caps-dixon\\\/#primaryimage\"},\"thumbnailUrl\":\"https:\\\/\\\/www.zytho.ca\\\/wp-content\\\/uploads\\\/2025\\\/10\\\/16AMP-SMS-Blank-Caps-Dixon.jpg\",\"datePublished\":\"2025-10-27T15:48:54+00:00\",\"description\":\"D\u00e9couvrez les bouchons SMS 16AMP de Dixon, con\u00e7us pour la pr\u00e9cision et la fiabilit\u00e9. Am\u00e9liorez l'efficacit\u00e9 et la s\u00e9curit\u00e9 de votre brasserie avec des bouchons durables et conformes aux normes de l'industrie.\",\"breadcrumb\":{\"@id\":\"https:\\\/\\\/www.zytho.ca\\\/fr\\\/produit\\\/16amp-sms-blank-caps-dixon\\\/#breadcrumb\"},\"inLanguage\":\"fr-FR\",\"potentialAction\":[{\"@type\":\"ReadAction\",\"target\":[\"https:\\\/\\\/www.zytho.ca\\\/fr\\\/produit\\\/16amp-sms-blank-caps-dixon\\\/\"]}]},{\"@type\":\"ImageObject\",\"inLanguage\":\"fr-FR\",\"@id\":\"https:\\\/\\\/www.zytho.ca\\\/fr\\\/produit\\\/16amp-sms-blank-caps-dixon\\\/#primaryimage\",\"url\":\"https:\\\/\\\/www.zytho.ca\\\/wp-content\\\/uploads\\\/2025\\\/10\\\/16AMP-SMS-Blank-Caps-Dixon.jpg\",\"contentUrl\":\"https:\\\/\\\/www.zytho.ca\\\/wp-content\\\/uploads\\\/2025\\\/10\\\/16AMP-SMS-Blank-Caps-Dixon.jpg\",\"width\":315,\"height\":315},{\"@type\":\"BreadcrumbList\",\"@id\":\"https:\\\/\\\/www.zytho.ca\\\/fr\\\/produit\\\/16amp-sms-blank-caps-dixon\\\/#breadcrumb\",\"itemListElement\":[{\"@type\":\"ListItem\",\"position\":1,\"name\":\"Accueil\",\"item\":\"https:\\\/\\\/www.zytho.ca\\\/fr\\\/\"},{\"@type\":\"ListItem\",\"position\":2,\"name\":\"Shop\",\"item\":\"https:\\\/\\\/www.zytho.ca\\\/fr\\\/shop\\\/\"},{\"@type\":\"ListItem\",\"position\":3,\"name\":\"16AMP SMS Blank Caps &#8211; Dixon\"}]},{\"@type\":\"WebSite\",\"@id\":\"https:\\\/\\\/www.zytho.ca\\\/fr\\\/#website\",\"url\":\"https:\\\/\\\/www.zytho.ca\\\/fr\\\/\",\"name\":\"Zytho\",\"description\":\"\",\"publisher\":{\"@id\":\"https:\\\/\\\/www.zytho.ca\\\/fr\\\/#organization\"},\"potentialAction\":[{\"@type\":\"SearchAction\",\"target\":{\"@type\":\"EntryPoint\",\"urlTemplate\":\"https:\\\/\\\/www.zytho.ca\\\/fr\\\/?s={search_term_string}\"},\"query-input\":{\"@type\":\"PropertyValueSpecification\",\"valueRequired\":true,\"valueName\":\"search_term_string\"}}],\"inLanguage\":\"fr-FR\"},{\"@type\":\"Organization\",\"@id\":\"https:\\\/\\\/www.zytho.ca\\\/fr\\\/#organization\",\"name\":\"Zytho\",\"url\":\"https:\\\/\\\/www.zytho.ca\\\/fr\\\/\",\"logo\":{\"@type\":\"ImageObject\",\"inLanguage\":\"fr-FR\",\"@id\":\"https:\\\/\\\/www.zytho.ca\\\/fr\\\/#\\\/schema\\\/logo\\\/image\\\/\",\"url\":\"https:\\\/\\\/www.zytho.ca\\\/wp-content\\\/uploads\\\/2024\\\/05\\\/Zytho_reversed_horizontal.svg\",\"contentUrl\":\"https:\\\/\\\/www.zytho.ca\\\/wp-content\\\/uploads\\\/2024\\\/05\\\/Zytho_reversed_horizontal.svg\",\"width\":1582,\"height\":490,\"caption\":\"Zytho\"},\"image\":{\"@id\":\"https:\\\/\\\/www.zytho.ca\\\/fr\\\/#\\\/schema\\\/logo\\\/image\\\/\"}}]}<\/script>\n<!-- \/ Yoast SEO plugin. -->","yoast_head_json":{"title":"16AMP SMS Blank Caps - Dixon - Pour brasseries professionnelles | Zytho","description":"D\u00e9couvrez les bouchons SMS 16AMP de Dixon, con\u00e7us pour la pr\u00e9cision et la fiabilit\u00e9. Am\u00e9liorez l'efficacit\u00e9 et la s\u00e9curit\u00e9 de votre brasserie avec des bouchons durables et conformes aux normes de l'industrie.","robots":{"index":"index","follow":"follow","max-snippet":"max-snippet:-1","max-image-preview":"max-image-preview:large","max-video-preview":"max-video-preview:-1"},"canonical":"https:\/\/www.zytho.ca\/fr\/produit\/16amp-sms-blank-caps-dixon\/","og_locale":"fr_FR","og_type":"article","og_title":"16AMP SMS Blank Caps - Dixon - Pour brasseries professionnelles | Zytho","og_description":"D\u00e9couvrez les bouchons SMS 16AMP de Dixon, con\u00e7us pour la pr\u00e9cision et la fiabilit\u00e9. Am\u00e9liorez l'efficacit\u00e9 et la s\u00e9curit\u00e9 de votre brasserie avec des bouchons durables et conformes aux normes de l'industrie.","og_url":"https:\/\/www.zytho.ca\/fr\/produit\/16amp-sms-blank-caps-dixon\/","og_site_name":"Zytho","og_image":[{"width":315,"height":315,"url":"https:\/\/www.zytho.ca\/wp-content\/uploads\/2025\/10\/16AMP-SMS-Blank-Caps-Dixon.jpg","type":"image\/jpeg"}],"twitter_card":"summary_large_image","schema":{"@context":"https:\/\/schema.org","@graph":[{"@type":"WebPage","@id":"https:\/\/www.zytho.ca\/fr\/produit\/16amp-sms-blank-caps-dixon\/","url":"https:\/\/www.zytho.ca\/fr\/produit\/16amp-sms-blank-caps-dixon\/","name":"16AMP SMS Blank Caps - Dixon - Pour brasseries professionnelles | Zytho","isPartOf":{"@id":"https:\/\/www.zytho.ca\/fr\/#website"},"primaryImageOfPage":{"@id":"https:\/\/www.zytho.ca\/fr\/produit\/16amp-sms-blank-caps-dixon\/#primaryimage"},"image":{"@id":"https:\/\/www.zytho.ca\/fr\/produit\/16amp-sms-blank-caps-dixon\/#primaryimage"},"thumbnailUrl":"https:\/\/www.zytho.ca\/wp-content\/uploads\/2025\/10\/16AMP-SMS-Blank-Caps-Dixon.jpg","datePublished":"2025-10-27T15:48:54+00:00","description":"D\u00e9couvrez les bouchons SMS 16AMP de Dixon, con\u00e7us pour la pr\u00e9cision et la fiabilit\u00e9. Am\u00e9liorez l'efficacit\u00e9 et la s\u00e9curit\u00e9 de votre brasserie avec des bouchons durables et conformes aux normes de l'industrie.","breadcrumb":{"@id":"https:\/\/www.zytho.ca\/fr\/produit\/16amp-sms-blank-caps-dixon\/#breadcrumb"},"inLanguage":"fr-FR","potentialAction":[{"@type":"ReadAction","target":["https:\/\/www.zytho.ca\/fr\/produit\/16amp-sms-blank-caps-dixon\/"]}]},{"@type":"ImageObject","inLanguage":"fr-FR","@id":"https:\/\/www.zytho.ca\/fr\/produit\/16amp-sms-blank-caps-dixon\/#primaryimage","url":"https:\/\/www.zytho.ca\/wp-content\/uploads\/2025\/10\/16AMP-SMS-Blank-Caps-Dixon.jpg","contentUrl":"https:\/\/www.zytho.ca\/wp-content\/uploads\/2025\/10\/16AMP-SMS-Blank-Caps-Dixon.jpg","width":315,"height":315},{"@type":"BreadcrumbList","@id":"https:\/\/www.zytho.ca\/fr\/produit\/16amp-sms-blank-caps-dixon\/#breadcrumb","itemListElement":[{"@type":"ListItem","position":1,"name":"Accueil","item":"https:\/\/www.zytho.ca\/fr\/"},{"@type":"ListItem","position":2,"name":"Shop","item":"https:\/\/www.zytho.ca\/fr\/shop\/"},{"@type":"ListItem","position":3,"name":"16AMP SMS Blank Caps &#8211; Dixon"}]},{"@type":"WebSite","@id":"https:\/\/www.zytho.ca\/fr\/#website","url":"https:\/\/www.zytho.ca\/fr\/","name":"Zytho","description":"","publisher":{"@id":"https:\/\/www.zytho.ca\/fr\/#organization"},"potentialAction":[{"@type":"SearchAction","target":{"@type":"EntryPoint","urlTemplate":"https:\/\/www.zytho.ca\/fr\/?s={search_term_string}"},"query-input":{"@type":"PropertyValueSpecification","valueRequired":true,"valueName":"search_term_string"}}],"inLanguage":"fr-FR"},{"@type":"Organization","@id":"https:\/\/www.zytho.ca\/fr\/#organization","name":"Zytho","url":"https:\/\/www.zytho.ca\/fr\/","logo":{"@type":"ImageObject","inLanguage":"fr-FR","@id":"https:\/\/www.zytho.ca\/fr\/#\/schema\/logo\/image\/","url":"https:\/\/www.zytho.ca\/wp-content\/uploads\/2024\/05\/Zytho_reversed_horizontal.svg","contentUrl":"https:\/\/www.zytho.ca\/wp-content\/uploads\/2024\/05\/Zytho_reversed_horizontal.svg","width":1582,"height":490,"caption":"Zytho"},"image":{"@id":"https:\/\/www.zytho.ca\/fr\/#\/schema\/logo\/image\/"}}]}},"_links":{"self":[{"href":"https:\/\/www.zytho.ca\/fr\/wp-json\/wp\/v2\/product\/11882","targetHints":{"allow":["GET"]}}],"collection":[{"href":"https:\/\/www.zytho.ca\/fr\/wp-json\/wp\/v2\/product"}],"about":[{"href":"https:\/\/www.zytho.ca\/fr\/wp-json\/wp\/v2\/types\/product"}],"wp:featuredmedia":[{"embeddable":true,"href":"https:\/\/www.zytho.ca\/fr\/wp-json\/wp\/v2\/media\/11884"}],"wp:attachment":[{"href":"https:\/\/www.zytho.ca\/fr\/wp-json\/wp\/v2\/media?parent=11882"}],"wp:term":[{"taxonomy":"product_brand","embeddable":true,"href":"https:\/\/www.zytho.ca\/fr\/wp-json\/wp\/v2\/product_brand?post=11882"},{"taxonomy":"product_cat","embeddable":true,"href":"https:\/\/www.zytho.ca\/fr\/wp-json\/wp\/v2\/product_cat?post=11882"},{"taxonomy":"product_tag","embeddable":true,"href":"https:\/\/www.zytho.ca\/fr\/wp-json\/wp\/v2\/product_tag?post=11882"}],"curies":[{"name":"wp","href":"https:\/\/api.w.org\/{rel}","templated":true}]}}