{"id":11757,"date":"2025-10-27T15:49:26","date_gmt":"2025-10-27T15:49:26","guid":{"rendered":"https:\/\/zytho.ca\/product\/14ahr-adaptateurs-pour-tuyaux-en-caoutchouc-a-siege-biseaute-dixon\/"},"modified":"2025-11-07T11:46:26","modified_gmt":"2025-11-07T11:46:26","slug":"14ahr-adaptateurs-pour-tuyaux-en-caoutchouc-a-siege-biseaute-dixon","status":"publish","type":"product","link":"https:\/\/www.zytho.ca\/fr\/produit\/14ahr-adaptateurs-pour-tuyaux-en-caoutchouc-a-siege-biseaute-dixon\/","title":{"rendered":"14AHR Adaptateurs pour tuyaux en caoutchouc \u00e0 si\u00e8ge biseaut\u00e9 &#8211; Dixon"},"content":{"rendered":"<h6><strong>Avantages<\/strong><\/h6>\n<ul>\n<li>Assure un ajustement pr\u00e9cis et la compatibilit\u00e9 avec les composants standard de l&#8217;industrie.<\/li>\n<li>Optimis\u00e9 pour les applications \u00e0 haute performance, il am\u00e9liore l&#8217;efficacit\u00e9 op\u00e9rationnelle.<\/li>\n<li>Fabriqu\u00e9 \u00e0 partir de mat\u00e9riaux durables pour une dur\u00e9e de vie et une fiabilit\u00e9 accrues.<\/li>\n<\/ul>\n<h6><strong>D\u00e9tails du produit<\/strong><\/h6>\n<ul>\n<li>Fabriqu\u00e9 selon des normes rigoureuses pour r\u00e9pondre aux exigences rigoureuses de l&#8217;industrie.<\/li>\n<li>Con\u00e7u pour une int\u00e9gration transparente dans les syst\u00e8mes existants.<\/li>\n<li>Disponible dans une gamme de tailles pour r\u00e9pondre aux besoins d&#8217;applications diverses.<\/li>\n<\/ul>\n<h6><strong>Sp\u00e9cifications dimensionnelles<\/strong><\/h6>\n<ul>\n<li><a href=\"https:\/\/www.dixonvalve.com\/sites\/default\/files\/product\/files\/dimensional-specs\/14AHR-G100.PDF\">Sp\u00e9cifications dimensionnelles<\/a><\/li>\n<\/ul>\n","protected":false},"excerpt":{"rendered":"<h4>Principaux avantages des adaptateurs de tuyau en caoutchouc \u00e0 si\u00e8ge biseaut\u00e9 plat 14AHR pour les brasseurs professionnels<\/h4>\n<ul>\n<li>Assure un ajustement pr\u00e9cis et une compatibilit\u00e9 avec l&#8217;\u00e9quipement de brassage standard.<\/li>\n<li>Con\u00e7ue pour des performances \u00e9lev\u00e9es, elle am\u00e9liore l&#8217;efficacit\u00e9 du brassage.<\/li>\n<li>Fabriqu\u00e9 \u00e0 partir de mat\u00e9riaux durables pour une utilisation fiable \u00e0 long terme.<\/li>\n<\/ul>\n","protected":false},"featured_media":11758,"template":"","meta":{"_acf_changed":false,"inline_featured_image":false},"product_brand":[740],"product_cat":[736,741,765],"product_tag":[],"class_list":{"0":"post-11757","1":"product","2":"type-product","3":"status-publish","4":"has-post-thumbnail","6":"product_brand-dixon","7":"product_cat-distribution","8":"product_cat-materiel","9":"product_cat-raccords-sanitaires","11":"first","12":"instock","13":"taxable","14":"shipping-taxable","15":"purchasable","16":"product-type-variable"},"acf":[],"yoast_head":"<!-- This site is optimized with the Yoast SEO plugin v27.6 - https:\/\/yoast.com\/product\/yoast-seo-wordpress\/ -->\n<title>14AHR Adaptateurs de tuyau en caoutchouc \u00e0 si\u00e8ge biseaut\u00e9 - Dixon - Pour brasseries professionnelles | Zytho<\/title>\n<meta name=\"description\" content=\"D\u00e9couvrez les adaptateurs de tuyau en caoutchouc 14AHR Plain Bevel Seat de Dixon, con\u00e7us pour les brasseurs professionnels. Assurez-vous d&#039;un ajustement pr\u00e9cis, am\u00e9liorez l&#039;efficacit\u00e9 et profitez d&#039;une durabilit\u00e9 \u00e0 long terme.\" \/>\n<meta name=\"robots\" content=\"index, follow, max-snippet:-1, max-image-preview:large, max-video-preview:-1\" \/>\n<link rel=\"canonical\" href=\"https:\/\/www.zytho.ca\/fr\/produit\/14ahr-adaptateurs-pour-tuyaux-en-caoutchouc-a-siege-biseaute-dixon\/\" \/>\n<meta property=\"og:locale\" content=\"fr_FR\" \/>\n<meta property=\"og:type\" content=\"article\" \/>\n<meta property=\"og:title\" content=\"14AHR Adaptateurs de tuyau en caoutchouc \u00e0 si\u00e8ge biseaut\u00e9 - Dixon - Pour brasseries professionnelles | Zytho\" \/>\n<meta property=\"og:description\" content=\"D\u00e9couvrez les adaptateurs de tuyau en caoutchouc 14AHR Plain Bevel Seat de Dixon, con\u00e7us pour les brasseurs professionnels. Assurez-vous d&#039;un ajustement pr\u00e9cis, am\u00e9liorez l&#039;efficacit\u00e9 et profitez d&#039;une durabilit\u00e9 \u00e0 long terme.\" \/>\n<meta property=\"og:url\" content=\"https:\/\/www.zytho.ca\/fr\/produit\/14ahr-adaptateurs-pour-tuyaux-en-caoutchouc-a-siege-biseaute-dixon\/\" \/>\n<meta property=\"og:site_name\" content=\"Zytho\" \/>\n<meta property=\"article:modified_time\" content=\"2025-11-07T11:46:26+00:00\" \/>\n<meta property=\"og:image\" content=\"https:\/\/www.zytho.ca\/wp-content\/uploads\/2025\/10\/14AHR-Plain-Bevel-Seat-Rubber-Hose-Adapters-Dixon.jpg\" \/>\n\t<meta property=\"og:image:width\" content=\"440\" \/>\n\t<meta property=\"og:image:height\" content=\"440\" \/>\n\t<meta property=\"og:image:type\" content=\"image\/jpeg\" \/>\n<meta name=\"twitter:card\" content=\"summary_large_image\" \/>\n<script type=\"application\/ld+json\" class=\"yoast-schema-graph\">{\"@context\":\"https:\\\/\\\/schema.org\",\"@graph\":[{\"@type\":\"WebPage\",\"@id\":\"https:\\\/\\\/www.zytho.ca\\\/fr\\\/produit\\\/14ahr-adaptateurs-pour-tuyaux-en-caoutchouc-a-siege-biseaute-dixon\\\/\",\"url\":\"https:\\\/\\\/www.zytho.ca\\\/fr\\\/produit\\\/14ahr-adaptateurs-pour-tuyaux-en-caoutchouc-a-siege-biseaute-dixon\\\/\",\"name\":\"14AHR Adaptateurs de tuyau en caoutchouc \u00e0 si\u00e8ge biseaut\u00e9 - Dixon - Pour brasseries professionnelles | Zytho\",\"isPartOf\":{\"@id\":\"https:\\\/\\\/www.zytho.ca\\\/fr\\\/#website\"},\"primaryImageOfPage\":{\"@id\":\"https:\\\/\\\/www.zytho.ca\\\/fr\\\/produit\\\/14ahr-adaptateurs-pour-tuyaux-en-caoutchouc-a-siege-biseaute-dixon\\\/#primaryimage\"},\"image\":{\"@id\":\"https:\\\/\\\/www.zytho.ca\\\/fr\\\/produit\\\/14ahr-adaptateurs-pour-tuyaux-en-caoutchouc-a-siege-biseaute-dixon\\\/#primaryimage\"},\"thumbnailUrl\":\"https:\\\/\\\/www.zytho.ca\\\/wp-content\\\/uploads\\\/2025\\\/10\\\/14AHR-Plain-Bevel-Seat-Rubber-Hose-Adapters-Dixon.jpg\",\"datePublished\":\"2025-10-27T15:49:26+00:00\",\"dateModified\":\"2025-11-07T11:46:26+00:00\",\"description\":\"D\u00e9couvrez les adaptateurs de tuyau en caoutchouc 14AHR Plain Bevel Seat de Dixon, con\u00e7us pour les brasseurs professionnels. Assurez-vous d'un ajustement pr\u00e9cis, am\u00e9liorez l'efficacit\u00e9 et profitez d'une durabilit\u00e9 \u00e0 long terme.\",\"breadcrumb\":{\"@id\":\"https:\\\/\\\/www.zytho.ca\\\/fr\\\/produit\\\/14ahr-adaptateurs-pour-tuyaux-en-caoutchouc-a-siege-biseaute-dixon\\\/#breadcrumb\"},\"inLanguage\":\"fr-FR\",\"potentialAction\":[{\"@type\":\"ReadAction\",\"target\":[\"https:\\\/\\\/www.zytho.ca\\\/fr\\\/produit\\\/14ahr-adaptateurs-pour-tuyaux-en-caoutchouc-a-siege-biseaute-dixon\\\/\"]}]},{\"@type\":\"ImageObject\",\"inLanguage\":\"fr-FR\",\"@id\":\"https:\\\/\\\/www.zytho.ca\\\/fr\\\/produit\\\/14ahr-adaptateurs-pour-tuyaux-en-caoutchouc-a-siege-biseaute-dixon\\\/#primaryimage\",\"url\":\"https:\\\/\\\/www.zytho.ca\\\/wp-content\\\/uploads\\\/2025\\\/10\\\/14AHR-Plain-Bevel-Seat-Rubber-Hose-Adapters-Dixon.jpg\",\"contentUrl\":\"https:\\\/\\\/www.zytho.ca\\\/wp-content\\\/uploads\\\/2025\\\/10\\\/14AHR-Plain-Bevel-Seat-Rubber-Hose-Adapters-Dixon.jpg\",\"width\":440,\"height\":440},{\"@type\":\"BreadcrumbList\",\"@id\":\"https:\\\/\\\/www.zytho.ca\\\/fr\\\/produit\\\/14ahr-adaptateurs-pour-tuyaux-en-caoutchouc-a-siege-biseaute-dixon\\\/#breadcrumb\",\"itemListElement\":[{\"@type\":\"ListItem\",\"position\":1,\"name\":\"Accueil\",\"item\":\"https:\\\/\\\/www.zytho.ca\\\/fr\\\/\"},{\"@type\":\"ListItem\",\"position\":2,\"name\":\"Shop\",\"item\":\"https:\\\/\\\/www.zytho.ca\\\/fr\\\/shop\\\/\"},{\"@type\":\"ListItem\",\"position\":3,\"name\":\"14AHR Adaptateurs pour tuyaux en caoutchouc \u00e0 si\u00e8ge biseaut\u00e9 &#8211; Dixon\"}]},{\"@type\":\"WebSite\",\"@id\":\"https:\\\/\\\/www.zytho.ca\\\/fr\\\/#website\",\"url\":\"https:\\\/\\\/www.zytho.ca\\\/fr\\\/\",\"name\":\"Zytho\",\"description\":\"\",\"publisher\":{\"@id\":\"https:\\\/\\\/www.zytho.ca\\\/fr\\\/#organization\"},\"potentialAction\":[{\"@type\":\"SearchAction\",\"target\":{\"@type\":\"EntryPoint\",\"urlTemplate\":\"https:\\\/\\\/www.zytho.ca\\\/fr\\\/?s={search_term_string}\"},\"query-input\":{\"@type\":\"PropertyValueSpecification\",\"valueRequired\":true,\"valueName\":\"search_term_string\"}}],\"inLanguage\":\"fr-FR\"},{\"@type\":\"Organization\",\"@id\":\"https:\\\/\\\/www.zytho.ca\\\/fr\\\/#organization\",\"name\":\"Zytho\",\"url\":\"https:\\\/\\\/www.zytho.ca\\\/fr\\\/\",\"logo\":{\"@type\":\"ImageObject\",\"inLanguage\":\"fr-FR\",\"@id\":\"https:\\\/\\\/www.zytho.ca\\\/fr\\\/#\\\/schema\\\/logo\\\/image\\\/\",\"url\":\"https:\\\/\\\/www.zytho.ca\\\/wp-content\\\/uploads\\\/2024\\\/05\\\/Zytho_reversed_horizontal.svg\",\"contentUrl\":\"https:\\\/\\\/www.zytho.ca\\\/wp-content\\\/uploads\\\/2024\\\/05\\\/Zytho_reversed_horizontal.svg\",\"width\":1582,\"height\":490,\"caption\":\"Zytho\"},\"image\":{\"@id\":\"https:\\\/\\\/www.zytho.ca\\\/fr\\\/#\\\/schema\\\/logo\\\/image\\\/\"}}]}<\/script>\n<!-- \/ Yoast SEO plugin. -->","yoast_head_json":{"title":"14AHR Adaptateurs de tuyau en caoutchouc \u00e0 si\u00e8ge biseaut\u00e9 - Dixon - Pour brasseries professionnelles | Zytho","description":"D\u00e9couvrez les adaptateurs de tuyau en caoutchouc 14AHR Plain Bevel Seat de Dixon, con\u00e7us pour les brasseurs professionnels. Assurez-vous d'un ajustement pr\u00e9cis, am\u00e9liorez l'efficacit\u00e9 et profitez d'une durabilit\u00e9 \u00e0 long terme.","robots":{"index":"index","follow":"follow","max-snippet":"max-snippet:-1","max-image-preview":"max-image-preview:large","max-video-preview":"max-video-preview:-1"},"canonical":"https:\/\/www.zytho.ca\/fr\/produit\/14ahr-adaptateurs-pour-tuyaux-en-caoutchouc-a-siege-biseaute-dixon\/","og_locale":"fr_FR","og_type":"article","og_title":"14AHR Adaptateurs de tuyau en caoutchouc \u00e0 si\u00e8ge biseaut\u00e9 - Dixon - Pour brasseries professionnelles | Zytho","og_description":"D\u00e9couvrez les adaptateurs de tuyau en caoutchouc 14AHR Plain Bevel Seat de Dixon, con\u00e7us pour les brasseurs professionnels. Assurez-vous d'un ajustement pr\u00e9cis, am\u00e9liorez l'efficacit\u00e9 et profitez d'une durabilit\u00e9 \u00e0 long terme.","og_url":"https:\/\/www.zytho.ca\/fr\/produit\/14ahr-adaptateurs-pour-tuyaux-en-caoutchouc-a-siege-biseaute-dixon\/","og_site_name":"Zytho","article_modified_time":"2025-11-07T11:46:26+00:00","og_image":[{"width":440,"height":440,"url":"https:\/\/www.zytho.ca\/wp-content\/uploads\/2025\/10\/14AHR-Plain-Bevel-Seat-Rubber-Hose-Adapters-Dixon.jpg","type":"image\/jpeg"}],"twitter_card":"summary_large_image","schema":{"@context":"https:\/\/schema.org","@graph":[{"@type":"WebPage","@id":"https:\/\/www.zytho.ca\/fr\/produit\/14ahr-adaptateurs-pour-tuyaux-en-caoutchouc-a-siege-biseaute-dixon\/","url":"https:\/\/www.zytho.ca\/fr\/produit\/14ahr-adaptateurs-pour-tuyaux-en-caoutchouc-a-siege-biseaute-dixon\/","name":"14AHR Adaptateurs de tuyau en caoutchouc \u00e0 si\u00e8ge biseaut\u00e9 - Dixon - Pour brasseries professionnelles | Zytho","isPartOf":{"@id":"https:\/\/www.zytho.ca\/fr\/#website"},"primaryImageOfPage":{"@id":"https:\/\/www.zytho.ca\/fr\/produit\/14ahr-adaptateurs-pour-tuyaux-en-caoutchouc-a-siege-biseaute-dixon\/#primaryimage"},"image":{"@id":"https:\/\/www.zytho.ca\/fr\/produit\/14ahr-adaptateurs-pour-tuyaux-en-caoutchouc-a-siege-biseaute-dixon\/#primaryimage"},"thumbnailUrl":"https:\/\/www.zytho.ca\/wp-content\/uploads\/2025\/10\/14AHR-Plain-Bevel-Seat-Rubber-Hose-Adapters-Dixon.jpg","datePublished":"2025-10-27T15:49:26+00:00","dateModified":"2025-11-07T11:46:26+00:00","description":"D\u00e9couvrez les adaptateurs de tuyau en caoutchouc 14AHR Plain Bevel Seat de Dixon, con\u00e7us pour les brasseurs professionnels. Assurez-vous d'un ajustement pr\u00e9cis, am\u00e9liorez l'efficacit\u00e9 et profitez d'une durabilit\u00e9 \u00e0 long terme.","breadcrumb":{"@id":"https:\/\/www.zytho.ca\/fr\/produit\/14ahr-adaptateurs-pour-tuyaux-en-caoutchouc-a-siege-biseaute-dixon\/#breadcrumb"},"inLanguage":"fr-FR","potentialAction":[{"@type":"ReadAction","target":["https:\/\/www.zytho.ca\/fr\/produit\/14ahr-adaptateurs-pour-tuyaux-en-caoutchouc-a-siege-biseaute-dixon\/"]}]},{"@type":"ImageObject","inLanguage":"fr-FR","@id":"https:\/\/www.zytho.ca\/fr\/produit\/14ahr-adaptateurs-pour-tuyaux-en-caoutchouc-a-siege-biseaute-dixon\/#primaryimage","url":"https:\/\/www.zytho.ca\/wp-content\/uploads\/2025\/10\/14AHR-Plain-Bevel-Seat-Rubber-Hose-Adapters-Dixon.jpg","contentUrl":"https:\/\/www.zytho.ca\/wp-content\/uploads\/2025\/10\/14AHR-Plain-Bevel-Seat-Rubber-Hose-Adapters-Dixon.jpg","width":440,"height":440},{"@type":"BreadcrumbList","@id":"https:\/\/www.zytho.ca\/fr\/produit\/14ahr-adaptateurs-pour-tuyaux-en-caoutchouc-a-siege-biseaute-dixon\/#breadcrumb","itemListElement":[{"@type":"ListItem","position":1,"name":"Accueil","item":"https:\/\/www.zytho.ca\/fr\/"},{"@type":"ListItem","position":2,"name":"Shop","item":"https:\/\/www.zytho.ca\/fr\/shop\/"},{"@type":"ListItem","position":3,"name":"14AHR Adaptateurs pour tuyaux en caoutchouc \u00e0 si\u00e8ge biseaut\u00e9 &#8211; Dixon"}]},{"@type":"WebSite","@id":"https:\/\/www.zytho.ca\/fr\/#website","url":"https:\/\/www.zytho.ca\/fr\/","name":"Zytho","description":"","publisher":{"@id":"https:\/\/www.zytho.ca\/fr\/#organization"},"potentialAction":[{"@type":"SearchAction","target":{"@type":"EntryPoint","urlTemplate":"https:\/\/www.zytho.ca\/fr\/?s={search_term_string}"},"query-input":{"@type":"PropertyValueSpecification","valueRequired":true,"valueName":"search_term_string"}}],"inLanguage":"fr-FR"},{"@type":"Organization","@id":"https:\/\/www.zytho.ca\/fr\/#organization","name":"Zytho","url":"https:\/\/www.zytho.ca\/fr\/","logo":{"@type":"ImageObject","inLanguage":"fr-FR","@id":"https:\/\/www.zytho.ca\/fr\/#\/schema\/logo\/image\/","url":"https:\/\/www.zytho.ca\/wp-content\/uploads\/2024\/05\/Zytho_reversed_horizontal.svg","contentUrl":"https:\/\/www.zytho.ca\/wp-content\/uploads\/2024\/05\/Zytho_reversed_horizontal.svg","width":1582,"height":490,"caption":"Zytho"},"image":{"@id":"https:\/\/www.zytho.ca\/fr\/#\/schema\/logo\/image\/"}}]}},"_links":{"self":[{"href":"https:\/\/www.zytho.ca\/fr\/wp-json\/wp\/v2\/product\/11757","targetHints":{"allow":["GET"]}}],"collection":[{"href":"https:\/\/www.zytho.ca\/fr\/wp-json\/wp\/v2\/product"}],"about":[{"href":"https:\/\/www.zytho.ca\/fr\/wp-json\/wp\/v2\/types\/product"}],"wp:featuredmedia":[{"embeddable":true,"href":"https:\/\/www.zytho.ca\/fr\/wp-json\/wp\/v2\/media\/11758"}],"wp:attachment":[{"href":"https:\/\/www.zytho.ca\/fr\/wp-json\/wp\/v2\/media?parent=11757"}],"wp:term":[{"taxonomy":"product_brand","embeddable":true,"href":"https:\/\/www.zytho.ca\/fr\/wp-json\/wp\/v2\/product_brand?post=11757"},{"taxonomy":"product_cat","embeddable":true,"href":"https:\/\/www.zytho.ca\/fr\/wp-json\/wp\/v2\/product_cat?post=11757"},{"taxonomy":"product_tag","embeddable":true,"href":"https:\/\/www.zytho.ca\/fr\/wp-json\/wp\/v2\/product_tag?post=11757"}],"curies":[{"name":"wp","href":"https:\/\/api.w.org\/{rel}","templated":true}]}}