{"id":11727,"date":"2025-10-27T15:49:26","date_gmt":"2025-10-27T15:49:26","guid":{"rendered":"https:\/\/zytho.ca\/product\/embout-de-siege-biseaute-filete-pour-reservoir-a-paroi-epaisse-15w-dixon\/"},"modified":"2025-10-27T15:49:26","modified_gmt":"2025-10-27T15:49:26","slug":"embout-de-siege-biseaute-filete-pour-reservoir-a-paroi-epaisse-15w-dixon","status":"publish","type":"product","link":"https:\/\/www.zytho.ca\/fr\/produit\/embout-de-siege-biseaute-filete-pour-reservoir-a-paroi-epaisse-15w-dixon\/","title":{"rendered":"Embout de si\u00e8ge biseaut\u00e9 filet\u00e9 pour r\u00e9servoir \u00e0 paroi \u00e9paisse 15W &#8211; Dixon"},"content":{"rendered":"<h6><strong>Avantages :<\/strong><\/h6>\n<ul>\n<li>Con\u00e7us pour r\u00e9pondre \u00e0 des normes sanitaires strictes, ils garantissent des performances optimales dans les environnements r\u00e9glement\u00e9s.<\/li>\n<li>Certifi\u00e9s pour r\u00e9pondre aux exigences sp\u00e9cifiques de l&#8217;industrie, ils offrent une assurance de qualit\u00e9 et de fiabilit\u00e9.<\/li>\n<\/ul>\n<h6><strong>D\u00e9tails du produit :<\/strong><\/h6>\n<ul>\n<li>Conforme aux normes sanitaires 3-A pour les raccords sanitaires, num\u00e9ro 63-03, sous l&#8217;autorisation num\u00e9ro 621.<\/li>\n<\/ul>\n<h6><strong>Certifications :<\/strong><\/h6>\n<ul>\n<li><a href=\"https:\/\/www.dixonvalve.com\/sites\/default\/files\/product\/certifications\/621%2063-04-2020.pdf\">Document de certification 3A<\/a><\/li>\n<\/ul>\n","protected":false},"excerpt":{"rendered":"<h4>Principaux avantages pour les brasseurs professionnels :<\/h4>\n<ul>\n<li>Garantit le respect de normes sanitaires strictes, cruciales pour le maintien de la qualit\u00e9 des processus de brassage.<\/li>\n<li>Certifi\u00e9 par l&#8217;industrie pour sa fiabilit\u00e9, il offre une tranquillit\u00e9 d&#8217;esprit dans les environnements de brassage exigeants.<\/li>\n<li>R\u00e9pond aux normes sanitaires 3-A, garantissant le respect des crit\u00e8res reconnus en mati\u00e8re de raccords sanitaires.<\/li>\n<\/ul>\n","protected":false},"featured_media":11729,"template":"","meta":{"_acf_changed":false,"inline_featured_image":false},"product_brand":[740],"product_cat":[736,741,765],"product_tag":[],"class_list":{"0":"post-11727","1":"product","2":"type-product","3":"status-publish","4":"has-post-thumbnail","6":"product_brand-dixon","7":"product_cat-distribution","8":"product_cat-materiel","9":"product_cat-raccords-sanitaires","11":"first","12":"instock","13":"taxable","14":"shipping-taxable","15":"purchasable","16":"product-type-variable"},"acf":[],"yoast_head":"<!-- This site is optimized with the Yoast SEO plugin v27.6 - https:\/\/yoast.com\/product\/yoast-seo-wordpress\/ -->\n<title>15W Heavy Wall Tank Threaded Bevel Seat Ferrule - Dixon - For Pro Breweries | Zytho<\/title>\n<meta name=\"description\" content=\"Optimisez les op\u00e9rations de votre brasserie avec l&#039;embout filet\u00e9 \u00e0 si\u00e8ge biseaut\u00e9 pour r\u00e9servoir \u00e0 paroi \u00e9paisse 15W de Dixon, con\u00e7u pour r\u00e9pondre aux normes sanitaires les plus strictes et \u00e0 une fiabilit\u00e9 certifi\u00e9e.\" \/>\n<meta name=\"robots\" content=\"index, follow, max-snippet:-1, max-image-preview:large, max-video-preview:-1\" \/>\n<link rel=\"canonical\" href=\"https:\/\/www.zytho.ca\/fr\/produit\/embout-de-siege-biseaute-filete-pour-reservoir-a-paroi-epaisse-15w-dixon\/\" \/>\n<meta property=\"og:locale\" content=\"fr_FR\" \/>\n<meta property=\"og:type\" content=\"article\" \/>\n<meta property=\"og:title\" content=\"15W Heavy Wall Tank Threaded Bevel Seat Ferrule - Dixon - For Pro Breweries | Zytho\" \/>\n<meta property=\"og:description\" content=\"Optimisez les op\u00e9rations de votre brasserie avec l&#039;embout filet\u00e9 \u00e0 si\u00e8ge biseaut\u00e9 pour r\u00e9servoir \u00e0 paroi \u00e9paisse 15W de Dixon, con\u00e7u pour r\u00e9pondre aux normes sanitaires les plus strictes et \u00e0 une fiabilit\u00e9 certifi\u00e9e.\" \/>\n<meta property=\"og:url\" content=\"https:\/\/www.zytho.ca\/fr\/produit\/embout-de-siege-biseaute-filete-pour-reservoir-a-paroi-epaisse-15w-dixon\/\" \/>\n<meta property=\"og:site_name\" content=\"Zytho\" \/>\n<meta property=\"og:image\" content=\"https:\/\/www.zytho.ca\/wp-content\/uploads\/2025\/10\/15W-Heavy-Wall-Tank-Threaded-Bevel-Seat-Ferrule-Dixon.jpg\" \/>\n\t<meta property=\"og:image:width\" content=\"560\" \/>\n\t<meta property=\"og:image:height\" content=\"560\" \/>\n\t<meta property=\"og:image:type\" content=\"image\/jpeg\" \/>\n<meta name=\"twitter:card\" content=\"summary_large_image\" \/>\n<script type=\"application\/ld+json\" class=\"yoast-schema-graph\">{\"@context\":\"https:\\\/\\\/schema.org\",\"@graph\":[{\"@type\":\"WebPage\",\"@id\":\"https:\\\/\\\/www.zytho.ca\\\/fr\\\/produit\\\/embout-de-siege-biseaute-filete-pour-reservoir-a-paroi-epaisse-15w-dixon\\\/\",\"url\":\"https:\\\/\\\/www.zytho.ca\\\/fr\\\/produit\\\/embout-de-siege-biseaute-filete-pour-reservoir-a-paroi-epaisse-15w-dixon\\\/\",\"name\":\"15W Heavy Wall Tank Threaded Bevel Seat Ferrule - Dixon - For Pro Breweries | Zytho\",\"isPartOf\":{\"@id\":\"https:\\\/\\\/www.zytho.ca\\\/fr\\\/#website\"},\"primaryImageOfPage\":{\"@id\":\"https:\\\/\\\/www.zytho.ca\\\/fr\\\/produit\\\/embout-de-siege-biseaute-filete-pour-reservoir-a-paroi-epaisse-15w-dixon\\\/#primaryimage\"},\"image\":{\"@id\":\"https:\\\/\\\/www.zytho.ca\\\/fr\\\/produit\\\/embout-de-siege-biseaute-filete-pour-reservoir-a-paroi-epaisse-15w-dixon\\\/#primaryimage\"},\"thumbnailUrl\":\"https:\\\/\\\/www.zytho.ca\\\/wp-content\\\/uploads\\\/2025\\\/10\\\/15W-Heavy-Wall-Tank-Threaded-Bevel-Seat-Ferrule-Dixon.jpg\",\"datePublished\":\"2025-10-27T15:49:26+00:00\",\"description\":\"Optimisez les op\u00e9rations de votre brasserie avec l'embout filet\u00e9 \u00e0 si\u00e8ge biseaut\u00e9 pour r\u00e9servoir \u00e0 paroi \u00e9paisse 15W de Dixon, con\u00e7u pour r\u00e9pondre aux normes sanitaires les plus strictes et \u00e0 une fiabilit\u00e9 certifi\u00e9e.\",\"breadcrumb\":{\"@id\":\"https:\\\/\\\/www.zytho.ca\\\/fr\\\/produit\\\/embout-de-siege-biseaute-filete-pour-reservoir-a-paroi-epaisse-15w-dixon\\\/#breadcrumb\"},\"inLanguage\":\"fr-FR\",\"potentialAction\":[{\"@type\":\"ReadAction\",\"target\":[\"https:\\\/\\\/www.zytho.ca\\\/fr\\\/produit\\\/embout-de-siege-biseaute-filete-pour-reservoir-a-paroi-epaisse-15w-dixon\\\/\"]}]},{\"@type\":\"ImageObject\",\"inLanguage\":\"fr-FR\",\"@id\":\"https:\\\/\\\/www.zytho.ca\\\/fr\\\/produit\\\/embout-de-siege-biseaute-filete-pour-reservoir-a-paroi-epaisse-15w-dixon\\\/#primaryimage\",\"url\":\"https:\\\/\\\/www.zytho.ca\\\/wp-content\\\/uploads\\\/2025\\\/10\\\/15W-Heavy-Wall-Tank-Threaded-Bevel-Seat-Ferrule-Dixon.jpg\",\"contentUrl\":\"https:\\\/\\\/www.zytho.ca\\\/wp-content\\\/uploads\\\/2025\\\/10\\\/15W-Heavy-Wall-Tank-Threaded-Bevel-Seat-Ferrule-Dixon.jpg\",\"width\":560,\"height\":560},{\"@type\":\"BreadcrumbList\",\"@id\":\"https:\\\/\\\/www.zytho.ca\\\/fr\\\/produit\\\/embout-de-siege-biseaute-filete-pour-reservoir-a-paroi-epaisse-15w-dixon\\\/#breadcrumb\",\"itemListElement\":[{\"@type\":\"ListItem\",\"position\":1,\"name\":\"Accueil\",\"item\":\"https:\\\/\\\/www.zytho.ca\\\/fr\\\/\"},{\"@type\":\"ListItem\",\"position\":2,\"name\":\"Shop\",\"item\":\"https:\\\/\\\/www.zytho.ca\\\/fr\\\/shop\\\/\"},{\"@type\":\"ListItem\",\"position\":3,\"name\":\"Embout de si\u00e8ge biseaut\u00e9 filet\u00e9 pour r\u00e9servoir \u00e0 paroi \u00e9paisse 15W &#8211; Dixon\"}]},{\"@type\":\"WebSite\",\"@id\":\"https:\\\/\\\/www.zytho.ca\\\/fr\\\/#website\",\"url\":\"https:\\\/\\\/www.zytho.ca\\\/fr\\\/\",\"name\":\"Zytho\",\"description\":\"\",\"publisher\":{\"@id\":\"https:\\\/\\\/www.zytho.ca\\\/fr\\\/#organization\"},\"potentialAction\":[{\"@type\":\"SearchAction\",\"target\":{\"@type\":\"EntryPoint\",\"urlTemplate\":\"https:\\\/\\\/www.zytho.ca\\\/fr\\\/?s={search_term_string}\"},\"query-input\":{\"@type\":\"PropertyValueSpecification\",\"valueRequired\":true,\"valueName\":\"search_term_string\"}}],\"inLanguage\":\"fr-FR\"},{\"@type\":\"Organization\",\"@id\":\"https:\\\/\\\/www.zytho.ca\\\/fr\\\/#organization\",\"name\":\"Zytho\",\"url\":\"https:\\\/\\\/www.zytho.ca\\\/fr\\\/\",\"logo\":{\"@type\":\"ImageObject\",\"inLanguage\":\"fr-FR\",\"@id\":\"https:\\\/\\\/www.zytho.ca\\\/fr\\\/#\\\/schema\\\/logo\\\/image\\\/\",\"url\":\"https:\\\/\\\/www.zytho.ca\\\/wp-content\\\/uploads\\\/2024\\\/05\\\/Zytho_reversed_horizontal.svg\",\"contentUrl\":\"https:\\\/\\\/www.zytho.ca\\\/wp-content\\\/uploads\\\/2024\\\/05\\\/Zytho_reversed_horizontal.svg\",\"width\":1582,\"height\":490,\"caption\":\"Zytho\"},\"image\":{\"@id\":\"https:\\\/\\\/www.zytho.ca\\\/fr\\\/#\\\/schema\\\/logo\\\/image\\\/\"}}]}<\/script>\n<!-- \/ Yoast SEO plugin. -->","yoast_head_json":{"title":"15W Heavy Wall Tank Threaded Bevel Seat Ferrule - Dixon - For Pro Breweries | Zytho","description":"Optimisez les op\u00e9rations de votre brasserie avec l'embout filet\u00e9 \u00e0 si\u00e8ge biseaut\u00e9 pour r\u00e9servoir \u00e0 paroi \u00e9paisse 15W de Dixon, con\u00e7u pour r\u00e9pondre aux normes sanitaires les plus strictes et \u00e0 une fiabilit\u00e9 certifi\u00e9e.","robots":{"index":"index","follow":"follow","max-snippet":"max-snippet:-1","max-image-preview":"max-image-preview:large","max-video-preview":"max-video-preview:-1"},"canonical":"https:\/\/www.zytho.ca\/fr\/produit\/embout-de-siege-biseaute-filete-pour-reservoir-a-paroi-epaisse-15w-dixon\/","og_locale":"fr_FR","og_type":"article","og_title":"15W Heavy Wall Tank Threaded Bevel Seat Ferrule - Dixon - For Pro Breweries | Zytho","og_description":"Optimisez les op\u00e9rations de votre brasserie avec l'embout filet\u00e9 \u00e0 si\u00e8ge biseaut\u00e9 pour r\u00e9servoir \u00e0 paroi \u00e9paisse 15W de Dixon, con\u00e7u pour r\u00e9pondre aux normes sanitaires les plus strictes et \u00e0 une fiabilit\u00e9 certifi\u00e9e.","og_url":"https:\/\/www.zytho.ca\/fr\/produit\/embout-de-siege-biseaute-filete-pour-reservoir-a-paroi-epaisse-15w-dixon\/","og_site_name":"Zytho","og_image":[{"width":560,"height":560,"url":"https:\/\/www.zytho.ca\/wp-content\/uploads\/2025\/10\/15W-Heavy-Wall-Tank-Threaded-Bevel-Seat-Ferrule-Dixon.jpg","type":"image\/jpeg"}],"twitter_card":"summary_large_image","schema":{"@context":"https:\/\/schema.org","@graph":[{"@type":"WebPage","@id":"https:\/\/www.zytho.ca\/fr\/produit\/embout-de-siege-biseaute-filete-pour-reservoir-a-paroi-epaisse-15w-dixon\/","url":"https:\/\/www.zytho.ca\/fr\/produit\/embout-de-siege-biseaute-filete-pour-reservoir-a-paroi-epaisse-15w-dixon\/","name":"15W Heavy Wall Tank Threaded Bevel Seat Ferrule - Dixon - For Pro Breweries | Zytho","isPartOf":{"@id":"https:\/\/www.zytho.ca\/fr\/#website"},"primaryImageOfPage":{"@id":"https:\/\/www.zytho.ca\/fr\/produit\/embout-de-siege-biseaute-filete-pour-reservoir-a-paroi-epaisse-15w-dixon\/#primaryimage"},"image":{"@id":"https:\/\/www.zytho.ca\/fr\/produit\/embout-de-siege-biseaute-filete-pour-reservoir-a-paroi-epaisse-15w-dixon\/#primaryimage"},"thumbnailUrl":"https:\/\/www.zytho.ca\/wp-content\/uploads\/2025\/10\/15W-Heavy-Wall-Tank-Threaded-Bevel-Seat-Ferrule-Dixon.jpg","datePublished":"2025-10-27T15:49:26+00:00","description":"Optimisez les op\u00e9rations de votre brasserie avec l'embout filet\u00e9 \u00e0 si\u00e8ge biseaut\u00e9 pour r\u00e9servoir \u00e0 paroi \u00e9paisse 15W de Dixon, con\u00e7u pour r\u00e9pondre aux normes sanitaires les plus strictes et \u00e0 une fiabilit\u00e9 certifi\u00e9e.","breadcrumb":{"@id":"https:\/\/www.zytho.ca\/fr\/produit\/embout-de-siege-biseaute-filete-pour-reservoir-a-paroi-epaisse-15w-dixon\/#breadcrumb"},"inLanguage":"fr-FR","potentialAction":[{"@type":"ReadAction","target":["https:\/\/www.zytho.ca\/fr\/produit\/embout-de-siege-biseaute-filete-pour-reservoir-a-paroi-epaisse-15w-dixon\/"]}]},{"@type":"ImageObject","inLanguage":"fr-FR","@id":"https:\/\/www.zytho.ca\/fr\/produit\/embout-de-siege-biseaute-filete-pour-reservoir-a-paroi-epaisse-15w-dixon\/#primaryimage","url":"https:\/\/www.zytho.ca\/wp-content\/uploads\/2025\/10\/15W-Heavy-Wall-Tank-Threaded-Bevel-Seat-Ferrule-Dixon.jpg","contentUrl":"https:\/\/www.zytho.ca\/wp-content\/uploads\/2025\/10\/15W-Heavy-Wall-Tank-Threaded-Bevel-Seat-Ferrule-Dixon.jpg","width":560,"height":560},{"@type":"BreadcrumbList","@id":"https:\/\/www.zytho.ca\/fr\/produit\/embout-de-siege-biseaute-filete-pour-reservoir-a-paroi-epaisse-15w-dixon\/#breadcrumb","itemListElement":[{"@type":"ListItem","position":1,"name":"Accueil","item":"https:\/\/www.zytho.ca\/fr\/"},{"@type":"ListItem","position":2,"name":"Shop","item":"https:\/\/www.zytho.ca\/fr\/shop\/"},{"@type":"ListItem","position":3,"name":"Embout de si\u00e8ge biseaut\u00e9 filet\u00e9 pour r\u00e9servoir \u00e0 paroi \u00e9paisse 15W &#8211; Dixon"}]},{"@type":"WebSite","@id":"https:\/\/www.zytho.ca\/fr\/#website","url":"https:\/\/www.zytho.ca\/fr\/","name":"Zytho","description":"","publisher":{"@id":"https:\/\/www.zytho.ca\/fr\/#organization"},"potentialAction":[{"@type":"SearchAction","target":{"@type":"EntryPoint","urlTemplate":"https:\/\/www.zytho.ca\/fr\/?s={search_term_string}"},"query-input":{"@type":"PropertyValueSpecification","valueRequired":true,"valueName":"search_term_string"}}],"inLanguage":"fr-FR"},{"@type":"Organization","@id":"https:\/\/www.zytho.ca\/fr\/#organization","name":"Zytho","url":"https:\/\/www.zytho.ca\/fr\/","logo":{"@type":"ImageObject","inLanguage":"fr-FR","@id":"https:\/\/www.zytho.ca\/fr\/#\/schema\/logo\/image\/","url":"https:\/\/www.zytho.ca\/wp-content\/uploads\/2024\/05\/Zytho_reversed_horizontal.svg","contentUrl":"https:\/\/www.zytho.ca\/wp-content\/uploads\/2024\/05\/Zytho_reversed_horizontal.svg","width":1582,"height":490,"caption":"Zytho"},"image":{"@id":"https:\/\/www.zytho.ca\/fr\/#\/schema\/logo\/image\/"}}]}},"_links":{"self":[{"href":"https:\/\/www.zytho.ca\/fr\/wp-json\/wp\/v2\/product\/11727","targetHints":{"allow":["GET"]}}],"collection":[{"href":"https:\/\/www.zytho.ca\/fr\/wp-json\/wp\/v2\/product"}],"about":[{"href":"https:\/\/www.zytho.ca\/fr\/wp-json\/wp\/v2\/types\/product"}],"wp:featuredmedia":[{"embeddable":true,"href":"https:\/\/www.zytho.ca\/fr\/wp-json\/wp\/v2\/media\/11729"}],"wp:attachment":[{"href":"https:\/\/www.zytho.ca\/fr\/wp-json\/wp\/v2\/media?parent=11727"}],"wp:term":[{"taxonomy":"product_brand","embeddable":true,"href":"https:\/\/www.zytho.ca\/fr\/wp-json\/wp\/v2\/product_brand?post=11727"},{"taxonomy":"product_cat","embeddable":true,"href":"https:\/\/www.zytho.ca\/fr\/wp-json\/wp\/v2\/product_cat?post=11727"},{"taxonomy":"product_tag","embeddable":true,"href":"https:\/\/www.zytho.ca\/fr\/wp-json\/wp\/v2\/product_tag?post=11727"}],"curies":[{"name":"wp","href":"https:\/\/api.w.org\/{rel}","templated":true}]}}