{"id":11687,"date":"2025-10-27T15:49:20","date_gmt":"2025-10-27T15:49:20","guid":{"rendered":"https:\/\/zytho.ca\/product\/13il-pince-a-serrer-i-line-q-line-dixon\/"},"modified":"2026-03-18T07:24:40","modified_gmt":"2026-03-18T07:24:40","slug":"13il-pince-a-serrer-i-line-q-line-dixon","status":"publish","type":"product","link":"https:\/\/www.zytho.ca\/fr\/produit\/13il-pince-a-serrer-i-line-q-line-dixon\/","title":{"rendered":"13IL Pince \u00e0 serrer I-Line\/Q-Line &#8211; Dixon"},"content":{"rendered":"<h6>Avantages :<\/h6>\n<ul>\n<li>Garantit une fixation s\u00fbre gr\u00e2ce \u00e0 un couple de serrage pr\u00e9cis de 25 in. lbs. <\/li>\n<\/ul>\n<h6>D\u00e9tails du produit :<\/h6>\n<ul>\n<li>\u00c9crou \u00e0 ailettes con\u00e7u pour des performances optimales dans des conditions de couple sp\u00e9cifi\u00e9es<\/li>\n<\/ul>\n<h6>Vid\u00e9o connexe :<\/h6>\n<ul>\n<li><a class=\"dixon-resource-video-link\" href=\"http:\/\/youtu.be\/yY_sqOLkQdU?list=PLEBC74B48CCA223FF\" data-video-url=\"\/\/www.youtube.com\/embed\/yY_sqOLkQdU\" data-reveal-id=\"block-dixon-resources-video-modal\">Pinces \u00e0 serrer<\/a><\/li>\n<\/ul>\n","protected":false},"excerpt":{"rendered":"<h4>Principaux avantages de la pince \u00e0 presser 13IL I-Line\/Q-Line pour les brasseurs professionnels :<\/h4>\n<ul>\n<li>Garantit une connexion s\u00fbre et fiable avec une application pr\u00e9cise du couple \u00e0 25 in. lbs. <\/li>\n<li>L&#8217;\u00e9crou \u00e0 ailettes est con\u00e7u pour des performances optimales dans des conditions de couple sp\u00e9cifiques, am\u00e9liorant ainsi l&#8217;efficacit\u00e9.<\/li>\n<li>Une vid\u00e9o d&#8217;instruction est incluse pour faciliter l&#8217;installation et l&#8217;utilisation, ce qui garantit une adoption rapide par les professionnels de la brasserie.<\/li>\n<\/ul>\n","protected":false},"featured_media":11698,"template":"","meta":{"_acf_changed":false,"inline_featured_image":false},"product_brand":[740],"product_cat":[736,741,765],"product_tag":[],"class_list":{"0":"post-11687","1":"product","2":"type-product","3":"status-publish","4":"has-post-thumbnail","6":"product_brand-dixon","7":"product_cat-distribution","8":"product_cat-materiel","9":"product_cat-raccords-sanitaires","11":"first","12":"instock","13":"taxable","14":"shipping-taxable","15":"purchasable","16":"product-type-variable"},"acf":[],"yoast_head":"<!-- This site is optimized with the Yoast SEO plugin v27.6 - https:\/\/yoast.com\/product\/yoast-seo-wordpress\/ -->\n<title>13IL I-Line\/Q-Line Squeeze Clamp - Dixon - Pour brasseries professionnelles | Zytho<\/title>\n<meta name=\"description\" content=\"S\u00e9curisez votre processus de brassage avec la pince de serrage 13IL I-Line\/Q-Line de Dixon. Assure un couple pr\u00e9cis de 25 po lb pour une performance optimale. Regardez notre vid\u00e9o pour en savoir plus !\" \/>\n<meta name=\"robots\" content=\"index, follow, max-snippet:-1, max-image-preview:large, max-video-preview:-1\" \/>\n<link rel=\"canonical\" href=\"https:\/\/www.zytho.ca\/fr\/produit\/13il-pince-a-serrer-i-line-q-line-dixon\/\" \/>\n<meta property=\"og:locale\" content=\"fr_FR\" \/>\n<meta property=\"og:type\" content=\"article\" \/>\n<meta property=\"og:title\" content=\"13IL I-Line\/Q-Line Squeeze Clamp - Dixon - Pour brasseries professionnelles | Zytho\" \/>\n<meta property=\"og:description\" content=\"S\u00e9curisez votre processus de brassage avec la pince de serrage 13IL I-Line\/Q-Line de Dixon. Assure un couple pr\u00e9cis de 25 po lb pour une performance optimale. Regardez notre vid\u00e9o pour en savoir plus !\" \/>\n<meta property=\"og:url\" content=\"https:\/\/www.zytho.ca\/fr\/produit\/13il-pince-a-serrer-i-line-q-line-dixon\/\" \/>\n<meta property=\"og:site_name\" content=\"Zytho\" \/>\n<meta property=\"article:modified_time\" content=\"2026-03-18T07:24:40+00:00\" \/>\n<meta property=\"og:image\" content=\"https:\/\/www.zytho.ca\/wp-content\/uploads\/2025\/10\/13IL-I-LineQ-Line-Squeeze-Clamp-Dixon.jpg\" \/>\n\t<meta property=\"og:image:width\" content=\"634\" \/>\n\t<meta property=\"og:image:height\" content=\"634\" \/>\n\t<meta property=\"og:image:type\" content=\"image\/jpeg\" \/>\n<meta name=\"twitter:card\" content=\"summary_large_image\" \/>\n<meta name=\"twitter:label1\" content=\"Dur\u00e9e de lecture estim\u00e9e\" \/>\n\t<meta name=\"twitter:data1\" content=\"1 minute\" \/>\n<script type=\"application\/ld+json\" class=\"yoast-schema-graph\">{\"@context\":\"https:\\\/\\\/schema.org\",\"@graph\":[{\"@type\":\"WebPage\",\"@id\":\"https:\\\/\\\/www.zytho.ca\\\/fr\\\/produit\\\/13il-pince-a-serrer-i-line-q-line-dixon\\\/\",\"url\":\"https:\\\/\\\/www.zytho.ca\\\/fr\\\/produit\\\/13il-pince-a-serrer-i-line-q-line-dixon\\\/\",\"name\":\"13IL I-Line\\\/Q-Line Squeeze Clamp - Dixon - Pour brasseries professionnelles | Zytho\",\"isPartOf\":{\"@id\":\"https:\\\/\\\/www.zytho.ca\\\/fr\\\/#website\"},\"primaryImageOfPage\":{\"@id\":\"https:\\\/\\\/www.zytho.ca\\\/fr\\\/produit\\\/13il-pince-a-serrer-i-line-q-line-dixon\\\/#primaryimage\"},\"image\":{\"@id\":\"https:\\\/\\\/www.zytho.ca\\\/fr\\\/produit\\\/13il-pince-a-serrer-i-line-q-line-dixon\\\/#primaryimage\"},\"thumbnailUrl\":\"https:\\\/\\\/www.zytho.ca\\\/wp-content\\\/uploads\\\/2025\\\/10\\\/13IL-I-LineQ-Line-Squeeze-Clamp-Dixon.jpg\",\"datePublished\":\"2025-10-27T15:49:20+00:00\",\"dateModified\":\"2026-03-18T07:24:40+00:00\",\"description\":\"S\u00e9curisez votre processus de brassage avec la pince de serrage 13IL I-Line\\\/Q-Line de Dixon. Assure un couple pr\u00e9cis de 25 po lb pour une performance optimale. Regardez notre vid\u00e9o pour en savoir plus !\",\"breadcrumb\":{\"@id\":\"https:\\\/\\\/www.zytho.ca\\\/fr\\\/produit\\\/13il-pince-a-serrer-i-line-q-line-dixon\\\/#breadcrumb\"},\"inLanguage\":\"fr-FR\",\"potentialAction\":[{\"@type\":\"ReadAction\",\"target\":[\"https:\\\/\\\/www.zytho.ca\\\/fr\\\/produit\\\/13il-pince-a-serrer-i-line-q-line-dixon\\\/\"]}]},{\"@type\":\"ImageObject\",\"inLanguage\":\"fr-FR\",\"@id\":\"https:\\\/\\\/www.zytho.ca\\\/fr\\\/produit\\\/13il-pince-a-serrer-i-line-q-line-dixon\\\/#primaryimage\",\"url\":\"https:\\\/\\\/www.zytho.ca\\\/wp-content\\\/uploads\\\/2025\\\/10\\\/13IL-I-LineQ-Line-Squeeze-Clamp-Dixon.jpg\",\"contentUrl\":\"https:\\\/\\\/www.zytho.ca\\\/wp-content\\\/uploads\\\/2025\\\/10\\\/13IL-I-LineQ-Line-Squeeze-Clamp-Dixon.jpg\",\"width\":634,\"height\":634},{\"@type\":\"BreadcrumbList\",\"@id\":\"https:\\\/\\\/www.zytho.ca\\\/fr\\\/produit\\\/13il-pince-a-serrer-i-line-q-line-dixon\\\/#breadcrumb\",\"itemListElement\":[{\"@type\":\"ListItem\",\"position\":1,\"name\":\"Accueil\",\"item\":\"https:\\\/\\\/www.zytho.ca\\\/fr\\\/\"},{\"@type\":\"ListItem\",\"position\":2,\"name\":\"Shop\",\"item\":\"https:\\\/\\\/www.zytho.ca\\\/fr\\\/shop\\\/\"},{\"@type\":\"ListItem\",\"position\":3,\"name\":\"13IL Pince \u00e0 serrer I-Line\\\/Q-Line &#8211; Dixon\"}]},{\"@type\":\"WebSite\",\"@id\":\"https:\\\/\\\/www.zytho.ca\\\/fr\\\/#website\",\"url\":\"https:\\\/\\\/www.zytho.ca\\\/fr\\\/\",\"name\":\"Zytho\",\"description\":\"\",\"publisher\":{\"@id\":\"https:\\\/\\\/www.zytho.ca\\\/fr\\\/#organization\"},\"potentialAction\":[{\"@type\":\"SearchAction\",\"target\":{\"@type\":\"EntryPoint\",\"urlTemplate\":\"https:\\\/\\\/www.zytho.ca\\\/fr\\\/?s={search_term_string}\"},\"query-input\":{\"@type\":\"PropertyValueSpecification\",\"valueRequired\":true,\"valueName\":\"search_term_string\"}}],\"inLanguage\":\"fr-FR\"},{\"@type\":\"Organization\",\"@id\":\"https:\\\/\\\/www.zytho.ca\\\/fr\\\/#organization\",\"name\":\"Zytho\",\"url\":\"https:\\\/\\\/www.zytho.ca\\\/fr\\\/\",\"logo\":{\"@type\":\"ImageObject\",\"inLanguage\":\"fr-FR\",\"@id\":\"https:\\\/\\\/www.zytho.ca\\\/fr\\\/#\\\/schema\\\/logo\\\/image\\\/\",\"url\":\"https:\\\/\\\/www.zytho.ca\\\/wp-content\\\/uploads\\\/2024\\\/05\\\/Zytho_reversed_horizontal.svg\",\"contentUrl\":\"https:\\\/\\\/www.zytho.ca\\\/wp-content\\\/uploads\\\/2024\\\/05\\\/Zytho_reversed_horizontal.svg\",\"width\":1582,\"height\":490,\"caption\":\"Zytho\"},\"image\":{\"@id\":\"https:\\\/\\\/www.zytho.ca\\\/fr\\\/#\\\/schema\\\/logo\\\/image\\\/\"}}]}<\/script>\n<!-- \/ Yoast SEO plugin. -->","yoast_head_json":{"title":"13IL I-Line\/Q-Line Squeeze Clamp - Dixon - Pour brasseries professionnelles | Zytho","description":"S\u00e9curisez votre processus de brassage avec la pince de serrage 13IL I-Line\/Q-Line de Dixon. Assure un couple pr\u00e9cis de 25 po lb pour une performance optimale. Regardez notre vid\u00e9o pour en savoir plus !","robots":{"index":"index","follow":"follow","max-snippet":"max-snippet:-1","max-image-preview":"max-image-preview:large","max-video-preview":"max-video-preview:-1"},"canonical":"https:\/\/www.zytho.ca\/fr\/produit\/13il-pince-a-serrer-i-line-q-line-dixon\/","og_locale":"fr_FR","og_type":"article","og_title":"13IL I-Line\/Q-Line Squeeze Clamp - Dixon - Pour brasseries professionnelles | Zytho","og_description":"S\u00e9curisez votre processus de brassage avec la pince de serrage 13IL I-Line\/Q-Line de Dixon. Assure un couple pr\u00e9cis de 25 po lb pour une performance optimale. Regardez notre vid\u00e9o pour en savoir plus !","og_url":"https:\/\/www.zytho.ca\/fr\/produit\/13il-pince-a-serrer-i-line-q-line-dixon\/","og_site_name":"Zytho","article_modified_time":"2026-03-18T07:24:40+00:00","og_image":[{"width":634,"height":634,"url":"https:\/\/www.zytho.ca\/wp-content\/uploads\/2025\/10\/13IL-I-LineQ-Line-Squeeze-Clamp-Dixon.jpg","type":"image\/jpeg"}],"twitter_card":"summary_large_image","twitter_misc":{"Dur\u00e9e de lecture estim\u00e9e":"1 minute"},"schema":{"@context":"https:\/\/schema.org","@graph":[{"@type":"WebPage","@id":"https:\/\/www.zytho.ca\/fr\/produit\/13il-pince-a-serrer-i-line-q-line-dixon\/","url":"https:\/\/www.zytho.ca\/fr\/produit\/13il-pince-a-serrer-i-line-q-line-dixon\/","name":"13IL I-Line\/Q-Line Squeeze Clamp - Dixon - Pour brasseries professionnelles | Zytho","isPartOf":{"@id":"https:\/\/www.zytho.ca\/fr\/#website"},"primaryImageOfPage":{"@id":"https:\/\/www.zytho.ca\/fr\/produit\/13il-pince-a-serrer-i-line-q-line-dixon\/#primaryimage"},"image":{"@id":"https:\/\/www.zytho.ca\/fr\/produit\/13il-pince-a-serrer-i-line-q-line-dixon\/#primaryimage"},"thumbnailUrl":"https:\/\/www.zytho.ca\/wp-content\/uploads\/2025\/10\/13IL-I-LineQ-Line-Squeeze-Clamp-Dixon.jpg","datePublished":"2025-10-27T15:49:20+00:00","dateModified":"2026-03-18T07:24:40+00:00","description":"S\u00e9curisez votre processus de brassage avec la pince de serrage 13IL I-Line\/Q-Line de Dixon. Assure un couple pr\u00e9cis de 25 po lb pour une performance optimale. Regardez notre vid\u00e9o pour en savoir plus !","breadcrumb":{"@id":"https:\/\/www.zytho.ca\/fr\/produit\/13il-pince-a-serrer-i-line-q-line-dixon\/#breadcrumb"},"inLanguage":"fr-FR","potentialAction":[{"@type":"ReadAction","target":["https:\/\/www.zytho.ca\/fr\/produit\/13il-pince-a-serrer-i-line-q-line-dixon\/"]}]},{"@type":"ImageObject","inLanguage":"fr-FR","@id":"https:\/\/www.zytho.ca\/fr\/produit\/13il-pince-a-serrer-i-line-q-line-dixon\/#primaryimage","url":"https:\/\/www.zytho.ca\/wp-content\/uploads\/2025\/10\/13IL-I-LineQ-Line-Squeeze-Clamp-Dixon.jpg","contentUrl":"https:\/\/www.zytho.ca\/wp-content\/uploads\/2025\/10\/13IL-I-LineQ-Line-Squeeze-Clamp-Dixon.jpg","width":634,"height":634},{"@type":"BreadcrumbList","@id":"https:\/\/www.zytho.ca\/fr\/produit\/13il-pince-a-serrer-i-line-q-line-dixon\/#breadcrumb","itemListElement":[{"@type":"ListItem","position":1,"name":"Accueil","item":"https:\/\/www.zytho.ca\/fr\/"},{"@type":"ListItem","position":2,"name":"Shop","item":"https:\/\/www.zytho.ca\/fr\/shop\/"},{"@type":"ListItem","position":3,"name":"13IL Pince \u00e0 serrer I-Line\/Q-Line &#8211; Dixon"}]},{"@type":"WebSite","@id":"https:\/\/www.zytho.ca\/fr\/#website","url":"https:\/\/www.zytho.ca\/fr\/","name":"Zytho","description":"","publisher":{"@id":"https:\/\/www.zytho.ca\/fr\/#organization"},"potentialAction":[{"@type":"SearchAction","target":{"@type":"EntryPoint","urlTemplate":"https:\/\/www.zytho.ca\/fr\/?s={search_term_string}"},"query-input":{"@type":"PropertyValueSpecification","valueRequired":true,"valueName":"search_term_string"}}],"inLanguage":"fr-FR"},{"@type":"Organization","@id":"https:\/\/www.zytho.ca\/fr\/#organization","name":"Zytho","url":"https:\/\/www.zytho.ca\/fr\/","logo":{"@type":"ImageObject","inLanguage":"fr-FR","@id":"https:\/\/www.zytho.ca\/fr\/#\/schema\/logo\/image\/","url":"https:\/\/www.zytho.ca\/wp-content\/uploads\/2024\/05\/Zytho_reversed_horizontal.svg","contentUrl":"https:\/\/www.zytho.ca\/wp-content\/uploads\/2024\/05\/Zytho_reversed_horizontal.svg","width":1582,"height":490,"caption":"Zytho"},"image":{"@id":"https:\/\/www.zytho.ca\/fr\/#\/schema\/logo\/image\/"}}]}},"_links":{"self":[{"href":"https:\/\/www.zytho.ca\/fr\/wp-json\/wp\/v2\/product\/11687","targetHints":{"allow":["GET"]}}],"collection":[{"href":"https:\/\/www.zytho.ca\/fr\/wp-json\/wp\/v2\/product"}],"about":[{"href":"https:\/\/www.zytho.ca\/fr\/wp-json\/wp\/v2\/types\/product"}],"wp:featuredmedia":[{"embeddable":true,"href":"https:\/\/www.zytho.ca\/fr\/wp-json\/wp\/v2\/media\/11698"}],"wp:attachment":[{"href":"https:\/\/www.zytho.ca\/fr\/wp-json\/wp\/v2\/media?parent=11687"}],"wp:term":[{"taxonomy":"product_brand","embeddable":true,"href":"https:\/\/www.zytho.ca\/fr\/wp-json\/wp\/v2\/product_brand?post=11687"},{"taxonomy":"product_cat","embeddable":true,"href":"https:\/\/www.zytho.ca\/fr\/wp-json\/wp\/v2\/product_cat?post=11687"},{"taxonomy":"product_tag","embeddable":true,"href":"https:\/\/www.zytho.ca\/fr\/wp-json\/wp\/v2\/product_tag?post=11687"}],"curies":[{"name":"wp","href":"https:\/\/api.w.org\/{rel}","templated":true}]}}