{"id":11636,"date":"2025-10-27T15:49:32","date_gmt":"2025-10-27T15:49:32","guid":{"rendered":"https:\/\/zytho.ca\/product\/joints-tri-clamp-detectables-par-metal-dixon\/"},"modified":"2025-10-27T15:49:32","modified_gmt":"2025-10-27T15:49:32","slug":"joints-tri-clamp-detectables-par-metal-dixon","status":"publish","type":"product","link":"https:\/\/www.zytho.ca\/fr\/produit\/joints-tri-clamp-detectables-par-metal-dixon\/","title":{"rendered":"Joints Tri-Clamp D\u00e9tectables par M\u00e9tal &#8211; Dixon"},"content":{"rendered":"<p><strong>Joints Tri-Clamp D\u00e9tectables par M\u00e9tal &#8211; Dixon<\/strong><\/p>\n<p>Le <strong>joint Dixon Metal Detectable Tri-Clamp<\/strong> est un joint sanitaire de premi\u00e8re qualit\u00e9 con\u00e7u pour am\u00e9liorer la <strong>s\u00e9curit\u00e9 des produits et le contr\u00f4le de la contamination<\/strong> dans les environnements de traitement hygi\u00e9nique. Con\u00e7us pour \u00eatre utilis\u00e9s avec les <strong>raccords Tri-Clamp<\/strong> standard, ces joints contiennent des <strong>mat\u00e9riaux d\u00e9tectables aux m\u00e9taux et visibles aux rayons X<\/strong>, ce qui garantit que tout fragment introduit dans le flux de produits peut \u00eatre rapidement identifi\u00e9 par les syst\u00e8mes d&#8217;inspection en ligne. <\/p>\n<p><strong>Principaux avantages<\/strong><\/p>\n<ul>\n<li><strong>S\u00e9curit\u00e9 accrue des produits :<\/strong> Les compos\u00e9s d\u00e9tectables aux m\u00e9taux et aux rayons X permettent de d\u00e9tecter les fragments de joints pendant le traitement, r\u00e9duisant ainsi les risques de contamination.<\/li>\n<li><strong>Construction sanitaire :<\/strong> La surface d&#8217;\u00e9tanch\u00e9it\u00e9 lisse et sans fissure emp\u00eache l&#8217;accumulation de produit et permet un nettoyage complet CIP\/SIP.<\/li>\n<li><strong>\u00c9tanch\u00e9it\u00e9 fiable :<\/strong> Assure une \u00e9tanch\u00e9it\u00e9 constante entre les raccords Tri-Clamp pour \u00e9viter les fuites et maintenir l&#8217;int\u00e9grit\u00e9 de la pression.<\/li>\n<li><strong>Polyvalence des mat\u00e9riaux :<\/strong> Disponible en <strong>EPDM, Silicone, Viton\u00ae, et PTFE<\/strong> &#8211; chacun compos\u00e9 d&#8217;additifs d\u00e9tectables par le m\u00e9tal pour la compatibilit\u00e9 du syst\u00e8me.<\/li>\n<li><strong>Conformit\u00e9 r\u00e9glementaire :<\/strong> Conforme aux <strong>normes sanitaires<\/strong> <strong>FDA 21 CFR 177.2600<\/strong> et <strong>3-A<\/strong>, id\u00e9al pour une utilisation dans les industries hygi\u00e9niques r\u00e9glement\u00e9es.<\/li>\n<\/ul>\n<p><strong>Applications typiques<\/strong><\/p>\n<ul>\n<li>Transformation des aliments et des boissons<\/li>\n<li>Syst\u00e8mes de laiterie et de brasserie<\/li>\n<li>Fabrication de produits pharmaceutiques et biotechnologiques<\/li>\n<li>Production de nutraceutiques et de cosm\u00e9tiques<\/li>\n<li>Tout processus sanitaire n\u00e9cessitant un contr\u00f4le de la contamination<\/li>\n<\/ul>\n<p><strong>D\u00e9tails du produit<\/strong><\/p>\n<ul>\n<li><strong>Compatibilit\u00e9 :<\/strong> Raccords standard Tri-Clamp (Sanitary Clamp)<\/li>\n<li><strong>Mat\u00e9riaux :<\/strong> EPDM d\u00e9tectable par le m\u00e9tal, silicone, Viton\u00ae, PTFE<\/li>\n<li><strong>Plage de temp\u00e9rature :<\/strong>\n<ul>\n<li>EPDM : -65\u00b0F \u00e0 300\u00b0F<\/li>\n<li>Silicone : -80\u00b0F \u00e0 450\u00b0F<\/li>\n<li>Viton\u00ae : -30\u00b0F \u00e0 400\u00b0F<\/li>\n<li>PTFE : -100\u00b0F \u00e0 500\u00b0F<\/li>\n<\/ul>\n<\/li>\n<li><strong>D\u00e9tection :<\/strong> D\u00e9tectable par les \u00e9quipements standards d&#8217;inspection des m\u00e9taux et des rayons X<\/li>\n<li><strong>Normes :<\/strong> Conforme \u00e0 la FDA, 3-A Sanitaire, compatible ASME BPE<\/li>\n<li><strong>Gamme de tailles :<\/strong> 1&#8243; &#8211; 6&#8243;<\/li>\n<\/ul>\n<p><strong>Prot\u00e9gez votre processus et votre produit &#8211; Les joints Tri-Clamp d\u00e9tectables par le m\u00e9tal de Dixon offrent une performance d&#8217;\u00e9tanch\u00e9it\u00e9 sup\u00e9rieure avec une assurance de s\u00e9curit\u00e9 int\u00e9gr\u00e9e pour les environnements sanitaires les plus exigeants.<\/strong><\/p>\n","protected":false},"excerpt":{"rendered":"<h4>Am\u00e9liorez votre processus de brassage avec les joints Tri-Clamp d\u00e9tectables au m\u00e9tal de Dixon, garantissant une s\u00e9curit\u00e9, une fiabilit\u00e9 et une conformit\u00e9 sup\u00e9rieures dans les environnements sanitaires.<\/h4>\n<ul>\n<li><strong>S\u00e9curit\u00e9 renforc\u00e9e :<\/strong> D\u00e9tectable par les syst\u00e8mes \u00e0 m\u00e9taux et \u00e0 rayons X afin d&#8217;\u00e9viter toute contamination dans votre brasserie.<\/li>\n<li><strong>\u00c9tanch\u00e9it\u00e9 fiable :<\/strong> Fournit un joint constant et \u00e9tanche pour maintenir l&#8217;int\u00e9grit\u00e9 de la pression.<\/li>\n<li><strong>Conformit\u00e9 r\u00e9glementaire :<\/strong> Conforme aux normes sanitaires FDA et 3-A, id\u00e9al pour les op\u00e9rations de brassage r\u00e9glement\u00e9es.<\/li>\n<\/ul>\n","protected":false},"featured_media":11639,"template":"","meta":{"_acf_changed":false,"inline_featured_image":false},"product_brand":[740],"product_cat":[736,741,753],"product_tag":[763,754,762,755,756,760,759,758,757,761],"class_list":{"0":"post-11636","1":"product","2":"type-product","3":"status-publish","4":"has-post-thumbnail","6":"product_brand-dixon","7":"product_cat-distribution","8":"product_cat-materiel","9":"product_cat-raccords-tri-clamp","10":"product_tag-acier-inoxydable","11":"product_tag-brasserie","12":"product_tag-cave","13":"product_tag-distillerie","14":"product_tag-inoxydable","15":"product_tag-raccord-tri-clamp","16":"product_tag-raccords-tri-clamp","17":"product_tag-tri-clamp","18":"product_tag-tri-clamp-en-acier-inoxydable","19":"product_tag-triclamp","21":"first","22":"instock","23":"taxable","24":"shipping-taxable","25":"purchasable","26":"product-type-variable"},"acf":[],"yoast_head":"<!-- This site is optimized with the Yoast SEO plugin v27.6 - https:\/\/yoast.com\/product\/yoast-seo-wordpress\/ -->\n<title>Joints Tri-Clamp D\u00e9tectables par M\u00e9tal - Dixon - Pour Brasseries Pro | Zytho<\/title>\n<meta name=\"description\" content=\"Assurez la s\u00e9curit\u00e9 des produits et le contr\u00f4le de la contamination en brasserie avec les joints Tri-Clamp d\u00e9tectables au m\u00e9tal de Dixon. D\u00e9tectez facilement les fragments, maintenez l&#039;hygi\u00e8ne et respectez les normes industrielles.\" \/>\n<meta name=\"robots\" content=\"index, follow, max-snippet:-1, max-image-preview:large, max-video-preview:-1\" \/>\n<link rel=\"canonical\" href=\"https:\/\/www.zytho.ca\/fr\/produit\/joints-tri-clamp-detectables-par-metal-dixon\/\" \/>\n<meta property=\"og:locale\" content=\"fr_FR\" \/>\n<meta property=\"og:type\" content=\"article\" \/>\n<meta property=\"og:title\" content=\"Joints Tri-Clamp D\u00e9tectables par M\u00e9tal - Dixon - Pour Brasseries Pro | Zytho\" \/>\n<meta property=\"og:description\" content=\"Assurez la s\u00e9curit\u00e9 des produits et le contr\u00f4le de la contamination en brasserie avec les joints Tri-Clamp d\u00e9tectables au m\u00e9tal de Dixon. D\u00e9tectez facilement les fragments, maintenez l&#039;hygi\u00e8ne et respectez les normes industrielles.\" \/>\n<meta property=\"og:url\" content=\"https:\/\/www.zytho.ca\/fr\/produit\/joints-tri-clamp-detectables-par-metal-dixon\/\" \/>\n<meta property=\"og:site_name\" content=\"Zytho\" \/>\n<meta property=\"og:image\" content=\"https:\/\/www.zytho.ca\/wp-content\/uploads\/2025\/10\/Metal-Detectable-Tri-Clamp-Gaskets-Dixon.jpg\" \/>\n\t<meta property=\"og:image:width\" content=\"192\" \/>\n\t<meta property=\"og:image:height\" content=\"192\" \/>\n\t<meta property=\"og:image:type\" content=\"image\/jpeg\" \/>\n<meta name=\"twitter:card\" content=\"summary_large_image\" \/>\n<meta name=\"twitter:label1\" content=\"Dur\u00e9e de lecture estim\u00e9e\" \/>\n\t<meta name=\"twitter:data1\" content=\"2 minutes\" \/>\n<script type=\"application\/ld+json\" class=\"yoast-schema-graph\">{\"@context\":\"https:\\\/\\\/schema.org\",\"@graph\":[{\"@type\":\"WebPage\",\"@id\":\"https:\\\/\\\/www.zytho.ca\\\/fr\\\/produit\\\/joints-tri-clamp-detectables-par-metal-dixon\\\/\",\"url\":\"https:\\\/\\\/www.zytho.ca\\\/fr\\\/produit\\\/joints-tri-clamp-detectables-par-metal-dixon\\\/\",\"name\":\"Joints Tri-Clamp D\u00e9tectables par M\u00e9tal - Dixon - Pour Brasseries Pro | Zytho\",\"isPartOf\":{\"@id\":\"https:\\\/\\\/www.zytho.ca\\\/fr\\\/#website\"},\"primaryImageOfPage\":{\"@id\":\"https:\\\/\\\/www.zytho.ca\\\/fr\\\/produit\\\/joints-tri-clamp-detectables-par-metal-dixon\\\/#primaryimage\"},\"image\":{\"@id\":\"https:\\\/\\\/www.zytho.ca\\\/fr\\\/produit\\\/joints-tri-clamp-detectables-par-metal-dixon\\\/#primaryimage\"},\"thumbnailUrl\":\"https:\\\/\\\/www.zytho.ca\\\/wp-content\\\/uploads\\\/2025\\\/10\\\/Metal-Detectable-Tri-Clamp-Gaskets-Dixon.jpg\",\"datePublished\":\"2025-10-27T15:49:32+00:00\",\"description\":\"Assurez la s\u00e9curit\u00e9 des produits et le contr\u00f4le de la contamination en brasserie avec les joints Tri-Clamp d\u00e9tectables au m\u00e9tal de Dixon. D\u00e9tectez facilement les fragments, maintenez l'hygi\u00e8ne et respectez les normes industrielles.\",\"breadcrumb\":{\"@id\":\"https:\\\/\\\/www.zytho.ca\\\/fr\\\/produit\\\/joints-tri-clamp-detectables-par-metal-dixon\\\/#breadcrumb\"},\"inLanguage\":\"fr-FR\",\"potentialAction\":[{\"@type\":\"ReadAction\",\"target\":[\"https:\\\/\\\/www.zytho.ca\\\/fr\\\/produit\\\/joints-tri-clamp-detectables-par-metal-dixon\\\/\"]}]},{\"@type\":\"ImageObject\",\"inLanguage\":\"fr-FR\",\"@id\":\"https:\\\/\\\/www.zytho.ca\\\/fr\\\/produit\\\/joints-tri-clamp-detectables-par-metal-dixon\\\/#primaryimage\",\"url\":\"https:\\\/\\\/www.zytho.ca\\\/wp-content\\\/uploads\\\/2025\\\/10\\\/Metal-Detectable-Tri-Clamp-Gaskets-Dixon.jpg\",\"contentUrl\":\"https:\\\/\\\/www.zytho.ca\\\/wp-content\\\/uploads\\\/2025\\\/10\\\/Metal-Detectable-Tri-Clamp-Gaskets-Dixon.jpg\",\"width\":192,\"height\":192},{\"@type\":\"BreadcrumbList\",\"@id\":\"https:\\\/\\\/www.zytho.ca\\\/fr\\\/produit\\\/joints-tri-clamp-detectables-par-metal-dixon\\\/#breadcrumb\",\"itemListElement\":[{\"@type\":\"ListItem\",\"position\":1,\"name\":\"Accueil\",\"item\":\"https:\\\/\\\/www.zytho.ca\\\/fr\\\/\"},{\"@type\":\"ListItem\",\"position\":2,\"name\":\"Shop\",\"item\":\"https:\\\/\\\/www.zytho.ca\\\/fr\\\/shop\\\/\"},{\"@type\":\"ListItem\",\"position\":3,\"name\":\"Joints Tri-Clamp D\u00e9tectables par M\u00e9tal &#8211; Dixon\"}]},{\"@type\":\"WebSite\",\"@id\":\"https:\\\/\\\/www.zytho.ca\\\/fr\\\/#website\",\"url\":\"https:\\\/\\\/www.zytho.ca\\\/fr\\\/\",\"name\":\"Zytho\",\"description\":\"\",\"publisher\":{\"@id\":\"https:\\\/\\\/www.zytho.ca\\\/fr\\\/#organization\"},\"potentialAction\":[{\"@type\":\"SearchAction\",\"target\":{\"@type\":\"EntryPoint\",\"urlTemplate\":\"https:\\\/\\\/www.zytho.ca\\\/fr\\\/?s={search_term_string}\"},\"query-input\":{\"@type\":\"PropertyValueSpecification\",\"valueRequired\":true,\"valueName\":\"search_term_string\"}}],\"inLanguage\":\"fr-FR\"},{\"@type\":\"Organization\",\"@id\":\"https:\\\/\\\/www.zytho.ca\\\/fr\\\/#organization\",\"name\":\"Zytho\",\"url\":\"https:\\\/\\\/www.zytho.ca\\\/fr\\\/\",\"logo\":{\"@type\":\"ImageObject\",\"inLanguage\":\"fr-FR\",\"@id\":\"https:\\\/\\\/www.zytho.ca\\\/fr\\\/#\\\/schema\\\/logo\\\/image\\\/\",\"url\":\"https:\\\/\\\/www.zytho.ca\\\/wp-content\\\/uploads\\\/2024\\\/05\\\/Zytho_reversed_horizontal.svg\",\"contentUrl\":\"https:\\\/\\\/www.zytho.ca\\\/wp-content\\\/uploads\\\/2024\\\/05\\\/Zytho_reversed_horizontal.svg\",\"width\":1582,\"height\":490,\"caption\":\"Zytho\"},\"image\":{\"@id\":\"https:\\\/\\\/www.zytho.ca\\\/fr\\\/#\\\/schema\\\/logo\\\/image\\\/\"}}]}<\/script>\n<!-- \/ Yoast SEO plugin. -->","yoast_head_json":{"title":"Joints Tri-Clamp D\u00e9tectables par M\u00e9tal - Dixon - Pour Brasseries Pro | Zytho","description":"Assurez la s\u00e9curit\u00e9 des produits et le contr\u00f4le de la contamination en brasserie avec les joints Tri-Clamp d\u00e9tectables au m\u00e9tal de Dixon. D\u00e9tectez facilement les fragments, maintenez l'hygi\u00e8ne et respectez les normes industrielles.","robots":{"index":"index","follow":"follow","max-snippet":"max-snippet:-1","max-image-preview":"max-image-preview:large","max-video-preview":"max-video-preview:-1"},"canonical":"https:\/\/www.zytho.ca\/fr\/produit\/joints-tri-clamp-detectables-par-metal-dixon\/","og_locale":"fr_FR","og_type":"article","og_title":"Joints Tri-Clamp D\u00e9tectables par M\u00e9tal - Dixon - Pour Brasseries Pro | Zytho","og_description":"Assurez la s\u00e9curit\u00e9 des produits et le contr\u00f4le de la contamination en brasserie avec les joints Tri-Clamp d\u00e9tectables au m\u00e9tal de Dixon. D\u00e9tectez facilement les fragments, maintenez l'hygi\u00e8ne et respectez les normes industrielles.","og_url":"https:\/\/www.zytho.ca\/fr\/produit\/joints-tri-clamp-detectables-par-metal-dixon\/","og_site_name":"Zytho","og_image":[{"width":192,"height":192,"url":"https:\/\/www.zytho.ca\/wp-content\/uploads\/2025\/10\/Metal-Detectable-Tri-Clamp-Gaskets-Dixon.jpg","type":"image\/jpeg"}],"twitter_card":"summary_large_image","twitter_misc":{"Dur\u00e9e de lecture estim\u00e9e":"2 minutes"},"schema":{"@context":"https:\/\/schema.org","@graph":[{"@type":"WebPage","@id":"https:\/\/www.zytho.ca\/fr\/produit\/joints-tri-clamp-detectables-par-metal-dixon\/","url":"https:\/\/www.zytho.ca\/fr\/produit\/joints-tri-clamp-detectables-par-metal-dixon\/","name":"Joints Tri-Clamp D\u00e9tectables par M\u00e9tal - Dixon - Pour Brasseries Pro | Zytho","isPartOf":{"@id":"https:\/\/www.zytho.ca\/fr\/#website"},"primaryImageOfPage":{"@id":"https:\/\/www.zytho.ca\/fr\/produit\/joints-tri-clamp-detectables-par-metal-dixon\/#primaryimage"},"image":{"@id":"https:\/\/www.zytho.ca\/fr\/produit\/joints-tri-clamp-detectables-par-metal-dixon\/#primaryimage"},"thumbnailUrl":"https:\/\/www.zytho.ca\/wp-content\/uploads\/2025\/10\/Metal-Detectable-Tri-Clamp-Gaskets-Dixon.jpg","datePublished":"2025-10-27T15:49:32+00:00","description":"Assurez la s\u00e9curit\u00e9 des produits et le contr\u00f4le de la contamination en brasserie avec les joints Tri-Clamp d\u00e9tectables au m\u00e9tal de Dixon. D\u00e9tectez facilement les fragments, maintenez l'hygi\u00e8ne et respectez les normes industrielles.","breadcrumb":{"@id":"https:\/\/www.zytho.ca\/fr\/produit\/joints-tri-clamp-detectables-par-metal-dixon\/#breadcrumb"},"inLanguage":"fr-FR","potentialAction":[{"@type":"ReadAction","target":["https:\/\/www.zytho.ca\/fr\/produit\/joints-tri-clamp-detectables-par-metal-dixon\/"]}]},{"@type":"ImageObject","inLanguage":"fr-FR","@id":"https:\/\/www.zytho.ca\/fr\/produit\/joints-tri-clamp-detectables-par-metal-dixon\/#primaryimage","url":"https:\/\/www.zytho.ca\/wp-content\/uploads\/2025\/10\/Metal-Detectable-Tri-Clamp-Gaskets-Dixon.jpg","contentUrl":"https:\/\/www.zytho.ca\/wp-content\/uploads\/2025\/10\/Metal-Detectable-Tri-Clamp-Gaskets-Dixon.jpg","width":192,"height":192},{"@type":"BreadcrumbList","@id":"https:\/\/www.zytho.ca\/fr\/produit\/joints-tri-clamp-detectables-par-metal-dixon\/#breadcrumb","itemListElement":[{"@type":"ListItem","position":1,"name":"Accueil","item":"https:\/\/www.zytho.ca\/fr\/"},{"@type":"ListItem","position":2,"name":"Shop","item":"https:\/\/www.zytho.ca\/fr\/shop\/"},{"@type":"ListItem","position":3,"name":"Joints Tri-Clamp D\u00e9tectables par M\u00e9tal &#8211; Dixon"}]},{"@type":"WebSite","@id":"https:\/\/www.zytho.ca\/fr\/#website","url":"https:\/\/www.zytho.ca\/fr\/","name":"Zytho","description":"","publisher":{"@id":"https:\/\/www.zytho.ca\/fr\/#organization"},"potentialAction":[{"@type":"SearchAction","target":{"@type":"EntryPoint","urlTemplate":"https:\/\/www.zytho.ca\/fr\/?s={search_term_string}"},"query-input":{"@type":"PropertyValueSpecification","valueRequired":true,"valueName":"search_term_string"}}],"inLanguage":"fr-FR"},{"@type":"Organization","@id":"https:\/\/www.zytho.ca\/fr\/#organization","name":"Zytho","url":"https:\/\/www.zytho.ca\/fr\/","logo":{"@type":"ImageObject","inLanguage":"fr-FR","@id":"https:\/\/www.zytho.ca\/fr\/#\/schema\/logo\/image\/","url":"https:\/\/www.zytho.ca\/wp-content\/uploads\/2024\/05\/Zytho_reversed_horizontal.svg","contentUrl":"https:\/\/www.zytho.ca\/wp-content\/uploads\/2024\/05\/Zytho_reversed_horizontal.svg","width":1582,"height":490,"caption":"Zytho"},"image":{"@id":"https:\/\/www.zytho.ca\/fr\/#\/schema\/logo\/image\/"}}]}},"_links":{"self":[{"href":"https:\/\/www.zytho.ca\/fr\/wp-json\/wp\/v2\/product\/11636","targetHints":{"allow":["GET"]}}],"collection":[{"href":"https:\/\/www.zytho.ca\/fr\/wp-json\/wp\/v2\/product"}],"about":[{"href":"https:\/\/www.zytho.ca\/fr\/wp-json\/wp\/v2\/types\/product"}],"wp:featuredmedia":[{"embeddable":true,"href":"https:\/\/www.zytho.ca\/fr\/wp-json\/wp\/v2\/media\/11639"}],"wp:attachment":[{"href":"https:\/\/www.zytho.ca\/fr\/wp-json\/wp\/v2\/media?parent=11636"}],"wp:term":[{"taxonomy":"product_brand","embeddable":true,"href":"https:\/\/www.zytho.ca\/fr\/wp-json\/wp\/v2\/product_brand?post=11636"},{"taxonomy":"product_cat","embeddable":true,"href":"https:\/\/www.zytho.ca\/fr\/wp-json\/wp\/v2\/product_cat?post=11636"},{"taxonomy":"product_tag","embeddable":true,"href":"https:\/\/www.zytho.ca\/fr\/wp-json\/wp\/v2\/product_tag?post=11636"}],"curies":[{"name":"wp","href":"https:\/\/api.w.org\/{rel}","templated":true}]}}