{"id":11619,"date":"2025-10-27T15:49:37","date_gmt":"2025-10-27T15:49:37","guid":{"rendered":"https:\/\/zytho.ca\/product\/b14c31-reducteurs-concentriques-a-siege-biseaute-lisse-x-tri-clamp-dixon\/"},"modified":"2025-11-03T07:11:31","modified_gmt":"2025-11-03T07:11:31","slug":"b14c31-reducteurs-concentriques-a-siege-biseaute-lisse-x-tri-clamp-dixon","status":"publish","type":"product","link":"https:\/\/www.zytho.ca\/fr\/produit\/b14c31-reducteurs-concentriques-a-siege-biseaute-lisse-x-tri-clamp-dixon\/","title":{"rendered":"B14C31 R\u00e9ducteurs concentriques \u00e0 si\u00e8ge biseaut\u00e9 lisse x Tri-Clamp &#8211; Dixon"},"content":{"rendered":"<h6><strong>Avantages :<\/strong><\/h6>\n<ul>\n<li>Con\u00e7u pour r\u00e9pondre aux normes sanitaires rigoureuses 3-A, garantissant la conformit\u00e9 avec le num\u00e9ro 63-03 (num\u00e9ro d&#8217;autorisation 621).<\/li>\n<li>Des sp\u00e9cifications dimensionnelles compl\u00e8tes sont disponibles pour des applications d&#8217;ing\u00e9nierie pr\u00e9cises.<\/li>\n<li>Certifi\u00e9 par un certificat 3A, garantissant le respect des normes industrielles.<\/li>\n<\/ul>\n<h6><strong>D\u00e9tails du produit :<\/strong><\/h6>\n<ul>\n<li><a href=\"https:\/\/www.dixonvalve.com\/sites\/default\/files\/product\/files\/dimensional-specs\/B14C31-G150100.PDF\">Acc\u00e9der aux sp\u00e9cifications dimensionnelles d\u00e9taill\u00e9es<\/a><\/li>\n<li>Conforme aux normes sanitaires 3-A pour les raccords sanitaires, num\u00e9ro 63-03 (autorisation num\u00e9ro 621).<\/li>\n<\/ul>\n<h6><strong>Certifications :<\/strong><\/h6>\n<ul>\n<li><a href=\"https:\/\/www.dixonvalve.com\/sites\/default\/files\/product\/certifications\/621%2063-04-2020.pdf\">T\u00e9l\u00e9charger le document de certification 3A<\/a><\/li>\n<\/ul>\n<p>Note importante pour la configuration 1,5&#8243; x 1&#8243; : Comprend 13H-G150. Veuillez noter que l&#8217;\u00e9crou hexagonal n&#8217;est pas compatible avec l&#8217;assemblage du raccord apr\u00e8s soudage. <\/p>\n","protected":false},"excerpt":{"rendered":"<h4>Principaux avantages pour les brasseurs professionnels :<\/h4>\n<ul>\n<li>Garantit la conformit\u00e9 avec les normes sanitaires 3-A, essentielles au maintien de l&#8217;hygi\u00e8ne dans les processus de brassage.<\/li>\n<li>Fournit des sp\u00e9cifications dimensionnelles pr\u00e9cises pour une int\u00e9gration parfaite dans les syst\u00e8mes de brassage.<\/li>\n<li>Le certificat 3A garantit le respect des normes industrielles en mati\u00e8re de raccords sanitaires.<\/li>\n<\/ul>\n","protected":false},"featured_media":11621,"template":"","meta":{"_acf_changed":false,"inline_featured_image":false},"product_brand":[740],"product_cat":[736,741,765],"product_tag":[],"class_list":{"0":"post-11619","1":"product","2":"type-product","3":"status-publish","4":"has-post-thumbnail","6":"product_brand-dixon","7":"product_cat-distribution","8":"product_cat-materiel","9":"product_cat-raccords-sanitaires","11":"first","12":"instock","13":"taxable","14":"shipping-taxable","15":"purchasable","16":"product-type-variable"},"acf":[],"yoast_head":"<!-- This site is optimized with the Yoast SEO plugin v27.6 - https:\/\/yoast.com\/product\/yoast-seo-wordpress\/ -->\n<title>B14C31 R\u00e9ducteurs concentriques \u00e0 si\u00e8ge biseaut\u00e9 lisse x Tri-Clamp - Dixon - Pour brasseries professionnelles | Zytho<\/title>\n<meta name=\"description\" content=\"Optimisez les op\u00e9rations de votre brasserie avec les r\u00e9ducteurs concentriques B14C31 Plain Bevel Seat x Tri-Clamp de Dixon. Conforme aux normes sanitaires 3-A, ce r\u00e9ducteur assure pr\u00e9cision et qualit\u00e9. Certifi\u00e9 pour les standards de l&#039;industrie, c&#039;est un choix fiable pour les brasseurs professionnels.\" \/>\n<meta name=\"robots\" content=\"index, follow, max-snippet:-1, max-image-preview:large, max-video-preview:-1\" \/>\n<link rel=\"canonical\" href=\"https:\/\/www.zytho.ca\/fr\/produit\/b14c31-reducteurs-concentriques-a-siege-biseaute-lisse-x-tri-clamp-dixon\/\" \/>\n<meta property=\"og:locale\" content=\"fr_FR\" \/>\n<meta property=\"og:type\" content=\"article\" \/>\n<meta property=\"og:title\" content=\"B14C31 R\u00e9ducteurs concentriques \u00e0 si\u00e8ge biseaut\u00e9 lisse x Tri-Clamp - Dixon - Pour brasseries professionnelles | Zytho\" \/>\n<meta property=\"og:description\" content=\"Optimisez les op\u00e9rations de votre brasserie avec les r\u00e9ducteurs concentriques B14C31 Plain Bevel Seat x Tri-Clamp de Dixon. Conforme aux normes sanitaires 3-A, ce r\u00e9ducteur assure pr\u00e9cision et qualit\u00e9. Certifi\u00e9 pour les standards de l&#039;industrie, c&#039;est un choix fiable pour les brasseurs professionnels.\" \/>\n<meta property=\"og:url\" content=\"https:\/\/www.zytho.ca\/fr\/produit\/b14c31-reducteurs-concentriques-a-siege-biseaute-lisse-x-tri-clamp-dixon\/\" \/>\n<meta property=\"og:site_name\" content=\"Zytho\" \/>\n<meta property=\"article:modified_time\" content=\"2025-11-03T07:11:31+00:00\" \/>\n<meta property=\"og:image\" content=\"https:\/\/www.zytho.ca\/wp-content\/uploads\/2025\/10\/B14C31-Plain-Bevel-Seat-x-Tri-Clamp-Concentric-Reducers-Dixon.jpg\" \/>\n\t<meta property=\"og:image:width\" content=\"687\" \/>\n\t<meta property=\"og:image:height\" content=\"687\" \/>\n\t<meta property=\"og:image:type\" content=\"image\/jpeg\" \/>\n<meta name=\"twitter:card\" content=\"summary_large_image\" \/>\n<meta name=\"twitter:label1\" content=\"Dur\u00e9e de lecture estim\u00e9e\" \/>\n\t<meta name=\"twitter:data1\" content=\"1 minute\" \/>\n<script type=\"application\/ld+json\" class=\"yoast-schema-graph\">{\"@context\":\"https:\\\/\\\/schema.org\",\"@graph\":[{\"@type\":\"WebPage\",\"@id\":\"https:\\\/\\\/www.zytho.ca\\\/fr\\\/produit\\\/b14c31-reducteurs-concentriques-a-siege-biseaute-lisse-x-tri-clamp-dixon\\\/\",\"url\":\"https:\\\/\\\/www.zytho.ca\\\/fr\\\/produit\\\/b14c31-reducteurs-concentriques-a-siege-biseaute-lisse-x-tri-clamp-dixon\\\/\",\"name\":\"B14C31 R\u00e9ducteurs concentriques \u00e0 si\u00e8ge biseaut\u00e9 lisse x Tri-Clamp - Dixon - Pour brasseries professionnelles | Zytho\",\"isPartOf\":{\"@id\":\"https:\\\/\\\/www.zytho.ca\\\/fr\\\/#website\"},\"primaryImageOfPage\":{\"@id\":\"https:\\\/\\\/www.zytho.ca\\\/fr\\\/produit\\\/b14c31-reducteurs-concentriques-a-siege-biseaute-lisse-x-tri-clamp-dixon\\\/#primaryimage\"},\"image\":{\"@id\":\"https:\\\/\\\/www.zytho.ca\\\/fr\\\/produit\\\/b14c31-reducteurs-concentriques-a-siege-biseaute-lisse-x-tri-clamp-dixon\\\/#primaryimage\"},\"thumbnailUrl\":\"https:\\\/\\\/www.zytho.ca\\\/wp-content\\\/uploads\\\/2025\\\/10\\\/B14C31-Plain-Bevel-Seat-x-Tri-Clamp-Concentric-Reducers-Dixon.jpg\",\"datePublished\":\"2025-10-27T15:49:37+00:00\",\"dateModified\":\"2025-11-03T07:11:31+00:00\",\"description\":\"Optimisez les op\u00e9rations de votre brasserie avec les r\u00e9ducteurs concentriques B14C31 Plain Bevel Seat x Tri-Clamp de Dixon. Conforme aux normes sanitaires 3-A, ce r\u00e9ducteur assure pr\u00e9cision et qualit\u00e9. Certifi\u00e9 pour les standards de l'industrie, c'est un choix fiable pour les brasseurs professionnels.\",\"breadcrumb\":{\"@id\":\"https:\\\/\\\/www.zytho.ca\\\/fr\\\/produit\\\/b14c31-reducteurs-concentriques-a-siege-biseaute-lisse-x-tri-clamp-dixon\\\/#breadcrumb\"},\"inLanguage\":\"fr-FR\",\"potentialAction\":[{\"@type\":\"ReadAction\",\"target\":[\"https:\\\/\\\/www.zytho.ca\\\/fr\\\/produit\\\/b14c31-reducteurs-concentriques-a-siege-biseaute-lisse-x-tri-clamp-dixon\\\/\"]}]},{\"@type\":\"ImageObject\",\"inLanguage\":\"fr-FR\",\"@id\":\"https:\\\/\\\/www.zytho.ca\\\/fr\\\/produit\\\/b14c31-reducteurs-concentriques-a-siege-biseaute-lisse-x-tri-clamp-dixon\\\/#primaryimage\",\"url\":\"https:\\\/\\\/www.zytho.ca\\\/wp-content\\\/uploads\\\/2025\\\/10\\\/B14C31-Plain-Bevel-Seat-x-Tri-Clamp-Concentric-Reducers-Dixon.jpg\",\"contentUrl\":\"https:\\\/\\\/www.zytho.ca\\\/wp-content\\\/uploads\\\/2025\\\/10\\\/B14C31-Plain-Bevel-Seat-x-Tri-Clamp-Concentric-Reducers-Dixon.jpg\",\"width\":687,\"height\":687},{\"@type\":\"BreadcrumbList\",\"@id\":\"https:\\\/\\\/www.zytho.ca\\\/fr\\\/produit\\\/b14c31-reducteurs-concentriques-a-siege-biseaute-lisse-x-tri-clamp-dixon\\\/#breadcrumb\",\"itemListElement\":[{\"@type\":\"ListItem\",\"position\":1,\"name\":\"Accueil\",\"item\":\"https:\\\/\\\/www.zytho.ca\\\/fr\\\/\"},{\"@type\":\"ListItem\",\"position\":2,\"name\":\"Shop\",\"item\":\"https:\\\/\\\/www.zytho.ca\\\/fr\\\/shop\\\/\"},{\"@type\":\"ListItem\",\"position\":3,\"name\":\"B14C31 R\u00e9ducteurs concentriques \u00e0 si\u00e8ge biseaut\u00e9 lisse x Tri-Clamp &#8211; Dixon\"}]},{\"@type\":\"WebSite\",\"@id\":\"https:\\\/\\\/www.zytho.ca\\\/fr\\\/#website\",\"url\":\"https:\\\/\\\/www.zytho.ca\\\/fr\\\/\",\"name\":\"Zytho\",\"description\":\"\",\"publisher\":{\"@id\":\"https:\\\/\\\/www.zytho.ca\\\/fr\\\/#organization\"},\"potentialAction\":[{\"@type\":\"SearchAction\",\"target\":{\"@type\":\"EntryPoint\",\"urlTemplate\":\"https:\\\/\\\/www.zytho.ca\\\/fr\\\/?s={search_term_string}\"},\"query-input\":{\"@type\":\"PropertyValueSpecification\",\"valueRequired\":true,\"valueName\":\"search_term_string\"}}],\"inLanguage\":\"fr-FR\"},{\"@type\":\"Organization\",\"@id\":\"https:\\\/\\\/www.zytho.ca\\\/fr\\\/#organization\",\"name\":\"Zytho\",\"url\":\"https:\\\/\\\/www.zytho.ca\\\/fr\\\/\",\"logo\":{\"@type\":\"ImageObject\",\"inLanguage\":\"fr-FR\",\"@id\":\"https:\\\/\\\/www.zytho.ca\\\/fr\\\/#\\\/schema\\\/logo\\\/image\\\/\",\"url\":\"https:\\\/\\\/www.zytho.ca\\\/wp-content\\\/uploads\\\/2024\\\/05\\\/Zytho_reversed_horizontal.svg\",\"contentUrl\":\"https:\\\/\\\/www.zytho.ca\\\/wp-content\\\/uploads\\\/2024\\\/05\\\/Zytho_reversed_horizontal.svg\",\"width\":1582,\"height\":490,\"caption\":\"Zytho\"},\"image\":{\"@id\":\"https:\\\/\\\/www.zytho.ca\\\/fr\\\/#\\\/schema\\\/logo\\\/image\\\/\"}}]}<\/script>\n<!-- \/ Yoast SEO plugin. -->","yoast_head_json":{"title":"B14C31 R\u00e9ducteurs concentriques \u00e0 si\u00e8ge biseaut\u00e9 lisse x Tri-Clamp - Dixon - Pour brasseries professionnelles | Zytho","description":"Optimisez les op\u00e9rations de votre brasserie avec les r\u00e9ducteurs concentriques B14C31 Plain Bevel Seat x Tri-Clamp de Dixon. Conforme aux normes sanitaires 3-A, ce r\u00e9ducteur assure pr\u00e9cision et qualit\u00e9. Certifi\u00e9 pour les standards de l'industrie, c'est un choix fiable pour les brasseurs professionnels.","robots":{"index":"index","follow":"follow","max-snippet":"max-snippet:-1","max-image-preview":"max-image-preview:large","max-video-preview":"max-video-preview:-1"},"canonical":"https:\/\/www.zytho.ca\/fr\/produit\/b14c31-reducteurs-concentriques-a-siege-biseaute-lisse-x-tri-clamp-dixon\/","og_locale":"fr_FR","og_type":"article","og_title":"B14C31 R\u00e9ducteurs concentriques \u00e0 si\u00e8ge biseaut\u00e9 lisse x Tri-Clamp - Dixon - Pour brasseries professionnelles | Zytho","og_description":"Optimisez les op\u00e9rations de votre brasserie avec les r\u00e9ducteurs concentriques B14C31 Plain Bevel Seat x Tri-Clamp de Dixon. Conforme aux normes sanitaires 3-A, ce r\u00e9ducteur assure pr\u00e9cision et qualit\u00e9. Certifi\u00e9 pour les standards de l'industrie, c'est un choix fiable pour les brasseurs professionnels.","og_url":"https:\/\/www.zytho.ca\/fr\/produit\/b14c31-reducteurs-concentriques-a-siege-biseaute-lisse-x-tri-clamp-dixon\/","og_site_name":"Zytho","article_modified_time":"2025-11-03T07:11:31+00:00","og_image":[{"width":687,"height":687,"url":"https:\/\/www.zytho.ca\/wp-content\/uploads\/2025\/10\/B14C31-Plain-Bevel-Seat-x-Tri-Clamp-Concentric-Reducers-Dixon.jpg","type":"image\/jpeg"}],"twitter_card":"summary_large_image","twitter_misc":{"Dur\u00e9e de lecture estim\u00e9e":"1 minute"},"schema":{"@context":"https:\/\/schema.org","@graph":[{"@type":"WebPage","@id":"https:\/\/www.zytho.ca\/fr\/produit\/b14c31-reducteurs-concentriques-a-siege-biseaute-lisse-x-tri-clamp-dixon\/","url":"https:\/\/www.zytho.ca\/fr\/produit\/b14c31-reducteurs-concentriques-a-siege-biseaute-lisse-x-tri-clamp-dixon\/","name":"B14C31 R\u00e9ducteurs concentriques \u00e0 si\u00e8ge biseaut\u00e9 lisse x Tri-Clamp - Dixon - Pour brasseries professionnelles | Zytho","isPartOf":{"@id":"https:\/\/www.zytho.ca\/fr\/#website"},"primaryImageOfPage":{"@id":"https:\/\/www.zytho.ca\/fr\/produit\/b14c31-reducteurs-concentriques-a-siege-biseaute-lisse-x-tri-clamp-dixon\/#primaryimage"},"image":{"@id":"https:\/\/www.zytho.ca\/fr\/produit\/b14c31-reducteurs-concentriques-a-siege-biseaute-lisse-x-tri-clamp-dixon\/#primaryimage"},"thumbnailUrl":"https:\/\/www.zytho.ca\/wp-content\/uploads\/2025\/10\/B14C31-Plain-Bevel-Seat-x-Tri-Clamp-Concentric-Reducers-Dixon.jpg","datePublished":"2025-10-27T15:49:37+00:00","dateModified":"2025-11-03T07:11:31+00:00","description":"Optimisez les op\u00e9rations de votre brasserie avec les r\u00e9ducteurs concentriques B14C31 Plain Bevel Seat x Tri-Clamp de Dixon. Conforme aux normes sanitaires 3-A, ce r\u00e9ducteur assure pr\u00e9cision et qualit\u00e9. Certifi\u00e9 pour les standards de l'industrie, c'est un choix fiable pour les brasseurs professionnels.","breadcrumb":{"@id":"https:\/\/www.zytho.ca\/fr\/produit\/b14c31-reducteurs-concentriques-a-siege-biseaute-lisse-x-tri-clamp-dixon\/#breadcrumb"},"inLanguage":"fr-FR","potentialAction":[{"@type":"ReadAction","target":["https:\/\/www.zytho.ca\/fr\/produit\/b14c31-reducteurs-concentriques-a-siege-biseaute-lisse-x-tri-clamp-dixon\/"]}]},{"@type":"ImageObject","inLanguage":"fr-FR","@id":"https:\/\/www.zytho.ca\/fr\/produit\/b14c31-reducteurs-concentriques-a-siege-biseaute-lisse-x-tri-clamp-dixon\/#primaryimage","url":"https:\/\/www.zytho.ca\/wp-content\/uploads\/2025\/10\/B14C31-Plain-Bevel-Seat-x-Tri-Clamp-Concentric-Reducers-Dixon.jpg","contentUrl":"https:\/\/www.zytho.ca\/wp-content\/uploads\/2025\/10\/B14C31-Plain-Bevel-Seat-x-Tri-Clamp-Concentric-Reducers-Dixon.jpg","width":687,"height":687},{"@type":"BreadcrumbList","@id":"https:\/\/www.zytho.ca\/fr\/produit\/b14c31-reducteurs-concentriques-a-siege-biseaute-lisse-x-tri-clamp-dixon\/#breadcrumb","itemListElement":[{"@type":"ListItem","position":1,"name":"Accueil","item":"https:\/\/www.zytho.ca\/fr\/"},{"@type":"ListItem","position":2,"name":"Shop","item":"https:\/\/www.zytho.ca\/fr\/shop\/"},{"@type":"ListItem","position":3,"name":"B14C31 R\u00e9ducteurs concentriques \u00e0 si\u00e8ge biseaut\u00e9 lisse x Tri-Clamp &#8211; Dixon"}]},{"@type":"WebSite","@id":"https:\/\/www.zytho.ca\/fr\/#website","url":"https:\/\/www.zytho.ca\/fr\/","name":"Zytho","description":"","publisher":{"@id":"https:\/\/www.zytho.ca\/fr\/#organization"},"potentialAction":[{"@type":"SearchAction","target":{"@type":"EntryPoint","urlTemplate":"https:\/\/www.zytho.ca\/fr\/?s={search_term_string}"},"query-input":{"@type":"PropertyValueSpecification","valueRequired":true,"valueName":"search_term_string"}}],"inLanguage":"fr-FR"},{"@type":"Organization","@id":"https:\/\/www.zytho.ca\/fr\/#organization","name":"Zytho","url":"https:\/\/www.zytho.ca\/fr\/","logo":{"@type":"ImageObject","inLanguage":"fr-FR","@id":"https:\/\/www.zytho.ca\/fr\/#\/schema\/logo\/image\/","url":"https:\/\/www.zytho.ca\/wp-content\/uploads\/2024\/05\/Zytho_reversed_horizontal.svg","contentUrl":"https:\/\/www.zytho.ca\/wp-content\/uploads\/2024\/05\/Zytho_reversed_horizontal.svg","width":1582,"height":490,"caption":"Zytho"},"image":{"@id":"https:\/\/www.zytho.ca\/fr\/#\/schema\/logo\/image\/"}}]}},"_links":{"self":[{"href":"https:\/\/www.zytho.ca\/fr\/wp-json\/wp\/v2\/product\/11619","targetHints":{"allow":["GET"]}}],"collection":[{"href":"https:\/\/www.zytho.ca\/fr\/wp-json\/wp\/v2\/product"}],"about":[{"href":"https:\/\/www.zytho.ca\/fr\/wp-json\/wp\/v2\/types\/product"}],"wp:featuredmedia":[{"embeddable":true,"href":"https:\/\/www.zytho.ca\/fr\/wp-json\/wp\/v2\/media\/11621"}],"wp:attachment":[{"href":"https:\/\/www.zytho.ca\/fr\/wp-json\/wp\/v2\/media?parent=11619"}],"wp:term":[{"taxonomy":"product_brand","embeddable":true,"href":"https:\/\/www.zytho.ca\/fr\/wp-json\/wp\/v2\/product_brand?post=11619"},{"taxonomy":"product_cat","embeddable":true,"href":"https:\/\/www.zytho.ca\/fr\/wp-json\/wp\/v2\/product_cat?post=11619"},{"taxonomy":"product_tag","embeddable":true,"href":"https:\/\/www.zytho.ca\/fr\/wp-json\/wp\/v2\/product_tag?post=11619"}],"curies":[{"name":"wp","href":"https:\/\/api.w.org\/{rel}","templated":true}]}}