{"id":11569,"date":"2025-10-27T15:49:44","date_gmt":"2025-10-27T15:49:44","guid":{"rendered":"https:\/\/zytho.ca\/product\/13ilh-pince-a-usage-intensif-i-line-q-line-dixon\/"},"modified":"2026-03-17T12:55:45","modified_gmt":"2026-03-17T12:55:45","slug":"13ilh-pince-a-usage-intensif-i-line-q-line-dixon","status":"publish","type":"product","link":"https:\/\/www.zytho.ca\/fr\/produit\/13ilh-pince-a-usage-intensif-i-line-q-line-dixon\/","title":{"rendered":"13ILH Pince \u00e0 usage intensif I-line\/Q-line &#8211; Dixon"},"content":{"rendered":"<h6>Avantages :<\/h6>\n<ul>\n<li>Assure une fixation s\u00fbre avec un \u00e9crou \u00e0 ailettes serr\u00e9 avec pr\u00e9cision \u00e0 25 in. lbs. <\/li>\n<\/ul>\n<h6>D\u00e9tails du produit :<\/h6>\n<ul>\n<li>Essais hydrostatiques r\u00e9alis\u00e9s sans coups de b\u00e9lier ni chocs.<\/li>\n<li>Les performances d\u00e9pendent de la compatibilit\u00e9 et de l&#8217;installation correcte des composants du syst\u00e8me.<\/li>\n<\/ul>\n<h6>Page de catalogue<\/h6>\n<ul>\n<li><a href=\"https:\/\/www.dixonvalve.com\/sites\/default\/files\/product\/pages\/us\/DPL418%20-%20594.pdf\">DPL418-594<\/a><\/li>\n<\/ul>\n","protected":false},"excerpt":{"rendered":"<h4>Principaux avantages de la pince \u00e0 usage intensif 13ILH I-line\/Q-line pour les brasseurs professionnels<\/h4>\n<ul>\n<li>Garantit une connexion s\u00fbre et fiable gr\u00e2ce \u00e0 un \u00e9crou \u00e0 ailettes serr\u00e9 avec pr\u00e9cision, am\u00e9liorant la s\u00e9curit\u00e9 et l&#8217;efficacit\u00e9 des op\u00e9rations de brassage.<\/li>\n<li>Permet d&#8217;effectuer des tests hydrostatiques sans risque de coups de b\u00e9lier ou de chocs, prot\u00e9geant ainsi votre \u00e9quipement de brassage.<\/li>\n<li>Les performances sont optimis\u00e9es lorsque les composants sont correctement install\u00e9s et compatibles, ce qui garantit une qualit\u00e9 de brassage constante.<\/li>\n<\/ul>\n","protected":false},"featured_media":11570,"template":"","meta":{"_acf_changed":false,"inline_featured_image":false},"product_brand":[740],"product_cat":[736,741,765],"product_tag":[],"class_list":{"0":"post-11569","1":"product","2":"type-product","3":"status-publish","4":"has-post-thumbnail","6":"product_brand-dixon","7":"product_cat-distribution","8":"product_cat-materiel","9":"product_cat-raccords-sanitaires","11":"first","12":"instock","13":"taxable","14":"shipping-taxable","15":"purchasable","16":"product-type-variable"},"acf":[],"yoast_head":"<!-- This site is optimized with the Yoast SEO plugin v27.6 - https:\/\/yoast.com\/product\/yoast-seo-wordpress\/ -->\n<title>13ILH I-line\/Q-line Heavy Duty Clamp - Dixon - Pour brasseries professionnelles | Zytho<\/title>\n<meta name=\"description\" content=\"D\u00e9couvrez la pince 13ILH I-line\/Q-line Heavy Duty Clamp de Dixon, con\u00e7ue pour les brasseurs. Une fixation s\u00fbre et des performances fiables garantissent un processus de brassage fluide et efficace.\" \/>\n<meta name=\"robots\" content=\"index, follow, max-snippet:-1, max-image-preview:large, max-video-preview:-1\" \/>\n<link rel=\"canonical\" href=\"https:\/\/www.zytho.ca\/fr\/produit\/13ilh-pince-a-usage-intensif-i-line-q-line-dixon\/\" \/>\n<meta property=\"og:locale\" content=\"fr_FR\" \/>\n<meta property=\"og:type\" content=\"article\" \/>\n<meta property=\"og:title\" content=\"13ILH I-line\/Q-line Heavy Duty Clamp - Dixon - Pour brasseries professionnelles | Zytho\" \/>\n<meta property=\"og:description\" content=\"D\u00e9couvrez la pince 13ILH I-line\/Q-line Heavy Duty Clamp de Dixon, con\u00e7ue pour les brasseurs. Une fixation s\u00fbre et des performances fiables garantissent un processus de brassage fluide et efficace.\" \/>\n<meta property=\"og:url\" content=\"https:\/\/www.zytho.ca\/fr\/produit\/13ilh-pince-a-usage-intensif-i-line-q-line-dixon\/\" \/>\n<meta property=\"og:site_name\" content=\"Zytho\" \/>\n<meta property=\"article:modified_time\" content=\"2026-03-17T12:55:45+00:00\" \/>\n<meta property=\"og:image\" content=\"https:\/\/www.zytho.ca\/wp-content\/uploads\/2025\/10\/13ILH-I-lineQ-line-Heavy-Duty-Clamp-Dixon.jpg\" \/>\n\t<meta property=\"og:image:width\" content=\"792\" \/>\n\t<meta property=\"og:image:height\" content=\"792\" \/>\n\t<meta property=\"og:image:type\" content=\"image\/jpeg\" \/>\n<meta name=\"twitter:card\" content=\"summary_large_image\" \/>\n<script type=\"application\/ld+json\" class=\"yoast-schema-graph\">{\"@context\":\"https:\\\/\\\/schema.org\",\"@graph\":[{\"@type\":\"WebPage\",\"@id\":\"https:\\\/\\\/www.zytho.ca\\\/fr\\\/produit\\\/13ilh-pince-a-usage-intensif-i-line-q-line-dixon\\\/\",\"url\":\"https:\\\/\\\/www.zytho.ca\\\/fr\\\/produit\\\/13ilh-pince-a-usage-intensif-i-line-q-line-dixon\\\/\",\"name\":\"13ILH I-line\\\/Q-line Heavy Duty Clamp - Dixon - Pour brasseries professionnelles | Zytho\",\"isPartOf\":{\"@id\":\"https:\\\/\\\/www.zytho.ca\\\/fr\\\/#website\"},\"primaryImageOfPage\":{\"@id\":\"https:\\\/\\\/www.zytho.ca\\\/fr\\\/produit\\\/13ilh-pince-a-usage-intensif-i-line-q-line-dixon\\\/#primaryimage\"},\"image\":{\"@id\":\"https:\\\/\\\/www.zytho.ca\\\/fr\\\/produit\\\/13ilh-pince-a-usage-intensif-i-line-q-line-dixon\\\/#primaryimage\"},\"thumbnailUrl\":\"https:\\\/\\\/www.zytho.ca\\\/wp-content\\\/uploads\\\/2025\\\/10\\\/13ILH-I-lineQ-line-Heavy-Duty-Clamp-Dixon.jpg\",\"datePublished\":\"2025-10-27T15:49:44+00:00\",\"dateModified\":\"2026-03-17T12:55:45+00:00\",\"description\":\"D\u00e9couvrez la pince 13ILH I-line\\\/Q-line Heavy Duty Clamp de Dixon, con\u00e7ue pour les brasseurs. Une fixation s\u00fbre et des performances fiables garantissent un processus de brassage fluide et efficace.\",\"breadcrumb\":{\"@id\":\"https:\\\/\\\/www.zytho.ca\\\/fr\\\/produit\\\/13ilh-pince-a-usage-intensif-i-line-q-line-dixon\\\/#breadcrumb\"},\"inLanguage\":\"fr-FR\",\"potentialAction\":[{\"@type\":\"ReadAction\",\"target\":[\"https:\\\/\\\/www.zytho.ca\\\/fr\\\/produit\\\/13ilh-pince-a-usage-intensif-i-line-q-line-dixon\\\/\"]}]},{\"@type\":\"ImageObject\",\"inLanguage\":\"fr-FR\",\"@id\":\"https:\\\/\\\/www.zytho.ca\\\/fr\\\/produit\\\/13ilh-pince-a-usage-intensif-i-line-q-line-dixon\\\/#primaryimage\",\"url\":\"https:\\\/\\\/www.zytho.ca\\\/wp-content\\\/uploads\\\/2025\\\/10\\\/13ILH-I-lineQ-line-Heavy-Duty-Clamp-Dixon.jpg\",\"contentUrl\":\"https:\\\/\\\/www.zytho.ca\\\/wp-content\\\/uploads\\\/2025\\\/10\\\/13ILH-I-lineQ-line-Heavy-Duty-Clamp-Dixon.jpg\",\"width\":792,\"height\":792},{\"@type\":\"BreadcrumbList\",\"@id\":\"https:\\\/\\\/www.zytho.ca\\\/fr\\\/produit\\\/13ilh-pince-a-usage-intensif-i-line-q-line-dixon\\\/#breadcrumb\",\"itemListElement\":[{\"@type\":\"ListItem\",\"position\":1,\"name\":\"Accueil\",\"item\":\"https:\\\/\\\/www.zytho.ca\\\/fr\\\/\"},{\"@type\":\"ListItem\",\"position\":2,\"name\":\"Shop\",\"item\":\"https:\\\/\\\/www.zytho.ca\\\/fr\\\/shop\\\/\"},{\"@type\":\"ListItem\",\"position\":3,\"name\":\"13ILH Pince \u00e0 usage intensif I-line\\\/Q-line &#8211; Dixon\"}]},{\"@type\":\"WebSite\",\"@id\":\"https:\\\/\\\/www.zytho.ca\\\/fr\\\/#website\",\"url\":\"https:\\\/\\\/www.zytho.ca\\\/fr\\\/\",\"name\":\"Zytho\",\"description\":\"\",\"publisher\":{\"@id\":\"https:\\\/\\\/www.zytho.ca\\\/fr\\\/#organization\"},\"potentialAction\":[{\"@type\":\"SearchAction\",\"target\":{\"@type\":\"EntryPoint\",\"urlTemplate\":\"https:\\\/\\\/www.zytho.ca\\\/fr\\\/?s={search_term_string}\"},\"query-input\":{\"@type\":\"PropertyValueSpecification\",\"valueRequired\":true,\"valueName\":\"search_term_string\"}}],\"inLanguage\":\"fr-FR\"},{\"@type\":\"Organization\",\"@id\":\"https:\\\/\\\/www.zytho.ca\\\/fr\\\/#organization\",\"name\":\"Zytho\",\"url\":\"https:\\\/\\\/www.zytho.ca\\\/fr\\\/\",\"logo\":{\"@type\":\"ImageObject\",\"inLanguage\":\"fr-FR\",\"@id\":\"https:\\\/\\\/www.zytho.ca\\\/fr\\\/#\\\/schema\\\/logo\\\/image\\\/\",\"url\":\"https:\\\/\\\/www.zytho.ca\\\/wp-content\\\/uploads\\\/2024\\\/05\\\/Zytho_reversed_horizontal.svg\",\"contentUrl\":\"https:\\\/\\\/www.zytho.ca\\\/wp-content\\\/uploads\\\/2024\\\/05\\\/Zytho_reversed_horizontal.svg\",\"width\":1582,\"height\":490,\"caption\":\"Zytho\"},\"image\":{\"@id\":\"https:\\\/\\\/www.zytho.ca\\\/fr\\\/#\\\/schema\\\/logo\\\/image\\\/\"}}]}<\/script>\n<!-- \/ Yoast SEO plugin. -->","yoast_head_json":{"title":"13ILH I-line\/Q-line Heavy Duty Clamp - Dixon - Pour brasseries professionnelles | Zytho","description":"D\u00e9couvrez la pince 13ILH I-line\/Q-line Heavy Duty Clamp de Dixon, con\u00e7ue pour les brasseurs. Une fixation s\u00fbre et des performances fiables garantissent un processus de brassage fluide et efficace.","robots":{"index":"index","follow":"follow","max-snippet":"max-snippet:-1","max-image-preview":"max-image-preview:large","max-video-preview":"max-video-preview:-1"},"canonical":"https:\/\/www.zytho.ca\/fr\/produit\/13ilh-pince-a-usage-intensif-i-line-q-line-dixon\/","og_locale":"fr_FR","og_type":"article","og_title":"13ILH I-line\/Q-line Heavy Duty Clamp - Dixon - Pour brasseries professionnelles | Zytho","og_description":"D\u00e9couvrez la pince 13ILH I-line\/Q-line Heavy Duty Clamp de Dixon, con\u00e7ue pour les brasseurs. Une fixation s\u00fbre et des performances fiables garantissent un processus de brassage fluide et efficace.","og_url":"https:\/\/www.zytho.ca\/fr\/produit\/13ilh-pince-a-usage-intensif-i-line-q-line-dixon\/","og_site_name":"Zytho","article_modified_time":"2026-03-17T12:55:45+00:00","og_image":[{"width":792,"height":792,"url":"https:\/\/www.zytho.ca\/wp-content\/uploads\/2025\/10\/13ILH-I-lineQ-line-Heavy-Duty-Clamp-Dixon.jpg","type":"image\/jpeg"}],"twitter_card":"summary_large_image","schema":{"@context":"https:\/\/schema.org","@graph":[{"@type":"WebPage","@id":"https:\/\/www.zytho.ca\/fr\/produit\/13ilh-pince-a-usage-intensif-i-line-q-line-dixon\/","url":"https:\/\/www.zytho.ca\/fr\/produit\/13ilh-pince-a-usage-intensif-i-line-q-line-dixon\/","name":"13ILH I-line\/Q-line Heavy Duty Clamp - Dixon - Pour brasseries professionnelles | Zytho","isPartOf":{"@id":"https:\/\/www.zytho.ca\/fr\/#website"},"primaryImageOfPage":{"@id":"https:\/\/www.zytho.ca\/fr\/produit\/13ilh-pince-a-usage-intensif-i-line-q-line-dixon\/#primaryimage"},"image":{"@id":"https:\/\/www.zytho.ca\/fr\/produit\/13ilh-pince-a-usage-intensif-i-line-q-line-dixon\/#primaryimage"},"thumbnailUrl":"https:\/\/www.zytho.ca\/wp-content\/uploads\/2025\/10\/13ILH-I-lineQ-line-Heavy-Duty-Clamp-Dixon.jpg","datePublished":"2025-10-27T15:49:44+00:00","dateModified":"2026-03-17T12:55:45+00:00","description":"D\u00e9couvrez la pince 13ILH I-line\/Q-line Heavy Duty Clamp de Dixon, con\u00e7ue pour les brasseurs. Une fixation s\u00fbre et des performances fiables garantissent un processus de brassage fluide et efficace.","breadcrumb":{"@id":"https:\/\/www.zytho.ca\/fr\/produit\/13ilh-pince-a-usage-intensif-i-line-q-line-dixon\/#breadcrumb"},"inLanguage":"fr-FR","potentialAction":[{"@type":"ReadAction","target":["https:\/\/www.zytho.ca\/fr\/produit\/13ilh-pince-a-usage-intensif-i-line-q-line-dixon\/"]}]},{"@type":"ImageObject","inLanguage":"fr-FR","@id":"https:\/\/www.zytho.ca\/fr\/produit\/13ilh-pince-a-usage-intensif-i-line-q-line-dixon\/#primaryimage","url":"https:\/\/www.zytho.ca\/wp-content\/uploads\/2025\/10\/13ILH-I-lineQ-line-Heavy-Duty-Clamp-Dixon.jpg","contentUrl":"https:\/\/www.zytho.ca\/wp-content\/uploads\/2025\/10\/13ILH-I-lineQ-line-Heavy-Duty-Clamp-Dixon.jpg","width":792,"height":792},{"@type":"BreadcrumbList","@id":"https:\/\/www.zytho.ca\/fr\/produit\/13ilh-pince-a-usage-intensif-i-line-q-line-dixon\/#breadcrumb","itemListElement":[{"@type":"ListItem","position":1,"name":"Accueil","item":"https:\/\/www.zytho.ca\/fr\/"},{"@type":"ListItem","position":2,"name":"Shop","item":"https:\/\/www.zytho.ca\/fr\/shop\/"},{"@type":"ListItem","position":3,"name":"13ILH Pince \u00e0 usage intensif I-line\/Q-line &#8211; Dixon"}]},{"@type":"WebSite","@id":"https:\/\/www.zytho.ca\/fr\/#website","url":"https:\/\/www.zytho.ca\/fr\/","name":"Zytho","description":"","publisher":{"@id":"https:\/\/www.zytho.ca\/fr\/#organization"},"potentialAction":[{"@type":"SearchAction","target":{"@type":"EntryPoint","urlTemplate":"https:\/\/www.zytho.ca\/fr\/?s={search_term_string}"},"query-input":{"@type":"PropertyValueSpecification","valueRequired":true,"valueName":"search_term_string"}}],"inLanguage":"fr-FR"},{"@type":"Organization","@id":"https:\/\/www.zytho.ca\/fr\/#organization","name":"Zytho","url":"https:\/\/www.zytho.ca\/fr\/","logo":{"@type":"ImageObject","inLanguage":"fr-FR","@id":"https:\/\/www.zytho.ca\/fr\/#\/schema\/logo\/image\/","url":"https:\/\/www.zytho.ca\/wp-content\/uploads\/2024\/05\/Zytho_reversed_horizontal.svg","contentUrl":"https:\/\/www.zytho.ca\/wp-content\/uploads\/2024\/05\/Zytho_reversed_horizontal.svg","width":1582,"height":490,"caption":"Zytho"},"image":{"@id":"https:\/\/www.zytho.ca\/fr\/#\/schema\/logo\/image\/"}}]}},"_links":{"self":[{"href":"https:\/\/www.zytho.ca\/fr\/wp-json\/wp\/v2\/product\/11569","targetHints":{"allow":["GET"]}}],"collection":[{"href":"https:\/\/www.zytho.ca\/fr\/wp-json\/wp\/v2\/product"}],"about":[{"href":"https:\/\/www.zytho.ca\/fr\/wp-json\/wp\/v2\/types\/product"}],"wp:featuredmedia":[{"embeddable":true,"href":"https:\/\/www.zytho.ca\/fr\/wp-json\/wp\/v2\/media\/11570"}],"wp:attachment":[{"href":"https:\/\/www.zytho.ca\/fr\/wp-json\/wp\/v2\/media?parent=11569"}],"wp:term":[{"taxonomy":"product_brand","embeddable":true,"href":"https:\/\/www.zytho.ca\/fr\/wp-json\/wp\/v2\/product_brand?post=11569"},{"taxonomy":"product_cat","embeddable":true,"href":"https:\/\/www.zytho.ca\/fr\/wp-json\/wp\/v2\/product_cat?post=11569"},{"taxonomy":"product_tag","embeddable":true,"href":"https:\/\/www.zytho.ca\/fr\/wp-json\/wp\/v2\/product_tag?post=11569"}],"curies":[{"name":"wp","href":"https:\/\/api.w.org\/{rel}","templated":true}]}}