{"id":11568,"date":"2025-10-27T15:50:06","date_gmt":"2025-10-27T15:50:06","guid":{"rendered":"https:\/\/zytho.ca\/product\/raccord-male-pour-tuyau-darrosage-avec-ardillon-dixon\/"},"modified":"2025-11-03T07:11:29","modified_gmt":"2025-11-03T07:11:29","slug":"raccord-male-pour-tuyau-darrosage-avec-ardillon-dixon","status":"publish","type":"product","link":"https:\/\/www.zytho.ca\/fr\/produit\/raccord-male-pour-tuyau-darrosage-avec-ardillon-dixon\/","title":{"rendered":"Raccord m\u00e2le pour tuyau d&#8217;arrosage avec ardillon &#8211; Dixon"},"content":{"rendered":"<p>Les adaptateurs et connecteurs pour tuyaux d&#8217;arrosage sont des composants essentiels pour raccorder des tuyaux d&#8217;arrosage \u00e0 des tuyaux de diff\u00e9rents diam\u00e8tres. L&#8217;extr\u00e9mit\u00e9 \u00e0 embo\u00eeter du raccord est con\u00e7ue avec des barbes pour saisir fermement le tuyau non destin\u00e9 \u00e0 l&#8217;arrosage, assurant ainsi une \u00e9tanch\u00e9it\u00e9 fiable. Pour une s\u00e9curit\u00e9 optimale, il est recommand\u00e9 d&#8217;utiliser un collier de serrage pour fixer le tuyau.  <\/p>\n<h6><strong>Page de catalogue<\/strong><\/h6>\n<ul>\n<li><a href=\"https:\/\/www.dixonvalve.com\/sites\/default\/files\/product\/pages\/us\/DPL418%20-%20234.pdf\">DPL418 &#8211; 234<\/a><\/li>\n<\/ul>\n","protected":false},"excerpt":{"rendered":"<h4>Principaux avantages du raccord m\u00e2le pour tuyau d&#8217;arrosage avec ardillon pour les brasseurs professionnels<\/h4>\n<ul>\n<li>Assure une connexion fiable entre des tuyaux de diff\u00e9rents diam\u00e8tres, ce qui est essentiel pour maintenir un d\u00e9bit constant dans les processus de brassage.<\/li>\n<li>Dot\u00e9 d&#8217;un embout \u00e0 embo\u00eeter avec des barbes pour une prise s\u00fbre, minimisant les fuites et assurant l&#8217;efficacit\u00e9 du transfert de liquide.<\/li>\n<li>Compatible avec les colliers de serrage pour une s\u00e9curit\u00e9 accrue, ce qui vous permet d&#8217;avoir l&#8217;esprit tranquille pendant les op\u00e9rations de brassage \u00e0 haute pression.<\/li>\n<\/ul>\n","protected":false},"featured_media":11571,"template":"","meta":{"_acf_changed":false,"inline_featured_image":false},"product_brand":[740],"product_cat":[736,741,749],"product_tag":[763,754,762,755,838,800,845],"class_list":{"0":"post-11568","1":"product","2":"type-product","3":"status-publish","4":"has-post-thumbnail","6":"product_brand-dixon","7":"product_cat-distribution","8":"product_cat-materiel","9":"product_cat-quincaillerie-industrielle","10":"product_tag-acier-inoxydable","11":"product_tag-brasserie","12":"product_tag-cave","13":"product_tag-distillerie","14":"product_tag-raccord-cannele","15":"product_tag-soda","16":"product_tag-tuyau-darrosage","18":"first","19":"instock","20":"taxable","21":"shipping-taxable","22":"purchasable","23":"product-type-variable"},"acf":[],"yoast_head":"<!-- This site is optimized with the Yoast SEO plugin v27.6 - https:\/\/yoast.com\/product\/yoast-seo-wordpress\/ -->\n<title>Raccord m\u00e2le pour tuyau d&#039;arrosage avec ardillon - Dixon - Pour brasseries professionnelles | Zytho<\/title>\n<meta name=\"description\" content=\"Connectez votre \u00e9quipement de brasserie sans probl\u00e8me avec le raccord m\u00e2le \u00e0 filetage de tuyau d&#039;arrosage Dixon avec barrette de tuyau. Garantit un joint s\u00fbr pour les diff\u00e9rents diam\u00e8tres de tuyau. Parfait pour les brasseurs professionnels !\" \/>\n<meta name=\"robots\" content=\"index, follow, max-snippet:-1, max-image-preview:large, max-video-preview:-1\" \/>\n<link rel=\"canonical\" href=\"https:\/\/www.zytho.ca\/fr\/produit\/raccord-male-pour-tuyau-darrosage-avec-ardillon-dixon\/\" \/>\n<meta property=\"og:locale\" content=\"fr_FR\" \/>\n<meta property=\"og:type\" content=\"article\" \/>\n<meta property=\"og:title\" content=\"Raccord m\u00e2le pour tuyau d&#039;arrosage avec ardillon - Dixon - Pour brasseries professionnelles | Zytho\" \/>\n<meta property=\"og:description\" content=\"Connectez votre \u00e9quipement de brasserie sans probl\u00e8me avec le raccord m\u00e2le \u00e0 filetage de tuyau d&#039;arrosage Dixon avec barrette de tuyau. Garantit un joint s\u00fbr pour les diff\u00e9rents diam\u00e8tres de tuyau. Parfait pour les brasseurs professionnels !\" \/>\n<meta property=\"og:url\" content=\"https:\/\/www.zytho.ca\/fr\/produit\/raccord-male-pour-tuyau-darrosage-avec-ardillon-dixon\/\" \/>\n<meta property=\"og:site_name\" content=\"Zytho\" \/>\n<meta property=\"article:modified_time\" content=\"2025-11-03T07:11:29+00:00\" \/>\n<meta property=\"og:image\" content=\"https:\/\/www.zytho.ca\/wp-content\/uploads\/2025\/10\/Garden-Hose-Thread-Male-Fitting-with-Hose-Barb-Dixon.jpg\" \/>\n\t<meta property=\"og:image:width\" content=\"342\" \/>\n\t<meta property=\"og:image:height\" content=\"342\" \/>\n\t<meta property=\"og:image:type\" content=\"image\/jpeg\" \/>\n<meta name=\"twitter:card\" content=\"summary_large_image\" \/>\n<script type=\"application\/ld+json\" class=\"yoast-schema-graph\">{\"@context\":\"https:\\\/\\\/schema.org\",\"@graph\":[{\"@type\":\"WebPage\",\"@id\":\"https:\\\/\\\/www.zytho.ca\\\/fr\\\/produit\\\/raccord-male-pour-tuyau-darrosage-avec-ardillon-dixon\\\/\",\"url\":\"https:\\\/\\\/www.zytho.ca\\\/fr\\\/produit\\\/raccord-male-pour-tuyau-darrosage-avec-ardillon-dixon\\\/\",\"name\":\"Raccord m\u00e2le pour tuyau d'arrosage avec ardillon - Dixon - Pour brasseries professionnelles | Zytho\",\"isPartOf\":{\"@id\":\"https:\\\/\\\/www.zytho.ca\\\/fr\\\/#website\"},\"primaryImageOfPage\":{\"@id\":\"https:\\\/\\\/www.zytho.ca\\\/fr\\\/produit\\\/raccord-male-pour-tuyau-darrosage-avec-ardillon-dixon\\\/#primaryimage\"},\"image\":{\"@id\":\"https:\\\/\\\/www.zytho.ca\\\/fr\\\/produit\\\/raccord-male-pour-tuyau-darrosage-avec-ardillon-dixon\\\/#primaryimage\"},\"thumbnailUrl\":\"https:\\\/\\\/www.zytho.ca\\\/wp-content\\\/uploads\\\/2025\\\/10\\\/Garden-Hose-Thread-Male-Fitting-with-Hose-Barb-Dixon.jpg\",\"datePublished\":\"2025-10-27T15:50:06+00:00\",\"dateModified\":\"2025-11-03T07:11:29+00:00\",\"description\":\"Connectez votre \u00e9quipement de brasserie sans probl\u00e8me avec le raccord m\u00e2le \u00e0 filetage de tuyau d'arrosage Dixon avec barrette de tuyau. Garantit un joint s\u00fbr pour les diff\u00e9rents diam\u00e8tres de tuyau. Parfait pour les brasseurs professionnels !\",\"breadcrumb\":{\"@id\":\"https:\\\/\\\/www.zytho.ca\\\/fr\\\/produit\\\/raccord-male-pour-tuyau-darrosage-avec-ardillon-dixon\\\/#breadcrumb\"},\"inLanguage\":\"fr-FR\",\"potentialAction\":[{\"@type\":\"ReadAction\",\"target\":[\"https:\\\/\\\/www.zytho.ca\\\/fr\\\/produit\\\/raccord-male-pour-tuyau-darrosage-avec-ardillon-dixon\\\/\"]}]},{\"@type\":\"ImageObject\",\"inLanguage\":\"fr-FR\",\"@id\":\"https:\\\/\\\/www.zytho.ca\\\/fr\\\/produit\\\/raccord-male-pour-tuyau-darrosage-avec-ardillon-dixon\\\/#primaryimage\",\"url\":\"https:\\\/\\\/www.zytho.ca\\\/wp-content\\\/uploads\\\/2025\\\/10\\\/Garden-Hose-Thread-Male-Fitting-with-Hose-Barb-Dixon.jpg\",\"contentUrl\":\"https:\\\/\\\/www.zytho.ca\\\/wp-content\\\/uploads\\\/2025\\\/10\\\/Garden-Hose-Thread-Male-Fitting-with-Hose-Barb-Dixon.jpg\",\"width\":342,\"height\":342},{\"@type\":\"BreadcrumbList\",\"@id\":\"https:\\\/\\\/www.zytho.ca\\\/fr\\\/produit\\\/raccord-male-pour-tuyau-darrosage-avec-ardillon-dixon\\\/#breadcrumb\",\"itemListElement\":[{\"@type\":\"ListItem\",\"position\":1,\"name\":\"Accueil\",\"item\":\"https:\\\/\\\/www.zytho.ca\\\/fr\\\/\"},{\"@type\":\"ListItem\",\"position\":2,\"name\":\"Shop\",\"item\":\"https:\\\/\\\/www.zytho.ca\\\/fr\\\/shop\\\/\"},{\"@type\":\"ListItem\",\"position\":3,\"name\":\"Raccord m\u00e2le pour tuyau d&#8217;arrosage avec ardillon &#8211; Dixon\"}]},{\"@type\":\"WebSite\",\"@id\":\"https:\\\/\\\/www.zytho.ca\\\/fr\\\/#website\",\"url\":\"https:\\\/\\\/www.zytho.ca\\\/fr\\\/\",\"name\":\"Zytho\",\"description\":\"\",\"publisher\":{\"@id\":\"https:\\\/\\\/www.zytho.ca\\\/fr\\\/#organization\"},\"potentialAction\":[{\"@type\":\"SearchAction\",\"target\":{\"@type\":\"EntryPoint\",\"urlTemplate\":\"https:\\\/\\\/www.zytho.ca\\\/fr\\\/?s={search_term_string}\"},\"query-input\":{\"@type\":\"PropertyValueSpecification\",\"valueRequired\":true,\"valueName\":\"search_term_string\"}}],\"inLanguage\":\"fr-FR\"},{\"@type\":\"Organization\",\"@id\":\"https:\\\/\\\/www.zytho.ca\\\/fr\\\/#organization\",\"name\":\"Zytho\",\"url\":\"https:\\\/\\\/www.zytho.ca\\\/fr\\\/\",\"logo\":{\"@type\":\"ImageObject\",\"inLanguage\":\"fr-FR\",\"@id\":\"https:\\\/\\\/www.zytho.ca\\\/fr\\\/#\\\/schema\\\/logo\\\/image\\\/\",\"url\":\"https:\\\/\\\/www.zytho.ca\\\/wp-content\\\/uploads\\\/2024\\\/05\\\/Zytho_reversed_horizontal.svg\",\"contentUrl\":\"https:\\\/\\\/www.zytho.ca\\\/wp-content\\\/uploads\\\/2024\\\/05\\\/Zytho_reversed_horizontal.svg\",\"width\":1582,\"height\":490,\"caption\":\"Zytho\"},\"image\":{\"@id\":\"https:\\\/\\\/www.zytho.ca\\\/fr\\\/#\\\/schema\\\/logo\\\/image\\\/\"}}]}<\/script>\n<!-- \/ Yoast SEO plugin. -->","yoast_head_json":{"title":"Raccord m\u00e2le pour tuyau d'arrosage avec ardillon - Dixon - Pour brasseries professionnelles | Zytho","description":"Connectez votre \u00e9quipement de brasserie sans probl\u00e8me avec le raccord m\u00e2le \u00e0 filetage de tuyau d'arrosage Dixon avec barrette de tuyau. Garantit un joint s\u00fbr pour les diff\u00e9rents diam\u00e8tres de tuyau. Parfait pour les brasseurs professionnels !","robots":{"index":"index","follow":"follow","max-snippet":"max-snippet:-1","max-image-preview":"max-image-preview:large","max-video-preview":"max-video-preview:-1"},"canonical":"https:\/\/www.zytho.ca\/fr\/produit\/raccord-male-pour-tuyau-darrosage-avec-ardillon-dixon\/","og_locale":"fr_FR","og_type":"article","og_title":"Raccord m\u00e2le pour tuyau d'arrosage avec ardillon - Dixon - Pour brasseries professionnelles | Zytho","og_description":"Connectez votre \u00e9quipement de brasserie sans probl\u00e8me avec le raccord m\u00e2le \u00e0 filetage de tuyau d'arrosage Dixon avec barrette de tuyau. Garantit un joint s\u00fbr pour les diff\u00e9rents diam\u00e8tres de tuyau. Parfait pour les brasseurs professionnels !","og_url":"https:\/\/www.zytho.ca\/fr\/produit\/raccord-male-pour-tuyau-darrosage-avec-ardillon-dixon\/","og_site_name":"Zytho","article_modified_time":"2025-11-03T07:11:29+00:00","og_image":[{"width":342,"height":342,"url":"https:\/\/www.zytho.ca\/wp-content\/uploads\/2025\/10\/Garden-Hose-Thread-Male-Fitting-with-Hose-Barb-Dixon.jpg","type":"image\/jpeg"}],"twitter_card":"summary_large_image","schema":{"@context":"https:\/\/schema.org","@graph":[{"@type":"WebPage","@id":"https:\/\/www.zytho.ca\/fr\/produit\/raccord-male-pour-tuyau-darrosage-avec-ardillon-dixon\/","url":"https:\/\/www.zytho.ca\/fr\/produit\/raccord-male-pour-tuyau-darrosage-avec-ardillon-dixon\/","name":"Raccord m\u00e2le pour tuyau d'arrosage avec ardillon - Dixon - Pour brasseries professionnelles | Zytho","isPartOf":{"@id":"https:\/\/www.zytho.ca\/fr\/#website"},"primaryImageOfPage":{"@id":"https:\/\/www.zytho.ca\/fr\/produit\/raccord-male-pour-tuyau-darrosage-avec-ardillon-dixon\/#primaryimage"},"image":{"@id":"https:\/\/www.zytho.ca\/fr\/produit\/raccord-male-pour-tuyau-darrosage-avec-ardillon-dixon\/#primaryimage"},"thumbnailUrl":"https:\/\/www.zytho.ca\/wp-content\/uploads\/2025\/10\/Garden-Hose-Thread-Male-Fitting-with-Hose-Barb-Dixon.jpg","datePublished":"2025-10-27T15:50:06+00:00","dateModified":"2025-11-03T07:11:29+00:00","description":"Connectez votre \u00e9quipement de brasserie sans probl\u00e8me avec le raccord m\u00e2le \u00e0 filetage de tuyau d'arrosage Dixon avec barrette de tuyau. Garantit un joint s\u00fbr pour les diff\u00e9rents diam\u00e8tres de tuyau. Parfait pour les brasseurs professionnels !","breadcrumb":{"@id":"https:\/\/www.zytho.ca\/fr\/produit\/raccord-male-pour-tuyau-darrosage-avec-ardillon-dixon\/#breadcrumb"},"inLanguage":"fr-FR","potentialAction":[{"@type":"ReadAction","target":["https:\/\/www.zytho.ca\/fr\/produit\/raccord-male-pour-tuyau-darrosage-avec-ardillon-dixon\/"]}]},{"@type":"ImageObject","inLanguage":"fr-FR","@id":"https:\/\/www.zytho.ca\/fr\/produit\/raccord-male-pour-tuyau-darrosage-avec-ardillon-dixon\/#primaryimage","url":"https:\/\/www.zytho.ca\/wp-content\/uploads\/2025\/10\/Garden-Hose-Thread-Male-Fitting-with-Hose-Barb-Dixon.jpg","contentUrl":"https:\/\/www.zytho.ca\/wp-content\/uploads\/2025\/10\/Garden-Hose-Thread-Male-Fitting-with-Hose-Barb-Dixon.jpg","width":342,"height":342},{"@type":"BreadcrumbList","@id":"https:\/\/www.zytho.ca\/fr\/produit\/raccord-male-pour-tuyau-darrosage-avec-ardillon-dixon\/#breadcrumb","itemListElement":[{"@type":"ListItem","position":1,"name":"Accueil","item":"https:\/\/www.zytho.ca\/fr\/"},{"@type":"ListItem","position":2,"name":"Shop","item":"https:\/\/www.zytho.ca\/fr\/shop\/"},{"@type":"ListItem","position":3,"name":"Raccord m\u00e2le pour tuyau d&#8217;arrosage avec ardillon &#8211; Dixon"}]},{"@type":"WebSite","@id":"https:\/\/www.zytho.ca\/fr\/#website","url":"https:\/\/www.zytho.ca\/fr\/","name":"Zytho","description":"","publisher":{"@id":"https:\/\/www.zytho.ca\/fr\/#organization"},"potentialAction":[{"@type":"SearchAction","target":{"@type":"EntryPoint","urlTemplate":"https:\/\/www.zytho.ca\/fr\/?s={search_term_string}"},"query-input":{"@type":"PropertyValueSpecification","valueRequired":true,"valueName":"search_term_string"}}],"inLanguage":"fr-FR"},{"@type":"Organization","@id":"https:\/\/www.zytho.ca\/fr\/#organization","name":"Zytho","url":"https:\/\/www.zytho.ca\/fr\/","logo":{"@type":"ImageObject","inLanguage":"fr-FR","@id":"https:\/\/www.zytho.ca\/fr\/#\/schema\/logo\/image\/","url":"https:\/\/www.zytho.ca\/wp-content\/uploads\/2024\/05\/Zytho_reversed_horizontal.svg","contentUrl":"https:\/\/www.zytho.ca\/wp-content\/uploads\/2024\/05\/Zytho_reversed_horizontal.svg","width":1582,"height":490,"caption":"Zytho"},"image":{"@id":"https:\/\/www.zytho.ca\/fr\/#\/schema\/logo\/image\/"}}]}},"_links":{"self":[{"href":"https:\/\/www.zytho.ca\/fr\/wp-json\/wp\/v2\/product\/11568","targetHints":{"allow":["GET"]}}],"collection":[{"href":"https:\/\/www.zytho.ca\/fr\/wp-json\/wp\/v2\/product"}],"about":[{"href":"https:\/\/www.zytho.ca\/fr\/wp-json\/wp\/v2\/types\/product"}],"wp:featuredmedia":[{"embeddable":true,"href":"https:\/\/www.zytho.ca\/fr\/wp-json\/wp\/v2\/media\/11571"}],"wp:attachment":[{"href":"https:\/\/www.zytho.ca\/fr\/wp-json\/wp\/v2\/media?parent=11568"}],"wp:term":[{"taxonomy":"product_brand","embeddable":true,"href":"https:\/\/www.zytho.ca\/fr\/wp-json\/wp\/v2\/product_brand?post=11568"},{"taxonomy":"product_cat","embeddable":true,"href":"https:\/\/www.zytho.ca\/fr\/wp-json\/wp\/v2\/product_cat?post=11568"},{"taxonomy":"product_tag","embeddable":true,"href":"https:\/\/www.zytho.ca\/fr\/wp-json\/wp\/v2\/product_tag?post=11568"}],"curies":[{"name":"wp","href":"https:\/\/api.w.org\/{rel}","templated":true}]}}