{"id":11556,"date":"2025-10-27T15:50:06","date_gmt":"2025-10-27T15:50:06","guid":{"rendered":"https:\/\/zytho.ca\/product\/raccords-femelles-pour-tuyau-darrosage-avec-ecrou-pivotant-dixon\/"},"modified":"2025-11-03T07:11:29","modified_gmt":"2025-11-03T07:11:29","slug":"raccords-femelles-pour-tuyau-darrosage-avec-ecrou-pivotant-dixon","status":"publish","type":"product","link":"https:\/\/www.zytho.ca\/fr\/produit\/raccords-femelles-pour-tuyau-darrosage-avec-ecrou-pivotant-dixon\/","title":{"rendered":"Raccords femelles pour tuyau d&#8217;arrosage avec \u00e9crou pivotant &#8211; Dixon"},"content":{"rendered":"<h6><strong>Avantages :<\/strong><\/h6>\n<ul>\n<li>Assure une connexion s\u00fbre entre les tuyaux d&#8217;arrosage et les tuyaux de diff\u00e9rents diam\u00e8tres.<\/li>\n<li>Facilite une \u00e9tanch\u00e9it\u00e9 fiable gr\u00e2ce \u00e0 sa conception barbel\u00e9e \u00e0 embo\u00eetement.<\/li>\n<li>Am\u00e9liore la stabilit\u00e9 et la pr\u00e9vention des fuites lorsqu&#8217;il est utilis\u00e9 avec un collier de serrage.<\/li>\n<\/ul>\n<p>Les adaptateurs et connecteurs de tuyau d&#8217;arrosage \u00e0 NPT sont con\u00e7us pour raccorder sans probl\u00e8me des tuyaux d&#8217;arrosage \u00e0 des tuyaux de diam\u00e8tres diff\u00e9rents. Le tuyau d&#8217;arrosage est con\u00e7u pour \u00eatre gliss\u00e9 sur l&#8217;extr\u00e9mit\u00e9 du raccord, qui comporte des barbelures pour fixer le tuyau et assurer l&#8217;\u00e9tanch\u00e9it\u00e9. Pour une stabilit\u00e9 optimale, il est recommand\u00e9 d&#8217;utiliser un collier de serrage.  <\/p>\n<h6><strong>D\u00e9tails du produit :<\/strong><\/h6>\n<ul>\n<li><a href=\"https:\/\/www.dixonvalve.com\/sites\/default\/files\/product\/pages\/us\/DPL418%20-%20234.pdf\">DPL418 &#8211; 234<\/a><\/li>\n<\/ul>\n","protected":false},"excerpt":{"rendered":"<h4>Principaux avantages des raccords femelles pour tuyaux d&#8217;arrosage avec \u00e9crou pivotant &#8211; Dixon pour les brasseurs professionnels<\/h4>\n<ul>\n<li>Assure une connexion s\u00fbre et adaptable entre des tuyaux de brassage de diff\u00e9rents diam\u00e8tres.<\/li>\n<li>Son design \u00e0 barbel\u00e9 et \u00e0 embo\u00eetement assure une \u00e9tanch\u00e9it\u00e9 fiable, minimisant ainsi le risque de fuites.<\/li>\n<li>Am\u00e9liore la stabilit\u00e9 lorsqu&#8217;il est associ\u00e9 \u00e0 un collier de serrage, ce qui est essentiel pour maintenir l&#8217;int\u00e9grit\u00e9 du syst\u00e8me de brassage.<\/li>\n<\/ul>\n","protected":false},"featured_media":11563,"template":"","meta":{"_acf_changed":false,"inline_featured_image":false},"product_brand":[740],"product_cat":[736,741,749],"product_tag":[763,754,762,755,838],"class_list":{"0":"post-11556","1":"product","2":"type-product","3":"status-publish","4":"has-post-thumbnail","6":"product_brand-dixon","7":"product_cat-distribution","8":"product_cat-materiel","9":"product_cat-quincaillerie-industrielle","10":"product_tag-acier-inoxydable","11":"product_tag-brasserie","12":"product_tag-cave","13":"product_tag-distillerie","14":"product_tag-raccord-cannele","16":"first","17":"instock","18":"taxable","19":"shipping-taxable","20":"purchasable","21":"product-type-variable"},"acf":[],"yoast_head":"<!-- This site is optimized with the Yoast SEO plugin v27.6 - https:\/\/yoast.com\/product\/yoast-seo-wordpress\/ -->\n<title>Raccords femelles pour tuyau d&#039;arrosage avec \u00e9crou pivotant - Dixon - Pour brasseries professionnelles | Zytho<\/title>\n<meta name=\"description\" content=\"Connectez votre \u00e9quipement de brasserie de mani\u00e8re transparente avec les raccords femelles \u00e0 filetage de tuyau d&#039;arrosage de Dixon. Garantissez des connexions s\u00fbres et \u00e9tanches gr\u00e2ce \u00e0 notre conception barbel\u00e9e \u00e0 embo\u00eetement.\" \/>\n<meta name=\"robots\" content=\"index, follow, max-snippet:-1, max-image-preview:large, max-video-preview:-1\" \/>\n<link rel=\"canonical\" href=\"https:\/\/www.zytho.ca\/fr\/produit\/raccords-femelles-pour-tuyau-darrosage-avec-ecrou-pivotant-dixon\/\" \/>\n<meta property=\"og:locale\" content=\"fr_FR\" \/>\n<meta property=\"og:type\" content=\"article\" \/>\n<meta property=\"og:title\" content=\"Raccords femelles pour tuyau d&#039;arrosage avec \u00e9crou pivotant - Dixon - Pour brasseries professionnelles | Zytho\" \/>\n<meta property=\"og:description\" content=\"Connectez votre \u00e9quipement de brasserie de mani\u00e8re transparente avec les raccords femelles \u00e0 filetage de tuyau d&#039;arrosage de Dixon. Garantissez des connexions s\u00fbres et \u00e9tanches gr\u00e2ce \u00e0 notre conception barbel\u00e9e \u00e0 embo\u00eetement.\" \/>\n<meta property=\"og:url\" content=\"https:\/\/www.zytho.ca\/fr\/produit\/raccords-femelles-pour-tuyau-darrosage-avec-ecrou-pivotant-dixon\/\" \/>\n<meta property=\"og:site_name\" content=\"Zytho\" \/>\n<meta property=\"article:modified_time\" content=\"2025-11-03T07:11:29+00:00\" \/>\n<meta property=\"og:image\" content=\"https:\/\/www.zytho.ca\/wp-content\/uploads\/2025\/10\/Garden-Hose-Thread-Female-Fittings-with-Swivel-Nut-Dixon.jpg\" \/>\n\t<meta property=\"og:image:width\" content=\"192\" \/>\n\t<meta property=\"og:image:height\" content=\"192\" \/>\n\t<meta property=\"og:image:type\" content=\"image\/jpeg\" \/>\n<meta name=\"twitter:card\" content=\"summary_large_image\" \/>\n<meta name=\"twitter:label1\" content=\"Dur\u00e9e de lecture estim\u00e9e\" \/>\n\t<meta name=\"twitter:data1\" content=\"1 minute\" \/>\n<script type=\"application\/ld+json\" class=\"yoast-schema-graph\">{\"@context\":\"https:\\\/\\\/schema.org\",\"@graph\":[{\"@type\":\"WebPage\",\"@id\":\"https:\\\/\\\/www.zytho.ca\\\/fr\\\/produit\\\/raccords-femelles-pour-tuyau-darrosage-avec-ecrou-pivotant-dixon\\\/\",\"url\":\"https:\\\/\\\/www.zytho.ca\\\/fr\\\/produit\\\/raccords-femelles-pour-tuyau-darrosage-avec-ecrou-pivotant-dixon\\\/\",\"name\":\"Raccords femelles pour tuyau d'arrosage avec \u00e9crou pivotant - Dixon - Pour brasseries professionnelles | Zytho\",\"isPartOf\":{\"@id\":\"https:\\\/\\\/www.zytho.ca\\\/fr\\\/#website\"},\"primaryImageOfPage\":{\"@id\":\"https:\\\/\\\/www.zytho.ca\\\/fr\\\/produit\\\/raccords-femelles-pour-tuyau-darrosage-avec-ecrou-pivotant-dixon\\\/#primaryimage\"},\"image\":{\"@id\":\"https:\\\/\\\/www.zytho.ca\\\/fr\\\/produit\\\/raccords-femelles-pour-tuyau-darrosage-avec-ecrou-pivotant-dixon\\\/#primaryimage\"},\"thumbnailUrl\":\"https:\\\/\\\/www.zytho.ca\\\/wp-content\\\/uploads\\\/2025\\\/10\\\/Garden-Hose-Thread-Female-Fittings-with-Swivel-Nut-Dixon.jpg\",\"datePublished\":\"2025-10-27T15:50:06+00:00\",\"dateModified\":\"2025-11-03T07:11:29+00:00\",\"description\":\"Connectez votre \u00e9quipement de brasserie de mani\u00e8re transparente avec les raccords femelles \u00e0 filetage de tuyau d'arrosage de Dixon. Garantissez des connexions s\u00fbres et \u00e9tanches gr\u00e2ce \u00e0 notre conception barbel\u00e9e \u00e0 embo\u00eetement.\",\"breadcrumb\":{\"@id\":\"https:\\\/\\\/www.zytho.ca\\\/fr\\\/produit\\\/raccords-femelles-pour-tuyau-darrosage-avec-ecrou-pivotant-dixon\\\/#breadcrumb\"},\"inLanguage\":\"fr-FR\",\"potentialAction\":[{\"@type\":\"ReadAction\",\"target\":[\"https:\\\/\\\/www.zytho.ca\\\/fr\\\/produit\\\/raccords-femelles-pour-tuyau-darrosage-avec-ecrou-pivotant-dixon\\\/\"]}]},{\"@type\":\"ImageObject\",\"inLanguage\":\"fr-FR\",\"@id\":\"https:\\\/\\\/www.zytho.ca\\\/fr\\\/produit\\\/raccords-femelles-pour-tuyau-darrosage-avec-ecrou-pivotant-dixon\\\/#primaryimage\",\"url\":\"https:\\\/\\\/www.zytho.ca\\\/wp-content\\\/uploads\\\/2025\\\/10\\\/Garden-Hose-Thread-Female-Fittings-with-Swivel-Nut-Dixon.jpg\",\"contentUrl\":\"https:\\\/\\\/www.zytho.ca\\\/wp-content\\\/uploads\\\/2025\\\/10\\\/Garden-Hose-Thread-Female-Fittings-with-Swivel-Nut-Dixon.jpg\",\"width\":192,\"height\":192},{\"@type\":\"BreadcrumbList\",\"@id\":\"https:\\\/\\\/www.zytho.ca\\\/fr\\\/produit\\\/raccords-femelles-pour-tuyau-darrosage-avec-ecrou-pivotant-dixon\\\/#breadcrumb\",\"itemListElement\":[{\"@type\":\"ListItem\",\"position\":1,\"name\":\"Accueil\",\"item\":\"https:\\\/\\\/www.zytho.ca\\\/fr\\\/\"},{\"@type\":\"ListItem\",\"position\":2,\"name\":\"Shop\",\"item\":\"https:\\\/\\\/www.zytho.ca\\\/fr\\\/shop\\\/\"},{\"@type\":\"ListItem\",\"position\":3,\"name\":\"Raccords femelles pour tuyau d&#8217;arrosage avec \u00e9crou pivotant &#8211; Dixon\"}]},{\"@type\":\"WebSite\",\"@id\":\"https:\\\/\\\/www.zytho.ca\\\/fr\\\/#website\",\"url\":\"https:\\\/\\\/www.zytho.ca\\\/fr\\\/\",\"name\":\"Zytho\",\"description\":\"\",\"publisher\":{\"@id\":\"https:\\\/\\\/www.zytho.ca\\\/fr\\\/#organization\"},\"potentialAction\":[{\"@type\":\"SearchAction\",\"target\":{\"@type\":\"EntryPoint\",\"urlTemplate\":\"https:\\\/\\\/www.zytho.ca\\\/fr\\\/?s={search_term_string}\"},\"query-input\":{\"@type\":\"PropertyValueSpecification\",\"valueRequired\":true,\"valueName\":\"search_term_string\"}}],\"inLanguage\":\"fr-FR\"},{\"@type\":\"Organization\",\"@id\":\"https:\\\/\\\/www.zytho.ca\\\/fr\\\/#organization\",\"name\":\"Zytho\",\"url\":\"https:\\\/\\\/www.zytho.ca\\\/fr\\\/\",\"logo\":{\"@type\":\"ImageObject\",\"inLanguage\":\"fr-FR\",\"@id\":\"https:\\\/\\\/www.zytho.ca\\\/fr\\\/#\\\/schema\\\/logo\\\/image\\\/\",\"url\":\"https:\\\/\\\/www.zytho.ca\\\/wp-content\\\/uploads\\\/2024\\\/05\\\/Zytho_reversed_horizontal.svg\",\"contentUrl\":\"https:\\\/\\\/www.zytho.ca\\\/wp-content\\\/uploads\\\/2024\\\/05\\\/Zytho_reversed_horizontal.svg\",\"width\":1582,\"height\":490,\"caption\":\"Zytho\"},\"image\":{\"@id\":\"https:\\\/\\\/www.zytho.ca\\\/fr\\\/#\\\/schema\\\/logo\\\/image\\\/\"}}]}<\/script>\n<!-- \/ Yoast SEO plugin. -->","yoast_head_json":{"title":"Raccords femelles pour tuyau d'arrosage avec \u00e9crou pivotant - Dixon - Pour brasseries professionnelles | Zytho","description":"Connectez votre \u00e9quipement de brasserie de mani\u00e8re transparente avec les raccords femelles \u00e0 filetage de tuyau d'arrosage de Dixon. Garantissez des connexions s\u00fbres et \u00e9tanches gr\u00e2ce \u00e0 notre conception barbel\u00e9e \u00e0 embo\u00eetement.","robots":{"index":"index","follow":"follow","max-snippet":"max-snippet:-1","max-image-preview":"max-image-preview:large","max-video-preview":"max-video-preview:-1"},"canonical":"https:\/\/www.zytho.ca\/fr\/produit\/raccords-femelles-pour-tuyau-darrosage-avec-ecrou-pivotant-dixon\/","og_locale":"fr_FR","og_type":"article","og_title":"Raccords femelles pour tuyau d'arrosage avec \u00e9crou pivotant - Dixon - Pour brasseries professionnelles | Zytho","og_description":"Connectez votre \u00e9quipement de brasserie de mani\u00e8re transparente avec les raccords femelles \u00e0 filetage de tuyau d'arrosage de Dixon. Garantissez des connexions s\u00fbres et \u00e9tanches gr\u00e2ce \u00e0 notre conception barbel\u00e9e \u00e0 embo\u00eetement.","og_url":"https:\/\/www.zytho.ca\/fr\/produit\/raccords-femelles-pour-tuyau-darrosage-avec-ecrou-pivotant-dixon\/","og_site_name":"Zytho","article_modified_time":"2025-11-03T07:11:29+00:00","og_image":[{"width":192,"height":192,"url":"https:\/\/www.zytho.ca\/wp-content\/uploads\/2025\/10\/Garden-Hose-Thread-Female-Fittings-with-Swivel-Nut-Dixon.jpg","type":"image\/jpeg"}],"twitter_card":"summary_large_image","twitter_misc":{"Dur\u00e9e de lecture estim\u00e9e":"1 minute"},"schema":{"@context":"https:\/\/schema.org","@graph":[{"@type":"WebPage","@id":"https:\/\/www.zytho.ca\/fr\/produit\/raccords-femelles-pour-tuyau-darrosage-avec-ecrou-pivotant-dixon\/","url":"https:\/\/www.zytho.ca\/fr\/produit\/raccords-femelles-pour-tuyau-darrosage-avec-ecrou-pivotant-dixon\/","name":"Raccords femelles pour tuyau d'arrosage avec \u00e9crou pivotant - Dixon - Pour brasseries professionnelles | Zytho","isPartOf":{"@id":"https:\/\/www.zytho.ca\/fr\/#website"},"primaryImageOfPage":{"@id":"https:\/\/www.zytho.ca\/fr\/produit\/raccords-femelles-pour-tuyau-darrosage-avec-ecrou-pivotant-dixon\/#primaryimage"},"image":{"@id":"https:\/\/www.zytho.ca\/fr\/produit\/raccords-femelles-pour-tuyau-darrosage-avec-ecrou-pivotant-dixon\/#primaryimage"},"thumbnailUrl":"https:\/\/www.zytho.ca\/wp-content\/uploads\/2025\/10\/Garden-Hose-Thread-Female-Fittings-with-Swivel-Nut-Dixon.jpg","datePublished":"2025-10-27T15:50:06+00:00","dateModified":"2025-11-03T07:11:29+00:00","description":"Connectez votre \u00e9quipement de brasserie de mani\u00e8re transparente avec les raccords femelles \u00e0 filetage de tuyau d'arrosage de Dixon. Garantissez des connexions s\u00fbres et \u00e9tanches gr\u00e2ce \u00e0 notre conception barbel\u00e9e \u00e0 embo\u00eetement.","breadcrumb":{"@id":"https:\/\/www.zytho.ca\/fr\/produit\/raccords-femelles-pour-tuyau-darrosage-avec-ecrou-pivotant-dixon\/#breadcrumb"},"inLanguage":"fr-FR","potentialAction":[{"@type":"ReadAction","target":["https:\/\/www.zytho.ca\/fr\/produit\/raccords-femelles-pour-tuyau-darrosage-avec-ecrou-pivotant-dixon\/"]}]},{"@type":"ImageObject","inLanguage":"fr-FR","@id":"https:\/\/www.zytho.ca\/fr\/produit\/raccords-femelles-pour-tuyau-darrosage-avec-ecrou-pivotant-dixon\/#primaryimage","url":"https:\/\/www.zytho.ca\/wp-content\/uploads\/2025\/10\/Garden-Hose-Thread-Female-Fittings-with-Swivel-Nut-Dixon.jpg","contentUrl":"https:\/\/www.zytho.ca\/wp-content\/uploads\/2025\/10\/Garden-Hose-Thread-Female-Fittings-with-Swivel-Nut-Dixon.jpg","width":192,"height":192},{"@type":"BreadcrumbList","@id":"https:\/\/www.zytho.ca\/fr\/produit\/raccords-femelles-pour-tuyau-darrosage-avec-ecrou-pivotant-dixon\/#breadcrumb","itemListElement":[{"@type":"ListItem","position":1,"name":"Accueil","item":"https:\/\/www.zytho.ca\/fr\/"},{"@type":"ListItem","position":2,"name":"Shop","item":"https:\/\/www.zytho.ca\/fr\/shop\/"},{"@type":"ListItem","position":3,"name":"Raccords femelles pour tuyau d&#8217;arrosage avec \u00e9crou pivotant &#8211; Dixon"}]},{"@type":"WebSite","@id":"https:\/\/www.zytho.ca\/fr\/#website","url":"https:\/\/www.zytho.ca\/fr\/","name":"Zytho","description":"","publisher":{"@id":"https:\/\/www.zytho.ca\/fr\/#organization"},"potentialAction":[{"@type":"SearchAction","target":{"@type":"EntryPoint","urlTemplate":"https:\/\/www.zytho.ca\/fr\/?s={search_term_string}"},"query-input":{"@type":"PropertyValueSpecification","valueRequired":true,"valueName":"search_term_string"}}],"inLanguage":"fr-FR"},{"@type":"Organization","@id":"https:\/\/www.zytho.ca\/fr\/#organization","name":"Zytho","url":"https:\/\/www.zytho.ca\/fr\/","logo":{"@type":"ImageObject","inLanguage":"fr-FR","@id":"https:\/\/www.zytho.ca\/fr\/#\/schema\/logo\/image\/","url":"https:\/\/www.zytho.ca\/wp-content\/uploads\/2024\/05\/Zytho_reversed_horizontal.svg","contentUrl":"https:\/\/www.zytho.ca\/wp-content\/uploads\/2024\/05\/Zytho_reversed_horizontal.svg","width":1582,"height":490,"caption":"Zytho"},"image":{"@id":"https:\/\/www.zytho.ca\/fr\/#\/schema\/logo\/image\/"}}]}},"_links":{"self":[{"href":"https:\/\/www.zytho.ca\/fr\/wp-json\/wp\/v2\/product\/11556","targetHints":{"allow":["GET"]}}],"collection":[{"href":"https:\/\/www.zytho.ca\/fr\/wp-json\/wp\/v2\/product"}],"about":[{"href":"https:\/\/www.zytho.ca\/fr\/wp-json\/wp\/v2\/types\/product"}],"wp:featuredmedia":[{"embeddable":true,"href":"https:\/\/www.zytho.ca\/fr\/wp-json\/wp\/v2\/media\/11563"}],"wp:attachment":[{"href":"https:\/\/www.zytho.ca\/fr\/wp-json\/wp\/v2\/media?parent=11556"}],"wp:term":[{"taxonomy":"product_brand","embeddable":true,"href":"https:\/\/www.zytho.ca\/fr\/wp-json\/wp\/v2\/product_brand?post=11556"},{"taxonomy":"product_cat","embeddable":true,"href":"https:\/\/www.zytho.ca\/fr\/wp-json\/wp\/v2\/product_cat?post=11556"},{"taxonomy":"product_tag","embeddable":true,"href":"https:\/\/www.zytho.ca\/fr\/wp-json\/wp\/v2\/product_tag?post=11556"}],"curies":[{"name":"wp","href":"https:\/\/api.w.org\/{rel}","templated":true}]}}