{"id":11539,"date":"2025-10-27T15:50:06","date_gmt":"2025-10-27T15:50:06","guid":{"rendered":"https:\/\/zytho.ca\/product\/npt-femelle-avec-barbe-a-tuyau-dixon\/"},"modified":"2025-11-03T07:11:28","modified_gmt":"2025-11-03T07:11:28","slug":"npt-femelle-avec-barbe-a-tuyau-dixon","status":"publish","type":"product","link":"https:\/\/www.zytho.ca\/fr\/produit\/npt-femelle-avec-barbe-a-tuyau-dixon\/","title":{"rendered":"NPT femelle avec barbe \u00e0 tuyau &#8211; Dixon"},"content":{"rendered":"<p>Con\u00e7us pour des performances optimales dans les environnements commerciaux de manipulation des aliments, ces raccords barbel\u00e9s pour boissons en acier inoxydable 304 offrent une r\u00e9sistance exceptionnelle \u00e0 la corrosion. La conception barbel\u00e9e assure des connexions robustes et \u00e9tanches, ce qui les rend id\u00e9aux pour les applications impliquant l&#8217;air, l&#8217;eau, l&#8217;huile, les fluides hydrauliques et les consommables. <\/p>\n<h6><strong>Avantages<\/strong><\/h6>\n<ul>\n<li>Con\u00e7u pour des connexions s\u00fbres avec des colliers de serrage ou des embouts sertis.<\/li>\n<\/ul>\n<h6><strong>D\u00e9tails du produit<\/strong><\/h6>\n<ul>\n<li>Barre de tuyau femelle solide avec filetage NPT.<\/li>\n<li>Incorpore les normes National Pipe Tapered (NPT) Dryseal.<\/li>\n<\/ul>\n<h6><strong>Brochure\/Litt\u00e9rature<\/strong><\/h6>\n<ul>\n<li><a href=\"https:\/\/www.dixonvalve.com\/sites\/default\/files\/product\/files\/brochures-literature\/Standard%20Hose%20Fittings_2015.pdf\">Fiche technique des raccords de tuyaux standard<\/a><\/li>\n<\/ul>\n<h6><strong>Page de catalogue<\/strong><\/h6>\n<ul>\n<li><a href=\"https:\/\/www.dixonvalve.com\/sites\/default\/files\/product\/pages\/us\/DPL418%20-%20212.pdf\">DPL418 &#8211; 212<\/a><\/li>\n<\/ul>\n","protected":false},"excerpt":{"rendered":"<h4>Am\u00e9liorez votre processus de brassage avec les raccords NPT femelles avec barbe \u00e0 tuyau de Dixon, con\u00e7us pour des connexions s\u00fbres et r\u00e9sistantes \u00e0 la corrosion dans des environnements exigeants.<\/h4>\n<ul>\n<li>Garantit des connexions \u00e9tanches gr\u00e2ce \u00e0 sa conception robuste \u00e0 barbelures, id\u00e9ale pour l&#8217;air, l&#8217;eau et les consommables.<\/li>\n<li>Construit en acier inoxydable 304 pour une r\u00e9sistance exceptionnelle \u00e0 la corrosion, parfait pour les applications de brassage commerciales.<\/li>\n<li>Compatible avec les colliers de serrage ou les embouts sertis pour des connexions fiables et s\u00fbres.<\/li>\n<\/ul>\n","protected":false},"featured_media":11541,"template":"","meta":{"_acf_changed":false,"inline_featured_image":false},"product_brand":[740],"product_cat":[736,741,749],"product_tag":[763,754,762,755,779,838,800],"class_list":{"0":"post-11539","1":"product","2":"type-product","3":"status-publish","4":"has-post-thumbnail","6":"product_brand-dixon","7":"product_cat-distribution","8":"product_cat-materiel","9":"product_cat-quincaillerie-industrielle","10":"product_tag-acier-inoxydable","11":"product_tag-brasserie","12":"product_tag-cave","13":"product_tag-distillerie","14":"product_tag-materiel-npt","15":"product_tag-raccord-cannele","16":"product_tag-soda","18":"first","19":"instock","20":"taxable","21":"shipping-taxable","22":"purchasable","23":"product-type-variable"},"acf":[],"yoast_head":"<!-- This site is optimized with the Yoast SEO plugin v27.6 - https:\/\/yoast.com\/product\/yoast-seo-wordpress\/ -->\n<title>NPT femelle avec tuyau Barb - Dixon - Pour Brasseries Pro | Zytho<\/title>\n<meta name=\"description\" content=\"D\u00e9couvrez les raccords NPT femelles avec barbe \u00e0 tuyau de Dixon : raccords en acier inoxydable 304 con\u00e7us pour des connexions s\u00fbres et \u00e9tanches en brasserie. Id\u00e9al pour l&#039;air, l&#039;eau, l&#039;huile et les consommables.\" \/>\n<meta name=\"robots\" content=\"index, follow, max-snippet:-1, max-image-preview:large, max-video-preview:-1\" \/>\n<link rel=\"canonical\" href=\"https:\/\/www.zytho.ca\/fr\/produit\/npt-femelle-avec-barbe-a-tuyau-dixon\/\" \/>\n<meta property=\"og:locale\" content=\"fr_FR\" \/>\n<meta property=\"og:type\" content=\"article\" \/>\n<meta property=\"og:title\" content=\"NPT femelle avec tuyau Barb - Dixon - Pour Brasseries Pro | Zytho\" \/>\n<meta property=\"og:description\" content=\"D\u00e9couvrez les raccords NPT femelles avec barbe \u00e0 tuyau de Dixon : raccords en acier inoxydable 304 con\u00e7us pour des connexions s\u00fbres et \u00e9tanches en brasserie. Id\u00e9al pour l&#039;air, l&#039;eau, l&#039;huile et les consommables.\" \/>\n<meta property=\"og:url\" content=\"https:\/\/www.zytho.ca\/fr\/produit\/npt-femelle-avec-barbe-a-tuyau-dixon\/\" \/>\n<meta property=\"og:site_name\" content=\"Zytho\" \/>\n<meta property=\"article:modified_time\" content=\"2025-11-03T07:11:28+00:00\" \/>\n<meta property=\"og:image\" content=\"https:\/\/www.zytho.ca\/wp-content\/uploads\/2025\/10\/Female-NPT-with-Hose-Barb-Dixon.jpg\" \/>\n\t<meta property=\"og:image:width\" content=\"392\" \/>\n\t<meta property=\"og:image:height\" content=\"392\" \/>\n\t<meta property=\"og:image:type\" content=\"image\/jpeg\" \/>\n<meta name=\"twitter:card\" content=\"summary_large_image\" \/>\n<meta name=\"twitter:label1\" content=\"Dur\u00e9e de lecture estim\u00e9e\" \/>\n\t<meta name=\"twitter:data1\" content=\"1 minute\" \/>\n<script type=\"application\/ld+json\" class=\"yoast-schema-graph\">{\"@context\":\"https:\\\/\\\/schema.org\",\"@graph\":[{\"@type\":\"WebPage\",\"@id\":\"https:\\\/\\\/www.zytho.ca\\\/fr\\\/produit\\\/npt-femelle-avec-barbe-a-tuyau-dixon\\\/\",\"url\":\"https:\\\/\\\/www.zytho.ca\\\/fr\\\/produit\\\/npt-femelle-avec-barbe-a-tuyau-dixon\\\/\",\"name\":\"NPT femelle avec tuyau Barb - Dixon - Pour Brasseries Pro | Zytho\",\"isPartOf\":{\"@id\":\"https:\\\/\\\/www.zytho.ca\\\/fr\\\/#website\"},\"primaryImageOfPage\":{\"@id\":\"https:\\\/\\\/www.zytho.ca\\\/fr\\\/produit\\\/npt-femelle-avec-barbe-a-tuyau-dixon\\\/#primaryimage\"},\"image\":{\"@id\":\"https:\\\/\\\/www.zytho.ca\\\/fr\\\/produit\\\/npt-femelle-avec-barbe-a-tuyau-dixon\\\/#primaryimage\"},\"thumbnailUrl\":\"https:\\\/\\\/www.zytho.ca\\\/wp-content\\\/uploads\\\/2025\\\/10\\\/Female-NPT-with-Hose-Barb-Dixon.jpg\",\"datePublished\":\"2025-10-27T15:50:06+00:00\",\"dateModified\":\"2025-11-03T07:11:28+00:00\",\"description\":\"D\u00e9couvrez les raccords NPT femelles avec barbe \u00e0 tuyau de Dixon : raccords en acier inoxydable 304 con\u00e7us pour des connexions s\u00fbres et \u00e9tanches en brasserie. Id\u00e9al pour l'air, l'eau, l'huile et les consommables.\",\"breadcrumb\":{\"@id\":\"https:\\\/\\\/www.zytho.ca\\\/fr\\\/produit\\\/npt-femelle-avec-barbe-a-tuyau-dixon\\\/#breadcrumb\"},\"inLanguage\":\"fr-FR\",\"potentialAction\":[{\"@type\":\"ReadAction\",\"target\":[\"https:\\\/\\\/www.zytho.ca\\\/fr\\\/produit\\\/npt-femelle-avec-barbe-a-tuyau-dixon\\\/\"]}]},{\"@type\":\"ImageObject\",\"inLanguage\":\"fr-FR\",\"@id\":\"https:\\\/\\\/www.zytho.ca\\\/fr\\\/produit\\\/npt-femelle-avec-barbe-a-tuyau-dixon\\\/#primaryimage\",\"url\":\"https:\\\/\\\/www.zytho.ca\\\/wp-content\\\/uploads\\\/2025\\\/10\\\/Female-NPT-with-Hose-Barb-Dixon.jpg\",\"contentUrl\":\"https:\\\/\\\/www.zytho.ca\\\/wp-content\\\/uploads\\\/2025\\\/10\\\/Female-NPT-with-Hose-Barb-Dixon.jpg\",\"width\":392,\"height\":392},{\"@type\":\"BreadcrumbList\",\"@id\":\"https:\\\/\\\/www.zytho.ca\\\/fr\\\/produit\\\/npt-femelle-avec-barbe-a-tuyau-dixon\\\/#breadcrumb\",\"itemListElement\":[{\"@type\":\"ListItem\",\"position\":1,\"name\":\"Accueil\",\"item\":\"https:\\\/\\\/www.zytho.ca\\\/fr\\\/\"},{\"@type\":\"ListItem\",\"position\":2,\"name\":\"Shop\",\"item\":\"https:\\\/\\\/www.zytho.ca\\\/fr\\\/shop\\\/\"},{\"@type\":\"ListItem\",\"position\":3,\"name\":\"NPT femelle avec barbe \u00e0 tuyau &#8211; Dixon\"}]},{\"@type\":\"WebSite\",\"@id\":\"https:\\\/\\\/www.zytho.ca\\\/fr\\\/#website\",\"url\":\"https:\\\/\\\/www.zytho.ca\\\/fr\\\/\",\"name\":\"Zytho\",\"description\":\"\",\"publisher\":{\"@id\":\"https:\\\/\\\/www.zytho.ca\\\/fr\\\/#organization\"},\"potentialAction\":[{\"@type\":\"SearchAction\",\"target\":{\"@type\":\"EntryPoint\",\"urlTemplate\":\"https:\\\/\\\/www.zytho.ca\\\/fr\\\/?s={search_term_string}\"},\"query-input\":{\"@type\":\"PropertyValueSpecification\",\"valueRequired\":true,\"valueName\":\"search_term_string\"}}],\"inLanguage\":\"fr-FR\"},{\"@type\":\"Organization\",\"@id\":\"https:\\\/\\\/www.zytho.ca\\\/fr\\\/#organization\",\"name\":\"Zytho\",\"url\":\"https:\\\/\\\/www.zytho.ca\\\/fr\\\/\",\"logo\":{\"@type\":\"ImageObject\",\"inLanguage\":\"fr-FR\",\"@id\":\"https:\\\/\\\/www.zytho.ca\\\/fr\\\/#\\\/schema\\\/logo\\\/image\\\/\",\"url\":\"https:\\\/\\\/www.zytho.ca\\\/wp-content\\\/uploads\\\/2024\\\/05\\\/Zytho_reversed_horizontal.svg\",\"contentUrl\":\"https:\\\/\\\/www.zytho.ca\\\/wp-content\\\/uploads\\\/2024\\\/05\\\/Zytho_reversed_horizontal.svg\",\"width\":1582,\"height\":490,\"caption\":\"Zytho\"},\"image\":{\"@id\":\"https:\\\/\\\/www.zytho.ca\\\/fr\\\/#\\\/schema\\\/logo\\\/image\\\/\"}}]}<\/script>\n<!-- \/ Yoast SEO plugin. -->","yoast_head_json":{"title":"NPT femelle avec tuyau Barb - Dixon - Pour Brasseries Pro | Zytho","description":"D\u00e9couvrez les raccords NPT femelles avec barbe \u00e0 tuyau de Dixon : raccords en acier inoxydable 304 con\u00e7us pour des connexions s\u00fbres et \u00e9tanches en brasserie. Id\u00e9al pour l'air, l'eau, l'huile et les consommables.","robots":{"index":"index","follow":"follow","max-snippet":"max-snippet:-1","max-image-preview":"max-image-preview:large","max-video-preview":"max-video-preview:-1"},"canonical":"https:\/\/www.zytho.ca\/fr\/produit\/npt-femelle-avec-barbe-a-tuyau-dixon\/","og_locale":"fr_FR","og_type":"article","og_title":"NPT femelle avec tuyau Barb - Dixon - Pour Brasseries Pro | Zytho","og_description":"D\u00e9couvrez les raccords NPT femelles avec barbe \u00e0 tuyau de Dixon : raccords en acier inoxydable 304 con\u00e7us pour des connexions s\u00fbres et \u00e9tanches en brasserie. Id\u00e9al pour l'air, l'eau, l'huile et les consommables.","og_url":"https:\/\/www.zytho.ca\/fr\/produit\/npt-femelle-avec-barbe-a-tuyau-dixon\/","og_site_name":"Zytho","article_modified_time":"2025-11-03T07:11:28+00:00","og_image":[{"width":392,"height":392,"url":"https:\/\/www.zytho.ca\/wp-content\/uploads\/2025\/10\/Female-NPT-with-Hose-Barb-Dixon.jpg","type":"image\/jpeg"}],"twitter_card":"summary_large_image","twitter_misc":{"Dur\u00e9e de lecture estim\u00e9e":"1 minute"},"schema":{"@context":"https:\/\/schema.org","@graph":[{"@type":"WebPage","@id":"https:\/\/www.zytho.ca\/fr\/produit\/npt-femelle-avec-barbe-a-tuyau-dixon\/","url":"https:\/\/www.zytho.ca\/fr\/produit\/npt-femelle-avec-barbe-a-tuyau-dixon\/","name":"NPT femelle avec tuyau Barb - Dixon - Pour Brasseries Pro | Zytho","isPartOf":{"@id":"https:\/\/www.zytho.ca\/fr\/#website"},"primaryImageOfPage":{"@id":"https:\/\/www.zytho.ca\/fr\/produit\/npt-femelle-avec-barbe-a-tuyau-dixon\/#primaryimage"},"image":{"@id":"https:\/\/www.zytho.ca\/fr\/produit\/npt-femelle-avec-barbe-a-tuyau-dixon\/#primaryimage"},"thumbnailUrl":"https:\/\/www.zytho.ca\/wp-content\/uploads\/2025\/10\/Female-NPT-with-Hose-Barb-Dixon.jpg","datePublished":"2025-10-27T15:50:06+00:00","dateModified":"2025-11-03T07:11:28+00:00","description":"D\u00e9couvrez les raccords NPT femelles avec barbe \u00e0 tuyau de Dixon : raccords en acier inoxydable 304 con\u00e7us pour des connexions s\u00fbres et \u00e9tanches en brasserie. Id\u00e9al pour l'air, l'eau, l'huile et les consommables.","breadcrumb":{"@id":"https:\/\/www.zytho.ca\/fr\/produit\/npt-femelle-avec-barbe-a-tuyau-dixon\/#breadcrumb"},"inLanguage":"fr-FR","potentialAction":[{"@type":"ReadAction","target":["https:\/\/www.zytho.ca\/fr\/produit\/npt-femelle-avec-barbe-a-tuyau-dixon\/"]}]},{"@type":"ImageObject","inLanguage":"fr-FR","@id":"https:\/\/www.zytho.ca\/fr\/produit\/npt-femelle-avec-barbe-a-tuyau-dixon\/#primaryimage","url":"https:\/\/www.zytho.ca\/wp-content\/uploads\/2025\/10\/Female-NPT-with-Hose-Barb-Dixon.jpg","contentUrl":"https:\/\/www.zytho.ca\/wp-content\/uploads\/2025\/10\/Female-NPT-with-Hose-Barb-Dixon.jpg","width":392,"height":392},{"@type":"BreadcrumbList","@id":"https:\/\/www.zytho.ca\/fr\/produit\/npt-femelle-avec-barbe-a-tuyau-dixon\/#breadcrumb","itemListElement":[{"@type":"ListItem","position":1,"name":"Accueil","item":"https:\/\/www.zytho.ca\/fr\/"},{"@type":"ListItem","position":2,"name":"Shop","item":"https:\/\/www.zytho.ca\/fr\/shop\/"},{"@type":"ListItem","position":3,"name":"NPT femelle avec barbe \u00e0 tuyau &#8211; Dixon"}]},{"@type":"WebSite","@id":"https:\/\/www.zytho.ca\/fr\/#website","url":"https:\/\/www.zytho.ca\/fr\/","name":"Zytho","description":"","publisher":{"@id":"https:\/\/www.zytho.ca\/fr\/#organization"},"potentialAction":[{"@type":"SearchAction","target":{"@type":"EntryPoint","urlTemplate":"https:\/\/www.zytho.ca\/fr\/?s={search_term_string}"},"query-input":{"@type":"PropertyValueSpecification","valueRequired":true,"valueName":"search_term_string"}}],"inLanguage":"fr-FR"},{"@type":"Organization","@id":"https:\/\/www.zytho.ca\/fr\/#organization","name":"Zytho","url":"https:\/\/www.zytho.ca\/fr\/","logo":{"@type":"ImageObject","inLanguage":"fr-FR","@id":"https:\/\/www.zytho.ca\/fr\/#\/schema\/logo\/image\/","url":"https:\/\/www.zytho.ca\/wp-content\/uploads\/2024\/05\/Zytho_reversed_horizontal.svg","contentUrl":"https:\/\/www.zytho.ca\/wp-content\/uploads\/2024\/05\/Zytho_reversed_horizontal.svg","width":1582,"height":490,"caption":"Zytho"},"image":{"@id":"https:\/\/www.zytho.ca\/fr\/#\/schema\/logo\/image\/"}}]}},"_links":{"self":[{"href":"https:\/\/www.zytho.ca\/fr\/wp-json\/wp\/v2\/product\/11539","targetHints":{"allow":["GET"]}}],"collection":[{"href":"https:\/\/www.zytho.ca\/fr\/wp-json\/wp\/v2\/product"}],"about":[{"href":"https:\/\/www.zytho.ca\/fr\/wp-json\/wp\/v2\/types\/product"}],"wp:featuredmedia":[{"embeddable":true,"href":"https:\/\/www.zytho.ca\/fr\/wp-json\/wp\/v2\/media\/11541"}],"wp:attachment":[{"href":"https:\/\/www.zytho.ca\/fr\/wp-json\/wp\/v2\/media?parent=11539"}],"wp:term":[{"taxonomy":"product_brand","embeddable":true,"href":"https:\/\/www.zytho.ca\/fr\/wp-json\/wp\/v2\/product_brand?post=11539"},{"taxonomy":"product_cat","embeddable":true,"href":"https:\/\/www.zytho.ca\/fr\/wp-json\/wp\/v2\/product_cat?post=11539"},{"taxonomy":"product_tag","embeddable":true,"href":"https:\/\/www.zytho.ca\/fr\/wp-json\/wp\/v2\/product_tag?post=11539"}],"curies":[{"name":"wp","href":"https:\/\/api.w.org\/{rel}","templated":true}]}}