{"id":11538,"date":"2025-10-27T15:49:44","date_gmt":"2025-10-27T15:49:44","guid":{"rendered":"https:\/\/zytho.ca\/product\/coupleur-npt-dixon\/"},"modified":"2026-03-17T13:24:18","modified_gmt":"2026-03-17T13:24:18","slug":"coupleur-npt-dixon","status":"publish","type":"product","link":"https:\/\/www.zytho.ca\/fr\/produit\/coupleur-npt-dixon\/","title":{"rendered":"Coupleur NPT &#8211; Dixon"},"content":{"rendered":"<h6><strong>Avantages<\/strong><\/h6>\n<ul>\n<li>R\u00e9sistance accrue \u00e0 la corrosion gr\u00e2ce \u00e0 la teneur plus \u00e9lev\u00e9e en nickel de l&#8217;acier inoxydable 316.<\/li>\n<li>Compatible avec les tuyaux en acier inoxydable Schedule 40 ou 80 pour des applications polyvalentes.<\/li>\n<li>Id\u00e9al pour les syst\u00e8mes d&#8217;air, d&#8217;eau et de gaz naturel.<\/li>\n<\/ul>\n<p>Un raccord sert \u00e0 relier deux tuyaux.  <span data-mce-fragment=\"1\">Ces raccords de tuyauterie filet\u00e9s NPT, classe 150#, sont fabriqu\u00e9s en acier inoxydable 316, ce qui leur conf\u00e8re une durabilit\u00e9 et une r\u00e9sistance \u00e0 la corrosion sup\u00e9rieures.<\/span><\/p>\n<h6><strong>D\u00e9tails du produit<\/strong><\/h6>\n<ul>\n<li>Mat\u00e9riau : Acier inoxydable 150# 316<\/li>\n<\/ul>\n<h6><strong>Page de catalogue<\/strong><\/h6>\n<ul>\n<li><a href=\"https:\/\/www.dixonvalve.com\/sites\/default\/files\/product\/pages\/us\/DPL418%20-%20656.pdf\">DPL418 &#8211; 656<\/a><\/li>\n<\/ul>\n","protected":false},"excerpt":{"rendered":"<h4>Principaux avantages pour les brasseurs professionnels<\/h4>\n<ul>\n<li>R\u00e9sistance accrue \u00e0 la corrosion gr\u00e2ce \u00e0 l&#8217;acier inoxydable 316, id\u00e9al pour les environnements de brassage.<\/li>\n<li>Compatibilit\u00e9 polyvalente avec les tuyaux Schedule 40 et 80 pour diverses applications de brassage.<\/li>\n<li>Des performances fiables dans les syst\u00e8mes d&#8217;air, d&#8217;eau et de gaz naturel, garantissant des op\u00e9rations de brassage sans faille.<\/li>\n<\/ul>\n","protected":false},"featured_media":11540,"template":"","meta":{"_acf_changed":false,"inline_featured_image":false},"product_brand":[740],"product_cat":[736,741,749],"product_tag":[763,754,762,755,779,800],"class_list":{"0":"post-11538","1":"product","2":"type-product","3":"status-publish","4":"has-post-thumbnail","6":"product_brand-dixon","7":"product_cat-distribution","8":"product_cat-materiel","9":"product_cat-quincaillerie-industrielle","10":"product_tag-acier-inoxydable","11":"product_tag-brasserie","12":"product_tag-cave","13":"product_tag-distillerie","14":"product_tag-materiel-npt","15":"product_tag-soda","17":"first","18":"instock","19":"taxable","20":"shipping-taxable","21":"purchasable","22":"product-type-variable"},"acf":[],"yoast_head":"<!-- This site is optimized with the Yoast SEO plugin v27.6 - https:\/\/yoast.com\/product\/yoast-seo-wordpress\/ -->\n<title>Raccord NPT - Dixon - Pour Brasseries Pro | Zytho<\/title>\n<meta name=\"description\" content=\"D\u00e9couvrez le raccord NPT de Dixon, fabriqu\u00e9 en acier inoxydable 316 pour une meilleure r\u00e9sistance \u00e0 la corrosion. Parfait pour les brasseries, il permet de raccorder sans probl\u00e8me les tuyaux des syst\u00e8mes d&#039;air, d&#039;eau et de gaz.\" \/>\n<meta name=\"robots\" content=\"index, follow, max-snippet:-1, max-image-preview:large, max-video-preview:-1\" \/>\n<link rel=\"canonical\" href=\"https:\/\/www.zytho.ca\/fr\/produit\/coupleur-npt-dixon\/\" \/>\n<meta property=\"og:locale\" content=\"fr_FR\" \/>\n<meta property=\"og:type\" content=\"article\" \/>\n<meta property=\"og:title\" content=\"Raccord NPT - Dixon - Pour Brasseries Pro | Zytho\" \/>\n<meta property=\"og:description\" content=\"D\u00e9couvrez le raccord NPT de Dixon, fabriqu\u00e9 en acier inoxydable 316 pour une meilleure r\u00e9sistance \u00e0 la corrosion. Parfait pour les brasseries, il permet de raccorder sans probl\u00e8me les tuyaux des syst\u00e8mes d&#039;air, d&#039;eau et de gaz.\" \/>\n<meta property=\"og:url\" content=\"https:\/\/www.zytho.ca\/fr\/produit\/coupleur-npt-dixon\/\" \/>\n<meta property=\"og:site_name\" content=\"Zytho\" \/>\n<meta property=\"article:modified_time\" content=\"2026-03-17T13:24:18+00:00\" \/>\n<meta property=\"og:image\" content=\"https:\/\/www.zytho.ca\/wp-content\/uploads\/2025\/10\/NPT-Coupling-Dixon.jpg\" \/>\n\t<meta property=\"og:image:width\" content=\"400\" \/>\n\t<meta property=\"og:image:height\" content=\"400\" \/>\n\t<meta property=\"og:image:type\" content=\"image\/jpeg\" \/>\n<meta name=\"twitter:card\" content=\"summary_large_image\" \/>\n<script type=\"application\/ld+json\" class=\"yoast-schema-graph\">{\"@context\":\"https:\\\/\\\/schema.org\",\"@graph\":[{\"@type\":\"WebPage\",\"@id\":\"https:\\\/\\\/www.zytho.ca\\\/fr\\\/produit\\\/coupleur-npt-dixon\\\/\",\"url\":\"https:\\\/\\\/www.zytho.ca\\\/fr\\\/produit\\\/coupleur-npt-dixon\\\/\",\"name\":\"Raccord NPT - Dixon - Pour Brasseries Pro | Zytho\",\"isPartOf\":{\"@id\":\"https:\\\/\\\/www.zytho.ca\\\/fr\\\/#website\"},\"primaryImageOfPage\":{\"@id\":\"https:\\\/\\\/www.zytho.ca\\\/fr\\\/produit\\\/coupleur-npt-dixon\\\/#primaryimage\"},\"image\":{\"@id\":\"https:\\\/\\\/www.zytho.ca\\\/fr\\\/produit\\\/coupleur-npt-dixon\\\/#primaryimage\"},\"thumbnailUrl\":\"https:\\\/\\\/www.zytho.ca\\\/wp-content\\\/uploads\\\/2025\\\/10\\\/NPT-Coupling-Dixon.jpg\",\"datePublished\":\"2025-10-27T15:49:44+00:00\",\"dateModified\":\"2026-03-17T13:24:18+00:00\",\"description\":\"D\u00e9couvrez le raccord NPT de Dixon, fabriqu\u00e9 en acier inoxydable 316 pour une meilleure r\u00e9sistance \u00e0 la corrosion. Parfait pour les brasseries, il permet de raccorder sans probl\u00e8me les tuyaux des syst\u00e8mes d'air, d'eau et de gaz.\",\"breadcrumb\":{\"@id\":\"https:\\\/\\\/www.zytho.ca\\\/fr\\\/produit\\\/coupleur-npt-dixon\\\/#breadcrumb\"},\"inLanguage\":\"fr-FR\",\"potentialAction\":[{\"@type\":\"ReadAction\",\"target\":[\"https:\\\/\\\/www.zytho.ca\\\/fr\\\/produit\\\/coupleur-npt-dixon\\\/\"]}]},{\"@type\":\"ImageObject\",\"inLanguage\":\"fr-FR\",\"@id\":\"https:\\\/\\\/www.zytho.ca\\\/fr\\\/produit\\\/coupleur-npt-dixon\\\/#primaryimage\",\"url\":\"https:\\\/\\\/www.zytho.ca\\\/wp-content\\\/uploads\\\/2025\\\/10\\\/NPT-Coupling-Dixon.jpg\",\"contentUrl\":\"https:\\\/\\\/www.zytho.ca\\\/wp-content\\\/uploads\\\/2025\\\/10\\\/NPT-Coupling-Dixon.jpg\",\"width\":400,\"height\":400},{\"@type\":\"BreadcrumbList\",\"@id\":\"https:\\\/\\\/www.zytho.ca\\\/fr\\\/produit\\\/coupleur-npt-dixon\\\/#breadcrumb\",\"itemListElement\":[{\"@type\":\"ListItem\",\"position\":1,\"name\":\"Accueil\",\"item\":\"https:\\\/\\\/www.zytho.ca\\\/fr\\\/\"},{\"@type\":\"ListItem\",\"position\":2,\"name\":\"Shop\",\"item\":\"https:\\\/\\\/www.zytho.ca\\\/fr\\\/shop\\\/\"},{\"@type\":\"ListItem\",\"position\":3,\"name\":\"Coupleur NPT &#8211; Dixon\"}]},{\"@type\":\"WebSite\",\"@id\":\"https:\\\/\\\/www.zytho.ca\\\/fr\\\/#website\",\"url\":\"https:\\\/\\\/www.zytho.ca\\\/fr\\\/\",\"name\":\"Zytho\",\"description\":\"\",\"publisher\":{\"@id\":\"https:\\\/\\\/www.zytho.ca\\\/fr\\\/#organization\"},\"potentialAction\":[{\"@type\":\"SearchAction\",\"target\":{\"@type\":\"EntryPoint\",\"urlTemplate\":\"https:\\\/\\\/www.zytho.ca\\\/fr\\\/?s={search_term_string}\"},\"query-input\":{\"@type\":\"PropertyValueSpecification\",\"valueRequired\":true,\"valueName\":\"search_term_string\"}}],\"inLanguage\":\"fr-FR\"},{\"@type\":\"Organization\",\"@id\":\"https:\\\/\\\/www.zytho.ca\\\/fr\\\/#organization\",\"name\":\"Zytho\",\"url\":\"https:\\\/\\\/www.zytho.ca\\\/fr\\\/\",\"logo\":{\"@type\":\"ImageObject\",\"inLanguage\":\"fr-FR\",\"@id\":\"https:\\\/\\\/www.zytho.ca\\\/fr\\\/#\\\/schema\\\/logo\\\/image\\\/\",\"url\":\"https:\\\/\\\/www.zytho.ca\\\/wp-content\\\/uploads\\\/2024\\\/05\\\/Zytho_reversed_horizontal.svg\",\"contentUrl\":\"https:\\\/\\\/www.zytho.ca\\\/wp-content\\\/uploads\\\/2024\\\/05\\\/Zytho_reversed_horizontal.svg\",\"width\":1582,\"height\":490,\"caption\":\"Zytho\"},\"image\":{\"@id\":\"https:\\\/\\\/www.zytho.ca\\\/fr\\\/#\\\/schema\\\/logo\\\/image\\\/\"}}]}<\/script>\n<!-- \/ Yoast SEO plugin. -->","yoast_head_json":{"title":"Raccord NPT - Dixon - Pour Brasseries Pro | Zytho","description":"D\u00e9couvrez le raccord NPT de Dixon, fabriqu\u00e9 en acier inoxydable 316 pour une meilleure r\u00e9sistance \u00e0 la corrosion. Parfait pour les brasseries, il permet de raccorder sans probl\u00e8me les tuyaux des syst\u00e8mes d'air, d'eau et de gaz.","robots":{"index":"index","follow":"follow","max-snippet":"max-snippet:-1","max-image-preview":"max-image-preview:large","max-video-preview":"max-video-preview:-1"},"canonical":"https:\/\/www.zytho.ca\/fr\/produit\/coupleur-npt-dixon\/","og_locale":"fr_FR","og_type":"article","og_title":"Raccord NPT - Dixon - Pour Brasseries Pro | Zytho","og_description":"D\u00e9couvrez le raccord NPT de Dixon, fabriqu\u00e9 en acier inoxydable 316 pour une meilleure r\u00e9sistance \u00e0 la corrosion. Parfait pour les brasseries, il permet de raccorder sans probl\u00e8me les tuyaux des syst\u00e8mes d'air, d'eau et de gaz.","og_url":"https:\/\/www.zytho.ca\/fr\/produit\/coupleur-npt-dixon\/","og_site_name":"Zytho","article_modified_time":"2026-03-17T13:24:18+00:00","og_image":[{"width":400,"height":400,"url":"https:\/\/www.zytho.ca\/wp-content\/uploads\/2025\/10\/NPT-Coupling-Dixon.jpg","type":"image\/jpeg"}],"twitter_card":"summary_large_image","schema":{"@context":"https:\/\/schema.org","@graph":[{"@type":"WebPage","@id":"https:\/\/www.zytho.ca\/fr\/produit\/coupleur-npt-dixon\/","url":"https:\/\/www.zytho.ca\/fr\/produit\/coupleur-npt-dixon\/","name":"Raccord NPT - Dixon - Pour Brasseries Pro | Zytho","isPartOf":{"@id":"https:\/\/www.zytho.ca\/fr\/#website"},"primaryImageOfPage":{"@id":"https:\/\/www.zytho.ca\/fr\/produit\/coupleur-npt-dixon\/#primaryimage"},"image":{"@id":"https:\/\/www.zytho.ca\/fr\/produit\/coupleur-npt-dixon\/#primaryimage"},"thumbnailUrl":"https:\/\/www.zytho.ca\/wp-content\/uploads\/2025\/10\/NPT-Coupling-Dixon.jpg","datePublished":"2025-10-27T15:49:44+00:00","dateModified":"2026-03-17T13:24:18+00:00","description":"D\u00e9couvrez le raccord NPT de Dixon, fabriqu\u00e9 en acier inoxydable 316 pour une meilleure r\u00e9sistance \u00e0 la corrosion. Parfait pour les brasseries, il permet de raccorder sans probl\u00e8me les tuyaux des syst\u00e8mes d'air, d'eau et de gaz.","breadcrumb":{"@id":"https:\/\/www.zytho.ca\/fr\/produit\/coupleur-npt-dixon\/#breadcrumb"},"inLanguage":"fr-FR","potentialAction":[{"@type":"ReadAction","target":["https:\/\/www.zytho.ca\/fr\/produit\/coupleur-npt-dixon\/"]}]},{"@type":"ImageObject","inLanguage":"fr-FR","@id":"https:\/\/www.zytho.ca\/fr\/produit\/coupleur-npt-dixon\/#primaryimage","url":"https:\/\/www.zytho.ca\/wp-content\/uploads\/2025\/10\/NPT-Coupling-Dixon.jpg","contentUrl":"https:\/\/www.zytho.ca\/wp-content\/uploads\/2025\/10\/NPT-Coupling-Dixon.jpg","width":400,"height":400},{"@type":"BreadcrumbList","@id":"https:\/\/www.zytho.ca\/fr\/produit\/coupleur-npt-dixon\/#breadcrumb","itemListElement":[{"@type":"ListItem","position":1,"name":"Accueil","item":"https:\/\/www.zytho.ca\/fr\/"},{"@type":"ListItem","position":2,"name":"Shop","item":"https:\/\/www.zytho.ca\/fr\/shop\/"},{"@type":"ListItem","position":3,"name":"Coupleur NPT &#8211; Dixon"}]},{"@type":"WebSite","@id":"https:\/\/www.zytho.ca\/fr\/#website","url":"https:\/\/www.zytho.ca\/fr\/","name":"Zytho","description":"","publisher":{"@id":"https:\/\/www.zytho.ca\/fr\/#organization"},"potentialAction":[{"@type":"SearchAction","target":{"@type":"EntryPoint","urlTemplate":"https:\/\/www.zytho.ca\/fr\/?s={search_term_string}"},"query-input":{"@type":"PropertyValueSpecification","valueRequired":true,"valueName":"search_term_string"}}],"inLanguage":"fr-FR"},{"@type":"Organization","@id":"https:\/\/www.zytho.ca\/fr\/#organization","name":"Zytho","url":"https:\/\/www.zytho.ca\/fr\/","logo":{"@type":"ImageObject","inLanguage":"fr-FR","@id":"https:\/\/www.zytho.ca\/fr\/#\/schema\/logo\/image\/","url":"https:\/\/www.zytho.ca\/wp-content\/uploads\/2024\/05\/Zytho_reversed_horizontal.svg","contentUrl":"https:\/\/www.zytho.ca\/wp-content\/uploads\/2024\/05\/Zytho_reversed_horizontal.svg","width":1582,"height":490,"caption":"Zytho"},"image":{"@id":"https:\/\/www.zytho.ca\/fr\/#\/schema\/logo\/image\/"}}]}},"_links":{"self":[{"href":"https:\/\/www.zytho.ca\/fr\/wp-json\/wp\/v2\/product\/11538","targetHints":{"allow":["GET"]}}],"collection":[{"href":"https:\/\/www.zytho.ca\/fr\/wp-json\/wp\/v2\/product"}],"about":[{"href":"https:\/\/www.zytho.ca\/fr\/wp-json\/wp\/v2\/types\/product"}],"wp:featuredmedia":[{"embeddable":true,"href":"https:\/\/www.zytho.ca\/fr\/wp-json\/wp\/v2\/media\/11540"}],"wp:attachment":[{"href":"https:\/\/www.zytho.ca\/fr\/wp-json\/wp\/v2\/media?parent=11538"}],"wp:term":[{"taxonomy":"product_brand","embeddable":true,"href":"https:\/\/www.zytho.ca\/fr\/wp-json\/wp\/v2\/product_brand?post=11538"},{"taxonomy":"product_cat","embeddable":true,"href":"https:\/\/www.zytho.ca\/fr\/wp-json\/wp\/v2\/product_cat?post=11538"},{"taxonomy":"product_tag","embeddable":true,"href":"https:\/\/www.zytho.ca\/fr\/wp-json\/wp\/v2\/product_tag?post=11538"}],"curies":[{"name":"wp","href":"https:\/\/api.w.org\/{rel}","templated":true}]}}