{"id":11514,"date":"2025-10-27T15:50:19","date_gmt":"2025-10-27T15:50:19","guid":{"rendered":"https:\/\/zytho.ca\/product\/crochet-hexagonal-en-acier-inoxydable-avec-passe-fils-et-coupleur-tout-fil-dixon\/"},"modified":"2025-10-27T15:50:19","modified_gmt":"2025-10-27T15:50:19","slug":"crochet-hexagonal-en-acier-inoxydable-avec-passe-fils-et-coupleur-tout-fil-dixon","status":"publish","type":"product","link":"https:\/\/www.zytho.ca\/fr\/produit\/crochet-hexagonal-en-acier-inoxydable-avec-passe-fils-et-coupleur-tout-fil-dixon\/","title":{"rendered":"Crochet hexagonal en acier inoxydable avec passe-fils et coupleur tout-fil &#8211; Dixon"},"content":{"rendered":"<p>Les suspensions hexagonales offrent une polyvalence exceptionnelle pour soutenir les syst\u00e8mes de tuyaux et de tubes. Ces suspensions peuvent \u00eatre install\u00e9es selon diff\u00e9rentes m\u00e9thodes, permettant une suspension aux tuyaux ou un montage direct sur les surfaces, en fonction des besoins sp\u00e9cifiques. Les mat\u00e9riaux de construction peuvent \u00eatre personnalis\u00e9s pour supporter des fluides \u00e0 des temp\u00e9ratures extr\u00eames, qu&#8217;elles soient chaudes ou froides. \u00c9quip\u00e9s d&#8217;\u0153illets, ces suspensions sont id\u00e9ales pour les installations de tubes sanitaires, qu&#8217;elles soient nouvelles ou existantes, et comprennent un coupleur enti\u00e8rement filet\u00e9 pour l&#8217;utilisation de tiges filet\u00e9es.   <\/p>\n<h6><strong>Avantages<\/strong><\/h6>\n<ul>\n<li>Options d&#8217;installation polyvalentes pour diverses applications<\/li>\n<li>Mat\u00e9riaux personnalisables pour les fluides \u00e0 temp\u00e9rature extr\u00eame<\/li>\n<li>Solution compl\u00e8te avec passe-fils et coupleur pour une int\u00e9gration sans faille<\/li>\n<\/ul>\n<h6><strong>La construction<\/strong><\/h6>\n<ul>\n<li>Le coupleur est enti\u00e8rement filet\u00e9 3\/8&#8243;-16<\/li>\n<\/ul>\n<h6><strong>Installation<\/strong><\/h6>\n<ul>\n<li>Un soutien est n\u00e9cessaire \u00e0 chaque changement de direction<\/li>\n<li>Chaque c\u00f4t\u00e9 de chaque vanne n\u00e9cessite un support, plac\u00e9 aussi pr\u00e8s que possible de la connexion.<\/li>\n<li>Les sections droites n\u00e9cessitent un support tous les 10 pieds.<\/li>\n<\/ul>\n<h6><strong>D\u00e9tails du produit<\/strong><\/h6>\n<ul>\n<li>Joints en nitrile Temp\u00e9rature maximale : 230 \u00b0F \/ 110 \u00b0C<\/li>\n<li>Passe-fils FKM Temp\u00e9rature maximale : 392 \u00b0F \/ 200 \u00b0C<\/li>\n<\/ul>\n<h6><strong>Notes de s\u00e9curit\u00e9<\/strong><\/h6>\n<ul>\n<li>Installation correcte :\n<ul>\n<li>Soutenir chaque changement de direction<\/li>\n<li>Chaque c\u00f4t\u00e9 de chaque vanne n\u00e9cessite un support, plac\u00e9 aussi pr\u00e8s que possible du raccordement.<\/li>\n<li>Les sections droites n\u00e9cessitent un support tous les 10 pieds.<\/li>\n<\/ul>\n<\/li>\n<\/ul>\n<h6><strong>Page de catalogue<\/strong><\/h6>\n<ul>\n<li><a href=\"https:\/\/www.dixonvalve.com\/sites\/default\/files\/product\/pages\/us\/DPL418%20-%20624.pdf\">DPL418 &#8211; 624<\/a><\/li>\n<\/ul>\n","protected":false},"excerpt":{"rendered":"<h4>Le cintre hexagonal en acier inoxydable avec \u0153illets et coupleur \u00e0 filetage int\u00e9gral offre un support polyvalent et fiable pour les syst\u00e8mes de brassage professionnels.<\/h4>\n<ul>\n<li>Options d&#8217;installation adaptables \u00e0 diverses configurations de brassage<\/li>\n<li>Mat\u00e9riaux durables con\u00e7us pour r\u00e9sister \u00e0 des temp\u00e9ratures de brassage extr\u00eames<\/li>\n<li>Solution compl\u00e8te avec passe-fils et coupleur pour une int\u00e9gration sans faille<\/li>\n<\/ul>\n","protected":false},"featured_media":11518,"template":"","meta":{"_acf_changed":false,"inline_featured_image":false},"product_brand":[740],"product_cat":[736,741,749],"product_tag":[763,754,762,755,800],"class_list":{"0":"post-11514","1":"product","2":"type-product","3":"status-publish","4":"has-post-thumbnail","6":"product_brand-dixon","7":"product_cat-distribution","8":"product_cat-materiel","9":"product_cat-quincaillerie-industrielle","10":"product_tag-acier-inoxydable","11":"product_tag-brasserie","12":"product_tag-cave","13":"product_tag-distillerie","14":"product_tag-soda","16":"first","17":"instock","18":"taxable","19":"shipping-taxable","20":"purchasable","21":"product-type-variable"},"acf":[],"yoast_head":"<!-- This site is optimized with the Yoast SEO plugin v27.6 - https:\/\/yoast.com\/product\/yoast-seo-wordpress\/ -->\n<title>Crochet hexagonal en acier inoxydable avec passe-fils et raccord - Dixon - Pour brasseries professionnelles | Zytho<\/title>\n<meta name=\"description\" content=\"Optimisez le syst\u00e8me de tuyauterie de votre brasserie avec le crochet hexagonal en acier inoxydable de Dixon. Polyvalent, personnalisable et id\u00e9al pour les temp\u00e9ratures extr\u00eames, il garantit une installation sans faille.\" \/>\n<meta name=\"robots\" content=\"index, follow, max-snippet:-1, max-image-preview:large, max-video-preview:-1\" \/>\n<link rel=\"canonical\" href=\"https:\/\/www.zytho.ca\/fr\/produit\/crochet-hexagonal-en-acier-inoxydable-avec-passe-fils-et-coupleur-tout-fil-dixon\/\" \/>\n<meta property=\"og:locale\" content=\"fr_FR\" \/>\n<meta property=\"og:type\" content=\"article\" \/>\n<meta property=\"og:title\" content=\"Crochet hexagonal en acier inoxydable avec passe-fils et raccord - Dixon - Pour brasseries professionnelles | Zytho\" \/>\n<meta property=\"og:description\" content=\"Optimisez le syst\u00e8me de tuyauterie de votre brasserie avec le crochet hexagonal en acier inoxydable de Dixon. Polyvalent, personnalisable et id\u00e9al pour les temp\u00e9ratures extr\u00eames, il garantit une installation sans faille.\" \/>\n<meta property=\"og:url\" content=\"https:\/\/www.zytho.ca\/fr\/produit\/crochet-hexagonal-en-acier-inoxydable-avec-passe-fils-et-coupleur-tout-fil-dixon\/\" \/>\n<meta property=\"og:site_name\" content=\"Zytho\" \/>\n<meta property=\"og:image\" content=\"https:\/\/www.zytho.ca\/wp-content\/uploads\/2025\/10\/Stainless-Steel-Hex-Hanger-with-Grommets-and-All-Thread-Coupler-Dixon.jpg\" \/>\n\t<meta property=\"og:image:width\" content=\"470\" \/>\n\t<meta property=\"og:image:height\" content=\"470\" \/>\n\t<meta property=\"og:image:type\" content=\"image\/jpeg\" \/>\n<meta name=\"twitter:card\" content=\"summary_large_image\" \/>\n<meta name=\"twitter:label1\" content=\"Dur\u00e9e de lecture estim\u00e9e\" \/>\n\t<meta name=\"twitter:data1\" content=\"1 minute\" \/>\n<script type=\"application\/ld+json\" class=\"yoast-schema-graph\">{\"@context\":\"https:\\\/\\\/schema.org\",\"@graph\":[{\"@type\":\"WebPage\",\"@id\":\"https:\\\/\\\/www.zytho.ca\\\/fr\\\/produit\\\/crochet-hexagonal-en-acier-inoxydable-avec-passe-fils-et-coupleur-tout-fil-dixon\\\/\",\"url\":\"https:\\\/\\\/www.zytho.ca\\\/fr\\\/produit\\\/crochet-hexagonal-en-acier-inoxydable-avec-passe-fils-et-coupleur-tout-fil-dixon\\\/\",\"name\":\"Crochet hexagonal en acier inoxydable avec passe-fils et raccord - Dixon - Pour brasseries professionnelles | Zytho\",\"isPartOf\":{\"@id\":\"https:\\\/\\\/www.zytho.ca\\\/fr\\\/#website\"},\"primaryImageOfPage\":{\"@id\":\"https:\\\/\\\/www.zytho.ca\\\/fr\\\/produit\\\/crochet-hexagonal-en-acier-inoxydable-avec-passe-fils-et-coupleur-tout-fil-dixon\\\/#primaryimage\"},\"image\":{\"@id\":\"https:\\\/\\\/www.zytho.ca\\\/fr\\\/produit\\\/crochet-hexagonal-en-acier-inoxydable-avec-passe-fils-et-coupleur-tout-fil-dixon\\\/#primaryimage\"},\"thumbnailUrl\":\"https:\\\/\\\/www.zytho.ca\\\/wp-content\\\/uploads\\\/2025\\\/10\\\/Stainless-Steel-Hex-Hanger-with-Grommets-and-All-Thread-Coupler-Dixon.jpg\",\"datePublished\":\"2025-10-27T15:50:19+00:00\",\"description\":\"Optimisez le syst\u00e8me de tuyauterie de votre brasserie avec le crochet hexagonal en acier inoxydable de Dixon. Polyvalent, personnalisable et id\u00e9al pour les temp\u00e9ratures extr\u00eames, il garantit une installation sans faille.\",\"breadcrumb\":{\"@id\":\"https:\\\/\\\/www.zytho.ca\\\/fr\\\/produit\\\/crochet-hexagonal-en-acier-inoxydable-avec-passe-fils-et-coupleur-tout-fil-dixon\\\/#breadcrumb\"},\"inLanguage\":\"fr-FR\",\"potentialAction\":[{\"@type\":\"ReadAction\",\"target\":[\"https:\\\/\\\/www.zytho.ca\\\/fr\\\/produit\\\/crochet-hexagonal-en-acier-inoxydable-avec-passe-fils-et-coupleur-tout-fil-dixon\\\/\"]}]},{\"@type\":\"ImageObject\",\"inLanguage\":\"fr-FR\",\"@id\":\"https:\\\/\\\/www.zytho.ca\\\/fr\\\/produit\\\/crochet-hexagonal-en-acier-inoxydable-avec-passe-fils-et-coupleur-tout-fil-dixon\\\/#primaryimage\",\"url\":\"https:\\\/\\\/www.zytho.ca\\\/wp-content\\\/uploads\\\/2025\\\/10\\\/Stainless-Steel-Hex-Hanger-with-Grommets-and-All-Thread-Coupler-Dixon.jpg\",\"contentUrl\":\"https:\\\/\\\/www.zytho.ca\\\/wp-content\\\/uploads\\\/2025\\\/10\\\/Stainless-Steel-Hex-Hanger-with-Grommets-and-All-Thread-Coupler-Dixon.jpg\",\"width\":470,\"height\":470},{\"@type\":\"BreadcrumbList\",\"@id\":\"https:\\\/\\\/www.zytho.ca\\\/fr\\\/produit\\\/crochet-hexagonal-en-acier-inoxydable-avec-passe-fils-et-coupleur-tout-fil-dixon\\\/#breadcrumb\",\"itemListElement\":[{\"@type\":\"ListItem\",\"position\":1,\"name\":\"Accueil\",\"item\":\"https:\\\/\\\/www.zytho.ca\\\/fr\\\/\"},{\"@type\":\"ListItem\",\"position\":2,\"name\":\"Shop\",\"item\":\"https:\\\/\\\/www.zytho.ca\\\/fr\\\/shop\\\/\"},{\"@type\":\"ListItem\",\"position\":3,\"name\":\"Crochet hexagonal en acier inoxydable avec passe-fils et coupleur tout-fil &#8211; Dixon\"}]},{\"@type\":\"WebSite\",\"@id\":\"https:\\\/\\\/www.zytho.ca\\\/fr\\\/#website\",\"url\":\"https:\\\/\\\/www.zytho.ca\\\/fr\\\/\",\"name\":\"Zytho\",\"description\":\"\",\"publisher\":{\"@id\":\"https:\\\/\\\/www.zytho.ca\\\/fr\\\/#organization\"},\"potentialAction\":[{\"@type\":\"SearchAction\",\"target\":{\"@type\":\"EntryPoint\",\"urlTemplate\":\"https:\\\/\\\/www.zytho.ca\\\/fr\\\/?s={search_term_string}\"},\"query-input\":{\"@type\":\"PropertyValueSpecification\",\"valueRequired\":true,\"valueName\":\"search_term_string\"}}],\"inLanguage\":\"fr-FR\"},{\"@type\":\"Organization\",\"@id\":\"https:\\\/\\\/www.zytho.ca\\\/fr\\\/#organization\",\"name\":\"Zytho\",\"url\":\"https:\\\/\\\/www.zytho.ca\\\/fr\\\/\",\"logo\":{\"@type\":\"ImageObject\",\"inLanguage\":\"fr-FR\",\"@id\":\"https:\\\/\\\/www.zytho.ca\\\/fr\\\/#\\\/schema\\\/logo\\\/image\\\/\",\"url\":\"https:\\\/\\\/www.zytho.ca\\\/wp-content\\\/uploads\\\/2024\\\/05\\\/Zytho_reversed_horizontal.svg\",\"contentUrl\":\"https:\\\/\\\/www.zytho.ca\\\/wp-content\\\/uploads\\\/2024\\\/05\\\/Zytho_reversed_horizontal.svg\",\"width\":1582,\"height\":490,\"caption\":\"Zytho\"},\"image\":{\"@id\":\"https:\\\/\\\/www.zytho.ca\\\/fr\\\/#\\\/schema\\\/logo\\\/image\\\/\"}}]}<\/script>\n<!-- \/ Yoast SEO plugin. -->","yoast_head_json":{"title":"Crochet hexagonal en acier inoxydable avec passe-fils et raccord - Dixon - Pour brasseries professionnelles | Zytho","description":"Optimisez le syst\u00e8me de tuyauterie de votre brasserie avec le crochet hexagonal en acier inoxydable de Dixon. Polyvalent, personnalisable et id\u00e9al pour les temp\u00e9ratures extr\u00eames, il garantit une installation sans faille.","robots":{"index":"index","follow":"follow","max-snippet":"max-snippet:-1","max-image-preview":"max-image-preview:large","max-video-preview":"max-video-preview:-1"},"canonical":"https:\/\/www.zytho.ca\/fr\/produit\/crochet-hexagonal-en-acier-inoxydable-avec-passe-fils-et-coupleur-tout-fil-dixon\/","og_locale":"fr_FR","og_type":"article","og_title":"Crochet hexagonal en acier inoxydable avec passe-fils et raccord - Dixon - Pour brasseries professionnelles | Zytho","og_description":"Optimisez le syst\u00e8me de tuyauterie de votre brasserie avec le crochet hexagonal en acier inoxydable de Dixon. Polyvalent, personnalisable et id\u00e9al pour les temp\u00e9ratures extr\u00eames, il garantit une installation sans faille.","og_url":"https:\/\/www.zytho.ca\/fr\/produit\/crochet-hexagonal-en-acier-inoxydable-avec-passe-fils-et-coupleur-tout-fil-dixon\/","og_site_name":"Zytho","og_image":[{"width":470,"height":470,"url":"https:\/\/www.zytho.ca\/wp-content\/uploads\/2025\/10\/Stainless-Steel-Hex-Hanger-with-Grommets-and-All-Thread-Coupler-Dixon.jpg","type":"image\/jpeg"}],"twitter_card":"summary_large_image","twitter_misc":{"Dur\u00e9e de lecture estim\u00e9e":"1 minute"},"schema":{"@context":"https:\/\/schema.org","@graph":[{"@type":"WebPage","@id":"https:\/\/www.zytho.ca\/fr\/produit\/crochet-hexagonal-en-acier-inoxydable-avec-passe-fils-et-coupleur-tout-fil-dixon\/","url":"https:\/\/www.zytho.ca\/fr\/produit\/crochet-hexagonal-en-acier-inoxydable-avec-passe-fils-et-coupleur-tout-fil-dixon\/","name":"Crochet hexagonal en acier inoxydable avec passe-fils et raccord - Dixon - Pour brasseries professionnelles | Zytho","isPartOf":{"@id":"https:\/\/www.zytho.ca\/fr\/#website"},"primaryImageOfPage":{"@id":"https:\/\/www.zytho.ca\/fr\/produit\/crochet-hexagonal-en-acier-inoxydable-avec-passe-fils-et-coupleur-tout-fil-dixon\/#primaryimage"},"image":{"@id":"https:\/\/www.zytho.ca\/fr\/produit\/crochet-hexagonal-en-acier-inoxydable-avec-passe-fils-et-coupleur-tout-fil-dixon\/#primaryimage"},"thumbnailUrl":"https:\/\/www.zytho.ca\/wp-content\/uploads\/2025\/10\/Stainless-Steel-Hex-Hanger-with-Grommets-and-All-Thread-Coupler-Dixon.jpg","datePublished":"2025-10-27T15:50:19+00:00","description":"Optimisez le syst\u00e8me de tuyauterie de votre brasserie avec le crochet hexagonal en acier inoxydable de Dixon. Polyvalent, personnalisable et id\u00e9al pour les temp\u00e9ratures extr\u00eames, il garantit une installation sans faille.","breadcrumb":{"@id":"https:\/\/www.zytho.ca\/fr\/produit\/crochet-hexagonal-en-acier-inoxydable-avec-passe-fils-et-coupleur-tout-fil-dixon\/#breadcrumb"},"inLanguage":"fr-FR","potentialAction":[{"@type":"ReadAction","target":["https:\/\/www.zytho.ca\/fr\/produit\/crochet-hexagonal-en-acier-inoxydable-avec-passe-fils-et-coupleur-tout-fil-dixon\/"]}]},{"@type":"ImageObject","inLanguage":"fr-FR","@id":"https:\/\/www.zytho.ca\/fr\/produit\/crochet-hexagonal-en-acier-inoxydable-avec-passe-fils-et-coupleur-tout-fil-dixon\/#primaryimage","url":"https:\/\/www.zytho.ca\/wp-content\/uploads\/2025\/10\/Stainless-Steel-Hex-Hanger-with-Grommets-and-All-Thread-Coupler-Dixon.jpg","contentUrl":"https:\/\/www.zytho.ca\/wp-content\/uploads\/2025\/10\/Stainless-Steel-Hex-Hanger-with-Grommets-and-All-Thread-Coupler-Dixon.jpg","width":470,"height":470},{"@type":"BreadcrumbList","@id":"https:\/\/www.zytho.ca\/fr\/produit\/crochet-hexagonal-en-acier-inoxydable-avec-passe-fils-et-coupleur-tout-fil-dixon\/#breadcrumb","itemListElement":[{"@type":"ListItem","position":1,"name":"Accueil","item":"https:\/\/www.zytho.ca\/fr\/"},{"@type":"ListItem","position":2,"name":"Shop","item":"https:\/\/www.zytho.ca\/fr\/shop\/"},{"@type":"ListItem","position":3,"name":"Crochet hexagonal en acier inoxydable avec passe-fils et coupleur tout-fil &#8211; Dixon"}]},{"@type":"WebSite","@id":"https:\/\/www.zytho.ca\/fr\/#website","url":"https:\/\/www.zytho.ca\/fr\/","name":"Zytho","description":"","publisher":{"@id":"https:\/\/www.zytho.ca\/fr\/#organization"},"potentialAction":[{"@type":"SearchAction","target":{"@type":"EntryPoint","urlTemplate":"https:\/\/www.zytho.ca\/fr\/?s={search_term_string}"},"query-input":{"@type":"PropertyValueSpecification","valueRequired":true,"valueName":"search_term_string"}}],"inLanguage":"fr-FR"},{"@type":"Organization","@id":"https:\/\/www.zytho.ca\/fr\/#organization","name":"Zytho","url":"https:\/\/www.zytho.ca\/fr\/","logo":{"@type":"ImageObject","inLanguage":"fr-FR","@id":"https:\/\/www.zytho.ca\/fr\/#\/schema\/logo\/image\/","url":"https:\/\/www.zytho.ca\/wp-content\/uploads\/2024\/05\/Zytho_reversed_horizontal.svg","contentUrl":"https:\/\/www.zytho.ca\/wp-content\/uploads\/2024\/05\/Zytho_reversed_horizontal.svg","width":1582,"height":490,"caption":"Zytho"},"image":{"@id":"https:\/\/www.zytho.ca\/fr\/#\/schema\/logo\/image\/"}}]}},"_links":{"self":[{"href":"https:\/\/www.zytho.ca\/fr\/wp-json\/wp\/v2\/product\/11514","targetHints":{"allow":["GET"]}}],"collection":[{"href":"https:\/\/www.zytho.ca\/fr\/wp-json\/wp\/v2\/product"}],"about":[{"href":"https:\/\/www.zytho.ca\/fr\/wp-json\/wp\/v2\/types\/product"}],"wp:featuredmedia":[{"embeddable":true,"href":"https:\/\/www.zytho.ca\/fr\/wp-json\/wp\/v2\/media\/11518"}],"wp:attachment":[{"href":"https:\/\/www.zytho.ca\/fr\/wp-json\/wp\/v2\/media?parent=11514"}],"wp:term":[{"taxonomy":"product_brand","embeddable":true,"href":"https:\/\/www.zytho.ca\/fr\/wp-json\/wp\/v2\/product_brand?post=11514"},{"taxonomy":"product_cat","embeddable":true,"href":"https:\/\/www.zytho.ca\/fr\/wp-json\/wp\/v2\/product_cat?post=11514"},{"taxonomy":"product_tag","embeddable":true,"href":"https:\/\/www.zytho.ca\/fr\/wp-json\/wp\/v2\/product_tag?post=11514"}],"curies":[{"name":"wp","href":"https:\/\/api.w.org\/{rel}","templated":true}]}}