{"id":11513,"date":"2025-10-27T15:50:20","date_gmt":"2025-10-27T15:50:20","guid":{"rendered":"https:\/\/zytho.ca\/product\/pieces-de-rechange-pour-vanne-dechantillonnage-serie-w-dixon\/"},"modified":"2025-10-30T13:02:32","modified_gmt":"2025-10-30T13:02:32","slug":"pieces-de-rechange-pour-vanne-dechantillonnage-serie-w-dixon","status":"publish","type":"product","link":"https:\/\/www.zytho.ca\/fr\/produit\/pieces-de-rechange-pour-vanne-dechantillonnage-serie-w-dixon\/","title":{"rendered":"Pi\u00e8ces de rechange pour vanne d&#8217;\u00e9chantillonnage s\u00e9rie W &#8211; Dixon"},"content":{"rendered":"<h6><strong>  Avantages :  <\/strong><\/h6>\n<ul>\n<li>Con\u00e7u pour des performances optimales dans les environnements alimentaires et de boissons<\/li>\n<li>Fabriqu\u00e9 en acier inoxydable 304 durable avec une finition sanitaire polie.<\/li>\n<li>Comprend deux joints toriques en silicone et un si\u00e8ge pour des capacit\u00e9s d&#8217;\u00e9tanch\u00e9it\u00e9 accrues.<\/li>\n<\/ul>\n<p>Les robinets d&#8217;\u00e9chantillonnage sanitaires de la s\u00e9rie W de Dixon sont fabriqu\u00e9s en acier inoxydable 304 de haute qualit\u00e9, avec une finition polie adapt\u00e9e aux applications sanitaires dans le secteur de l&#8217;alimentation et des boissons. Veuillez noter que ces vannes ne sont pas certifi\u00e9es 3A. <\/p>\n<h6><strong>  D\u00e9tails du produit :  <\/strong><\/h6>\n<ul>\n<li>Mat\u00e9riau : Acier inoxydable 304<\/li>\n<li>Finition : Polie pour usage sanitaire<\/li>\n<li>Composants : Deux joints toriques en silicone et un si\u00e8ge<\/li>\n<\/ul>\n","protected":false},"excerpt":{"rendered":"<h4>Principaux avantages pour les brasseurs professionnels :<\/h4>\n<ul>\n<li>Con\u00e7us pour des performances optimales dans les environnements alimentaires et de boissons, ils garantissent la qualit\u00e9 et la s\u00e9curit\u00e9.<\/li>\n<li>Fabriqu\u00e9 en acier inoxydable 304 durable avec une finition polie pour une utilisation sanitaire.<\/li>\n<li>L&#8217;efficacit\u00e9 de l&#8217;\u00e9tanch\u00e9it\u00e9 est am\u00e9lior\u00e9e gr\u00e2ce \u00e0 deux joints toriques en silicone et un si\u00e8ge.<\/li>\n<\/ul>\n","protected":false},"featured_media":11515,"template":"","meta":{"_acf_changed":false,"inline_featured_image":false},"product_brand":[740],"product_cat":[736,741,826],"product_tag":[754,762,755,800,837],"class_list":{"0":"post-11513","1":"product","2":"type-product","3":"status-publish","4":"has-post-thumbnail","6":"product_brand-dixon","7":"product_cat-distribution","8":"product_cat-materiel","9":"product_cat-vannes-sanitaires","10":"product_tag-brasserie","11":"product_tag-cave","12":"product_tag-distillerie","13":"product_tag-soda","14":"product_tag-valve-dechantillonnage","16":"first","17":"instock","18":"taxable","19":"shipping-taxable","20":"purchasable","21":"product-type-variable"},"acf":[],"yoast_head":"<!-- This site is optimized with the Yoast SEO plugin v27.6 - https:\/\/yoast.com\/product\/yoast-seo-wordpress\/ -->\n<title>W Series Sample Valve Replacement Parts - Dixon - For Pro Breweries | Zytho<\/title>\n<meta name=\"description\" content=\"Am\u00e9liorez l&#039;efficacit\u00e9 de votre brasserie avec les pi\u00e8ces de rechange pour robinet d&#039;\u00e9chantillonnage de la s\u00e9rie W de Dixon. Fabriqu\u00e9es en acier inoxydable 304 durable, elles garantissent des performances et une hygi\u00e8ne optimales.\" \/>\n<meta name=\"robots\" content=\"index, follow, max-snippet:-1, max-image-preview:large, max-video-preview:-1\" \/>\n<link rel=\"canonical\" href=\"https:\/\/www.zytho.ca\/fr\/produit\/pieces-de-rechange-pour-vanne-dechantillonnage-serie-w-dixon\/\" \/>\n<meta property=\"og:locale\" content=\"fr_FR\" \/>\n<meta property=\"og:type\" content=\"article\" \/>\n<meta property=\"og:title\" content=\"W Series Sample Valve Replacement Parts - Dixon - For Pro Breweries | Zytho\" \/>\n<meta property=\"og:description\" content=\"Am\u00e9liorez l&#039;efficacit\u00e9 de votre brasserie avec les pi\u00e8ces de rechange pour robinet d&#039;\u00e9chantillonnage de la s\u00e9rie W de Dixon. Fabriqu\u00e9es en acier inoxydable 304 durable, elles garantissent des performances et une hygi\u00e8ne optimales.\" \/>\n<meta property=\"og:url\" content=\"https:\/\/www.zytho.ca\/fr\/produit\/pieces-de-rechange-pour-vanne-dechantillonnage-serie-w-dixon\/\" \/>\n<meta property=\"og:site_name\" content=\"Zytho\" \/>\n<meta property=\"article:modified_time\" content=\"2025-10-30T13:02:32+00:00\" \/>\n<meta property=\"og:image\" content=\"https:\/\/www.zytho.ca\/wp-content\/uploads\/2025\/10\/W-Series-Sample-Valve-Replacement-Parts-Dixon.jpg\" \/>\n\t<meta property=\"og:image:width\" content=\"597\" \/>\n\t<meta property=\"og:image:height\" content=\"597\" \/>\n\t<meta property=\"og:image:type\" content=\"image\/jpeg\" \/>\n<meta name=\"twitter:card\" content=\"summary_large_image\" \/>\n<meta name=\"twitter:label1\" content=\"Dur\u00e9e de lecture estim\u00e9e\" \/>\n\t<meta name=\"twitter:data1\" content=\"1 minute\" \/>\n<script type=\"application\/ld+json\" class=\"yoast-schema-graph\">{\"@context\":\"https:\\\/\\\/schema.org\",\"@graph\":[{\"@type\":\"WebPage\",\"@id\":\"https:\\\/\\\/www.zytho.ca\\\/fr\\\/produit\\\/pieces-de-rechange-pour-vanne-dechantillonnage-serie-w-dixon\\\/\",\"url\":\"https:\\\/\\\/www.zytho.ca\\\/fr\\\/produit\\\/pieces-de-rechange-pour-vanne-dechantillonnage-serie-w-dixon\\\/\",\"name\":\"W Series Sample Valve Replacement Parts - Dixon - For Pro Breweries | Zytho\",\"isPartOf\":{\"@id\":\"https:\\\/\\\/www.zytho.ca\\\/fr\\\/#website\"},\"primaryImageOfPage\":{\"@id\":\"https:\\\/\\\/www.zytho.ca\\\/fr\\\/produit\\\/pieces-de-rechange-pour-vanne-dechantillonnage-serie-w-dixon\\\/#primaryimage\"},\"image\":{\"@id\":\"https:\\\/\\\/www.zytho.ca\\\/fr\\\/produit\\\/pieces-de-rechange-pour-vanne-dechantillonnage-serie-w-dixon\\\/#primaryimage\"},\"thumbnailUrl\":\"https:\\\/\\\/www.zytho.ca\\\/wp-content\\\/uploads\\\/2025\\\/10\\\/W-Series-Sample-Valve-Replacement-Parts-Dixon.jpg\",\"datePublished\":\"2025-10-27T15:50:20+00:00\",\"dateModified\":\"2025-10-30T13:02:32+00:00\",\"description\":\"Am\u00e9liorez l'efficacit\u00e9 de votre brasserie avec les pi\u00e8ces de rechange pour robinet d'\u00e9chantillonnage de la s\u00e9rie W de Dixon. Fabriqu\u00e9es en acier inoxydable 304 durable, elles garantissent des performances et une hygi\u00e8ne optimales.\",\"breadcrumb\":{\"@id\":\"https:\\\/\\\/www.zytho.ca\\\/fr\\\/produit\\\/pieces-de-rechange-pour-vanne-dechantillonnage-serie-w-dixon\\\/#breadcrumb\"},\"inLanguage\":\"fr-FR\",\"potentialAction\":[{\"@type\":\"ReadAction\",\"target\":[\"https:\\\/\\\/www.zytho.ca\\\/fr\\\/produit\\\/pieces-de-rechange-pour-vanne-dechantillonnage-serie-w-dixon\\\/\"]}]},{\"@type\":\"ImageObject\",\"inLanguage\":\"fr-FR\",\"@id\":\"https:\\\/\\\/www.zytho.ca\\\/fr\\\/produit\\\/pieces-de-rechange-pour-vanne-dechantillonnage-serie-w-dixon\\\/#primaryimage\",\"url\":\"https:\\\/\\\/www.zytho.ca\\\/wp-content\\\/uploads\\\/2025\\\/10\\\/W-Series-Sample-Valve-Replacement-Parts-Dixon.jpg\",\"contentUrl\":\"https:\\\/\\\/www.zytho.ca\\\/wp-content\\\/uploads\\\/2025\\\/10\\\/W-Series-Sample-Valve-Replacement-Parts-Dixon.jpg\",\"width\":597,\"height\":597},{\"@type\":\"BreadcrumbList\",\"@id\":\"https:\\\/\\\/www.zytho.ca\\\/fr\\\/produit\\\/pieces-de-rechange-pour-vanne-dechantillonnage-serie-w-dixon\\\/#breadcrumb\",\"itemListElement\":[{\"@type\":\"ListItem\",\"position\":1,\"name\":\"Accueil\",\"item\":\"https:\\\/\\\/www.zytho.ca\\\/fr\\\/\"},{\"@type\":\"ListItem\",\"position\":2,\"name\":\"Shop\",\"item\":\"https:\\\/\\\/www.zytho.ca\\\/fr\\\/shop\\\/\"},{\"@type\":\"ListItem\",\"position\":3,\"name\":\"Pi\u00e8ces de rechange pour vanne d&#8217;\u00e9chantillonnage s\u00e9rie W &#8211; Dixon\"}]},{\"@type\":\"WebSite\",\"@id\":\"https:\\\/\\\/www.zytho.ca\\\/fr\\\/#website\",\"url\":\"https:\\\/\\\/www.zytho.ca\\\/fr\\\/\",\"name\":\"Zytho\",\"description\":\"\",\"publisher\":{\"@id\":\"https:\\\/\\\/www.zytho.ca\\\/fr\\\/#organization\"},\"potentialAction\":[{\"@type\":\"SearchAction\",\"target\":{\"@type\":\"EntryPoint\",\"urlTemplate\":\"https:\\\/\\\/www.zytho.ca\\\/fr\\\/?s={search_term_string}\"},\"query-input\":{\"@type\":\"PropertyValueSpecification\",\"valueRequired\":true,\"valueName\":\"search_term_string\"}}],\"inLanguage\":\"fr-FR\"},{\"@type\":\"Organization\",\"@id\":\"https:\\\/\\\/www.zytho.ca\\\/fr\\\/#organization\",\"name\":\"Zytho\",\"url\":\"https:\\\/\\\/www.zytho.ca\\\/fr\\\/\",\"logo\":{\"@type\":\"ImageObject\",\"inLanguage\":\"fr-FR\",\"@id\":\"https:\\\/\\\/www.zytho.ca\\\/fr\\\/#\\\/schema\\\/logo\\\/image\\\/\",\"url\":\"https:\\\/\\\/www.zytho.ca\\\/wp-content\\\/uploads\\\/2024\\\/05\\\/Zytho_reversed_horizontal.svg\",\"contentUrl\":\"https:\\\/\\\/www.zytho.ca\\\/wp-content\\\/uploads\\\/2024\\\/05\\\/Zytho_reversed_horizontal.svg\",\"width\":1582,\"height\":490,\"caption\":\"Zytho\"},\"image\":{\"@id\":\"https:\\\/\\\/www.zytho.ca\\\/fr\\\/#\\\/schema\\\/logo\\\/image\\\/\"}}]}<\/script>\n<!-- \/ Yoast SEO plugin. -->","yoast_head_json":{"title":"W Series Sample Valve Replacement Parts - Dixon - For Pro Breweries | Zytho","description":"Am\u00e9liorez l'efficacit\u00e9 de votre brasserie avec les pi\u00e8ces de rechange pour robinet d'\u00e9chantillonnage de la s\u00e9rie W de Dixon. Fabriqu\u00e9es en acier inoxydable 304 durable, elles garantissent des performances et une hygi\u00e8ne optimales.","robots":{"index":"index","follow":"follow","max-snippet":"max-snippet:-1","max-image-preview":"max-image-preview:large","max-video-preview":"max-video-preview:-1"},"canonical":"https:\/\/www.zytho.ca\/fr\/produit\/pieces-de-rechange-pour-vanne-dechantillonnage-serie-w-dixon\/","og_locale":"fr_FR","og_type":"article","og_title":"W Series Sample Valve Replacement Parts - Dixon - For Pro Breweries | Zytho","og_description":"Am\u00e9liorez l'efficacit\u00e9 de votre brasserie avec les pi\u00e8ces de rechange pour robinet d'\u00e9chantillonnage de la s\u00e9rie W de Dixon. Fabriqu\u00e9es en acier inoxydable 304 durable, elles garantissent des performances et une hygi\u00e8ne optimales.","og_url":"https:\/\/www.zytho.ca\/fr\/produit\/pieces-de-rechange-pour-vanne-dechantillonnage-serie-w-dixon\/","og_site_name":"Zytho","article_modified_time":"2025-10-30T13:02:32+00:00","og_image":[{"width":597,"height":597,"url":"https:\/\/www.zytho.ca\/wp-content\/uploads\/2025\/10\/W-Series-Sample-Valve-Replacement-Parts-Dixon.jpg","type":"image\/jpeg"}],"twitter_card":"summary_large_image","twitter_misc":{"Dur\u00e9e de lecture estim\u00e9e":"1 minute"},"schema":{"@context":"https:\/\/schema.org","@graph":[{"@type":"WebPage","@id":"https:\/\/www.zytho.ca\/fr\/produit\/pieces-de-rechange-pour-vanne-dechantillonnage-serie-w-dixon\/","url":"https:\/\/www.zytho.ca\/fr\/produit\/pieces-de-rechange-pour-vanne-dechantillonnage-serie-w-dixon\/","name":"W Series Sample Valve Replacement Parts - Dixon - For Pro Breweries | Zytho","isPartOf":{"@id":"https:\/\/www.zytho.ca\/fr\/#website"},"primaryImageOfPage":{"@id":"https:\/\/www.zytho.ca\/fr\/produit\/pieces-de-rechange-pour-vanne-dechantillonnage-serie-w-dixon\/#primaryimage"},"image":{"@id":"https:\/\/www.zytho.ca\/fr\/produit\/pieces-de-rechange-pour-vanne-dechantillonnage-serie-w-dixon\/#primaryimage"},"thumbnailUrl":"https:\/\/www.zytho.ca\/wp-content\/uploads\/2025\/10\/W-Series-Sample-Valve-Replacement-Parts-Dixon.jpg","datePublished":"2025-10-27T15:50:20+00:00","dateModified":"2025-10-30T13:02:32+00:00","description":"Am\u00e9liorez l'efficacit\u00e9 de votre brasserie avec les pi\u00e8ces de rechange pour robinet d'\u00e9chantillonnage de la s\u00e9rie W de Dixon. Fabriqu\u00e9es en acier inoxydable 304 durable, elles garantissent des performances et une hygi\u00e8ne optimales.","breadcrumb":{"@id":"https:\/\/www.zytho.ca\/fr\/produit\/pieces-de-rechange-pour-vanne-dechantillonnage-serie-w-dixon\/#breadcrumb"},"inLanguage":"fr-FR","potentialAction":[{"@type":"ReadAction","target":["https:\/\/www.zytho.ca\/fr\/produit\/pieces-de-rechange-pour-vanne-dechantillonnage-serie-w-dixon\/"]}]},{"@type":"ImageObject","inLanguage":"fr-FR","@id":"https:\/\/www.zytho.ca\/fr\/produit\/pieces-de-rechange-pour-vanne-dechantillonnage-serie-w-dixon\/#primaryimage","url":"https:\/\/www.zytho.ca\/wp-content\/uploads\/2025\/10\/W-Series-Sample-Valve-Replacement-Parts-Dixon.jpg","contentUrl":"https:\/\/www.zytho.ca\/wp-content\/uploads\/2025\/10\/W-Series-Sample-Valve-Replacement-Parts-Dixon.jpg","width":597,"height":597},{"@type":"BreadcrumbList","@id":"https:\/\/www.zytho.ca\/fr\/produit\/pieces-de-rechange-pour-vanne-dechantillonnage-serie-w-dixon\/#breadcrumb","itemListElement":[{"@type":"ListItem","position":1,"name":"Accueil","item":"https:\/\/www.zytho.ca\/fr\/"},{"@type":"ListItem","position":2,"name":"Shop","item":"https:\/\/www.zytho.ca\/fr\/shop\/"},{"@type":"ListItem","position":3,"name":"Pi\u00e8ces de rechange pour vanne d&#8217;\u00e9chantillonnage s\u00e9rie W &#8211; Dixon"}]},{"@type":"WebSite","@id":"https:\/\/www.zytho.ca\/fr\/#website","url":"https:\/\/www.zytho.ca\/fr\/","name":"Zytho","description":"","publisher":{"@id":"https:\/\/www.zytho.ca\/fr\/#organization"},"potentialAction":[{"@type":"SearchAction","target":{"@type":"EntryPoint","urlTemplate":"https:\/\/www.zytho.ca\/fr\/?s={search_term_string}"},"query-input":{"@type":"PropertyValueSpecification","valueRequired":true,"valueName":"search_term_string"}}],"inLanguage":"fr-FR"},{"@type":"Organization","@id":"https:\/\/www.zytho.ca\/fr\/#organization","name":"Zytho","url":"https:\/\/www.zytho.ca\/fr\/","logo":{"@type":"ImageObject","inLanguage":"fr-FR","@id":"https:\/\/www.zytho.ca\/fr\/#\/schema\/logo\/image\/","url":"https:\/\/www.zytho.ca\/wp-content\/uploads\/2024\/05\/Zytho_reversed_horizontal.svg","contentUrl":"https:\/\/www.zytho.ca\/wp-content\/uploads\/2024\/05\/Zytho_reversed_horizontal.svg","width":1582,"height":490,"caption":"Zytho"},"image":{"@id":"https:\/\/www.zytho.ca\/fr\/#\/schema\/logo\/image\/"}}]}},"_links":{"self":[{"href":"https:\/\/www.zytho.ca\/fr\/wp-json\/wp\/v2\/product\/11513","targetHints":{"allow":["GET"]}}],"collection":[{"href":"https:\/\/www.zytho.ca\/fr\/wp-json\/wp\/v2\/product"}],"about":[{"href":"https:\/\/www.zytho.ca\/fr\/wp-json\/wp\/v2\/types\/product"}],"wp:featuredmedia":[{"embeddable":true,"href":"https:\/\/www.zytho.ca\/fr\/wp-json\/wp\/v2\/media\/11515"}],"wp:attachment":[{"href":"https:\/\/www.zytho.ca\/fr\/wp-json\/wp\/v2\/media?parent=11513"}],"wp:term":[{"taxonomy":"product_brand","embeddable":true,"href":"https:\/\/www.zytho.ca\/fr\/wp-json\/wp\/v2\/product_brand?post=11513"},{"taxonomy":"product_cat","embeddable":true,"href":"https:\/\/www.zytho.ca\/fr\/wp-json\/wp\/v2\/product_cat?post=11513"},{"taxonomy":"product_tag","embeddable":true,"href":"https:\/\/www.zytho.ca\/fr\/wp-json\/wp\/v2\/product_tag?post=11513"}],"curies":[{"name":"wp","href":"https:\/\/api.w.org\/{rel}","templated":true}]}}