{"id":11487,"date":"2025-10-27T15:50:24","date_gmt":"2025-10-27T15:50:24","guid":{"rendered":"https:\/\/zytho.ca\/product\/jax-purgel-klear-dixon\/"},"modified":"2025-10-30T13:02:01","modified_gmt":"2025-10-30T13:02:01","slug":"jax-purgel-klear-dixon","status":"publish","type":"product","link":"https:\/\/www.zytho.ca\/fr\/produit\/jax-purgel-klear-dixon\/","title":{"rendered":"Jax PurGel Klear &#8211; Dixon"},"content":{"rendered":"<h6><strong>Avantages :<\/strong><\/h6>\n<ul>\n<li>Id\u00e9al pour l&#8217;assemblage, comme barri\u00e8re ou pour les applications de d\u00e9moulage, y compris la fixation des joints toriques, des joints d&#8217;\u00e9tanch\u00e9it\u00e9 et l&#8217;enrobage des lames de coupe ou des vis sans fin.<\/li>\n<\/ul>\n<h6><strong>D\u00e9tails du produit :<\/strong><\/h6>\n<ul>\n<li>Conforme \u00e0 la FDA 21 CFR Part 172, autorisant l&#8217;ajout direct aux aliments destin\u00e9s \u00e0 la consommation humaine, et \u00e0 la Part 178, concernant les additifs alimentaires indirects.<\/li>\n<li>Con\u00e7u comme un p\u00e9trolatum casher blanc pur, approuv\u00e9 par la FDA, qui peut \u00eatre utilis\u00e9 comme agent de d\u00e9moulage.<\/li>\n<\/ul>\n","protected":false},"excerpt":{"rendered":"<h4>Principaux avantages de Jax PurGel Klear &#8211; Dixon pour les brasseurs professionnels<\/h4>\n<ul>\n<li>Garantit des processus d&#8217;assemblage et de lib\u00e9ration s\u00fbrs et efficaces, id\u00e9al pour s\u00e9curiser les composants des \u00e9quipements de brassage tels que les joints toriques et les joints d&#8217;\u00e9tanch\u00e9it\u00e9.<\/li>\n<li>Conforme aux normes de la FDA pour les additifs alimentaires directs et indirects, garantissant la s\u00e9curit\u00e9 dans les environnements de brassage.<\/li>\n<li>Comprend une formulation de p\u00e9trolatum casher blanc pur, approuv\u00e9e par la FDA, id\u00e9ale pour maintenir la propret\u00e9 et la qualit\u00e9 dans les op\u00e9rations de brassage.<\/li>\n<\/ul>\n","protected":false},"featured_media":11491,"template":"","meta":{"_acf_changed":false,"inline_featured_image":false},"product_brand":[740],"product_cat":[736,741,742],"product_tag":[],"class_list":{"0":"post-11487","1":"product","2":"type-product","3":"status-publish","4":"has-post-thumbnail","6":"product_brand-dixon","7":"product_cat-distribution","8":"product_cat-materiel","9":"product_cat-outils-industriels","11":"first","12":"instock","13":"taxable","14":"shipping-taxable","15":"purchasable","16":"product-type-simple"},"acf":[],"yoast_head":"<!-- This site is optimized with the Yoast SEO plugin v27.6 - https:\/\/yoast.com\/product\/yoast-seo-wordpress\/ -->\n<title>Jax PurGel Klear - Dixon - Pour brasseries professionnelles | Zytho<\/title>\n<meta name=\"description\" content=\"D\u00e9couvrez Jax PurGel Klear - Dixon, la solution parfaite pour les brasseries. P\u00e9trolatum casher approuv\u00e9 par la FDA, id\u00e9al pour l&#039;assemblage, la fixation des joints toriques, etc. Sans danger pour l&#039;alimentation.\" \/>\n<meta name=\"robots\" content=\"index, follow, max-snippet:-1, max-image-preview:large, max-video-preview:-1\" \/>\n<link rel=\"canonical\" href=\"https:\/\/www.zytho.ca\/fr\/produit\/jax-purgel-klear-dixon\/\" \/>\n<meta property=\"og:locale\" content=\"fr_FR\" \/>\n<meta property=\"og:type\" content=\"article\" \/>\n<meta property=\"og:title\" content=\"Jax PurGel Klear - Dixon - Pour brasseries professionnelles | Zytho\" \/>\n<meta property=\"og:description\" content=\"D\u00e9couvrez Jax PurGel Klear - Dixon, la solution parfaite pour les brasseries. P\u00e9trolatum casher approuv\u00e9 par la FDA, id\u00e9al pour l&#039;assemblage, la fixation des joints toriques, etc. Sans danger pour l&#039;alimentation.\" \/>\n<meta property=\"og:url\" content=\"https:\/\/www.zytho.ca\/fr\/produit\/jax-purgel-klear-dixon\/\" \/>\n<meta property=\"og:site_name\" content=\"Zytho\" \/>\n<meta property=\"article:modified_time\" content=\"2025-10-30T13:02:01+00:00\" \/>\n<meta property=\"og:image\" content=\"https:\/\/www.zytho.ca\/wp-content\/uploads\/2025\/10\/Jax-PurGel-Klear-Dixon.jpg\" \/>\n\t<meta property=\"og:image:width\" content=\"584\" \/>\n\t<meta property=\"og:image:height\" content=\"584\" \/>\n\t<meta property=\"og:image:type\" content=\"image\/jpeg\" \/>\n<meta name=\"twitter:card\" content=\"summary_large_image\" \/>\n<script type=\"application\/ld+json\" class=\"yoast-schema-graph\">{\"@context\":\"https:\\\/\\\/schema.org\",\"@graph\":[{\"@type\":\"WebPage\",\"@id\":\"https:\\\/\\\/www.zytho.ca\\\/fr\\\/produit\\\/jax-purgel-klear-dixon\\\/\",\"url\":\"https:\\\/\\\/www.zytho.ca\\\/fr\\\/produit\\\/jax-purgel-klear-dixon\\\/\",\"name\":\"Jax PurGel Klear - Dixon - Pour brasseries professionnelles | Zytho\",\"isPartOf\":{\"@id\":\"https:\\\/\\\/www.zytho.ca\\\/fr\\\/#website\"},\"primaryImageOfPage\":{\"@id\":\"https:\\\/\\\/www.zytho.ca\\\/fr\\\/produit\\\/jax-purgel-klear-dixon\\\/#primaryimage\"},\"image\":{\"@id\":\"https:\\\/\\\/www.zytho.ca\\\/fr\\\/produit\\\/jax-purgel-klear-dixon\\\/#primaryimage\"},\"thumbnailUrl\":\"https:\\\/\\\/www.zytho.ca\\\/wp-content\\\/uploads\\\/2025\\\/10\\\/Jax-PurGel-Klear-Dixon.jpg\",\"datePublished\":\"2025-10-27T15:50:24+00:00\",\"dateModified\":\"2025-10-30T13:02:01+00:00\",\"description\":\"D\u00e9couvrez Jax PurGel Klear - Dixon, la solution parfaite pour les brasseries. P\u00e9trolatum casher approuv\u00e9 par la FDA, id\u00e9al pour l'assemblage, la fixation des joints toriques, etc. Sans danger pour l'alimentation.\",\"breadcrumb\":{\"@id\":\"https:\\\/\\\/www.zytho.ca\\\/fr\\\/produit\\\/jax-purgel-klear-dixon\\\/#breadcrumb\"},\"inLanguage\":\"fr-FR\",\"potentialAction\":[{\"@type\":\"ReadAction\",\"target\":[\"https:\\\/\\\/www.zytho.ca\\\/fr\\\/produit\\\/jax-purgel-klear-dixon\\\/\"]}]},{\"@type\":\"ImageObject\",\"inLanguage\":\"fr-FR\",\"@id\":\"https:\\\/\\\/www.zytho.ca\\\/fr\\\/produit\\\/jax-purgel-klear-dixon\\\/#primaryimage\",\"url\":\"https:\\\/\\\/www.zytho.ca\\\/wp-content\\\/uploads\\\/2025\\\/10\\\/Jax-PurGel-Klear-Dixon.jpg\",\"contentUrl\":\"https:\\\/\\\/www.zytho.ca\\\/wp-content\\\/uploads\\\/2025\\\/10\\\/Jax-PurGel-Klear-Dixon.jpg\",\"width\":584,\"height\":584},{\"@type\":\"BreadcrumbList\",\"@id\":\"https:\\\/\\\/www.zytho.ca\\\/fr\\\/produit\\\/jax-purgel-klear-dixon\\\/#breadcrumb\",\"itemListElement\":[{\"@type\":\"ListItem\",\"position\":1,\"name\":\"Accueil\",\"item\":\"https:\\\/\\\/www.zytho.ca\\\/fr\\\/\"},{\"@type\":\"ListItem\",\"position\":2,\"name\":\"Shop\",\"item\":\"https:\\\/\\\/www.zytho.ca\\\/fr\\\/shop\\\/\"},{\"@type\":\"ListItem\",\"position\":3,\"name\":\"Jax PurGel Klear &#8211; Dixon\"}]},{\"@type\":\"WebSite\",\"@id\":\"https:\\\/\\\/www.zytho.ca\\\/fr\\\/#website\",\"url\":\"https:\\\/\\\/www.zytho.ca\\\/fr\\\/\",\"name\":\"Zytho\",\"description\":\"\",\"publisher\":{\"@id\":\"https:\\\/\\\/www.zytho.ca\\\/fr\\\/#organization\"},\"potentialAction\":[{\"@type\":\"SearchAction\",\"target\":{\"@type\":\"EntryPoint\",\"urlTemplate\":\"https:\\\/\\\/www.zytho.ca\\\/fr\\\/?s={search_term_string}\"},\"query-input\":{\"@type\":\"PropertyValueSpecification\",\"valueRequired\":true,\"valueName\":\"search_term_string\"}}],\"inLanguage\":\"fr-FR\"},{\"@type\":\"Organization\",\"@id\":\"https:\\\/\\\/www.zytho.ca\\\/fr\\\/#organization\",\"name\":\"Zytho\",\"url\":\"https:\\\/\\\/www.zytho.ca\\\/fr\\\/\",\"logo\":{\"@type\":\"ImageObject\",\"inLanguage\":\"fr-FR\",\"@id\":\"https:\\\/\\\/www.zytho.ca\\\/fr\\\/#\\\/schema\\\/logo\\\/image\\\/\",\"url\":\"https:\\\/\\\/www.zytho.ca\\\/wp-content\\\/uploads\\\/2024\\\/05\\\/Zytho_reversed_horizontal.svg\",\"contentUrl\":\"https:\\\/\\\/www.zytho.ca\\\/wp-content\\\/uploads\\\/2024\\\/05\\\/Zytho_reversed_horizontal.svg\",\"width\":1582,\"height\":490,\"caption\":\"Zytho\"},\"image\":{\"@id\":\"https:\\\/\\\/www.zytho.ca\\\/fr\\\/#\\\/schema\\\/logo\\\/image\\\/\"}}]}<\/script>\n<!-- \/ Yoast SEO plugin. -->","yoast_head_json":{"title":"Jax PurGel Klear - Dixon - Pour brasseries professionnelles | Zytho","description":"D\u00e9couvrez Jax PurGel Klear - Dixon, la solution parfaite pour les brasseries. P\u00e9trolatum casher approuv\u00e9 par la FDA, id\u00e9al pour l'assemblage, la fixation des joints toriques, etc. Sans danger pour l'alimentation.","robots":{"index":"index","follow":"follow","max-snippet":"max-snippet:-1","max-image-preview":"max-image-preview:large","max-video-preview":"max-video-preview:-1"},"canonical":"https:\/\/www.zytho.ca\/fr\/produit\/jax-purgel-klear-dixon\/","og_locale":"fr_FR","og_type":"article","og_title":"Jax PurGel Klear - Dixon - Pour brasseries professionnelles | Zytho","og_description":"D\u00e9couvrez Jax PurGel Klear - Dixon, la solution parfaite pour les brasseries. P\u00e9trolatum casher approuv\u00e9 par la FDA, id\u00e9al pour l'assemblage, la fixation des joints toriques, etc. Sans danger pour l'alimentation.","og_url":"https:\/\/www.zytho.ca\/fr\/produit\/jax-purgel-klear-dixon\/","og_site_name":"Zytho","article_modified_time":"2025-10-30T13:02:01+00:00","og_image":[{"width":584,"height":584,"url":"https:\/\/www.zytho.ca\/wp-content\/uploads\/2025\/10\/Jax-PurGel-Klear-Dixon.jpg","type":"image\/jpeg"}],"twitter_card":"summary_large_image","schema":{"@context":"https:\/\/schema.org","@graph":[{"@type":"WebPage","@id":"https:\/\/www.zytho.ca\/fr\/produit\/jax-purgel-klear-dixon\/","url":"https:\/\/www.zytho.ca\/fr\/produit\/jax-purgel-klear-dixon\/","name":"Jax PurGel Klear - Dixon - Pour brasseries professionnelles | Zytho","isPartOf":{"@id":"https:\/\/www.zytho.ca\/fr\/#website"},"primaryImageOfPage":{"@id":"https:\/\/www.zytho.ca\/fr\/produit\/jax-purgel-klear-dixon\/#primaryimage"},"image":{"@id":"https:\/\/www.zytho.ca\/fr\/produit\/jax-purgel-klear-dixon\/#primaryimage"},"thumbnailUrl":"https:\/\/www.zytho.ca\/wp-content\/uploads\/2025\/10\/Jax-PurGel-Klear-Dixon.jpg","datePublished":"2025-10-27T15:50:24+00:00","dateModified":"2025-10-30T13:02:01+00:00","description":"D\u00e9couvrez Jax PurGel Klear - Dixon, la solution parfaite pour les brasseries. P\u00e9trolatum casher approuv\u00e9 par la FDA, id\u00e9al pour l'assemblage, la fixation des joints toriques, etc. Sans danger pour l'alimentation.","breadcrumb":{"@id":"https:\/\/www.zytho.ca\/fr\/produit\/jax-purgel-klear-dixon\/#breadcrumb"},"inLanguage":"fr-FR","potentialAction":[{"@type":"ReadAction","target":["https:\/\/www.zytho.ca\/fr\/produit\/jax-purgel-klear-dixon\/"]}]},{"@type":"ImageObject","inLanguage":"fr-FR","@id":"https:\/\/www.zytho.ca\/fr\/produit\/jax-purgel-klear-dixon\/#primaryimage","url":"https:\/\/www.zytho.ca\/wp-content\/uploads\/2025\/10\/Jax-PurGel-Klear-Dixon.jpg","contentUrl":"https:\/\/www.zytho.ca\/wp-content\/uploads\/2025\/10\/Jax-PurGel-Klear-Dixon.jpg","width":584,"height":584},{"@type":"BreadcrumbList","@id":"https:\/\/www.zytho.ca\/fr\/produit\/jax-purgel-klear-dixon\/#breadcrumb","itemListElement":[{"@type":"ListItem","position":1,"name":"Accueil","item":"https:\/\/www.zytho.ca\/fr\/"},{"@type":"ListItem","position":2,"name":"Shop","item":"https:\/\/www.zytho.ca\/fr\/shop\/"},{"@type":"ListItem","position":3,"name":"Jax PurGel Klear &#8211; Dixon"}]},{"@type":"WebSite","@id":"https:\/\/www.zytho.ca\/fr\/#website","url":"https:\/\/www.zytho.ca\/fr\/","name":"Zytho","description":"","publisher":{"@id":"https:\/\/www.zytho.ca\/fr\/#organization"},"potentialAction":[{"@type":"SearchAction","target":{"@type":"EntryPoint","urlTemplate":"https:\/\/www.zytho.ca\/fr\/?s={search_term_string}"},"query-input":{"@type":"PropertyValueSpecification","valueRequired":true,"valueName":"search_term_string"}}],"inLanguage":"fr-FR"},{"@type":"Organization","@id":"https:\/\/www.zytho.ca\/fr\/#organization","name":"Zytho","url":"https:\/\/www.zytho.ca\/fr\/","logo":{"@type":"ImageObject","inLanguage":"fr-FR","@id":"https:\/\/www.zytho.ca\/fr\/#\/schema\/logo\/image\/","url":"https:\/\/www.zytho.ca\/wp-content\/uploads\/2024\/05\/Zytho_reversed_horizontal.svg","contentUrl":"https:\/\/www.zytho.ca\/wp-content\/uploads\/2024\/05\/Zytho_reversed_horizontal.svg","width":1582,"height":490,"caption":"Zytho"},"image":{"@id":"https:\/\/www.zytho.ca\/fr\/#\/schema\/logo\/image\/"}}]}},"_links":{"self":[{"href":"https:\/\/www.zytho.ca\/fr\/wp-json\/wp\/v2\/product\/11487","targetHints":{"allow":["GET"]}}],"collection":[{"href":"https:\/\/www.zytho.ca\/fr\/wp-json\/wp\/v2\/product"}],"about":[{"href":"https:\/\/www.zytho.ca\/fr\/wp-json\/wp\/v2\/types\/product"}],"wp:featuredmedia":[{"embeddable":true,"href":"https:\/\/www.zytho.ca\/fr\/wp-json\/wp\/v2\/media\/11491"}],"wp:attachment":[{"href":"https:\/\/www.zytho.ca\/fr\/wp-json\/wp\/v2\/media?parent=11487"}],"wp:term":[{"taxonomy":"product_brand","embeddable":true,"href":"https:\/\/www.zytho.ca\/fr\/wp-json\/wp\/v2\/product_brand?post=11487"},{"taxonomy":"product_cat","embeddable":true,"href":"https:\/\/www.zytho.ca\/fr\/wp-json\/wp\/v2\/product_cat?post=11487"},{"taxonomy":"product_tag","embeddable":true,"href":"https:\/\/www.zytho.ca\/fr\/wp-json\/wp\/v2\/product_tag?post=11487"}],"curies":[{"name":"wp","href":"https:\/\/api.w.org\/{rel}","templated":true}]}}