{"id":11483,"date":"2025-10-27T15:50:24","date_gmt":"2025-10-27T15:50:24","guid":{"rendered":"https:\/\/zytho.ca\/product\/btg-topping-gun-dixon\/"},"modified":"2025-10-30T13:02:02","modified_gmt":"2025-10-30T13:02:02","slug":"btg-topping-gun-dixon","status":"publish","type":"product","link":"https:\/\/www.zytho.ca\/fr\/produit\/btg-topping-gun-dixon\/","title":{"rendered":"BTG Topping Gun &#8211; Dixon"},"content":{"rendered":"<h6><strong>Avantages :<\/strong><\/h6>\n<ul>\n<li>Garantit un contr\u00f4le pr\u00e9cis du d\u00e9bit gr\u00e2ce \u00e0 un m\u00e9canisme de poign\u00e9e \u00e0 pression facile \u00e0 utiliser.<\/li>\n<li>Fonction d&#8217;arr\u00eat fiable assur\u00e9e par une g\u00e2chette \u00e0 ressort<\/li>\n<li>Durable et r\u00e9sistant \u00e0 la corrosion, gr\u00e2ce \u00e0 sa construction compl\u00e8te en acier inoxydable 304<\/li>\n<li>Performances d&#8217;\u00e9tanch\u00e9it\u00e9 accrues gr\u00e2ce aux joints et garnitures en EPDM<\/li>\n<\/ul>\n<h6><strong>D\u00e9tails du produit :<\/strong><\/h6>\n<ul>\n<li>\u00c9quip\u00e9 d&#8217;une sortie de tube de 1\/2&#8243; de diam\u00e8tre ext\u00e9rieur pour un transfert efficace des fluides.<\/li>\n<li>Comprend une entr\u00e9e NPT femelle de 1\/2&#8243; pour des connexions s\u00fbres et polyvalentes.<\/li>\n<\/ul>\n","protected":false},"excerpt":{"rendered":"<h4>Am\u00e9liorez la pr\u00e9cision et la fiabilit\u00e9 de votre brassage avec le pistolet d&#8217;appoint BTG &#8211; Dixon.<\/h4>\n<ul>\n<li>Profitez d&#8217;une gestion pr\u00e9cise du d\u00e9bit gr\u00e2ce \u00e0 une poign\u00e9e ergonomique.<\/li>\n<li>B\u00e9n\u00e9ficiez d&#8217;une fermeture fiable gr\u00e2ce \u00e0 une g\u00e2chette \u00e0 ressort pour des performances constantes.<\/li>\n<li>Profitez d&#8217;une durabilit\u00e9 \u00e0 long terme et d&#8217;une r\u00e9sistance \u00e0 la corrosion gr\u00e2ce \u00e0 sa construction en acier inoxydable 304.<\/li>\n<\/ul>\n","protected":false},"featured_media":11485,"template":"","meta":{"_acf_changed":false,"inline_featured_image":false},"product_brand":[740],"product_cat":[736,741,742],"product_tag":[],"class_list":{"0":"post-11483","1":"product","2":"type-product","3":"status-publish","4":"has-post-thumbnail","6":"product_brand-dixon","7":"product_cat-distribution","8":"product_cat-materiel","9":"product_cat-outils-industriels","11":"first","12":"instock","13":"taxable","14":"shipping-taxable","15":"purchasable","16":"product-type-simple"},"acf":[],"yoast_head":"<!-- This site is optimized with the Yoast SEO plugin v27.6 - https:\/\/yoast.com\/product\/yoast-seo-wordpress\/ -->\n<title>BTG Topping Gun - Dixon- Pour Brasseries Pro | Zytho<\/title>\n<meta name=\"description\" content=\"D\u00e9couvrez le pistolet d&#039;appoint BTG de Dixon, con\u00e7u pour les brasseurs professionnels. Profitez d&#039;un contr\u00f4le pr\u00e9cis du d\u00e9bit, d&#039;une fermeture fiable et de la durabilit\u00e9 de la construction en acier inoxydable 304.\" \/>\n<meta name=\"robots\" content=\"index, follow, max-snippet:-1, max-image-preview:large, max-video-preview:-1\" \/>\n<link rel=\"canonical\" href=\"https:\/\/www.zytho.ca\/fr\/produit\/btg-topping-gun-dixon\/\" \/>\n<meta property=\"og:locale\" content=\"fr_FR\" \/>\n<meta property=\"og:type\" content=\"article\" \/>\n<meta property=\"og:title\" content=\"BTG Topping Gun - Dixon- Pour Brasseries Pro | Zytho\" \/>\n<meta property=\"og:description\" content=\"D\u00e9couvrez le pistolet d&#039;appoint BTG de Dixon, con\u00e7u pour les brasseurs professionnels. Profitez d&#039;un contr\u00f4le pr\u00e9cis du d\u00e9bit, d&#039;une fermeture fiable et de la durabilit\u00e9 de la construction en acier inoxydable 304.\" \/>\n<meta property=\"og:url\" content=\"https:\/\/www.zytho.ca\/fr\/produit\/btg-topping-gun-dixon\/\" \/>\n<meta property=\"og:site_name\" content=\"Zytho\" \/>\n<meta property=\"article:modified_time\" content=\"2025-10-30T13:02:02+00:00\" \/>\n<meta property=\"og:image\" content=\"https:\/\/www.zytho.ca\/wp-content\/uploads\/2025\/10\/BTG-Topping-Gun-Dixon.jpg\" \/>\n\t<meta property=\"og:image:width\" content=\"743\" \/>\n\t<meta property=\"og:image:height\" content=\"743\" \/>\n\t<meta property=\"og:image:type\" content=\"image\/jpeg\" \/>\n<meta name=\"twitter:card\" content=\"summary_large_image\" \/>\n<script type=\"application\/ld+json\" class=\"yoast-schema-graph\">{\"@context\":\"https:\\\/\\\/schema.org\",\"@graph\":[{\"@type\":\"WebPage\",\"@id\":\"https:\\\/\\\/www.zytho.ca\\\/fr\\\/produit\\\/btg-topping-gun-dixon\\\/\",\"url\":\"https:\\\/\\\/www.zytho.ca\\\/fr\\\/produit\\\/btg-topping-gun-dixon\\\/\",\"name\":\"BTG Topping Gun - Dixon- Pour Brasseries Pro | Zytho\",\"isPartOf\":{\"@id\":\"https:\\\/\\\/www.zytho.ca\\\/fr\\\/#website\"},\"primaryImageOfPage\":{\"@id\":\"https:\\\/\\\/www.zytho.ca\\\/fr\\\/produit\\\/btg-topping-gun-dixon\\\/#primaryimage\"},\"image\":{\"@id\":\"https:\\\/\\\/www.zytho.ca\\\/fr\\\/produit\\\/btg-topping-gun-dixon\\\/#primaryimage\"},\"thumbnailUrl\":\"https:\\\/\\\/www.zytho.ca\\\/wp-content\\\/uploads\\\/2025\\\/10\\\/BTG-Topping-Gun-Dixon.jpg\",\"datePublished\":\"2025-10-27T15:50:24+00:00\",\"dateModified\":\"2025-10-30T13:02:02+00:00\",\"description\":\"D\u00e9couvrez le pistolet d'appoint BTG de Dixon, con\u00e7u pour les brasseurs professionnels. Profitez d'un contr\u00f4le pr\u00e9cis du d\u00e9bit, d'une fermeture fiable et de la durabilit\u00e9 de la construction en acier inoxydable 304.\",\"breadcrumb\":{\"@id\":\"https:\\\/\\\/www.zytho.ca\\\/fr\\\/produit\\\/btg-topping-gun-dixon\\\/#breadcrumb\"},\"inLanguage\":\"fr-FR\",\"potentialAction\":[{\"@type\":\"ReadAction\",\"target\":[\"https:\\\/\\\/www.zytho.ca\\\/fr\\\/produit\\\/btg-topping-gun-dixon\\\/\"]}]},{\"@type\":\"ImageObject\",\"inLanguage\":\"fr-FR\",\"@id\":\"https:\\\/\\\/www.zytho.ca\\\/fr\\\/produit\\\/btg-topping-gun-dixon\\\/#primaryimage\",\"url\":\"https:\\\/\\\/www.zytho.ca\\\/wp-content\\\/uploads\\\/2025\\\/10\\\/BTG-Topping-Gun-Dixon.jpg\",\"contentUrl\":\"https:\\\/\\\/www.zytho.ca\\\/wp-content\\\/uploads\\\/2025\\\/10\\\/BTG-Topping-Gun-Dixon.jpg\",\"width\":743,\"height\":743},{\"@type\":\"BreadcrumbList\",\"@id\":\"https:\\\/\\\/www.zytho.ca\\\/fr\\\/produit\\\/btg-topping-gun-dixon\\\/#breadcrumb\",\"itemListElement\":[{\"@type\":\"ListItem\",\"position\":1,\"name\":\"Accueil\",\"item\":\"https:\\\/\\\/www.zytho.ca\\\/fr\\\/\"},{\"@type\":\"ListItem\",\"position\":2,\"name\":\"Shop\",\"item\":\"https:\\\/\\\/www.zytho.ca\\\/fr\\\/shop\\\/\"},{\"@type\":\"ListItem\",\"position\":3,\"name\":\"BTG Topping Gun &#8211; Dixon\"}]},{\"@type\":\"WebSite\",\"@id\":\"https:\\\/\\\/www.zytho.ca\\\/fr\\\/#website\",\"url\":\"https:\\\/\\\/www.zytho.ca\\\/fr\\\/\",\"name\":\"Zytho\",\"description\":\"\",\"publisher\":{\"@id\":\"https:\\\/\\\/www.zytho.ca\\\/fr\\\/#organization\"},\"potentialAction\":[{\"@type\":\"SearchAction\",\"target\":{\"@type\":\"EntryPoint\",\"urlTemplate\":\"https:\\\/\\\/www.zytho.ca\\\/fr\\\/?s={search_term_string}\"},\"query-input\":{\"@type\":\"PropertyValueSpecification\",\"valueRequired\":true,\"valueName\":\"search_term_string\"}}],\"inLanguage\":\"fr-FR\"},{\"@type\":\"Organization\",\"@id\":\"https:\\\/\\\/www.zytho.ca\\\/fr\\\/#organization\",\"name\":\"Zytho\",\"url\":\"https:\\\/\\\/www.zytho.ca\\\/fr\\\/\",\"logo\":{\"@type\":\"ImageObject\",\"inLanguage\":\"fr-FR\",\"@id\":\"https:\\\/\\\/www.zytho.ca\\\/fr\\\/#\\\/schema\\\/logo\\\/image\\\/\",\"url\":\"https:\\\/\\\/www.zytho.ca\\\/wp-content\\\/uploads\\\/2024\\\/05\\\/Zytho_reversed_horizontal.svg\",\"contentUrl\":\"https:\\\/\\\/www.zytho.ca\\\/wp-content\\\/uploads\\\/2024\\\/05\\\/Zytho_reversed_horizontal.svg\",\"width\":1582,\"height\":490,\"caption\":\"Zytho\"},\"image\":{\"@id\":\"https:\\\/\\\/www.zytho.ca\\\/fr\\\/#\\\/schema\\\/logo\\\/image\\\/\"}}]}<\/script>\n<!-- \/ Yoast SEO plugin. -->","yoast_head_json":{"title":"BTG Topping Gun - Dixon- Pour Brasseries Pro | Zytho","description":"D\u00e9couvrez le pistolet d'appoint BTG de Dixon, con\u00e7u pour les brasseurs professionnels. Profitez d'un contr\u00f4le pr\u00e9cis du d\u00e9bit, d'une fermeture fiable et de la durabilit\u00e9 de la construction en acier inoxydable 304.","robots":{"index":"index","follow":"follow","max-snippet":"max-snippet:-1","max-image-preview":"max-image-preview:large","max-video-preview":"max-video-preview:-1"},"canonical":"https:\/\/www.zytho.ca\/fr\/produit\/btg-topping-gun-dixon\/","og_locale":"fr_FR","og_type":"article","og_title":"BTG Topping Gun - Dixon- Pour Brasseries Pro | Zytho","og_description":"D\u00e9couvrez le pistolet d'appoint BTG de Dixon, con\u00e7u pour les brasseurs professionnels. Profitez d'un contr\u00f4le pr\u00e9cis du d\u00e9bit, d'une fermeture fiable et de la durabilit\u00e9 de la construction en acier inoxydable 304.","og_url":"https:\/\/www.zytho.ca\/fr\/produit\/btg-topping-gun-dixon\/","og_site_name":"Zytho","article_modified_time":"2025-10-30T13:02:02+00:00","og_image":[{"width":743,"height":743,"url":"https:\/\/www.zytho.ca\/wp-content\/uploads\/2025\/10\/BTG-Topping-Gun-Dixon.jpg","type":"image\/jpeg"}],"twitter_card":"summary_large_image","schema":{"@context":"https:\/\/schema.org","@graph":[{"@type":"WebPage","@id":"https:\/\/www.zytho.ca\/fr\/produit\/btg-topping-gun-dixon\/","url":"https:\/\/www.zytho.ca\/fr\/produit\/btg-topping-gun-dixon\/","name":"BTG Topping Gun - Dixon- Pour Brasseries Pro | Zytho","isPartOf":{"@id":"https:\/\/www.zytho.ca\/fr\/#website"},"primaryImageOfPage":{"@id":"https:\/\/www.zytho.ca\/fr\/produit\/btg-topping-gun-dixon\/#primaryimage"},"image":{"@id":"https:\/\/www.zytho.ca\/fr\/produit\/btg-topping-gun-dixon\/#primaryimage"},"thumbnailUrl":"https:\/\/www.zytho.ca\/wp-content\/uploads\/2025\/10\/BTG-Topping-Gun-Dixon.jpg","datePublished":"2025-10-27T15:50:24+00:00","dateModified":"2025-10-30T13:02:02+00:00","description":"D\u00e9couvrez le pistolet d'appoint BTG de Dixon, con\u00e7u pour les brasseurs professionnels. Profitez d'un contr\u00f4le pr\u00e9cis du d\u00e9bit, d'une fermeture fiable et de la durabilit\u00e9 de la construction en acier inoxydable 304.","breadcrumb":{"@id":"https:\/\/www.zytho.ca\/fr\/produit\/btg-topping-gun-dixon\/#breadcrumb"},"inLanguage":"fr-FR","potentialAction":[{"@type":"ReadAction","target":["https:\/\/www.zytho.ca\/fr\/produit\/btg-topping-gun-dixon\/"]}]},{"@type":"ImageObject","inLanguage":"fr-FR","@id":"https:\/\/www.zytho.ca\/fr\/produit\/btg-topping-gun-dixon\/#primaryimage","url":"https:\/\/www.zytho.ca\/wp-content\/uploads\/2025\/10\/BTG-Topping-Gun-Dixon.jpg","contentUrl":"https:\/\/www.zytho.ca\/wp-content\/uploads\/2025\/10\/BTG-Topping-Gun-Dixon.jpg","width":743,"height":743},{"@type":"BreadcrumbList","@id":"https:\/\/www.zytho.ca\/fr\/produit\/btg-topping-gun-dixon\/#breadcrumb","itemListElement":[{"@type":"ListItem","position":1,"name":"Accueil","item":"https:\/\/www.zytho.ca\/fr\/"},{"@type":"ListItem","position":2,"name":"Shop","item":"https:\/\/www.zytho.ca\/fr\/shop\/"},{"@type":"ListItem","position":3,"name":"BTG Topping Gun &#8211; Dixon"}]},{"@type":"WebSite","@id":"https:\/\/www.zytho.ca\/fr\/#website","url":"https:\/\/www.zytho.ca\/fr\/","name":"Zytho","description":"","publisher":{"@id":"https:\/\/www.zytho.ca\/fr\/#organization"},"potentialAction":[{"@type":"SearchAction","target":{"@type":"EntryPoint","urlTemplate":"https:\/\/www.zytho.ca\/fr\/?s={search_term_string}"},"query-input":{"@type":"PropertyValueSpecification","valueRequired":true,"valueName":"search_term_string"}}],"inLanguage":"fr-FR"},{"@type":"Organization","@id":"https:\/\/www.zytho.ca\/fr\/#organization","name":"Zytho","url":"https:\/\/www.zytho.ca\/fr\/","logo":{"@type":"ImageObject","inLanguage":"fr-FR","@id":"https:\/\/www.zytho.ca\/fr\/#\/schema\/logo\/image\/","url":"https:\/\/www.zytho.ca\/wp-content\/uploads\/2024\/05\/Zytho_reversed_horizontal.svg","contentUrl":"https:\/\/www.zytho.ca\/wp-content\/uploads\/2024\/05\/Zytho_reversed_horizontal.svg","width":1582,"height":490,"caption":"Zytho"},"image":{"@id":"https:\/\/www.zytho.ca\/fr\/#\/schema\/logo\/image\/"}}]}},"_links":{"self":[{"href":"https:\/\/www.zytho.ca\/fr\/wp-json\/wp\/v2\/product\/11483","targetHints":{"allow":["GET"]}}],"collection":[{"href":"https:\/\/www.zytho.ca\/fr\/wp-json\/wp\/v2\/product"}],"about":[{"href":"https:\/\/www.zytho.ca\/fr\/wp-json\/wp\/v2\/types\/product"}],"wp:featuredmedia":[{"embeddable":true,"href":"https:\/\/www.zytho.ca\/fr\/wp-json\/wp\/v2\/media\/11485"}],"wp:attachment":[{"href":"https:\/\/www.zytho.ca\/fr\/wp-json\/wp\/v2\/media?parent=11483"}],"wp:term":[{"taxonomy":"product_brand","embeddable":true,"href":"https:\/\/www.zytho.ca\/fr\/wp-json\/wp\/v2\/product_brand?post=11483"},{"taxonomy":"product_cat","embeddable":true,"href":"https:\/\/www.zytho.ca\/fr\/wp-json\/wp\/v2\/product_cat?post=11483"},{"taxonomy":"product_tag","embeddable":true,"href":"https:\/\/www.zytho.ca\/fr\/wp-json\/wp\/v2\/product_tag?post=11483"}],"curies":[{"name":"wp","href":"https:\/\/api.w.org\/{rel}","templated":true}]}}