{"id":11445,"date":"2025-10-27T15:50:56","date_gmt":"2025-10-27T15:50:56","guid":{"rendered":"https:\/\/zytho.ca\/product\/rallonge-pour-pistolet-a-air-comprime-dixon\/"},"modified":"2025-10-27T15:50:56","modified_gmt":"2025-10-27T15:50:56","slug":"rallonge-pour-pistolet-a-air-comprime-dixon","status":"publish","type":"product","link":"https:\/\/www.zytho.ca\/fr\/produit\/rallonge-pour-pistolet-a-air-comprime-dixon\/","title":{"rendered":"Rallonge pour pistolet \u00e0 air comprim\u00e9 &#8211; Dixon"},"content":{"rendered":"<h6><strong>Avantages<\/strong><\/h6>\n<ul>\n<li>Facilite l&#8217;accessibilit\u00e9 pour les t\u00e2ches de soufflage dans les endroits \u00e9lev\u00e9s ou difficiles.<\/li>\n<li>Compatible avec toutes les sarbacanes \u00e0 levier Dixon Air Chief et la plupart des sarbacanes d&#8217;autres fabricants.<\/li>\n<\/ul>\n<h6><strong>D\u00e9tails du produit<\/strong><\/h6>\n<ul>\n<li>Elle est compos\u00e9e d&#8217;une base en laiton durable et d&#8217;un tube d&#8217;extension en acier robuste, tous deux dot\u00e9s d&#8217;une finition nickel\u00e9e.<\/li>\n<li>\u00c9quip\u00e9 de raccords NPT m\u00e2les \u0192 ??&#8221; pour une int\u00e9gration parfaite.<\/li>\n<\/ul>\n","protected":false},"excerpt":{"rendered":"<h4>Am\u00e9liorez votre processus de brassage avec la rallonge de pistolet \u00e0 air comprim\u00e9 &#8211; Dixon, con\u00e7ue pour l&#8217;efficacit\u00e9 et la polyvalence.<\/h4>\n<ul>\n<li>Atteignez les zones hautes ou difficiles sans effort, pour un nettoyage et un entretien en profondeur.<\/li>\n<li>Compatible avec une large gamme de sarbacanes, offrant une grande flexibilit\u00e9 dans votre installation de brassage.<\/li>\n<li>La construction durable avec une finition nickel\u00e9e garantit la long\u00e9vit\u00e9 et la fiabilit\u00e9 dans les environnements de brassage exigeants.<\/li>\n<\/ul>\n","protected":false},"featured_media":11453,"template":"","meta":{"_acf_changed":false,"inline_featured_image":false},"product_brand":[740],"product_cat":[736,810,741],"product_tag":[],"class_list":{"0":"post-11445","1":"product","2":"type-product","3":"status-publish","4":"has-post-thumbnail","6":"product_brand-dixon","7":"product_cat-distribution","8":"product_cat-entreprises-et-industrie","9":"product_cat-materiel","11":"first","12":"instock","13":"taxable","14":"shipping-taxable","15":"purchasable","16":"product-type-variable"},"acf":[],"yoast_head":"<!-- This site is optimized with the Yoast SEO plugin v27.6 - https:\/\/yoast.com\/product\/yoast-seo-wordpress\/ -->\n<title>Blow Gun Extension - Dixon - Pour brasseries professionnelles | Zytho<\/title>\n<meta name=\"description\" content=\"Am\u00e9liorez les op\u00e9rations de brassage avec la rallonge de soufflette de Dixon. Atteignez les zones \u00e9lev\u00e9es sans effort gr\u00e2ce \u00e0 une construction durable en laiton nickel\u00e9 et en acier. Compatible avec la plupart des sarbacanes.\" \/>\n<meta name=\"robots\" content=\"index, follow, max-snippet:-1, max-image-preview:large, max-video-preview:-1\" \/>\n<link rel=\"canonical\" href=\"https:\/\/www.zytho.ca\/fr\/produit\/rallonge-pour-pistolet-a-air-comprime-dixon\/\" \/>\n<meta property=\"og:locale\" content=\"fr_FR\" \/>\n<meta property=\"og:type\" content=\"article\" \/>\n<meta property=\"og:title\" content=\"Blow Gun Extension - Dixon - Pour brasseries professionnelles | Zytho\" \/>\n<meta property=\"og:description\" content=\"Am\u00e9liorez les op\u00e9rations de brassage avec la rallonge de soufflette de Dixon. Atteignez les zones \u00e9lev\u00e9es sans effort gr\u00e2ce \u00e0 une construction durable en laiton nickel\u00e9 et en acier. Compatible avec la plupart des sarbacanes.\" \/>\n<meta property=\"og:url\" content=\"https:\/\/www.zytho.ca\/fr\/produit\/rallonge-pour-pistolet-a-air-comprime-dixon\/\" \/>\n<meta property=\"og:site_name\" content=\"Zytho\" \/>\n<meta property=\"og:image\" content=\"https:\/\/www.zytho.ca\/wp-content\/uploads\/2025\/10\/Blow-Gun-Extension-Dixon.jpg\" \/>\n\t<meta property=\"og:image:width\" content=\"800\" \/>\n\t<meta property=\"og:image:height\" content=\"800\" \/>\n\t<meta property=\"og:image:type\" content=\"image\/jpeg\" \/>\n<meta name=\"twitter:card\" content=\"summary_large_image\" \/>\n<script type=\"application\/ld+json\" class=\"yoast-schema-graph\">{\"@context\":\"https:\\\/\\\/schema.org\",\"@graph\":[{\"@type\":\"WebPage\",\"@id\":\"https:\\\/\\\/www.zytho.ca\\\/fr\\\/produit\\\/rallonge-pour-pistolet-a-air-comprime-dixon\\\/\",\"url\":\"https:\\\/\\\/www.zytho.ca\\\/fr\\\/produit\\\/rallonge-pour-pistolet-a-air-comprime-dixon\\\/\",\"name\":\"Blow Gun Extension - Dixon - Pour brasseries professionnelles | Zytho\",\"isPartOf\":{\"@id\":\"https:\\\/\\\/www.zytho.ca\\\/fr\\\/#website\"},\"primaryImageOfPage\":{\"@id\":\"https:\\\/\\\/www.zytho.ca\\\/fr\\\/produit\\\/rallonge-pour-pistolet-a-air-comprime-dixon\\\/#primaryimage\"},\"image\":{\"@id\":\"https:\\\/\\\/www.zytho.ca\\\/fr\\\/produit\\\/rallonge-pour-pistolet-a-air-comprime-dixon\\\/#primaryimage\"},\"thumbnailUrl\":\"https:\\\/\\\/www.zytho.ca\\\/wp-content\\\/uploads\\\/2025\\\/10\\\/Blow-Gun-Extension-Dixon.jpg\",\"datePublished\":\"2025-10-27T15:50:56+00:00\",\"description\":\"Am\u00e9liorez les op\u00e9rations de brassage avec la rallonge de soufflette de Dixon. Atteignez les zones \u00e9lev\u00e9es sans effort gr\u00e2ce \u00e0 une construction durable en laiton nickel\u00e9 et en acier. Compatible avec la plupart des sarbacanes.\",\"breadcrumb\":{\"@id\":\"https:\\\/\\\/www.zytho.ca\\\/fr\\\/produit\\\/rallonge-pour-pistolet-a-air-comprime-dixon\\\/#breadcrumb\"},\"inLanguage\":\"fr-FR\",\"potentialAction\":[{\"@type\":\"ReadAction\",\"target\":[\"https:\\\/\\\/www.zytho.ca\\\/fr\\\/produit\\\/rallonge-pour-pistolet-a-air-comprime-dixon\\\/\"]}]},{\"@type\":\"ImageObject\",\"inLanguage\":\"fr-FR\",\"@id\":\"https:\\\/\\\/www.zytho.ca\\\/fr\\\/produit\\\/rallonge-pour-pistolet-a-air-comprime-dixon\\\/#primaryimage\",\"url\":\"https:\\\/\\\/www.zytho.ca\\\/wp-content\\\/uploads\\\/2025\\\/10\\\/Blow-Gun-Extension-Dixon.jpg\",\"contentUrl\":\"https:\\\/\\\/www.zytho.ca\\\/wp-content\\\/uploads\\\/2025\\\/10\\\/Blow-Gun-Extension-Dixon.jpg\",\"width\":800,\"height\":800},{\"@type\":\"BreadcrumbList\",\"@id\":\"https:\\\/\\\/www.zytho.ca\\\/fr\\\/produit\\\/rallonge-pour-pistolet-a-air-comprime-dixon\\\/#breadcrumb\",\"itemListElement\":[{\"@type\":\"ListItem\",\"position\":1,\"name\":\"Accueil\",\"item\":\"https:\\\/\\\/www.zytho.ca\\\/fr\\\/\"},{\"@type\":\"ListItem\",\"position\":2,\"name\":\"Shop\",\"item\":\"https:\\\/\\\/www.zytho.ca\\\/fr\\\/shop\\\/\"},{\"@type\":\"ListItem\",\"position\":3,\"name\":\"Rallonge pour pistolet \u00e0 air comprim\u00e9 &#8211; Dixon\"}]},{\"@type\":\"WebSite\",\"@id\":\"https:\\\/\\\/www.zytho.ca\\\/fr\\\/#website\",\"url\":\"https:\\\/\\\/www.zytho.ca\\\/fr\\\/\",\"name\":\"Zytho\",\"description\":\"\",\"publisher\":{\"@id\":\"https:\\\/\\\/www.zytho.ca\\\/fr\\\/#organization\"},\"potentialAction\":[{\"@type\":\"SearchAction\",\"target\":{\"@type\":\"EntryPoint\",\"urlTemplate\":\"https:\\\/\\\/www.zytho.ca\\\/fr\\\/?s={search_term_string}\"},\"query-input\":{\"@type\":\"PropertyValueSpecification\",\"valueRequired\":true,\"valueName\":\"search_term_string\"}}],\"inLanguage\":\"fr-FR\"},{\"@type\":\"Organization\",\"@id\":\"https:\\\/\\\/www.zytho.ca\\\/fr\\\/#organization\",\"name\":\"Zytho\",\"url\":\"https:\\\/\\\/www.zytho.ca\\\/fr\\\/\",\"logo\":{\"@type\":\"ImageObject\",\"inLanguage\":\"fr-FR\",\"@id\":\"https:\\\/\\\/www.zytho.ca\\\/fr\\\/#\\\/schema\\\/logo\\\/image\\\/\",\"url\":\"https:\\\/\\\/www.zytho.ca\\\/wp-content\\\/uploads\\\/2024\\\/05\\\/Zytho_reversed_horizontal.svg\",\"contentUrl\":\"https:\\\/\\\/www.zytho.ca\\\/wp-content\\\/uploads\\\/2024\\\/05\\\/Zytho_reversed_horizontal.svg\",\"width\":1582,\"height\":490,\"caption\":\"Zytho\"},\"image\":{\"@id\":\"https:\\\/\\\/www.zytho.ca\\\/fr\\\/#\\\/schema\\\/logo\\\/image\\\/\"}}]}<\/script>\n<!-- \/ Yoast SEO plugin. -->","yoast_head_json":{"title":"Blow Gun Extension - Dixon - Pour brasseries professionnelles | Zytho","description":"Am\u00e9liorez les op\u00e9rations de brassage avec la rallonge de soufflette de Dixon. Atteignez les zones \u00e9lev\u00e9es sans effort gr\u00e2ce \u00e0 une construction durable en laiton nickel\u00e9 et en acier. Compatible avec la plupart des sarbacanes.","robots":{"index":"index","follow":"follow","max-snippet":"max-snippet:-1","max-image-preview":"max-image-preview:large","max-video-preview":"max-video-preview:-1"},"canonical":"https:\/\/www.zytho.ca\/fr\/produit\/rallonge-pour-pistolet-a-air-comprime-dixon\/","og_locale":"fr_FR","og_type":"article","og_title":"Blow Gun Extension - Dixon - Pour brasseries professionnelles | Zytho","og_description":"Am\u00e9liorez les op\u00e9rations de brassage avec la rallonge de soufflette de Dixon. Atteignez les zones \u00e9lev\u00e9es sans effort gr\u00e2ce \u00e0 une construction durable en laiton nickel\u00e9 et en acier. Compatible avec la plupart des sarbacanes.","og_url":"https:\/\/www.zytho.ca\/fr\/produit\/rallonge-pour-pistolet-a-air-comprime-dixon\/","og_site_name":"Zytho","og_image":[{"width":800,"height":800,"url":"https:\/\/www.zytho.ca\/wp-content\/uploads\/2025\/10\/Blow-Gun-Extension-Dixon.jpg","type":"image\/jpeg"}],"twitter_card":"summary_large_image","schema":{"@context":"https:\/\/schema.org","@graph":[{"@type":"WebPage","@id":"https:\/\/www.zytho.ca\/fr\/produit\/rallonge-pour-pistolet-a-air-comprime-dixon\/","url":"https:\/\/www.zytho.ca\/fr\/produit\/rallonge-pour-pistolet-a-air-comprime-dixon\/","name":"Blow Gun Extension - Dixon - Pour brasseries professionnelles | Zytho","isPartOf":{"@id":"https:\/\/www.zytho.ca\/fr\/#website"},"primaryImageOfPage":{"@id":"https:\/\/www.zytho.ca\/fr\/produit\/rallonge-pour-pistolet-a-air-comprime-dixon\/#primaryimage"},"image":{"@id":"https:\/\/www.zytho.ca\/fr\/produit\/rallonge-pour-pistolet-a-air-comprime-dixon\/#primaryimage"},"thumbnailUrl":"https:\/\/www.zytho.ca\/wp-content\/uploads\/2025\/10\/Blow-Gun-Extension-Dixon.jpg","datePublished":"2025-10-27T15:50:56+00:00","description":"Am\u00e9liorez les op\u00e9rations de brassage avec la rallonge de soufflette de Dixon. Atteignez les zones \u00e9lev\u00e9es sans effort gr\u00e2ce \u00e0 une construction durable en laiton nickel\u00e9 et en acier. Compatible avec la plupart des sarbacanes.","breadcrumb":{"@id":"https:\/\/www.zytho.ca\/fr\/produit\/rallonge-pour-pistolet-a-air-comprime-dixon\/#breadcrumb"},"inLanguage":"fr-FR","potentialAction":[{"@type":"ReadAction","target":["https:\/\/www.zytho.ca\/fr\/produit\/rallonge-pour-pistolet-a-air-comprime-dixon\/"]}]},{"@type":"ImageObject","inLanguage":"fr-FR","@id":"https:\/\/www.zytho.ca\/fr\/produit\/rallonge-pour-pistolet-a-air-comprime-dixon\/#primaryimage","url":"https:\/\/www.zytho.ca\/wp-content\/uploads\/2025\/10\/Blow-Gun-Extension-Dixon.jpg","contentUrl":"https:\/\/www.zytho.ca\/wp-content\/uploads\/2025\/10\/Blow-Gun-Extension-Dixon.jpg","width":800,"height":800},{"@type":"BreadcrumbList","@id":"https:\/\/www.zytho.ca\/fr\/produit\/rallonge-pour-pistolet-a-air-comprime-dixon\/#breadcrumb","itemListElement":[{"@type":"ListItem","position":1,"name":"Accueil","item":"https:\/\/www.zytho.ca\/fr\/"},{"@type":"ListItem","position":2,"name":"Shop","item":"https:\/\/www.zytho.ca\/fr\/shop\/"},{"@type":"ListItem","position":3,"name":"Rallonge pour pistolet \u00e0 air comprim\u00e9 &#8211; Dixon"}]},{"@type":"WebSite","@id":"https:\/\/www.zytho.ca\/fr\/#website","url":"https:\/\/www.zytho.ca\/fr\/","name":"Zytho","description":"","publisher":{"@id":"https:\/\/www.zytho.ca\/fr\/#organization"},"potentialAction":[{"@type":"SearchAction","target":{"@type":"EntryPoint","urlTemplate":"https:\/\/www.zytho.ca\/fr\/?s={search_term_string}"},"query-input":{"@type":"PropertyValueSpecification","valueRequired":true,"valueName":"search_term_string"}}],"inLanguage":"fr-FR"},{"@type":"Organization","@id":"https:\/\/www.zytho.ca\/fr\/#organization","name":"Zytho","url":"https:\/\/www.zytho.ca\/fr\/","logo":{"@type":"ImageObject","inLanguage":"fr-FR","@id":"https:\/\/www.zytho.ca\/fr\/#\/schema\/logo\/image\/","url":"https:\/\/www.zytho.ca\/wp-content\/uploads\/2024\/05\/Zytho_reversed_horizontal.svg","contentUrl":"https:\/\/www.zytho.ca\/wp-content\/uploads\/2024\/05\/Zytho_reversed_horizontal.svg","width":1582,"height":490,"caption":"Zytho"},"image":{"@id":"https:\/\/www.zytho.ca\/fr\/#\/schema\/logo\/image\/"}}]}},"_links":{"self":[{"href":"https:\/\/www.zytho.ca\/fr\/wp-json\/wp\/v2\/product\/11445","targetHints":{"allow":["GET"]}}],"collection":[{"href":"https:\/\/www.zytho.ca\/fr\/wp-json\/wp\/v2\/product"}],"about":[{"href":"https:\/\/www.zytho.ca\/fr\/wp-json\/wp\/v2\/types\/product"}],"wp:featuredmedia":[{"embeddable":true,"href":"https:\/\/www.zytho.ca\/fr\/wp-json\/wp\/v2\/media\/11453"}],"wp:attachment":[{"href":"https:\/\/www.zytho.ca\/fr\/wp-json\/wp\/v2\/media?parent=11445"}],"wp:term":[{"taxonomy":"product_brand","embeddable":true,"href":"https:\/\/www.zytho.ca\/fr\/wp-json\/wp\/v2\/product_brand?post=11445"},{"taxonomy":"product_cat","embeddable":true,"href":"https:\/\/www.zytho.ca\/fr\/wp-json\/wp\/v2\/product_cat?post=11445"},{"taxonomy":"product_tag","embeddable":true,"href":"https:\/\/www.zytho.ca\/fr\/wp-json\/wp\/v2\/product_tag?post=11445"}],"curies":[{"name":"wp","href":"https:\/\/api.w.org\/{rel}","templated":true}]}}