{"id":11430,"date":"2025-10-27T15:50:44","date_gmt":"2025-10-27T15:50:44","guid":{"rendered":"https:\/\/zytho.ca\/product\/coupleur-a-rupture-sanitaire-dixon\/"},"modified":"2025-10-27T15:50:44","modified_gmt":"2025-10-27T15:50:44","slug":"coupleur-a-rupture-sanitaire-dixon","status":"publish","type":"product","link":"https:\/\/www.zytho.ca\/fr\/produit\/coupleur-a-rupture-sanitaire-dixon\/","title":{"rendered":"Coupleur \u00e0 rupture sanitaire &#8211; Dixon"},"content":{"rendered":"<h6><strong>Avantages<\/strong><\/h6>\n<ul>\n<li>Con\u00e7ue pour att\u00e9nuer les dommages caus\u00e9s par les incidents li\u00e9s \u00e0 l&#8217;arrachement et \u00e0 l&#8217;\u00e9loignement.<\/li>\n<\/ul>\n<h6><strong>Application<\/strong><\/h6>\n<ul>\n<li>S&#8217;int\u00e8gre parfaitement entre un point fixe et un tuyau d&#8217;arrosage<\/li>\n<li>Garantit la s\u00e9curit\u00e9 en se d\u00e9sengageant en cas de charge excessive<\/li>\n<li>Disponible en diff\u00e9rentes tailles et types de connexion pour r\u00e9pondre \u00e0 des besoins sp\u00e9cifiques<\/li>\n<li>Certifi\u00e9 par 3A pour les processus de nettoyage en place (CIP)<\/li>\n<li>Boulons \u00e0 charge de rupture standard de 13kN, avec d&#8217;autres options de charge de rupture disponibles<\/li>\n<\/ul>\n<h6><strong>Mat\u00e9riaux<\/strong><\/h6>\n<p>&#8211; Construit en acier inoxydable 316, poli selon une finition standard 32Ra, 3A<br data-mce-fragment=\"1\">&#8211; Joint de collier EPDM standard, avec mat\u00e9riaux optionnels disponibles<\/p>\n<h6><strong>D\u00e9tails du produit<\/strong><\/h6>\n<p>&#8211; Pression op\u00e9rationnelle : <strong>350 PSI \u00e0 21\u00b0C (70\u00b0F)<\/strong><\/p>\n","protected":false},"excerpt":{"rendered":"<h4>Principaux avantages du raccord \u00e0 rupture sanitaire pour les brasseurs professionnels<\/h4>\n<ul>\n<li>Pr\u00e9vient les dommages co\u00fbteux \u00e0 l&#8217;\u00e9quipement en se d\u00e9sengageant en toute s\u00e9curit\u00e9 en cas d&#8217;incident de traction.<\/li>\n<li>Garantit une int\u00e9gration transparente et une s\u00e9curit\u00e9 accrue gr\u00e2ce \u00e0 des tailles et des types de connexion personnalisables.<\/li>\n<li>Fabriqu\u00e9 en acier inoxydable 316 de haute qualit\u00e9, il r\u00e9pond aux normes 3A pour les processus de nettoyage en place.<\/li>\n<\/ul>\n","protected":false},"featured_media":11431,"template":"","meta":{"_acf_changed":false,"inline_featured_image":false},"product_brand":[740],"product_cat":[736,741,765],"product_tag":[],"class_list":{"0":"post-11430","1":"product","2":"type-product","3":"status-publish","4":"has-post-thumbnail","6":"product_brand-dixon","7":"product_cat-distribution","8":"product_cat-materiel","9":"product_cat-raccords-sanitaires","11":"first","12":"instock","13":"taxable","14":"shipping-taxable","15":"purchasable","16":"product-type-variable"},"acf":[],"yoast_head":"<!-- This site is optimized with the Yoast SEO plugin v27.6 - https:\/\/yoast.com\/product\/yoast-seo-wordpress\/ -->\n<title>Raccord sanitaire \u00e0 rupture - Dixon - Pour brasseries pro | Zytho<\/title>\n<meta name=\"description\" content=\"D\u00e9couvrez le raccord \u00e0 rupture sanitaire de Dixon, con\u00e7u pour la s\u00e9curit\u00e9 des brasseries. Pr\u00e9venez les incidents d&#039;arrachement gr\u00e2ce \u00e0 une construction en acier inoxydable 316, une certification CIP 3A et des options personnalisables.\" \/>\n<meta name=\"robots\" content=\"index, follow, max-snippet:-1, max-image-preview:large, max-video-preview:-1\" \/>\n<link rel=\"canonical\" href=\"https:\/\/www.zytho.ca\/fr\/produit\/coupleur-a-rupture-sanitaire-dixon\/\" \/>\n<meta property=\"og:locale\" content=\"fr_FR\" \/>\n<meta property=\"og:type\" content=\"article\" \/>\n<meta property=\"og:title\" content=\"Raccord sanitaire \u00e0 rupture - Dixon - Pour brasseries pro | Zytho\" \/>\n<meta property=\"og:description\" content=\"D\u00e9couvrez le raccord \u00e0 rupture sanitaire de Dixon, con\u00e7u pour la s\u00e9curit\u00e9 des brasseries. Pr\u00e9venez les incidents d&#039;arrachement gr\u00e2ce \u00e0 une construction en acier inoxydable 316, une certification CIP 3A et des options personnalisables.\" \/>\n<meta property=\"og:url\" content=\"https:\/\/www.zytho.ca\/fr\/produit\/coupleur-a-rupture-sanitaire-dixon\/\" \/>\n<meta property=\"og:site_name\" content=\"Zytho\" \/>\n<meta property=\"og:image\" content=\"https:\/\/www.zytho.ca\/wp-content\/uploads\/2025\/10\/Sanitary-Breakaway-Coupling-Dixon.jpg\" \/>\n\t<meta property=\"og:image:width\" content=\"570\" \/>\n\t<meta property=\"og:image:height\" content=\"570\" \/>\n\t<meta property=\"og:image:type\" content=\"image\/jpeg\" \/>\n<meta name=\"twitter:card\" content=\"summary_large_image\" \/>\n<meta name=\"twitter:label1\" content=\"Dur\u00e9e de lecture estim\u00e9e\" \/>\n\t<meta name=\"twitter:data1\" content=\"1 minute\" \/>\n<script type=\"application\/ld+json\" class=\"yoast-schema-graph\">{\"@context\":\"https:\\\/\\\/schema.org\",\"@graph\":[{\"@type\":\"WebPage\",\"@id\":\"https:\\\/\\\/www.zytho.ca\\\/fr\\\/produit\\\/coupleur-a-rupture-sanitaire-dixon\\\/\",\"url\":\"https:\\\/\\\/www.zytho.ca\\\/fr\\\/produit\\\/coupleur-a-rupture-sanitaire-dixon\\\/\",\"name\":\"Raccord sanitaire \u00e0 rupture - Dixon - Pour brasseries pro | Zytho\",\"isPartOf\":{\"@id\":\"https:\\\/\\\/www.zytho.ca\\\/fr\\\/#website\"},\"primaryImageOfPage\":{\"@id\":\"https:\\\/\\\/www.zytho.ca\\\/fr\\\/produit\\\/coupleur-a-rupture-sanitaire-dixon\\\/#primaryimage\"},\"image\":{\"@id\":\"https:\\\/\\\/www.zytho.ca\\\/fr\\\/produit\\\/coupleur-a-rupture-sanitaire-dixon\\\/#primaryimage\"},\"thumbnailUrl\":\"https:\\\/\\\/www.zytho.ca\\\/wp-content\\\/uploads\\\/2025\\\/10\\\/Sanitary-Breakaway-Coupling-Dixon.jpg\",\"datePublished\":\"2025-10-27T15:50:44+00:00\",\"description\":\"D\u00e9couvrez le raccord \u00e0 rupture sanitaire de Dixon, con\u00e7u pour la s\u00e9curit\u00e9 des brasseries. Pr\u00e9venez les incidents d'arrachement gr\u00e2ce \u00e0 une construction en acier inoxydable 316, une certification CIP 3A et des options personnalisables.\",\"breadcrumb\":{\"@id\":\"https:\\\/\\\/www.zytho.ca\\\/fr\\\/produit\\\/coupleur-a-rupture-sanitaire-dixon\\\/#breadcrumb\"},\"inLanguage\":\"fr-FR\",\"potentialAction\":[{\"@type\":\"ReadAction\",\"target\":[\"https:\\\/\\\/www.zytho.ca\\\/fr\\\/produit\\\/coupleur-a-rupture-sanitaire-dixon\\\/\"]}]},{\"@type\":\"ImageObject\",\"inLanguage\":\"fr-FR\",\"@id\":\"https:\\\/\\\/www.zytho.ca\\\/fr\\\/produit\\\/coupleur-a-rupture-sanitaire-dixon\\\/#primaryimage\",\"url\":\"https:\\\/\\\/www.zytho.ca\\\/wp-content\\\/uploads\\\/2025\\\/10\\\/Sanitary-Breakaway-Coupling-Dixon.jpg\",\"contentUrl\":\"https:\\\/\\\/www.zytho.ca\\\/wp-content\\\/uploads\\\/2025\\\/10\\\/Sanitary-Breakaway-Coupling-Dixon.jpg\",\"width\":570,\"height\":570},{\"@type\":\"BreadcrumbList\",\"@id\":\"https:\\\/\\\/www.zytho.ca\\\/fr\\\/produit\\\/coupleur-a-rupture-sanitaire-dixon\\\/#breadcrumb\",\"itemListElement\":[{\"@type\":\"ListItem\",\"position\":1,\"name\":\"Accueil\",\"item\":\"https:\\\/\\\/www.zytho.ca\\\/fr\\\/\"},{\"@type\":\"ListItem\",\"position\":2,\"name\":\"Shop\",\"item\":\"https:\\\/\\\/www.zytho.ca\\\/fr\\\/shop\\\/\"},{\"@type\":\"ListItem\",\"position\":3,\"name\":\"Coupleur \u00e0 rupture sanitaire &#8211; Dixon\"}]},{\"@type\":\"WebSite\",\"@id\":\"https:\\\/\\\/www.zytho.ca\\\/fr\\\/#website\",\"url\":\"https:\\\/\\\/www.zytho.ca\\\/fr\\\/\",\"name\":\"Zytho\",\"description\":\"\",\"publisher\":{\"@id\":\"https:\\\/\\\/www.zytho.ca\\\/fr\\\/#organization\"},\"potentialAction\":[{\"@type\":\"SearchAction\",\"target\":{\"@type\":\"EntryPoint\",\"urlTemplate\":\"https:\\\/\\\/www.zytho.ca\\\/fr\\\/?s={search_term_string}\"},\"query-input\":{\"@type\":\"PropertyValueSpecification\",\"valueRequired\":true,\"valueName\":\"search_term_string\"}}],\"inLanguage\":\"fr-FR\"},{\"@type\":\"Organization\",\"@id\":\"https:\\\/\\\/www.zytho.ca\\\/fr\\\/#organization\",\"name\":\"Zytho\",\"url\":\"https:\\\/\\\/www.zytho.ca\\\/fr\\\/\",\"logo\":{\"@type\":\"ImageObject\",\"inLanguage\":\"fr-FR\",\"@id\":\"https:\\\/\\\/www.zytho.ca\\\/fr\\\/#\\\/schema\\\/logo\\\/image\\\/\",\"url\":\"https:\\\/\\\/www.zytho.ca\\\/wp-content\\\/uploads\\\/2024\\\/05\\\/Zytho_reversed_horizontal.svg\",\"contentUrl\":\"https:\\\/\\\/www.zytho.ca\\\/wp-content\\\/uploads\\\/2024\\\/05\\\/Zytho_reversed_horizontal.svg\",\"width\":1582,\"height\":490,\"caption\":\"Zytho\"},\"image\":{\"@id\":\"https:\\\/\\\/www.zytho.ca\\\/fr\\\/#\\\/schema\\\/logo\\\/image\\\/\"}}]}<\/script>\n<!-- \/ Yoast SEO plugin. -->","yoast_head_json":{"title":"Raccord sanitaire \u00e0 rupture - Dixon - Pour brasseries pro | Zytho","description":"D\u00e9couvrez le raccord \u00e0 rupture sanitaire de Dixon, con\u00e7u pour la s\u00e9curit\u00e9 des brasseries. Pr\u00e9venez les incidents d'arrachement gr\u00e2ce \u00e0 une construction en acier inoxydable 316, une certification CIP 3A et des options personnalisables.","robots":{"index":"index","follow":"follow","max-snippet":"max-snippet:-1","max-image-preview":"max-image-preview:large","max-video-preview":"max-video-preview:-1"},"canonical":"https:\/\/www.zytho.ca\/fr\/produit\/coupleur-a-rupture-sanitaire-dixon\/","og_locale":"fr_FR","og_type":"article","og_title":"Raccord sanitaire \u00e0 rupture - Dixon - Pour brasseries pro | Zytho","og_description":"D\u00e9couvrez le raccord \u00e0 rupture sanitaire de Dixon, con\u00e7u pour la s\u00e9curit\u00e9 des brasseries. Pr\u00e9venez les incidents d'arrachement gr\u00e2ce \u00e0 une construction en acier inoxydable 316, une certification CIP 3A et des options personnalisables.","og_url":"https:\/\/www.zytho.ca\/fr\/produit\/coupleur-a-rupture-sanitaire-dixon\/","og_site_name":"Zytho","og_image":[{"width":570,"height":570,"url":"https:\/\/www.zytho.ca\/wp-content\/uploads\/2025\/10\/Sanitary-Breakaway-Coupling-Dixon.jpg","type":"image\/jpeg"}],"twitter_card":"summary_large_image","twitter_misc":{"Dur\u00e9e de lecture estim\u00e9e":"1 minute"},"schema":{"@context":"https:\/\/schema.org","@graph":[{"@type":"WebPage","@id":"https:\/\/www.zytho.ca\/fr\/produit\/coupleur-a-rupture-sanitaire-dixon\/","url":"https:\/\/www.zytho.ca\/fr\/produit\/coupleur-a-rupture-sanitaire-dixon\/","name":"Raccord sanitaire \u00e0 rupture - Dixon - Pour brasseries pro | Zytho","isPartOf":{"@id":"https:\/\/www.zytho.ca\/fr\/#website"},"primaryImageOfPage":{"@id":"https:\/\/www.zytho.ca\/fr\/produit\/coupleur-a-rupture-sanitaire-dixon\/#primaryimage"},"image":{"@id":"https:\/\/www.zytho.ca\/fr\/produit\/coupleur-a-rupture-sanitaire-dixon\/#primaryimage"},"thumbnailUrl":"https:\/\/www.zytho.ca\/wp-content\/uploads\/2025\/10\/Sanitary-Breakaway-Coupling-Dixon.jpg","datePublished":"2025-10-27T15:50:44+00:00","description":"D\u00e9couvrez le raccord \u00e0 rupture sanitaire de Dixon, con\u00e7u pour la s\u00e9curit\u00e9 des brasseries. Pr\u00e9venez les incidents d'arrachement gr\u00e2ce \u00e0 une construction en acier inoxydable 316, une certification CIP 3A et des options personnalisables.","breadcrumb":{"@id":"https:\/\/www.zytho.ca\/fr\/produit\/coupleur-a-rupture-sanitaire-dixon\/#breadcrumb"},"inLanguage":"fr-FR","potentialAction":[{"@type":"ReadAction","target":["https:\/\/www.zytho.ca\/fr\/produit\/coupleur-a-rupture-sanitaire-dixon\/"]}]},{"@type":"ImageObject","inLanguage":"fr-FR","@id":"https:\/\/www.zytho.ca\/fr\/produit\/coupleur-a-rupture-sanitaire-dixon\/#primaryimage","url":"https:\/\/www.zytho.ca\/wp-content\/uploads\/2025\/10\/Sanitary-Breakaway-Coupling-Dixon.jpg","contentUrl":"https:\/\/www.zytho.ca\/wp-content\/uploads\/2025\/10\/Sanitary-Breakaway-Coupling-Dixon.jpg","width":570,"height":570},{"@type":"BreadcrumbList","@id":"https:\/\/www.zytho.ca\/fr\/produit\/coupleur-a-rupture-sanitaire-dixon\/#breadcrumb","itemListElement":[{"@type":"ListItem","position":1,"name":"Accueil","item":"https:\/\/www.zytho.ca\/fr\/"},{"@type":"ListItem","position":2,"name":"Shop","item":"https:\/\/www.zytho.ca\/fr\/shop\/"},{"@type":"ListItem","position":3,"name":"Coupleur \u00e0 rupture sanitaire &#8211; Dixon"}]},{"@type":"WebSite","@id":"https:\/\/www.zytho.ca\/fr\/#website","url":"https:\/\/www.zytho.ca\/fr\/","name":"Zytho","description":"","publisher":{"@id":"https:\/\/www.zytho.ca\/fr\/#organization"},"potentialAction":[{"@type":"SearchAction","target":{"@type":"EntryPoint","urlTemplate":"https:\/\/www.zytho.ca\/fr\/?s={search_term_string}"},"query-input":{"@type":"PropertyValueSpecification","valueRequired":true,"valueName":"search_term_string"}}],"inLanguage":"fr-FR"},{"@type":"Organization","@id":"https:\/\/www.zytho.ca\/fr\/#organization","name":"Zytho","url":"https:\/\/www.zytho.ca\/fr\/","logo":{"@type":"ImageObject","inLanguage":"fr-FR","@id":"https:\/\/www.zytho.ca\/fr\/#\/schema\/logo\/image\/","url":"https:\/\/www.zytho.ca\/wp-content\/uploads\/2024\/05\/Zytho_reversed_horizontal.svg","contentUrl":"https:\/\/www.zytho.ca\/wp-content\/uploads\/2024\/05\/Zytho_reversed_horizontal.svg","width":1582,"height":490,"caption":"Zytho"},"image":{"@id":"https:\/\/www.zytho.ca\/fr\/#\/schema\/logo\/image\/"}}]}},"_links":{"self":[{"href":"https:\/\/www.zytho.ca\/fr\/wp-json\/wp\/v2\/product\/11430","targetHints":{"allow":["GET"]}}],"collection":[{"href":"https:\/\/www.zytho.ca\/fr\/wp-json\/wp\/v2\/product"}],"about":[{"href":"https:\/\/www.zytho.ca\/fr\/wp-json\/wp\/v2\/types\/product"}],"wp:featuredmedia":[{"embeddable":true,"href":"https:\/\/www.zytho.ca\/fr\/wp-json\/wp\/v2\/media\/11431"}],"wp:attachment":[{"href":"https:\/\/www.zytho.ca\/fr\/wp-json\/wp\/v2\/media?parent=11430"}],"wp:term":[{"taxonomy":"product_brand","embeddable":true,"href":"https:\/\/www.zytho.ca\/fr\/wp-json\/wp\/v2\/product_brand?post=11430"},{"taxonomy":"product_cat","embeddable":true,"href":"https:\/\/www.zytho.ca\/fr\/wp-json\/wp\/v2\/product_cat?post=11430"},{"taxonomy":"product_tag","embeddable":true,"href":"https:\/\/www.zytho.ca\/fr\/wp-json\/wp\/v2\/product_tag?post=11430"}],"curies":[{"name":"wp","href":"https:\/\/api.w.org\/{rel}","templated":true}]}}