{"id":11401,"date":"2025-10-27T15:50:47","date_gmt":"2025-10-27T15:50:47","guid":{"rendered":"https:\/\/zytho.ca\/product\/c114-face-de-pompe-centrifuge-sanitaire-dixon\/"},"modified":"2026-02-04T12:31:12","modified_gmt":"2026-02-04T12:31:12","slug":"c114-face-de-pompe-centrifuge-sanitaire-dixon","status":"publish","type":"product","link":"https:\/\/www.zytho.ca\/fr\/produit\/c114-face-de-pompe-centrifuge-sanitaire-dixon\/","title":{"rendered":"C114 Face de pompe centrifuge sanitaire &#8211; Dixon"},"content":{"rendered":"<p>La pompe centrifuge sanitaire Dixon C114 est con\u00e7ue pour un transfert efficace et hygi\u00e9nique des liquides dans les industries alimentaire, des boissons, laiti\u00e8re et pharmaceutique. Construite avec un bo\u00eetier en acier inoxydable poli et une roue \u00e0 aubes \u00e9quilibr\u00e9e avec pr\u00e9cision, elle offre un d\u00e9bit r\u00e9gulier et fiable avec un minimum de cisaillement et un nettoyage facile. La conception sanitaire de la pompe r\u00e9pond aux normes 3A, assurant la conformit\u00e9 aux exigences d&#8217;hygi\u00e8ne strictes. Id\u00e9ale pour les syst\u00e8mes NEP (Nettoyage En Place) et le transfert g\u00e9n\u00e9ral de produits, la C114 offre durabilit\u00e9, performance et facilit\u00e9 d&#8217;entretien pour les applications sanitaires exigeantes.   <\/p>\n","protected":false},"excerpt":{"rendered":"<h4>Principaux avantages de la pompe centrifuge sanitaire C114 Face &#8211; Dixon pour les brasseurs professionnels<\/h4>\n<ul>\n<li>Garantit une hygi\u00e8ne optimale gr\u00e2ce \u00e0 sa conception sanitaire, cruciale pour le maintien de la qualit\u00e9 de la bi\u00e8re.<\/li>\n<li>Offre un transfert de fluide fiable et efficace, am\u00e9liorant l&#8217;efficacit\u00e9 du processus de brassage.<\/li>\n<li>La construction durable r\u00e9duit les besoins d&#8217;entretien, ce qui permet d&#8217;\u00e9conomiser du temps et de l&#8217;argent.<\/li>\n<\/ul>\n","protected":false},"featured_media":11413,"template":"","meta":{"_acf_changed":false,"inline_featured_image":false},"product_brand":[740],"product_cat":[736,741,1019,31],"product_tag":[],"class_list":{"0":"post-11401","1":"product","2":"type-product","3":"status-publish","4":"has-post-thumbnail","6":"product_brand-dixon","7":"product_cat-distribution","8":"product_cat-materiel","9":"product_cat-pompe-centrifuge-de-brasserie","10":"product_cat-pump","12":"first","13":"instock","14":"taxable","15":"shipping-taxable","16":"purchasable","17":"product-type-variable"},"acf":[],"yoast_head":"<!-- This site is optimized with the Yoast SEO plugin v27.6 - https:\/\/yoast.com\/product\/yoast-seo-wordpress\/ -->\n<title>C114 Sanitary Centrifugal Pump Face - Dixon - For Pro Breweries | Zytho<\/title>\n<meta name=\"description\" content=\"Am\u00e9liorez l&#039;efficacit\u00e9 de votre brasserie avec la pompe centrifuge sanitaire C114 de Dixon. Con\u00e7ue pour les brasseurs professionnels, elle garantit des performances et une hygi\u00e8ne optimales.\" \/>\n<meta name=\"robots\" content=\"index, follow, max-snippet:-1, max-image-preview:large, max-video-preview:-1\" \/>\n<link rel=\"canonical\" href=\"https:\/\/www.zytho.ca\/fr\/produit\/c114-face-de-pompe-centrifuge-sanitaire-dixon\/\" \/>\n<meta property=\"og:locale\" content=\"fr_FR\" \/>\n<meta property=\"og:type\" content=\"article\" \/>\n<meta property=\"og:title\" content=\"C114 Sanitary Centrifugal Pump Face - Dixon - For Pro Breweries | Zytho\" \/>\n<meta property=\"og:description\" content=\"Am\u00e9liorez l&#039;efficacit\u00e9 de votre brasserie avec la pompe centrifuge sanitaire C114 de Dixon. Con\u00e7ue pour les brasseurs professionnels, elle garantit des performances et une hygi\u00e8ne optimales.\" \/>\n<meta property=\"og:url\" content=\"https:\/\/www.zytho.ca\/fr\/produit\/c114-face-de-pompe-centrifuge-sanitaire-dixon\/\" \/>\n<meta property=\"og:site_name\" content=\"Zytho\" \/>\n<meta property=\"article:modified_time\" content=\"2026-02-04T12:31:12+00:00\" \/>\n<meta property=\"og:image\" content=\"https:\/\/www.zytho.ca\/wp-content\/uploads\/2025\/10\/C114-Sanitary-Centrifugal-Pump-Face-Dixon.jpg\" \/>\n\t<meta property=\"og:image:width\" content=\"784\" \/>\n\t<meta property=\"og:image:height\" content=\"784\" \/>\n\t<meta property=\"og:image:type\" content=\"image\/jpeg\" \/>\n<meta name=\"twitter:card\" content=\"summary_large_image\" \/>\n<meta name=\"twitter:label1\" content=\"Dur\u00e9e de lecture estim\u00e9e\" \/>\n\t<meta name=\"twitter:data1\" content=\"1 minute\" \/>\n<script type=\"application\/ld+json\" class=\"yoast-schema-graph\">{\"@context\":\"https:\\\/\\\/schema.org\",\"@graph\":[{\"@type\":\"WebPage\",\"@id\":\"https:\\\/\\\/www.zytho.ca\\\/fr\\\/produit\\\/c114-face-de-pompe-centrifuge-sanitaire-dixon\\\/\",\"url\":\"https:\\\/\\\/www.zytho.ca\\\/fr\\\/produit\\\/c114-face-de-pompe-centrifuge-sanitaire-dixon\\\/\",\"name\":\"C114 Sanitary Centrifugal Pump Face - Dixon - For Pro Breweries | Zytho\",\"isPartOf\":{\"@id\":\"https:\\\/\\\/www.zytho.ca\\\/fr\\\/#website\"},\"primaryImageOfPage\":{\"@id\":\"https:\\\/\\\/www.zytho.ca\\\/fr\\\/produit\\\/c114-face-de-pompe-centrifuge-sanitaire-dixon\\\/#primaryimage\"},\"image\":{\"@id\":\"https:\\\/\\\/www.zytho.ca\\\/fr\\\/produit\\\/c114-face-de-pompe-centrifuge-sanitaire-dixon\\\/#primaryimage\"},\"thumbnailUrl\":\"https:\\\/\\\/www.zytho.ca\\\/wp-content\\\/uploads\\\/2025\\\/10\\\/C114-Sanitary-Centrifugal-Pump-Face-Dixon.jpg\",\"datePublished\":\"2025-10-27T15:50:47+00:00\",\"dateModified\":\"2026-02-04T12:31:12+00:00\",\"description\":\"Am\u00e9liorez l'efficacit\u00e9 de votre brasserie avec la pompe centrifuge sanitaire C114 de Dixon. Con\u00e7ue pour les brasseurs professionnels, elle garantit des performances et une hygi\u00e8ne optimales.\",\"breadcrumb\":{\"@id\":\"https:\\\/\\\/www.zytho.ca\\\/fr\\\/produit\\\/c114-face-de-pompe-centrifuge-sanitaire-dixon\\\/#breadcrumb\"},\"inLanguage\":\"fr-FR\",\"potentialAction\":[{\"@type\":\"ReadAction\",\"target\":[\"https:\\\/\\\/www.zytho.ca\\\/fr\\\/produit\\\/c114-face-de-pompe-centrifuge-sanitaire-dixon\\\/\"]}]},{\"@type\":\"ImageObject\",\"inLanguage\":\"fr-FR\",\"@id\":\"https:\\\/\\\/www.zytho.ca\\\/fr\\\/produit\\\/c114-face-de-pompe-centrifuge-sanitaire-dixon\\\/#primaryimage\",\"url\":\"https:\\\/\\\/www.zytho.ca\\\/wp-content\\\/uploads\\\/2025\\\/10\\\/C114-Sanitary-Centrifugal-Pump-Face-Dixon.jpg\",\"contentUrl\":\"https:\\\/\\\/www.zytho.ca\\\/wp-content\\\/uploads\\\/2025\\\/10\\\/C114-Sanitary-Centrifugal-Pump-Face-Dixon.jpg\",\"width\":784,\"height\":784},{\"@type\":\"BreadcrumbList\",\"@id\":\"https:\\\/\\\/www.zytho.ca\\\/fr\\\/produit\\\/c114-face-de-pompe-centrifuge-sanitaire-dixon\\\/#breadcrumb\",\"itemListElement\":[{\"@type\":\"ListItem\",\"position\":1,\"name\":\"Accueil\",\"item\":\"https:\\\/\\\/www.zytho.ca\\\/fr\\\/\"},{\"@type\":\"ListItem\",\"position\":2,\"name\":\"Shop\",\"item\":\"https:\\\/\\\/www.zytho.ca\\\/fr\\\/shop\\\/\"},{\"@type\":\"ListItem\",\"position\":3,\"name\":\"C114 Face de pompe centrifuge sanitaire &#8211; Dixon\"}]},{\"@type\":\"WebSite\",\"@id\":\"https:\\\/\\\/www.zytho.ca\\\/fr\\\/#website\",\"url\":\"https:\\\/\\\/www.zytho.ca\\\/fr\\\/\",\"name\":\"Zytho\",\"description\":\"\",\"publisher\":{\"@id\":\"https:\\\/\\\/www.zytho.ca\\\/fr\\\/#organization\"},\"potentialAction\":[{\"@type\":\"SearchAction\",\"target\":{\"@type\":\"EntryPoint\",\"urlTemplate\":\"https:\\\/\\\/www.zytho.ca\\\/fr\\\/?s={search_term_string}\"},\"query-input\":{\"@type\":\"PropertyValueSpecification\",\"valueRequired\":true,\"valueName\":\"search_term_string\"}}],\"inLanguage\":\"fr-FR\"},{\"@type\":\"Organization\",\"@id\":\"https:\\\/\\\/www.zytho.ca\\\/fr\\\/#organization\",\"name\":\"Zytho\",\"url\":\"https:\\\/\\\/www.zytho.ca\\\/fr\\\/\",\"logo\":{\"@type\":\"ImageObject\",\"inLanguage\":\"fr-FR\",\"@id\":\"https:\\\/\\\/www.zytho.ca\\\/fr\\\/#\\\/schema\\\/logo\\\/image\\\/\",\"url\":\"https:\\\/\\\/www.zytho.ca\\\/wp-content\\\/uploads\\\/2024\\\/05\\\/Zytho_reversed_horizontal.svg\",\"contentUrl\":\"https:\\\/\\\/www.zytho.ca\\\/wp-content\\\/uploads\\\/2024\\\/05\\\/Zytho_reversed_horizontal.svg\",\"width\":1582,\"height\":490,\"caption\":\"Zytho\"},\"image\":{\"@id\":\"https:\\\/\\\/www.zytho.ca\\\/fr\\\/#\\\/schema\\\/logo\\\/image\\\/\"}}]}<\/script>\n<!-- \/ Yoast SEO plugin. -->","yoast_head_json":{"title":"C114 Sanitary Centrifugal Pump Face - Dixon - For Pro Breweries | Zytho","description":"Am\u00e9liorez l'efficacit\u00e9 de votre brasserie avec la pompe centrifuge sanitaire C114 de Dixon. Con\u00e7ue pour les brasseurs professionnels, elle garantit des performances et une hygi\u00e8ne optimales.","robots":{"index":"index","follow":"follow","max-snippet":"max-snippet:-1","max-image-preview":"max-image-preview:large","max-video-preview":"max-video-preview:-1"},"canonical":"https:\/\/www.zytho.ca\/fr\/produit\/c114-face-de-pompe-centrifuge-sanitaire-dixon\/","og_locale":"fr_FR","og_type":"article","og_title":"C114 Sanitary Centrifugal Pump Face - Dixon - For Pro Breweries | Zytho","og_description":"Am\u00e9liorez l'efficacit\u00e9 de votre brasserie avec la pompe centrifuge sanitaire C114 de Dixon. Con\u00e7ue pour les brasseurs professionnels, elle garantit des performances et une hygi\u00e8ne optimales.","og_url":"https:\/\/www.zytho.ca\/fr\/produit\/c114-face-de-pompe-centrifuge-sanitaire-dixon\/","og_site_name":"Zytho","article_modified_time":"2026-02-04T12:31:12+00:00","og_image":[{"width":784,"height":784,"url":"https:\/\/www.zytho.ca\/wp-content\/uploads\/2025\/10\/C114-Sanitary-Centrifugal-Pump-Face-Dixon.jpg","type":"image\/jpeg"}],"twitter_card":"summary_large_image","twitter_misc":{"Dur\u00e9e de lecture estim\u00e9e":"1 minute"},"schema":{"@context":"https:\/\/schema.org","@graph":[{"@type":"WebPage","@id":"https:\/\/www.zytho.ca\/fr\/produit\/c114-face-de-pompe-centrifuge-sanitaire-dixon\/","url":"https:\/\/www.zytho.ca\/fr\/produit\/c114-face-de-pompe-centrifuge-sanitaire-dixon\/","name":"C114 Sanitary Centrifugal Pump Face - Dixon - For Pro Breweries | Zytho","isPartOf":{"@id":"https:\/\/www.zytho.ca\/fr\/#website"},"primaryImageOfPage":{"@id":"https:\/\/www.zytho.ca\/fr\/produit\/c114-face-de-pompe-centrifuge-sanitaire-dixon\/#primaryimage"},"image":{"@id":"https:\/\/www.zytho.ca\/fr\/produit\/c114-face-de-pompe-centrifuge-sanitaire-dixon\/#primaryimage"},"thumbnailUrl":"https:\/\/www.zytho.ca\/wp-content\/uploads\/2025\/10\/C114-Sanitary-Centrifugal-Pump-Face-Dixon.jpg","datePublished":"2025-10-27T15:50:47+00:00","dateModified":"2026-02-04T12:31:12+00:00","description":"Am\u00e9liorez l'efficacit\u00e9 de votre brasserie avec la pompe centrifuge sanitaire C114 de Dixon. Con\u00e7ue pour les brasseurs professionnels, elle garantit des performances et une hygi\u00e8ne optimales.","breadcrumb":{"@id":"https:\/\/www.zytho.ca\/fr\/produit\/c114-face-de-pompe-centrifuge-sanitaire-dixon\/#breadcrumb"},"inLanguage":"fr-FR","potentialAction":[{"@type":"ReadAction","target":["https:\/\/www.zytho.ca\/fr\/produit\/c114-face-de-pompe-centrifuge-sanitaire-dixon\/"]}]},{"@type":"ImageObject","inLanguage":"fr-FR","@id":"https:\/\/www.zytho.ca\/fr\/produit\/c114-face-de-pompe-centrifuge-sanitaire-dixon\/#primaryimage","url":"https:\/\/www.zytho.ca\/wp-content\/uploads\/2025\/10\/C114-Sanitary-Centrifugal-Pump-Face-Dixon.jpg","contentUrl":"https:\/\/www.zytho.ca\/wp-content\/uploads\/2025\/10\/C114-Sanitary-Centrifugal-Pump-Face-Dixon.jpg","width":784,"height":784},{"@type":"BreadcrumbList","@id":"https:\/\/www.zytho.ca\/fr\/produit\/c114-face-de-pompe-centrifuge-sanitaire-dixon\/#breadcrumb","itemListElement":[{"@type":"ListItem","position":1,"name":"Accueil","item":"https:\/\/www.zytho.ca\/fr\/"},{"@type":"ListItem","position":2,"name":"Shop","item":"https:\/\/www.zytho.ca\/fr\/shop\/"},{"@type":"ListItem","position":3,"name":"C114 Face de pompe centrifuge sanitaire &#8211; Dixon"}]},{"@type":"WebSite","@id":"https:\/\/www.zytho.ca\/fr\/#website","url":"https:\/\/www.zytho.ca\/fr\/","name":"Zytho","description":"","publisher":{"@id":"https:\/\/www.zytho.ca\/fr\/#organization"},"potentialAction":[{"@type":"SearchAction","target":{"@type":"EntryPoint","urlTemplate":"https:\/\/www.zytho.ca\/fr\/?s={search_term_string}"},"query-input":{"@type":"PropertyValueSpecification","valueRequired":true,"valueName":"search_term_string"}}],"inLanguage":"fr-FR"},{"@type":"Organization","@id":"https:\/\/www.zytho.ca\/fr\/#organization","name":"Zytho","url":"https:\/\/www.zytho.ca\/fr\/","logo":{"@type":"ImageObject","inLanguage":"fr-FR","@id":"https:\/\/www.zytho.ca\/fr\/#\/schema\/logo\/image\/","url":"https:\/\/www.zytho.ca\/wp-content\/uploads\/2024\/05\/Zytho_reversed_horizontal.svg","contentUrl":"https:\/\/www.zytho.ca\/wp-content\/uploads\/2024\/05\/Zytho_reversed_horizontal.svg","width":1582,"height":490,"caption":"Zytho"},"image":{"@id":"https:\/\/www.zytho.ca\/fr\/#\/schema\/logo\/image\/"}}]}},"_links":{"self":[{"href":"https:\/\/www.zytho.ca\/fr\/wp-json\/wp\/v2\/product\/11401","targetHints":{"allow":["GET"]}}],"collection":[{"href":"https:\/\/www.zytho.ca\/fr\/wp-json\/wp\/v2\/product"}],"about":[{"href":"https:\/\/www.zytho.ca\/fr\/wp-json\/wp\/v2\/types\/product"}],"wp:featuredmedia":[{"embeddable":true,"href":"https:\/\/www.zytho.ca\/fr\/wp-json\/wp\/v2\/media\/11413"}],"wp:attachment":[{"href":"https:\/\/www.zytho.ca\/fr\/wp-json\/wp\/v2\/media?parent=11401"}],"wp:term":[{"taxonomy":"product_brand","embeddable":true,"href":"https:\/\/www.zytho.ca\/fr\/wp-json\/wp\/v2\/product_brand?post=11401"},{"taxonomy":"product_cat","embeddable":true,"href":"https:\/\/www.zytho.ca\/fr\/wp-json\/wp\/v2\/product_cat?post=11401"},{"taxonomy":"product_tag","embeddable":true,"href":"https:\/\/www.zytho.ca\/fr\/wp-json\/wp\/v2\/product_tag?post=11401"}],"curies":[{"name":"wp","href":"https:\/\/api.w.org\/{rel}","templated":true}]}}