{"id":11400,"date":"2025-10-27T15:50:56","date_gmt":"2025-10-27T15:50:56","guid":{"rendered":"https:\/\/zytho.ca\/product\/voyant-de-la-serie-hsg-dixon\/"},"modified":"2025-10-27T15:50:56","modified_gmt":"2025-10-27T15:50:56","slug":"voyant-de-la-serie-hsg-dixon","status":"publish","type":"product","link":"https:\/\/www.zytho.ca\/fr\/produit\/voyant-de-la-serie-hsg-dixon\/","title":{"rendered":"Voyant de la s\u00e9rie HSG &#8211; Dixon"},"content":{"rendered":"<h6><strong>Avantages :<\/strong><\/h6>\n<div class=\"large-6 columns\" data-mce-fragment=\"1\">\n<div class=\"item-list row\" data-mce-fragment=\"1\">\n<div class=\"large-12 columns\" data-mce-fragment=\"1\">\n<ul class=\"dash-list\" data-mce-fragment=\"1\">\n<li class=\"first last\" data-mce-fragment=\"1\">Facilite l&#8217;int\u00e9gration dans les processus sanitaires des secteurs de l&#8217;alimentation, des produits laitiers et des boissons pour l&#8217;observation des fluides.<\/li>\n<\/ul>\n<\/div>\n<\/div>\n<h6 data-mce-fragment=\"1\"><strong>Caract\u00e9ristiques principales :<\/strong><\/h6>\n<ul>\n<li>Raccordement par collier standard<\/li>\n<li>Montage et d\u00e9montage sans effort<\/li>\n<\/ul>\n<h6 data-mce-fragment=\"1\"><strong>D\u00e9tails du produit :<\/strong><\/h6>\n<\/div>\n<div class=\"large-6 columns\" data-mce-fragment=\"1\">\n<div class=\"item-list row\" data-mce-fragment=\"1\">\n<div class=\"large-12 columns\" data-mce-fragment=\"1\">\n<ul class=\"dash-list\" data-mce-fragment=\"1\">\n<li class=\"first\" data-mce-fragment=\"1\">Voyant : Polycarbonate<\/li>\n<li data-mce-fragment=\"1\">Corps : acier inoxydable 316L<\/li>\n<li data-mce-fragment=\"1\">Joints : PTFE, EPDM ou FKM<\/li>\n<li data-mce-fragment=\"1\">3A Certifi\u00e9 pour CIP<\/li>\n<li data-mce-fragment=\"1\">PTFE fourni avec un collier de serrage boulonn\u00e9<\/li>\n<li class=\"last\" data-mce-fragment=\"1\">EPDM ou FKM fourni avec un collier \u00e0 broche unique<\/li>\n<\/ul>\n<\/div>\n<\/div>\n<\/div>\n","protected":false},"excerpt":{"rendered":"<h4>Principaux avantages des voyants de la s\u00e9rie HSG pour les brasseurs professionnels :<\/h4>\n<ul>\n<li>L&#8217;int\u00e9gration parfaite dans les processus sanitaires garantit un contr\u00f4le fiable des fluides dans les op\u00e9rations de brassage.<\/li>\n<li>Les raccords de serrage standardis\u00e9s permettent un montage et un d\u00e9montage rapides et faciles, ce qui am\u00e9liore l&#8217;efficacit\u00e9 op\u00e9rationnelle.<\/li>\n<li>Construit avec des mat\u00e9riaux durables tels que l&#8217;acier inoxydable 316L et le polycarbonate, garantissant la long\u00e9vit\u00e9 et la conformit\u00e9 aux normes CIP certifi\u00e9es 3A.<\/li>\n<\/ul>\n","protected":false},"featured_media":11402,"template":"","meta":{"_acf_changed":false,"inline_featured_image":false},"product_brand":[740],"product_cat":[736,741,753],"product_tag":[],"class_list":{"0":"post-11400","1":"product","2":"type-product","3":"status-publish","4":"has-post-thumbnail","6":"product_brand-dixon","7":"product_cat-distribution","8":"product_cat-materiel","9":"product_cat-raccords-tri-clamp","11":"first","12":"instock","13":"taxable","14":"shipping-taxable","15":"purchasable","16":"product-type-variable"},"acf":[],"yoast_head":"<!-- This site is optimized with the Yoast SEO plugin v27.6 - https:\/\/yoast.com\/product\/yoast-seo-wordpress\/ -->\n<title>Voyant s\u00e9rie HSG - Dixon - Pour brasseries professionnelles | Zytho<\/title>\n<meta name=\"description\" content=\"D\u00e9couvrez le voyant de la s\u00e9rie HSG de Dixon, con\u00e7u pour une int\u00e9gration parfaite dans les processus de brassage. Profitez d&#039;un assemblage sans effort avec des mat\u00e9riaux durables et une certification CIP 3A.\" \/>\n<meta name=\"robots\" content=\"index, follow, max-snippet:-1, max-image-preview:large, max-video-preview:-1\" \/>\n<link rel=\"canonical\" href=\"https:\/\/www.zytho.ca\/fr\/produit\/voyant-de-la-serie-hsg-dixon\/\" \/>\n<meta property=\"og:locale\" content=\"fr_FR\" \/>\n<meta property=\"og:type\" content=\"article\" \/>\n<meta property=\"og:title\" content=\"Voyant s\u00e9rie HSG - Dixon - Pour brasseries professionnelles | Zytho\" \/>\n<meta property=\"og:description\" content=\"D\u00e9couvrez le voyant de la s\u00e9rie HSG de Dixon, con\u00e7u pour une int\u00e9gration parfaite dans les processus de brassage. Profitez d&#039;un assemblage sans effort avec des mat\u00e9riaux durables et une certification CIP 3A.\" \/>\n<meta property=\"og:url\" content=\"https:\/\/www.zytho.ca\/fr\/produit\/voyant-de-la-serie-hsg-dixon\/\" \/>\n<meta property=\"og:site_name\" content=\"Zytho\" \/>\n<meta property=\"og:image\" content=\"https:\/\/www.zytho.ca\/wp-content\/uploads\/2025\/10\/HSG-Series-Sight-Glass-Dixon.jpg\" \/>\n\t<meta property=\"og:image:width\" content=\"272\" \/>\n\t<meta property=\"og:image:height\" content=\"272\" \/>\n\t<meta property=\"og:image:type\" content=\"image\/jpeg\" \/>\n<meta name=\"twitter:card\" content=\"summary_large_image\" \/>\n<script type=\"application\/ld+json\" class=\"yoast-schema-graph\">{\"@context\":\"https:\\\/\\\/schema.org\",\"@graph\":[{\"@type\":\"WebPage\",\"@id\":\"https:\\\/\\\/www.zytho.ca\\\/fr\\\/produit\\\/voyant-de-la-serie-hsg-dixon\\\/\",\"url\":\"https:\\\/\\\/www.zytho.ca\\\/fr\\\/produit\\\/voyant-de-la-serie-hsg-dixon\\\/\",\"name\":\"Voyant s\u00e9rie HSG - Dixon - Pour brasseries professionnelles | Zytho\",\"isPartOf\":{\"@id\":\"https:\\\/\\\/www.zytho.ca\\\/fr\\\/#website\"},\"primaryImageOfPage\":{\"@id\":\"https:\\\/\\\/www.zytho.ca\\\/fr\\\/produit\\\/voyant-de-la-serie-hsg-dixon\\\/#primaryimage\"},\"image\":{\"@id\":\"https:\\\/\\\/www.zytho.ca\\\/fr\\\/produit\\\/voyant-de-la-serie-hsg-dixon\\\/#primaryimage\"},\"thumbnailUrl\":\"https:\\\/\\\/www.zytho.ca\\\/wp-content\\\/uploads\\\/2025\\\/10\\\/HSG-Series-Sight-Glass-Dixon.jpg\",\"datePublished\":\"2025-10-27T15:50:56+00:00\",\"description\":\"D\u00e9couvrez le voyant de la s\u00e9rie HSG de Dixon, con\u00e7u pour une int\u00e9gration parfaite dans les processus de brassage. Profitez d'un assemblage sans effort avec des mat\u00e9riaux durables et une certification CIP 3A.\",\"breadcrumb\":{\"@id\":\"https:\\\/\\\/www.zytho.ca\\\/fr\\\/produit\\\/voyant-de-la-serie-hsg-dixon\\\/#breadcrumb\"},\"inLanguage\":\"fr-FR\",\"potentialAction\":[{\"@type\":\"ReadAction\",\"target\":[\"https:\\\/\\\/www.zytho.ca\\\/fr\\\/produit\\\/voyant-de-la-serie-hsg-dixon\\\/\"]}]},{\"@type\":\"ImageObject\",\"inLanguage\":\"fr-FR\",\"@id\":\"https:\\\/\\\/www.zytho.ca\\\/fr\\\/produit\\\/voyant-de-la-serie-hsg-dixon\\\/#primaryimage\",\"url\":\"https:\\\/\\\/www.zytho.ca\\\/wp-content\\\/uploads\\\/2025\\\/10\\\/HSG-Series-Sight-Glass-Dixon.jpg\",\"contentUrl\":\"https:\\\/\\\/www.zytho.ca\\\/wp-content\\\/uploads\\\/2025\\\/10\\\/HSG-Series-Sight-Glass-Dixon.jpg\",\"width\":272,\"height\":272},{\"@type\":\"BreadcrumbList\",\"@id\":\"https:\\\/\\\/www.zytho.ca\\\/fr\\\/produit\\\/voyant-de-la-serie-hsg-dixon\\\/#breadcrumb\",\"itemListElement\":[{\"@type\":\"ListItem\",\"position\":1,\"name\":\"Accueil\",\"item\":\"https:\\\/\\\/www.zytho.ca\\\/fr\\\/\"},{\"@type\":\"ListItem\",\"position\":2,\"name\":\"Shop\",\"item\":\"https:\\\/\\\/www.zytho.ca\\\/fr\\\/shop\\\/\"},{\"@type\":\"ListItem\",\"position\":3,\"name\":\"Voyant de la s\u00e9rie HSG &#8211; Dixon\"}]},{\"@type\":\"WebSite\",\"@id\":\"https:\\\/\\\/www.zytho.ca\\\/fr\\\/#website\",\"url\":\"https:\\\/\\\/www.zytho.ca\\\/fr\\\/\",\"name\":\"Zytho\",\"description\":\"\",\"publisher\":{\"@id\":\"https:\\\/\\\/www.zytho.ca\\\/fr\\\/#organization\"},\"potentialAction\":[{\"@type\":\"SearchAction\",\"target\":{\"@type\":\"EntryPoint\",\"urlTemplate\":\"https:\\\/\\\/www.zytho.ca\\\/fr\\\/?s={search_term_string}\"},\"query-input\":{\"@type\":\"PropertyValueSpecification\",\"valueRequired\":true,\"valueName\":\"search_term_string\"}}],\"inLanguage\":\"fr-FR\"},{\"@type\":\"Organization\",\"@id\":\"https:\\\/\\\/www.zytho.ca\\\/fr\\\/#organization\",\"name\":\"Zytho\",\"url\":\"https:\\\/\\\/www.zytho.ca\\\/fr\\\/\",\"logo\":{\"@type\":\"ImageObject\",\"inLanguage\":\"fr-FR\",\"@id\":\"https:\\\/\\\/www.zytho.ca\\\/fr\\\/#\\\/schema\\\/logo\\\/image\\\/\",\"url\":\"https:\\\/\\\/www.zytho.ca\\\/wp-content\\\/uploads\\\/2024\\\/05\\\/Zytho_reversed_horizontal.svg\",\"contentUrl\":\"https:\\\/\\\/www.zytho.ca\\\/wp-content\\\/uploads\\\/2024\\\/05\\\/Zytho_reversed_horizontal.svg\",\"width\":1582,\"height\":490,\"caption\":\"Zytho\"},\"image\":{\"@id\":\"https:\\\/\\\/www.zytho.ca\\\/fr\\\/#\\\/schema\\\/logo\\\/image\\\/\"}}]}<\/script>\n<!-- \/ Yoast SEO plugin. -->","yoast_head_json":{"title":"Voyant s\u00e9rie HSG - Dixon - Pour brasseries professionnelles | Zytho","description":"D\u00e9couvrez le voyant de la s\u00e9rie HSG de Dixon, con\u00e7u pour une int\u00e9gration parfaite dans les processus de brassage. Profitez d'un assemblage sans effort avec des mat\u00e9riaux durables et une certification CIP 3A.","robots":{"index":"index","follow":"follow","max-snippet":"max-snippet:-1","max-image-preview":"max-image-preview:large","max-video-preview":"max-video-preview:-1"},"canonical":"https:\/\/www.zytho.ca\/fr\/produit\/voyant-de-la-serie-hsg-dixon\/","og_locale":"fr_FR","og_type":"article","og_title":"Voyant s\u00e9rie HSG - Dixon - Pour brasseries professionnelles | Zytho","og_description":"D\u00e9couvrez le voyant de la s\u00e9rie HSG de Dixon, con\u00e7u pour une int\u00e9gration parfaite dans les processus de brassage. Profitez d'un assemblage sans effort avec des mat\u00e9riaux durables et une certification CIP 3A.","og_url":"https:\/\/www.zytho.ca\/fr\/produit\/voyant-de-la-serie-hsg-dixon\/","og_site_name":"Zytho","og_image":[{"width":272,"height":272,"url":"https:\/\/www.zytho.ca\/wp-content\/uploads\/2025\/10\/HSG-Series-Sight-Glass-Dixon.jpg","type":"image\/jpeg"}],"twitter_card":"summary_large_image","schema":{"@context":"https:\/\/schema.org","@graph":[{"@type":"WebPage","@id":"https:\/\/www.zytho.ca\/fr\/produit\/voyant-de-la-serie-hsg-dixon\/","url":"https:\/\/www.zytho.ca\/fr\/produit\/voyant-de-la-serie-hsg-dixon\/","name":"Voyant s\u00e9rie HSG - Dixon - Pour brasseries professionnelles | Zytho","isPartOf":{"@id":"https:\/\/www.zytho.ca\/fr\/#website"},"primaryImageOfPage":{"@id":"https:\/\/www.zytho.ca\/fr\/produit\/voyant-de-la-serie-hsg-dixon\/#primaryimage"},"image":{"@id":"https:\/\/www.zytho.ca\/fr\/produit\/voyant-de-la-serie-hsg-dixon\/#primaryimage"},"thumbnailUrl":"https:\/\/www.zytho.ca\/wp-content\/uploads\/2025\/10\/HSG-Series-Sight-Glass-Dixon.jpg","datePublished":"2025-10-27T15:50:56+00:00","description":"D\u00e9couvrez le voyant de la s\u00e9rie HSG de Dixon, con\u00e7u pour une int\u00e9gration parfaite dans les processus de brassage. Profitez d'un assemblage sans effort avec des mat\u00e9riaux durables et une certification CIP 3A.","breadcrumb":{"@id":"https:\/\/www.zytho.ca\/fr\/produit\/voyant-de-la-serie-hsg-dixon\/#breadcrumb"},"inLanguage":"fr-FR","potentialAction":[{"@type":"ReadAction","target":["https:\/\/www.zytho.ca\/fr\/produit\/voyant-de-la-serie-hsg-dixon\/"]}]},{"@type":"ImageObject","inLanguage":"fr-FR","@id":"https:\/\/www.zytho.ca\/fr\/produit\/voyant-de-la-serie-hsg-dixon\/#primaryimage","url":"https:\/\/www.zytho.ca\/wp-content\/uploads\/2025\/10\/HSG-Series-Sight-Glass-Dixon.jpg","contentUrl":"https:\/\/www.zytho.ca\/wp-content\/uploads\/2025\/10\/HSG-Series-Sight-Glass-Dixon.jpg","width":272,"height":272},{"@type":"BreadcrumbList","@id":"https:\/\/www.zytho.ca\/fr\/produit\/voyant-de-la-serie-hsg-dixon\/#breadcrumb","itemListElement":[{"@type":"ListItem","position":1,"name":"Accueil","item":"https:\/\/www.zytho.ca\/fr\/"},{"@type":"ListItem","position":2,"name":"Shop","item":"https:\/\/www.zytho.ca\/fr\/shop\/"},{"@type":"ListItem","position":3,"name":"Voyant de la s\u00e9rie HSG &#8211; Dixon"}]},{"@type":"WebSite","@id":"https:\/\/www.zytho.ca\/fr\/#website","url":"https:\/\/www.zytho.ca\/fr\/","name":"Zytho","description":"","publisher":{"@id":"https:\/\/www.zytho.ca\/fr\/#organization"},"potentialAction":[{"@type":"SearchAction","target":{"@type":"EntryPoint","urlTemplate":"https:\/\/www.zytho.ca\/fr\/?s={search_term_string}"},"query-input":{"@type":"PropertyValueSpecification","valueRequired":true,"valueName":"search_term_string"}}],"inLanguage":"fr-FR"},{"@type":"Organization","@id":"https:\/\/www.zytho.ca\/fr\/#organization","name":"Zytho","url":"https:\/\/www.zytho.ca\/fr\/","logo":{"@type":"ImageObject","inLanguage":"fr-FR","@id":"https:\/\/www.zytho.ca\/fr\/#\/schema\/logo\/image\/","url":"https:\/\/www.zytho.ca\/wp-content\/uploads\/2024\/05\/Zytho_reversed_horizontal.svg","contentUrl":"https:\/\/www.zytho.ca\/wp-content\/uploads\/2024\/05\/Zytho_reversed_horizontal.svg","width":1582,"height":490,"caption":"Zytho"},"image":{"@id":"https:\/\/www.zytho.ca\/fr\/#\/schema\/logo\/image\/"}}]}},"_links":{"self":[{"href":"https:\/\/www.zytho.ca\/fr\/wp-json\/wp\/v2\/product\/11400","targetHints":{"allow":["GET"]}}],"collection":[{"href":"https:\/\/www.zytho.ca\/fr\/wp-json\/wp\/v2\/product"}],"about":[{"href":"https:\/\/www.zytho.ca\/fr\/wp-json\/wp\/v2\/types\/product"}],"wp:featuredmedia":[{"embeddable":true,"href":"https:\/\/www.zytho.ca\/fr\/wp-json\/wp\/v2\/media\/11402"}],"wp:attachment":[{"href":"https:\/\/www.zytho.ca\/fr\/wp-json\/wp\/v2\/media?parent=11400"}],"wp:term":[{"taxonomy":"product_brand","embeddable":true,"href":"https:\/\/www.zytho.ca\/fr\/wp-json\/wp\/v2\/product_brand?post=11400"},{"taxonomy":"product_cat","embeddable":true,"href":"https:\/\/www.zytho.ca\/fr\/wp-json\/wp\/v2\/product_cat?post=11400"},{"taxonomy":"product_tag","embeddable":true,"href":"https:\/\/www.zytho.ca\/fr\/wp-json\/wp\/v2\/product_tag?post=11400"}],"curies":[{"name":"wp","href":"https:\/\/api.w.org\/{rel}","templated":true}]}}