{"id":11382,"date":"2025-10-27T15:50:55","date_gmt":"2025-10-27T15:50:55","guid":{"rendered":"https:\/\/zytho.ca\/product\/coupleur-hydraulique-serie-h-dixon\/"},"modified":"2025-11-06T12:40:12","modified_gmt":"2025-11-06T12:40:12","slug":"coupleur-hydraulique-serie-h-dixon","status":"publish","type":"product","link":"https:\/\/www.zytho.ca\/fr\/produit\/coupleur-hydraulique-serie-h-dixon\/","title":{"rendered":"Coupleur hydraulique s\u00e9rie H &#8211; Dixon"},"content":{"rendered":"<p>Le raccord hydraulique Dixon s\u00e9rie H est con\u00e7u pour un transfert de fluide fiable et haute pression dans des applications industrielles et hydrauliques exigeantes. Fabriqu\u00e9 en acier durable et r\u00e9sistant \u00e0 la corrosion, il offre une connexion et d\u00e9connexion rapides et s\u00e9curis\u00e9es sous pression. <\/p>\n","protected":false},"excerpt":{"rendered":"<h4>Principaux avantages du coupleur hydraulique de la s\u00e9rie H &#8211; Dixon pour les brasseurs professionnels<\/h4>\n<ul>\n<li>Assure l&#8217;\u00e9tanch\u00e9it\u00e9 des connexions pour maintenir l&#8217;int\u00e9grit\u00e9 et la s\u00e9curit\u00e9 du produit.<\/li>\n<li>Facilite le montage et le d\u00e9montage rapides et faciles, minimisant ainsi les temps d&#8217;arr\u00eat.<\/li>\n<li>La construction durable r\u00e9siste aux environnements de brassage rigoureux, am\u00e9liorant ainsi la long\u00e9vit\u00e9.<\/li>\n<\/ul>\n","protected":false},"featured_media":11384,"template":"","meta":{"_acf_changed":false,"inline_featured_image":false},"product_brand":[740],"product_cat":[736,741,749],"product_tag":[],"class_list":{"0":"post-11382","1":"product","2":"type-product","3":"status-publish","4":"has-post-thumbnail","6":"product_brand-dixon","7":"product_cat-distribution","8":"product_cat-materiel","9":"product_cat-quincaillerie-industrielle","11":"first","12":"instock","13":"taxable","14":"shipping-taxable","15":"purchasable","16":"product-type-variable"},"acf":[],"yoast_head":"<!-- This site is optimized with the Yoast SEO plugin v27.6 - https:\/\/yoast.com\/product\/yoast-seo-wordpress\/ -->\n<title>S\u00e9rie H Coupleur hydraulique - Dixon - Pour brasseries pro | Zytho<\/title>\n<meta name=\"description\" content=\"Am\u00e9liorez l&#039;efficacit\u00e9 de votre brasserie avec le coupleur hydraulique Dixon s\u00e9rie H, con\u00e7u pour un transfert de fluide continu et une grande fiabilit\u00e9. Parfait pour les brasseurs professionnels.\" \/>\n<meta name=\"robots\" content=\"index, follow, max-snippet:-1, max-image-preview:large, max-video-preview:-1\" \/>\n<link rel=\"canonical\" href=\"https:\/\/www.zytho.ca\/fr\/produit\/coupleur-hydraulique-serie-h-dixon\/\" \/>\n<meta property=\"og:locale\" content=\"fr_FR\" \/>\n<meta property=\"og:type\" content=\"article\" \/>\n<meta property=\"og:title\" content=\"S\u00e9rie H Coupleur hydraulique - Dixon - Pour brasseries pro | Zytho\" \/>\n<meta property=\"og:description\" content=\"Am\u00e9liorez l&#039;efficacit\u00e9 de votre brasserie avec le coupleur hydraulique Dixon s\u00e9rie H, con\u00e7u pour un transfert de fluide continu et une grande fiabilit\u00e9. Parfait pour les brasseurs professionnels.\" \/>\n<meta property=\"og:url\" content=\"https:\/\/www.zytho.ca\/fr\/produit\/coupleur-hydraulique-serie-h-dixon\/\" \/>\n<meta property=\"og:site_name\" content=\"Zytho\" \/>\n<meta property=\"article:modified_time\" content=\"2025-11-06T12:40:12+00:00\" \/>\n<meta property=\"og:image\" content=\"https:\/\/www.zytho.ca\/wp-content\/uploads\/2025\/10\/H-Series-Hydraulic-Coupling-Dixon.jpg\" \/>\n\t<meta property=\"og:image:width\" content=\"432\" \/>\n\t<meta property=\"og:image:height\" content=\"432\" \/>\n\t<meta property=\"og:image:type\" content=\"image\/jpeg\" \/>\n<meta name=\"twitter:card\" content=\"summary_large_image\" \/>\n<script type=\"application\/ld+json\" class=\"yoast-schema-graph\">{\"@context\":\"https:\\\/\\\/schema.org\",\"@graph\":[{\"@type\":\"WebPage\",\"@id\":\"https:\\\/\\\/www.zytho.ca\\\/fr\\\/produit\\\/coupleur-hydraulique-serie-h-dixon\\\/\",\"url\":\"https:\\\/\\\/www.zytho.ca\\\/fr\\\/produit\\\/coupleur-hydraulique-serie-h-dixon\\\/\",\"name\":\"S\u00e9rie H Coupleur hydraulique - Dixon - Pour brasseries pro | Zytho\",\"isPartOf\":{\"@id\":\"https:\\\/\\\/www.zytho.ca\\\/fr\\\/#website\"},\"primaryImageOfPage\":{\"@id\":\"https:\\\/\\\/www.zytho.ca\\\/fr\\\/produit\\\/coupleur-hydraulique-serie-h-dixon\\\/#primaryimage\"},\"image\":{\"@id\":\"https:\\\/\\\/www.zytho.ca\\\/fr\\\/produit\\\/coupleur-hydraulique-serie-h-dixon\\\/#primaryimage\"},\"thumbnailUrl\":\"https:\\\/\\\/www.zytho.ca\\\/wp-content\\\/uploads\\\/2025\\\/10\\\/H-Series-Hydraulic-Coupling-Dixon.jpg\",\"datePublished\":\"2025-10-27T15:50:55+00:00\",\"dateModified\":\"2025-11-06T12:40:12+00:00\",\"description\":\"Am\u00e9liorez l'efficacit\u00e9 de votre brasserie avec le coupleur hydraulique Dixon s\u00e9rie H, con\u00e7u pour un transfert de fluide continu et une grande fiabilit\u00e9. Parfait pour les brasseurs professionnels.\",\"breadcrumb\":{\"@id\":\"https:\\\/\\\/www.zytho.ca\\\/fr\\\/produit\\\/coupleur-hydraulique-serie-h-dixon\\\/#breadcrumb\"},\"inLanguage\":\"fr-FR\",\"potentialAction\":[{\"@type\":\"ReadAction\",\"target\":[\"https:\\\/\\\/www.zytho.ca\\\/fr\\\/produit\\\/coupleur-hydraulique-serie-h-dixon\\\/\"]}]},{\"@type\":\"ImageObject\",\"inLanguage\":\"fr-FR\",\"@id\":\"https:\\\/\\\/www.zytho.ca\\\/fr\\\/produit\\\/coupleur-hydraulique-serie-h-dixon\\\/#primaryimage\",\"url\":\"https:\\\/\\\/www.zytho.ca\\\/wp-content\\\/uploads\\\/2025\\\/10\\\/H-Series-Hydraulic-Coupling-Dixon.jpg\",\"contentUrl\":\"https:\\\/\\\/www.zytho.ca\\\/wp-content\\\/uploads\\\/2025\\\/10\\\/H-Series-Hydraulic-Coupling-Dixon.jpg\",\"width\":432,\"height\":432},{\"@type\":\"BreadcrumbList\",\"@id\":\"https:\\\/\\\/www.zytho.ca\\\/fr\\\/produit\\\/coupleur-hydraulique-serie-h-dixon\\\/#breadcrumb\",\"itemListElement\":[{\"@type\":\"ListItem\",\"position\":1,\"name\":\"Accueil\",\"item\":\"https:\\\/\\\/www.zytho.ca\\\/fr\\\/\"},{\"@type\":\"ListItem\",\"position\":2,\"name\":\"Shop\",\"item\":\"https:\\\/\\\/www.zytho.ca\\\/fr\\\/shop\\\/\"},{\"@type\":\"ListItem\",\"position\":3,\"name\":\"Coupleur hydraulique s\u00e9rie H &#8211; Dixon\"}]},{\"@type\":\"WebSite\",\"@id\":\"https:\\\/\\\/www.zytho.ca\\\/fr\\\/#website\",\"url\":\"https:\\\/\\\/www.zytho.ca\\\/fr\\\/\",\"name\":\"Zytho\",\"description\":\"\",\"publisher\":{\"@id\":\"https:\\\/\\\/www.zytho.ca\\\/fr\\\/#organization\"},\"potentialAction\":[{\"@type\":\"SearchAction\",\"target\":{\"@type\":\"EntryPoint\",\"urlTemplate\":\"https:\\\/\\\/www.zytho.ca\\\/fr\\\/?s={search_term_string}\"},\"query-input\":{\"@type\":\"PropertyValueSpecification\",\"valueRequired\":true,\"valueName\":\"search_term_string\"}}],\"inLanguage\":\"fr-FR\"},{\"@type\":\"Organization\",\"@id\":\"https:\\\/\\\/www.zytho.ca\\\/fr\\\/#organization\",\"name\":\"Zytho\",\"url\":\"https:\\\/\\\/www.zytho.ca\\\/fr\\\/\",\"logo\":{\"@type\":\"ImageObject\",\"inLanguage\":\"fr-FR\",\"@id\":\"https:\\\/\\\/www.zytho.ca\\\/fr\\\/#\\\/schema\\\/logo\\\/image\\\/\",\"url\":\"https:\\\/\\\/www.zytho.ca\\\/wp-content\\\/uploads\\\/2024\\\/05\\\/Zytho_reversed_horizontal.svg\",\"contentUrl\":\"https:\\\/\\\/www.zytho.ca\\\/wp-content\\\/uploads\\\/2024\\\/05\\\/Zytho_reversed_horizontal.svg\",\"width\":1582,\"height\":490,\"caption\":\"Zytho\"},\"image\":{\"@id\":\"https:\\\/\\\/www.zytho.ca\\\/fr\\\/#\\\/schema\\\/logo\\\/image\\\/\"}}]}<\/script>\n<!-- \/ Yoast SEO plugin. -->","yoast_head_json":{"title":"S\u00e9rie H Coupleur hydraulique - Dixon - Pour brasseries pro | Zytho","description":"Am\u00e9liorez l'efficacit\u00e9 de votre brasserie avec le coupleur hydraulique Dixon s\u00e9rie H, con\u00e7u pour un transfert de fluide continu et une grande fiabilit\u00e9. Parfait pour les brasseurs professionnels.","robots":{"index":"index","follow":"follow","max-snippet":"max-snippet:-1","max-image-preview":"max-image-preview:large","max-video-preview":"max-video-preview:-1"},"canonical":"https:\/\/www.zytho.ca\/fr\/produit\/coupleur-hydraulique-serie-h-dixon\/","og_locale":"fr_FR","og_type":"article","og_title":"S\u00e9rie H Coupleur hydraulique - Dixon - Pour brasseries pro | Zytho","og_description":"Am\u00e9liorez l'efficacit\u00e9 de votre brasserie avec le coupleur hydraulique Dixon s\u00e9rie H, con\u00e7u pour un transfert de fluide continu et une grande fiabilit\u00e9. Parfait pour les brasseurs professionnels.","og_url":"https:\/\/www.zytho.ca\/fr\/produit\/coupleur-hydraulique-serie-h-dixon\/","og_site_name":"Zytho","article_modified_time":"2025-11-06T12:40:12+00:00","og_image":[{"width":432,"height":432,"url":"https:\/\/www.zytho.ca\/wp-content\/uploads\/2025\/10\/H-Series-Hydraulic-Coupling-Dixon.jpg","type":"image\/jpeg"}],"twitter_card":"summary_large_image","schema":{"@context":"https:\/\/schema.org","@graph":[{"@type":"WebPage","@id":"https:\/\/www.zytho.ca\/fr\/produit\/coupleur-hydraulique-serie-h-dixon\/","url":"https:\/\/www.zytho.ca\/fr\/produit\/coupleur-hydraulique-serie-h-dixon\/","name":"S\u00e9rie H Coupleur hydraulique - Dixon - Pour brasseries pro | Zytho","isPartOf":{"@id":"https:\/\/www.zytho.ca\/fr\/#website"},"primaryImageOfPage":{"@id":"https:\/\/www.zytho.ca\/fr\/produit\/coupleur-hydraulique-serie-h-dixon\/#primaryimage"},"image":{"@id":"https:\/\/www.zytho.ca\/fr\/produit\/coupleur-hydraulique-serie-h-dixon\/#primaryimage"},"thumbnailUrl":"https:\/\/www.zytho.ca\/wp-content\/uploads\/2025\/10\/H-Series-Hydraulic-Coupling-Dixon.jpg","datePublished":"2025-10-27T15:50:55+00:00","dateModified":"2025-11-06T12:40:12+00:00","description":"Am\u00e9liorez l'efficacit\u00e9 de votre brasserie avec le coupleur hydraulique Dixon s\u00e9rie H, con\u00e7u pour un transfert de fluide continu et une grande fiabilit\u00e9. Parfait pour les brasseurs professionnels.","breadcrumb":{"@id":"https:\/\/www.zytho.ca\/fr\/produit\/coupleur-hydraulique-serie-h-dixon\/#breadcrumb"},"inLanguage":"fr-FR","potentialAction":[{"@type":"ReadAction","target":["https:\/\/www.zytho.ca\/fr\/produit\/coupleur-hydraulique-serie-h-dixon\/"]}]},{"@type":"ImageObject","inLanguage":"fr-FR","@id":"https:\/\/www.zytho.ca\/fr\/produit\/coupleur-hydraulique-serie-h-dixon\/#primaryimage","url":"https:\/\/www.zytho.ca\/wp-content\/uploads\/2025\/10\/H-Series-Hydraulic-Coupling-Dixon.jpg","contentUrl":"https:\/\/www.zytho.ca\/wp-content\/uploads\/2025\/10\/H-Series-Hydraulic-Coupling-Dixon.jpg","width":432,"height":432},{"@type":"BreadcrumbList","@id":"https:\/\/www.zytho.ca\/fr\/produit\/coupleur-hydraulique-serie-h-dixon\/#breadcrumb","itemListElement":[{"@type":"ListItem","position":1,"name":"Accueil","item":"https:\/\/www.zytho.ca\/fr\/"},{"@type":"ListItem","position":2,"name":"Shop","item":"https:\/\/www.zytho.ca\/fr\/shop\/"},{"@type":"ListItem","position":3,"name":"Coupleur hydraulique s\u00e9rie H &#8211; Dixon"}]},{"@type":"WebSite","@id":"https:\/\/www.zytho.ca\/fr\/#website","url":"https:\/\/www.zytho.ca\/fr\/","name":"Zytho","description":"","publisher":{"@id":"https:\/\/www.zytho.ca\/fr\/#organization"},"potentialAction":[{"@type":"SearchAction","target":{"@type":"EntryPoint","urlTemplate":"https:\/\/www.zytho.ca\/fr\/?s={search_term_string}"},"query-input":{"@type":"PropertyValueSpecification","valueRequired":true,"valueName":"search_term_string"}}],"inLanguage":"fr-FR"},{"@type":"Organization","@id":"https:\/\/www.zytho.ca\/fr\/#organization","name":"Zytho","url":"https:\/\/www.zytho.ca\/fr\/","logo":{"@type":"ImageObject","inLanguage":"fr-FR","@id":"https:\/\/www.zytho.ca\/fr\/#\/schema\/logo\/image\/","url":"https:\/\/www.zytho.ca\/wp-content\/uploads\/2024\/05\/Zytho_reversed_horizontal.svg","contentUrl":"https:\/\/www.zytho.ca\/wp-content\/uploads\/2024\/05\/Zytho_reversed_horizontal.svg","width":1582,"height":490,"caption":"Zytho"},"image":{"@id":"https:\/\/www.zytho.ca\/fr\/#\/schema\/logo\/image\/"}}]}},"_links":{"self":[{"href":"https:\/\/www.zytho.ca\/fr\/wp-json\/wp\/v2\/product\/11382","targetHints":{"allow":["GET"]}}],"collection":[{"href":"https:\/\/www.zytho.ca\/fr\/wp-json\/wp\/v2\/product"}],"about":[{"href":"https:\/\/www.zytho.ca\/fr\/wp-json\/wp\/v2\/types\/product"}],"wp:featuredmedia":[{"embeddable":true,"href":"https:\/\/www.zytho.ca\/fr\/wp-json\/wp\/v2\/media\/11384"}],"wp:attachment":[{"href":"https:\/\/www.zytho.ca\/fr\/wp-json\/wp\/v2\/media?parent=11382"}],"wp:term":[{"taxonomy":"product_brand","embeddable":true,"href":"https:\/\/www.zytho.ca\/fr\/wp-json\/wp\/v2\/product_brand?post=11382"},{"taxonomy":"product_cat","embeddable":true,"href":"https:\/\/www.zytho.ca\/fr\/wp-json\/wp\/v2\/product_cat?post=11382"},{"taxonomy":"product_tag","embeddable":true,"href":"https:\/\/www.zytho.ca\/fr\/wp-json\/wp\/v2\/product_tag?post=11382"}],"curies":[{"name":"wp","href":"https:\/\/api.w.org\/{rel}","templated":true}]}}