{"id":11374,"date":"2025-10-27T15:51:10","date_gmt":"2025-10-27T15:51:10","guid":{"rendered":"https:\/\/zytho.ca\/product\/coupleur-femelle-droit-de-la-serie-e-pour-nettoyeur-haute-pression-dixon\/"},"modified":"2025-10-30T13:02:43","modified_gmt":"2025-10-30T13:02:43","slug":"coupleur-femelle-droit-de-la-serie-e-pour-nettoyeur-haute-pression-dixon","status":"publish","type":"product","link":"https:\/\/www.zytho.ca\/fr\/produit\/coupleur-femelle-droit-de-la-serie-e-pour-nettoyeur-haute-pression-dixon\/","title":{"rendered":"Coupleur femelle droit de la s\u00e9rie E pour nettoyeur haute pression &#8211; Dixon"},"content":{"rendered":"<h6><strong>Avantages :<\/strong><\/h6>\n<ul>\n<li>Obtenez une efficacit\u00e9 optimale du d\u00e9bit avec des coupleurs con\u00e7us sans vannes internes, ce qui garantit une perte de pression minimale.<\/li>\n<li>Compatible avec les raccords Parker ST, Foster FST, Hansen ST et Tomco ST pour une int\u00e9gration parfaite.<\/li>\n<li>Id\u00e9al pour les applications de lavage sous pression \u00e0 haute performance avec des capacit\u00e9s d&#8217;\u00e9change directes.<\/li>\n<\/ul>\n<h6><strong>D\u00e9tails du produit :<\/strong><\/h6>\n<ul>\n<li>Fabriqu\u00e9 \u00e0 partir de composants en laiton massif usin\u00e9s avec pr\u00e9cision pour une plus grande durabilit\u00e9.<\/li>\n<li>Les billes, les anneaux de retenue et les ressorts sont en acier inoxydable pour maximiser la r\u00e9sistance \u00e0 la corrosion et prolonger la dur\u00e9e de vie.<\/li>\n<li>Equip\u00e9 de joints standard en Nitrile (Buna-N) pour une \u00e9tanch\u00e9it\u00e9 fiable.<\/li>\n<\/ul>\n","protected":false},"excerpt":{"rendered":"<h4>Principaux avantages pour les brasseurs professionnels :<\/h4>\n<ul>\n<li>Maximisez l&#8217;efficacit\u00e9 du d\u00e9bit avec des coupleurs con\u00e7us pour minimiser la perte de pression, garantissant des performances constantes dans les op\u00e9rations de brassage.<\/li>\n<li>Les raccords standard de l&#8217;industrie se connectent sans effort, am\u00e9liorant la compatibilit\u00e9 et la flexibilit\u00e9 des installations de brassage.<\/li>\n<li>Construit pour durer avec des mat\u00e9riaux r\u00e9sistants \u00e0 la corrosion, il garantit une utilisation durable et fiable dans des environnements de brassage exigeants.<\/li>\n<\/ul>\n","protected":false},"featured_media":11375,"template":"","meta":{"_acf_changed":false,"inline_featured_image":false},"product_brand":[740],"product_cat":[736,799,741],"product_tag":[754,762,755,800],"class_list":{"0":"post-11374","1":"product","2":"type-product","3":"status-publish","4":"has-post-thumbnail","6":"product_brand-dixon","7":"product_cat-distribution","8":"product_cat-lavage-et-nettoyage-en-place","9":"product_cat-materiel","10":"product_tag-brasserie","11":"product_tag-cave","12":"product_tag-distillerie","13":"product_tag-soda","14":"pa_body-size-1-4","15":"pa_body-size-3-8","17":"first","18":"instock","19":"taxable","20":"shipping-taxable","21":"purchasable","22":"product-type-variable"},"acf":[],"yoast_head":"<!-- This site is optimized with the Yoast SEO plugin v27.6 - https:\/\/yoast.com\/product\/yoast-seo-wordpress\/ -->\n<title>Coupleur femelle droit de la s\u00e9rie E du nettoyeur haute pression - Dixon - Pour Pro Breweries | Zytho<\/title>\n<meta name=\"description\" content=\"Optimisez le processus de nettoyage de votre brasserie avec le coupleur Dixon Pressure Washer E-Series. Profitez d&#039;une int\u00e9gration parfaite, d&#039;une perte de pression minimale et d&#039;une construction en laiton durable.\" \/>\n<meta name=\"robots\" content=\"index, follow, max-snippet:-1, max-image-preview:large, max-video-preview:-1\" \/>\n<link rel=\"canonical\" href=\"https:\/\/www.zytho.ca\/fr\/produit\/coupleur-femelle-droit-de-la-serie-e-pour-nettoyeur-haute-pression-dixon\/\" \/>\n<meta property=\"og:locale\" content=\"fr_FR\" \/>\n<meta property=\"og:type\" content=\"article\" \/>\n<meta property=\"og:title\" content=\"Coupleur femelle droit de la s\u00e9rie E du nettoyeur haute pression - Dixon - Pour Pro Breweries | Zytho\" \/>\n<meta property=\"og:description\" content=\"Optimisez le processus de nettoyage de votre brasserie avec le coupleur Dixon Pressure Washer E-Series. Profitez d&#039;une int\u00e9gration parfaite, d&#039;une perte de pression minimale et d&#039;une construction en laiton durable.\" \/>\n<meta property=\"og:url\" content=\"https:\/\/www.zytho.ca\/fr\/produit\/coupleur-femelle-droit-de-la-serie-e-pour-nettoyeur-haute-pression-dixon\/\" \/>\n<meta property=\"og:site_name\" content=\"Zytho\" \/>\n<meta property=\"article:modified_time\" content=\"2025-10-30T13:02:43+00:00\" \/>\n<meta property=\"og:image\" content=\"https:\/\/www.zytho.ca\/wp-content\/uploads\/2025\/10\/Pressure-Washer-E-Series-Straight-Through-Female-Coupler-Dixon.jpg\" \/>\n\t<meta property=\"og:image:width\" content=\"176\" \/>\n\t<meta property=\"og:image:height\" content=\"176\" \/>\n\t<meta property=\"og:image:type\" content=\"image\/jpeg\" \/>\n<meta name=\"twitter:card\" content=\"summary_large_image\" \/>\n<meta name=\"twitter:label1\" content=\"Dur\u00e9e de lecture estim\u00e9e\" \/>\n\t<meta name=\"twitter:data1\" content=\"1 minute\" \/>\n<script type=\"application\/ld+json\" class=\"yoast-schema-graph\">{\"@context\":\"https:\\\/\\\/schema.org\",\"@graph\":[{\"@type\":\"WebPage\",\"@id\":\"https:\\\/\\\/www.zytho.ca\\\/fr\\\/produit\\\/coupleur-femelle-droit-de-la-serie-e-pour-nettoyeur-haute-pression-dixon\\\/\",\"url\":\"https:\\\/\\\/www.zytho.ca\\\/fr\\\/produit\\\/coupleur-femelle-droit-de-la-serie-e-pour-nettoyeur-haute-pression-dixon\\\/\",\"name\":\"Coupleur femelle droit de la s\u00e9rie E du nettoyeur haute pression - Dixon - Pour Pro Breweries | Zytho\",\"isPartOf\":{\"@id\":\"https:\\\/\\\/www.zytho.ca\\\/fr\\\/#website\"},\"primaryImageOfPage\":{\"@id\":\"https:\\\/\\\/www.zytho.ca\\\/fr\\\/produit\\\/coupleur-femelle-droit-de-la-serie-e-pour-nettoyeur-haute-pression-dixon\\\/#primaryimage\"},\"image\":{\"@id\":\"https:\\\/\\\/www.zytho.ca\\\/fr\\\/produit\\\/coupleur-femelle-droit-de-la-serie-e-pour-nettoyeur-haute-pression-dixon\\\/#primaryimage\"},\"thumbnailUrl\":\"https:\\\/\\\/www.zytho.ca\\\/wp-content\\\/uploads\\\/2025\\\/10\\\/Pressure-Washer-E-Series-Straight-Through-Female-Coupler-Dixon.jpg\",\"datePublished\":\"2025-10-27T15:51:10+00:00\",\"dateModified\":\"2025-10-30T13:02:43+00:00\",\"description\":\"Optimisez le processus de nettoyage de votre brasserie avec le coupleur Dixon Pressure Washer E-Series. Profitez d'une int\u00e9gration parfaite, d'une perte de pression minimale et d'une construction en laiton durable.\",\"breadcrumb\":{\"@id\":\"https:\\\/\\\/www.zytho.ca\\\/fr\\\/produit\\\/coupleur-femelle-droit-de-la-serie-e-pour-nettoyeur-haute-pression-dixon\\\/#breadcrumb\"},\"inLanguage\":\"fr-FR\",\"potentialAction\":[{\"@type\":\"ReadAction\",\"target\":[\"https:\\\/\\\/www.zytho.ca\\\/fr\\\/produit\\\/coupleur-femelle-droit-de-la-serie-e-pour-nettoyeur-haute-pression-dixon\\\/\"]}]},{\"@type\":\"ImageObject\",\"inLanguage\":\"fr-FR\",\"@id\":\"https:\\\/\\\/www.zytho.ca\\\/fr\\\/produit\\\/coupleur-femelle-droit-de-la-serie-e-pour-nettoyeur-haute-pression-dixon\\\/#primaryimage\",\"url\":\"https:\\\/\\\/www.zytho.ca\\\/wp-content\\\/uploads\\\/2025\\\/10\\\/Pressure-Washer-E-Series-Straight-Through-Female-Coupler-Dixon.jpg\",\"contentUrl\":\"https:\\\/\\\/www.zytho.ca\\\/wp-content\\\/uploads\\\/2025\\\/10\\\/Pressure-Washer-E-Series-Straight-Through-Female-Coupler-Dixon.jpg\",\"width\":176,\"height\":176},{\"@type\":\"BreadcrumbList\",\"@id\":\"https:\\\/\\\/www.zytho.ca\\\/fr\\\/produit\\\/coupleur-femelle-droit-de-la-serie-e-pour-nettoyeur-haute-pression-dixon\\\/#breadcrumb\",\"itemListElement\":[{\"@type\":\"ListItem\",\"position\":1,\"name\":\"Accueil\",\"item\":\"https:\\\/\\\/www.zytho.ca\\\/fr\\\/\"},{\"@type\":\"ListItem\",\"position\":2,\"name\":\"Shop\",\"item\":\"https:\\\/\\\/www.zytho.ca\\\/fr\\\/shop\\\/\"},{\"@type\":\"ListItem\",\"position\":3,\"name\":\"Coupleur femelle droit de la s\u00e9rie E pour nettoyeur haute pression &#8211; Dixon\"}]},{\"@type\":\"WebSite\",\"@id\":\"https:\\\/\\\/www.zytho.ca\\\/fr\\\/#website\",\"url\":\"https:\\\/\\\/www.zytho.ca\\\/fr\\\/\",\"name\":\"Zytho\",\"description\":\"\",\"publisher\":{\"@id\":\"https:\\\/\\\/www.zytho.ca\\\/fr\\\/#organization\"},\"potentialAction\":[{\"@type\":\"SearchAction\",\"target\":{\"@type\":\"EntryPoint\",\"urlTemplate\":\"https:\\\/\\\/www.zytho.ca\\\/fr\\\/?s={search_term_string}\"},\"query-input\":{\"@type\":\"PropertyValueSpecification\",\"valueRequired\":true,\"valueName\":\"search_term_string\"}}],\"inLanguage\":\"fr-FR\"},{\"@type\":\"Organization\",\"@id\":\"https:\\\/\\\/www.zytho.ca\\\/fr\\\/#organization\",\"name\":\"Zytho\",\"url\":\"https:\\\/\\\/www.zytho.ca\\\/fr\\\/\",\"logo\":{\"@type\":\"ImageObject\",\"inLanguage\":\"fr-FR\",\"@id\":\"https:\\\/\\\/www.zytho.ca\\\/fr\\\/#\\\/schema\\\/logo\\\/image\\\/\",\"url\":\"https:\\\/\\\/www.zytho.ca\\\/wp-content\\\/uploads\\\/2024\\\/05\\\/Zytho_reversed_horizontal.svg\",\"contentUrl\":\"https:\\\/\\\/www.zytho.ca\\\/wp-content\\\/uploads\\\/2024\\\/05\\\/Zytho_reversed_horizontal.svg\",\"width\":1582,\"height\":490,\"caption\":\"Zytho\"},\"image\":{\"@id\":\"https:\\\/\\\/www.zytho.ca\\\/fr\\\/#\\\/schema\\\/logo\\\/image\\\/\"}}]}<\/script>\n<!-- \/ Yoast SEO plugin. -->","yoast_head_json":{"title":"Coupleur femelle droit de la s\u00e9rie E du nettoyeur haute pression - Dixon - Pour Pro Breweries | Zytho","description":"Optimisez le processus de nettoyage de votre brasserie avec le coupleur Dixon Pressure Washer E-Series. Profitez d'une int\u00e9gration parfaite, d'une perte de pression minimale et d'une construction en laiton durable.","robots":{"index":"index","follow":"follow","max-snippet":"max-snippet:-1","max-image-preview":"max-image-preview:large","max-video-preview":"max-video-preview:-1"},"canonical":"https:\/\/www.zytho.ca\/fr\/produit\/coupleur-femelle-droit-de-la-serie-e-pour-nettoyeur-haute-pression-dixon\/","og_locale":"fr_FR","og_type":"article","og_title":"Coupleur femelle droit de la s\u00e9rie E du nettoyeur haute pression - Dixon - Pour Pro Breweries | Zytho","og_description":"Optimisez le processus de nettoyage de votre brasserie avec le coupleur Dixon Pressure Washer E-Series. Profitez d'une int\u00e9gration parfaite, d'une perte de pression minimale et d'une construction en laiton durable.","og_url":"https:\/\/www.zytho.ca\/fr\/produit\/coupleur-femelle-droit-de-la-serie-e-pour-nettoyeur-haute-pression-dixon\/","og_site_name":"Zytho","article_modified_time":"2025-10-30T13:02:43+00:00","og_image":[{"width":176,"height":176,"url":"https:\/\/www.zytho.ca\/wp-content\/uploads\/2025\/10\/Pressure-Washer-E-Series-Straight-Through-Female-Coupler-Dixon.jpg","type":"image\/jpeg"}],"twitter_card":"summary_large_image","twitter_misc":{"Dur\u00e9e de lecture estim\u00e9e":"1 minute"},"schema":{"@context":"https:\/\/schema.org","@graph":[{"@type":"WebPage","@id":"https:\/\/www.zytho.ca\/fr\/produit\/coupleur-femelle-droit-de-la-serie-e-pour-nettoyeur-haute-pression-dixon\/","url":"https:\/\/www.zytho.ca\/fr\/produit\/coupleur-femelle-droit-de-la-serie-e-pour-nettoyeur-haute-pression-dixon\/","name":"Coupleur femelle droit de la s\u00e9rie E du nettoyeur haute pression - Dixon - Pour Pro Breweries | Zytho","isPartOf":{"@id":"https:\/\/www.zytho.ca\/fr\/#website"},"primaryImageOfPage":{"@id":"https:\/\/www.zytho.ca\/fr\/produit\/coupleur-femelle-droit-de-la-serie-e-pour-nettoyeur-haute-pression-dixon\/#primaryimage"},"image":{"@id":"https:\/\/www.zytho.ca\/fr\/produit\/coupleur-femelle-droit-de-la-serie-e-pour-nettoyeur-haute-pression-dixon\/#primaryimage"},"thumbnailUrl":"https:\/\/www.zytho.ca\/wp-content\/uploads\/2025\/10\/Pressure-Washer-E-Series-Straight-Through-Female-Coupler-Dixon.jpg","datePublished":"2025-10-27T15:51:10+00:00","dateModified":"2025-10-30T13:02:43+00:00","description":"Optimisez le processus de nettoyage de votre brasserie avec le coupleur Dixon Pressure Washer E-Series. Profitez d'une int\u00e9gration parfaite, d'une perte de pression minimale et d'une construction en laiton durable.","breadcrumb":{"@id":"https:\/\/www.zytho.ca\/fr\/produit\/coupleur-femelle-droit-de-la-serie-e-pour-nettoyeur-haute-pression-dixon\/#breadcrumb"},"inLanguage":"fr-FR","potentialAction":[{"@type":"ReadAction","target":["https:\/\/www.zytho.ca\/fr\/produit\/coupleur-femelle-droit-de-la-serie-e-pour-nettoyeur-haute-pression-dixon\/"]}]},{"@type":"ImageObject","inLanguage":"fr-FR","@id":"https:\/\/www.zytho.ca\/fr\/produit\/coupleur-femelle-droit-de-la-serie-e-pour-nettoyeur-haute-pression-dixon\/#primaryimage","url":"https:\/\/www.zytho.ca\/wp-content\/uploads\/2025\/10\/Pressure-Washer-E-Series-Straight-Through-Female-Coupler-Dixon.jpg","contentUrl":"https:\/\/www.zytho.ca\/wp-content\/uploads\/2025\/10\/Pressure-Washer-E-Series-Straight-Through-Female-Coupler-Dixon.jpg","width":176,"height":176},{"@type":"BreadcrumbList","@id":"https:\/\/www.zytho.ca\/fr\/produit\/coupleur-femelle-droit-de-la-serie-e-pour-nettoyeur-haute-pression-dixon\/#breadcrumb","itemListElement":[{"@type":"ListItem","position":1,"name":"Accueil","item":"https:\/\/www.zytho.ca\/fr\/"},{"@type":"ListItem","position":2,"name":"Shop","item":"https:\/\/www.zytho.ca\/fr\/shop\/"},{"@type":"ListItem","position":3,"name":"Coupleur femelle droit de la s\u00e9rie E pour nettoyeur haute pression &#8211; Dixon"}]},{"@type":"WebSite","@id":"https:\/\/www.zytho.ca\/fr\/#website","url":"https:\/\/www.zytho.ca\/fr\/","name":"Zytho","description":"","publisher":{"@id":"https:\/\/www.zytho.ca\/fr\/#organization"},"potentialAction":[{"@type":"SearchAction","target":{"@type":"EntryPoint","urlTemplate":"https:\/\/www.zytho.ca\/fr\/?s={search_term_string}"},"query-input":{"@type":"PropertyValueSpecification","valueRequired":true,"valueName":"search_term_string"}}],"inLanguage":"fr-FR"},{"@type":"Organization","@id":"https:\/\/www.zytho.ca\/fr\/#organization","name":"Zytho","url":"https:\/\/www.zytho.ca\/fr\/","logo":{"@type":"ImageObject","inLanguage":"fr-FR","@id":"https:\/\/www.zytho.ca\/fr\/#\/schema\/logo\/image\/","url":"https:\/\/www.zytho.ca\/wp-content\/uploads\/2024\/05\/Zytho_reversed_horizontal.svg","contentUrl":"https:\/\/www.zytho.ca\/wp-content\/uploads\/2024\/05\/Zytho_reversed_horizontal.svg","width":1582,"height":490,"caption":"Zytho"},"image":{"@id":"https:\/\/www.zytho.ca\/fr\/#\/schema\/logo\/image\/"}}]}},"_links":{"self":[{"href":"https:\/\/www.zytho.ca\/fr\/wp-json\/wp\/v2\/product\/11374","targetHints":{"allow":["GET"]}}],"collection":[{"href":"https:\/\/www.zytho.ca\/fr\/wp-json\/wp\/v2\/product"}],"about":[{"href":"https:\/\/www.zytho.ca\/fr\/wp-json\/wp\/v2\/types\/product"}],"wp:featuredmedia":[{"embeddable":true,"href":"https:\/\/www.zytho.ca\/fr\/wp-json\/wp\/v2\/media\/11375"}],"wp:attachment":[{"href":"https:\/\/www.zytho.ca\/fr\/wp-json\/wp\/v2\/media?parent=11374"}],"wp:term":[{"taxonomy":"product_brand","embeddable":true,"href":"https:\/\/www.zytho.ca\/fr\/wp-json\/wp\/v2\/product_brand?post=11374"},{"taxonomy":"product_cat","embeddable":true,"href":"https:\/\/www.zytho.ca\/fr\/wp-json\/wp\/v2\/product_cat?post=11374"},{"taxonomy":"product_tag","embeddable":true,"href":"https:\/\/www.zytho.ca\/fr\/wp-json\/wp\/v2\/product_tag?post=11374"}],"curies":[{"name":"wp","href":"https:\/\/api.w.org\/{rel}","templated":true}]}}