{"id":11337,"date":"2025-10-27T15:51:05","date_gmt":"2025-10-27T15:51:05","guid":{"rendered":"https:\/\/zytho.ca\/product\/b24v-schedule-pipe-uni-hinge-block-hanger-dixon\/"},"modified":"2025-10-27T15:51:05","modified_gmt":"2025-10-27T15:51:05","slug":"b24v-schedule-pipe-uni-hinge-block-hanger-dixon","status":"publish","type":"product","link":"https:\/\/www.zytho.ca\/fr\/produit\/b24v-schedule-pipe-uni-hinge-block-hanger-dixon\/","title":{"rendered":"B24V Schedule Pipe Uni-Hinge Block Hanger &#8211; Dixon"},"content":{"rendered":"<h6><strong>Avantages :<\/strong><\/h6>\n<ul class=\"dash-list\">\n<li>Garantit la conformit\u00e9 avec les normes MSS 69 relatives au diam\u00e8tre ext\u00e9rieur des tiges gr\u00e2ce \u00e0 des filets de suspension adapt\u00e9s avec pr\u00e9cision.<\/li>\n<li>\u00c9limine les risques potentiels de contamination gr\u00e2ce \u00e0 des plaques enti\u00e8rement polies et des \u00e9crous lubrifi\u00e9s approuv\u00e9s par la FDA.<\/li>\n<li class=\"last\">La conception rationalis\u00e9e permet une int\u00e9gration transparente dans les gaines d&#8217;isolation, minimisant ainsi le diam\u00e8tre ext\u00e9rieur.<\/li>\n<li class=\"first\">Emp\u00eache l&#8217;exposition des fils ou des ouvertures du mat\u00e9riel, am\u00e9liorant ainsi l&#8217;int\u00e9grit\u00e9 du syst\u00e8me.<\/li>\n<\/ul>\n<h6><strong>Applications :<\/strong><\/h6>\n<ul class=\"dash-list\">\n<li class=\"first\">Id\u00e9al pour les salles blanches et les espaces m\u00e9caniques, y compris, mais sans s&#8217;y limiter, les environnements biotechnologiques, pharmaceutiques et agroalimentaires.<\/li>\n<li class=\"last\">Convient aux syst\u00e8mes \u00e0 faible d\u00e9bit et \u00e0 faible pression soumis \u00e0 des vibrations mod\u00e9r\u00e9es, tels que les lignes WFI, SIP, CIP, les lignes de process, d&#8217;utilit\u00e9s et d&#8217;instruments.<\/li>\n<\/ul>\n<h6><strong>D\u00e9tails du produit :<\/strong><\/h6>\n<ul class=\"dash-list\">\n<li class=\"first\">Fabriqu\u00e9 avec un insert en silicone d&#8217;une seule pi\u00e8ce d&#8217;une duret\u00e9 de 80 durom\u00e8tres.<\/li>\n<li class=\"last\">Fabriqu\u00e9 \u00e0 partir de mat\u00e9riel en acier inoxydable 304 et 316 de haute qualit\u00e9.<\/li>\n<\/ul>\n","protected":false},"excerpt":{"rendered":"<h4>Principaux avantages pour les brasseurs professionnels :<\/h4>\n<ul>\n<li>Veiller au respect des normes industrielles, en maintenant l&#8217;int\u00e9grit\u00e9 et la fiabilit\u00e9 du syst\u00e8me.<\/li>\n<li>Minimise les risques de contamination gr\u00e2ce \u00e0 des composants polis, approuv\u00e9s par la FDA, id\u00e9aux pour les environnements de brassage propres.<\/li>\n<li>S&#8217;int\u00e8gre parfaitement aux gaines d&#8217;isolation, ce qui permet d&#8217;optimiser l&#8217;espace et de r\u00e9duire le diam\u00e8tre ext\u00e9rieur.<\/li>\n<\/ul>\n","protected":false},"featured_media":11339,"template":"","meta":{"_acf_changed":false,"inline_featured_image":false},"product_brand":[740],"product_cat":[736,741,749],"product_tag":[],"class_list":{"0":"post-11337","1":"product","2":"type-product","3":"status-publish","4":"has-post-thumbnail","6":"product_brand-dixon","7":"product_cat-distribution","8":"product_cat-materiel","9":"product_cat-quincaillerie-industrielle","11":"first","12":"instock","13":"taxable","14":"shipping-taxable","15":"purchasable","16":"product-type-variable"},"acf":[],"yoast_head":"<!-- This site is optimized with the Yoast SEO plugin v27.6 - https:\/\/yoast.com\/product\/yoast-seo-wordpress\/ -->\n<title>B24V Schedule Pipe Uni-Hinge Block Hanger - Dixon - For Pro Breweries | Zytho<\/title>\n<meta name=\"description\" content=\"D\u00e9couvrez le bloc de suspension B24V Schedule Pipe Uni-Hinge de Dixon, parfait pour les brasseries. Assurez la conformit\u00e9, pr\u00e9venez la contamination et am\u00e9liorez l&#039;int\u00e9grit\u00e9 du syst\u00e8me gr\u00e2ce \u00e0 notre conception en acier inoxydable de haute qualit\u00e9. Id\u00e9al pour les salles blanches et les syst\u00e8mes \u00e0 basse pression.\" \/>\n<meta name=\"robots\" content=\"index, follow, max-snippet:-1, max-image-preview:large, max-video-preview:-1\" \/>\n<link rel=\"canonical\" href=\"https:\/\/www.zytho.ca\/fr\/produit\/b24v-schedule-pipe-uni-hinge-block-hanger-dixon\/\" \/>\n<meta property=\"og:locale\" content=\"fr_FR\" \/>\n<meta property=\"og:type\" content=\"article\" \/>\n<meta property=\"og:title\" content=\"B24V Schedule Pipe Uni-Hinge Block Hanger - Dixon - For Pro Breweries | Zytho\" \/>\n<meta property=\"og:description\" content=\"D\u00e9couvrez le bloc de suspension B24V Schedule Pipe Uni-Hinge de Dixon, parfait pour les brasseries. Assurez la conformit\u00e9, pr\u00e9venez la contamination et am\u00e9liorez l&#039;int\u00e9grit\u00e9 du syst\u00e8me gr\u00e2ce \u00e0 notre conception en acier inoxydable de haute qualit\u00e9. Id\u00e9al pour les salles blanches et les syst\u00e8mes \u00e0 basse pression.\" \/>\n<meta property=\"og:url\" content=\"https:\/\/www.zytho.ca\/fr\/produit\/b24v-schedule-pipe-uni-hinge-block-hanger-dixon\/\" \/>\n<meta property=\"og:site_name\" content=\"Zytho\" \/>\n<meta property=\"og:image\" content=\"https:\/\/www.zytho.ca\/wp-content\/uploads\/2025\/10\/B24V-Schedule-Pipe-Uni-Hinge-Block-Hanger-Dixon.jpg\" \/>\n\t<meta property=\"og:image:width\" content=\"584\" \/>\n\t<meta property=\"og:image:height\" content=\"584\" \/>\n\t<meta property=\"og:image:type\" content=\"image\/jpeg\" \/>\n<meta name=\"twitter:card\" content=\"summary_large_image\" \/>\n<meta name=\"twitter:label1\" content=\"Dur\u00e9e de lecture estim\u00e9e\" \/>\n\t<meta name=\"twitter:data1\" content=\"1 minute\" \/>\n<script type=\"application\/ld+json\" class=\"yoast-schema-graph\">{\"@context\":\"https:\\\/\\\/schema.org\",\"@graph\":[{\"@type\":\"WebPage\",\"@id\":\"https:\\\/\\\/www.zytho.ca\\\/fr\\\/produit\\\/b24v-schedule-pipe-uni-hinge-block-hanger-dixon\\\/\",\"url\":\"https:\\\/\\\/www.zytho.ca\\\/fr\\\/produit\\\/b24v-schedule-pipe-uni-hinge-block-hanger-dixon\\\/\",\"name\":\"B24V Schedule Pipe Uni-Hinge Block Hanger - Dixon - For Pro Breweries | Zytho\",\"isPartOf\":{\"@id\":\"https:\\\/\\\/www.zytho.ca\\\/fr\\\/#website\"},\"primaryImageOfPage\":{\"@id\":\"https:\\\/\\\/www.zytho.ca\\\/fr\\\/produit\\\/b24v-schedule-pipe-uni-hinge-block-hanger-dixon\\\/#primaryimage\"},\"image\":{\"@id\":\"https:\\\/\\\/www.zytho.ca\\\/fr\\\/produit\\\/b24v-schedule-pipe-uni-hinge-block-hanger-dixon\\\/#primaryimage\"},\"thumbnailUrl\":\"https:\\\/\\\/www.zytho.ca\\\/wp-content\\\/uploads\\\/2025\\\/10\\\/B24V-Schedule-Pipe-Uni-Hinge-Block-Hanger-Dixon.jpg\",\"datePublished\":\"2025-10-27T15:51:05+00:00\",\"description\":\"D\u00e9couvrez le bloc de suspension B24V Schedule Pipe Uni-Hinge de Dixon, parfait pour les brasseries. Assurez la conformit\u00e9, pr\u00e9venez la contamination et am\u00e9liorez l'int\u00e9grit\u00e9 du syst\u00e8me gr\u00e2ce \u00e0 notre conception en acier inoxydable de haute qualit\u00e9. Id\u00e9al pour les salles blanches et les syst\u00e8mes \u00e0 basse pression.\",\"breadcrumb\":{\"@id\":\"https:\\\/\\\/www.zytho.ca\\\/fr\\\/produit\\\/b24v-schedule-pipe-uni-hinge-block-hanger-dixon\\\/#breadcrumb\"},\"inLanguage\":\"fr-FR\",\"potentialAction\":[{\"@type\":\"ReadAction\",\"target\":[\"https:\\\/\\\/www.zytho.ca\\\/fr\\\/produit\\\/b24v-schedule-pipe-uni-hinge-block-hanger-dixon\\\/\"]}]},{\"@type\":\"ImageObject\",\"inLanguage\":\"fr-FR\",\"@id\":\"https:\\\/\\\/www.zytho.ca\\\/fr\\\/produit\\\/b24v-schedule-pipe-uni-hinge-block-hanger-dixon\\\/#primaryimage\",\"url\":\"https:\\\/\\\/www.zytho.ca\\\/wp-content\\\/uploads\\\/2025\\\/10\\\/B24V-Schedule-Pipe-Uni-Hinge-Block-Hanger-Dixon.jpg\",\"contentUrl\":\"https:\\\/\\\/www.zytho.ca\\\/wp-content\\\/uploads\\\/2025\\\/10\\\/B24V-Schedule-Pipe-Uni-Hinge-Block-Hanger-Dixon.jpg\",\"width\":584,\"height\":584},{\"@type\":\"BreadcrumbList\",\"@id\":\"https:\\\/\\\/www.zytho.ca\\\/fr\\\/produit\\\/b24v-schedule-pipe-uni-hinge-block-hanger-dixon\\\/#breadcrumb\",\"itemListElement\":[{\"@type\":\"ListItem\",\"position\":1,\"name\":\"Accueil\",\"item\":\"https:\\\/\\\/www.zytho.ca\\\/fr\\\/\"},{\"@type\":\"ListItem\",\"position\":2,\"name\":\"Shop\",\"item\":\"https:\\\/\\\/www.zytho.ca\\\/fr\\\/shop\\\/\"},{\"@type\":\"ListItem\",\"position\":3,\"name\":\"B24V Schedule Pipe Uni-Hinge Block Hanger &#8211; Dixon\"}]},{\"@type\":\"WebSite\",\"@id\":\"https:\\\/\\\/www.zytho.ca\\\/fr\\\/#website\",\"url\":\"https:\\\/\\\/www.zytho.ca\\\/fr\\\/\",\"name\":\"Zytho\",\"description\":\"\",\"publisher\":{\"@id\":\"https:\\\/\\\/www.zytho.ca\\\/fr\\\/#organization\"},\"potentialAction\":[{\"@type\":\"SearchAction\",\"target\":{\"@type\":\"EntryPoint\",\"urlTemplate\":\"https:\\\/\\\/www.zytho.ca\\\/fr\\\/?s={search_term_string}\"},\"query-input\":{\"@type\":\"PropertyValueSpecification\",\"valueRequired\":true,\"valueName\":\"search_term_string\"}}],\"inLanguage\":\"fr-FR\"},{\"@type\":\"Organization\",\"@id\":\"https:\\\/\\\/www.zytho.ca\\\/fr\\\/#organization\",\"name\":\"Zytho\",\"url\":\"https:\\\/\\\/www.zytho.ca\\\/fr\\\/\",\"logo\":{\"@type\":\"ImageObject\",\"inLanguage\":\"fr-FR\",\"@id\":\"https:\\\/\\\/www.zytho.ca\\\/fr\\\/#\\\/schema\\\/logo\\\/image\\\/\",\"url\":\"https:\\\/\\\/www.zytho.ca\\\/wp-content\\\/uploads\\\/2024\\\/05\\\/Zytho_reversed_horizontal.svg\",\"contentUrl\":\"https:\\\/\\\/www.zytho.ca\\\/wp-content\\\/uploads\\\/2024\\\/05\\\/Zytho_reversed_horizontal.svg\",\"width\":1582,\"height\":490,\"caption\":\"Zytho\"},\"image\":{\"@id\":\"https:\\\/\\\/www.zytho.ca\\\/fr\\\/#\\\/schema\\\/logo\\\/image\\\/\"}}]}<\/script>\n<!-- \/ Yoast SEO plugin. -->","yoast_head_json":{"title":"B24V Schedule Pipe Uni-Hinge Block Hanger - Dixon - For Pro Breweries | Zytho","description":"D\u00e9couvrez le bloc de suspension B24V Schedule Pipe Uni-Hinge de Dixon, parfait pour les brasseries. Assurez la conformit\u00e9, pr\u00e9venez la contamination et am\u00e9liorez l'int\u00e9grit\u00e9 du syst\u00e8me gr\u00e2ce \u00e0 notre conception en acier inoxydable de haute qualit\u00e9. Id\u00e9al pour les salles blanches et les syst\u00e8mes \u00e0 basse pression.","robots":{"index":"index","follow":"follow","max-snippet":"max-snippet:-1","max-image-preview":"max-image-preview:large","max-video-preview":"max-video-preview:-1"},"canonical":"https:\/\/www.zytho.ca\/fr\/produit\/b24v-schedule-pipe-uni-hinge-block-hanger-dixon\/","og_locale":"fr_FR","og_type":"article","og_title":"B24V Schedule Pipe Uni-Hinge Block Hanger - Dixon - For Pro Breweries | Zytho","og_description":"D\u00e9couvrez le bloc de suspension B24V Schedule Pipe Uni-Hinge de Dixon, parfait pour les brasseries. Assurez la conformit\u00e9, pr\u00e9venez la contamination et am\u00e9liorez l'int\u00e9grit\u00e9 du syst\u00e8me gr\u00e2ce \u00e0 notre conception en acier inoxydable de haute qualit\u00e9. Id\u00e9al pour les salles blanches et les syst\u00e8mes \u00e0 basse pression.","og_url":"https:\/\/www.zytho.ca\/fr\/produit\/b24v-schedule-pipe-uni-hinge-block-hanger-dixon\/","og_site_name":"Zytho","og_image":[{"width":584,"height":584,"url":"https:\/\/www.zytho.ca\/wp-content\/uploads\/2025\/10\/B24V-Schedule-Pipe-Uni-Hinge-Block-Hanger-Dixon.jpg","type":"image\/jpeg"}],"twitter_card":"summary_large_image","twitter_misc":{"Dur\u00e9e de lecture estim\u00e9e":"1 minute"},"schema":{"@context":"https:\/\/schema.org","@graph":[{"@type":"WebPage","@id":"https:\/\/www.zytho.ca\/fr\/produit\/b24v-schedule-pipe-uni-hinge-block-hanger-dixon\/","url":"https:\/\/www.zytho.ca\/fr\/produit\/b24v-schedule-pipe-uni-hinge-block-hanger-dixon\/","name":"B24V Schedule Pipe Uni-Hinge Block Hanger - Dixon - For Pro Breweries | Zytho","isPartOf":{"@id":"https:\/\/www.zytho.ca\/fr\/#website"},"primaryImageOfPage":{"@id":"https:\/\/www.zytho.ca\/fr\/produit\/b24v-schedule-pipe-uni-hinge-block-hanger-dixon\/#primaryimage"},"image":{"@id":"https:\/\/www.zytho.ca\/fr\/produit\/b24v-schedule-pipe-uni-hinge-block-hanger-dixon\/#primaryimage"},"thumbnailUrl":"https:\/\/www.zytho.ca\/wp-content\/uploads\/2025\/10\/B24V-Schedule-Pipe-Uni-Hinge-Block-Hanger-Dixon.jpg","datePublished":"2025-10-27T15:51:05+00:00","description":"D\u00e9couvrez le bloc de suspension B24V Schedule Pipe Uni-Hinge de Dixon, parfait pour les brasseries. Assurez la conformit\u00e9, pr\u00e9venez la contamination et am\u00e9liorez l'int\u00e9grit\u00e9 du syst\u00e8me gr\u00e2ce \u00e0 notre conception en acier inoxydable de haute qualit\u00e9. Id\u00e9al pour les salles blanches et les syst\u00e8mes \u00e0 basse pression.","breadcrumb":{"@id":"https:\/\/www.zytho.ca\/fr\/produit\/b24v-schedule-pipe-uni-hinge-block-hanger-dixon\/#breadcrumb"},"inLanguage":"fr-FR","potentialAction":[{"@type":"ReadAction","target":["https:\/\/www.zytho.ca\/fr\/produit\/b24v-schedule-pipe-uni-hinge-block-hanger-dixon\/"]}]},{"@type":"ImageObject","inLanguage":"fr-FR","@id":"https:\/\/www.zytho.ca\/fr\/produit\/b24v-schedule-pipe-uni-hinge-block-hanger-dixon\/#primaryimage","url":"https:\/\/www.zytho.ca\/wp-content\/uploads\/2025\/10\/B24V-Schedule-Pipe-Uni-Hinge-Block-Hanger-Dixon.jpg","contentUrl":"https:\/\/www.zytho.ca\/wp-content\/uploads\/2025\/10\/B24V-Schedule-Pipe-Uni-Hinge-Block-Hanger-Dixon.jpg","width":584,"height":584},{"@type":"BreadcrumbList","@id":"https:\/\/www.zytho.ca\/fr\/produit\/b24v-schedule-pipe-uni-hinge-block-hanger-dixon\/#breadcrumb","itemListElement":[{"@type":"ListItem","position":1,"name":"Accueil","item":"https:\/\/www.zytho.ca\/fr\/"},{"@type":"ListItem","position":2,"name":"Shop","item":"https:\/\/www.zytho.ca\/fr\/shop\/"},{"@type":"ListItem","position":3,"name":"B24V Schedule Pipe Uni-Hinge Block Hanger &#8211; Dixon"}]},{"@type":"WebSite","@id":"https:\/\/www.zytho.ca\/fr\/#website","url":"https:\/\/www.zytho.ca\/fr\/","name":"Zytho","description":"","publisher":{"@id":"https:\/\/www.zytho.ca\/fr\/#organization"},"potentialAction":[{"@type":"SearchAction","target":{"@type":"EntryPoint","urlTemplate":"https:\/\/www.zytho.ca\/fr\/?s={search_term_string}"},"query-input":{"@type":"PropertyValueSpecification","valueRequired":true,"valueName":"search_term_string"}}],"inLanguage":"fr-FR"},{"@type":"Organization","@id":"https:\/\/www.zytho.ca\/fr\/#organization","name":"Zytho","url":"https:\/\/www.zytho.ca\/fr\/","logo":{"@type":"ImageObject","inLanguage":"fr-FR","@id":"https:\/\/www.zytho.ca\/fr\/#\/schema\/logo\/image\/","url":"https:\/\/www.zytho.ca\/wp-content\/uploads\/2024\/05\/Zytho_reversed_horizontal.svg","contentUrl":"https:\/\/www.zytho.ca\/wp-content\/uploads\/2024\/05\/Zytho_reversed_horizontal.svg","width":1582,"height":490,"caption":"Zytho"},"image":{"@id":"https:\/\/www.zytho.ca\/fr\/#\/schema\/logo\/image\/"}}]}},"_links":{"self":[{"href":"https:\/\/www.zytho.ca\/fr\/wp-json\/wp\/v2\/product\/11337","targetHints":{"allow":["GET"]}}],"collection":[{"href":"https:\/\/www.zytho.ca\/fr\/wp-json\/wp\/v2\/product"}],"about":[{"href":"https:\/\/www.zytho.ca\/fr\/wp-json\/wp\/v2\/types\/product"}],"wp:featuredmedia":[{"embeddable":true,"href":"https:\/\/www.zytho.ca\/fr\/wp-json\/wp\/v2\/media\/11339"}],"wp:attachment":[{"href":"https:\/\/www.zytho.ca\/fr\/wp-json\/wp\/v2\/media?parent=11337"}],"wp:term":[{"taxonomy":"product_brand","embeddable":true,"href":"https:\/\/www.zytho.ca\/fr\/wp-json\/wp\/v2\/product_brand?post=11337"},{"taxonomy":"product_cat","embeddable":true,"href":"https:\/\/www.zytho.ca\/fr\/wp-json\/wp\/v2\/product_cat?post=11337"},{"taxonomy":"product_tag","embeddable":true,"href":"https:\/\/www.zytho.ca\/fr\/wp-json\/wp\/v2\/product_tag?post=11337"}],"curies":[{"name":"wp","href":"https:\/\/api.w.org\/{rel}","templated":true}]}}