{"id":11336,"date":"2025-10-27T15:51:10","date_gmt":"2025-10-27T15:51:10","guid":{"rendered":"https:\/\/zytho.ca\/product\/t7mp-haute-purete-biopharm-tes-clamp-x-clamp-x-clamp-dixon\/"},"modified":"2025-11-10T11:01:51","modified_gmt":"2025-11-10T11:01:51","slug":"t7mp-haute-purete-biopharm-tes-clamp-x-clamp-x-clamp-dixon","status":"publish","type":"product","link":"https:\/\/www.zytho.ca\/fr\/produit\/t7mp-haute-purete-biopharm-tes-clamp-x-clamp-x-clamp-dixon\/","title":{"rendered":"T7MP Haute Puret\u00e9 BioPharm &#8211; T\u00e9s Clamp x Clamp x Clamp &#8211; Dixon"},"content":{"rendered":"<p>D\u00e9couvrez la valve de d\u00e9charge d&#8217;air et de vide de la s\u00e9rie TVS, une solution de pointe con\u00e7ue pour am\u00e9liorer l&#8217;efficacit\u00e9 et la s\u00e9curit\u00e9 de vos syst\u00e8mes de traitement sanitaire. Con\u00e7ue pour des performances optimales, cette valve g\u00e8re efficacement le flux d&#8217;air et pr\u00e9vient les conditions de vide qui peuvent perturber les op\u00e9rations. Fabriqu\u00e9e \u00e0 partir de mat\u00e9riaux durables de haute qualit\u00e9, elle assure une fiabilit\u00e9 \u00e0 long terme et r\u00e9pond aux normes sanitaires les plus strictes. Id\u00e9ale pour une large gamme d&#8217;applications, la valve de la s\u00e9rie TVS est facile \u00e0 installer et \u00e0 entretenir, offrant tranquillit\u00e9 d&#8217;esprit et int\u00e9gration harmonieuse dans votre installation existante. Am\u00e9liorez les performances de votre syst\u00e8me avec la valve de d\u00e9charge d&#8217;air et de vide de la s\u00e9rie TVS, o\u00f9 l&#8217;innovation rencontre la praticit\u00e9.    <\/p>\n","protected":false},"excerpt":{"rendered":"<h4>Principaux avantages des t\u00e9s T7MP High Purity BioPharm &#8211; Clamp x Clamp x Clamp pour les brasseurs professionnels<\/h4>\n<ul>\n<li>Garantit une grande puret\u00e9 et des processus de brassage sans contamination.<\/li>\n<li>La conception \u00e0 triple pince permet des connexions fiables et s\u00fbres.<\/li>\n<li>Am\u00e9liore l&#8217;efficacit\u00e9 et la s\u00e9curit\u00e9 des op\u00e9rations de brassage.<\/li>\n<\/ul>\n","protected":false},"featured_media":11338,"template":"","meta":{"_acf_changed":false,"inline_featured_image":false},"product_brand":[740],"product_cat":[736,741,765],"product_tag":[796],"class_list":{"0":"post-11336","1":"product","2":"type-product","3":"status-publish","4":"has-post-thumbnail","6":"product_brand-dixon","7":"product_cat-distribution","8":"product_cat-materiel","9":"product_cat-raccords-sanitaires","10":"product_tag-pharmacie","12":"first","13":"instock","14":"taxable","15":"shipping-taxable","16":"purchasable","17":"product-type-variable"},"acf":[],"yoast_head":"<!-- This site is optimized with the Yoast SEO plugin v27.6 - https:\/\/yoast.com\/product\/yoast-seo-wordpress\/ -->\n<title>T7MP BioPharm haute puret\u00e9 - T\u00e9s Clamp x Clamp x Clamp - Dixon - Pour brasseries professionnelles | Zytho<\/title>\n<meta name=\"description\" content=\"D\u00e9couvrez les T\u00e9s Clamp BioPharm T7MP de Dixon, con\u00e7us pour les brasseurs professionnels \u00e0 la recherche de connexions fiables et de haute qualit\u00e9 pour des op\u00e9rations de brassage sans faille.\" \/>\n<meta name=\"robots\" content=\"index, follow, max-snippet:-1, max-image-preview:large, max-video-preview:-1\" \/>\n<link rel=\"canonical\" href=\"https:\/\/www.zytho.ca\/fr\/produit\/t7mp-haute-purete-biopharm-tes-clamp-x-clamp-x-clamp-dixon\/\" \/>\n<meta property=\"og:locale\" content=\"fr_FR\" \/>\n<meta property=\"og:type\" content=\"article\" \/>\n<meta property=\"og:title\" content=\"T7MP BioPharm haute puret\u00e9 - T\u00e9s Clamp x Clamp x Clamp - Dixon - Pour brasseries professionnelles | Zytho\" \/>\n<meta property=\"og:description\" content=\"D\u00e9couvrez les T\u00e9s Clamp BioPharm T7MP de Dixon, con\u00e7us pour les brasseurs professionnels \u00e0 la recherche de connexions fiables et de haute qualit\u00e9 pour des op\u00e9rations de brassage sans faille.\" \/>\n<meta property=\"og:url\" content=\"https:\/\/www.zytho.ca\/fr\/produit\/t7mp-haute-purete-biopharm-tes-clamp-x-clamp-x-clamp-dixon\/\" \/>\n<meta property=\"og:site_name\" content=\"Zytho\" \/>\n<meta property=\"article:modified_time\" content=\"2025-11-10T11:01:51+00:00\" \/>\n<meta property=\"og:image\" content=\"https:\/\/www.zytho.ca\/wp-content\/uploads\/2025\/10\/T7MP-High-Purity-BioPharm-Clamp-x-Clamp-x-Clamp-Tees-Dixon.jpg\" \/>\n\t<meta property=\"og:image:width\" content=\"544\" \/>\n\t<meta property=\"og:image:height\" content=\"544\" \/>\n\t<meta property=\"og:image:type\" content=\"image\/jpeg\" \/>\n<meta name=\"twitter:card\" content=\"summary_large_image\" \/>\n<meta name=\"twitter:label1\" content=\"Dur\u00e9e de lecture estim\u00e9e\" \/>\n\t<meta name=\"twitter:data1\" content=\"1 minute\" \/>\n<script type=\"application\/ld+json\" class=\"yoast-schema-graph\">{\"@context\":\"https:\\\/\\\/schema.org\",\"@graph\":[{\"@type\":\"WebPage\",\"@id\":\"https:\\\/\\\/www.zytho.ca\\\/fr\\\/produit\\\/t7mp-haute-purete-biopharm-tes-clamp-x-clamp-x-clamp-dixon\\\/\",\"url\":\"https:\\\/\\\/www.zytho.ca\\\/fr\\\/produit\\\/t7mp-haute-purete-biopharm-tes-clamp-x-clamp-x-clamp-dixon\\\/\",\"name\":\"T7MP BioPharm haute puret\u00e9 - T\u00e9s Clamp x Clamp x Clamp - Dixon - Pour brasseries professionnelles | Zytho\",\"isPartOf\":{\"@id\":\"https:\\\/\\\/www.zytho.ca\\\/fr\\\/#website\"},\"primaryImageOfPage\":{\"@id\":\"https:\\\/\\\/www.zytho.ca\\\/fr\\\/produit\\\/t7mp-haute-purete-biopharm-tes-clamp-x-clamp-x-clamp-dixon\\\/#primaryimage\"},\"image\":{\"@id\":\"https:\\\/\\\/www.zytho.ca\\\/fr\\\/produit\\\/t7mp-haute-purete-biopharm-tes-clamp-x-clamp-x-clamp-dixon\\\/#primaryimage\"},\"thumbnailUrl\":\"https:\\\/\\\/www.zytho.ca\\\/wp-content\\\/uploads\\\/2025\\\/10\\\/T7MP-High-Purity-BioPharm-Clamp-x-Clamp-x-Clamp-Tees-Dixon.jpg\",\"datePublished\":\"2025-10-27T15:51:10+00:00\",\"dateModified\":\"2025-11-10T11:01:51+00:00\",\"description\":\"D\u00e9couvrez les T\u00e9s Clamp BioPharm T7MP de Dixon, con\u00e7us pour les brasseurs professionnels \u00e0 la recherche de connexions fiables et de haute qualit\u00e9 pour des op\u00e9rations de brassage sans faille.\",\"breadcrumb\":{\"@id\":\"https:\\\/\\\/www.zytho.ca\\\/fr\\\/produit\\\/t7mp-haute-purete-biopharm-tes-clamp-x-clamp-x-clamp-dixon\\\/#breadcrumb\"},\"inLanguage\":\"fr-FR\",\"potentialAction\":[{\"@type\":\"ReadAction\",\"target\":[\"https:\\\/\\\/www.zytho.ca\\\/fr\\\/produit\\\/t7mp-haute-purete-biopharm-tes-clamp-x-clamp-x-clamp-dixon\\\/\"]}]},{\"@type\":\"ImageObject\",\"inLanguage\":\"fr-FR\",\"@id\":\"https:\\\/\\\/www.zytho.ca\\\/fr\\\/produit\\\/t7mp-haute-purete-biopharm-tes-clamp-x-clamp-x-clamp-dixon\\\/#primaryimage\",\"url\":\"https:\\\/\\\/www.zytho.ca\\\/wp-content\\\/uploads\\\/2025\\\/10\\\/T7MP-High-Purity-BioPharm-Clamp-x-Clamp-x-Clamp-Tees-Dixon.jpg\",\"contentUrl\":\"https:\\\/\\\/www.zytho.ca\\\/wp-content\\\/uploads\\\/2025\\\/10\\\/T7MP-High-Purity-BioPharm-Clamp-x-Clamp-x-Clamp-Tees-Dixon.jpg\",\"width\":544,\"height\":544},{\"@type\":\"BreadcrumbList\",\"@id\":\"https:\\\/\\\/www.zytho.ca\\\/fr\\\/produit\\\/t7mp-haute-purete-biopharm-tes-clamp-x-clamp-x-clamp-dixon\\\/#breadcrumb\",\"itemListElement\":[{\"@type\":\"ListItem\",\"position\":1,\"name\":\"Accueil\",\"item\":\"https:\\\/\\\/www.zytho.ca\\\/fr\\\/\"},{\"@type\":\"ListItem\",\"position\":2,\"name\":\"Shop\",\"item\":\"https:\\\/\\\/www.zytho.ca\\\/fr\\\/shop\\\/\"},{\"@type\":\"ListItem\",\"position\":3,\"name\":\"T7MP Haute Puret\u00e9 BioPharm &#8211; T\u00e9s Clamp x Clamp x Clamp &#8211; Dixon\"}]},{\"@type\":\"WebSite\",\"@id\":\"https:\\\/\\\/www.zytho.ca\\\/fr\\\/#website\",\"url\":\"https:\\\/\\\/www.zytho.ca\\\/fr\\\/\",\"name\":\"Zytho\",\"description\":\"\",\"publisher\":{\"@id\":\"https:\\\/\\\/www.zytho.ca\\\/fr\\\/#organization\"},\"potentialAction\":[{\"@type\":\"SearchAction\",\"target\":{\"@type\":\"EntryPoint\",\"urlTemplate\":\"https:\\\/\\\/www.zytho.ca\\\/fr\\\/?s={search_term_string}\"},\"query-input\":{\"@type\":\"PropertyValueSpecification\",\"valueRequired\":true,\"valueName\":\"search_term_string\"}}],\"inLanguage\":\"fr-FR\"},{\"@type\":\"Organization\",\"@id\":\"https:\\\/\\\/www.zytho.ca\\\/fr\\\/#organization\",\"name\":\"Zytho\",\"url\":\"https:\\\/\\\/www.zytho.ca\\\/fr\\\/\",\"logo\":{\"@type\":\"ImageObject\",\"inLanguage\":\"fr-FR\",\"@id\":\"https:\\\/\\\/www.zytho.ca\\\/fr\\\/#\\\/schema\\\/logo\\\/image\\\/\",\"url\":\"https:\\\/\\\/www.zytho.ca\\\/wp-content\\\/uploads\\\/2024\\\/05\\\/Zytho_reversed_horizontal.svg\",\"contentUrl\":\"https:\\\/\\\/www.zytho.ca\\\/wp-content\\\/uploads\\\/2024\\\/05\\\/Zytho_reversed_horizontal.svg\",\"width\":1582,\"height\":490,\"caption\":\"Zytho\"},\"image\":{\"@id\":\"https:\\\/\\\/www.zytho.ca\\\/fr\\\/#\\\/schema\\\/logo\\\/image\\\/\"}}]}<\/script>\n<!-- \/ Yoast SEO plugin. -->","yoast_head_json":{"title":"T7MP BioPharm haute puret\u00e9 - T\u00e9s Clamp x Clamp x Clamp - Dixon - Pour brasseries professionnelles | Zytho","description":"D\u00e9couvrez les T\u00e9s Clamp BioPharm T7MP de Dixon, con\u00e7us pour les brasseurs professionnels \u00e0 la recherche de connexions fiables et de haute qualit\u00e9 pour des op\u00e9rations de brassage sans faille.","robots":{"index":"index","follow":"follow","max-snippet":"max-snippet:-1","max-image-preview":"max-image-preview:large","max-video-preview":"max-video-preview:-1"},"canonical":"https:\/\/www.zytho.ca\/fr\/produit\/t7mp-haute-purete-biopharm-tes-clamp-x-clamp-x-clamp-dixon\/","og_locale":"fr_FR","og_type":"article","og_title":"T7MP BioPharm haute puret\u00e9 - T\u00e9s Clamp x Clamp x Clamp - Dixon - Pour brasseries professionnelles | Zytho","og_description":"D\u00e9couvrez les T\u00e9s Clamp BioPharm T7MP de Dixon, con\u00e7us pour les brasseurs professionnels \u00e0 la recherche de connexions fiables et de haute qualit\u00e9 pour des op\u00e9rations de brassage sans faille.","og_url":"https:\/\/www.zytho.ca\/fr\/produit\/t7mp-haute-purete-biopharm-tes-clamp-x-clamp-x-clamp-dixon\/","og_site_name":"Zytho","article_modified_time":"2025-11-10T11:01:51+00:00","og_image":[{"width":544,"height":544,"url":"https:\/\/www.zytho.ca\/wp-content\/uploads\/2025\/10\/T7MP-High-Purity-BioPharm-Clamp-x-Clamp-x-Clamp-Tees-Dixon.jpg","type":"image\/jpeg"}],"twitter_card":"summary_large_image","twitter_misc":{"Dur\u00e9e de lecture estim\u00e9e":"1 minute"},"schema":{"@context":"https:\/\/schema.org","@graph":[{"@type":"WebPage","@id":"https:\/\/www.zytho.ca\/fr\/produit\/t7mp-haute-purete-biopharm-tes-clamp-x-clamp-x-clamp-dixon\/","url":"https:\/\/www.zytho.ca\/fr\/produit\/t7mp-haute-purete-biopharm-tes-clamp-x-clamp-x-clamp-dixon\/","name":"T7MP BioPharm haute puret\u00e9 - T\u00e9s Clamp x Clamp x Clamp - Dixon - Pour brasseries professionnelles | Zytho","isPartOf":{"@id":"https:\/\/www.zytho.ca\/fr\/#website"},"primaryImageOfPage":{"@id":"https:\/\/www.zytho.ca\/fr\/produit\/t7mp-haute-purete-biopharm-tes-clamp-x-clamp-x-clamp-dixon\/#primaryimage"},"image":{"@id":"https:\/\/www.zytho.ca\/fr\/produit\/t7mp-haute-purete-biopharm-tes-clamp-x-clamp-x-clamp-dixon\/#primaryimage"},"thumbnailUrl":"https:\/\/www.zytho.ca\/wp-content\/uploads\/2025\/10\/T7MP-High-Purity-BioPharm-Clamp-x-Clamp-x-Clamp-Tees-Dixon.jpg","datePublished":"2025-10-27T15:51:10+00:00","dateModified":"2025-11-10T11:01:51+00:00","description":"D\u00e9couvrez les T\u00e9s Clamp BioPharm T7MP de Dixon, con\u00e7us pour les brasseurs professionnels \u00e0 la recherche de connexions fiables et de haute qualit\u00e9 pour des op\u00e9rations de brassage sans faille.","breadcrumb":{"@id":"https:\/\/www.zytho.ca\/fr\/produit\/t7mp-haute-purete-biopharm-tes-clamp-x-clamp-x-clamp-dixon\/#breadcrumb"},"inLanguage":"fr-FR","potentialAction":[{"@type":"ReadAction","target":["https:\/\/www.zytho.ca\/fr\/produit\/t7mp-haute-purete-biopharm-tes-clamp-x-clamp-x-clamp-dixon\/"]}]},{"@type":"ImageObject","inLanguage":"fr-FR","@id":"https:\/\/www.zytho.ca\/fr\/produit\/t7mp-haute-purete-biopharm-tes-clamp-x-clamp-x-clamp-dixon\/#primaryimage","url":"https:\/\/www.zytho.ca\/wp-content\/uploads\/2025\/10\/T7MP-High-Purity-BioPharm-Clamp-x-Clamp-x-Clamp-Tees-Dixon.jpg","contentUrl":"https:\/\/www.zytho.ca\/wp-content\/uploads\/2025\/10\/T7MP-High-Purity-BioPharm-Clamp-x-Clamp-x-Clamp-Tees-Dixon.jpg","width":544,"height":544},{"@type":"BreadcrumbList","@id":"https:\/\/www.zytho.ca\/fr\/produit\/t7mp-haute-purete-biopharm-tes-clamp-x-clamp-x-clamp-dixon\/#breadcrumb","itemListElement":[{"@type":"ListItem","position":1,"name":"Accueil","item":"https:\/\/www.zytho.ca\/fr\/"},{"@type":"ListItem","position":2,"name":"Shop","item":"https:\/\/www.zytho.ca\/fr\/shop\/"},{"@type":"ListItem","position":3,"name":"T7MP Haute Puret\u00e9 BioPharm &#8211; T\u00e9s Clamp x Clamp x Clamp &#8211; Dixon"}]},{"@type":"WebSite","@id":"https:\/\/www.zytho.ca\/fr\/#website","url":"https:\/\/www.zytho.ca\/fr\/","name":"Zytho","description":"","publisher":{"@id":"https:\/\/www.zytho.ca\/fr\/#organization"},"potentialAction":[{"@type":"SearchAction","target":{"@type":"EntryPoint","urlTemplate":"https:\/\/www.zytho.ca\/fr\/?s={search_term_string}"},"query-input":{"@type":"PropertyValueSpecification","valueRequired":true,"valueName":"search_term_string"}}],"inLanguage":"fr-FR"},{"@type":"Organization","@id":"https:\/\/www.zytho.ca\/fr\/#organization","name":"Zytho","url":"https:\/\/www.zytho.ca\/fr\/","logo":{"@type":"ImageObject","inLanguage":"fr-FR","@id":"https:\/\/www.zytho.ca\/fr\/#\/schema\/logo\/image\/","url":"https:\/\/www.zytho.ca\/wp-content\/uploads\/2024\/05\/Zytho_reversed_horizontal.svg","contentUrl":"https:\/\/www.zytho.ca\/wp-content\/uploads\/2024\/05\/Zytho_reversed_horizontal.svg","width":1582,"height":490,"caption":"Zytho"},"image":{"@id":"https:\/\/www.zytho.ca\/fr\/#\/schema\/logo\/image\/"}}]}},"_links":{"self":[{"href":"https:\/\/www.zytho.ca\/fr\/wp-json\/wp\/v2\/product\/11336","targetHints":{"allow":["GET"]}}],"collection":[{"href":"https:\/\/www.zytho.ca\/fr\/wp-json\/wp\/v2\/product"}],"about":[{"href":"https:\/\/www.zytho.ca\/fr\/wp-json\/wp\/v2\/types\/product"}],"wp:featuredmedia":[{"embeddable":true,"href":"https:\/\/www.zytho.ca\/fr\/wp-json\/wp\/v2\/media\/11338"}],"wp:attachment":[{"href":"https:\/\/www.zytho.ca\/fr\/wp-json\/wp\/v2\/media?parent=11336"}],"wp:term":[{"taxonomy":"product_brand","embeddable":true,"href":"https:\/\/www.zytho.ca\/fr\/wp-json\/wp\/v2\/product_brand?post=11336"},{"taxonomy":"product_cat","embeddable":true,"href":"https:\/\/www.zytho.ca\/fr\/wp-json\/wp\/v2\/product_cat?post=11336"},{"taxonomy":"product_tag","embeddable":true,"href":"https:\/\/www.zytho.ca\/fr\/wp-json\/wp\/v2\/product_tag?post=11336"}],"curies":[{"name":"wp","href":"https:\/\/api.w.org\/{rel}","templated":true}]}}