{"id":11314,"date":"2025-10-27T15:51:09","date_gmt":"2025-10-27T15:51:09","guid":{"rendered":"https:\/\/zytho.ca\/product\/coupleur-pneumatique-industriel-de-type-d-a-fermeture-manuelle-dixon\/"},"modified":"2025-11-03T07:11:51","modified_gmt":"2025-11-03T07:11:51","slug":"coupleur-pneumatique-industriel-de-type-d-a-fermeture-manuelle-dixon","status":"publish","type":"product","link":"https:\/\/www.zytho.ca\/fr\/produit\/coupleur-pneumatique-industriel-de-type-d-a-fermeture-manuelle-dixon\/","title":{"rendered":"Coupleur pneumatique industriel de type D \u00e0 fermeture manuelle &#8211; Dixon"},"content":{"rendered":"<p>Con\u00e7u pour une connexion et une d\u00e9connexion rapides, un coupleur complet comprend \u00e0 la fois une fiche et une prise. Id\u00e9aux pour les applications n\u00e9cessitant un acc\u00e8s fr\u00e9quent \u00e0 la ligne, ces raccords sont \u00e9galement appel\u00e9s raccords interchangeables industriels. Tous les bouchons industriels sont universellement compatibles avec tous les manchons industriels de la m\u00eame taille, ind\u00e9pendamment de la taille du tuyau ou de l&#8217;ID du tuyau \u00e0 barbe.  <\/p>\n<h6><strong>Avantages<\/strong><\/h6>\n<ul>\n<li>Les composants usin\u00e9s sont fabriqu\u00e9s \u00e0 partir de barres solides pour une meilleure durabilit\u00e9.<\/li>\n<li>Les billes, les anneaux de retenue et les ressorts en acier inoxydable sont utilis\u00e9s pour maximiser la r\u00e9sistance \u00e0 la corrosion et prolonger la dur\u00e9e de vie.<\/li>\n<li>Les joints standard en nitrile (Buna-N) garantissent des performances fiables.<\/li>\n<li>Les composants en acier sont rev\u00eatus de chrome trivalent conforme \u00e0 la directive ROHS pour une protection accrue.<\/li>\n<li>Comprend une valve tubulaire robuste en acier.<\/li>\n<\/ul>\n<h6><strong>D\u00e9tails du produit<\/strong><\/h6>\n<ul>\n<li>Pression nominale pour le coupleur en acier inoxydable 303 et le bouchon en acier inoxydable 303 : 35 bar (500 PSI) au maximum et 1 795 bar (26 000 PSI) \u00e0 l&#8217;\u00e9clatement.<\/li>\n<\/ul>\n<h6><strong>Compatibilit\u00e9 et donn\u00e9es d&#8217;\u00e9change<\/strong><\/h6>\n<ul>\n<li>Compatible avec les s\u00e9ries Foster 3, 4, 5 et 6<\/li>\n<li>Interchangeable avec le syst\u00e8me Parker 30- Series Automatic<\/li>\n<li>Fonctionne avec les Hansen 3000, 4000, 5000 et 6000<\/li>\n<\/ul>\n<h6><strong>Comment \u00e7a marche<\/strong><\/h6>\n<ul>\n<li>Pour proc\u00e9der \u00e0 la d\u00e9connexion, saisissez le tuyau du c\u00f4t\u00e9 du mamelon avec trois doigts, en laissant le pouce et l&#8217;index libres.<\/li>\n<li>Avec le pouce et l&#8217;index, saisissez la manche et tirez-la vers votre paume.<\/li>\n<li>Lorsque vous tirez sur le manchon, l&#8217;embout se d\u00e9sengage l\u00e9g\u00e8rement du coupleur. Maintenez votre prise sur le tuyau et le manchon du coupleur jusqu&#8217;\u00e0 ce que l&#8217;air soit compl\u00e8tement lib\u00e9r\u00e9. <\/li>\n<li>Une fois que la conduite est compl\u00e8tement vid\u00e9e, d\u00e9tachez en toute s\u00e9curit\u00e9 l&#8217;embout du coupleur.<\/li>\n<\/ul>\n<h6><strong>Page de catalogue<\/strong><\/h6>\n<ul>\n<li><a href=\"https:\/\/www.dixonvalve.com\/sites\/default\/files\/product\/pages\/us\/DPL418%20-%20313.pdf\">DPL418 &#8211; 313<\/a><\/li>\n<\/ul>\n","protected":false},"excerpt":{"rendered":"<h4>Principaux avantages du coupleur pneumatique industriel \u00e0 filetage m\u00e2le de type D avec fermeture manuelle &#8211; Dixon<\/h4>\n<ul>\n<li>Durabilit\u00e9 accrue gr\u00e2ce \u00e0 des composants usin\u00e9s dans la masse.<\/li>\n<li>R\u00e9sistance \u00e0 la corrosion et dur\u00e9e de vie prolong\u00e9e gr\u00e2ce aux billes, bagues de retenue et ressorts en acier inoxydable.<\/li>\n<li>Performances fiables gr\u00e2ce aux joints standard en nitrile (Buna-N) et au chromage trivalent conforme \u00e0 la norme ROHS.<\/li>\n<\/ul>\n","protected":false},"featured_media":11316,"template":"","meta":{"_acf_changed":false,"inline_featured_image":false},"product_brand":[740],"product_cat":[736,741,749],"product_tag":[763,754,762,755,779,800],"class_list":{"0":"post-11314","1":"product","2":"type-product","3":"status-publish","4":"has-post-thumbnail","6":"product_brand-dixon","7":"product_cat-distribution","8":"product_cat-materiel","9":"product_cat-quincaillerie-industrielle","10":"product_tag-acier-inoxydable","11":"product_tag-brasserie","12":"product_tag-cave","13":"product_tag-distillerie","14":"product_tag-materiel-npt","15":"product_tag-soda","17":"first","18":"instock","19":"taxable","20":"shipping-taxable","21":"purchasable","22":"product-type-variable"},"acf":[],"yoast_head":"<!-- This site is optimized with the Yoast SEO plugin v27.6 - https:\/\/yoast.com\/product\/yoast-seo-wordpress\/ -->\n<title>Coupleur pneumatique industriel de type D \u00e0 fermeture manuelle - Dixon - Pour brasseries pro | Zytho<\/title>\n<meta name=\"description\" content=\"D\u00e9couvrez le coupleur industriel pneumatique \u00e0 filetage m\u00e2le de type D de Dixon, con\u00e7u pour des connexions rapides dans les brasseries. Durable, r\u00e9sistant \u00e0 la corrosion et universellement compatible.\" \/>\n<meta name=\"robots\" content=\"index, follow, max-snippet:-1, max-image-preview:large, max-video-preview:-1\" \/>\n<link rel=\"canonical\" href=\"https:\/\/www.zytho.ca\/fr\/produit\/coupleur-pneumatique-industriel-de-type-d-a-fermeture-manuelle-dixon\/\" \/>\n<meta property=\"og:locale\" content=\"fr_FR\" \/>\n<meta property=\"og:type\" content=\"article\" \/>\n<meta property=\"og:title\" content=\"Coupleur pneumatique industriel de type D \u00e0 fermeture manuelle - Dixon - Pour brasseries pro | Zytho\" \/>\n<meta property=\"og:description\" content=\"D\u00e9couvrez le coupleur industriel pneumatique \u00e0 filetage m\u00e2le de type D de Dixon, con\u00e7u pour des connexions rapides dans les brasseries. Durable, r\u00e9sistant \u00e0 la corrosion et universellement compatible.\" \/>\n<meta property=\"og:url\" content=\"https:\/\/www.zytho.ca\/fr\/produit\/coupleur-pneumatique-industriel-de-type-d-a-fermeture-manuelle-dixon\/\" \/>\n<meta property=\"og:site_name\" content=\"Zytho\" \/>\n<meta property=\"article:modified_time\" content=\"2025-11-03T07:11:51+00:00\" \/>\n<meta property=\"og:image\" content=\"https:\/\/www.zytho.ca\/wp-content\/uploads\/2025\/10\/D-Type-Industrial-Pneumatic-Male-Threaded-Coupler-with-Manual-Close-Dixon.jpg\" \/>\n\t<meta property=\"og:image:width\" content=\"584\" \/>\n\t<meta property=\"og:image:height\" content=\"584\" \/>\n\t<meta property=\"og:image:type\" content=\"image\/jpeg\" \/>\n<meta name=\"twitter:card\" content=\"summary_large_image\" \/>\n<meta name=\"twitter:label1\" content=\"Dur\u00e9e de lecture estim\u00e9e\" \/>\n\t<meta name=\"twitter:data1\" content=\"2 minutes\" \/>\n<script type=\"application\/ld+json\" class=\"yoast-schema-graph\">{\"@context\":\"https:\\\/\\\/schema.org\",\"@graph\":[{\"@type\":\"WebPage\",\"@id\":\"https:\\\/\\\/www.zytho.ca\\\/fr\\\/produit\\\/coupleur-pneumatique-industriel-de-type-d-a-fermeture-manuelle-dixon\\\/\",\"url\":\"https:\\\/\\\/www.zytho.ca\\\/fr\\\/produit\\\/coupleur-pneumatique-industriel-de-type-d-a-fermeture-manuelle-dixon\\\/\",\"name\":\"Coupleur pneumatique industriel de type D \u00e0 fermeture manuelle - Dixon - Pour brasseries pro | Zytho\",\"isPartOf\":{\"@id\":\"https:\\\/\\\/www.zytho.ca\\\/fr\\\/#website\"},\"primaryImageOfPage\":{\"@id\":\"https:\\\/\\\/www.zytho.ca\\\/fr\\\/produit\\\/coupleur-pneumatique-industriel-de-type-d-a-fermeture-manuelle-dixon\\\/#primaryimage\"},\"image\":{\"@id\":\"https:\\\/\\\/www.zytho.ca\\\/fr\\\/produit\\\/coupleur-pneumatique-industriel-de-type-d-a-fermeture-manuelle-dixon\\\/#primaryimage\"},\"thumbnailUrl\":\"https:\\\/\\\/www.zytho.ca\\\/wp-content\\\/uploads\\\/2025\\\/10\\\/D-Type-Industrial-Pneumatic-Male-Threaded-Coupler-with-Manual-Close-Dixon.jpg\",\"datePublished\":\"2025-10-27T15:51:09+00:00\",\"dateModified\":\"2025-11-03T07:11:51+00:00\",\"description\":\"D\u00e9couvrez le coupleur industriel pneumatique \u00e0 filetage m\u00e2le de type D de Dixon, con\u00e7u pour des connexions rapides dans les brasseries. Durable, r\u00e9sistant \u00e0 la corrosion et universellement compatible.\",\"breadcrumb\":{\"@id\":\"https:\\\/\\\/www.zytho.ca\\\/fr\\\/produit\\\/coupleur-pneumatique-industriel-de-type-d-a-fermeture-manuelle-dixon\\\/#breadcrumb\"},\"inLanguage\":\"fr-FR\",\"potentialAction\":[{\"@type\":\"ReadAction\",\"target\":[\"https:\\\/\\\/www.zytho.ca\\\/fr\\\/produit\\\/coupleur-pneumatique-industriel-de-type-d-a-fermeture-manuelle-dixon\\\/\"]}]},{\"@type\":\"ImageObject\",\"inLanguage\":\"fr-FR\",\"@id\":\"https:\\\/\\\/www.zytho.ca\\\/fr\\\/produit\\\/coupleur-pneumatique-industriel-de-type-d-a-fermeture-manuelle-dixon\\\/#primaryimage\",\"url\":\"https:\\\/\\\/www.zytho.ca\\\/wp-content\\\/uploads\\\/2025\\\/10\\\/D-Type-Industrial-Pneumatic-Male-Threaded-Coupler-with-Manual-Close-Dixon.jpg\",\"contentUrl\":\"https:\\\/\\\/www.zytho.ca\\\/wp-content\\\/uploads\\\/2025\\\/10\\\/D-Type-Industrial-Pneumatic-Male-Threaded-Coupler-with-Manual-Close-Dixon.jpg\",\"width\":584,\"height\":584},{\"@type\":\"BreadcrumbList\",\"@id\":\"https:\\\/\\\/www.zytho.ca\\\/fr\\\/produit\\\/coupleur-pneumatique-industriel-de-type-d-a-fermeture-manuelle-dixon\\\/#breadcrumb\",\"itemListElement\":[{\"@type\":\"ListItem\",\"position\":1,\"name\":\"Accueil\",\"item\":\"https:\\\/\\\/www.zytho.ca\\\/fr\\\/\"},{\"@type\":\"ListItem\",\"position\":2,\"name\":\"Shop\",\"item\":\"https:\\\/\\\/www.zytho.ca\\\/fr\\\/shop\\\/\"},{\"@type\":\"ListItem\",\"position\":3,\"name\":\"Coupleur pneumatique industriel de type D \u00e0 fermeture manuelle &#8211; Dixon\"}]},{\"@type\":\"WebSite\",\"@id\":\"https:\\\/\\\/www.zytho.ca\\\/fr\\\/#website\",\"url\":\"https:\\\/\\\/www.zytho.ca\\\/fr\\\/\",\"name\":\"Zytho\",\"description\":\"\",\"publisher\":{\"@id\":\"https:\\\/\\\/www.zytho.ca\\\/fr\\\/#organization\"},\"potentialAction\":[{\"@type\":\"SearchAction\",\"target\":{\"@type\":\"EntryPoint\",\"urlTemplate\":\"https:\\\/\\\/www.zytho.ca\\\/fr\\\/?s={search_term_string}\"},\"query-input\":{\"@type\":\"PropertyValueSpecification\",\"valueRequired\":true,\"valueName\":\"search_term_string\"}}],\"inLanguage\":\"fr-FR\"},{\"@type\":\"Organization\",\"@id\":\"https:\\\/\\\/www.zytho.ca\\\/fr\\\/#organization\",\"name\":\"Zytho\",\"url\":\"https:\\\/\\\/www.zytho.ca\\\/fr\\\/\",\"logo\":{\"@type\":\"ImageObject\",\"inLanguage\":\"fr-FR\",\"@id\":\"https:\\\/\\\/www.zytho.ca\\\/fr\\\/#\\\/schema\\\/logo\\\/image\\\/\",\"url\":\"https:\\\/\\\/www.zytho.ca\\\/wp-content\\\/uploads\\\/2024\\\/05\\\/Zytho_reversed_horizontal.svg\",\"contentUrl\":\"https:\\\/\\\/www.zytho.ca\\\/wp-content\\\/uploads\\\/2024\\\/05\\\/Zytho_reversed_horizontal.svg\",\"width\":1582,\"height\":490,\"caption\":\"Zytho\"},\"image\":{\"@id\":\"https:\\\/\\\/www.zytho.ca\\\/fr\\\/#\\\/schema\\\/logo\\\/image\\\/\"}}]}<\/script>\n<!-- \/ Yoast SEO plugin. -->","yoast_head_json":{"title":"Coupleur pneumatique industriel de type D \u00e0 fermeture manuelle - Dixon - Pour brasseries pro | Zytho","description":"D\u00e9couvrez le coupleur industriel pneumatique \u00e0 filetage m\u00e2le de type D de Dixon, con\u00e7u pour des connexions rapides dans les brasseries. Durable, r\u00e9sistant \u00e0 la corrosion et universellement compatible.","robots":{"index":"index","follow":"follow","max-snippet":"max-snippet:-1","max-image-preview":"max-image-preview:large","max-video-preview":"max-video-preview:-1"},"canonical":"https:\/\/www.zytho.ca\/fr\/produit\/coupleur-pneumatique-industriel-de-type-d-a-fermeture-manuelle-dixon\/","og_locale":"fr_FR","og_type":"article","og_title":"Coupleur pneumatique industriel de type D \u00e0 fermeture manuelle - Dixon - Pour brasseries pro | Zytho","og_description":"D\u00e9couvrez le coupleur industriel pneumatique \u00e0 filetage m\u00e2le de type D de Dixon, con\u00e7u pour des connexions rapides dans les brasseries. Durable, r\u00e9sistant \u00e0 la corrosion et universellement compatible.","og_url":"https:\/\/www.zytho.ca\/fr\/produit\/coupleur-pneumatique-industriel-de-type-d-a-fermeture-manuelle-dixon\/","og_site_name":"Zytho","article_modified_time":"2025-11-03T07:11:51+00:00","og_image":[{"width":584,"height":584,"url":"https:\/\/www.zytho.ca\/wp-content\/uploads\/2025\/10\/D-Type-Industrial-Pneumatic-Male-Threaded-Coupler-with-Manual-Close-Dixon.jpg","type":"image\/jpeg"}],"twitter_card":"summary_large_image","twitter_misc":{"Dur\u00e9e de lecture estim\u00e9e":"2 minutes"},"schema":{"@context":"https:\/\/schema.org","@graph":[{"@type":"WebPage","@id":"https:\/\/www.zytho.ca\/fr\/produit\/coupleur-pneumatique-industriel-de-type-d-a-fermeture-manuelle-dixon\/","url":"https:\/\/www.zytho.ca\/fr\/produit\/coupleur-pneumatique-industriel-de-type-d-a-fermeture-manuelle-dixon\/","name":"Coupleur pneumatique industriel de type D \u00e0 fermeture manuelle - Dixon - Pour brasseries pro | Zytho","isPartOf":{"@id":"https:\/\/www.zytho.ca\/fr\/#website"},"primaryImageOfPage":{"@id":"https:\/\/www.zytho.ca\/fr\/produit\/coupleur-pneumatique-industriel-de-type-d-a-fermeture-manuelle-dixon\/#primaryimage"},"image":{"@id":"https:\/\/www.zytho.ca\/fr\/produit\/coupleur-pneumatique-industriel-de-type-d-a-fermeture-manuelle-dixon\/#primaryimage"},"thumbnailUrl":"https:\/\/www.zytho.ca\/wp-content\/uploads\/2025\/10\/D-Type-Industrial-Pneumatic-Male-Threaded-Coupler-with-Manual-Close-Dixon.jpg","datePublished":"2025-10-27T15:51:09+00:00","dateModified":"2025-11-03T07:11:51+00:00","description":"D\u00e9couvrez le coupleur industriel pneumatique \u00e0 filetage m\u00e2le de type D de Dixon, con\u00e7u pour des connexions rapides dans les brasseries. Durable, r\u00e9sistant \u00e0 la corrosion et universellement compatible.","breadcrumb":{"@id":"https:\/\/www.zytho.ca\/fr\/produit\/coupleur-pneumatique-industriel-de-type-d-a-fermeture-manuelle-dixon\/#breadcrumb"},"inLanguage":"fr-FR","potentialAction":[{"@type":"ReadAction","target":["https:\/\/www.zytho.ca\/fr\/produit\/coupleur-pneumatique-industriel-de-type-d-a-fermeture-manuelle-dixon\/"]}]},{"@type":"ImageObject","inLanguage":"fr-FR","@id":"https:\/\/www.zytho.ca\/fr\/produit\/coupleur-pneumatique-industriel-de-type-d-a-fermeture-manuelle-dixon\/#primaryimage","url":"https:\/\/www.zytho.ca\/wp-content\/uploads\/2025\/10\/D-Type-Industrial-Pneumatic-Male-Threaded-Coupler-with-Manual-Close-Dixon.jpg","contentUrl":"https:\/\/www.zytho.ca\/wp-content\/uploads\/2025\/10\/D-Type-Industrial-Pneumatic-Male-Threaded-Coupler-with-Manual-Close-Dixon.jpg","width":584,"height":584},{"@type":"BreadcrumbList","@id":"https:\/\/www.zytho.ca\/fr\/produit\/coupleur-pneumatique-industriel-de-type-d-a-fermeture-manuelle-dixon\/#breadcrumb","itemListElement":[{"@type":"ListItem","position":1,"name":"Accueil","item":"https:\/\/www.zytho.ca\/fr\/"},{"@type":"ListItem","position":2,"name":"Shop","item":"https:\/\/www.zytho.ca\/fr\/shop\/"},{"@type":"ListItem","position":3,"name":"Coupleur pneumatique industriel de type D \u00e0 fermeture manuelle &#8211; Dixon"}]},{"@type":"WebSite","@id":"https:\/\/www.zytho.ca\/fr\/#website","url":"https:\/\/www.zytho.ca\/fr\/","name":"Zytho","description":"","publisher":{"@id":"https:\/\/www.zytho.ca\/fr\/#organization"},"potentialAction":[{"@type":"SearchAction","target":{"@type":"EntryPoint","urlTemplate":"https:\/\/www.zytho.ca\/fr\/?s={search_term_string}"},"query-input":{"@type":"PropertyValueSpecification","valueRequired":true,"valueName":"search_term_string"}}],"inLanguage":"fr-FR"},{"@type":"Organization","@id":"https:\/\/www.zytho.ca\/fr\/#organization","name":"Zytho","url":"https:\/\/www.zytho.ca\/fr\/","logo":{"@type":"ImageObject","inLanguage":"fr-FR","@id":"https:\/\/www.zytho.ca\/fr\/#\/schema\/logo\/image\/","url":"https:\/\/www.zytho.ca\/wp-content\/uploads\/2024\/05\/Zytho_reversed_horizontal.svg","contentUrl":"https:\/\/www.zytho.ca\/wp-content\/uploads\/2024\/05\/Zytho_reversed_horizontal.svg","width":1582,"height":490,"caption":"Zytho"},"image":{"@id":"https:\/\/www.zytho.ca\/fr\/#\/schema\/logo\/image\/"}}]}},"_links":{"self":[{"href":"https:\/\/www.zytho.ca\/fr\/wp-json\/wp\/v2\/product\/11314","targetHints":{"allow":["GET"]}}],"collection":[{"href":"https:\/\/www.zytho.ca\/fr\/wp-json\/wp\/v2\/product"}],"about":[{"href":"https:\/\/www.zytho.ca\/fr\/wp-json\/wp\/v2\/types\/product"}],"wp:featuredmedia":[{"embeddable":true,"href":"https:\/\/www.zytho.ca\/fr\/wp-json\/wp\/v2\/media\/11316"}],"wp:attachment":[{"href":"https:\/\/www.zytho.ca\/fr\/wp-json\/wp\/v2\/media?parent=11314"}],"wp:term":[{"taxonomy":"product_brand","embeddable":true,"href":"https:\/\/www.zytho.ca\/fr\/wp-json\/wp\/v2\/product_brand?post=11314"},{"taxonomy":"product_cat","embeddable":true,"href":"https:\/\/www.zytho.ca\/fr\/wp-json\/wp\/v2\/product_cat?post=11314"},{"taxonomy":"product_tag","embeddable":true,"href":"https:\/\/www.zytho.ca\/fr\/wp-json\/wp\/v2\/product_tag?post=11314"}],"curies":[{"name":"wp","href":"https:\/\/api.w.org\/{rel}","templated":true}]}}