{"id":11236,"date":"2025-10-27T15:51:19","date_gmt":"2025-10-27T15:51:19","guid":{"rendered":"https:\/\/zytho.ca\/product\/t7rwww-biopharm-haute-purete-tes-de-reduction-a-souder-x-a-souder-x-a-souder-dixon\/"},"modified":"2025-10-27T15:51:19","modified_gmt":"2025-10-27T15:51:19","slug":"t7rwww-biopharm-haute-purete-tes-de-reduction-a-souder-x-a-souder-x-a-souder-dixon","status":"publish","type":"product","link":"https:\/\/www.zytho.ca\/fr\/produit\/t7rwww-biopharm-haute-purete-tes-de-reduction-a-souder-x-a-souder-x-a-souder-dixon\/","title":{"rendered":"T7RWWW BioPharm haute puret\u00e9 &#8211; T\u00e9s de r\u00e9duction \u00e0 souder x \u00e0 souder x \u00e0 souder &#8211; Dixon"},"content":{"rendered":"<h6><strong>Avantages :<\/strong><\/h6>\n<ul>\n<li>Gr\u00e2ce \u00e0 leurs normes de puret\u00e9 \u00e9lev\u00e9es, ils sont id\u00e9aux pour les industries pharmaceutiques, des bioproc\u00e9d\u00e9s, des semi-conducteurs, des cosm\u00e9tiques, de l&#8217;agroalimentaire et des boissons.<\/li>\n<\/ul>\n<h6><strong>D\u00e9tails du produit :<\/strong><\/h6>\n<ul class=\"dash-list\">\n<li>Fabriqu\u00e9s en acier inoxydable 316L, ces raccords sont conformes \u00e0 toutes les sp\u00e9cifications de soudage orbital avec une teneur en soufre contr\u00f4l\u00e9e.<\/li>\n<li>Conforme \u00e0 la derni\u00e8re norme internationale ASME BPE pour les \u00e9quipements de bioproc\u00e9d\u00e9s.<\/li>\n<li class=\"first\">Conforme aux normes sanitaires 3-A pour les raccords sanitaires, num\u00e9ro 63-03 (autorisation num\u00e9ro 621).<\/li>\n<li class=\"last\">Disponible en finition PL SF1 (OD=32R a- ID=20R a) ou PM SF4 (OD=32R a- ID=15R a).<\/li>\n<\/ul>\n<h6><strong>Note :<\/strong><\/h6>\n<ul class=\"dash-list\">\n<li class=\"first\">Les marquages sont conformes \u00e0 la norme ASME BPE 2012 DT-10.1, y compris le num\u00e9ro de commande, 316L, le num\u00e9ro de pi\u00e8ce, le(s) num\u00e9ro(s) de chauffe, le code de finition de surface et la norme ASME BPE.<\/li>\n<li>En raison de contraintes de taille, certains marquages peuvent \u00eatre omis si l&#8217;espace est limit\u00e9.<\/li>\n<li>La r\u00e9f\u00e9rence fournit des d\u00e9tails sur la configuration et la taille du raccord.<\/li>\n<li class=\"last\">Les certifications du rapport d&#8217;essai des mat\u00e9riaux (MTR) accompagnent chaque raccord dans un sachet refermable, dont la tra\u00e7abilit\u00e9 est assur\u00e9e par le num\u00e9ro de commande. Les raccords sont munis d&#8217;un capuchon pour \u00e9viter tout dommage et toute contamination, avec des capuchons bleus pour la finition PL et des capuchons blancs pour la finition PM, afin de faciliter l&#8217;identification. <\/li>\n<\/ul>\n<h6><strong>Page de catalogue :<\/strong><\/h6>\n<ul>\n<li><a href=\"https:\/\/www.dixonvalve.com\/sites\/default\/files\/product\/pages\/us\/DPL418%20-%20626.pdf\">DPL418 &#8211; 626<\/a><\/li>\n<\/ul>\n<h6><strong>Certifications :<\/strong><\/h6>\n<ul>\n<li><a href=\"https:\/\/www.dixonvalve.com\/sites\/default\/files\/product\/certifications\/621%2063-04-2020.pdf\">Certificat 3A<\/a><\/li>\n<\/ul>\n<h6><strong>Sp\u00e9cifications dimensionnelles :<\/strong><\/h6>\n<ul>\n<li><a href=\"https:\/\/www.dixonvalve.com\/sites\/default\/files\/product\/files\/dimensional-specs\/T7RWWW-075050PL.PDF\">Sp\u00e9cifications dimensionnelles<\/a><\/li>\n<\/ul>\n","protected":false},"excerpt":{"rendered":"<h4>Principaux avantages des t\u00e9s de r\u00e9duction BioPharm de haute puret\u00e9 T7RWWW pour les brasseurs professionnels<\/h4>\n<ul>\n<li>Garantit une puret\u00e9 exceptionnelle et le respect des normes industrielles, id\u00e9al pour maintenir l&#8217;int\u00e9grit\u00e9 des processus de brassage.<\/li>\n<li>Construit en acier inoxydable 316L, il est durable et r\u00e9pond \u00e0 toutes les exigences de la soudure orbitale pour une performance fiable.<\/li>\n<li>Il est accompagn\u00e9 d&#8217;un rapport de test des mat\u00e9riaux (MTR) et d&#8217;un bouchon de protection, ce qui garantit la tra\u00e7abilit\u00e9 et pr\u00e9vient la contamination.<\/li>\n<\/ul>\n","protected":false},"featured_media":11237,"template":"","meta":{"_acf_changed":false,"inline_featured_image":false},"product_brand":[740],"product_cat":[736,741,765],"product_tag":[796],"class_list":{"0":"post-11236","1":"product","2":"type-product","3":"status-publish","4":"has-post-thumbnail","6":"product_brand-dixon","7":"product_cat-distribution","8":"product_cat-materiel","9":"product_cat-raccords-sanitaires","10":"product_tag-pharmacie","12":"first","13":"instock","14":"taxable","15":"shipping-taxable","16":"purchasable","17":"product-type-variable"},"acf":[],"yoast_head":"<!-- This site is optimized with the Yoast SEO plugin v27.6 - https:\/\/yoast.com\/product\/yoast-seo-wordpress\/ -->\n<title>T7RWWW T\u00e9s de r\u00e9duction haute puret\u00e9 BioPharm - Weld x Weld x Weld - Dixon - For Pro Breweries | Zytho<\/title>\n<meta name=\"description\" content=\"D\u00e9couvrez les t\u00e9s de r\u00e9duction BioPharm haute puret\u00e9 T7RWWW de Dixon, parfaits pour les brasseries \u00e0 la recherche d&#039;une puret\u00e9 optimale et d&#039;une conformit\u00e9 aux normes sanitaires ASME BPE et 3-A.\" \/>\n<meta name=\"robots\" content=\"index, follow, max-snippet:-1, max-image-preview:large, max-video-preview:-1\" \/>\n<link rel=\"canonical\" href=\"https:\/\/www.zytho.ca\/fr\/produit\/t7rwww-biopharm-haute-purete-tes-de-reduction-a-souder-x-a-souder-x-a-souder-dixon\/\" \/>\n<meta property=\"og:locale\" content=\"fr_FR\" \/>\n<meta property=\"og:type\" content=\"article\" \/>\n<meta property=\"og:title\" content=\"T7RWWW T\u00e9s de r\u00e9duction haute puret\u00e9 BioPharm - Weld x Weld x Weld - Dixon - For Pro Breweries | Zytho\" \/>\n<meta property=\"og:description\" content=\"D\u00e9couvrez les t\u00e9s de r\u00e9duction BioPharm haute puret\u00e9 T7RWWW de Dixon, parfaits pour les brasseries \u00e0 la recherche d&#039;une puret\u00e9 optimale et d&#039;une conformit\u00e9 aux normes sanitaires ASME BPE et 3-A.\" \/>\n<meta property=\"og:url\" content=\"https:\/\/www.zytho.ca\/fr\/produit\/t7rwww-biopharm-haute-purete-tes-de-reduction-a-souder-x-a-souder-x-a-souder-dixon\/\" \/>\n<meta property=\"og:site_name\" content=\"Zytho\" \/>\n<meta property=\"og:image\" content=\"https:\/\/www.zytho.ca\/wp-content\/uploads\/2025\/10\/T7RWWW-High-Purity-BioPharm-Weld-x-Weld-x-Weld-Reducing-Tees-Dixon.jpg\" \/>\n\t<meta property=\"og:image:width\" content=\"488\" \/>\n\t<meta property=\"og:image:height\" content=\"488\" \/>\n\t<meta property=\"og:image:type\" content=\"image\/jpeg\" \/>\n<meta name=\"twitter:card\" content=\"summary_large_image\" \/>\n<meta name=\"twitter:label1\" content=\"Dur\u00e9e de lecture estim\u00e9e\" \/>\n\t<meta name=\"twitter:data1\" content=\"1 minute\" \/>\n<script type=\"application\/ld+json\" class=\"yoast-schema-graph\">{\"@context\":\"https:\\\/\\\/schema.org\",\"@graph\":[{\"@type\":\"WebPage\",\"@id\":\"https:\\\/\\\/www.zytho.ca\\\/fr\\\/produit\\\/t7rwww-biopharm-haute-purete-tes-de-reduction-a-souder-x-a-souder-x-a-souder-dixon\\\/\",\"url\":\"https:\\\/\\\/www.zytho.ca\\\/fr\\\/produit\\\/t7rwww-biopharm-haute-purete-tes-de-reduction-a-souder-x-a-souder-x-a-souder-dixon\\\/\",\"name\":\"T7RWWW T\u00e9s de r\u00e9duction haute puret\u00e9 BioPharm - Weld x Weld x Weld - Dixon - For Pro Breweries | Zytho\",\"isPartOf\":{\"@id\":\"https:\\\/\\\/www.zytho.ca\\\/fr\\\/#website\"},\"primaryImageOfPage\":{\"@id\":\"https:\\\/\\\/www.zytho.ca\\\/fr\\\/produit\\\/t7rwww-biopharm-haute-purete-tes-de-reduction-a-souder-x-a-souder-x-a-souder-dixon\\\/#primaryimage\"},\"image\":{\"@id\":\"https:\\\/\\\/www.zytho.ca\\\/fr\\\/produit\\\/t7rwww-biopharm-haute-purete-tes-de-reduction-a-souder-x-a-souder-x-a-souder-dixon\\\/#primaryimage\"},\"thumbnailUrl\":\"https:\\\/\\\/www.zytho.ca\\\/wp-content\\\/uploads\\\/2025\\\/10\\\/T7RWWW-High-Purity-BioPharm-Weld-x-Weld-x-Weld-Reducing-Tees-Dixon.jpg\",\"datePublished\":\"2025-10-27T15:51:19+00:00\",\"description\":\"D\u00e9couvrez les t\u00e9s de r\u00e9duction BioPharm haute puret\u00e9 T7RWWW de Dixon, parfaits pour les brasseries \u00e0 la recherche d'une puret\u00e9 optimale et d'une conformit\u00e9 aux normes sanitaires ASME BPE et 3-A.\",\"breadcrumb\":{\"@id\":\"https:\\\/\\\/www.zytho.ca\\\/fr\\\/produit\\\/t7rwww-biopharm-haute-purete-tes-de-reduction-a-souder-x-a-souder-x-a-souder-dixon\\\/#breadcrumb\"},\"inLanguage\":\"fr-FR\",\"potentialAction\":[{\"@type\":\"ReadAction\",\"target\":[\"https:\\\/\\\/www.zytho.ca\\\/fr\\\/produit\\\/t7rwww-biopharm-haute-purete-tes-de-reduction-a-souder-x-a-souder-x-a-souder-dixon\\\/\"]}]},{\"@type\":\"ImageObject\",\"inLanguage\":\"fr-FR\",\"@id\":\"https:\\\/\\\/www.zytho.ca\\\/fr\\\/produit\\\/t7rwww-biopharm-haute-purete-tes-de-reduction-a-souder-x-a-souder-x-a-souder-dixon\\\/#primaryimage\",\"url\":\"https:\\\/\\\/www.zytho.ca\\\/wp-content\\\/uploads\\\/2025\\\/10\\\/T7RWWW-High-Purity-BioPharm-Weld-x-Weld-x-Weld-Reducing-Tees-Dixon.jpg\",\"contentUrl\":\"https:\\\/\\\/www.zytho.ca\\\/wp-content\\\/uploads\\\/2025\\\/10\\\/T7RWWW-High-Purity-BioPharm-Weld-x-Weld-x-Weld-Reducing-Tees-Dixon.jpg\",\"width\":488,\"height\":488},{\"@type\":\"BreadcrumbList\",\"@id\":\"https:\\\/\\\/www.zytho.ca\\\/fr\\\/produit\\\/t7rwww-biopharm-haute-purete-tes-de-reduction-a-souder-x-a-souder-x-a-souder-dixon\\\/#breadcrumb\",\"itemListElement\":[{\"@type\":\"ListItem\",\"position\":1,\"name\":\"Accueil\",\"item\":\"https:\\\/\\\/www.zytho.ca\\\/fr\\\/\"},{\"@type\":\"ListItem\",\"position\":2,\"name\":\"Shop\",\"item\":\"https:\\\/\\\/www.zytho.ca\\\/fr\\\/shop\\\/\"},{\"@type\":\"ListItem\",\"position\":3,\"name\":\"T7RWWW BioPharm haute puret\u00e9 &#8211; T\u00e9s de r\u00e9duction \u00e0 souder x \u00e0 souder x \u00e0 souder &#8211; Dixon\"}]},{\"@type\":\"WebSite\",\"@id\":\"https:\\\/\\\/www.zytho.ca\\\/fr\\\/#website\",\"url\":\"https:\\\/\\\/www.zytho.ca\\\/fr\\\/\",\"name\":\"Zytho\",\"description\":\"\",\"publisher\":{\"@id\":\"https:\\\/\\\/www.zytho.ca\\\/fr\\\/#organization\"},\"potentialAction\":[{\"@type\":\"SearchAction\",\"target\":{\"@type\":\"EntryPoint\",\"urlTemplate\":\"https:\\\/\\\/www.zytho.ca\\\/fr\\\/?s={search_term_string}\"},\"query-input\":{\"@type\":\"PropertyValueSpecification\",\"valueRequired\":true,\"valueName\":\"search_term_string\"}}],\"inLanguage\":\"fr-FR\"},{\"@type\":\"Organization\",\"@id\":\"https:\\\/\\\/www.zytho.ca\\\/fr\\\/#organization\",\"name\":\"Zytho\",\"url\":\"https:\\\/\\\/www.zytho.ca\\\/fr\\\/\",\"logo\":{\"@type\":\"ImageObject\",\"inLanguage\":\"fr-FR\",\"@id\":\"https:\\\/\\\/www.zytho.ca\\\/fr\\\/#\\\/schema\\\/logo\\\/image\\\/\",\"url\":\"https:\\\/\\\/www.zytho.ca\\\/wp-content\\\/uploads\\\/2024\\\/05\\\/Zytho_reversed_horizontal.svg\",\"contentUrl\":\"https:\\\/\\\/www.zytho.ca\\\/wp-content\\\/uploads\\\/2024\\\/05\\\/Zytho_reversed_horizontal.svg\",\"width\":1582,\"height\":490,\"caption\":\"Zytho\"},\"image\":{\"@id\":\"https:\\\/\\\/www.zytho.ca\\\/fr\\\/#\\\/schema\\\/logo\\\/image\\\/\"}}]}<\/script>\n<!-- \/ Yoast SEO plugin. -->","yoast_head_json":{"title":"T7RWWW T\u00e9s de r\u00e9duction haute puret\u00e9 BioPharm - Weld x Weld x Weld - Dixon - For Pro Breweries | Zytho","description":"D\u00e9couvrez les t\u00e9s de r\u00e9duction BioPharm haute puret\u00e9 T7RWWW de Dixon, parfaits pour les brasseries \u00e0 la recherche d'une puret\u00e9 optimale et d'une conformit\u00e9 aux normes sanitaires ASME BPE et 3-A.","robots":{"index":"index","follow":"follow","max-snippet":"max-snippet:-1","max-image-preview":"max-image-preview:large","max-video-preview":"max-video-preview:-1"},"canonical":"https:\/\/www.zytho.ca\/fr\/produit\/t7rwww-biopharm-haute-purete-tes-de-reduction-a-souder-x-a-souder-x-a-souder-dixon\/","og_locale":"fr_FR","og_type":"article","og_title":"T7RWWW T\u00e9s de r\u00e9duction haute puret\u00e9 BioPharm - Weld x Weld x Weld - Dixon - For Pro Breweries | Zytho","og_description":"D\u00e9couvrez les t\u00e9s de r\u00e9duction BioPharm haute puret\u00e9 T7RWWW de Dixon, parfaits pour les brasseries \u00e0 la recherche d'une puret\u00e9 optimale et d'une conformit\u00e9 aux normes sanitaires ASME BPE et 3-A.","og_url":"https:\/\/www.zytho.ca\/fr\/produit\/t7rwww-biopharm-haute-purete-tes-de-reduction-a-souder-x-a-souder-x-a-souder-dixon\/","og_site_name":"Zytho","og_image":[{"width":488,"height":488,"url":"https:\/\/www.zytho.ca\/wp-content\/uploads\/2025\/10\/T7RWWW-High-Purity-BioPharm-Weld-x-Weld-x-Weld-Reducing-Tees-Dixon.jpg","type":"image\/jpeg"}],"twitter_card":"summary_large_image","twitter_misc":{"Dur\u00e9e de lecture estim\u00e9e":"1 minute"},"schema":{"@context":"https:\/\/schema.org","@graph":[{"@type":"WebPage","@id":"https:\/\/www.zytho.ca\/fr\/produit\/t7rwww-biopharm-haute-purete-tes-de-reduction-a-souder-x-a-souder-x-a-souder-dixon\/","url":"https:\/\/www.zytho.ca\/fr\/produit\/t7rwww-biopharm-haute-purete-tes-de-reduction-a-souder-x-a-souder-x-a-souder-dixon\/","name":"T7RWWW T\u00e9s de r\u00e9duction haute puret\u00e9 BioPharm - Weld x Weld x Weld - Dixon - For Pro Breweries | Zytho","isPartOf":{"@id":"https:\/\/www.zytho.ca\/fr\/#website"},"primaryImageOfPage":{"@id":"https:\/\/www.zytho.ca\/fr\/produit\/t7rwww-biopharm-haute-purete-tes-de-reduction-a-souder-x-a-souder-x-a-souder-dixon\/#primaryimage"},"image":{"@id":"https:\/\/www.zytho.ca\/fr\/produit\/t7rwww-biopharm-haute-purete-tes-de-reduction-a-souder-x-a-souder-x-a-souder-dixon\/#primaryimage"},"thumbnailUrl":"https:\/\/www.zytho.ca\/wp-content\/uploads\/2025\/10\/T7RWWW-High-Purity-BioPharm-Weld-x-Weld-x-Weld-Reducing-Tees-Dixon.jpg","datePublished":"2025-10-27T15:51:19+00:00","description":"D\u00e9couvrez les t\u00e9s de r\u00e9duction BioPharm haute puret\u00e9 T7RWWW de Dixon, parfaits pour les brasseries \u00e0 la recherche d'une puret\u00e9 optimale et d'une conformit\u00e9 aux normes sanitaires ASME BPE et 3-A.","breadcrumb":{"@id":"https:\/\/www.zytho.ca\/fr\/produit\/t7rwww-biopharm-haute-purete-tes-de-reduction-a-souder-x-a-souder-x-a-souder-dixon\/#breadcrumb"},"inLanguage":"fr-FR","potentialAction":[{"@type":"ReadAction","target":["https:\/\/www.zytho.ca\/fr\/produit\/t7rwww-biopharm-haute-purete-tes-de-reduction-a-souder-x-a-souder-x-a-souder-dixon\/"]}]},{"@type":"ImageObject","inLanguage":"fr-FR","@id":"https:\/\/www.zytho.ca\/fr\/produit\/t7rwww-biopharm-haute-purete-tes-de-reduction-a-souder-x-a-souder-x-a-souder-dixon\/#primaryimage","url":"https:\/\/www.zytho.ca\/wp-content\/uploads\/2025\/10\/T7RWWW-High-Purity-BioPharm-Weld-x-Weld-x-Weld-Reducing-Tees-Dixon.jpg","contentUrl":"https:\/\/www.zytho.ca\/wp-content\/uploads\/2025\/10\/T7RWWW-High-Purity-BioPharm-Weld-x-Weld-x-Weld-Reducing-Tees-Dixon.jpg","width":488,"height":488},{"@type":"BreadcrumbList","@id":"https:\/\/www.zytho.ca\/fr\/produit\/t7rwww-biopharm-haute-purete-tes-de-reduction-a-souder-x-a-souder-x-a-souder-dixon\/#breadcrumb","itemListElement":[{"@type":"ListItem","position":1,"name":"Accueil","item":"https:\/\/www.zytho.ca\/fr\/"},{"@type":"ListItem","position":2,"name":"Shop","item":"https:\/\/www.zytho.ca\/fr\/shop\/"},{"@type":"ListItem","position":3,"name":"T7RWWW BioPharm haute puret\u00e9 &#8211; T\u00e9s de r\u00e9duction \u00e0 souder x \u00e0 souder x \u00e0 souder &#8211; Dixon"}]},{"@type":"WebSite","@id":"https:\/\/www.zytho.ca\/fr\/#website","url":"https:\/\/www.zytho.ca\/fr\/","name":"Zytho","description":"","publisher":{"@id":"https:\/\/www.zytho.ca\/fr\/#organization"},"potentialAction":[{"@type":"SearchAction","target":{"@type":"EntryPoint","urlTemplate":"https:\/\/www.zytho.ca\/fr\/?s={search_term_string}"},"query-input":{"@type":"PropertyValueSpecification","valueRequired":true,"valueName":"search_term_string"}}],"inLanguage":"fr-FR"},{"@type":"Organization","@id":"https:\/\/www.zytho.ca\/fr\/#organization","name":"Zytho","url":"https:\/\/www.zytho.ca\/fr\/","logo":{"@type":"ImageObject","inLanguage":"fr-FR","@id":"https:\/\/www.zytho.ca\/fr\/#\/schema\/logo\/image\/","url":"https:\/\/www.zytho.ca\/wp-content\/uploads\/2024\/05\/Zytho_reversed_horizontal.svg","contentUrl":"https:\/\/www.zytho.ca\/wp-content\/uploads\/2024\/05\/Zytho_reversed_horizontal.svg","width":1582,"height":490,"caption":"Zytho"},"image":{"@id":"https:\/\/www.zytho.ca\/fr\/#\/schema\/logo\/image\/"}}]}},"_links":{"self":[{"href":"https:\/\/www.zytho.ca\/fr\/wp-json\/wp\/v2\/product\/11236","targetHints":{"allow":["GET"]}}],"collection":[{"href":"https:\/\/www.zytho.ca\/fr\/wp-json\/wp\/v2\/product"}],"about":[{"href":"https:\/\/www.zytho.ca\/fr\/wp-json\/wp\/v2\/types\/product"}],"wp:featuredmedia":[{"embeddable":true,"href":"https:\/\/www.zytho.ca\/fr\/wp-json\/wp\/v2\/media\/11237"}],"wp:attachment":[{"href":"https:\/\/www.zytho.ca\/fr\/wp-json\/wp\/v2\/media?parent=11236"}],"wp:term":[{"taxonomy":"product_brand","embeddable":true,"href":"https:\/\/www.zytho.ca\/fr\/wp-json\/wp\/v2\/product_brand?post=11236"},{"taxonomy":"product_cat","embeddable":true,"href":"https:\/\/www.zytho.ca\/fr\/wp-json\/wp\/v2\/product_cat?post=11236"},{"taxonomy":"product_tag","embeddable":true,"href":"https:\/\/www.zytho.ca\/fr\/wp-json\/wp\/v2\/product_tag?post=11236"}],"curies":[{"name":"wp","href":"https:\/\/api.w.org\/{rel}","templated":true}]}}