{"id":11131,"date":"2025-10-27T15:51:48","date_gmt":"2025-10-27T15:51:48","guid":{"rendered":"https:\/\/zytho.ca\/product\/joints-de-bride-en-neoprene-dixon\/"},"modified":"2025-10-27T15:51:48","modified_gmt":"2025-10-27T15:51:48","slug":"joints-de-bride-en-neoprene-dixon","status":"publish","type":"product","link":"https:\/\/www.zytho.ca\/fr\/produit\/joints-de-bride-en-neoprene-dixon\/","title":{"rendered":"Joints de bride en n\u00e9opr\u00e8ne &#8211; Dixon"},"content":{"rendered":"<h6><strong>Avantages :<\/strong><\/h6>\n<ul>\n<li>Con\u00e7ue avec une configuration standard d&#8217;anneaux d&#8217;arr\u00eat pour des performances optimales.<\/li>\n<\/ul>\n<h6><strong>D\u00e9tails du produit :<\/strong><\/h6>\n<ul>\n<li><a href=\"https:\/\/www.dixonvalve.com\/sites\/default\/files\/product\/files\/dimensional-specs\/NG10.PDF\">Sp\u00e9cifications dimensionnelles<\/a><\/li>\n<\/ul>\n<h6><strong>Documentation de r\u00e9f\u00e9rence :<\/strong><\/h6>\n<ul>\n<li><a href=\"https:\/\/www.dixonvalve.com\/sites\/default\/files\/product\/pages\/us\/DPL418%20-%20689.pdf\">R\u00e9f\u00e9rence catalogue : DPL418 &#8211; 689<\/a><\/li>\n<\/ul>\n","protected":false},"excerpt":{"rendered":"<h4>Principaux avantages des joints de bride en n\u00e9opr\u00e8ne pour les brasseurs professionnels<\/h4>\n<ul>\n<li>Garantit des performances d&#8217;\u00e9tanch\u00e9it\u00e9 optimales gr\u00e2ce \u00e0 sa configuration standard \u00e0 anneau creux, cruciale pour maintenir l&#8217;int\u00e9grit\u00e9 des processus de brassage.<\/li>\n<li>Le mat\u00e9riau durable r\u00e9siste aux rigueurs des environnements de brassage et offre une fiabilit\u00e9 \u00e0 long terme.<\/li>\n<li>Facile \u00e0 installer et \u00e0 entretenir, il minimise les temps d&#8217;arr\u00eat et am\u00e9liore l&#8217;efficacit\u00e9 op\u00e9rationnelle des op\u00e9rations de brassage.<\/li>\n<\/ul>\n","protected":false},"featured_media":11133,"template":"","meta":{"_acf_changed":false,"inline_featured_image":false},"product_brand":[740],"product_cat":[736,741,765],"product_tag":[],"class_list":{"0":"post-11131","1":"product","2":"type-product","3":"status-publish","4":"has-post-thumbnail","6":"product_brand-dixon","7":"product_cat-distribution","8":"product_cat-materiel","9":"product_cat-raccords-sanitaires","11":"first","12":"instock","13":"taxable","14":"shipping-taxable","15":"purchasable","16":"product-type-variable"},"acf":[],"yoast_head":"<!-- This site is optimized with the Yoast SEO plugin v27.6 - https:\/\/yoast.com\/product\/yoast-seo-wordpress\/ -->\n<title>Joints de bride en n\u00e9opr\u00e8ne - Dixon - Pour brasseries professionnelles | Zytho<\/title>\n<meta name=\"description\" content=\"D\u00e9couvrez les joints de bride en n\u00e9opr\u00e8ne de Dixon, con\u00e7us pour les brasseurs avec une conception \u00e0 anneau tombant pour des performances optimales. Explorez les sp\u00e9cifications et le catalogue pour des op\u00e9rations de brassage sans faille.\" \/>\n<meta name=\"robots\" content=\"index, follow, max-snippet:-1, max-image-preview:large, max-video-preview:-1\" \/>\n<link rel=\"canonical\" href=\"https:\/\/www.zytho.ca\/fr\/produit\/joints-de-bride-en-neoprene-dixon\/\" \/>\n<meta property=\"og:locale\" content=\"fr_FR\" \/>\n<meta property=\"og:type\" content=\"article\" \/>\n<meta property=\"og:title\" content=\"Joints de bride en n\u00e9opr\u00e8ne - Dixon - Pour brasseries professionnelles | Zytho\" \/>\n<meta property=\"og:description\" content=\"D\u00e9couvrez les joints de bride en n\u00e9opr\u00e8ne de Dixon, con\u00e7us pour les brasseurs avec une conception \u00e0 anneau tombant pour des performances optimales. Explorez les sp\u00e9cifications et le catalogue pour des op\u00e9rations de brassage sans faille.\" \/>\n<meta property=\"og:url\" content=\"https:\/\/www.zytho.ca\/fr\/produit\/joints-de-bride-en-neoprene-dixon\/\" \/>\n<meta property=\"og:site_name\" content=\"Zytho\" \/>\n<meta property=\"og:image\" content=\"https:\/\/www.zytho.ca\/wp-content\/uploads\/2025\/10\/Neoprene-Flange-Gaskets-Dixon.jpg\" \/>\n\t<meta property=\"og:image:width\" content=\"423\" \/>\n\t<meta property=\"og:image:height\" content=\"423\" \/>\n\t<meta property=\"og:image:type\" content=\"image\/jpeg\" \/>\n<meta name=\"twitter:card\" content=\"summary_large_image\" \/>\n<script type=\"application\/ld+json\" class=\"yoast-schema-graph\">{\"@context\":\"https:\\\/\\\/schema.org\",\"@graph\":[{\"@type\":\"WebPage\",\"@id\":\"https:\\\/\\\/www.zytho.ca\\\/fr\\\/produit\\\/joints-de-bride-en-neoprene-dixon\\\/\",\"url\":\"https:\\\/\\\/www.zytho.ca\\\/fr\\\/produit\\\/joints-de-bride-en-neoprene-dixon\\\/\",\"name\":\"Joints de bride en n\u00e9opr\u00e8ne - Dixon - Pour brasseries professionnelles | Zytho\",\"isPartOf\":{\"@id\":\"https:\\\/\\\/www.zytho.ca\\\/fr\\\/#website\"},\"primaryImageOfPage\":{\"@id\":\"https:\\\/\\\/www.zytho.ca\\\/fr\\\/produit\\\/joints-de-bride-en-neoprene-dixon\\\/#primaryimage\"},\"image\":{\"@id\":\"https:\\\/\\\/www.zytho.ca\\\/fr\\\/produit\\\/joints-de-bride-en-neoprene-dixon\\\/#primaryimage\"},\"thumbnailUrl\":\"https:\\\/\\\/www.zytho.ca\\\/wp-content\\\/uploads\\\/2025\\\/10\\\/Neoprene-Flange-Gaskets-Dixon.jpg\",\"datePublished\":\"2025-10-27T15:51:48+00:00\",\"description\":\"D\u00e9couvrez les joints de bride en n\u00e9opr\u00e8ne de Dixon, con\u00e7us pour les brasseurs avec une conception \u00e0 anneau tombant pour des performances optimales. Explorez les sp\u00e9cifications et le catalogue pour des op\u00e9rations de brassage sans faille.\",\"breadcrumb\":{\"@id\":\"https:\\\/\\\/www.zytho.ca\\\/fr\\\/produit\\\/joints-de-bride-en-neoprene-dixon\\\/#breadcrumb\"},\"inLanguage\":\"fr-FR\",\"potentialAction\":[{\"@type\":\"ReadAction\",\"target\":[\"https:\\\/\\\/www.zytho.ca\\\/fr\\\/produit\\\/joints-de-bride-en-neoprene-dixon\\\/\"]}]},{\"@type\":\"ImageObject\",\"inLanguage\":\"fr-FR\",\"@id\":\"https:\\\/\\\/www.zytho.ca\\\/fr\\\/produit\\\/joints-de-bride-en-neoprene-dixon\\\/#primaryimage\",\"url\":\"https:\\\/\\\/www.zytho.ca\\\/wp-content\\\/uploads\\\/2025\\\/10\\\/Neoprene-Flange-Gaskets-Dixon.jpg\",\"contentUrl\":\"https:\\\/\\\/www.zytho.ca\\\/wp-content\\\/uploads\\\/2025\\\/10\\\/Neoprene-Flange-Gaskets-Dixon.jpg\",\"width\":423,\"height\":423},{\"@type\":\"BreadcrumbList\",\"@id\":\"https:\\\/\\\/www.zytho.ca\\\/fr\\\/produit\\\/joints-de-bride-en-neoprene-dixon\\\/#breadcrumb\",\"itemListElement\":[{\"@type\":\"ListItem\",\"position\":1,\"name\":\"Accueil\",\"item\":\"https:\\\/\\\/www.zytho.ca\\\/fr\\\/\"},{\"@type\":\"ListItem\",\"position\":2,\"name\":\"Shop\",\"item\":\"https:\\\/\\\/www.zytho.ca\\\/fr\\\/shop\\\/\"},{\"@type\":\"ListItem\",\"position\":3,\"name\":\"Joints de bride en n\u00e9opr\u00e8ne &#8211; Dixon\"}]},{\"@type\":\"WebSite\",\"@id\":\"https:\\\/\\\/www.zytho.ca\\\/fr\\\/#website\",\"url\":\"https:\\\/\\\/www.zytho.ca\\\/fr\\\/\",\"name\":\"Zytho\",\"description\":\"\",\"publisher\":{\"@id\":\"https:\\\/\\\/www.zytho.ca\\\/fr\\\/#organization\"},\"potentialAction\":[{\"@type\":\"SearchAction\",\"target\":{\"@type\":\"EntryPoint\",\"urlTemplate\":\"https:\\\/\\\/www.zytho.ca\\\/fr\\\/?s={search_term_string}\"},\"query-input\":{\"@type\":\"PropertyValueSpecification\",\"valueRequired\":true,\"valueName\":\"search_term_string\"}}],\"inLanguage\":\"fr-FR\"},{\"@type\":\"Organization\",\"@id\":\"https:\\\/\\\/www.zytho.ca\\\/fr\\\/#organization\",\"name\":\"Zytho\",\"url\":\"https:\\\/\\\/www.zytho.ca\\\/fr\\\/\",\"logo\":{\"@type\":\"ImageObject\",\"inLanguage\":\"fr-FR\",\"@id\":\"https:\\\/\\\/www.zytho.ca\\\/fr\\\/#\\\/schema\\\/logo\\\/image\\\/\",\"url\":\"https:\\\/\\\/www.zytho.ca\\\/wp-content\\\/uploads\\\/2024\\\/05\\\/Zytho_reversed_horizontal.svg\",\"contentUrl\":\"https:\\\/\\\/www.zytho.ca\\\/wp-content\\\/uploads\\\/2024\\\/05\\\/Zytho_reversed_horizontal.svg\",\"width\":1582,\"height\":490,\"caption\":\"Zytho\"},\"image\":{\"@id\":\"https:\\\/\\\/www.zytho.ca\\\/fr\\\/#\\\/schema\\\/logo\\\/image\\\/\"}}]}<\/script>\n<!-- \/ Yoast SEO plugin. -->","yoast_head_json":{"title":"Joints de bride en n\u00e9opr\u00e8ne - Dixon - Pour brasseries professionnelles | Zytho","description":"D\u00e9couvrez les joints de bride en n\u00e9opr\u00e8ne de Dixon, con\u00e7us pour les brasseurs avec une conception \u00e0 anneau tombant pour des performances optimales. Explorez les sp\u00e9cifications et le catalogue pour des op\u00e9rations de brassage sans faille.","robots":{"index":"index","follow":"follow","max-snippet":"max-snippet:-1","max-image-preview":"max-image-preview:large","max-video-preview":"max-video-preview:-1"},"canonical":"https:\/\/www.zytho.ca\/fr\/produit\/joints-de-bride-en-neoprene-dixon\/","og_locale":"fr_FR","og_type":"article","og_title":"Joints de bride en n\u00e9opr\u00e8ne - Dixon - Pour brasseries professionnelles | Zytho","og_description":"D\u00e9couvrez les joints de bride en n\u00e9opr\u00e8ne de Dixon, con\u00e7us pour les brasseurs avec une conception \u00e0 anneau tombant pour des performances optimales. Explorez les sp\u00e9cifications et le catalogue pour des op\u00e9rations de brassage sans faille.","og_url":"https:\/\/www.zytho.ca\/fr\/produit\/joints-de-bride-en-neoprene-dixon\/","og_site_name":"Zytho","og_image":[{"width":423,"height":423,"url":"https:\/\/www.zytho.ca\/wp-content\/uploads\/2025\/10\/Neoprene-Flange-Gaskets-Dixon.jpg","type":"image\/jpeg"}],"twitter_card":"summary_large_image","schema":{"@context":"https:\/\/schema.org","@graph":[{"@type":"WebPage","@id":"https:\/\/www.zytho.ca\/fr\/produit\/joints-de-bride-en-neoprene-dixon\/","url":"https:\/\/www.zytho.ca\/fr\/produit\/joints-de-bride-en-neoprene-dixon\/","name":"Joints de bride en n\u00e9opr\u00e8ne - Dixon - Pour brasseries professionnelles | Zytho","isPartOf":{"@id":"https:\/\/www.zytho.ca\/fr\/#website"},"primaryImageOfPage":{"@id":"https:\/\/www.zytho.ca\/fr\/produit\/joints-de-bride-en-neoprene-dixon\/#primaryimage"},"image":{"@id":"https:\/\/www.zytho.ca\/fr\/produit\/joints-de-bride-en-neoprene-dixon\/#primaryimage"},"thumbnailUrl":"https:\/\/www.zytho.ca\/wp-content\/uploads\/2025\/10\/Neoprene-Flange-Gaskets-Dixon.jpg","datePublished":"2025-10-27T15:51:48+00:00","description":"D\u00e9couvrez les joints de bride en n\u00e9opr\u00e8ne de Dixon, con\u00e7us pour les brasseurs avec une conception \u00e0 anneau tombant pour des performances optimales. Explorez les sp\u00e9cifications et le catalogue pour des op\u00e9rations de brassage sans faille.","breadcrumb":{"@id":"https:\/\/www.zytho.ca\/fr\/produit\/joints-de-bride-en-neoprene-dixon\/#breadcrumb"},"inLanguage":"fr-FR","potentialAction":[{"@type":"ReadAction","target":["https:\/\/www.zytho.ca\/fr\/produit\/joints-de-bride-en-neoprene-dixon\/"]}]},{"@type":"ImageObject","inLanguage":"fr-FR","@id":"https:\/\/www.zytho.ca\/fr\/produit\/joints-de-bride-en-neoprene-dixon\/#primaryimage","url":"https:\/\/www.zytho.ca\/wp-content\/uploads\/2025\/10\/Neoprene-Flange-Gaskets-Dixon.jpg","contentUrl":"https:\/\/www.zytho.ca\/wp-content\/uploads\/2025\/10\/Neoprene-Flange-Gaskets-Dixon.jpg","width":423,"height":423},{"@type":"BreadcrumbList","@id":"https:\/\/www.zytho.ca\/fr\/produit\/joints-de-bride-en-neoprene-dixon\/#breadcrumb","itemListElement":[{"@type":"ListItem","position":1,"name":"Accueil","item":"https:\/\/www.zytho.ca\/fr\/"},{"@type":"ListItem","position":2,"name":"Shop","item":"https:\/\/www.zytho.ca\/fr\/shop\/"},{"@type":"ListItem","position":3,"name":"Joints de bride en n\u00e9opr\u00e8ne &#8211; Dixon"}]},{"@type":"WebSite","@id":"https:\/\/www.zytho.ca\/fr\/#website","url":"https:\/\/www.zytho.ca\/fr\/","name":"Zytho","description":"","publisher":{"@id":"https:\/\/www.zytho.ca\/fr\/#organization"},"potentialAction":[{"@type":"SearchAction","target":{"@type":"EntryPoint","urlTemplate":"https:\/\/www.zytho.ca\/fr\/?s={search_term_string}"},"query-input":{"@type":"PropertyValueSpecification","valueRequired":true,"valueName":"search_term_string"}}],"inLanguage":"fr-FR"},{"@type":"Organization","@id":"https:\/\/www.zytho.ca\/fr\/#organization","name":"Zytho","url":"https:\/\/www.zytho.ca\/fr\/","logo":{"@type":"ImageObject","inLanguage":"fr-FR","@id":"https:\/\/www.zytho.ca\/fr\/#\/schema\/logo\/image\/","url":"https:\/\/www.zytho.ca\/wp-content\/uploads\/2024\/05\/Zytho_reversed_horizontal.svg","contentUrl":"https:\/\/www.zytho.ca\/wp-content\/uploads\/2024\/05\/Zytho_reversed_horizontal.svg","width":1582,"height":490,"caption":"Zytho"},"image":{"@id":"https:\/\/www.zytho.ca\/fr\/#\/schema\/logo\/image\/"}}]}},"_links":{"self":[{"href":"https:\/\/www.zytho.ca\/fr\/wp-json\/wp\/v2\/product\/11131","targetHints":{"allow":["GET"]}}],"collection":[{"href":"https:\/\/www.zytho.ca\/fr\/wp-json\/wp\/v2\/product"}],"about":[{"href":"https:\/\/www.zytho.ca\/fr\/wp-json\/wp\/v2\/types\/product"}],"wp:featuredmedia":[{"embeddable":true,"href":"https:\/\/www.zytho.ca\/fr\/wp-json\/wp\/v2\/media\/11133"}],"wp:attachment":[{"href":"https:\/\/www.zytho.ca\/fr\/wp-json\/wp\/v2\/media?parent=11131"}],"wp:term":[{"taxonomy":"product_brand","embeddable":true,"href":"https:\/\/www.zytho.ca\/fr\/wp-json\/wp\/v2\/product_brand?post=11131"},{"taxonomy":"product_cat","embeddable":true,"href":"https:\/\/www.zytho.ca\/fr\/wp-json\/wp\/v2\/product_cat?post=11131"},{"taxonomy":"product_tag","embeddable":true,"href":"https:\/\/www.zytho.ca\/fr\/wp-json\/wp\/v2\/product_tag?post=11131"}],"curies":[{"name":"wp","href":"https:\/\/api.w.org\/{rel}","templated":true}]}}