{"id":11104,"date":"2025-10-27T15:51:33","date_gmt":"2025-10-27T15:51:33","guid":{"rendered":"https:\/\/zytho.ca\/product\/t2kmp-high-purity-biopharm-coudes-45-clamp-x-clamp-dixon\/"},"modified":"2025-11-10T10:58:07","modified_gmt":"2025-11-10T10:58:07","slug":"t2kmp-high-purity-biopharm-coudes-45-clamp-x-clamp-dixon","status":"publish","type":"product","link":"https:\/\/www.zytho.ca\/fr\/produit\/t2kmp-high-purity-biopharm-coudes-45-clamp-x-clamp-dixon\/","title":{"rendered":"T2KMP High Purity BioPharm &#8211; Coudes 45\u00b0 Clamp x Clamp &#8211; Dixon"},"content":{"rendered":"<p data-start=\"0\" data-end=\"67\"><strong data-start=\"0\" data-end=\"65\">T2KMP High Purity BioPharm &#8211; Coudes 45\u00b0 Clamp x Clamp &#8211; Dixon<\/strong><\/p>\n<p data-start=\"69\" data-end=\"495\">Le <strong data-start=\"73\" data-end=\"133\">coude 45\u00b0 Clamp x Clamp Dixon T2KMP High Purity BioPharm<\/strong> est con\u00e7u pour les <strong data-start=\"152\" data-end=\"208\">applications hygi\u00e9niques et biopharmaceutiques critiques<\/strong> o\u00f9 la puret\u00e9, la nettoyabilit\u00e9 et l&#8217;int\u00e9grit\u00e9 de l&#8217;\u00e9coulement sont primordiales. Con\u00e7u avec une <strong data-start=\"285\" data-end=\"301\">g\u00e9om\u00e9trie \u00e0 45\u00b0<\/strong> et des <strong data-start=\"306\" data-end=\"331\">connexions Tri-Clamp<\/strong> aux deux extr\u00e9mit\u00e9s, ce raccord de pr\u00e9cision assure un <strong data-start=\"377\" data-end=\"404\">\u00e9coulement directionnel r\u00e9gulier<\/strong> avec un minimum de turbulences, r\u00e9pondant aux exigences strictes des syst\u00e8mes de traitement st\u00e9riles. <\/p>\n<p data-start=\"497\" data-end=\"515\"><strong data-start=\"497\" data-end=\"513\">Principaux avantages<\/strong><\/p>\n<ul data-start=\"516\" data-end=\"1222\">\n<li data-start=\"516\" data-end=\"653\">\n<p data-start=\"518\" data-end=\"653\"><strong data-start=\"518\" data-end=\"541\">Conception de haute puret\u00e9 :<\/strong> L&#8217;\u00e9lectropolissage permet d&#8217;obtenir une finition de surface ultra lisse, ce qui minimise la r\u00e9tention du produit et le potentiel de croissance microbienne.<\/p>\n<\/li>\n<li data-start=\"654\" data-end=\"800\">\n<p data-start=\"656\" data-end=\"800\"><strong data-start=\"656\" data-end=\"684\">Nettoyabilit\u00e9 constante :<\/strong> Enti\u00e8rement compatible avec les proc\u00e9d\u00e9s <strong data-start=\"707\" data-end=\"731\">CIP (Clean-in-Place<\/strong> ) et <strong data-start=\"736\" data-end=\"760\">SIP (Steam-in-Place)<\/strong> pour une st\u00e9rilisation fiable.<\/p>\n<\/li>\n<li data-start=\"801\" data-end=\"937\">\n<p data-start=\"803\" data-end=\"937\"><strong data-start=\"803\" data-end=\"827\">Chemin d&#8217;\u00e9coulement de pr\u00e9cision :<\/strong> le coude \u00e0 45\u00b0 maintient un \u00e9coulement optimal tout en r\u00e9duisant les pertes de charge et les contraintes m\u00e9caniques dans les syst\u00e8mes \u00e0 faible encombrement.<\/p>\n<\/li>\n<li data-start=\"938\" data-end=\"1084\">\n<p data-start=\"940\" data-end=\"1084\"><strong data-start=\"940\" data-end=\"972\">Int\u00e9grit\u00e9 sup\u00e9rieure des mat\u00e9riaux :<\/strong> Fabriqu\u00e9 en <strong data-start=\"990\" data-end=\"1014\">acier inoxydable 316L<\/strong> avec une teneur en soufre contr\u00f4l\u00e9e pour r\u00e9pondre aux normes biopharmaceutiques.<\/p>\n<\/li>\n<li data-start=\"1085\" data-end=\"1222\">\n<p data-start=\"1087\" data-end=\"1222\"><strong data-start=\"1087\" data-end=\"1107\">Tra\u00e7abilit\u00e9 totale :<\/strong> Chaque raccord est marqu\u00e9 au laser pour la <strong data-start=\"1141\" data-end=\"1170\">tra\u00e7abilit\u00e9 de la chaleur et du lot<\/strong>, ce qui garantit la validation et la conformit\u00e9 de l&#8217;ensemble du processus.<\/p>\n<\/li>\n<\/ul>\n<p data-start=\"1224\" data-end=\"1250\"><strong data-start=\"1224\" data-end=\"1248\">Applications typiques<\/strong><\/p>\n<ul data-start=\"1251\" data-end=\"1456\">\n<li data-start=\"1251\" data-end=\"1286\">\n<p data-start=\"1253\" data-end=\"1286\">Fabrication de produits biopharmaceutiques<\/p>\n<\/li>\n<li data-start=\"1287\" data-end=\"1320\">\n<p data-start=\"1289\" data-end=\"1320\">Salles blanches et syst\u00e8mes st\u00e9riles<\/p>\n<\/li>\n<li data-start=\"1321\" data-end=\"1367\">\n<p data-start=\"1323\" data-end=\"1367\">Eau pour injection (WFI) et lignes tampons<\/p>\n<\/li>\n<li data-start=\"1368\" data-end=\"1411\">\n<p data-start=\"1370\" data-end=\"1411\">Proc\u00e9d\u00e9s de haute puret\u00e9 pour les aliments et les boissons<\/p>\n<\/li>\n<li data-start=\"1412\" data-end=\"1456\">\n<p data-start=\"1414\" data-end=\"1456\">Production de laboratoires et de dispositifs m\u00e9dicaux<\/p>\n<\/li>\n<\/ul>\n<p data-start=\"1458\" data-end=\"1479\"><strong data-start=\"1458\" data-end=\"1477\">D\u00e9tails du produit<\/strong><\/p>\n<ul data-start=\"1480\" data-end=\"1816\">\n<li data-start=\"1480\" data-end=\"1518\">\n<p data-start=\"1482\" data-end=\"1518\"><strong data-start=\"1482\" data-end=\"1495\">Mat\u00e9riau :<\/strong> Acier inoxydable 316L<\/p>\n<\/li>\n<li data-start=\"1519\" data-end=\"1565\">\n<p data-start=\"1521\" data-end=\"1565\"><strong data-start=\"1521\" data-end=\"1541\">Type de connexion :<\/strong> Tri-Clamp x Tri-Clamp<\/p>\n<\/li>\n<li data-start=\"1566\" data-end=\"1584\">\n<p data-start=\"1568\" data-end=\"1584\"><strong data-start=\"1568\" data-end=\"1578\">Angle :<\/strong> 45\u00b0<\/p>\n<\/li>\n<li data-start=\"1585\" data-end=\"1633\">\n<p data-start=\"1587\" data-end=\"1633\"><strong data-start=\"1587\" data-end=\"1606\">Finition de la surface :<\/strong> \u226415 Ra (\u00e9lectropoli)<\/p>\n<\/li>\n<li data-start=\"1634\" data-end=\"1663\">\n<p data-start=\"1636\" data-end=\"1663\"><strong data-start=\"1636\" data-end=\"1651\">Gamme de tailles :<\/strong> 1\/2&#8243; &#8211; 6&#8243;<\/p>\n<\/li>\n<li data-start=\"1664\" data-end=\"1720\">\n<p data-start=\"1666\" data-end=\"1720\"><strong data-start=\"1666\" data-end=\"1680\">Normes :<\/strong> ASME BPE, 3-A Sanitaire, conforme \u00e0 la FDA<\/p>\n<\/li>\n<li data-start=\"1721\" data-end=\"1816\">\n<p data-start=\"1723\" data-end=\"1816\"><strong data-start=\"1723\" data-end=\"1741\">Documentation :<\/strong> Rapports d&#8217;essai des mat\u00e9riaux (MTR) et certifications de l&#8217;\u00e9tat de surface disponibles<\/p>\n<\/li>\n<\/ul>\n<p data-start=\"1818\" data-end=\"2006\" data-is-last-node=\"\" data-is-only-node=\"\"><strong data-start=\"1818\" data-end=\"2006\" data-is-last-node=\"\">Con\u00e7u pour la pr\u00e9cision, la puret\u00e9 et la performance &#8211; le Dixon T2KMP 45\u00b0 High Purity BioPharm Elbow offre une qualit\u00e9 sanitaire sans compromis pour les environnements de processus les plus exigeants.<\/strong><\/p>\n","protected":false},"excerpt":{"rendered":"<h4>Principaux avantages des coudes Clamp x Clamp 45\u00b0 T2KMP High Purity BioPharm pour les brasseurs professionnels<\/h4>\n<ul>\n<li>Conception de haute puret\u00e9 : Electropoli pour une surface ultra lisse, minimisant la croissance microbienne et la r\u00e9tention des produits.<\/li>\n<li>Nettoyabilit\u00e9 constante : Enti\u00e8rement compatible avec les proc\u00e9d\u00e9s CIP et SIP, il garantit une st\u00e9rilisation fiable.<\/li>\n<li>Pr\u00e9cision de l&#8217;\u00e9coulement : Le coude \u00e0 45\u00b0 optimise le d\u00e9bit tout en r\u00e9duisant la perte de charge et les contraintes m\u00e9caniques dans les syst\u00e8mes compacts.<\/li>\n<\/ul>\n","protected":false},"featured_media":11114,"template":"","meta":{"_acf_changed":false,"inline_featured_image":false},"product_brand":[740],"product_cat":[736,741,765],"product_tag":[796],"class_list":{"0":"post-11104","1":"product","2":"type-product","3":"status-publish","4":"has-post-thumbnail","6":"product_brand-dixon","7":"product_cat-distribution","8":"product_cat-materiel","9":"product_cat-raccords-sanitaires","10":"product_tag-pharmacie","12":"first","13":"instock","14":"taxable","15":"shipping-taxable","16":"purchasable","17":"product-type-variable"},"acf":[],"yoast_head":"<!-- This site is optimized with the Yoast SEO plugin v27.6 - https:\/\/yoast.com\/product\/yoast-seo-wordpress\/ -->\n<title>T2KMP High Purity BioPharm - Coudes 45\u00b0 Clamp x Clamp - Dixon - Pour brasseries professionnelles | Zytho<\/title>\n<meta name=\"description\" content=\"Optimisez le processus de votre brasserie avec le Dixon T2KMP 45\u00b0 High Purity BioPharm Elbow. Con\u00e7u pour un d\u00e9bit sup\u00e9rieur et une facilit\u00e9 de nettoyage, assurant des brassins de qualit\u00e9 sup\u00e9rieure \u00e0 chaque fois.\" \/>\n<meta name=\"robots\" content=\"index, follow, max-snippet:-1, max-image-preview:large, max-video-preview:-1\" \/>\n<link rel=\"canonical\" href=\"https:\/\/www.zytho.ca\/fr\/produit\/t2kmp-high-purity-biopharm-coudes-45-clamp-x-clamp-dixon\/\" \/>\n<meta property=\"og:locale\" content=\"fr_FR\" \/>\n<meta property=\"og:type\" content=\"article\" \/>\n<meta property=\"og:title\" content=\"T2KMP High Purity BioPharm - Coudes 45\u00b0 Clamp x Clamp - Dixon - Pour brasseries professionnelles | Zytho\" \/>\n<meta property=\"og:description\" content=\"Optimisez le processus de votre brasserie avec le Dixon T2KMP 45\u00b0 High Purity BioPharm Elbow. Con\u00e7u pour un d\u00e9bit sup\u00e9rieur et une facilit\u00e9 de nettoyage, assurant des brassins de qualit\u00e9 sup\u00e9rieure \u00e0 chaque fois.\" \/>\n<meta property=\"og:url\" content=\"https:\/\/www.zytho.ca\/fr\/produit\/t2kmp-high-purity-biopharm-coudes-45-clamp-x-clamp-dixon\/\" \/>\n<meta property=\"og:site_name\" content=\"Zytho\" \/>\n<meta property=\"article:modified_time\" content=\"2025-11-10T10:58:07+00:00\" \/>\n<meta property=\"og:image\" content=\"https:\/\/www.zytho.ca\/wp-content\/uploads\/2025\/10\/T2KMP-High-Purity-BioPharm-45deg-Clamp-x-Clamp-Elbows-Dixon.jpg\" \/>\n\t<meta property=\"og:image:width\" content=\"555\" \/>\n\t<meta property=\"og:image:height\" content=\"555\" \/>\n\t<meta property=\"og:image:type\" content=\"image\/jpeg\" \/>\n<meta name=\"twitter:card\" content=\"summary_large_image\" \/>\n<meta name=\"twitter:label1\" content=\"Dur\u00e9e de lecture estim\u00e9e\" \/>\n\t<meta name=\"twitter:data1\" content=\"2 minutes\" \/>\n<script type=\"application\/ld+json\" class=\"yoast-schema-graph\">{\"@context\":\"https:\\\/\\\/schema.org\",\"@graph\":[{\"@type\":\"WebPage\",\"@id\":\"https:\\\/\\\/www.zytho.ca\\\/fr\\\/produit\\\/t2kmp-high-purity-biopharm-coudes-45-clamp-x-clamp-dixon\\\/\",\"url\":\"https:\\\/\\\/www.zytho.ca\\\/fr\\\/produit\\\/t2kmp-high-purity-biopharm-coudes-45-clamp-x-clamp-dixon\\\/\",\"name\":\"T2KMP High Purity BioPharm - Coudes 45\u00b0 Clamp x Clamp - Dixon - Pour brasseries professionnelles | Zytho\",\"isPartOf\":{\"@id\":\"https:\\\/\\\/www.zytho.ca\\\/fr\\\/#website\"},\"primaryImageOfPage\":{\"@id\":\"https:\\\/\\\/www.zytho.ca\\\/fr\\\/produit\\\/t2kmp-high-purity-biopharm-coudes-45-clamp-x-clamp-dixon\\\/#primaryimage\"},\"image\":{\"@id\":\"https:\\\/\\\/www.zytho.ca\\\/fr\\\/produit\\\/t2kmp-high-purity-biopharm-coudes-45-clamp-x-clamp-dixon\\\/#primaryimage\"},\"thumbnailUrl\":\"https:\\\/\\\/www.zytho.ca\\\/wp-content\\\/uploads\\\/2025\\\/10\\\/T2KMP-High-Purity-BioPharm-45deg-Clamp-x-Clamp-Elbows-Dixon.jpg\",\"datePublished\":\"2025-10-27T15:51:33+00:00\",\"dateModified\":\"2025-11-10T10:58:07+00:00\",\"description\":\"Optimisez le processus de votre brasserie avec le Dixon T2KMP 45\u00b0 High Purity BioPharm Elbow. Con\u00e7u pour un d\u00e9bit sup\u00e9rieur et une facilit\u00e9 de nettoyage, assurant des brassins de qualit\u00e9 sup\u00e9rieure \u00e0 chaque fois.\",\"breadcrumb\":{\"@id\":\"https:\\\/\\\/www.zytho.ca\\\/fr\\\/produit\\\/t2kmp-high-purity-biopharm-coudes-45-clamp-x-clamp-dixon\\\/#breadcrumb\"},\"inLanguage\":\"fr-FR\",\"potentialAction\":[{\"@type\":\"ReadAction\",\"target\":[\"https:\\\/\\\/www.zytho.ca\\\/fr\\\/produit\\\/t2kmp-high-purity-biopharm-coudes-45-clamp-x-clamp-dixon\\\/\"]}]},{\"@type\":\"ImageObject\",\"inLanguage\":\"fr-FR\",\"@id\":\"https:\\\/\\\/www.zytho.ca\\\/fr\\\/produit\\\/t2kmp-high-purity-biopharm-coudes-45-clamp-x-clamp-dixon\\\/#primaryimage\",\"url\":\"https:\\\/\\\/www.zytho.ca\\\/wp-content\\\/uploads\\\/2025\\\/10\\\/T2KMP-High-Purity-BioPharm-45deg-Clamp-x-Clamp-Elbows-Dixon.jpg\",\"contentUrl\":\"https:\\\/\\\/www.zytho.ca\\\/wp-content\\\/uploads\\\/2025\\\/10\\\/T2KMP-High-Purity-BioPharm-45deg-Clamp-x-Clamp-Elbows-Dixon.jpg\",\"width\":555,\"height\":555},{\"@type\":\"BreadcrumbList\",\"@id\":\"https:\\\/\\\/www.zytho.ca\\\/fr\\\/produit\\\/t2kmp-high-purity-biopharm-coudes-45-clamp-x-clamp-dixon\\\/#breadcrumb\",\"itemListElement\":[{\"@type\":\"ListItem\",\"position\":1,\"name\":\"Accueil\",\"item\":\"https:\\\/\\\/www.zytho.ca\\\/fr\\\/\"},{\"@type\":\"ListItem\",\"position\":2,\"name\":\"Shop\",\"item\":\"https:\\\/\\\/www.zytho.ca\\\/fr\\\/shop\\\/\"},{\"@type\":\"ListItem\",\"position\":3,\"name\":\"T2KMP High Purity BioPharm &#8211; Coudes 45\u00b0 Clamp x Clamp &#8211; Dixon\"}]},{\"@type\":\"WebSite\",\"@id\":\"https:\\\/\\\/www.zytho.ca\\\/fr\\\/#website\",\"url\":\"https:\\\/\\\/www.zytho.ca\\\/fr\\\/\",\"name\":\"Zytho\",\"description\":\"\",\"publisher\":{\"@id\":\"https:\\\/\\\/www.zytho.ca\\\/fr\\\/#organization\"},\"potentialAction\":[{\"@type\":\"SearchAction\",\"target\":{\"@type\":\"EntryPoint\",\"urlTemplate\":\"https:\\\/\\\/www.zytho.ca\\\/fr\\\/?s={search_term_string}\"},\"query-input\":{\"@type\":\"PropertyValueSpecification\",\"valueRequired\":true,\"valueName\":\"search_term_string\"}}],\"inLanguage\":\"fr-FR\"},{\"@type\":\"Organization\",\"@id\":\"https:\\\/\\\/www.zytho.ca\\\/fr\\\/#organization\",\"name\":\"Zytho\",\"url\":\"https:\\\/\\\/www.zytho.ca\\\/fr\\\/\",\"logo\":{\"@type\":\"ImageObject\",\"inLanguage\":\"fr-FR\",\"@id\":\"https:\\\/\\\/www.zytho.ca\\\/fr\\\/#\\\/schema\\\/logo\\\/image\\\/\",\"url\":\"https:\\\/\\\/www.zytho.ca\\\/wp-content\\\/uploads\\\/2024\\\/05\\\/Zytho_reversed_horizontal.svg\",\"contentUrl\":\"https:\\\/\\\/www.zytho.ca\\\/wp-content\\\/uploads\\\/2024\\\/05\\\/Zytho_reversed_horizontal.svg\",\"width\":1582,\"height\":490,\"caption\":\"Zytho\"},\"image\":{\"@id\":\"https:\\\/\\\/www.zytho.ca\\\/fr\\\/#\\\/schema\\\/logo\\\/image\\\/\"}}]}<\/script>\n<!-- \/ Yoast SEO plugin. -->","yoast_head_json":{"title":"T2KMP High Purity BioPharm - Coudes 45\u00b0 Clamp x Clamp - Dixon - Pour brasseries professionnelles | Zytho","description":"Optimisez le processus de votre brasserie avec le Dixon T2KMP 45\u00b0 High Purity BioPharm Elbow. Con\u00e7u pour un d\u00e9bit sup\u00e9rieur et une facilit\u00e9 de nettoyage, assurant des brassins de qualit\u00e9 sup\u00e9rieure \u00e0 chaque fois.","robots":{"index":"index","follow":"follow","max-snippet":"max-snippet:-1","max-image-preview":"max-image-preview:large","max-video-preview":"max-video-preview:-1"},"canonical":"https:\/\/www.zytho.ca\/fr\/produit\/t2kmp-high-purity-biopharm-coudes-45-clamp-x-clamp-dixon\/","og_locale":"fr_FR","og_type":"article","og_title":"T2KMP High Purity BioPharm - Coudes 45\u00b0 Clamp x Clamp - Dixon - Pour brasseries professionnelles | Zytho","og_description":"Optimisez le processus de votre brasserie avec le Dixon T2KMP 45\u00b0 High Purity BioPharm Elbow. Con\u00e7u pour un d\u00e9bit sup\u00e9rieur et une facilit\u00e9 de nettoyage, assurant des brassins de qualit\u00e9 sup\u00e9rieure \u00e0 chaque fois.","og_url":"https:\/\/www.zytho.ca\/fr\/produit\/t2kmp-high-purity-biopharm-coudes-45-clamp-x-clamp-dixon\/","og_site_name":"Zytho","article_modified_time":"2025-11-10T10:58:07+00:00","og_image":[{"width":555,"height":555,"url":"https:\/\/www.zytho.ca\/wp-content\/uploads\/2025\/10\/T2KMP-High-Purity-BioPharm-45deg-Clamp-x-Clamp-Elbows-Dixon.jpg","type":"image\/jpeg"}],"twitter_card":"summary_large_image","twitter_misc":{"Dur\u00e9e de lecture estim\u00e9e":"2 minutes"},"schema":{"@context":"https:\/\/schema.org","@graph":[{"@type":"WebPage","@id":"https:\/\/www.zytho.ca\/fr\/produit\/t2kmp-high-purity-biopharm-coudes-45-clamp-x-clamp-dixon\/","url":"https:\/\/www.zytho.ca\/fr\/produit\/t2kmp-high-purity-biopharm-coudes-45-clamp-x-clamp-dixon\/","name":"T2KMP High Purity BioPharm - Coudes 45\u00b0 Clamp x Clamp - Dixon - Pour brasseries professionnelles | Zytho","isPartOf":{"@id":"https:\/\/www.zytho.ca\/fr\/#website"},"primaryImageOfPage":{"@id":"https:\/\/www.zytho.ca\/fr\/produit\/t2kmp-high-purity-biopharm-coudes-45-clamp-x-clamp-dixon\/#primaryimage"},"image":{"@id":"https:\/\/www.zytho.ca\/fr\/produit\/t2kmp-high-purity-biopharm-coudes-45-clamp-x-clamp-dixon\/#primaryimage"},"thumbnailUrl":"https:\/\/www.zytho.ca\/wp-content\/uploads\/2025\/10\/T2KMP-High-Purity-BioPharm-45deg-Clamp-x-Clamp-Elbows-Dixon.jpg","datePublished":"2025-10-27T15:51:33+00:00","dateModified":"2025-11-10T10:58:07+00:00","description":"Optimisez le processus de votre brasserie avec le Dixon T2KMP 45\u00b0 High Purity BioPharm Elbow. Con\u00e7u pour un d\u00e9bit sup\u00e9rieur et une facilit\u00e9 de nettoyage, assurant des brassins de qualit\u00e9 sup\u00e9rieure \u00e0 chaque fois.","breadcrumb":{"@id":"https:\/\/www.zytho.ca\/fr\/produit\/t2kmp-high-purity-biopharm-coudes-45-clamp-x-clamp-dixon\/#breadcrumb"},"inLanguage":"fr-FR","potentialAction":[{"@type":"ReadAction","target":["https:\/\/www.zytho.ca\/fr\/produit\/t2kmp-high-purity-biopharm-coudes-45-clamp-x-clamp-dixon\/"]}]},{"@type":"ImageObject","inLanguage":"fr-FR","@id":"https:\/\/www.zytho.ca\/fr\/produit\/t2kmp-high-purity-biopharm-coudes-45-clamp-x-clamp-dixon\/#primaryimage","url":"https:\/\/www.zytho.ca\/wp-content\/uploads\/2025\/10\/T2KMP-High-Purity-BioPharm-45deg-Clamp-x-Clamp-Elbows-Dixon.jpg","contentUrl":"https:\/\/www.zytho.ca\/wp-content\/uploads\/2025\/10\/T2KMP-High-Purity-BioPharm-45deg-Clamp-x-Clamp-Elbows-Dixon.jpg","width":555,"height":555},{"@type":"BreadcrumbList","@id":"https:\/\/www.zytho.ca\/fr\/produit\/t2kmp-high-purity-biopharm-coudes-45-clamp-x-clamp-dixon\/#breadcrumb","itemListElement":[{"@type":"ListItem","position":1,"name":"Accueil","item":"https:\/\/www.zytho.ca\/fr\/"},{"@type":"ListItem","position":2,"name":"Shop","item":"https:\/\/www.zytho.ca\/fr\/shop\/"},{"@type":"ListItem","position":3,"name":"T2KMP High Purity BioPharm &#8211; Coudes 45\u00b0 Clamp x Clamp &#8211; Dixon"}]},{"@type":"WebSite","@id":"https:\/\/www.zytho.ca\/fr\/#website","url":"https:\/\/www.zytho.ca\/fr\/","name":"Zytho","description":"","publisher":{"@id":"https:\/\/www.zytho.ca\/fr\/#organization"},"potentialAction":[{"@type":"SearchAction","target":{"@type":"EntryPoint","urlTemplate":"https:\/\/www.zytho.ca\/fr\/?s={search_term_string}"},"query-input":{"@type":"PropertyValueSpecification","valueRequired":true,"valueName":"search_term_string"}}],"inLanguage":"fr-FR"},{"@type":"Organization","@id":"https:\/\/www.zytho.ca\/fr\/#organization","name":"Zytho","url":"https:\/\/www.zytho.ca\/fr\/","logo":{"@type":"ImageObject","inLanguage":"fr-FR","@id":"https:\/\/www.zytho.ca\/fr\/#\/schema\/logo\/image\/","url":"https:\/\/www.zytho.ca\/wp-content\/uploads\/2024\/05\/Zytho_reversed_horizontal.svg","contentUrl":"https:\/\/www.zytho.ca\/wp-content\/uploads\/2024\/05\/Zytho_reversed_horizontal.svg","width":1582,"height":490,"caption":"Zytho"},"image":{"@id":"https:\/\/www.zytho.ca\/fr\/#\/schema\/logo\/image\/"}}]}},"_links":{"self":[{"href":"https:\/\/www.zytho.ca\/fr\/wp-json\/wp\/v2\/product\/11104","targetHints":{"allow":["GET"]}}],"collection":[{"href":"https:\/\/www.zytho.ca\/fr\/wp-json\/wp\/v2\/product"}],"about":[{"href":"https:\/\/www.zytho.ca\/fr\/wp-json\/wp\/v2\/types\/product"}],"wp:featuredmedia":[{"embeddable":true,"href":"https:\/\/www.zytho.ca\/fr\/wp-json\/wp\/v2\/media\/11114"}],"wp:attachment":[{"href":"https:\/\/www.zytho.ca\/fr\/wp-json\/wp\/v2\/media?parent=11104"}],"wp:term":[{"taxonomy":"product_brand","embeddable":true,"href":"https:\/\/www.zytho.ca\/fr\/wp-json\/wp\/v2\/product_brand?post=11104"},{"taxonomy":"product_cat","embeddable":true,"href":"https:\/\/www.zytho.ca\/fr\/wp-json\/wp\/v2\/product_cat?post=11104"},{"taxonomy":"product_tag","embeddable":true,"href":"https:\/\/www.zytho.ca\/fr\/wp-json\/wp\/v2\/product_tag?post=11104"}],"curies":[{"name":"wp","href":"https:\/\/api.w.org\/{rel}","templated":true}]}}