{"id":11102,"date":"2025-10-27T15:51:53","date_gmt":"2025-10-27T15:51:53","guid":{"rendered":"https:\/\/zytho.ca\/product\/brides-a-col-soude-non-polies-b38w-dixon\/"},"modified":"2025-10-27T15:51:53","modified_gmt":"2025-10-27T15:51:53","slug":"brides-a-col-soude-non-polies-b38w-dixon","status":"publish","type":"product","link":"https:\/\/www.zytho.ca\/fr\/produit\/brides-a-col-soude-non-polies-b38w-dixon\/","title":{"rendered":"Brides \u00e0 col soud\u00e9 non polies B38W &#8211; Dixon"},"content":{"rendered":"<h6><strong>Avantages :<\/strong><\/h6>\n<ul>\n<li>Garantit une int\u00e9grit\u00e9 optimale de la bride gr\u00e2ce \u00e0 une s\u00e9quence pr\u00e9cise de serrage des boulons.<\/li>\n<li>Sp\u00e9cifications dimensionnelles compl\u00e8tes pour une adaptation et une compatibilit\u00e9 pr\u00e9cises.<\/li>\n<li>Acc\u00e8s \u00e0 un catalogue de produits d\u00e9taill\u00e9 pour une prise de d\u00e9cision \u00e9clair\u00e9e.<\/li>\n<\/ul>\n<h6><strong>D\u00e9tails du produit :<\/strong><\/h6>\n<ul>\n<li><a href=\"https:\/\/www.dixonvalve.com\/sites\/default\/files\/product\/pages\/us\/DPL418%20-%20615.pdf\">DPL418 &#8211; 615<\/a><\/li>\n<\/ul>\n<h6><strong>Sp\u00e9cifications dimensionnelles :<\/strong><\/h6>\n<ul>\n<li><a href=\"https:\/\/www.dixonvalve.com\/sites\/default\/files\/product\/files\/dimensional-specs\/B38W-R100.PDF\">Sp\u00e9cifications dimensionnelles<\/a><\/li>\n<\/ul>\n<h6><strong>Vid\u00e9os connexes :<\/strong><\/h6>\n<ul>\n<li><a class=\"dixon-resource-video-link\" href=\"https:\/\/youtu.be\/t-D8boDN0jo\" data-reveal-id=\"block-dixon-resources-video-modal\" data-video-url=\"\/\/www.youtube.com\/embed\/t-D8boDN0jo\">S\u00e9quence de serrage des boulons de bride<\/a><\/li>\n<\/ul>\n","protected":false},"excerpt":{"rendered":"<h4>Principaux avantages des brides \u00e0 col soud\u00e9 non polies B38W pour les brasseurs professionnels :<\/h4>\n<ul>\n<li>Garantit une int\u00e9grit\u00e9 optimale de la bride gr\u00e2ce \u00e0 une s\u00e9quence pr\u00e9cise de serrage des boulons, ce qui est essentiel pour maintenir l&#8217;efficacit\u00e9 de l&#8217;\u00e9quipement de brassage.<\/li>\n<li>Offre des sp\u00e9cifications dimensionnelles pr\u00e9cises pour une int\u00e9gration parfaite dans les syst\u00e8mes de brassage existants.<\/li>\n<li>Fournit un catalogue complet de produits, permettant de prendre des d\u00e9cisions en connaissance de cause pour les op\u00e9rations de brassage.<\/li>\n<\/ul>\n","protected":false},"featured_media":11105,"template":"","meta":{"_acf_changed":false,"inline_featured_image":false},"product_brand":[740],"product_cat":[736,741,765],"product_tag":[],"class_list":{"0":"post-11102","1":"product","2":"type-product","3":"status-publish","4":"has-post-thumbnail","6":"product_brand-dixon","7":"product_cat-distribution","8":"product_cat-materiel","9":"product_cat-raccords-sanitaires","11":"first","12":"instock","13":"taxable","14":"shipping-taxable","15":"purchasable","16":"product-type-variable"},"acf":[],"yoast_head":"<!-- This site is optimized with the Yoast SEO plugin v27.6 - https:\/\/yoast.com\/product\/yoast-seo-wordpress\/ -->\n<title>Brides \u00e0 col soud\u00e9 non polies B38W - Dixon - Pour brasseries professionnelles | Zytho<\/title>\n<meta name=\"description\" content=\"D\u00e9couvrez les brides \u00e0 col soud\u00e9 non polies B38W de Dixon, con\u00e7ues pour les brasseurs \u00e0 la recherche d&#039;un serrage pr\u00e9cis des boulons et d&#039;un ajustement pr\u00e9cis. Optimisez l&#039;efficacit\u00e9 de votre brasserie d\u00e8s aujourd&#039;hui !\" \/>\n<meta name=\"robots\" content=\"index, follow, max-snippet:-1, max-image-preview:large, max-video-preview:-1\" \/>\n<link rel=\"canonical\" href=\"https:\/\/www.zytho.ca\/fr\/produit\/brides-a-col-soude-non-polies-b38w-dixon\/\" \/>\n<meta property=\"og:locale\" content=\"fr_FR\" \/>\n<meta property=\"og:type\" content=\"article\" \/>\n<meta property=\"og:title\" content=\"Brides \u00e0 col soud\u00e9 non polies B38W - Dixon - Pour brasseries professionnelles | Zytho\" \/>\n<meta property=\"og:description\" content=\"D\u00e9couvrez les brides \u00e0 col soud\u00e9 non polies B38W de Dixon, con\u00e7ues pour les brasseurs \u00e0 la recherche d&#039;un serrage pr\u00e9cis des boulons et d&#039;un ajustement pr\u00e9cis. Optimisez l&#039;efficacit\u00e9 de votre brasserie d\u00e8s aujourd&#039;hui !\" \/>\n<meta property=\"og:url\" content=\"https:\/\/www.zytho.ca\/fr\/produit\/brides-a-col-soude-non-polies-b38w-dixon\/\" \/>\n<meta property=\"og:site_name\" content=\"Zytho\" \/>\n<meta property=\"og:image\" content=\"https:\/\/www.zytho.ca\/wp-content\/uploads\/2025\/10\/B38W-Unpolished-Weld-Neck-Flanges-Dixon.jpg\" \/>\n\t<meta property=\"og:image:width\" content=\"592\" \/>\n\t<meta property=\"og:image:height\" content=\"592\" \/>\n\t<meta property=\"og:image:type\" content=\"image\/jpeg\" \/>\n<meta name=\"twitter:card\" content=\"summary_large_image\" \/>\n<script type=\"application\/ld+json\" class=\"yoast-schema-graph\">{\"@context\":\"https:\\\/\\\/schema.org\",\"@graph\":[{\"@type\":\"WebPage\",\"@id\":\"https:\\\/\\\/www.zytho.ca\\\/fr\\\/produit\\\/brides-a-col-soude-non-polies-b38w-dixon\\\/\",\"url\":\"https:\\\/\\\/www.zytho.ca\\\/fr\\\/produit\\\/brides-a-col-soude-non-polies-b38w-dixon\\\/\",\"name\":\"Brides \u00e0 col soud\u00e9 non polies B38W - Dixon - Pour brasseries professionnelles | Zytho\",\"isPartOf\":{\"@id\":\"https:\\\/\\\/www.zytho.ca\\\/fr\\\/#website\"},\"primaryImageOfPage\":{\"@id\":\"https:\\\/\\\/www.zytho.ca\\\/fr\\\/produit\\\/brides-a-col-soude-non-polies-b38w-dixon\\\/#primaryimage\"},\"image\":{\"@id\":\"https:\\\/\\\/www.zytho.ca\\\/fr\\\/produit\\\/brides-a-col-soude-non-polies-b38w-dixon\\\/#primaryimage\"},\"thumbnailUrl\":\"https:\\\/\\\/www.zytho.ca\\\/wp-content\\\/uploads\\\/2025\\\/10\\\/B38W-Unpolished-Weld-Neck-Flanges-Dixon.jpg\",\"datePublished\":\"2025-10-27T15:51:53+00:00\",\"description\":\"D\u00e9couvrez les brides \u00e0 col soud\u00e9 non polies B38W de Dixon, con\u00e7ues pour les brasseurs \u00e0 la recherche d'un serrage pr\u00e9cis des boulons et d'un ajustement pr\u00e9cis. Optimisez l'efficacit\u00e9 de votre brasserie d\u00e8s aujourd'hui !\",\"breadcrumb\":{\"@id\":\"https:\\\/\\\/www.zytho.ca\\\/fr\\\/produit\\\/brides-a-col-soude-non-polies-b38w-dixon\\\/#breadcrumb\"},\"inLanguage\":\"fr-FR\",\"potentialAction\":[{\"@type\":\"ReadAction\",\"target\":[\"https:\\\/\\\/www.zytho.ca\\\/fr\\\/produit\\\/brides-a-col-soude-non-polies-b38w-dixon\\\/\"]}]},{\"@type\":\"ImageObject\",\"inLanguage\":\"fr-FR\",\"@id\":\"https:\\\/\\\/www.zytho.ca\\\/fr\\\/produit\\\/brides-a-col-soude-non-polies-b38w-dixon\\\/#primaryimage\",\"url\":\"https:\\\/\\\/www.zytho.ca\\\/wp-content\\\/uploads\\\/2025\\\/10\\\/B38W-Unpolished-Weld-Neck-Flanges-Dixon.jpg\",\"contentUrl\":\"https:\\\/\\\/www.zytho.ca\\\/wp-content\\\/uploads\\\/2025\\\/10\\\/B38W-Unpolished-Weld-Neck-Flanges-Dixon.jpg\",\"width\":592,\"height\":592},{\"@type\":\"BreadcrumbList\",\"@id\":\"https:\\\/\\\/www.zytho.ca\\\/fr\\\/produit\\\/brides-a-col-soude-non-polies-b38w-dixon\\\/#breadcrumb\",\"itemListElement\":[{\"@type\":\"ListItem\",\"position\":1,\"name\":\"Accueil\",\"item\":\"https:\\\/\\\/www.zytho.ca\\\/fr\\\/\"},{\"@type\":\"ListItem\",\"position\":2,\"name\":\"Shop\",\"item\":\"https:\\\/\\\/www.zytho.ca\\\/fr\\\/shop\\\/\"},{\"@type\":\"ListItem\",\"position\":3,\"name\":\"Brides \u00e0 col soud\u00e9 non polies B38W &#8211; Dixon\"}]},{\"@type\":\"WebSite\",\"@id\":\"https:\\\/\\\/www.zytho.ca\\\/fr\\\/#website\",\"url\":\"https:\\\/\\\/www.zytho.ca\\\/fr\\\/\",\"name\":\"Zytho\",\"description\":\"\",\"publisher\":{\"@id\":\"https:\\\/\\\/www.zytho.ca\\\/fr\\\/#organization\"},\"potentialAction\":[{\"@type\":\"SearchAction\",\"target\":{\"@type\":\"EntryPoint\",\"urlTemplate\":\"https:\\\/\\\/www.zytho.ca\\\/fr\\\/?s={search_term_string}\"},\"query-input\":{\"@type\":\"PropertyValueSpecification\",\"valueRequired\":true,\"valueName\":\"search_term_string\"}}],\"inLanguage\":\"fr-FR\"},{\"@type\":\"Organization\",\"@id\":\"https:\\\/\\\/www.zytho.ca\\\/fr\\\/#organization\",\"name\":\"Zytho\",\"url\":\"https:\\\/\\\/www.zytho.ca\\\/fr\\\/\",\"logo\":{\"@type\":\"ImageObject\",\"inLanguage\":\"fr-FR\",\"@id\":\"https:\\\/\\\/www.zytho.ca\\\/fr\\\/#\\\/schema\\\/logo\\\/image\\\/\",\"url\":\"https:\\\/\\\/www.zytho.ca\\\/wp-content\\\/uploads\\\/2024\\\/05\\\/Zytho_reversed_horizontal.svg\",\"contentUrl\":\"https:\\\/\\\/www.zytho.ca\\\/wp-content\\\/uploads\\\/2024\\\/05\\\/Zytho_reversed_horizontal.svg\",\"width\":1582,\"height\":490,\"caption\":\"Zytho\"},\"image\":{\"@id\":\"https:\\\/\\\/www.zytho.ca\\\/fr\\\/#\\\/schema\\\/logo\\\/image\\\/\"}}]}<\/script>\n<!-- \/ Yoast SEO plugin. -->","yoast_head_json":{"title":"Brides \u00e0 col soud\u00e9 non polies B38W - Dixon - Pour brasseries professionnelles | Zytho","description":"D\u00e9couvrez les brides \u00e0 col soud\u00e9 non polies B38W de Dixon, con\u00e7ues pour les brasseurs \u00e0 la recherche d'un serrage pr\u00e9cis des boulons et d'un ajustement pr\u00e9cis. Optimisez l'efficacit\u00e9 de votre brasserie d\u00e8s aujourd'hui !","robots":{"index":"index","follow":"follow","max-snippet":"max-snippet:-1","max-image-preview":"max-image-preview:large","max-video-preview":"max-video-preview:-1"},"canonical":"https:\/\/www.zytho.ca\/fr\/produit\/brides-a-col-soude-non-polies-b38w-dixon\/","og_locale":"fr_FR","og_type":"article","og_title":"Brides \u00e0 col soud\u00e9 non polies B38W - Dixon - Pour brasseries professionnelles | Zytho","og_description":"D\u00e9couvrez les brides \u00e0 col soud\u00e9 non polies B38W de Dixon, con\u00e7ues pour les brasseurs \u00e0 la recherche d'un serrage pr\u00e9cis des boulons et d'un ajustement pr\u00e9cis. Optimisez l'efficacit\u00e9 de votre brasserie d\u00e8s aujourd'hui !","og_url":"https:\/\/www.zytho.ca\/fr\/produit\/brides-a-col-soude-non-polies-b38w-dixon\/","og_site_name":"Zytho","og_image":[{"width":592,"height":592,"url":"https:\/\/www.zytho.ca\/wp-content\/uploads\/2025\/10\/B38W-Unpolished-Weld-Neck-Flanges-Dixon.jpg","type":"image\/jpeg"}],"twitter_card":"summary_large_image","schema":{"@context":"https:\/\/schema.org","@graph":[{"@type":"WebPage","@id":"https:\/\/www.zytho.ca\/fr\/produit\/brides-a-col-soude-non-polies-b38w-dixon\/","url":"https:\/\/www.zytho.ca\/fr\/produit\/brides-a-col-soude-non-polies-b38w-dixon\/","name":"Brides \u00e0 col soud\u00e9 non polies B38W - Dixon - Pour brasseries professionnelles | Zytho","isPartOf":{"@id":"https:\/\/www.zytho.ca\/fr\/#website"},"primaryImageOfPage":{"@id":"https:\/\/www.zytho.ca\/fr\/produit\/brides-a-col-soude-non-polies-b38w-dixon\/#primaryimage"},"image":{"@id":"https:\/\/www.zytho.ca\/fr\/produit\/brides-a-col-soude-non-polies-b38w-dixon\/#primaryimage"},"thumbnailUrl":"https:\/\/www.zytho.ca\/wp-content\/uploads\/2025\/10\/B38W-Unpolished-Weld-Neck-Flanges-Dixon.jpg","datePublished":"2025-10-27T15:51:53+00:00","description":"D\u00e9couvrez les brides \u00e0 col soud\u00e9 non polies B38W de Dixon, con\u00e7ues pour les brasseurs \u00e0 la recherche d'un serrage pr\u00e9cis des boulons et d'un ajustement pr\u00e9cis. Optimisez l'efficacit\u00e9 de votre brasserie d\u00e8s aujourd'hui !","breadcrumb":{"@id":"https:\/\/www.zytho.ca\/fr\/produit\/brides-a-col-soude-non-polies-b38w-dixon\/#breadcrumb"},"inLanguage":"fr-FR","potentialAction":[{"@type":"ReadAction","target":["https:\/\/www.zytho.ca\/fr\/produit\/brides-a-col-soude-non-polies-b38w-dixon\/"]}]},{"@type":"ImageObject","inLanguage":"fr-FR","@id":"https:\/\/www.zytho.ca\/fr\/produit\/brides-a-col-soude-non-polies-b38w-dixon\/#primaryimage","url":"https:\/\/www.zytho.ca\/wp-content\/uploads\/2025\/10\/B38W-Unpolished-Weld-Neck-Flanges-Dixon.jpg","contentUrl":"https:\/\/www.zytho.ca\/wp-content\/uploads\/2025\/10\/B38W-Unpolished-Weld-Neck-Flanges-Dixon.jpg","width":592,"height":592},{"@type":"BreadcrumbList","@id":"https:\/\/www.zytho.ca\/fr\/produit\/brides-a-col-soude-non-polies-b38w-dixon\/#breadcrumb","itemListElement":[{"@type":"ListItem","position":1,"name":"Accueil","item":"https:\/\/www.zytho.ca\/fr\/"},{"@type":"ListItem","position":2,"name":"Shop","item":"https:\/\/www.zytho.ca\/fr\/shop\/"},{"@type":"ListItem","position":3,"name":"Brides \u00e0 col soud\u00e9 non polies B38W &#8211; Dixon"}]},{"@type":"WebSite","@id":"https:\/\/www.zytho.ca\/fr\/#website","url":"https:\/\/www.zytho.ca\/fr\/","name":"Zytho","description":"","publisher":{"@id":"https:\/\/www.zytho.ca\/fr\/#organization"},"potentialAction":[{"@type":"SearchAction","target":{"@type":"EntryPoint","urlTemplate":"https:\/\/www.zytho.ca\/fr\/?s={search_term_string}"},"query-input":{"@type":"PropertyValueSpecification","valueRequired":true,"valueName":"search_term_string"}}],"inLanguage":"fr-FR"},{"@type":"Organization","@id":"https:\/\/www.zytho.ca\/fr\/#organization","name":"Zytho","url":"https:\/\/www.zytho.ca\/fr\/","logo":{"@type":"ImageObject","inLanguage":"fr-FR","@id":"https:\/\/www.zytho.ca\/fr\/#\/schema\/logo\/image\/","url":"https:\/\/www.zytho.ca\/wp-content\/uploads\/2024\/05\/Zytho_reversed_horizontal.svg","contentUrl":"https:\/\/www.zytho.ca\/wp-content\/uploads\/2024\/05\/Zytho_reversed_horizontal.svg","width":1582,"height":490,"caption":"Zytho"},"image":{"@id":"https:\/\/www.zytho.ca\/fr\/#\/schema\/logo\/image\/"}}]}},"_links":{"self":[{"href":"https:\/\/www.zytho.ca\/fr\/wp-json\/wp\/v2\/product\/11102","targetHints":{"allow":["GET"]}}],"collection":[{"href":"https:\/\/www.zytho.ca\/fr\/wp-json\/wp\/v2\/product"}],"about":[{"href":"https:\/\/www.zytho.ca\/fr\/wp-json\/wp\/v2\/types\/product"}],"wp:featuredmedia":[{"embeddable":true,"href":"https:\/\/www.zytho.ca\/fr\/wp-json\/wp\/v2\/media\/11105"}],"wp:attachment":[{"href":"https:\/\/www.zytho.ca\/fr\/wp-json\/wp\/v2\/media?parent=11102"}],"wp:term":[{"taxonomy":"product_brand","embeddable":true,"href":"https:\/\/www.zytho.ca\/fr\/wp-json\/wp\/v2\/product_brand?post=11102"},{"taxonomy":"product_cat","embeddable":true,"href":"https:\/\/www.zytho.ca\/fr\/wp-json\/wp\/v2\/product_cat?post=11102"},{"taxonomy":"product_tag","embeddable":true,"href":"https:\/\/www.zytho.ca\/fr\/wp-json\/wp\/v2\/product_tag?post=11102"}],"curies":[{"name":"wp","href":"https:\/\/api.w.org\/{rel}","templated":true}]}}