{"id":11073,"date":"2025-10-27T15:51:39","date_gmt":"2025-10-27T15:51:39","guid":{"rendered":"https:\/\/zytho.ca\/product\/t2km-high-purity-biopharm-coude-45-clamp-x-weld-dixon\/"},"modified":"2025-10-27T15:51:39","modified_gmt":"2025-10-27T15:51:39","slug":"t2km-high-purity-biopharm-coude-45-clamp-x-weld-dixon","status":"publish","type":"product","link":"https:\/\/www.zytho.ca\/fr\/produit\/t2km-high-purity-biopharm-coude-45-clamp-x-weld-dixon\/","title":{"rendered":"T2KM High Purity BioPharm &#8211; Coude 45\u00b0 Clamp x Weld &#8211; Dixon"},"content":{"rendered":"<h6><strong>Avantages :<\/strong><\/h6>\n<ul>\n<li>Les raccords BioPharm de haute puret\u00e9 font partie int\u00e9grante des op\u00e9rations des industries pharmaceutiques, des bioproc\u00e9d\u00e9s, des semi-conducteurs, des cosm\u00e9tiques, de l&#8217;agroalimentaire et des boissons.<\/li>\n<\/ul>\n<h6><strong>D\u00e9tails du produit :<\/strong><\/h6>\n<ul class=\"dash-list\">\n<li class=\"first\">Fabriqu\u00e9s en acier inoxydable 316L, ces raccords sont conformes \u00e0 toutes les sp\u00e9cifications de la soudure orbitale et pr\u00e9sentent une teneur en soufre contr\u00f4l\u00e9e.<\/li>\n<li>Conforme \u00e0 la derni\u00e8re norme internationale ASME BPE pour les \u00e9quipements de bioproc\u00e9d\u00e9s.<\/li>\n<li>Certifi\u00e9 selon les normes sanitaires 3-A pour les raccords sanitaires, num\u00e9ro 63-03 (autorisation num\u00e9ro 621).<\/li>\n<li class=\"last\">Disponible en finition PL SF1 (OD=32R a- ID=20R a) ou PM SF4 (OD=32R a- ID=15R a).<\/li>\n<\/ul>\n<h6><strong>Note :<\/strong><\/h6>\n<ul class=\"dash-list\">\n<li class=\"first\">Les marquages sont conformes aux normes ASME BPE 2012 DT-10.1.<\/li>\n<li>Les marquages comprennent le num\u00e9ro de commande, 316L, le num\u00e9ro de pi\u00e8ce, le(s) num\u00e9ro(s) de chauffe, le code de finition de surface et la d\u00e9signation ASME BPE.<\/li>\n<li>Les contraintes de taille peuvent limiter l&#8217;espace de marquage, ce qui risque d&#8217;exclure certains d\u00e9tails.<\/li>\n<li>Le num\u00e9ro de pi\u00e8ce fournit des d\u00e9tails sur la configuration et la taille.<\/li>\n<li class=\"last\">Chaque raccord est accompagn\u00e9 de certifications MTR (Material Test Report), enferm\u00e9es dans un sac refermable. Ces MTR sont tra\u00e7ables gr\u00e2ce au num\u00e9ro de travail figurant sur chaque raccord. Tous les raccords sont munis d&#8217;un capuchon pour \u00e9viter tout dommage et toute contamination, avec un code couleur pour faciliter l&#8217;identification : bleu pour la finition PL et blanc pour la finition PM.  <\/li>\n<\/ul>\n<h6><strong>Page du catalogue :<\/strong><\/h6>\n<ul>\n<li><a href=\"https:\/\/www.dixonvalve.com\/sites\/default\/files\/product\/pages\/us\/DPL418%20-%20626.pdf\">DPL418 &#8211; 626<\/a><\/li>\n<\/ul>\n<h6><strong>Certifications :<\/strong><\/h6>\n<ul>\n<li><a href=\"https:\/\/www.dixonvalve.com\/sites\/default\/files\/product\/certifications\/621%2063-04-2020.pdf\">Certificat 3A<\/a><\/li>\n<\/ul>\n<h6><strong>Sp\u00e9cifications dimensionnelles :<\/strong><\/h6>\n<ul>\n<li><a href=\"https:\/\/www.dixonvalve.com\/sites\/default\/files\/product\/files\/dimensional-specs\/T2KM-050PL.pdf\">Sp\u00e9cifications dimensionnelles<\/a><\/li>\n<\/ul>\n","protected":false},"excerpt":{"rendered":"<h4>Principaux avantages de T2KM High Purity BioPharm &#8211; Coudes 45\u00b0 Clamp x Weld pour les brasseurs professionnels<\/h4>\n<ul>\n<li>Garantit une puret\u00e9 \u00e9lev\u00e9e et le respect des normes industrielles, ce qui est essentiel pour maintenir la qualit\u00e9 et la s\u00e9curit\u00e9 des processus de brassage.<\/li>\n<li>Construit en acier inoxydable 316L, il offre une durabilit\u00e9 et une r\u00e9sistance \u00e0 la corrosion, essentielles pour une utilisation \u00e0 long terme dans les environnements de brassage.<\/li>\n<li>Il est accompagn\u00e9 d&#8217;un rapport d&#8217;essai des mat\u00e9riaux tra\u00e7able, ce qui garantit la qualit\u00e9 et facilite la conformit\u00e9 aux r\u00e9glementations.<\/li>\n<\/ul>\n","protected":false},"featured_media":11075,"template":"","meta":{"_acf_changed":false,"inline_featured_image":false},"product_brand":[740],"product_cat":[736,741,765],"product_tag":[796],"class_list":{"0":"post-11073","1":"product","2":"type-product","3":"status-publish","4":"has-post-thumbnail","6":"product_brand-dixon","7":"product_cat-distribution","8":"product_cat-materiel","9":"product_cat-raccords-sanitaires","10":"product_tag-pharmacie","12":"first","13":"instock","14":"taxable","15":"shipping-taxable","16":"purchasable","17":"product-type-variable"},"acf":[],"yoast_head":"<!-- This site is optimized with the Yoast SEO plugin v27.6 - https:\/\/yoast.com\/product\/yoast-seo-wordpress\/ -->\n<title>T2KM High Purity BioPharm - 45\u00b0 Clamp x Weld Elows - Dixon - For Pro Breweries | Zytho<\/title>\n<meta name=\"description\" content=\"D\u00e9couvrez les coudes \u00e0 souder 45\u00b0 Clamp x Weld T2KM High Purity BioPharm de Dixon, con\u00e7us pour les brasseries. Fabriqu\u00e9s en acier inoxydable 316L, ils garantissent une puret\u00e9 et une conformit\u00e9 optimales.\" \/>\n<meta name=\"robots\" content=\"index, follow, max-snippet:-1, max-image-preview:large, max-video-preview:-1\" \/>\n<link rel=\"canonical\" href=\"https:\/\/www.zytho.ca\/fr\/produit\/t2km-high-purity-biopharm-coude-45-clamp-x-weld-dixon\/\" \/>\n<meta property=\"og:locale\" content=\"fr_FR\" \/>\n<meta property=\"og:type\" content=\"article\" \/>\n<meta property=\"og:title\" content=\"T2KM High Purity BioPharm - 45\u00b0 Clamp x Weld Elows - Dixon - For Pro Breweries | Zytho\" \/>\n<meta property=\"og:description\" content=\"D\u00e9couvrez les coudes \u00e0 souder 45\u00b0 Clamp x Weld T2KM High Purity BioPharm de Dixon, con\u00e7us pour les brasseries. Fabriqu\u00e9s en acier inoxydable 316L, ils garantissent une puret\u00e9 et une conformit\u00e9 optimales.\" \/>\n<meta property=\"og:url\" content=\"https:\/\/www.zytho.ca\/fr\/produit\/t2km-high-purity-biopharm-coude-45-clamp-x-weld-dixon\/\" \/>\n<meta property=\"og:site_name\" content=\"Zytho\" \/>\n<meta property=\"og:image\" content=\"https:\/\/www.zytho.ca\/wp-content\/uploads\/2025\/10\/T2KM-High-Purity-BioPharm-45deg-Clamp-x-Weld-Elbows-Dixon.jpg\" \/>\n\t<meta property=\"og:image:width\" content=\"568\" \/>\n\t<meta property=\"og:image:height\" content=\"568\" \/>\n\t<meta property=\"og:image:type\" content=\"image\/jpeg\" \/>\n<meta name=\"twitter:card\" content=\"summary_large_image\" \/>\n<meta name=\"twitter:label1\" content=\"Dur\u00e9e de lecture estim\u00e9e\" \/>\n\t<meta name=\"twitter:data1\" content=\"1 minute\" \/>\n<script type=\"application\/ld+json\" class=\"yoast-schema-graph\">{\"@context\":\"https:\\\/\\\/schema.org\",\"@graph\":[{\"@type\":\"WebPage\",\"@id\":\"https:\\\/\\\/www.zytho.ca\\\/fr\\\/produit\\\/t2km-high-purity-biopharm-coude-45-clamp-x-weld-dixon\\\/\",\"url\":\"https:\\\/\\\/www.zytho.ca\\\/fr\\\/produit\\\/t2km-high-purity-biopharm-coude-45-clamp-x-weld-dixon\\\/\",\"name\":\"T2KM High Purity BioPharm - 45\u00b0 Clamp x Weld Elows - Dixon - For Pro Breweries | Zytho\",\"isPartOf\":{\"@id\":\"https:\\\/\\\/www.zytho.ca\\\/fr\\\/#website\"},\"primaryImageOfPage\":{\"@id\":\"https:\\\/\\\/www.zytho.ca\\\/fr\\\/produit\\\/t2km-high-purity-biopharm-coude-45-clamp-x-weld-dixon\\\/#primaryimage\"},\"image\":{\"@id\":\"https:\\\/\\\/www.zytho.ca\\\/fr\\\/produit\\\/t2km-high-purity-biopharm-coude-45-clamp-x-weld-dixon\\\/#primaryimage\"},\"thumbnailUrl\":\"https:\\\/\\\/www.zytho.ca\\\/wp-content\\\/uploads\\\/2025\\\/10\\\/T2KM-High-Purity-BioPharm-45deg-Clamp-x-Weld-Elbows-Dixon.jpg\",\"datePublished\":\"2025-10-27T15:51:39+00:00\",\"description\":\"D\u00e9couvrez les coudes \u00e0 souder 45\u00b0 Clamp x Weld T2KM High Purity BioPharm de Dixon, con\u00e7us pour les brasseries. Fabriqu\u00e9s en acier inoxydable 316L, ils garantissent une puret\u00e9 et une conformit\u00e9 optimales.\",\"breadcrumb\":{\"@id\":\"https:\\\/\\\/www.zytho.ca\\\/fr\\\/produit\\\/t2km-high-purity-biopharm-coude-45-clamp-x-weld-dixon\\\/#breadcrumb\"},\"inLanguage\":\"fr-FR\",\"potentialAction\":[{\"@type\":\"ReadAction\",\"target\":[\"https:\\\/\\\/www.zytho.ca\\\/fr\\\/produit\\\/t2km-high-purity-biopharm-coude-45-clamp-x-weld-dixon\\\/\"]}]},{\"@type\":\"ImageObject\",\"inLanguage\":\"fr-FR\",\"@id\":\"https:\\\/\\\/www.zytho.ca\\\/fr\\\/produit\\\/t2km-high-purity-biopharm-coude-45-clamp-x-weld-dixon\\\/#primaryimage\",\"url\":\"https:\\\/\\\/www.zytho.ca\\\/wp-content\\\/uploads\\\/2025\\\/10\\\/T2KM-High-Purity-BioPharm-45deg-Clamp-x-Weld-Elbows-Dixon.jpg\",\"contentUrl\":\"https:\\\/\\\/www.zytho.ca\\\/wp-content\\\/uploads\\\/2025\\\/10\\\/T2KM-High-Purity-BioPharm-45deg-Clamp-x-Weld-Elbows-Dixon.jpg\",\"width\":568,\"height\":568},{\"@type\":\"BreadcrumbList\",\"@id\":\"https:\\\/\\\/www.zytho.ca\\\/fr\\\/produit\\\/t2km-high-purity-biopharm-coude-45-clamp-x-weld-dixon\\\/#breadcrumb\",\"itemListElement\":[{\"@type\":\"ListItem\",\"position\":1,\"name\":\"Accueil\",\"item\":\"https:\\\/\\\/www.zytho.ca\\\/fr\\\/\"},{\"@type\":\"ListItem\",\"position\":2,\"name\":\"Shop\",\"item\":\"https:\\\/\\\/www.zytho.ca\\\/fr\\\/shop\\\/\"},{\"@type\":\"ListItem\",\"position\":3,\"name\":\"T2KM High Purity BioPharm &#8211; Coude 45\u00b0 Clamp x Weld &#8211; Dixon\"}]},{\"@type\":\"WebSite\",\"@id\":\"https:\\\/\\\/www.zytho.ca\\\/fr\\\/#website\",\"url\":\"https:\\\/\\\/www.zytho.ca\\\/fr\\\/\",\"name\":\"Zytho\",\"description\":\"\",\"publisher\":{\"@id\":\"https:\\\/\\\/www.zytho.ca\\\/fr\\\/#organization\"},\"potentialAction\":[{\"@type\":\"SearchAction\",\"target\":{\"@type\":\"EntryPoint\",\"urlTemplate\":\"https:\\\/\\\/www.zytho.ca\\\/fr\\\/?s={search_term_string}\"},\"query-input\":{\"@type\":\"PropertyValueSpecification\",\"valueRequired\":true,\"valueName\":\"search_term_string\"}}],\"inLanguage\":\"fr-FR\"},{\"@type\":\"Organization\",\"@id\":\"https:\\\/\\\/www.zytho.ca\\\/fr\\\/#organization\",\"name\":\"Zytho\",\"url\":\"https:\\\/\\\/www.zytho.ca\\\/fr\\\/\",\"logo\":{\"@type\":\"ImageObject\",\"inLanguage\":\"fr-FR\",\"@id\":\"https:\\\/\\\/www.zytho.ca\\\/fr\\\/#\\\/schema\\\/logo\\\/image\\\/\",\"url\":\"https:\\\/\\\/www.zytho.ca\\\/wp-content\\\/uploads\\\/2024\\\/05\\\/Zytho_reversed_horizontal.svg\",\"contentUrl\":\"https:\\\/\\\/www.zytho.ca\\\/wp-content\\\/uploads\\\/2024\\\/05\\\/Zytho_reversed_horizontal.svg\",\"width\":1582,\"height\":490,\"caption\":\"Zytho\"},\"image\":{\"@id\":\"https:\\\/\\\/www.zytho.ca\\\/fr\\\/#\\\/schema\\\/logo\\\/image\\\/\"}}]}<\/script>\n<!-- \/ Yoast SEO plugin. -->","yoast_head_json":{"title":"T2KM High Purity BioPharm - 45\u00b0 Clamp x Weld Elows - Dixon - For Pro Breweries | Zytho","description":"D\u00e9couvrez les coudes \u00e0 souder 45\u00b0 Clamp x Weld T2KM High Purity BioPharm de Dixon, con\u00e7us pour les brasseries. Fabriqu\u00e9s en acier inoxydable 316L, ils garantissent une puret\u00e9 et une conformit\u00e9 optimales.","robots":{"index":"index","follow":"follow","max-snippet":"max-snippet:-1","max-image-preview":"max-image-preview:large","max-video-preview":"max-video-preview:-1"},"canonical":"https:\/\/www.zytho.ca\/fr\/produit\/t2km-high-purity-biopharm-coude-45-clamp-x-weld-dixon\/","og_locale":"fr_FR","og_type":"article","og_title":"T2KM High Purity BioPharm - 45\u00b0 Clamp x Weld Elows - Dixon - For Pro Breweries | Zytho","og_description":"D\u00e9couvrez les coudes \u00e0 souder 45\u00b0 Clamp x Weld T2KM High Purity BioPharm de Dixon, con\u00e7us pour les brasseries. Fabriqu\u00e9s en acier inoxydable 316L, ils garantissent une puret\u00e9 et une conformit\u00e9 optimales.","og_url":"https:\/\/www.zytho.ca\/fr\/produit\/t2km-high-purity-biopharm-coude-45-clamp-x-weld-dixon\/","og_site_name":"Zytho","og_image":[{"width":568,"height":568,"url":"https:\/\/www.zytho.ca\/wp-content\/uploads\/2025\/10\/T2KM-High-Purity-BioPharm-45deg-Clamp-x-Weld-Elbows-Dixon.jpg","type":"image\/jpeg"}],"twitter_card":"summary_large_image","twitter_misc":{"Dur\u00e9e de lecture estim\u00e9e":"1 minute"},"schema":{"@context":"https:\/\/schema.org","@graph":[{"@type":"WebPage","@id":"https:\/\/www.zytho.ca\/fr\/produit\/t2km-high-purity-biopharm-coude-45-clamp-x-weld-dixon\/","url":"https:\/\/www.zytho.ca\/fr\/produit\/t2km-high-purity-biopharm-coude-45-clamp-x-weld-dixon\/","name":"T2KM High Purity BioPharm - 45\u00b0 Clamp x Weld Elows - Dixon - For Pro Breweries | Zytho","isPartOf":{"@id":"https:\/\/www.zytho.ca\/fr\/#website"},"primaryImageOfPage":{"@id":"https:\/\/www.zytho.ca\/fr\/produit\/t2km-high-purity-biopharm-coude-45-clamp-x-weld-dixon\/#primaryimage"},"image":{"@id":"https:\/\/www.zytho.ca\/fr\/produit\/t2km-high-purity-biopharm-coude-45-clamp-x-weld-dixon\/#primaryimage"},"thumbnailUrl":"https:\/\/www.zytho.ca\/wp-content\/uploads\/2025\/10\/T2KM-High-Purity-BioPharm-45deg-Clamp-x-Weld-Elbows-Dixon.jpg","datePublished":"2025-10-27T15:51:39+00:00","description":"D\u00e9couvrez les coudes \u00e0 souder 45\u00b0 Clamp x Weld T2KM High Purity BioPharm de Dixon, con\u00e7us pour les brasseries. Fabriqu\u00e9s en acier inoxydable 316L, ils garantissent une puret\u00e9 et une conformit\u00e9 optimales.","breadcrumb":{"@id":"https:\/\/www.zytho.ca\/fr\/produit\/t2km-high-purity-biopharm-coude-45-clamp-x-weld-dixon\/#breadcrumb"},"inLanguage":"fr-FR","potentialAction":[{"@type":"ReadAction","target":["https:\/\/www.zytho.ca\/fr\/produit\/t2km-high-purity-biopharm-coude-45-clamp-x-weld-dixon\/"]}]},{"@type":"ImageObject","inLanguage":"fr-FR","@id":"https:\/\/www.zytho.ca\/fr\/produit\/t2km-high-purity-biopharm-coude-45-clamp-x-weld-dixon\/#primaryimage","url":"https:\/\/www.zytho.ca\/wp-content\/uploads\/2025\/10\/T2KM-High-Purity-BioPharm-45deg-Clamp-x-Weld-Elbows-Dixon.jpg","contentUrl":"https:\/\/www.zytho.ca\/wp-content\/uploads\/2025\/10\/T2KM-High-Purity-BioPharm-45deg-Clamp-x-Weld-Elbows-Dixon.jpg","width":568,"height":568},{"@type":"BreadcrumbList","@id":"https:\/\/www.zytho.ca\/fr\/produit\/t2km-high-purity-biopharm-coude-45-clamp-x-weld-dixon\/#breadcrumb","itemListElement":[{"@type":"ListItem","position":1,"name":"Accueil","item":"https:\/\/www.zytho.ca\/fr\/"},{"@type":"ListItem","position":2,"name":"Shop","item":"https:\/\/www.zytho.ca\/fr\/shop\/"},{"@type":"ListItem","position":3,"name":"T2KM High Purity BioPharm &#8211; Coude 45\u00b0 Clamp x Weld &#8211; Dixon"}]},{"@type":"WebSite","@id":"https:\/\/www.zytho.ca\/fr\/#website","url":"https:\/\/www.zytho.ca\/fr\/","name":"Zytho","description":"","publisher":{"@id":"https:\/\/www.zytho.ca\/fr\/#organization"},"potentialAction":[{"@type":"SearchAction","target":{"@type":"EntryPoint","urlTemplate":"https:\/\/www.zytho.ca\/fr\/?s={search_term_string}"},"query-input":{"@type":"PropertyValueSpecification","valueRequired":true,"valueName":"search_term_string"}}],"inLanguage":"fr-FR"},{"@type":"Organization","@id":"https:\/\/www.zytho.ca\/fr\/#organization","name":"Zytho","url":"https:\/\/www.zytho.ca\/fr\/","logo":{"@type":"ImageObject","inLanguage":"fr-FR","@id":"https:\/\/www.zytho.ca\/fr\/#\/schema\/logo\/image\/","url":"https:\/\/www.zytho.ca\/wp-content\/uploads\/2024\/05\/Zytho_reversed_horizontal.svg","contentUrl":"https:\/\/www.zytho.ca\/wp-content\/uploads\/2024\/05\/Zytho_reversed_horizontal.svg","width":1582,"height":490,"caption":"Zytho"},"image":{"@id":"https:\/\/www.zytho.ca\/fr\/#\/schema\/logo\/image\/"}}]}},"_links":{"self":[{"href":"https:\/\/www.zytho.ca\/fr\/wp-json\/wp\/v2\/product\/11073","targetHints":{"allow":["GET"]}}],"collection":[{"href":"https:\/\/www.zytho.ca\/fr\/wp-json\/wp\/v2\/product"}],"about":[{"href":"https:\/\/www.zytho.ca\/fr\/wp-json\/wp\/v2\/types\/product"}],"wp:featuredmedia":[{"embeddable":true,"href":"https:\/\/www.zytho.ca\/fr\/wp-json\/wp\/v2\/media\/11075"}],"wp:attachment":[{"href":"https:\/\/www.zytho.ca\/fr\/wp-json\/wp\/v2\/media?parent=11073"}],"wp:term":[{"taxonomy":"product_brand","embeddable":true,"href":"https:\/\/www.zytho.ca\/fr\/wp-json\/wp\/v2\/product_brand?post=11073"},{"taxonomy":"product_cat","embeddable":true,"href":"https:\/\/www.zytho.ca\/fr\/wp-json\/wp\/v2\/product_cat?post=11073"},{"taxonomy":"product_tag","embeddable":true,"href":"https:\/\/www.zytho.ca\/fr\/wp-json\/wp\/v2\/product_tag?post=11073"}],"curies":[{"name":"wp","href":"https:\/\/api.w.org\/{rel}","templated":true}]}}