{"id":11033,"date":"2025-10-27T15:51:53","date_gmt":"2025-10-27T15:51:53","guid":{"rendered":"https:\/\/zytho.ca\/product\/brides-b38sl-non-polies-a-emboitement-150-dixon\/"},"modified":"2025-11-07T12:58:49","modified_gmt":"2025-11-07T12:58:49","slug":"brides-b38sl-non-polies-a-emboitement-150-dixon","status":"publish","type":"product","link":"https:\/\/www.zytho.ca\/fr\/produit\/brides-b38sl-non-polies-a-emboitement-150-dixon\/","title":{"rendered":"Brides B38SL non polies \u00e0 embo\u00eetement 150# &#8211; Dixon"},"content":{"rendered":"<h6><strong>Avantages :<\/strong><\/h6>\n<ul>\n<li>Garantit une int\u00e9grit\u00e9 optimale de la bride gr\u00e2ce \u00e0 une s\u00e9quence pr\u00e9cise de serrage des boulons.<\/li>\n<li>Am\u00e9liore l&#8217;efficacit\u00e9 op\u00e9rationnelle gr\u00e2ce \u00e0 des sp\u00e9cifications dimensionnelles d\u00e9taill\u00e9es.<\/li>\n<li>Facilite la prise de d\u00e9cisions \u00e9clair\u00e9es gr\u00e2ce \u00e0 une documentation compl\u00e8te sur les produits.<\/li>\n<\/ul>\n<h6><strong>D\u00e9tails du produit :<\/strong><\/h6>\n<ul>\n<li><a href=\"https:\/\/www.dixonvalve.com\/sites\/default\/files\/product\/pages\/us\/DPL418%20-%20615.pdf\">DPL418 &#8211; 615<\/a><\/li>\n<\/ul>\n<h6><strong>Sp\u00e9cifications dimensionnelles :<\/strong><\/h6>\n<ul>\n<li><a href=\"https:\/\/www.dixonvalve.com\/sites\/default\/files\/product\/files\/dimensional-specs\/B38SL-G100.PDF\">Sp\u00e9cifications dimensionnelles<\/a><\/li>\n<\/ul>\n<h6><strong>Vid\u00e9os connexes :<\/strong><\/h6>\n<ul>\n<li><a class=\"dixon-resource-video-link\" href=\"https:\/\/youtu.be\/t-D8boDN0jo\" data-reveal-id=\"block-dixon-resources-video-modal\" data-video-url=\"\/\/www.youtube.com\/embed\/t-D8boDN0jo\">S\u00e9quence de serrage des boulons de bride<\/a><\/li>\n<\/ul>\n","protected":false},"excerpt":{"rendered":"<h4>Principaux avantages des brides \u00e0 embo\u00eeter 150# non polies B38SL pour les brasseurs professionnels<\/h4>\n<ul>\n<li>Garantit une int\u00e9grit\u00e9 optimale de la bride gr\u00e2ce \u00e0 un serrage pr\u00e9cis des boulons, ce qui est essentiel pour maintenir la fiabilit\u00e9 du syst\u00e8me de brassage.<\/li>\n<li>Am\u00e9liore l&#8217;efficacit\u00e9 op\u00e9rationnelle gr\u00e2ce \u00e0 des sp\u00e9cifications dimensionnelles exactes, permettant une int\u00e9gration transparente dans les processus de brassage.<\/li>\n<li>Facilite la prise de d\u00e9cisions \u00e9clair\u00e9es gr\u00e2ce \u00e0 une documentation compl\u00e8te sur les produits, ce qui facilite la maintenance et la mise \u00e0 niveau des \u00e9quipements.<\/li>\n<\/ul>\n","protected":false},"featured_media":11041,"template":"","meta":{"_acf_changed":false,"inline_featured_image":false},"product_brand":[740],"product_cat":[736,741,765],"product_tag":[],"class_list":{"0":"post-11033","1":"product","2":"type-product","3":"status-publish","4":"has-post-thumbnail","6":"product_brand-dixon","7":"product_cat-distribution","8":"product_cat-materiel","9":"product_cat-raccords-sanitaires","11":"first","12":"instock","13":"taxable","14":"shipping-taxable","15":"purchasable","16":"product-type-variable"},"acf":[],"yoast_head":"<!-- This site is optimized with the Yoast SEO plugin v27.6 - https:\/\/yoast.com\/product\/yoast-seo-wordpress\/ -->\n<title>B38SL Brides 150# non polies - Dixon - Pour brasseries professionnelles | Zytho<\/title>\n<meta name=\"description\" content=\"D\u00e9couvrez les brides B38SL Unpolished Slip-On 150# de Dixon, con\u00e7ues pour les brasseurs \u00e0 la recherche d&#039;une efficacit\u00e9 et d&#039;une pr\u00e9cision accrues, avec des sp\u00e9cifications d\u00e9taill\u00e9es et une documentation compl\u00e8te.\" \/>\n<meta name=\"robots\" content=\"index, follow, max-snippet:-1, max-image-preview:large, max-video-preview:-1\" \/>\n<link rel=\"canonical\" href=\"https:\/\/www.zytho.ca\/fr\/produit\/brides-b38sl-non-polies-a-emboitement-150-dixon\/\" \/>\n<meta property=\"og:locale\" content=\"fr_FR\" \/>\n<meta property=\"og:type\" content=\"article\" \/>\n<meta property=\"og:title\" content=\"B38SL Brides 150# non polies - Dixon - Pour brasseries professionnelles | Zytho\" \/>\n<meta property=\"og:description\" content=\"D\u00e9couvrez les brides B38SL Unpolished Slip-On 150# de Dixon, con\u00e7ues pour les brasseurs \u00e0 la recherche d&#039;une efficacit\u00e9 et d&#039;une pr\u00e9cision accrues, avec des sp\u00e9cifications d\u00e9taill\u00e9es et une documentation compl\u00e8te.\" \/>\n<meta property=\"og:url\" content=\"https:\/\/www.zytho.ca\/fr\/produit\/brides-b38sl-non-polies-a-emboitement-150-dixon\/\" \/>\n<meta property=\"og:site_name\" content=\"Zytho\" \/>\n<meta property=\"article:modified_time\" content=\"2025-11-07T12:58:49+00:00\" \/>\n<meta property=\"og:image\" content=\"https:\/\/www.zytho.ca\/wp-content\/uploads\/2025\/10\/B38SL-Unpolished-Slip-On-150-Flanges-Dixon.jpg\" \/>\n\t<meta property=\"og:image:width\" content=\"509\" \/>\n\t<meta property=\"og:image:height\" content=\"509\" \/>\n\t<meta property=\"og:image:type\" content=\"image\/jpeg\" \/>\n<meta name=\"twitter:card\" content=\"summary_large_image\" \/>\n<script type=\"application\/ld+json\" class=\"yoast-schema-graph\">{\"@context\":\"https:\\\/\\\/schema.org\",\"@graph\":[{\"@type\":\"WebPage\",\"@id\":\"https:\\\/\\\/www.zytho.ca\\\/fr\\\/produit\\\/brides-b38sl-non-polies-a-emboitement-150-dixon\\\/\",\"url\":\"https:\\\/\\\/www.zytho.ca\\\/fr\\\/produit\\\/brides-b38sl-non-polies-a-emboitement-150-dixon\\\/\",\"name\":\"B38SL Brides 150# non polies - Dixon - Pour brasseries professionnelles | Zytho\",\"isPartOf\":{\"@id\":\"https:\\\/\\\/www.zytho.ca\\\/fr\\\/#website\"},\"primaryImageOfPage\":{\"@id\":\"https:\\\/\\\/www.zytho.ca\\\/fr\\\/produit\\\/brides-b38sl-non-polies-a-emboitement-150-dixon\\\/#primaryimage\"},\"image\":{\"@id\":\"https:\\\/\\\/www.zytho.ca\\\/fr\\\/produit\\\/brides-b38sl-non-polies-a-emboitement-150-dixon\\\/#primaryimage\"},\"thumbnailUrl\":\"https:\\\/\\\/www.zytho.ca\\\/wp-content\\\/uploads\\\/2025\\\/10\\\/B38SL-Unpolished-Slip-On-150-Flanges-Dixon.jpg\",\"datePublished\":\"2025-10-27T15:51:53+00:00\",\"dateModified\":\"2025-11-07T12:58:49+00:00\",\"description\":\"D\u00e9couvrez les brides B38SL Unpolished Slip-On 150# de Dixon, con\u00e7ues pour les brasseurs \u00e0 la recherche d'une efficacit\u00e9 et d'une pr\u00e9cision accrues, avec des sp\u00e9cifications d\u00e9taill\u00e9es et une documentation compl\u00e8te.\",\"breadcrumb\":{\"@id\":\"https:\\\/\\\/www.zytho.ca\\\/fr\\\/produit\\\/brides-b38sl-non-polies-a-emboitement-150-dixon\\\/#breadcrumb\"},\"inLanguage\":\"fr-FR\",\"potentialAction\":[{\"@type\":\"ReadAction\",\"target\":[\"https:\\\/\\\/www.zytho.ca\\\/fr\\\/produit\\\/brides-b38sl-non-polies-a-emboitement-150-dixon\\\/\"]}]},{\"@type\":\"ImageObject\",\"inLanguage\":\"fr-FR\",\"@id\":\"https:\\\/\\\/www.zytho.ca\\\/fr\\\/produit\\\/brides-b38sl-non-polies-a-emboitement-150-dixon\\\/#primaryimage\",\"url\":\"https:\\\/\\\/www.zytho.ca\\\/wp-content\\\/uploads\\\/2025\\\/10\\\/B38SL-Unpolished-Slip-On-150-Flanges-Dixon.jpg\",\"contentUrl\":\"https:\\\/\\\/www.zytho.ca\\\/wp-content\\\/uploads\\\/2025\\\/10\\\/B38SL-Unpolished-Slip-On-150-Flanges-Dixon.jpg\",\"width\":509,\"height\":509},{\"@type\":\"BreadcrumbList\",\"@id\":\"https:\\\/\\\/www.zytho.ca\\\/fr\\\/produit\\\/brides-b38sl-non-polies-a-emboitement-150-dixon\\\/#breadcrumb\",\"itemListElement\":[{\"@type\":\"ListItem\",\"position\":1,\"name\":\"Accueil\",\"item\":\"https:\\\/\\\/www.zytho.ca\\\/fr\\\/\"},{\"@type\":\"ListItem\",\"position\":2,\"name\":\"Shop\",\"item\":\"https:\\\/\\\/www.zytho.ca\\\/fr\\\/shop\\\/\"},{\"@type\":\"ListItem\",\"position\":3,\"name\":\"Brides B38SL non polies \u00e0 embo\u00eetement 150# &#8211; Dixon\"}]},{\"@type\":\"WebSite\",\"@id\":\"https:\\\/\\\/www.zytho.ca\\\/fr\\\/#website\",\"url\":\"https:\\\/\\\/www.zytho.ca\\\/fr\\\/\",\"name\":\"Zytho\",\"description\":\"\",\"publisher\":{\"@id\":\"https:\\\/\\\/www.zytho.ca\\\/fr\\\/#organization\"},\"potentialAction\":[{\"@type\":\"SearchAction\",\"target\":{\"@type\":\"EntryPoint\",\"urlTemplate\":\"https:\\\/\\\/www.zytho.ca\\\/fr\\\/?s={search_term_string}\"},\"query-input\":{\"@type\":\"PropertyValueSpecification\",\"valueRequired\":true,\"valueName\":\"search_term_string\"}}],\"inLanguage\":\"fr-FR\"},{\"@type\":\"Organization\",\"@id\":\"https:\\\/\\\/www.zytho.ca\\\/fr\\\/#organization\",\"name\":\"Zytho\",\"url\":\"https:\\\/\\\/www.zytho.ca\\\/fr\\\/\",\"logo\":{\"@type\":\"ImageObject\",\"inLanguage\":\"fr-FR\",\"@id\":\"https:\\\/\\\/www.zytho.ca\\\/fr\\\/#\\\/schema\\\/logo\\\/image\\\/\",\"url\":\"https:\\\/\\\/www.zytho.ca\\\/wp-content\\\/uploads\\\/2024\\\/05\\\/Zytho_reversed_horizontal.svg\",\"contentUrl\":\"https:\\\/\\\/www.zytho.ca\\\/wp-content\\\/uploads\\\/2024\\\/05\\\/Zytho_reversed_horizontal.svg\",\"width\":1582,\"height\":490,\"caption\":\"Zytho\"},\"image\":{\"@id\":\"https:\\\/\\\/www.zytho.ca\\\/fr\\\/#\\\/schema\\\/logo\\\/image\\\/\"}}]}<\/script>\n<!-- \/ Yoast SEO plugin. -->","yoast_head_json":{"title":"B38SL Brides 150# non polies - Dixon - Pour brasseries professionnelles | Zytho","description":"D\u00e9couvrez les brides B38SL Unpolished Slip-On 150# de Dixon, con\u00e7ues pour les brasseurs \u00e0 la recherche d'une efficacit\u00e9 et d'une pr\u00e9cision accrues, avec des sp\u00e9cifications d\u00e9taill\u00e9es et une documentation compl\u00e8te.","robots":{"index":"index","follow":"follow","max-snippet":"max-snippet:-1","max-image-preview":"max-image-preview:large","max-video-preview":"max-video-preview:-1"},"canonical":"https:\/\/www.zytho.ca\/fr\/produit\/brides-b38sl-non-polies-a-emboitement-150-dixon\/","og_locale":"fr_FR","og_type":"article","og_title":"B38SL Brides 150# non polies - Dixon - Pour brasseries professionnelles | Zytho","og_description":"D\u00e9couvrez les brides B38SL Unpolished Slip-On 150# de Dixon, con\u00e7ues pour les brasseurs \u00e0 la recherche d'une efficacit\u00e9 et d'une pr\u00e9cision accrues, avec des sp\u00e9cifications d\u00e9taill\u00e9es et une documentation compl\u00e8te.","og_url":"https:\/\/www.zytho.ca\/fr\/produit\/brides-b38sl-non-polies-a-emboitement-150-dixon\/","og_site_name":"Zytho","article_modified_time":"2025-11-07T12:58:49+00:00","og_image":[{"width":509,"height":509,"url":"https:\/\/www.zytho.ca\/wp-content\/uploads\/2025\/10\/B38SL-Unpolished-Slip-On-150-Flanges-Dixon.jpg","type":"image\/jpeg"}],"twitter_card":"summary_large_image","schema":{"@context":"https:\/\/schema.org","@graph":[{"@type":"WebPage","@id":"https:\/\/www.zytho.ca\/fr\/produit\/brides-b38sl-non-polies-a-emboitement-150-dixon\/","url":"https:\/\/www.zytho.ca\/fr\/produit\/brides-b38sl-non-polies-a-emboitement-150-dixon\/","name":"B38SL Brides 150# non polies - Dixon - Pour brasseries professionnelles | Zytho","isPartOf":{"@id":"https:\/\/www.zytho.ca\/fr\/#website"},"primaryImageOfPage":{"@id":"https:\/\/www.zytho.ca\/fr\/produit\/brides-b38sl-non-polies-a-emboitement-150-dixon\/#primaryimage"},"image":{"@id":"https:\/\/www.zytho.ca\/fr\/produit\/brides-b38sl-non-polies-a-emboitement-150-dixon\/#primaryimage"},"thumbnailUrl":"https:\/\/www.zytho.ca\/wp-content\/uploads\/2025\/10\/B38SL-Unpolished-Slip-On-150-Flanges-Dixon.jpg","datePublished":"2025-10-27T15:51:53+00:00","dateModified":"2025-11-07T12:58:49+00:00","description":"D\u00e9couvrez les brides B38SL Unpolished Slip-On 150# de Dixon, con\u00e7ues pour les brasseurs \u00e0 la recherche d'une efficacit\u00e9 et d'une pr\u00e9cision accrues, avec des sp\u00e9cifications d\u00e9taill\u00e9es et une documentation compl\u00e8te.","breadcrumb":{"@id":"https:\/\/www.zytho.ca\/fr\/produit\/brides-b38sl-non-polies-a-emboitement-150-dixon\/#breadcrumb"},"inLanguage":"fr-FR","potentialAction":[{"@type":"ReadAction","target":["https:\/\/www.zytho.ca\/fr\/produit\/brides-b38sl-non-polies-a-emboitement-150-dixon\/"]}]},{"@type":"ImageObject","inLanguage":"fr-FR","@id":"https:\/\/www.zytho.ca\/fr\/produit\/brides-b38sl-non-polies-a-emboitement-150-dixon\/#primaryimage","url":"https:\/\/www.zytho.ca\/wp-content\/uploads\/2025\/10\/B38SL-Unpolished-Slip-On-150-Flanges-Dixon.jpg","contentUrl":"https:\/\/www.zytho.ca\/wp-content\/uploads\/2025\/10\/B38SL-Unpolished-Slip-On-150-Flanges-Dixon.jpg","width":509,"height":509},{"@type":"BreadcrumbList","@id":"https:\/\/www.zytho.ca\/fr\/produit\/brides-b38sl-non-polies-a-emboitement-150-dixon\/#breadcrumb","itemListElement":[{"@type":"ListItem","position":1,"name":"Accueil","item":"https:\/\/www.zytho.ca\/fr\/"},{"@type":"ListItem","position":2,"name":"Shop","item":"https:\/\/www.zytho.ca\/fr\/shop\/"},{"@type":"ListItem","position":3,"name":"Brides B38SL non polies \u00e0 embo\u00eetement 150# &#8211; Dixon"}]},{"@type":"WebSite","@id":"https:\/\/www.zytho.ca\/fr\/#website","url":"https:\/\/www.zytho.ca\/fr\/","name":"Zytho","description":"","publisher":{"@id":"https:\/\/www.zytho.ca\/fr\/#organization"},"potentialAction":[{"@type":"SearchAction","target":{"@type":"EntryPoint","urlTemplate":"https:\/\/www.zytho.ca\/fr\/?s={search_term_string}"},"query-input":{"@type":"PropertyValueSpecification","valueRequired":true,"valueName":"search_term_string"}}],"inLanguage":"fr-FR"},{"@type":"Organization","@id":"https:\/\/www.zytho.ca\/fr\/#organization","name":"Zytho","url":"https:\/\/www.zytho.ca\/fr\/","logo":{"@type":"ImageObject","inLanguage":"fr-FR","@id":"https:\/\/www.zytho.ca\/fr\/#\/schema\/logo\/image\/","url":"https:\/\/www.zytho.ca\/wp-content\/uploads\/2024\/05\/Zytho_reversed_horizontal.svg","contentUrl":"https:\/\/www.zytho.ca\/wp-content\/uploads\/2024\/05\/Zytho_reversed_horizontal.svg","width":1582,"height":490,"caption":"Zytho"},"image":{"@id":"https:\/\/www.zytho.ca\/fr\/#\/schema\/logo\/image\/"}}]}},"_links":{"self":[{"href":"https:\/\/www.zytho.ca\/fr\/wp-json\/wp\/v2\/product\/11033","targetHints":{"allow":["GET"]}}],"collection":[{"href":"https:\/\/www.zytho.ca\/fr\/wp-json\/wp\/v2\/product"}],"about":[{"href":"https:\/\/www.zytho.ca\/fr\/wp-json\/wp\/v2\/types\/product"}],"wp:featuredmedia":[{"embeddable":true,"href":"https:\/\/www.zytho.ca\/fr\/wp-json\/wp\/v2\/media\/11041"}],"wp:attachment":[{"href":"https:\/\/www.zytho.ca\/fr\/wp-json\/wp\/v2\/media?parent=11033"}],"wp:term":[{"taxonomy":"product_brand","embeddable":true,"href":"https:\/\/www.zytho.ca\/fr\/wp-json\/wp\/v2\/product_brand?post=11033"},{"taxonomy":"product_cat","embeddable":true,"href":"https:\/\/www.zytho.ca\/fr\/wp-json\/wp\/v2\/product_cat?post=11033"},{"taxonomy":"product_tag","embeddable":true,"href":"https:\/\/www.zytho.ca\/fr\/wp-json\/wp\/v2\/product_tag?post=11033"}],"curies":[{"name":"wp","href":"https:\/\/api.w.org\/{rel}","templated":true}]}}