{"id":10984,"date":"2025-10-27T15:51:59","date_gmt":"2025-10-27T15:51:59","guid":{"rendered":"https:\/\/zytho.ca\/product\/b28w-wyes-true-weld-non-poli-dixon\/"},"modified":"2025-11-07T12:33:20","modified_gmt":"2025-11-07T12:33:20","slug":"b28w-wyes-true-weld-non-poli-dixon","status":"publish","type":"product","link":"https:\/\/www.zytho.ca\/fr\/produit\/b28w-wyes-true-weld-non-poli-dixon\/","title":{"rendered":"B28W Wyes True Weld non poli &#8211; Dixon"},"content":{"rendered":"<h6><strong>Page de catalogue :<\/strong><\/h6>\n<ul>\n<li><a href=\"https:\/\/www.dixonvalve.com\/sites\/default\/files\/product\/pages\/us\/DPL418%20-%20614.pdf\">DPL418 &#8211; 614<\/a><\/li>\n<\/ul>\n<h6><strong>Avantages :<\/strong><\/h6>\n<ul>\n<li>Durabilit\u00e9 accrue pour une utilisation \u00e0 long terme dans des environnements exigeants.<\/li>\n<li>Conception optimis\u00e9e pour des performances et une fiabilit\u00e9 optimales.<\/li>\n<li>Con\u00e7u pour r\u00e9pondre aux normes et r\u00e9glementations strictes de l&#8217;industrie.<\/li>\n<\/ul>\n<h6><strong>D\u00e9tails du produit :<\/strong><\/h6>\n<ul>\n<li>Fabriqu\u00e9 \u00e0 partir de mat\u00e9riaux de haute qualit\u00e9 pour garantir une r\u00e9sistance sup\u00e9rieure.<\/li>\n<li>Des composants con\u00e7us avec pr\u00e9cision pour une int\u00e9gration parfaite.<\/li>\n<li>Disponible en plusieurs tailles pour r\u00e9pondre aux besoins de diverses applications.<\/li>\n<li>Con\u00e7u pour \u00eatre compatible avec une large gamme de syst\u00e8mes.<\/li>\n<li>Test\u00e9 rigoureusement pour garantir la s\u00e9curit\u00e9 et la conformit\u00e9.<\/li>\n<\/ul>\n","protected":false},"excerpt":{"rendered":"<h4>Principaux avantages de B28W Unpolished Weld True Wyes pour les brasseurs professionnels<\/h4>\n<ul>\n<li>Con\u00e7ue pour durer et \u00eatre fiable dans des environnements de brassage exigeants.<\/li>\n<li>Assure une int\u00e9gration transparente avec les syst\u00e8mes de brassage existants pour une efficacit\u00e9 accrue.<\/li>\n<li>Conforme aux normes de l&#8217;industrie, il garantit des op\u00e9rations de brassage s\u00fbres et coh\u00e9rentes.<\/li>\n<\/ul>\n","protected":false},"featured_media":10988,"template":"","meta":{"_acf_changed":false,"inline_featured_image":false},"product_brand":[740],"product_cat":[736,741,765],"product_tag":[],"class_list":{"0":"post-10984","1":"product","2":"type-product","3":"status-publish","4":"has-post-thumbnail","6":"product_brand-dixon","7":"product_cat-distribution","8":"product_cat-materiel","9":"product_cat-raccords-sanitaires","11":"first","12":"instock","13":"taxable","14":"shipping-taxable","15":"purchasable","16":"product-type-variable"},"acf":[],"yoast_head":"<!-- This site is optimized with the Yoast SEO plugin v27.6 - https:\/\/yoast.com\/product\/yoast-seo-wordpress\/ -->\n<title>B28W Unpolished Weld True Wyes - Dixon - Pour brasseries professionnelles | Zytho<\/title>\n<meta name=\"description\" content=\"D\u00e9couvrez la B28W Unpolished Weld True Wyes de Dixon, con\u00e7ue pour les brasseurs professionnels. Faites l&#039;exp\u00e9rience d&#039;une durabilit\u00e9, d&#039;une efficacit\u00e9 et d&#039;une conformit\u00e9 in\u00e9gal\u00e9es dans les environnements de brassage exigeants.\" \/>\n<meta name=\"robots\" content=\"index, follow, max-snippet:-1, max-image-preview:large, max-video-preview:-1\" \/>\n<link rel=\"canonical\" href=\"https:\/\/www.zytho.ca\/fr\/produit\/b28w-wyes-true-weld-non-poli-dixon\/\" \/>\n<meta property=\"og:locale\" content=\"fr_FR\" \/>\n<meta property=\"og:type\" content=\"article\" \/>\n<meta property=\"og:title\" content=\"B28W Unpolished Weld True Wyes - Dixon - Pour brasseries professionnelles | Zytho\" \/>\n<meta property=\"og:description\" content=\"D\u00e9couvrez la B28W Unpolished Weld True Wyes de Dixon, con\u00e7ue pour les brasseurs professionnels. Faites l&#039;exp\u00e9rience d&#039;une durabilit\u00e9, d&#039;une efficacit\u00e9 et d&#039;une conformit\u00e9 in\u00e9gal\u00e9es dans les environnements de brassage exigeants.\" \/>\n<meta property=\"og:url\" content=\"https:\/\/www.zytho.ca\/fr\/produit\/b28w-wyes-true-weld-non-poli-dixon\/\" \/>\n<meta property=\"og:site_name\" content=\"Zytho\" \/>\n<meta property=\"article:modified_time\" content=\"2025-11-07T12:33:20+00:00\" \/>\n<meta property=\"og:image\" content=\"https:\/\/www.zytho.ca\/wp-content\/uploads\/2025\/10\/B28W-Unpolished-Weld-True-Wyes-Dixon.jpg\" \/>\n\t<meta property=\"og:image:width\" content=\"632\" \/>\n\t<meta property=\"og:image:height\" content=\"632\" \/>\n\t<meta property=\"og:image:type\" content=\"image\/jpeg\" \/>\n<meta name=\"twitter:card\" content=\"summary_large_image\" \/>\n<meta name=\"twitter:label1\" content=\"Dur\u00e9e de lecture estim\u00e9e\" \/>\n\t<meta name=\"twitter:data1\" content=\"1 minute\" \/>\n<script type=\"application\/ld+json\" class=\"yoast-schema-graph\">{\"@context\":\"https:\\\/\\\/schema.org\",\"@graph\":[{\"@type\":\"WebPage\",\"@id\":\"https:\\\/\\\/www.zytho.ca\\\/fr\\\/produit\\\/b28w-wyes-true-weld-non-poli-dixon\\\/\",\"url\":\"https:\\\/\\\/www.zytho.ca\\\/fr\\\/produit\\\/b28w-wyes-true-weld-non-poli-dixon\\\/\",\"name\":\"B28W Unpolished Weld True Wyes - Dixon - Pour brasseries professionnelles | Zytho\",\"isPartOf\":{\"@id\":\"https:\\\/\\\/www.zytho.ca\\\/fr\\\/#website\"},\"primaryImageOfPage\":{\"@id\":\"https:\\\/\\\/www.zytho.ca\\\/fr\\\/produit\\\/b28w-wyes-true-weld-non-poli-dixon\\\/#primaryimage\"},\"image\":{\"@id\":\"https:\\\/\\\/www.zytho.ca\\\/fr\\\/produit\\\/b28w-wyes-true-weld-non-poli-dixon\\\/#primaryimage\"},\"thumbnailUrl\":\"https:\\\/\\\/www.zytho.ca\\\/wp-content\\\/uploads\\\/2025\\\/10\\\/B28W-Unpolished-Weld-True-Wyes-Dixon.jpg\",\"datePublished\":\"2025-10-27T15:51:59+00:00\",\"dateModified\":\"2025-11-07T12:33:20+00:00\",\"description\":\"D\u00e9couvrez la B28W Unpolished Weld True Wyes de Dixon, con\u00e7ue pour les brasseurs professionnels. Faites l'exp\u00e9rience d'une durabilit\u00e9, d'une efficacit\u00e9 et d'une conformit\u00e9 in\u00e9gal\u00e9es dans les environnements de brassage exigeants.\",\"breadcrumb\":{\"@id\":\"https:\\\/\\\/www.zytho.ca\\\/fr\\\/produit\\\/b28w-wyes-true-weld-non-poli-dixon\\\/#breadcrumb\"},\"inLanguage\":\"fr-FR\",\"potentialAction\":[{\"@type\":\"ReadAction\",\"target\":[\"https:\\\/\\\/www.zytho.ca\\\/fr\\\/produit\\\/b28w-wyes-true-weld-non-poli-dixon\\\/\"]}]},{\"@type\":\"ImageObject\",\"inLanguage\":\"fr-FR\",\"@id\":\"https:\\\/\\\/www.zytho.ca\\\/fr\\\/produit\\\/b28w-wyes-true-weld-non-poli-dixon\\\/#primaryimage\",\"url\":\"https:\\\/\\\/www.zytho.ca\\\/wp-content\\\/uploads\\\/2025\\\/10\\\/B28W-Unpolished-Weld-True-Wyes-Dixon.jpg\",\"contentUrl\":\"https:\\\/\\\/www.zytho.ca\\\/wp-content\\\/uploads\\\/2025\\\/10\\\/B28W-Unpolished-Weld-True-Wyes-Dixon.jpg\",\"width\":632,\"height\":632},{\"@type\":\"BreadcrumbList\",\"@id\":\"https:\\\/\\\/www.zytho.ca\\\/fr\\\/produit\\\/b28w-wyes-true-weld-non-poli-dixon\\\/#breadcrumb\",\"itemListElement\":[{\"@type\":\"ListItem\",\"position\":1,\"name\":\"Accueil\",\"item\":\"https:\\\/\\\/www.zytho.ca\\\/fr\\\/\"},{\"@type\":\"ListItem\",\"position\":2,\"name\":\"Shop\",\"item\":\"https:\\\/\\\/www.zytho.ca\\\/fr\\\/shop\\\/\"},{\"@type\":\"ListItem\",\"position\":3,\"name\":\"B28W Wyes True Weld non poli &#8211; Dixon\"}]},{\"@type\":\"WebSite\",\"@id\":\"https:\\\/\\\/www.zytho.ca\\\/fr\\\/#website\",\"url\":\"https:\\\/\\\/www.zytho.ca\\\/fr\\\/\",\"name\":\"Zytho\",\"description\":\"\",\"publisher\":{\"@id\":\"https:\\\/\\\/www.zytho.ca\\\/fr\\\/#organization\"},\"potentialAction\":[{\"@type\":\"SearchAction\",\"target\":{\"@type\":\"EntryPoint\",\"urlTemplate\":\"https:\\\/\\\/www.zytho.ca\\\/fr\\\/?s={search_term_string}\"},\"query-input\":{\"@type\":\"PropertyValueSpecification\",\"valueRequired\":true,\"valueName\":\"search_term_string\"}}],\"inLanguage\":\"fr-FR\"},{\"@type\":\"Organization\",\"@id\":\"https:\\\/\\\/www.zytho.ca\\\/fr\\\/#organization\",\"name\":\"Zytho\",\"url\":\"https:\\\/\\\/www.zytho.ca\\\/fr\\\/\",\"logo\":{\"@type\":\"ImageObject\",\"inLanguage\":\"fr-FR\",\"@id\":\"https:\\\/\\\/www.zytho.ca\\\/fr\\\/#\\\/schema\\\/logo\\\/image\\\/\",\"url\":\"https:\\\/\\\/www.zytho.ca\\\/wp-content\\\/uploads\\\/2024\\\/05\\\/Zytho_reversed_horizontal.svg\",\"contentUrl\":\"https:\\\/\\\/www.zytho.ca\\\/wp-content\\\/uploads\\\/2024\\\/05\\\/Zytho_reversed_horizontal.svg\",\"width\":1582,\"height\":490,\"caption\":\"Zytho\"},\"image\":{\"@id\":\"https:\\\/\\\/www.zytho.ca\\\/fr\\\/#\\\/schema\\\/logo\\\/image\\\/\"}}]}<\/script>\n<!-- \/ Yoast SEO plugin. -->","yoast_head_json":{"title":"B28W Unpolished Weld True Wyes - Dixon - Pour brasseries professionnelles | Zytho","description":"D\u00e9couvrez la B28W Unpolished Weld True Wyes de Dixon, con\u00e7ue pour les brasseurs professionnels. Faites l'exp\u00e9rience d'une durabilit\u00e9, d'une efficacit\u00e9 et d'une conformit\u00e9 in\u00e9gal\u00e9es dans les environnements de brassage exigeants.","robots":{"index":"index","follow":"follow","max-snippet":"max-snippet:-1","max-image-preview":"max-image-preview:large","max-video-preview":"max-video-preview:-1"},"canonical":"https:\/\/www.zytho.ca\/fr\/produit\/b28w-wyes-true-weld-non-poli-dixon\/","og_locale":"fr_FR","og_type":"article","og_title":"B28W Unpolished Weld True Wyes - Dixon - Pour brasseries professionnelles | Zytho","og_description":"D\u00e9couvrez la B28W Unpolished Weld True Wyes de Dixon, con\u00e7ue pour les brasseurs professionnels. Faites l'exp\u00e9rience d'une durabilit\u00e9, d'une efficacit\u00e9 et d'une conformit\u00e9 in\u00e9gal\u00e9es dans les environnements de brassage exigeants.","og_url":"https:\/\/www.zytho.ca\/fr\/produit\/b28w-wyes-true-weld-non-poli-dixon\/","og_site_name":"Zytho","article_modified_time":"2025-11-07T12:33:20+00:00","og_image":[{"width":632,"height":632,"url":"https:\/\/www.zytho.ca\/wp-content\/uploads\/2025\/10\/B28W-Unpolished-Weld-True-Wyes-Dixon.jpg","type":"image\/jpeg"}],"twitter_card":"summary_large_image","twitter_misc":{"Dur\u00e9e de lecture estim\u00e9e":"1 minute"},"schema":{"@context":"https:\/\/schema.org","@graph":[{"@type":"WebPage","@id":"https:\/\/www.zytho.ca\/fr\/produit\/b28w-wyes-true-weld-non-poli-dixon\/","url":"https:\/\/www.zytho.ca\/fr\/produit\/b28w-wyes-true-weld-non-poli-dixon\/","name":"B28W Unpolished Weld True Wyes - Dixon - Pour brasseries professionnelles | Zytho","isPartOf":{"@id":"https:\/\/www.zytho.ca\/fr\/#website"},"primaryImageOfPage":{"@id":"https:\/\/www.zytho.ca\/fr\/produit\/b28w-wyes-true-weld-non-poli-dixon\/#primaryimage"},"image":{"@id":"https:\/\/www.zytho.ca\/fr\/produit\/b28w-wyes-true-weld-non-poli-dixon\/#primaryimage"},"thumbnailUrl":"https:\/\/www.zytho.ca\/wp-content\/uploads\/2025\/10\/B28W-Unpolished-Weld-True-Wyes-Dixon.jpg","datePublished":"2025-10-27T15:51:59+00:00","dateModified":"2025-11-07T12:33:20+00:00","description":"D\u00e9couvrez la B28W Unpolished Weld True Wyes de Dixon, con\u00e7ue pour les brasseurs professionnels. Faites l'exp\u00e9rience d'une durabilit\u00e9, d'une efficacit\u00e9 et d'une conformit\u00e9 in\u00e9gal\u00e9es dans les environnements de brassage exigeants.","breadcrumb":{"@id":"https:\/\/www.zytho.ca\/fr\/produit\/b28w-wyes-true-weld-non-poli-dixon\/#breadcrumb"},"inLanguage":"fr-FR","potentialAction":[{"@type":"ReadAction","target":["https:\/\/www.zytho.ca\/fr\/produit\/b28w-wyes-true-weld-non-poli-dixon\/"]}]},{"@type":"ImageObject","inLanguage":"fr-FR","@id":"https:\/\/www.zytho.ca\/fr\/produit\/b28w-wyes-true-weld-non-poli-dixon\/#primaryimage","url":"https:\/\/www.zytho.ca\/wp-content\/uploads\/2025\/10\/B28W-Unpolished-Weld-True-Wyes-Dixon.jpg","contentUrl":"https:\/\/www.zytho.ca\/wp-content\/uploads\/2025\/10\/B28W-Unpolished-Weld-True-Wyes-Dixon.jpg","width":632,"height":632},{"@type":"BreadcrumbList","@id":"https:\/\/www.zytho.ca\/fr\/produit\/b28w-wyes-true-weld-non-poli-dixon\/#breadcrumb","itemListElement":[{"@type":"ListItem","position":1,"name":"Accueil","item":"https:\/\/www.zytho.ca\/fr\/"},{"@type":"ListItem","position":2,"name":"Shop","item":"https:\/\/www.zytho.ca\/fr\/shop\/"},{"@type":"ListItem","position":3,"name":"B28W Wyes True Weld non poli &#8211; Dixon"}]},{"@type":"WebSite","@id":"https:\/\/www.zytho.ca\/fr\/#website","url":"https:\/\/www.zytho.ca\/fr\/","name":"Zytho","description":"","publisher":{"@id":"https:\/\/www.zytho.ca\/fr\/#organization"},"potentialAction":[{"@type":"SearchAction","target":{"@type":"EntryPoint","urlTemplate":"https:\/\/www.zytho.ca\/fr\/?s={search_term_string}"},"query-input":{"@type":"PropertyValueSpecification","valueRequired":true,"valueName":"search_term_string"}}],"inLanguage":"fr-FR"},{"@type":"Organization","@id":"https:\/\/www.zytho.ca\/fr\/#organization","name":"Zytho","url":"https:\/\/www.zytho.ca\/fr\/","logo":{"@type":"ImageObject","inLanguage":"fr-FR","@id":"https:\/\/www.zytho.ca\/fr\/#\/schema\/logo\/image\/","url":"https:\/\/www.zytho.ca\/wp-content\/uploads\/2024\/05\/Zytho_reversed_horizontal.svg","contentUrl":"https:\/\/www.zytho.ca\/wp-content\/uploads\/2024\/05\/Zytho_reversed_horizontal.svg","width":1582,"height":490,"caption":"Zytho"},"image":{"@id":"https:\/\/www.zytho.ca\/fr\/#\/schema\/logo\/image\/"}}]}},"_links":{"self":[{"href":"https:\/\/www.zytho.ca\/fr\/wp-json\/wp\/v2\/product\/10984","targetHints":{"allow":["GET"]}}],"collection":[{"href":"https:\/\/www.zytho.ca\/fr\/wp-json\/wp\/v2\/product"}],"about":[{"href":"https:\/\/www.zytho.ca\/fr\/wp-json\/wp\/v2\/types\/product"}],"wp:featuredmedia":[{"embeddable":true,"href":"https:\/\/www.zytho.ca\/fr\/wp-json\/wp\/v2\/media\/10988"}],"wp:attachment":[{"href":"https:\/\/www.zytho.ca\/fr\/wp-json\/wp\/v2\/media?parent=10984"}],"wp:term":[{"taxonomy":"product_brand","embeddable":true,"href":"https:\/\/www.zytho.ca\/fr\/wp-json\/wp\/v2\/product_brand?post=10984"},{"taxonomy":"product_cat","embeddable":true,"href":"https:\/\/www.zytho.ca\/fr\/wp-json\/wp\/v2\/product_cat?post=10984"},{"taxonomy":"product_tag","embeddable":true,"href":"https:\/\/www.zytho.ca\/fr\/wp-json\/wp\/v2\/product_tag?post=10984"}],"curies":[{"name":"wp","href":"https:\/\/api.w.org\/{rel}","templated":true}]}}