{"id":10965,"date":"2025-10-27T15:52:25","date_gmt":"2025-10-27T15:52:25","guid":{"rendered":"https:\/\/zytho.ca\/product\/tes-a-souder-courts-non-polis-b7www-dixon\/"},"modified":"2025-11-10T10:15:56","modified_gmt":"2025-11-10T10:15:56","slug":"tes-a-souder-courts-non-polis-b7www-dixon","status":"publish","type":"product","link":"https:\/\/www.zytho.ca\/fr\/produit\/tes-a-souder-courts-non-polis-b7www-dixon\/","title":{"rendered":"T\u00e9s \u00e0 souder courts non polis B7WWW &#8211; Dixon"},"content":{"rendered":"<p>Erreur : Erreur de votre fournisseur OpenAI avec gpt-4o : 429 &#8211; rate_limit_exceeded<\/p>\n<p>Identifiant d&#8217;ex\u00e9cution : 6eeca99f-3929-4bb3-a88d-279168c91b61<\/p>\n<p>Message : Limite de taux atteinte pour gpt-4o dans l&#8217;organisation org-51kiBwwca8jKcWIcmRq84lK sur les jetons par minute (TPM) : Limite 30000, Utilis\u00e9 30000, Demand\u00e9 229. Veuillez r\u00e9essayer dans 458 ms. Visitez https:\/\/platform.openai.com\/account\/rate-limits pour en savoir plus.  <\/p>\n","protected":false},"excerpt":{"rendered":"<h4>Principaux avantages des t\u00e9s \u00e0 souder courts non polis B7WWW &#8211; Dixon pour les brasseurs professionnels<\/h4>\n<ul>\n<li>La conception pr\u00e9cise des soudures garantit une int\u00e9gration parfaite dans les syst\u00e8mes de brassage.<\/li>\n<li>La durabilit\u00e9 et la fiabilit\u00e9 sont essentielles pour les environnements de brassage \u00e0 forte demande.<\/li>\n<li>Facilite le transfert efficace des fluides, optimisant ainsi les processus de brassage.<\/li>\n<\/ul>\n","protected":false},"featured_media":10974,"template":"","meta":{"_acf_changed":false,"inline_featured_image":false},"product_brand":[740],"product_cat":[736,741,765],"product_tag":[],"class_list":{"0":"post-10965","1":"product","2":"type-product","3":"status-publish","4":"has-post-thumbnail","6":"product_brand-dixon","7":"product_cat-distribution","8":"product_cat-materiel","9":"product_cat-raccords-sanitaires","11":"first","12":"instock","13":"taxable","14":"shipping-taxable","15":"purchasable","16":"product-type-variable"},"acf":[],"yoast_head":"<!-- This site is optimized with the Yoast SEO plugin v27.6 - https:\/\/yoast.com\/product\/yoast-seo-wordpress\/ -->\n<title>B7WWW T\u00e9s \u00e0 souder courts non polis - Dixon - Pour brasseries professionnelles | Zytho<\/title>\n<meta name=\"description\" content=\"Am\u00e9liorez l&#039;efficacit\u00e9 de votre brasserie avec les t\u00e9s \u00e0 souder courts non polis B7WWW de Dixon. Con\u00e7us pour les brasseurs professionnels, ils garantissent une durabilit\u00e9 et une int\u00e9gration parfaite.\" \/>\n<meta name=\"robots\" content=\"index, follow, max-snippet:-1, max-image-preview:large, max-video-preview:-1\" \/>\n<link rel=\"canonical\" href=\"https:\/\/www.zytho.ca\/fr\/produit\/tes-a-souder-courts-non-polis-b7www-dixon\/\" \/>\n<meta property=\"og:locale\" content=\"fr_FR\" \/>\n<meta property=\"og:type\" content=\"article\" \/>\n<meta property=\"og:title\" content=\"B7WWW T\u00e9s \u00e0 souder courts non polis - Dixon - Pour brasseries professionnelles | Zytho\" \/>\n<meta property=\"og:description\" content=\"Am\u00e9liorez l&#039;efficacit\u00e9 de votre brasserie avec les t\u00e9s \u00e0 souder courts non polis B7WWW de Dixon. Con\u00e7us pour les brasseurs professionnels, ils garantissent une durabilit\u00e9 et une int\u00e9gration parfaite.\" \/>\n<meta property=\"og:url\" content=\"https:\/\/www.zytho.ca\/fr\/produit\/tes-a-souder-courts-non-polis-b7www-dixon\/\" \/>\n<meta property=\"og:site_name\" content=\"Zytho\" \/>\n<meta property=\"article:modified_time\" content=\"2025-11-10T10:15:56+00:00\" \/>\n<meta property=\"og:image\" content=\"https:\/\/www.zytho.ca\/wp-content\/uploads\/2025\/10\/B7WWW-Unpolished-Short-Weld-Tees-Dixon.jpg\" \/>\n\t<meta property=\"og:image:width\" content=\"584\" \/>\n\t<meta property=\"og:image:height\" content=\"584\" \/>\n\t<meta property=\"og:image:type\" content=\"image\/jpeg\" \/>\n<meta name=\"twitter:card\" content=\"summary_large_image\" \/>\n<script type=\"application\/ld+json\" class=\"yoast-schema-graph\">{\"@context\":\"https:\\\/\\\/schema.org\",\"@graph\":[{\"@type\":\"WebPage\",\"@id\":\"https:\\\/\\\/www.zytho.ca\\\/fr\\\/produit\\\/tes-a-souder-courts-non-polis-b7www-dixon\\\/\",\"url\":\"https:\\\/\\\/www.zytho.ca\\\/fr\\\/produit\\\/tes-a-souder-courts-non-polis-b7www-dixon\\\/\",\"name\":\"B7WWW T\u00e9s \u00e0 souder courts non polis - Dixon - Pour brasseries professionnelles | Zytho\",\"isPartOf\":{\"@id\":\"https:\\\/\\\/www.zytho.ca\\\/fr\\\/#website\"},\"primaryImageOfPage\":{\"@id\":\"https:\\\/\\\/www.zytho.ca\\\/fr\\\/produit\\\/tes-a-souder-courts-non-polis-b7www-dixon\\\/#primaryimage\"},\"image\":{\"@id\":\"https:\\\/\\\/www.zytho.ca\\\/fr\\\/produit\\\/tes-a-souder-courts-non-polis-b7www-dixon\\\/#primaryimage\"},\"thumbnailUrl\":\"https:\\\/\\\/www.zytho.ca\\\/wp-content\\\/uploads\\\/2025\\\/10\\\/B7WWW-Unpolished-Short-Weld-Tees-Dixon.jpg\",\"datePublished\":\"2025-10-27T15:52:25+00:00\",\"dateModified\":\"2025-11-10T10:15:56+00:00\",\"description\":\"Am\u00e9liorez l'efficacit\u00e9 de votre brasserie avec les t\u00e9s \u00e0 souder courts non polis B7WWW de Dixon. Con\u00e7us pour les brasseurs professionnels, ils garantissent une durabilit\u00e9 et une int\u00e9gration parfaite.\",\"breadcrumb\":{\"@id\":\"https:\\\/\\\/www.zytho.ca\\\/fr\\\/produit\\\/tes-a-souder-courts-non-polis-b7www-dixon\\\/#breadcrumb\"},\"inLanguage\":\"fr-FR\",\"potentialAction\":[{\"@type\":\"ReadAction\",\"target\":[\"https:\\\/\\\/www.zytho.ca\\\/fr\\\/produit\\\/tes-a-souder-courts-non-polis-b7www-dixon\\\/\"]}]},{\"@type\":\"ImageObject\",\"inLanguage\":\"fr-FR\",\"@id\":\"https:\\\/\\\/www.zytho.ca\\\/fr\\\/produit\\\/tes-a-souder-courts-non-polis-b7www-dixon\\\/#primaryimage\",\"url\":\"https:\\\/\\\/www.zytho.ca\\\/wp-content\\\/uploads\\\/2025\\\/10\\\/B7WWW-Unpolished-Short-Weld-Tees-Dixon.jpg\",\"contentUrl\":\"https:\\\/\\\/www.zytho.ca\\\/wp-content\\\/uploads\\\/2025\\\/10\\\/B7WWW-Unpolished-Short-Weld-Tees-Dixon.jpg\",\"width\":584,\"height\":584},{\"@type\":\"BreadcrumbList\",\"@id\":\"https:\\\/\\\/www.zytho.ca\\\/fr\\\/produit\\\/tes-a-souder-courts-non-polis-b7www-dixon\\\/#breadcrumb\",\"itemListElement\":[{\"@type\":\"ListItem\",\"position\":1,\"name\":\"Accueil\",\"item\":\"https:\\\/\\\/www.zytho.ca\\\/fr\\\/\"},{\"@type\":\"ListItem\",\"position\":2,\"name\":\"Shop\",\"item\":\"https:\\\/\\\/www.zytho.ca\\\/fr\\\/shop\\\/\"},{\"@type\":\"ListItem\",\"position\":3,\"name\":\"T\u00e9s \u00e0 souder courts non polis B7WWW &#8211; Dixon\"}]},{\"@type\":\"WebSite\",\"@id\":\"https:\\\/\\\/www.zytho.ca\\\/fr\\\/#website\",\"url\":\"https:\\\/\\\/www.zytho.ca\\\/fr\\\/\",\"name\":\"Zytho\",\"description\":\"\",\"publisher\":{\"@id\":\"https:\\\/\\\/www.zytho.ca\\\/fr\\\/#organization\"},\"potentialAction\":[{\"@type\":\"SearchAction\",\"target\":{\"@type\":\"EntryPoint\",\"urlTemplate\":\"https:\\\/\\\/www.zytho.ca\\\/fr\\\/?s={search_term_string}\"},\"query-input\":{\"@type\":\"PropertyValueSpecification\",\"valueRequired\":true,\"valueName\":\"search_term_string\"}}],\"inLanguage\":\"fr-FR\"},{\"@type\":\"Organization\",\"@id\":\"https:\\\/\\\/www.zytho.ca\\\/fr\\\/#organization\",\"name\":\"Zytho\",\"url\":\"https:\\\/\\\/www.zytho.ca\\\/fr\\\/\",\"logo\":{\"@type\":\"ImageObject\",\"inLanguage\":\"fr-FR\",\"@id\":\"https:\\\/\\\/www.zytho.ca\\\/fr\\\/#\\\/schema\\\/logo\\\/image\\\/\",\"url\":\"https:\\\/\\\/www.zytho.ca\\\/wp-content\\\/uploads\\\/2024\\\/05\\\/Zytho_reversed_horizontal.svg\",\"contentUrl\":\"https:\\\/\\\/www.zytho.ca\\\/wp-content\\\/uploads\\\/2024\\\/05\\\/Zytho_reversed_horizontal.svg\",\"width\":1582,\"height\":490,\"caption\":\"Zytho\"},\"image\":{\"@id\":\"https:\\\/\\\/www.zytho.ca\\\/fr\\\/#\\\/schema\\\/logo\\\/image\\\/\"}}]}<\/script>\n<!-- \/ Yoast SEO plugin. -->","yoast_head_json":{"title":"B7WWW T\u00e9s \u00e0 souder courts non polis - Dixon - Pour brasseries professionnelles | Zytho","description":"Am\u00e9liorez l'efficacit\u00e9 de votre brasserie avec les t\u00e9s \u00e0 souder courts non polis B7WWW de Dixon. Con\u00e7us pour les brasseurs professionnels, ils garantissent une durabilit\u00e9 et une int\u00e9gration parfaite.","robots":{"index":"index","follow":"follow","max-snippet":"max-snippet:-1","max-image-preview":"max-image-preview:large","max-video-preview":"max-video-preview:-1"},"canonical":"https:\/\/www.zytho.ca\/fr\/produit\/tes-a-souder-courts-non-polis-b7www-dixon\/","og_locale":"fr_FR","og_type":"article","og_title":"B7WWW T\u00e9s \u00e0 souder courts non polis - Dixon - Pour brasseries professionnelles | Zytho","og_description":"Am\u00e9liorez l'efficacit\u00e9 de votre brasserie avec les t\u00e9s \u00e0 souder courts non polis B7WWW de Dixon. Con\u00e7us pour les brasseurs professionnels, ils garantissent une durabilit\u00e9 et une int\u00e9gration parfaite.","og_url":"https:\/\/www.zytho.ca\/fr\/produit\/tes-a-souder-courts-non-polis-b7www-dixon\/","og_site_name":"Zytho","article_modified_time":"2025-11-10T10:15:56+00:00","og_image":[{"width":584,"height":584,"url":"https:\/\/www.zytho.ca\/wp-content\/uploads\/2025\/10\/B7WWW-Unpolished-Short-Weld-Tees-Dixon.jpg","type":"image\/jpeg"}],"twitter_card":"summary_large_image","schema":{"@context":"https:\/\/schema.org","@graph":[{"@type":"WebPage","@id":"https:\/\/www.zytho.ca\/fr\/produit\/tes-a-souder-courts-non-polis-b7www-dixon\/","url":"https:\/\/www.zytho.ca\/fr\/produit\/tes-a-souder-courts-non-polis-b7www-dixon\/","name":"B7WWW T\u00e9s \u00e0 souder courts non polis - Dixon - Pour brasseries professionnelles | Zytho","isPartOf":{"@id":"https:\/\/www.zytho.ca\/fr\/#website"},"primaryImageOfPage":{"@id":"https:\/\/www.zytho.ca\/fr\/produit\/tes-a-souder-courts-non-polis-b7www-dixon\/#primaryimage"},"image":{"@id":"https:\/\/www.zytho.ca\/fr\/produit\/tes-a-souder-courts-non-polis-b7www-dixon\/#primaryimage"},"thumbnailUrl":"https:\/\/www.zytho.ca\/wp-content\/uploads\/2025\/10\/B7WWW-Unpolished-Short-Weld-Tees-Dixon.jpg","datePublished":"2025-10-27T15:52:25+00:00","dateModified":"2025-11-10T10:15:56+00:00","description":"Am\u00e9liorez l'efficacit\u00e9 de votre brasserie avec les t\u00e9s \u00e0 souder courts non polis B7WWW de Dixon. Con\u00e7us pour les brasseurs professionnels, ils garantissent une durabilit\u00e9 et une int\u00e9gration parfaite.","breadcrumb":{"@id":"https:\/\/www.zytho.ca\/fr\/produit\/tes-a-souder-courts-non-polis-b7www-dixon\/#breadcrumb"},"inLanguage":"fr-FR","potentialAction":[{"@type":"ReadAction","target":["https:\/\/www.zytho.ca\/fr\/produit\/tes-a-souder-courts-non-polis-b7www-dixon\/"]}]},{"@type":"ImageObject","inLanguage":"fr-FR","@id":"https:\/\/www.zytho.ca\/fr\/produit\/tes-a-souder-courts-non-polis-b7www-dixon\/#primaryimage","url":"https:\/\/www.zytho.ca\/wp-content\/uploads\/2025\/10\/B7WWW-Unpolished-Short-Weld-Tees-Dixon.jpg","contentUrl":"https:\/\/www.zytho.ca\/wp-content\/uploads\/2025\/10\/B7WWW-Unpolished-Short-Weld-Tees-Dixon.jpg","width":584,"height":584},{"@type":"BreadcrumbList","@id":"https:\/\/www.zytho.ca\/fr\/produit\/tes-a-souder-courts-non-polis-b7www-dixon\/#breadcrumb","itemListElement":[{"@type":"ListItem","position":1,"name":"Accueil","item":"https:\/\/www.zytho.ca\/fr\/"},{"@type":"ListItem","position":2,"name":"Shop","item":"https:\/\/www.zytho.ca\/fr\/shop\/"},{"@type":"ListItem","position":3,"name":"T\u00e9s \u00e0 souder courts non polis B7WWW &#8211; Dixon"}]},{"@type":"WebSite","@id":"https:\/\/www.zytho.ca\/fr\/#website","url":"https:\/\/www.zytho.ca\/fr\/","name":"Zytho","description":"","publisher":{"@id":"https:\/\/www.zytho.ca\/fr\/#organization"},"potentialAction":[{"@type":"SearchAction","target":{"@type":"EntryPoint","urlTemplate":"https:\/\/www.zytho.ca\/fr\/?s={search_term_string}"},"query-input":{"@type":"PropertyValueSpecification","valueRequired":true,"valueName":"search_term_string"}}],"inLanguage":"fr-FR"},{"@type":"Organization","@id":"https:\/\/www.zytho.ca\/fr\/#organization","name":"Zytho","url":"https:\/\/www.zytho.ca\/fr\/","logo":{"@type":"ImageObject","inLanguage":"fr-FR","@id":"https:\/\/www.zytho.ca\/fr\/#\/schema\/logo\/image\/","url":"https:\/\/www.zytho.ca\/wp-content\/uploads\/2024\/05\/Zytho_reversed_horizontal.svg","contentUrl":"https:\/\/www.zytho.ca\/wp-content\/uploads\/2024\/05\/Zytho_reversed_horizontal.svg","width":1582,"height":490,"caption":"Zytho"},"image":{"@id":"https:\/\/www.zytho.ca\/fr\/#\/schema\/logo\/image\/"}}]}},"_links":{"self":[{"href":"https:\/\/www.zytho.ca\/fr\/wp-json\/wp\/v2\/product\/10965","targetHints":{"allow":["GET"]}}],"collection":[{"href":"https:\/\/www.zytho.ca\/fr\/wp-json\/wp\/v2\/product"}],"about":[{"href":"https:\/\/www.zytho.ca\/fr\/wp-json\/wp\/v2\/types\/product"}],"wp:featuredmedia":[{"embeddable":true,"href":"https:\/\/www.zytho.ca\/fr\/wp-json\/wp\/v2\/media\/10974"}],"wp:attachment":[{"href":"https:\/\/www.zytho.ca\/fr\/wp-json\/wp\/v2\/media?parent=10965"}],"wp:term":[{"taxonomy":"product_brand","embeddable":true,"href":"https:\/\/www.zytho.ca\/fr\/wp-json\/wp\/v2\/product_brand?post=10965"},{"taxonomy":"product_cat","embeddable":true,"href":"https:\/\/www.zytho.ca\/fr\/wp-json\/wp\/v2\/product_cat?post=10965"},{"taxonomy":"product_tag","embeddable":true,"href":"https:\/\/www.zytho.ca\/fr\/wp-json\/wp\/v2\/product_tag?post=10965"}],"curies":[{"name":"wp","href":"https:\/\/api.w.org\/{rel}","templated":true}]}}