{"id":10962,"date":"2025-10-27T15:51:59","date_gmt":"2025-10-27T15:51:59","guid":{"rendered":"https:\/\/zytho.ca\/product\/lateraux-a-souder-non-polis-dixon\/"},"modified":"2025-10-27T15:51:59","modified_gmt":"2025-10-27T15:51:59","slug":"lateraux-a-souder-non-polis-dixon","status":"publish","type":"product","link":"https:\/\/www.zytho.ca\/fr\/produit\/lateraux-a-souder-non-polis-dixon\/","title":{"rendered":"Lat\u00e9raux \u00e0 souder non polis &#8211; Dixon"},"content":{"rendered":"<h6><strong>Page de catalogue :<\/strong><\/h6>\n<ul>\n<li><a href=\"https:\/\/www.dixonvalve.com\/sites\/default\/files\/product\/pages\/us\/DPL418%20-%20614.pdf\">DPL418 &#8211; 614<\/a><\/li>\n<\/ul>\n<h6><strong>Avantages<\/strong><\/h6>\n<ul>\n<li>Durabilit\u00e9 et fiabilit\u00e9 accrues pour les applications exigeantes<\/li>\n<li>Conception optimis\u00e9e pour une performance efficace sous haute pression<\/li>\n<li>Con\u00e7u pour \u00eatre compatible avec une large gamme de syst\u00e8mes<\/li>\n<li>La fabrication de pr\u00e9cision garantit une qualit\u00e9 et des performances constantes<\/li>\n<\/ul>\n<h6><strong>D\u00e9tails du produit<\/strong><\/h6>\n<ul>\n<li>Composition du mat\u00e9riau : Acier inoxydable de haute qualit\u00e9<\/li>\n<li>Plage de temp\u00e9rature de fonctionnement : -40\u00b0F \u00e0 250\u00b0F (-40\u00b0C \u00e0 121\u00b0C)<\/li>\n<li>Pression nominale : Jusqu&#8217;\u00e0 5000 PSI<\/li>\n<li>Type de connexion : Filets NPT<\/li>\n<li>Dimensions disponibles : 1\/4&#8243; \u00e0 2&#8243;<\/li>\n<li>Respect des normes industrielles en mati\u00e8re de s\u00e9curit\u00e9 et de performance<\/li>\n<\/ul>\n","protected":false},"excerpt":{"rendered":"<h4>Lat\u00e9raux \u00e0 soudure non polie &#8211; Dixon offre des performances et une compatibilit\u00e9 robustes pour les syst\u00e8mes de brassage professionnels.<\/h4>\n<ul>\n<li>Durabilit\u00e9 accrue pour les environnements de brassage exigeants<\/li>\n<li>Optimis\u00e9 pour les applications \u00e0 haute pression, il garantit des processus de brassage efficaces.<\/li>\n<li>Con\u00e7ue avec pr\u00e9cision pour s&#8217;int\u00e9grer parfaitement \u00e0 divers syst\u00e8mes de brassage<\/li>\n<\/ul>\n","protected":false},"featured_media":10964,"template":"","meta":{"_acf_changed":false,"inline_featured_image":false},"product_brand":[740],"product_cat":[736,741,765],"product_tag":[],"class_list":{"0":"post-10962","1":"product","2":"type-product","3":"status-publish","4":"has-post-thumbnail","6":"product_brand-dixon","7":"product_cat-distribution","8":"product_cat-materiel","9":"product_cat-raccords-sanitaires","11":"first","12":"instock","13":"taxable","14":"shipping-taxable","15":"purchasable","16":"product-type-variable"},"acf":[],"yoast_head":"<!-- This site is optimized with the Yoast SEO plugin v27.6 - https:\/\/yoast.com\/product\/yoast-seo-wordpress\/ -->\n<title>Lat\u00e9raux \u00e0 souder non polis - Dixon - Pour brasseries professionnelles | Zytho<\/title>\n<meta name=\"description\" content=\"D\u00e9couvrez les lat\u00e9raux \u00e0 soudure non polie de Dixon, con\u00e7us pour les brasseries \u00e0 la recherche de durabilit\u00e9 et d&#039;efficacit\u00e9. L&#039;acier inoxydable de haute qualit\u00e9 assure une performance fiable sous haute pression.\" \/>\n<meta name=\"robots\" content=\"index, follow, max-snippet:-1, max-image-preview:large, max-video-preview:-1\" \/>\n<link rel=\"canonical\" href=\"https:\/\/www.zytho.ca\/fr\/produit\/lateraux-a-souder-non-polis-dixon\/\" \/>\n<meta property=\"og:locale\" content=\"fr_FR\" \/>\n<meta property=\"og:type\" content=\"article\" \/>\n<meta property=\"og:title\" content=\"Lat\u00e9raux \u00e0 souder non polis - Dixon - Pour brasseries professionnelles | Zytho\" \/>\n<meta property=\"og:description\" content=\"D\u00e9couvrez les lat\u00e9raux \u00e0 soudure non polie de Dixon, con\u00e7us pour les brasseries \u00e0 la recherche de durabilit\u00e9 et d&#039;efficacit\u00e9. L&#039;acier inoxydable de haute qualit\u00e9 assure une performance fiable sous haute pression.\" \/>\n<meta property=\"og:url\" content=\"https:\/\/www.zytho.ca\/fr\/produit\/lateraux-a-souder-non-polis-dixon\/\" \/>\n<meta property=\"og:site_name\" content=\"Zytho\" \/>\n<meta property=\"og:image\" content=\"https:\/\/www.zytho.ca\/wp-content\/uploads\/2025\/10\/Unpolished-Weld-Laterals-Dixon.jpg\" \/>\n\t<meta property=\"og:image:width\" content=\"728\" \/>\n\t<meta property=\"og:image:height\" content=\"728\" \/>\n\t<meta property=\"og:image:type\" content=\"image\/jpeg\" \/>\n<meta name=\"twitter:card\" content=\"summary_large_image\" \/>\n<script type=\"application\/ld+json\" class=\"yoast-schema-graph\">{\"@context\":\"https:\\\/\\\/schema.org\",\"@graph\":[{\"@type\":\"WebPage\",\"@id\":\"https:\\\/\\\/www.zytho.ca\\\/fr\\\/produit\\\/lateraux-a-souder-non-polis-dixon\\\/\",\"url\":\"https:\\\/\\\/www.zytho.ca\\\/fr\\\/produit\\\/lateraux-a-souder-non-polis-dixon\\\/\",\"name\":\"Lat\u00e9raux \u00e0 souder non polis - Dixon - Pour brasseries professionnelles | Zytho\",\"isPartOf\":{\"@id\":\"https:\\\/\\\/www.zytho.ca\\\/fr\\\/#website\"},\"primaryImageOfPage\":{\"@id\":\"https:\\\/\\\/www.zytho.ca\\\/fr\\\/produit\\\/lateraux-a-souder-non-polis-dixon\\\/#primaryimage\"},\"image\":{\"@id\":\"https:\\\/\\\/www.zytho.ca\\\/fr\\\/produit\\\/lateraux-a-souder-non-polis-dixon\\\/#primaryimage\"},\"thumbnailUrl\":\"https:\\\/\\\/www.zytho.ca\\\/wp-content\\\/uploads\\\/2025\\\/10\\\/Unpolished-Weld-Laterals-Dixon.jpg\",\"datePublished\":\"2025-10-27T15:51:59+00:00\",\"description\":\"D\u00e9couvrez les lat\u00e9raux \u00e0 soudure non polie de Dixon, con\u00e7us pour les brasseries \u00e0 la recherche de durabilit\u00e9 et d'efficacit\u00e9. L'acier inoxydable de haute qualit\u00e9 assure une performance fiable sous haute pression.\",\"breadcrumb\":{\"@id\":\"https:\\\/\\\/www.zytho.ca\\\/fr\\\/produit\\\/lateraux-a-souder-non-polis-dixon\\\/#breadcrumb\"},\"inLanguage\":\"fr-FR\",\"potentialAction\":[{\"@type\":\"ReadAction\",\"target\":[\"https:\\\/\\\/www.zytho.ca\\\/fr\\\/produit\\\/lateraux-a-souder-non-polis-dixon\\\/\"]}]},{\"@type\":\"ImageObject\",\"inLanguage\":\"fr-FR\",\"@id\":\"https:\\\/\\\/www.zytho.ca\\\/fr\\\/produit\\\/lateraux-a-souder-non-polis-dixon\\\/#primaryimage\",\"url\":\"https:\\\/\\\/www.zytho.ca\\\/wp-content\\\/uploads\\\/2025\\\/10\\\/Unpolished-Weld-Laterals-Dixon.jpg\",\"contentUrl\":\"https:\\\/\\\/www.zytho.ca\\\/wp-content\\\/uploads\\\/2025\\\/10\\\/Unpolished-Weld-Laterals-Dixon.jpg\",\"width\":728,\"height\":728},{\"@type\":\"BreadcrumbList\",\"@id\":\"https:\\\/\\\/www.zytho.ca\\\/fr\\\/produit\\\/lateraux-a-souder-non-polis-dixon\\\/#breadcrumb\",\"itemListElement\":[{\"@type\":\"ListItem\",\"position\":1,\"name\":\"Accueil\",\"item\":\"https:\\\/\\\/www.zytho.ca\\\/fr\\\/\"},{\"@type\":\"ListItem\",\"position\":2,\"name\":\"Shop\",\"item\":\"https:\\\/\\\/www.zytho.ca\\\/fr\\\/shop\\\/\"},{\"@type\":\"ListItem\",\"position\":3,\"name\":\"Lat\u00e9raux \u00e0 souder non polis &#8211; Dixon\"}]},{\"@type\":\"WebSite\",\"@id\":\"https:\\\/\\\/www.zytho.ca\\\/fr\\\/#website\",\"url\":\"https:\\\/\\\/www.zytho.ca\\\/fr\\\/\",\"name\":\"Zytho\",\"description\":\"\",\"publisher\":{\"@id\":\"https:\\\/\\\/www.zytho.ca\\\/fr\\\/#organization\"},\"potentialAction\":[{\"@type\":\"SearchAction\",\"target\":{\"@type\":\"EntryPoint\",\"urlTemplate\":\"https:\\\/\\\/www.zytho.ca\\\/fr\\\/?s={search_term_string}\"},\"query-input\":{\"@type\":\"PropertyValueSpecification\",\"valueRequired\":true,\"valueName\":\"search_term_string\"}}],\"inLanguage\":\"fr-FR\"},{\"@type\":\"Organization\",\"@id\":\"https:\\\/\\\/www.zytho.ca\\\/fr\\\/#organization\",\"name\":\"Zytho\",\"url\":\"https:\\\/\\\/www.zytho.ca\\\/fr\\\/\",\"logo\":{\"@type\":\"ImageObject\",\"inLanguage\":\"fr-FR\",\"@id\":\"https:\\\/\\\/www.zytho.ca\\\/fr\\\/#\\\/schema\\\/logo\\\/image\\\/\",\"url\":\"https:\\\/\\\/www.zytho.ca\\\/wp-content\\\/uploads\\\/2024\\\/05\\\/Zytho_reversed_horizontal.svg\",\"contentUrl\":\"https:\\\/\\\/www.zytho.ca\\\/wp-content\\\/uploads\\\/2024\\\/05\\\/Zytho_reversed_horizontal.svg\",\"width\":1582,\"height\":490,\"caption\":\"Zytho\"},\"image\":{\"@id\":\"https:\\\/\\\/www.zytho.ca\\\/fr\\\/#\\\/schema\\\/logo\\\/image\\\/\"}}]}<\/script>\n<!-- \/ Yoast SEO plugin. -->","yoast_head_json":{"title":"Lat\u00e9raux \u00e0 souder non polis - Dixon - Pour brasseries professionnelles | Zytho","description":"D\u00e9couvrez les lat\u00e9raux \u00e0 soudure non polie de Dixon, con\u00e7us pour les brasseries \u00e0 la recherche de durabilit\u00e9 et d'efficacit\u00e9. L'acier inoxydable de haute qualit\u00e9 assure une performance fiable sous haute pression.","robots":{"index":"index","follow":"follow","max-snippet":"max-snippet:-1","max-image-preview":"max-image-preview:large","max-video-preview":"max-video-preview:-1"},"canonical":"https:\/\/www.zytho.ca\/fr\/produit\/lateraux-a-souder-non-polis-dixon\/","og_locale":"fr_FR","og_type":"article","og_title":"Lat\u00e9raux \u00e0 souder non polis - Dixon - Pour brasseries professionnelles | Zytho","og_description":"D\u00e9couvrez les lat\u00e9raux \u00e0 soudure non polie de Dixon, con\u00e7us pour les brasseries \u00e0 la recherche de durabilit\u00e9 et d'efficacit\u00e9. L'acier inoxydable de haute qualit\u00e9 assure une performance fiable sous haute pression.","og_url":"https:\/\/www.zytho.ca\/fr\/produit\/lateraux-a-souder-non-polis-dixon\/","og_site_name":"Zytho","og_image":[{"width":728,"height":728,"url":"https:\/\/www.zytho.ca\/wp-content\/uploads\/2025\/10\/Unpolished-Weld-Laterals-Dixon.jpg","type":"image\/jpeg"}],"twitter_card":"summary_large_image","schema":{"@context":"https:\/\/schema.org","@graph":[{"@type":"WebPage","@id":"https:\/\/www.zytho.ca\/fr\/produit\/lateraux-a-souder-non-polis-dixon\/","url":"https:\/\/www.zytho.ca\/fr\/produit\/lateraux-a-souder-non-polis-dixon\/","name":"Lat\u00e9raux \u00e0 souder non polis - Dixon - Pour brasseries professionnelles | Zytho","isPartOf":{"@id":"https:\/\/www.zytho.ca\/fr\/#website"},"primaryImageOfPage":{"@id":"https:\/\/www.zytho.ca\/fr\/produit\/lateraux-a-souder-non-polis-dixon\/#primaryimage"},"image":{"@id":"https:\/\/www.zytho.ca\/fr\/produit\/lateraux-a-souder-non-polis-dixon\/#primaryimage"},"thumbnailUrl":"https:\/\/www.zytho.ca\/wp-content\/uploads\/2025\/10\/Unpolished-Weld-Laterals-Dixon.jpg","datePublished":"2025-10-27T15:51:59+00:00","description":"D\u00e9couvrez les lat\u00e9raux \u00e0 soudure non polie de Dixon, con\u00e7us pour les brasseries \u00e0 la recherche de durabilit\u00e9 et d'efficacit\u00e9. L'acier inoxydable de haute qualit\u00e9 assure une performance fiable sous haute pression.","breadcrumb":{"@id":"https:\/\/www.zytho.ca\/fr\/produit\/lateraux-a-souder-non-polis-dixon\/#breadcrumb"},"inLanguage":"fr-FR","potentialAction":[{"@type":"ReadAction","target":["https:\/\/www.zytho.ca\/fr\/produit\/lateraux-a-souder-non-polis-dixon\/"]}]},{"@type":"ImageObject","inLanguage":"fr-FR","@id":"https:\/\/www.zytho.ca\/fr\/produit\/lateraux-a-souder-non-polis-dixon\/#primaryimage","url":"https:\/\/www.zytho.ca\/wp-content\/uploads\/2025\/10\/Unpolished-Weld-Laterals-Dixon.jpg","contentUrl":"https:\/\/www.zytho.ca\/wp-content\/uploads\/2025\/10\/Unpolished-Weld-Laterals-Dixon.jpg","width":728,"height":728},{"@type":"BreadcrumbList","@id":"https:\/\/www.zytho.ca\/fr\/produit\/lateraux-a-souder-non-polis-dixon\/#breadcrumb","itemListElement":[{"@type":"ListItem","position":1,"name":"Accueil","item":"https:\/\/www.zytho.ca\/fr\/"},{"@type":"ListItem","position":2,"name":"Shop","item":"https:\/\/www.zytho.ca\/fr\/shop\/"},{"@type":"ListItem","position":3,"name":"Lat\u00e9raux \u00e0 souder non polis &#8211; Dixon"}]},{"@type":"WebSite","@id":"https:\/\/www.zytho.ca\/fr\/#website","url":"https:\/\/www.zytho.ca\/fr\/","name":"Zytho","description":"","publisher":{"@id":"https:\/\/www.zytho.ca\/fr\/#organization"},"potentialAction":[{"@type":"SearchAction","target":{"@type":"EntryPoint","urlTemplate":"https:\/\/www.zytho.ca\/fr\/?s={search_term_string}"},"query-input":{"@type":"PropertyValueSpecification","valueRequired":true,"valueName":"search_term_string"}}],"inLanguage":"fr-FR"},{"@type":"Organization","@id":"https:\/\/www.zytho.ca\/fr\/#organization","name":"Zytho","url":"https:\/\/www.zytho.ca\/fr\/","logo":{"@type":"ImageObject","inLanguage":"fr-FR","@id":"https:\/\/www.zytho.ca\/fr\/#\/schema\/logo\/image\/","url":"https:\/\/www.zytho.ca\/wp-content\/uploads\/2024\/05\/Zytho_reversed_horizontal.svg","contentUrl":"https:\/\/www.zytho.ca\/wp-content\/uploads\/2024\/05\/Zytho_reversed_horizontal.svg","width":1582,"height":490,"caption":"Zytho"},"image":{"@id":"https:\/\/www.zytho.ca\/fr\/#\/schema\/logo\/image\/"}}]}},"_links":{"self":[{"href":"https:\/\/www.zytho.ca\/fr\/wp-json\/wp\/v2\/product\/10962","targetHints":{"allow":["GET"]}}],"collection":[{"href":"https:\/\/www.zytho.ca\/fr\/wp-json\/wp\/v2\/product"}],"about":[{"href":"https:\/\/www.zytho.ca\/fr\/wp-json\/wp\/v2\/types\/product"}],"wp:featuredmedia":[{"embeddable":true,"href":"https:\/\/www.zytho.ca\/fr\/wp-json\/wp\/v2\/media\/10964"}],"wp:attachment":[{"href":"https:\/\/www.zytho.ca\/fr\/wp-json\/wp\/v2\/media?parent=10962"}],"wp:term":[{"taxonomy":"product_brand","embeddable":true,"href":"https:\/\/www.zytho.ca\/fr\/wp-json\/wp\/v2\/product_brand?post=10962"},{"taxonomy":"product_cat","embeddable":true,"href":"https:\/\/www.zytho.ca\/fr\/wp-json\/wp\/v2\/product_cat?post=10962"},{"taxonomy":"product_tag","embeddable":true,"href":"https:\/\/www.zytho.ca\/fr\/wp-json\/wp\/v2\/product_tag?post=10962"}],"curies":[{"name":"wp","href":"https:\/\/api.w.org\/{rel}","templated":true}]}}