{"id":10892,"date":"2025-10-27T15:52:32","date_gmt":"2025-10-27T15:52:32","guid":{"rendered":"https:\/\/zytho.ca\/product\/b16w-embouts-non-polis-dixon\/"},"modified":"2025-11-07T12:16:35","modified_gmt":"2025-11-07T12:16:35","slug":"b16w-embouts-non-polis-dixon","status":"publish","type":"product","link":"https:\/\/www.zytho.ca\/fr\/produit\/b16w-embouts-non-polis-dixon\/","title":{"rendered":"B16W Embouts non polis &#8211; Dixon"},"content":{"rendered":"<h6><strong>Avantages :<\/strong><\/h6>\n<ul>\n<li>Con\u00e7us pour des performances optimales dans des environnements exigeants, ils garantissent fiabilit\u00e9 et durabilit\u00e9.<\/li>\n<li>Fabriqu\u00e9 avec pr\u00e9cision pour r\u00e9pondre aux normes rigoureuses de l&#8217;industrie, il fournit des r\u00e9sultats coh\u00e9rents et pr\u00e9cis.<\/li>\n<li>Con\u00e7us avec des mat\u00e9riaux avanc\u00e9s pour r\u00e9sister \u00e0 la corrosion et \u00e0 l&#8217;usure, ils prolongent la dur\u00e9e de vie du produit.<\/li>\n<li>Le processus d&#8217;installation rationalis\u00e9 r\u00e9duit les temps d&#8217;arr\u00eat et am\u00e9liore l&#8217;efficacit\u00e9 op\u00e9rationnelle.<\/li>\n<\/ul>\n<h6><strong>D\u00e9tails du produit :<\/strong><\/h6>\n<ul>\n<li><a href=\"https:\/\/www.dixonvalve.com\/sites\/default\/files\/product\/pages\/us\/DPL418%20-%20611.pdf\">DPL418 &#8211; 611<\/a><\/li>\n<\/ul>\n<h6><strong>Sp\u00e9cifications dimensionnelles :<\/strong><\/h6>\n<ul>\n<li><a href=\"https:\/\/www.dixonvalve.com\/sites\/default\/files\/product\/files\/dimensional-specs\/B16W-G100.PDF\">Sp\u00e9cifications dimensionnelles<\/a><\/li>\n<\/ul>\n","protected":false},"excerpt":{"rendered":"<h4>Principaux avantages des bouchons non polis B16W pour les brasseurs professionnels :<\/h4>\n<ul>\n<li>Con\u00e7ue pour des performances optimales dans des environnements de brassage exigeants, elle garantit fiabilit\u00e9 et durabilit\u00e9.<\/li>\n<li>Fabriqu\u00e9 pour r\u00e9pondre aux normes strictes de l&#8217;industrie, il permet d&#8217;obtenir des r\u00e9sultats constants et pr\u00e9cis.<\/li>\n<li>Fabriqu\u00e9 avec des mat\u00e9riaux r\u00e9sistants \u00e0 la corrosion pour am\u00e9liorer la long\u00e9vit\u00e9 et r\u00e9duire les besoins d&#8217;entretien.<\/li>\n<\/ul>\n","protected":false},"featured_media":10893,"template":"","meta":{"_acf_changed":false,"inline_featured_image":false},"product_brand":[740],"product_cat":[736,741,765],"product_tag":[],"class_list":{"0":"post-10892","1":"product","2":"type-product","3":"status-publish","4":"has-post-thumbnail","6":"product_brand-dixon","7":"product_cat-distribution","8":"product_cat-materiel","9":"product_cat-raccords-sanitaires","11":"first","12":"instock","13":"taxable","14":"shipping-taxable","15":"purchasable","16":"product-type-variable"},"acf":[],"yoast_head":"<!-- This site is optimized with the Yoast SEO plugin v27.6 - https:\/\/yoast.com\/product\/yoast-seo-wordpress\/ -->\n<title>B16W Embouts non polis - Dixon - Pour brasseries pro | Zytho<\/title>\n<meta name=\"description\" content=\"D\u00e9couvrez les embouts non polis B16W de Dixon, con\u00e7us pour les brasseurs \u00e0 la recherche de durabilit\u00e9 et de pr\u00e9cision. Facile \u00e0 installer, r\u00e9sistant \u00e0 la corrosion et construit selon les normes de l&#039;industrie.\" \/>\n<meta name=\"robots\" content=\"index, follow, max-snippet:-1, max-image-preview:large, max-video-preview:-1\" \/>\n<link rel=\"canonical\" href=\"https:\/\/www.zytho.ca\/fr\/produit\/b16w-embouts-non-polis-dixon\/\" \/>\n<meta property=\"og:locale\" content=\"fr_FR\" \/>\n<meta property=\"og:type\" content=\"article\" \/>\n<meta property=\"og:title\" content=\"B16W Embouts non polis - Dixon - Pour brasseries pro | Zytho\" \/>\n<meta property=\"og:description\" content=\"D\u00e9couvrez les embouts non polis B16W de Dixon, con\u00e7us pour les brasseurs \u00e0 la recherche de durabilit\u00e9 et de pr\u00e9cision. Facile \u00e0 installer, r\u00e9sistant \u00e0 la corrosion et construit selon les normes de l&#039;industrie.\" \/>\n<meta property=\"og:url\" content=\"https:\/\/www.zytho.ca\/fr\/produit\/b16w-embouts-non-polis-dixon\/\" \/>\n<meta property=\"og:site_name\" content=\"Zytho\" \/>\n<meta property=\"article:modified_time\" content=\"2025-11-07T12:16:35+00:00\" \/>\n<meta property=\"og:image\" content=\"https:\/\/www.zytho.ca\/wp-content\/uploads\/2025\/10\/B16W-Unpolished-End-Caps-Dixon.jpg\" \/>\n\t<meta property=\"og:image:width\" content=\"584\" \/>\n\t<meta property=\"og:image:height\" content=\"584\" \/>\n\t<meta property=\"og:image:type\" content=\"image\/jpeg\" \/>\n<meta name=\"twitter:card\" content=\"summary_large_image\" \/>\n<script type=\"application\/ld+json\" class=\"yoast-schema-graph\">{\"@context\":\"https:\\\/\\\/schema.org\",\"@graph\":[{\"@type\":\"WebPage\",\"@id\":\"https:\\\/\\\/www.zytho.ca\\\/fr\\\/produit\\\/b16w-embouts-non-polis-dixon\\\/\",\"url\":\"https:\\\/\\\/www.zytho.ca\\\/fr\\\/produit\\\/b16w-embouts-non-polis-dixon\\\/\",\"name\":\"B16W Embouts non polis - Dixon - Pour brasseries pro | Zytho\",\"isPartOf\":{\"@id\":\"https:\\\/\\\/www.zytho.ca\\\/fr\\\/#website\"},\"primaryImageOfPage\":{\"@id\":\"https:\\\/\\\/www.zytho.ca\\\/fr\\\/produit\\\/b16w-embouts-non-polis-dixon\\\/#primaryimage\"},\"image\":{\"@id\":\"https:\\\/\\\/www.zytho.ca\\\/fr\\\/produit\\\/b16w-embouts-non-polis-dixon\\\/#primaryimage\"},\"thumbnailUrl\":\"https:\\\/\\\/www.zytho.ca\\\/wp-content\\\/uploads\\\/2025\\\/10\\\/B16W-Unpolished-End-Caps-Dixon.jpg\",\"datePublished\":\"2025-10-27T15:52:32+00:00\",\"dateModified\":\"2025-11-07T12:16:35+00:00\",\"description\":\"D\u00e9couvrez les embouts non polis B16W de Dixon, con\u00e7us pour les brasseurs \u00e0 la recherche de durabilit\u00e9 et de pr\u00e9cision. Facile \u00e0 installer, r\u00e9sistant \u00e0 la corrosion et construit selon les normes de l'industrie.\",\"breadcrumb\":{\"@id\":\"https:\\\/\\\/www.zytho.ca\\\/fr\\\/produit\\\/b16w-embouts-non-polis-dixon\\\/#breadcrumb\"},\"inLanguage\":\"fr-FR\",\"potentialAction\":[{\"@type\":\"ReadAction\",\"target\":[\"https:\\\/\\\/www.zytho.ca\\\/fr\\\/produit\\\/b16w-embouts-non-polis-dixon\\\/\"]}]},{\"@type\":\"ImageObject\",\"inLanguage\":\"fr-FR\",\"@id\":\"https:\\\/\\\/www.zytho.ca\\\/fr\\\/produit\\\/b16w-embouts-non-polis-dixon\\\/#primaryimage\",\"url\":\"https:\\\/\\\/www.zytho.ca\\\/wp-content\\\/uploads\\\/2025\\\/10\\\/B16W-Unpolished-End-Caps-Dixon.jpg\",\"contentUrl\":\"https:\\\/\\\/www.zytho.ca\\\/wp-content\\\/uploads\\\/2025\\\/10\\\/B16W-Unpolished-End-Caps-Dixon.jpg\",\"width\":584,\"height\":584},{\"@type\":\"BreadcrumbList\",\"@id\":\"https:\\\/\\\/www.zytho.ca\\\/fr\\\/produit\\\/b16w-embouts-non-polis-dixon\\\/#breadcrumb\",\"itemListElement\":[{\"@type\":\"ListItem\",\"position\":1,\"name\":\"Accueil\",\"item\":\"https:\\\/\\\/www.zytho.ca\\\/fr\\\/\"},{\"@type\":\"ListItem\",\"position\":2,\"name\":\"Shop\",\"item\":\"https:\\\/\\\/www.zytho.ca\\\/fr\\\/shop\\\/\"},{\"@type\":\"ListItem\",\"position\":3,\"name\":\"B16W Embouts non polis &#8211; Dixon\"}]},{\"@type\":\"WebSite\",\"@id\":\"https:\\\/\\\/www.zytho.ca\\\/fr\\\/#website\",\"url\":\"https:\\\/\\\/www.zytho.ca\\\/fr\\\/\",\"name\":\"Zytho\",\"description\":\"\",\"publisher\":{\"@id\":\"https:\\\/\\\/www.zytho.ca\\\/fr\\\/#organization\"},\"potentialAction\":[{\"@type\":\"SearchAction\",\"target\":{\"@type\":\"EntryPoint\",\"urlTemplate\":\"https:\\\/\\\/www.zytho.ca\\\/fr\\\/?s={search_term_string}\"},\"query-input\":{\"@type\":\"PropertyValueSpecification\",\"valueRequired\":true,\"valueName\":\"search_term_string\"}}],\"inLanguage\":\"fr-FR\"},{\"@type\":\"Organization\",\"@id\":\"https:\\\/\\\/www.zytho.ca\\\/fr\\\/#organization\",\"name\":\"Zytho\",\"url\":\"https:\\\/\\\/www.zytho.ca\\\/fr\\\/\",\"logo\":{\"@type\":\"ImageObject\",\"inLanguage\":\"fr-FR\",\"@id\":\"https:\\\/\\\/www.zytho.ca\\\/fr\\\/#\\\/schema\\\/logo\\\/image\\\/\",\"url\":\"https:\\\/\\\/www.zytho.ca\\\/wp-content\\\/uploads\\\/2024\\\/05\\\/Zytho_reversed_horizontal.svg\",\"contentUrl\":\"https:\\\/\\\/www.zytho.ca\\\/wp-content\\\/uploads\\\/2024\\\/05\\\/Zytho_reversed_horizontal.svg\",\"width\":1582,\"height\":490,\"caption\":\"Zytho\"},\"image\":{\"@id\":\"https:\\\/\\\/www.zytho.ca\\\/fr\\\/#\\\/schema\\\/logo\\\/image\\\/\"}}]}<\/script>\n<!-- \/ Yoast SEO plugin. -->","yoast_head_json":{"title":"B16W Embouts non polis - Dixon - Pour brasseries pro | Zytho","description":"D\u00e9couvrez les embouts non polis B16W de Dixon, con\u00e7us pour les brasseurs \u00e0 la recherche de durabilit\u00e9 et de pr\u00e9cision. Facile \u00e0 installer, r\u00e9sistant \u00e0 la corrosion et construit selon les normes de l'industrie.","robots":{"index":"index","follow":"follow","max-snippet":"max-snippet:-1","max-image-preview":"max-image-preview:large","max-video-preview":"max-video-preview:-1"},"canonical":"https:\/\/www.zytho.ca\/fr\/produit\/b16w-embouts-non-polis-dixon\/","og_locale":"fr_FR","og_type":"article","og_title":"B16W Embouts non polis - Dixon - Pour brasseries pro | Zytho","og_description":"D\u00e9couvrez les embouts non polis B16W de Dixon, con\u00e7us pour les brasseurs \u00e0 la recherche de durabilit\u00e9 et de pr\u00e9cision. Facile \u00e0 installer, r\u00e9sistant \u00e0 la corrosion et construit selon les normes de l'industrie.","og_url":"https:\/\/www.zytho.ca\/fr\/produit\/b16w-embouts-non-polis-dixon\/","og_site_name":"Zytho","article_modified_time":"2025-11-07T12:16:35+00:00","og_image":[{"width":584,"height":584,"url":"https:\/\/www.zytho.ca\/wp-content\/uploads\/2025\/10\/B16W-Unpolished-End-Caps-Dixon.jpg","type":"image\/jpeg"}],"twitter_card":"summary_large_image","schema":{"@context":"https:\/\/schema.org","@graph":[{"@type":"WebPage","@id":"https:\/\/www.zytho.ca\/fr\/produit\/b16w-embouts-non-polis-dixon\/","url":"https:\/\/www.zytho.ca\/fr\/produit\/b16w-embouts-non-polis-dixon\/","name":"B16W Embouts non polis - Dixon - Pour brasseries pro | Zytho","isPartOf":{"@id":"https:\/\/www.zytho.ca\/fr\/#website"},"primaryImageOfPage":{"@id":"https:\/\/www.zytho.ca\/fr\/produit\/b16w-embouts-non-polis-dixon\/#primaryimage"},"image":{"@id":"https:\/\/www.zytho.ca\/fr\/produit\/b16w-embouts-non-polis-dixon\/#primaryimage"},"thumbnailUrl":"https:\/\/www.zytho.ca\/wp-content\/uploads\/2025\/10\/B16W-Unpolished-End-Caps-Dixon.jpg","datePublished":"2025-10-27T15:52:32+00:00","dateModified":"2025-11-07T12:16:35+00:00","description":"D\u00e9couvrez les embouts non polis B16W de Dixon, con\u00e7us pour les brasseurs \u00e0 la recherche de durabilit\u00e9 et de pr\u00e9cision. Facile \u00e0 installer, r\u00e9sistant \u00e0 la corrosion et construit selon les normes de l'industrie.","breadcrumb":{"@id":"https:\/\/www.zytho.ca\/fr\/produit\/b16w-embouts-non-polis-dixon\/#breadcrumb"},"inLanguage":"fr-FR","potentialAction":[{"@type":"ReadAction","target":["https:\/\/www.zytho.ca\/fr\/produit\/b16w-embouts-non-polis-dixon\/"]}]},{"@type":"ImageObject","inLanguage":"fr-FR","@id":"https:\/\/www.zytho.ca\/fr\/produit\/b16w-embouts-non-polis-dixon\/#primaryimage","url":"https:\/\/www.zytho.ca\/wp-content\/uploads\/2025\/10\/B16W-Unpolished-End-Caps-Dixon.jpg","contentUrl":"https:\/\/www.zytho.ca\/wp-content\/uploads\/2025\/10\/B16W-Unpolished-End-Caps-Dixon.jpg","width":584,"height":584},{"@type":"BreadcrumbList","@id":"https:\/\/www.zytho.ca\/fr\/produit\/b16w-embouts-non-polis-dixon\/#breadcrumb","itemListElement":[{"@type":"ListItem","position":1,"name":"Accueil","item":"https:\/\/www.zytho.ca\/fr\/"},{"@type":"ListItem","position":2,"name":"Shop","item":"https:\/\/www.zytho.ca\/fr\/shop\/"},{"@type":"ListItem","position":3,"name":"B16W Embouts non polis &#8211; Dixon"}]},{"@type":"WebSite","@id":"https:\/\/www.zytho.ca\/fr\/#website","url":"https:\/\/www.zytho.ca\/fr\/","name":"Zytho","description":"","publisher":{"@id":"https:\/\/www.zytho.ca\/fr\/#organization"},"potentialAction":[{"@type":"SearchAction","target":{"@type":"EntryPoint","urlTemplate":"https:\/\/www.zytho.ca\/fr\/?s={search_term_string}"},"query-input":{"@type":"PropertyValueSpecification","valueRequired":true,"valueName":"search_term_string"}}],"inLanguage":"fr-FR"},{"@type":"Organization","@id":"https:\/\/www.zytho.ca\/fr\/#organization","name":"Zytho","url":"https:\/\/www.zytho.ca\/fr\/","logo":{"@type":"ImageObject","inLanguage":"fr-FR","@id":"https:\/\/www.zytho.ca\/fr\/#\/schema\/logo\/image\/","url":"https:\/\/www.zytho.ca\/wp-content\/uploads\/2024\/05\/Zytho_reversed_horizontal.svg","contentUrl":"https:\/\/www.zytho.ca\/wp-content\/uploads\/2024\/05\/Zytho_reversed_horizontal.svg","width":1582,"height":490,"caption":"Zytho"},"image":{"@id":"https:\/\/www.zytho.ca\/fr\/#\/schema\/logo\/image\/"}}]}},"_links":{"self":[{"href":"https:\/\/www.zytho.ca\/fr\/wp-json\/wp\/v2\/product\/10892","targetHints":{"allow":["GET"]}}],"collection":[{"href":"https:\/\/www.zytho.ca\/fr\/wp-json\/wp\/v2\/product"}],"about":[{"href":"https:\/\/www.zytho.ca\/fr\/wp-json\/wp\/v2\/types\/product"}],"wp:featuredmedia":[{"embeddable":true,"href":"https:\/\/www.zytho.ca\/fr\/wp-json\/wp\/v2\/media\/10893"}],"wp:attachment":[{"href":"https:\/\/www.zytho.ca\/fr\/wp-json\/wp\/v2\/media?parent=10892"}],"wp:term":[{"taxonomy":"product_brand","embeddable":true,"href":"https:\/\/www.zytho.ca\/fr\/wp-json\/wp\/v2\/product_brand?post=10892"},{"taxonomy":"product_cat","embeddable":true,"href":"https:\/\/www.zytho.ca\/fr\/wp-json\/wp\/v2\/product_cat?post=10892"},{"taxonomy":"product_tag","embeddable":true,"href":"https:\/\/www.zytho.ca\/fr\/wp-json\/wp\/v2\/product_tag?post=10892"}],"curies":[{"name":"wp","href":"https:\/\/api.w.org\/{rel}","templated":true}]}}