{"id":10847,"date":"2025-10-27T15:52:33","date_gmt":"2025-10-27T15:52:33","guid":{"rendered":"https:\/\/zytho.ca\/product\/b2ks-coudes-a-souder-a-45-non-polis-avec-tangentes-dixon\/"},"modified":"2025-10-27T15:52:33","modified_gmt":"2025-10-27T15:52:33","slug":"b2ks-coudes-a-souder-a-45-non-polis-avec-tangentes-dixon","status":"publish","type":"product","link":"https:\/\/www.zytho.ca\/fr\/produit\/b2ks-coudes-a-souder-a-45-non-polis-avec-tangentes-dixon\/","title":{"rendered":"B2KS Coudes \u00e0 souder \u00e0 45\u00b0 non polis avec tangentes &#8211; Dixon"},"content":{"rendered":"<h6><strong>Page de catalogue :<\/strong><\/h6>\n<ul>\n<li><a href=\"https:\/\/www.dixonvalve.com\/sites\/default\/files\/product\/pages\/us\/DPL418%20-%20610.pdf\">DPL418 &#8211; 610<\/a><\/li>\n<\/ul>\n<h6><strong>Avantages :<\/strong><\/h6>\n<ul>\n<li>Con\u00e7us pour des performances optimales dans des environnements exigeants, ils garantissent fiabilit\u00e9 et efficacit\u00e9.<\/li>\n<li>Con\u00e7us avec pr\u00e9cision pour r\u00e9pondre aux normes strictes de l&#8217;industrie, ils offrent une grande tranquillit\u00e9 d&#8217;esprit aux prescripteurs.<\/li>\n<li>Fabriqu\u00e9 avec des mat\u00e9riaux de haute qualit\u00e9 pour am\u00e9liorer la durabilit\u00e9 et prolonger la dur\u00e9e de vie du produit.<\/li>\n<li>Il offre des capacit\u00e9s d&#8217;application polyvalentes, ce qui le rend adapt\u00e9 \u00e0 une large gamme d&#8217;utilisations industrielles.<\/li>\n<\/ul>\n<h6><strong>D\u00e9tails du produit :<\/strong><\/h6>\n<ul>\n<li>Composition du mat\u00e9riau : Alliage de haute qualit\u00e9 pour une solidit\u00e9 et une r\u00e9sistance \u00e0 la corrosion sup\u00e9rieures.<\/li>\n<li>Plage de temp\u00e9rature de fonctionnement : -40\u00b0F \u00e0 250\u00b0F (-40\u00b0C \u00e0 121\u00b0C), adapt\u00e9 aux conditions extr\u00eames.<\/li>\n<li>Pression nominale : Jusqu&#8217;\u00e0 300 PSI, pour les applications \u00e0 haute pression.<\/li>\n<li>Type de connexion : Raccords standardis\u00e9s pour une int\u00e9gration parfaite dans les syst\u00e8mes existants.<\/li>\n<li>Conformit\u00e9 : Conforme \u00e0 toutes les r\u00e9glementations et normes de s\u00e9curit\u00e9 en vigueur dans l&#8217;industrie.<\/li>\n<\/ul>\n","protected":false},"excerpt":{"rendered":"<h4>Principaux avantages des coudes \u00e0 souder \u00e0 45\u00b0 non polis B2KS, avec des tangentes, pour les brasseurs professionnels :<\/h4>\n<ul>\n<li>Con\u00e7ue pour des performances et une fiabilit\u00e9 optimales dans des environnements de brassage exigeants.<\/li>\n<li>Construit en alliage de haute qualit\u00e9 pour une durabilit\u00e9 et une r\u00e9sistance \u00e0 la corrosion exceptionnelles, garantissant une utilisation durable.<\/li>\n<li>Les raccords standardis\u00e9s permettent une int\u00e9gration transparente dans les syst\u00e8mes de brassage existants, am\u00e9liorant ainsi l&#8217;efficacit\u00e9 op\u00e9rationnelle.<\/li>\n<\/ul>\n","protected":false},"featured_media":10853,"template":"","meta":{"_acf_changed":false,"inline_featured_image":false},"product_brand":[740],"product_cat":[736,741,765],"product_tag":[],"class_list":{"0":"post-10847","1":"product","2":"type-product","3":"status-publish","4":"has-post-thumbnail","6":"product_brand-dixon","7":"product_cat-distribution","8":"product_cat-materiel","9":"product_cat-raccords-sanitaires","11":"first","12":"instock","13":"taxable","14":"shipping-taxable","15":"purchasable","16":"product-type-variable"},"acf":[],"yoast_head":"<!-- This site is optimized with the Yoast SEO plugin v27.6 - https:\/\/yoast.com\/product\/yoast-seo-wordpress\/ -->\n<title>B2KS Coudes \u00e0 souder 45\u00b0 non polis avec tangentes - Dixon - Pour brasseries professionnelles | Zytho<\/title>\n<meta name=\"description\" content=\"D\u00e9couvrez les coudes \u00e0 souder \u00e0 45\u00b0 non polis B2KS de Dixon, con\u00e7us pour les brasseurs. Fiables, durables et polyvalents, ils sont parfaits pour les environnements de brassage \u00e0 haute pression.\" \/>\n<meta name=\"robots\" content=\"index, follow, max-snippet:-1, max-image-preview:large, max-video-preview:-1\" \/>\n<link rel=\"canonical\" href=\"https:\/\/www.zytho.ca\/fr\/produit\/b2ks-coudes-a-souder-a-45-non-polis-avec-tangentes-dixon\/\" \/>\n<meta property=\"og:locale\" content=\"fr_FR\" \/>\n<meta property=\"og:type\" content=\"article\" \/>\n<meta property=\"og:title\" content=\"B2KS Coudes \u00e0 souder 45\u00b0 non polis avec tangentes - Dixon - Pour brasseries professionnelles | Zytho\" \/>\n<meta property=\"og:description\" content=\"D\u00e9couvrez les coudes \u00e0 souder \u00e0 45\u00b0 non polis B2KS de Dixon, con\u00e7us pour les brasseurs. Fiables, durables et polyvalents, ils sont parfaits pour les environnements de brassage \u00e0 haute pression.\" \/>\n<meta property=\"og:url\" content=\"https:\/\/www.zytho.ca\/fr\/produit\/b2ks-coudes-a-souder-a-45-non-polis-avec-tangentes-dixon\/\" \/>\n<meta property=\"og:site_name\" content=\"Zytho\" \/>\n<meta property=\"og:image\" content=\"https:\/\/www.zytho.ca\/wp-content\/uploads\/2025\/10\/B2KS-Unpolished-45deg-Weld-Elbows-with-Tangents-Dixon.jpg\" \/>\n\t<meta property=\"og:image:width\" content=\"614\" \/>\n\t<meta property=\"og:image:height\" content=\"614\" \/>\n\t<meta property=\"og:image:type\" content=\"image\/jpeg\" \/>\n<meta name=\"twitter:card\" content=\"summary_large_image\" \/>\n<meta name=\"twitter:label1\" content=\"Dur\u00e9e de lecture estim\u00e9e\" \/>\n\t<meta name=\"twitter:data1\" content=\"1 minute\" \/>\n<script type=\"application\/ld+json\" class=\"yoast-schema-graph\">{\"@context\":\"https:\\\/\\\/schema.org\",\"@graph\":[{\"@type\":\"WebPage\",\"@id\":\"https:\\\/\\\/www.zytho.ca\\\/fr\\\/produit\\\/b2ks-coudes-a-souder-a-45-non-polis-avec-tangentes-dixon\\\/\",\"url\":\"https:\\\/\\\/www.zytho.ca\\\/fr\\\/produit\\\/b2ks-coudes-a-souder-a-45-non-polis-avec-tangentes-dixon\\\/\",\"name\":\"B2KS Coudes \u00e0 souder 45\u00b0 non polis avec tangentes - Dixon - Pour brasseries professionnelles | Zytho\",\"isPartOf\":{\"@id\":\"https:\\\/\\\/www.zytho.ca\\\/fr\\\/#website\"},\"primaryImageOfPage\":{\"@id\":\"https:\\\/\\\/www.zytho.ca\\\/fr\\\/produit\\\/b2ks-coudes-a-souder-a-45-non-polis-avec-tangentes-dixon\\\/#primaryimage\"},\"image\":{\"@id\":\"https:\\\/\\\/www.zytho.ca\\\/fr\\\/produit\\\/b2ks-coudes-a-souder-a-45-non-polis-avec-tangentes-dixon\\\/#primaryimage\"},\"thumbnailUrl\":\"https:\\\/\\\/www.zytho.ca\\\/wp-content\\\/uploads\\\/2025\\\/10\\\/B2KS-Unpolished-45deg-Weld-Elbows-with-Tangents-Dixon.jpg\",\"datePublished\":\"2025-10-27T15:52:33+00:00\",\"description\":\"D\u00e9couvrez les coudes \u00e0 souder \u00e0 45\u00b0 non polis B2KS de Dixon, con\u00e7us pour les brasseurs. Fiables, durables et polyvalents, ils sont parfaits pour les environnements de brassage \u00e0 haute pression.\",\"breadcrumb\":{\"@id\":\"https:\\\/\\\/www.zytho.ca\\\/fr\\\/produit\\\/b2ks-coudes-a-souder-a-45-non-polis-avec-tangentes-dixon\\\/#breadcrumb\"},\"inLanguage\":\"fr-FR\",\"potentialAction\":[{\"@type\":\"ReadAction\",\"target\":[\"https:\\\/\\\/www.zytho.ca\\\/fr\\\/produit\\\/b2ks-coudes-a-souder-a-45-non-polis-avec-tangentes-dixon\\\/\"]}]},{\"@type\":\"ImageObject\",\"inLanguage\":\"fr-FR\",\"@id\":\"https:\\\/\\\/www.zytho.ca\\\/fr\\\/produit\\\/b2ks-coudes-a-souder-a-45-non-polis-avec-tangentes-dixon\\\/#primaryimage\",\"url\":\"https:\\\/\\\/www.zytho.ca\\\/wp-content\\\/uploads\\\/2025\\\/10\\\/B2KS-Unpolished-45deg-Weld-Elbows-with-Tangents-Dixon.jpg\",\"contentUrl\":\"https:\\\/\\\/www.zytho.ca\\\/wp-content\\\/uploads\\\/2025\\\/10\\\/B2KS-Unpolished-45deg-Weld-Elbows-with-Tangents-Dixon.jpg\",\"width\":614,\"height\":614},{\"@type\":\"BreadcrumbList\",\"@id\":\"https:\\\/\\\/www.zytho.ca\\\/fr\\\/produit\\\/b2ks-coudes-a-souder-a-45-non-polis-avec-tangentes-dixon\\\/#breadcrumb\",\"itemListElement\":[{\"@type\":\"ListItem\",\"position\":1,\"name\":\"Accueil\",\"item\":\"https:\\\/\\\/www.zytho.ca\\\/fr\\\/\"},{\"@type\":\"ListItem\",\"position\":2,\"name\":\"Shop\",\"item\":\"https:\\\/\\\/www.zytho.ca\\\/fr\\\/shop\\\/\"},{\"@type\":\"ListItem\",\"position\":3,\"name\":\"B2KS Coudes \u00e0 souder \u00e0 45\u00b0 non polis avec tangentes &#8211; Dixon\"}]},{\"@type\":\"WebSite\",\"@id\":\"https:\\\/\\\/www.zytho.ca\\\/fr\\\/#website\",\"url\":\"https:\\\/\\\/www.zytho.ca\\\/fr\\\/\",\"name\":\"Zytho\",\"description\":\"\",\"publisher\":{\"@id\":\"https:\\\/\\\/www.zytho.ca\\\/fr\\\/#organization\"},\"potentialAction\":[{\"@type\":\"SearchAction\",\"target\":{\"@type\":\"EntryPoint\",\"urlTemplate\":\"https:\\\/\\\/www.zytho.ca\\\/fr\\\/?s={search_term_string}\"},\"query-input\":{\"@type\":\"PropertyValueSpecification\",\"valueRequired\":true,\"valueName\":\"search_term_string\"}}],\"inLanguage\":\"fr-FR\"},{\"@type\":\"Organization\",\"@id\":\"https:\\\/\\\/www.zytho.ca\\\/fr\\\/#organization\",\"name\":\"Zytho\",\"url\":\"https:\\\/\\\/www.zytho.ca\\\/fr\\\/\",\"logo\":{\"@type\":\"ImageObject\",\"inLanguage\":\"fr-FR\",\"@id\":\"https:\\\/\\\/www.zytho.ca\\\/fr\\\/#\\\/schema\\\/logo\\\/image\\\/\",\"url\":\"https:\\\/\\\/www.zytho.ca\\\/wp-content\\\/uploads\\\/2024\\\/05\\\/Zytho_reversed_horizontal.svg\",\"contentUrl\":\"https:\\\/\\\/www.zytho.ca\\\/wp-content\\\/uploads\\\/2024\\\/05\\\/Zytho_reversed_horizontal.svg\",\"width\":1582,\"height\":490,\"caption\":\"Zytho\"},\"image\":{\"@id\":\"https:\\\/\\\/www.zytho.ca\\\/fr\\\/#\\\/schema\\\/logo\\\/image\\\/\"}}]}<\/script>\n<!-- \/ Yoast SEO plugin. -->","yoast_head_json":{"title":"B2KS Coudes \u00e0 souder 45\u00b0 non polis avec tangentes - Dixon - Pour brasseries professionnelles | Zytho","description":"D\u00e9couvrez les coudes \u00e0 souder \u00e0 45\u00b0 non polis B2KS de Dixon, con\u00e7us pour les brasseurs. Fiables, durables et polyvalents, ils sont parfaits pour les environnements de brassage \u00e0 haute pression.","robots":{"index":"index","follow":"follow","max-snippet":"max-snippet:-1","max-image-preview":"max-image-preview:large","max-video-preview":"max-video-preview:-1"},"canonical":"https:\/\/www.zytho.ca\/fr\/produit\/b2ks-coudes-a-souder-a-45-non-polis-avec-tangentes-dixon\/","og_locale":"fr_FR","og_type":"article","og_title":"B2KS Coudes \u00e0 souder 45\u00b0 non polis avec tangentes - Dixon - Pour brasseries professionnelles | Zytho","og_description":"D\u00e9couvrez les coudes \u00e0 souder \u00e0 45\u00b0 non polis B2KS de Dixon, con\u00e7us pour les brasseurs. Fiables, durables et polyvalents, ils sont parfaits pour les environnements de brassage \u00e0 haute pression.","og_url":"https:\/\/www.zytho.ca\/fr\/produit\/b2ks-coudes-a-souder-a-45-non-polis-avec-tangentes-dixon\/","og_site_name":"Zytho","og_image":[{"width":614,"height":614,"url":"https:\/\/www.zytho.ca\/wp-content\/uploads\/2025\/10\/B2KS-Unpolished-45deg-Weld-Elbows-with-Tangents-Dixon.jpg","type":"image\/jpeg"}],"twitter_card":"summary_large_image","twitter_misc":{"Dur\u00e9e de lecture estim\u00e9e":"1 minute"},"schema":{"@context":"https:\/\/schema.org","@graph":[{"@type":"WebPage","@id":"https:\/\/www.zytho.ca\/fr\/produit\/b2ks-coudes-a-souder-a-45-non-polis-avec-tangentes-dixon\/","url":"https:\/\/www.zytho.ca\/fr\/produit\/b2ks-coudes-a-souder-a-45-non-polis-avec-tangentes-dixon\/","name":"B2KS Coudes \u00e0 souder 45\u00b0 non polis avec tangentes - Dixon - Pour brasseries professionnelles | Zytho","isPartOf":{"@id":"https:\/\/www.zytho.ca\/fr\/#website"},"primaryImageOfPage":{"@id":"https:\/\/www.zytho.ca\/fr\/produit\/b2ks-coudes-a-souder-a-45-non-polis-avec-tangentes-dixon\/#primaryimage"},"image":{"@id":"https:\/\/www.zytho.ca\/fr\/produit\/b2ks-coudes-a-souder-a-45-non-polis-avec-tangentes-dixon\/#primaryimage"},"thumbnailUrl":"https:\/\/www.zytho.ca\/wp-content\/uploads\/2025\/10\/B2KS-Unpolished-45deg-Weld-Elbows-with-Tangents-Dixon.jpg","datePublished":"2025-10-27T15:52:33+00:00","description":"D\u00e9couvrez les coudes \u00e0 souder \u00e0 45\u00b0 non polis B2KS de Dixon, con\u00e7us pour les brasseurs. Fiables, durables et polyvalents, ils sont parfaits pour les environnements de brassage \u00e0 haute pression.","breadcrumb":{"@id":"https:\/\/www.zytho.ca\/fr\/produit\/b2ks-coudes-a-souder-a-45-non-polis-avec-tangentes-dixon\/#breadcrumb"},"inLanguage":"fr-FR","potentialAction":[{"@type":"ReadAction","target":["https:\/\/www.zytho.ca\/fr\/produit\/b2ks-coudes-a-souder-a-45-non-polis-avec-tangentes-dixon\/"]}]},{"@type":"ImageObject","inLanguage":"fr-FR","@id":"https:\/\/www.zytho.ca\/fr\/produit\/b2ks-coudes-a-souder-a-45-non-polis-avec-tangentes-dixon\/#primaryimage","url":"https:\/\/www.zytho.ca\/wp-content\/uploads\/2025\/10\/B2KS-Unpolished-45deg-Weld-Elbows-with-Tangents-Dixon.jpg","contentUrl":"https:\/\/www.zytho.ca\/wp-content\/uploads\/2025\/10\/B2KS-Unpolished-45deg-Weld-Elbows-with-Tangents-Dixon.jpg","width":614,"height":614},{"@type":"BreadcrumbList","@id":"https:\/\/www.zytho.ca\/fr\/produit\/b2ks-coudes-a-souder-a-45-non-polis-avec-tangentes-dixon\/#breadcrumb","itemListElement":[{"@type":"ListItem","position":1,"name":"Accueil","item":"https:\/\/www.zytho.ca\/fr\/"},{"@type":"ListItem","position":2,"name":"Shop","item":"https:\/\/www.zytho.ca\/fr\/shop\/"},{"@type":"ListItem","position":3,"name":"B2KS Coudes \u00e0 souder \u00e0 45\u00b0 non polis avec tangentes &#8211; Dixon"}]},{"@type":"WebSite","@id":"https:\/\/www.zytho.ca\/fr\/#website","url":"https:\/\/www.zytho.ca\/fr\/","name":"Zytho","description":"","publisher":{"@id":"https:\/\/www.zytho.ca\/fr\/#organization"},"potentialAction":[{"@type":"SearchAction","target":{"@type":"EntryPoint","urlTemplate":"https:\/\/www.zytho.ca\/fr\/?s={search_term_string}"},"query-input":{"@type":"PropertyValueSpecification","valueRequired":true,"valueName":"search_term_string"}}],"inLanguage":"fr-FR"},{"@type":"Organization","@id":"https:\/\/www.zytho.ca\/fr\/#organization","name":"Zytho","url":"https:\/\/www.zytho.ca\/fr\/","logo":{"@type":"ImageObject","inLanguage":"fr-FR","@id":"https:\/\/www.zytho.ca\/fr\/#\/schema\/logo\/image\/","url":"https:\/\/www.zytho.ca\/wp-content\/uploads\/2024\/05\/Zytho_reversed_horizontal.svg","contentUrl":"https:\/\/www.zytho.ca\/wp-content\/uploads\/2024\/05\/Zytho_reversed_horizontal.svg","width":1582,"height":490,"caption":"Zytho"},"image":{"@id":"https:\/\/www.zytho.ca\/fr\/#\/schema\/logo\/image\/"}}]}},"_links":{"self":[{"href":"https:\/\/www.zytho.ca\/fr\/wp-json\/wp\/v2\/product\/10847","targetHints":{"allow":["GET"]}}],"collection":[{"href":"https:\/\/www.zytho.ca\/fr\/wp-json\/wp\/v2\/product"}],"about":[{"href":"https:\/\/www.zytho.ca\/fr\/wp-json\/wp\/v2\/types\/product"}],"wp:featuredmedia":[{"embeddable":true,"href":"https:\/\/www.zytho.ca\/fr\/wp-json\/wp\/v2\/media\/10853"}],"wp:attachment":[{"href":"https:\/\/www.zytho.ca\/fr\/wp-json\/wp\/v2\/media?parent=10847"}],"wp:term":[{"taxonomy":"product_brand","embeddable":true,"href":"https:\/\/www.zytho.ca\/fr\/wp-json\/wp\/v2\/product_brand?post=10847"},{"taxonomy":"product_cat","embeddable":true,"href":"https:\/\/www.zytho.ca\/fr\/wp-json\/wp\/v2\/product_cat?post=10847"},{"taxonomy":"product_tag","embeddable":true,"href":"https:\/\/www.zytho.ca\/fr\/wp-json\/wp\/v2\/product_tag?post=10847"}],"curies":[{"name":"wp","href":"https:\/\/api.w.org\/{rel}","templated":true}]}}