{"id":10846,"date":"2025-10-27T15:52:09","date_gmt":"2025-10-27T15:52:09","guid":{"rendered":"https:\/\/zytho.ca\/product\/tes-a-souder-reducteurs-non-polis-b7rwww-dixon\/"},"modified":"2025-10-27T15:52:09","modified_gmt":"2025-10-27T15:52:09","slug":"tes-a-souder-reducteurs-non-polis-b7rwww-dixon","status":"publish","type":"product","link":"https:\/\/www.zytho.ca\/fr\/produit\/tes-a-souder-reducteurs-non-polis-b7rwww-dixon\/","title":{"rendered":"T\u00e9s \u00e0 souder r\u00e9ducteurs non polis B7RWWW &#8211; Dixon"},"content":{"rendered":"<h6><strong>Page de catalogue :<\/strong><\/h6>\n<ul>\n<li><a href=\"https:\/\/www.dixonvalve.com\/sites\/default\/files\/product\/pages\/us\/DPL418%20-%20612.pdf\">DPL418 &#8211; 612<\/a><\/li>\n<\/ul>\n<h6><strong>Avantages :<\/strong><\/h6>\n<ul>\n<li>Durabilit\u00e9 et fiabilit\u00e9 accrues pour les applications exigeantes.<\/li>\n<li>Conception optimis\u00e9e pour des performances sup\u00e9rieures dans les environnements r\u00e9glement\u00e9s.<\/li>\n<li>Con\u00e7u pour une int\u00e9gration parfaite avec les syst\u00e8mes existants.<\/li>\n<\/ul>\n<h6><strong>D\u00e9tails du produit :<\/strong><\/h6>\n<ul>\n<li>Fabriqu\u00e9 \u00e0 partir de mat\u00e9riaux de haute qualit\u00e9 pour garantir la long\u00e9vit\u00e9.<\/li>\n<li>Composants con\u00e7us avec pr\u00e9cision pour un ajustement et un fonctionnement exacts.<\/li>\n<li>Conforme aux normes industrielles en mati\u00e8re de s\u00e9curit\u00e9 et d&#8217;efficacit\u00e9.<\/li>\n<li>Disponible en plusieurs configurations pour r\u00e9pondre \u00e0 des besoins sp\u00e9cifiques.<\/li>\n<li>Con\u00e7u pour minimiser les temps de maintenance et d&#8217;immobilisation.<\/li>\n<\/ul>\n","protected":false},"excerpt":{"rendered":"<h4>Principaux avantages des t\u00e9s \u00e0 souder de r\u00e9duction non polis B7RWWW pour les brasseurs professionnels :<\/h4>\n<ul>\n<li>Garantit la durabilit\u00e9 et la fiabilit\u00e9 dans les environnements de brassage exigeants.<\/li>\n<li>Conception optimis\u00e9e pour une int\u00e9gration transparente et des performances exceptionnelles.<\/li>\n<li>Fabriqu\u00e9 avec pr\u00e9cision pour un ajustement exact, r\u00e9duisant la maintenance et les temps d&#8217;arr\u00eat.<\/li>\n<\/ul>\n","protected":false},"featured_media":10848,"template":"","meta":{"_acf_changed":false,"inline_featured_image":false},"product_brand":[740],"product_cat":[736,741,765],"product_tag":[],"class_list":{"0":"post-10846","1":"product","2":"type-product","3":"status-publish","4":"has-post-thumbnail","6":"product_brand-dixon","7":"product_cat-distribution","8":"product_cat-materiel","9":"product_cat-raccords-sanitaires","11":"first","12":"instock","13":"taxable","14":"shipping-taxable","15":"purchasable","16":"product-type-variable"},"acf":[],"yoast_head":"<!-- This site is optimized with the Yoast SEO plugin v27.6 - https:\/\/yoast.com\/product\/yoast-seo-wordpress\/ -->\n<title>B7RWWW T\u00e9s \u00e0 souder r\u00e9ducteurs non polis - Dixon - Pour brasseries professionnelles | Zytho<\/title>\n<meta name=\"description\" content=\"D\u00e9couvrez les t\u00e9s \u00e0 souder non polis B7RWWW de Dixon, con\u00e7us pour les brasseries \u00e0 la recherche de durabilit\u00e9, de pr\u00e9cision et d&#039;une int\u00e9gration parfaite du syst\u00e8me. Am\u00e9liorez vos performances sans effort.\" \/>\n<meta name=\"robots\" content=\"index, follow, max-snippet:-1, max-image-preview:large, max-video-preview:-1\" \/>\n<link rel=\"canonical\" href=\"https:\/\/www.zytho.ca\/fr\/produit\/tes-a-souder-reducteurs-non-polis-b7rwww-dixon\/\" \/>\n<meta property=\"og:locale\" content=\"fr_FR\" \/>\n<meta property=\"og:type\" content=\"article\" \/>\n<meta property=\"og:title\" content=\"B7RWWW T\u00e9s \u00e0 souder r\u00e9ducteurs non polis - Dixon - Pour brasseries professionnelles | Zytho\" \/>\n<meta property=\"og:description\" content=\"D\u00e9couvrez les t\u00e9s \u00e0 souder non polis B7RWWW de Dixon, con\u00e7us pour les brasseries \u00e0 la recherche de durabilit\u00e9, de pr\u00e9cision et d&#039;une int\u00e9gration parfaite du syst\u00e8me. Am\u00e9liorez vos performances sans effort.\" \/>\n<meta property=\"og:url\" content=\"https:\/\/www.zytho.ca\/fr\/produit\/tes-a-souder-reducteurs-non-polis-b7rwww-dixon\/\" \/>\n<meta property=\"og:site_name\" content=\"Zytho\" \/>\n<meta property=\"og:image\" content=\"https:\/\/www.zytho.ca\/wp-content\/uploads\/2025\/10\/B7RWWW-Unpolished-Reducing-Weld-Tees-Dixon.jpg\" \/>\n\t<meta property=\"og:image:width\" content=\"768\" \/>\n\t<meta property=\"og:image:height\" content=\"768\" \/>\n\t<meta property=\"og:image:type\" content=\"image\/jpeg\" \/>\n<meta name=\"twitter:card\" content=\"summary_large_image\" \/>\n<meta name=\"twitter:label1\" content=\"Dur\u00e9e de lecture estim\u00e9e\" \/>\n\t<meta name=\"twitter:data1\" content=\"1 minute\" \/>\n<script type=\"application\/ld+json\" class=\"yoast-schema-graph\">{\"@context\":\"https:\\\/\\\/schema.org\",\"@graph\":[{\"@type\":\"WebPage\",\"@id\":\"https:\\\/\\\/www.zytho.ca\\\/fr\\\/produit\\\/tes-a-souder-reducteurs-non-polis-b7rwww-dixon\\\/\",\"url\":\"https:\\\/\\\/www.zytho.ca\\\/fr\\\/produit\\\/tes-a-souder-reducteurs-non-polis-b7rwww-dixon\\\/\",\"name\":\"B7RWWW T\u00e9s \u00e0 souder r\u00e9ducteurs non polis - Dixon - Pour brasseries professionnelles | Zytho\",\"isPartOf\":{\"@id\":\"https:\\\/\\\/www.zytho.ca\\\/fr\\\/#website\"},\"primaryImageOfPage\":{\"@id\":\"https:\\\/\\\/www.zytho.ca\\\/fr\\\/produit\\\/tes-a-souder-reducteurs-non-polis-b7rwww-dixon\\\/#primaryimage\"},\"image\":{\"@id\":\"https:\\\/\\\/www.zytho.ca\\\/fr\\\/produit\\\/tes-a-souder-reducteurs-non-polis-b7rwww-dixon\\\/#primaryimage\"},\"thumbnailUrl\":\"https:\\\/\\\/www.zytho.ca\\\/wp-content\\\/uploads\\\/2025\\\/10\\\/B7RWWW-Unpolished-Reducing-Weld-Tees-Dixon.jpg\",\"datePublished\":\"2025-10-27T15:52:09+00:00\",\"description\":\"D\u00e9couvrez les t\u00e9s \u00e0 souder non polis B7RWWW de Dixon, con\u00e7us pour les brasseries \u00e0 la recherche de durabilit\u00e9, de pr\u00e9cision et d'une int\u00e9gration parfaite du syst\u00e8me. Am\u00e9liorez vos performances sans effort.\",\"breadcrumb\":{\"@id\":\"https:\\\/\\\/www.zytho.ca\\\/fr\\\/produit\\\/tes-a-souder-reducteurs-non-polis-b7rwww-dixon\\\/#breadcrumb\"},\"inLanguage\":\"fr-FR\",\"potentialAction\":[{\"@type\":\"ReadAction\",\"target\":[\"https:\\\/\\\/www.zytho.ca\\\/fr\\\/produit\\\/tes-a-souder-reducteurs-non-polis-b7rwww-dixon\\\/\"]}]},{\"@type\":\"ImageObject\",\"inLanguage\":\"fr-FR\",\"@id\":\"https:\\\/\\\/www.zytho.ca\\\/fr\\\/produit\\\/tes-a-souder-reducteurs-non-polis-b7rwww-dixon\\\/#primaryimage\",\"url\":\"https:\\\/\\\/www.zytho.ca\\\/wp-content\\\/uploads\\\/2025\\\/10\\\/B7RWWW-Unpolished-Reducing-Weld-Tees-Dixon.jpg\",\"contentUrl\":\"https:\\\/\\\/www.zytho.ca\\\/wp-content\\\/uploads\\\/2025\\\/10\\\/B7RWWW-Unpolished-Reducing-Weld-Tees-Dixon.jpg\",\"width\":768,\"height\":768},{\"@type\":\"BreadcrumbList\",\"@id\":\"https:\\\/\\\/www.zytho.ca\\\/fr\\\/produit\\\/tes-a-souder-reducteurs-non-polis-b7rwww-dixon\\\/#breadcrumb\",\"itemListElement\":[{\"@type\":\"ListItem\",\"position\":1,\"name\":\"Accueil\",\"item\":\"https:\\\/\\\/www.zytho.ca\\\/fr\\\/\"},{\"@type\":\"ListItem\",\"position\":2,\"name\":\"Shop\",\"item\":\"https:\\\/\\\/www.zytho.ca\\\/fr\\\/shop\\\/\"},{\"@type\":\"ListItem\",\"position\":3,\"name\":\"T\u00e9s \u00e0 souder r\u00e9ducteurs non polis B7RWWW &#8211; Dixon\"}]},{\"@type\":\"WebSite\",\"@id\":\"https:\\\/\\\/www.zytho.ca\\\/fr\\\/#website\",\"url\":\"https:\\\/\\\/www.zytho.ca\\\/fr\\\/\",\"name\":\"Zytho\",\"description\":\"\",\"publisher\":{\"@id\":\"https:\\\/\\\/www.zytho.ca\\\/fr\\\/#organization\"},\"potentialAction\":[{\"@type\":\"SearchAction\",\"target\":{\"@type\":\"EntryPoint\",\"urlTemplate\":\"https:\\\/\\\/www.zytho.ca\\\/fr\\\/?s={search_term_string}\"},\"query-input\":{\"@type\":\"PropertyValueSpecification\",\"valueRequired\":true,\"valueName\":\"search_term_string\"}}],\"inLanguage\":\"fr-FR\"},{\"@type\":\"Organization\",\"@id\":\"https:\\\/\\\/www.zytho.ca\\\/fr\\\/#organization\",\"name\":\"Zytho\",\"url\":\"https:\\\/\\\/www.zytho.ca\\\/fr\\\/\",\"logo\":{\"@type\":\"ImageObject\",\"inLanguage\":\"fr-FR\",\"@id\":\"https:\\\/\\\/www.zytho.ca\\\/fr\\\/#\\\/schema\\\/logo\\\/image\\\/\",\"url\":\"https:\\\/\\\/www.zytho.ca\\\/wp-content\\\/uploads\\\/2024\\\/05\\\/Zytho_reversed_horizontal.svg\",\"contentUrl\":\"https:\\\/\\\/www.zytho.ca\\\/wp-content\\\/uploads\\\/2024\\\/05\\\/Zytho_reversed_horizontal.svg\",\"width\":1582,\"height\":490,\"caption\":\"Zytho\"},\"image\":{\"@id\":\"https:\\\/\\\/www.zytho.ca\\\/fr\\\/#\\\/schema\\\/logo\\\/image\\\/\"}}]}<\/script>\n<!-- \/ Yoast SEO plugin. -->","yoast_head_json":{"title":"B7RWWW T\u00e9s \u00e0 souder r\u00e9ducteurs non polis - Dixon - Pour brasseries professionnelles | Zytho","description":"D\u00e9couvrez les t\u00e9s \u00e0 souder non polis B7RWWW de Dixon, con\u00e7us pour les brasseries \u00e0 la recherche de durabilit\u00e9, de pr\u00e9cision et d'une int\u00e9gration parfaite du syst\u00e8me. Am\u00e9liorez vos performances sans effort.","robots":{"index":"index","follow":"follow","max-snippet":"max-snippet:-1","max-image-preview":"max-image-preview:large","max-video-preview":"max-video-preview:-1"},"canonical":"https:\/\/www.zytho.ca\/fr\/produit\/tes-a-souder-reducteurs-non-polis-b7rwww-dixon\/","og_locale":"fr_FR","og_type":"article","og_title":"B7RWWW T\u00e9s \u00e0 souder r\u00e9ducteurs non polis - Dixon - Pour brasseries professionnelles | Zytho","og_description":"D\u00e9couvrez les t\u00e9s \u00e0 souder non polis B7RWWW de Dixon, con\u00e7us pour les brasseries \u00e0 la recherche de durabilit\u00e9, de pr\u00e9cision et d'une int\u00e9gration parfaite du syst\u00e8me. Am\u00e9liorez vos performances sans effort.","og_url":"https:\/\/www.zytho.ca\/fr\/produit\/tes-a-souder-reducteurs-non-polis-b7rwww-dixon\/","og_site_name":"Zytho","og_image":[{"width":768,"height":768,"url":"https:\/\/www.zytho.ca\/wp-content\/uploads\/2025\/10\/B7RWWW-Unpolished-Reducing-Weld-Tees-Dixon.jpg","type":"image\/jpeg"}],"twitter_card":"summary_large_image","twitter_misc":{"Dur\u00e9e de lecture estim\u00e9e":"1 minute"},"schema":{"@context":"https:\/\/schema.org","@graph":[{"@type":"WebPage","@id":"https:\/\/www.zytho.ca\/fr\/produit\/tes-a-souder-reducteurs-non-polis-b7rwww-dixon\/","url":"https:\/\/www.zytho.ca\/fr\/produit\/tes-a-souder-reducteurs-non-polis-b7rwww-dixon\/","name":"B7RWWW T\u00e9s \u00e0 souder r\u00e9ducteurs non polis - Dixon - Pour brasseries professionnelles | Zytho","isPartOf":{"@id":"https:\/\/www.zytho.ca\/fr\/#website"},"primaryImageOfPage":{"@id":"https:\/\/www.zytho.ca\/fr\/produit\/tes-a-souder-reducteurs-non-polis-b7rwww-dixon\/#primaryimage"},"image":{"@id":"https:\/\/www.zytho.ca\/fr\/produit\/tes-a-souder-reducteurs-non-polis-b7rwww-dixon\/#primaryimage"},"thumbnailUrl":"https:\/\/www.zytho.ca\/wp-content\/uploads\/2025\/10\/B7RWWW-Unpolished-Reducing-Weld-Tees-Dixon.jpg","datePublished":"2025-10-27T15:52:09+00:00","description":"D\u00e9couvrez les t\u00e9s \u00e0 souder non polis B7RWWW de Dixon, con\u00e7us pour les brasseries \u00e0 la recherche de durabilit\u00e9, de pr\u00e9cision et d'une int\u00e9gration parfaite du syst\u00e8me. Am\u00e9liorez vos performances sans effort.","breadcrumb":{"@id":"https:\/\/www.zytho.ca\/fr\/produit\/tes-a-souder-reducteurs-non-polis-b7rwww-dixon\/#breadcrumb"},"inLanguage":"fr-FR","potentialAction":[{"@type":"ReadAction","target":["https:\/\/www.zytho.ca\/fr\/produit\/tes-a-souder-reducteurs-non-polis-b7rwww-dixon\/"]}]},{"@type":"ImageObject","inLanguage":"fr-FR","@id":"https:\/\/www.zytho.ca\/fr\/produit\/tes-a-souder-reducteurs-non-polis-b7rwww-dixon\/#primaryimage","url":"https:\/\/www.zytho.ca\/wp-content\/uploads\/2025\/10\/B7RWWW-Unpolished-Reducing-Weld-Tees-Dixon.jpg","contentUrl":"https:\/\/www.zytho.ca\/wp-content\/uploads\/2025\/10\/B7RWWW-Unpolished-Reducing-Weld-Tees-Dixon.jpg","width":768,"height":768},{"@type":"BreadcrumbList","@id":"https:\/\/www.zytho.ca\/fr\/produit\/tes-a-souder-reducteurs-non-polis-b7rwww-dixon\/#breadcrumb","itemListElement":[{"@type":"ListItem","position":1,"name":"Accueil","item":"https:\/\/www.zytho.ca\/fr\/"},{"@type":"ListItem","position":2,"name":"Shop","item":"https:\/\/www.zytho.ca\/fr\/shop\/"},{"@type":"ListItem","position":3,"name":"T\u00e9s \u00e0 souder r\u00e9ducteurs non polis B7RWWW &#8211; Dixon"}]},{"@type":"WebSite","@id":"https:\/\/www.zytho.ca\/fr\/#website","url":"https:\/\/www.zytho.ca\/fr\/","name":"Zytho","description":"","publisher":{"@id":"https:\/\/www.zytho.ca\/fr\/#organization"},"potentialAction":[{"@type":"SearchAction","target":{"@type":"EntryPoint","urlTemplate":"https:\/\/www.zytho.ca\/fr\/?s={search_term_string}"},"query-input":{"@type":"PropertyValueSpecification","valueRequired":true,"valueName":"search_term_string"}}],"inLanguage":"fr-FR"},{"@type":"Organization","@id":"https:\/\/www.zytho.ca\/fr\/#organization","name":"Zytho","url":"https:\/\/www.zytho.ca\/fr\/","logo":{"@type":"ImageObject","inLanguage":"fr-FR","@id":"https:\/\/www.zytho.ca\/fr\/#\/schema\/logo\/image\/","url":"https:\/\/www.zytho.ca\/wp-content\/uploads\/2024\/05\/Zytho_reversed_horizontal.svg","contentUrl":"https:\/\/www.zytho.ca\/wp-content\/uploads\/2024\/05\/Zytho_reversed_horizontal.svg","width":1582,"height":490,"caption":"Zytho"},"image":{"@id":"https:\/\/www.zytho.ca\/fr\/#\/schema\/logo\/image\/"}}]}},"_links":{"self":[{"href":"https:\/\/www.zytho.ca\/fr\/wp-json\/wp\/v2\/product\/10846","targetHints":{"allow":["GET"]}}],"collection":[{"href":"https:\/\/www.zytho.ca\/fr\/wp-json\/wp\/v2\/product"}],"about":[{"href":"https:\/\/www.zytho.ca\/fr\/wp-json\/wp\/v2\/types\/product"}],"wp:featuredmedia":[{"embeddable":true,"href":"https:\/\/www.zytho.ca\/fr\/wp-json\/wp\/v2\/media\/10848"}],"wp:attachment":[{"href":"https:\/\/www.zytho.ca\/fr\/wp-json\/wp\/v2\/media?parent=10846"}],"wp:term":[{"taxonomy":"product_brand","embeddable":true,"href":"https:\/\/www.zytho.ca\/fr\/wp-json\/wp\/v2\/product_brand?post=10846"},{"taxonomy":"product_cat","embeddable":true,"href":"https:\/\/www.zytho.ca\/fr\/wp-json\/wp\/v2\/product_cat?post=10846"},{"taxonomy":"product_tag","embeddable":true,"href":"https:\/\/www.zytho.ca\/fr\/wp-json\/wp\/v2\/product_tag?post=10846"}],"curies":[{"name":"wp","href":"https:\/\/api.w.org\/{rel}","templated":true}]}}