{"id":10804,"date":"2025-10-27T15:52:42","date_gmt":"2025-10-27T15:52:42","guid":{"rendered":"https:\/\/zytho.ca\/product\/b9www-croix-soudees-polies-dixon\/"},"modified":"2025-10-27T15:52:42","modified_gmt":"2025-10-27T15:52:42","slug":"b9www-croix-soudees-polies-dixon","status":"publish","type":"product","link":"https:\/\/www.zytho.ca\/fr\/produit\/b9www-croix-soudees-polies-dixon\/","title":{"rendered":"B9WWW Croix soud\u00e9es polies &#8211; Dixon"},"content":{"rendered":"<h6><strong>Avantages :<\/strong><\/h6>\n<ul>\n<li>Garantit la conformit\u00e9 aux normes d&#8217;hygi\u00e8ne strictes, id\u00e9al pour une utilisation dans des environnements r\u00e9glement\u00e9s.<\/li>\n<li>Offre une finition sanitaire sup\u00e9rieure \u00e0 l&#8217;int\u00e9rieur et \u00e0 l&#8217;ext\u00e9rieur, am\u00e9liorant la propret\u00e9 et r\u00e9duisant les risques de contamination.<\/li>\n<\/ul>\n<h6><strong>D\u00e9tails du produit :<\/strong><\/h6>\n<ul>\n<li>Construit pour r\u00e9pondre aux normes sanitaires 3-A pour les raccords sanitaires, num\u00e9ro 63-03, avec l&#8217;autorisation num\u00e9ro 621.<\/li>\n<li>Il est dot\u00e9 d&#8217;une finition sanitaire 3A sur les surfaces int\u00e9rieures et ext\u00e9rieures.<\/li>\n<\/ul>\n<h6><strong>Certifications :<\/strong><\/h6>\n<ul>\n<li><a href=\"https:\/\/www.dixonvalve.com\/sites\/default\/files\/product\/certifications\/621%2063-04-2020.pdf\">Document de certification 3A<\/a><\/li>\n<\/ul>\n","protected":false},"excerpt":{"rendered":"<h4>Principaux avantages des croix de soudure polies B9WWW pour les brasseurs professionnels :<\/h4>\n<ul>\n<li>Garantit le respect de normes d&#8217;hygi\u00e8ne strictes, id\u00e9al pour maintenir la puret\u00e9 dans les environnements de brassage.<\/li>\n<li>Il offre une finition sanitaire exceptionnelle \u00e0 l&#8217;int\u00e9rieur et \u00e0 l&#8217;ext\u00e9rieur, am\u00e9liorant la propret\u00e9 et r\u00e9duisant les risques de contamination.<\/li>\n<li>R\u00e9pond aux normes sanitaires 3-A, garantissant la fiabilit\u00e9 et la qualit\u00e9 des raccords sanitaires.<\/li>\n<\/ul>\n","protected":false},"featured_media":10809,"template":"","meta":{"_acf_changed":false,"inline_featured_image":false},"product_brand":[740],"product_cat":[736,741,765],"product_tag":[],"class_list":{"0":"post-10804","1":"product","2":"type-product","3":"status-publish","4":"has-post-thumbnail","6":"product_brand-dixon","7":"product_cat-distribution","8":"product_cat-materiel","9":"product_cat-raccords-sanitaires","11":"first","12":"instock","13":"taxable","14":"shipping-taxable","15":"purchasable","16":"product-type-variable"},"acf":[],"yoast_head":"<!-- This site is optimized with the Yoast SEO plugin v27.6 - https:\/\/yoast.com\/product\/yoast-seo-wordpress\/ -->\n<title>B9WWW Croix de soudure polie - Dixon - Pour brasseries professionnelles | Zytho<\/title>\n<meta name=\"description\" content=\"D\u00e9couvrez les croix \u00e0 souder polies B9WWW de Dixon, con\u00e7ues pour les brasseries \u00e0 la recherche de normes d&#039;hygi\u00e8ne \u00e9lev\u00e9es. Profitez de finitions sanitaires sup\u00e9rieures et de la conformit\u00e9 \u00e0 la certification 3A.\" \/>\n<meta name=\"robots\" content=\"index, follow, max-snippet:-1, max-image-preview:large, max-video-preview:-1\" \/>\n<link rel=\"canonical\" href=\"https:\/\/www.zytho.ca\/fr\/produit\/b9www-croix-soudees-polies-dixon\/\" \/>\n<meta property=\"og:locale\" content=\"fr_FR\" \/>\n<meta property=\"og:type\" content=\"article\" \/>\n<meta property=\"og:title\" content=\"B9WWW Croix de soudure polie - Dixon - Pour brasseries professionnelles | Zytho\" \/>\n<meta property=\"og:description\" content=\"D\u00e9couvrez les croix \u00e0 souder polies B9WWW de Dixon, con\u00e7ues pour les brasseries \u00e0 la recherche de normes d&#039;hygi\u00e8ne \u00e9lev\u00e9es. Profitez de finitions sanitaires sup\u00e9rieures et de la conformit\u00e9 \u00e0 la certification 3A.\" \/>\n<meta property=\"og:url\" content=\"https:\/\/www.zytho.ca\/fr\/produit\/b9www-croix-soudees-polies-dixon\/\" \/>\n<meta property=\"og:site_name\" content=\"Zytho\" \/>\n<meta property=\"og:image\" content=\"https:\/\/www.zytho.ca\/wp-content\/uploads\/2025\/10\/B9WWWW-Polished-Weld-Crosses-Dixon.jpg\" \/>\n\t<meta property=\"og:image:width\" content=\"440\" \/>\n\t<meta property=\"og:image:height\" content=\"440\" \/>\n\t<meta property=\"og:image:type\" content=\"image\/jpeg\" \/>\n<meta name=\"twitter:card\" content=\"summary_large_image\" \/>\n<script type=\"application\/ld+json\" class=\"yoast-schema-graph\">{\"@context\":\"https:\\\/\\\/schema.org\",\"@graph\":[{\"@type\":\"WebPage\",\"@id\":\"https:\\\/\\\/www.zytho.ca\\\/fr\\\/produit\\\/b9www-croix-soudees-polies-dixon\\\/\",\"url\":\"https:\\\/\\\/www.zytho.ca\\\/fr\\\/produit\\\/b9www-croix-soudees-polies-dixon\\\/\",\"name\":\"B9WWW Croix de soudure polie - Dixon - Pour brasseries professionnelles | Zytho\",\"isPartOf\":{\"@id\":\"https:\\\/\\\/www.zytho.ca\\\/fr\\\/#website\"},\"primaryImageOfPage\":{\"@id\":\"https:\\\/\\\/www.zytho.ca\\\/fr\\\/produit\\\/b9www-croix-soudees-polies-dixon\\\/#primaryimage\"},\"image\":{\"@id\":\"https:\\\/\\\/www.zytho.ca\\\/fr\\\/produit\\\/b9www-croix-soudees-polies-dixon\\\/#primaryimage\"},\"thumbnailUrl\":\"https:\\\/\\\/www.zytho.ca\\\/wp-content\\\/uploads\\\/2025\\\/10\\\/B9WWWW-Polished-Weld-Crosses-Dixon.jpg\",\"datePublished\":\"2025-10-27T15:52:42+00:00\",\"description\":\"D\u00e9couvrez les croix \u00e0 souder polies B9WWW de Dixon, con\u00e7ues pour les brasseries \u00e0 la recherche de normes d'hygi\u00e8ne \u00e9lev\u00e9es. Profitez de finitions sanitaires sup\u00e9rieures et de la conformit\u00e9 \u00e0 la certification 3A.\",\"breadcrumb\":{\"@id\":\"https:\\\/\\\/www.zytho.ca\\\/fr\\\/produit\\\/b9www-croix-soudees-polies-dixon\\\/#breadcrumb\"},\"inLanguage\":\"fr-FR\",\"potentialAction\":[{\"@type\":\"ReadAction\",\"target\":[\"https:\\\/\\\/www.zytho.ca\\\/fr\\\/produit\\\/b9www-croix-soudees-polies-dixon\\\/\"]}]},{\"@type\":\"ImageObject\",\"inLanguage\":\"fr-FR\",\"@id\":\"https:\\\/\\\/www.zytho.ca\\\/fr\\\/produit\\\/b9www-croix-soudees-polies-dixon\\\/#primaryimage\",\"url\":\"https:\\\/\\\/www.zytho.ca\\\/wp-content\\\/uploads\\\/2025\\\/10\\\/B9WWWW-Polished-Weld-Crosses-Dixon.jpg\",\"contentUrl\":\"https:\\\/\\\/www.zytho.ca\\\/wp-content\\\/uploads\\\/2025\\\/10\\\/B9WWWW-Polished-Weld-Crosses-Dixon.jpg\",\"width\":440,\"height\":440},{\"@type\":\"BreadcrumbList\",\"@id\":\"https:\\\/\\\/www.zytho.ca\\\/fr\\\/produit\\\/b9www-croix-soudees-polies-dixon\\\/#breadcrumb\",\"itemListElement\":[{\"@type\":\"ListItem\",\"position\":1,\"name\":\"Accueil\",\"item\":\"https:\\\/\\\/www.zytho.ca\\\/fr\\\/\"},{\"@type\":\"ListItem\",\"position\":2,\"name\":\"Shop\",\"item\":\"https:\\\/\\\/www.zytho.ca\\\/fr\\\/shop\\\/\"},{\"@type\":\"ListItem\",\"position\":3,\"name\":\"B9WWW Croix soud\u00e9es polies &#8211; Dixon\"}]},{\"@type\":\"WebSite\",\"@id\":\"https:\\\/\\\/www.zytho.ca\\\/fr\\\/#website\",\"url\":\"https:\\\/\\\/www.zytho.ca\\\/fr\\\/\",\"name\":\"Zytho\",\"description\":\"\",\"publisher\":{\"@id\":\"https:\\\/\\\/www.zytho.ca\\\/fr\\\/#organization\"},\"potentialAction\":[{\"@type\":\"SearchAction\",\"target\":{\"@type\":\"EntryPoint\",\"urlTemplate\":\"https:\\\/\\\/www.zytho.ca\\\/fr\\\/?s={search_term_string}\"},\"query-input\":{\"@type\":\"PropertyValueSpecification\",\"valueRequired\":true,\"valueName\":\"search_term_string\"}}],\"inLanguage\":\"fr-FR\"},{\"@type\":\"Organization\",\"@id\":\"https:\\\/\\\/www.zytho.ca\\\/fr\\\/#organization\",\"name\":\"Zytho\",\"url\":\"https:\\\/\\\/www.zytho.ca\\\/fr\\\/\",\"logo\":{\"@type\":\"ImageObject\",\"inLanguage\":\"fr-FR\",\"@id\":\"https:\\\/\\\/www.zytho.ca\\\/fr\\\/#\\\/schema\\\/logo\\\/image\\\/\",\"url\":\"https:\\\/\\\/www.zytho.ca\\\/wp-content\\\/uploads\\\/2024\\\/05\\\/Zytho_reversed_horizontal.svg\",\"contentUrl\":\"https:\\\/\\\/www.zytho.ca\\\/wp-content\\\/uploads\\\/2024\\\/05\\\/Zytho_reversed_horizontal.svg\",\"width\":1582,\"height\":490,\"caption\":\"Zytho\"},\"image\":{\"@id\":\"https:\\\/\\\/www.zytho.ca\\\/fr\\\/#\\\/schema\\\/logo\\\/image\\\/\"}}]}<\/script>\n<!-- \/ Yoast SEO plugin. -->","yoast_head_json":{"title":"B9WWW Croix de soudure polie - Dixon - Pour brasseries professionnelles | Zytho","description":"D\u00e9couvrez les croix \u00e0 souder polies B9WWW de Dixon, con\u00e7ues pour les brasseries \u00e0 la recherche de normes d'hygi\u00e8ne \u00e9lev\u00e9es. Profitez de finitions sanitaires sup\u00e9rieures et de la conformit\u00e9 \u00e0 la certification 3A.","robots":{"index":"index","follow":"follow","max-snippet":"max-snippet:-1","max-image-preview":"max-image-preview:large","max-video-preview":"max-video-preview:-1"},"canonical":"https:\/\/www.zytho.ca\/fr\/produit\/b9www-croix-soudees-polies-dixon\/","og_locale":"fr_FR","og_type":"article","og_title":"B9WWW Croix de soudure polie - Dixon - Pour brasseries professionnelles | Zytho","og_description":"D\u00e9couvrez les croix \u00e0 souder polies B9WWW de Dixon, con\u00e7ues pour les brasseries \u00e0 la recherche de normes d'hygi\u00e8ne \u00e9lev\u00e9es. Profitez de finitions sanitaires sup\u00e9rieures et de la conformit\u00e9 \u00e0 la certification 3A.","og_url":"https:\/\/www.zytho.ca\/fr\/produit\/b9www-croix-soudees-polies-dixon\/","og_site_name":"Zytho","og_image":[{"width":440,"height":440,"url":"https:\/\/www.zytho.ca\/wp-content\/uploads\/2025\/10\/B9WWWW-Polished-Weld-Crosses-Dixon.jpg","type":"image\/jpeg"}],"twitter_card":"summary_large_image","schema":{"@context":"https:\/\/schema.org","@graph":[{"@type":"WebPage","@id":"https:\/\/www.zytho.ca\/fr\/produit\/b9www-croix-soudees-polies-dixon\/","url":"https:\/\/www.zytho.ca\/fr\/produit\/b9www-croix-soudees-polies-dixon\/","name":"B9WWW Croix de soudure polie - Dixon - Pour brasseries professionnelles | Zytho","isPartOf":{"@id":"https:\/\/www.zytho.ca\/fr\/#website"},"primaryImageOfPage":{"@id":"https:\/\/www.zytho.ca\/fr\/produit\/b9www-croix-soudees-polies-dixon\/#primaryimage"},"image":{"@id":"https:\/\/www.zytho.ca\/fr\/produit\/b9www-croix-soudees-polies-dixon\/#primaryimage"},"thumbnailUrl":"https:\/\/www.zytho.ca\/wp-content\/uploads\/2025\/10\/B9WWWW-Polished-Weld-Crosses-Dixon.jpg","datePublished":"2025-10-27T15:52:42+00:00","description":"D\u00e9couvrez les croix \u00e0 souder polies B9WWW de Dixon, con\u00e7ues pour les brasseries \u00e0 la recherche de normes d'hygi\u00e8ne \u00e9lev\u00e9es. Profitez de finitions sanitaires sup\u00e9rieures et de la conformit\u00e9 \u00e0 la certification 3A.","breadcrumb":{"@id":"https:\/\/www.zytho.ca\/fr\/produit\/b9www-croix-soudees-polies-dixon\/#breadcrumb"},"inLanguage":"fr-FR","potentialAction":[{"@type":"ReadAction","target":["https:\/\/www.zytho.ca\/fr\/produit\/b9www-croix-soudees-polies-dixon\/"]}]},{"@type":"ImageObject","inLanguage":"fr-FR","@id":"https:\/\/www.zytho.ca\/fr\/produit\/b9www-croix-soudees-polies-dixon\/#primaryimage","url":"https:\/\/www.zytho.ca\/wp-content\/uploads\/2025\/10\/B9WWWW-Polished-Weld-Crosses-Dixon.jpg","contentUrl":"https:\/\/www.zytho.ca\/wp-content\/uploads\/2025\/10\/B9WWWW-Polished-Weld-Crosses-Dixon.jpg","width":440,"height":440},{"@type":"BreadcrumbList","@id":"https:\/\/www.zytho.ca\/fr\/produit\/b9www-croix-soudees-polies-dixon\/#breadcrumb","itemListElement":[{"@type":"ListItem","position":1,"name":"Accueil","item":"https:\/\/www.zytho.ca\/fr\/"},{"@type":"ListItem","position":2,"name":"Shop","item":"https:\/\/www.zytho.ca\/fr\/shop\/"},{"@type":"ListItem","position":3,"name":"B9WWW Croix soud\u00e9es polies &#8211; Dixon"}]},{"@type":"WebSite","@id":"https:\/\/www.zytho.ca\/fr\/#website","url":"https:\/\/www.zytho.ca\/fr\/","name":"Zytho","description":"","publisher":{"@id":"https:\/\/www.zytho.ca\/fr\/#organization"},"potentialAction":[{"@type":"SearchAction","target":{"@type":"EntryPoint","urlTemplate":"https:\/\/www.zytho.ca\/fr\/?s={search_term_string}"},"query-input":{"@type":"PropertyValueSpecification","valueRequired":true,"valueName":"search_term_string"}}],"inLanguage":"fr-FR"},{"@type":"Organization","@id":"https:\/\/www.zytho.ca\/fr\/#organization","name":"Zytho","url":"https:\/\/www.zytho.ca\/fr\/","logo":{"@type":"ImageObject","inLanguage":"fr-FR","@id":"https:\/\/www.zytho.ca\/fr\/#\/schema\/logo\/image\/","url":"https:\/\/www.zytho.ca\/wp-content\/uploads\/2024\/05\/Zytho_reversed_horizontal.svg","contentUrl":"https:\/\/www.zytho.ca\/wp-content\/uploads\/2024\/05\/Zytho_reversed_horizontal.svg","width":1582,"height":490,"caption":"Zytho"},"image":{"@id":"https:\/\/www.zytho.ca\/fr\/#\/schema\/logo\/image\/"}}]}},"_links":{"self":[{"href":"https:\/\/www.zytho.ca\/fr\/wp-json\/wp\/v2\/product\/10804","targetHints":{"allow":["GET"]}}],"collection":[{"href":"https:\/\/www.zytho.ca\/fr\/wp-json\/wp\/v2\/product"}],"about":[{"href":"https:\/\/www.zytho.ca\/fr\/wp-json\/wp\/v2\/types\/product"}],"wp:featuredmedia":[{"embeddable":true,"href":"https:\/\/www.zytho.ca\/fr\/wp-json\/wp\/v2\/media\/10809"}],"wp:attachment":[{"href":"https:\/\/www.zytho.ca\/fr\/wp-json\/wp\/v2\/media?parent=10804"}],"wp:term":[{"taxonomy":"product_brand","embeddable":true,"href":"https:\/\/www.zytho.ca\/fr\/wp-json\/wp\/v2\/product_brand?post=10804"},{"taxonomy":"product_cat","embeddable":true,"href":"https:\/\/www.zytho.ca\/fr\/wp-json\/wp\/v2\/product_cat?post=10804"},{"taxonomy":"product_tag","embeddable":true,"href":"https:\/\/www.zytho.ca\/fr\/wp-json\/wp\/v2\/product_tag?post=10804"}],"curies":[{"name":"wp","href":"https:\/\/api.w.org\/{rel}","templated":true}]}}