{"id":10704,"date":"2025-10-27T15:52:52","date_gmt":"2025-10-27T15:52:52","guid":{"rendered":"https:\/\/zytho.ca\/product\/reducteurs-concentriques-a-souder-b31m-polis-dixon\/"},"modified":"2025-11-07T12:50:15","modified_gmt":"2025-11-07T12:50:15","slug":"reducteurs-concentriques-a-souder-b31m-polis-dixon","status":"publish","type":"product","link":"https:\/\/www.zytho.ca\/fr\/produit\/reducteurs-concentriques-a-souder-b31m-polis-dixon\/","title":{"rendered":"R\u00e9ducteurs concentriques \u00e0 souder B31M polis &#8211; Dixon"},"content":{"rendered":"<h6><strong>Avantages :<\/strong><\/h6>\n<ul>\n<li>Id\u00e9ale pour les installations verticales, elle assure un drainage optimal gr\u00e2ce \u00e0 une extr\u00e9mit\u00e9 unique \u00e0 embout con\u00e7u pour \u00eatre soud\u00e9 sans soudure \u00e0 un tuyau existant.<\/li>\n<li>Conforme aux certifications ASME A270 et 3A, garantissant le respect des normes industrielles.<\/li>\n<\/ul>\n<p>Les triples colliers sont un choix courant pour les raccordements sanitaires en Am\u00e9rique du Nord. Leur conception robuste comprend un joint plac\u00e9 entre deux bagues ou brides triples, solidement fix\u00e9es par un collier. Fabriqu\u00e9s en acier inoxydable de haute qualit\u00e9, ces colliers font partie int\u00e9grante des syst\u00e8mes de tuyauterie dans les secteurs de l&#8217;alimentation, des boissons, de la biotechnologie et de la pharmacie. <\/p>\n<h6><strong>D\u00e9tails du produit :<\/strong><\/h6>\n<ul>\n<li>3-A Normes sanitaires pour les raccords sanitaires, num\u00e9ro 63-03 (autorisation num\u00e9ro 621).<\/li>\n<\/ul>\n<h6><strong>Construction :<\/strong><\/h6>\n<ul>\n<li>3A finition sanitaire ID et OD<\/li>\n<\/ul>\n<h6><strong>Certifications :<\/strong><\/h6>\n<ul>\n<li><a href=\"https:\/\/www.dixonvalve.com\/sites\/default\/files\/product\/certifications\/621%2063-04-2020.pdf\">Certificat 3A<\/a><\/li>\n<\/ul>\n","protected":false},"excerpt":{"rendered":"<h4>Principaux avantages pour les brasseurs professionnels<\/h4>\n<ul>\n<li>Garantit un drainage optimal dans les installations verticales gr\u00e2ce \u00e0 une conception pr\u00eate \u00e0 souder sans soudure.<\/li>\n<li>Conforme aux certifications ASME A270 et 3A pour une assurance conforme aux normes de l&#8217;industrie.<\/li>\n<li>Fabriqu\u00e9 en acier inoxydable de haute qualit\u00e9, id\u00e9al pour les connexions sanitaires dans les syst\u00e8mes de brassage.<\/li>\n<\/ul>\n","protected":false},"featured_media":10707,"template":"","meta":{"_acf_changed":false,"inline_featured_image":false},"product_brand":[740],"product_cat":[736,741,753],"product_tag":[763,754,762,755,756,760,759,758,757,761],"class_list":{"0":"post-10704","1":"product","2":"type-product","3":"status-publish","4":"has-post-thumbnail","6":"product_brand-dixon","7":"product_cat-distribution","8":"product_cat-materiel","9":"product_cat-raccords-tri-clamp","10":"product_tag-acier-inoxydable","11":"product_tag-brasserie","12":"product_tag-cave","13":"product_tag-distillerie","14":"product_tag-inoxydable","15":"product_tag-raccord-tri-clamp","16":"product_tag-raccords-tri-clamp","17":"product_tag-tri-clamp","18":"product_tag-tri-clamp-en-acier-inoxydable","19":"product_tag-triclamp","21":"first","22":"instock","23":"taxable","24":"shipping-taxable","25":"purchasable","26":"product-type-variable"},"acf":[],"yoast_head":"<!-- This site is optimized with the Yoast SEO plugin v27.6 - https:\/\/yoast.com\/product\/yoast-seo-wordpress\/ -->\n<title>B31M Polished Concentric Clamp x Weld Reducers - Dixon - Pour brasseries professionnelles | Zytho<\/title>\n<meta name=\"description\" content=\"D\u00e9couvrez les r\u00e9ducteurs concentriques B31M Polished Clamp x Weld de Dixon, parfaits pour les brasseries. Assure un drainage optimal, une soudure sans soudure et r\u00e9pond aux normes ASME A270 &amp; 3A.\" \/>\n<meta name=\"robots\" content=\"index, follow, max-snippet:-1, max-image-preview:large, max-video-preview:-1\" \/>\n<link rel=\"canonical\" href=\"https:\/\/www.zytho.ca\/fr\/produit\/reducteurs-concentriques-a-souder-b31m-polis-dixon\/\" \/>\n<meta property=\"og:locale\" content=\"fr_FR\" \/>\n<meta property=\"og:type\" content=\"article\" \/>\n<meta property=\"og:title\" content=\"B31M Polished Concentric Clamp x Weld Reducers - Dixon - Pour brasseries professionnelles | Zytho\" \/>\n<meta property=\"og:description\" content=\"D\u00e9couvrez les r\u00e9ducteurs concentriques B31M Polished Clamp x Weld de Dixon, parfaits pour les brasseries. Assure un drainage optimal, une soudure sans soudure et r\u00e9pond aux normes ASME A270 &amp; 3A.\" \/>\n<meta property=\"og:url\" content=\"https:\/\/www.zytho.ca\/fr\/produit\/reducteurs-concentriques-a-souder-b31m-polis-dixon\/\" \/>\n<meta property=\"og:site_name\" content=\"Zytho\" \/>\n<meta property=\"article:modified_time\" content=\"2025-11-07T12:50:15+00:00\" \/>\n<meta property=\"og:image\" content=\"https:\/\/www.zytho.ca\/wp-content\/uploads\/2025\/10\/B31M-Polished-Concentric-Clamp-x-Weld-Reducers-Dixon.jpg\" \/>\n\t<meta property=\"og:image:width\" content=\"496\" \/>\n\t<meta property=\"og:image:height\" content=\"496\" \/>\n\t<meta property=\"og:image:type\" content=\"image\/jpeg\" \/>\n<meta name=\"twitter:card\" content=\"summary_large_image\" \/>\n<meta name=\"twitter:label1\" content=\"Dur\u00e9e de lecture estim\u00e9e\" \/>\n\t<meta name=\"twitter:data1\" content=\"1 minute\" \/>\n<script type=\"application\/ld+json\" class=\"yoast-schema-graph\">{\"@context\":\"https:\\\/\\\/schema.org\",\"@graph\":[{\"@type\":\"WebPage\",\"@id\":\"https:\\\/\\\/www.zytho.ca\\\/fr\\\/produit\\\/reducteurs-concentriques-a-souder-b31m-polis-dixon\\\/\",\"url\":\"https:\\\/\\\/www.zytho.ca\\\/fr\\\/produit\\\/reducteurs-concentriques-a-souder-b31m-polis-dixon\\\/\",\"name\":\"B31M Polished Concentric Clamp x Weld Reducers - Dixon - Pour brasseries professionnelles | Zytho\",\"isPartOf\":{\"@id\":\"https:\\\/\\\/www.zytho.ca\\\/fr\\\/#website\"},\"primaryImageOfPage\":{\"@id\":\"https:\\\/\\\/www.zytho.ca\\\/fr\\\/produit\\\/reducteurs-concentriques-a-souder-b31m-polis-dixon\\\/#primaryimage\"},\"image\":{\"@id\":\"https:\\\/\\\/www.zytho.ca\\\/fr\\\/produit\\\/reducteurs-concentriques-a-souder-b31m-polis-dixon\\\/#primaryimage\"},\"thumbnailUrl\":\"https:\\\/\\\/www.zytho.ca\\\/wp-content\\\/uploads\\\/2025\\\/10\\\/B31M-Polished-Concentric-Clamp-x-Weld-Reducers-Dixon.jpg\",\"datePublished\":\"2025-10-27T15:52:52+00:00\",\"dateModified\":\"2025-11-07T12:50:15+00:00\",\"description\":\"D\u00e9couvrez les r\u00e9ducteurs concentriques B31M Polished Clamp x Weld de Dixon, parfaits pour les brasseries. Assure un drainage optimal, une soudure sans soudure et r\u00e9pond aux normes ASME A270 & 3A.\",\"breadcrumb\":{\"@id\":\"https:\\\/\\\/www.zytho.ca\\\/fr\\\/produit\\\/reducteurs-concentriques-a-souder-b31m-polis-dixon\\\/#breadcrumb\"},\"inLanguage\":\"fr-FR\",\"potentialAction\":[{\"@type\":\"ReadAction\",\"target\":[\"https:\\\/\\\/www.zytho.ca\\\/fr\\\/produit\\\/reducteurs-concentriques-a-souder-b31m-polis-dixon\\\/\"]}]},{\"@type\":\"ImageObject\",\"inLanguage\":\"fr-FR\",\"@id\":\"https:\\\/\\\/www.zytho.ca\\\/fr\\\/produit\\\/reducteurs-concentriques-a-souder-b31m-polis-dixon\\\/#primaryimage\",\"url\":\"https:\\\/\\\/www.zytho.ca\\\/wp-content\\\/uploads\\\/2025\\\/10\\\/B31M-Polished-Concentric-Clamp-x-Weld-Reducers-Dixon.jpg\",\"contentUrl\":\"https:\\\/\\\/www.zytho.ca\\\/wp-content\\\/uploads\\\/2025\\\/10\\\/B31M-Polished-Concentric-Clamp-x-Weld-Reducers-Dixon.jpg\",\"width\":496,\"height\":496},{\"@type\":\"BreadcrumbList\",\"@id\":\"https:\\\/\\\/www.zytho.ca\\\/fr\\\/produit\\\/reducteurs-concentriques-a-souder-b31m-polis-dixon\\\/#breadcrumb\",\"itemListElement\":[{\"@type\":\"ListItem\",\"position\":1,\"name\":\"Accueil\",\"item\":\"https:\\\/\\\/www.zytho.ca\\\/fr\\\/\"},{\"@type\":\"ListItem\",\"position\":2,\"name\":\"Shop\",\"item\":\"https:\\\/\\\/www.zytho.ca\\\/fr\\\/shop\\\/\"},{\"@type\":\"ListItem\",\"position\":3,\"name\":\"R\u00e9ducteurs concentriques \u00e0 souder B31M polis &#8211; Dixon\"}]},{\"@type\":\"WebSite\",\"@id\":\"https:\\\/\\\/www.zytho.ca\\\/fr\\\/#website\",\"url\":\"https:\\\/\\\/www.zytho.ca\\\/fr\\\/\",\"name\":\"Zytho\",\"description\":\"\",\"publisher\":{\"@id\":\"https:\\\/\\\/www.zytho.ca\\\/fr\\\/#organization\"},\"potentialAction\":[{\"@type\":\"SearchAction\",\"target\":{\"@type\":\"EntryPoint\",\"urlTemplate\":\"https:\\\/\\\/www.zytho.ca\\\/fr\\\/?s={search_term_string}\"},\"query-input\":{\"@type\":\"PropertyValueSpecification\",\"valueRequired\":true,\"valueName\":\"search_term_string\"}}],\"inLanguage\":\"fr-FR\"},{\"@type\":\"Organization\",\"@id\":\"https:\\\/\\\/www.zytho.ca\\\/fr\\\/#organization\",\"name\":\"Zytho\",\"url\":\"https:\\\/\\\/www.zytho.ca\\\/fr\\\/\",\"logo\":{\"@type\":\"ImageObject\",\"inLanguage\":\"fr-FR\",\"@id\":\"https:\\\/\\\/www.zytho.ca\\\/fr\\\/#\\\/schema\\\/logo\\\/image\\\/\",\"url\":\"https:\\\/\\\/www.zytho.ca\\\/wp-content\\\/uploads\\\/2024\\\/05\\\/Zytho_reversed_horizontal.svg\",\"contentUrl\":\"https:\\\/\\\/www.zytho.ca\\\/wp-content\\\/uploads\\\/2024\\\/05\\\/Zytho_reversed_horizontal.svg\",\"width\":1582,\"height\":490,\"caption\":\"Zytho\"},\"image\":{\"@id\":\"https:\\\/\\\/www.zytho.ca\\\/fr\\\/#\\\/schema\\\/logo\\\/image\\\/\"}}]}<\/script>\n<!-- \/ Yoast SEO plugin. -->","yoast_head_json":{"title":"B31M Polished Concentric Clamp x Weld Reducers - Dixon - Pour brasseries professionnelles | Zytho","description":"D\u00e9couvrez les r\u00e9ducteurs concentriques B31M Polished Clamp x Weld de Dixon, parfaits pour les brasseries. Assure un drainage optimal, une soudure sans soudure et r\u00e9pond aux normes ASME A270 & 3A.","robots":{"index":"index","follow":"follow","max-snippet":"max-snippet:-1","max-image-preview":"max-image-preview:large","max-video-preview":"max-video-preview:-1"},"canonical":"https:\/\/www.zytho.ca\/fr\/produit\/reducteurs-concentriques-a-souder-b31m-polis-dixon\/","og_locale":"fr_FR","og_type":"article","og_title":"B31M Polished Concentric Clamp x Weld Reducers - Dixon - Pour brasseries professionnelles | Zytho","og_description":"D\u00e9couvrez les r\u00e9ducteurs concentriques B31M Polished Clamp x Weld de Dixon, parfaits pour les brasseries. Assure un drainage optimal, une soudure sans soudure et r\u00e9pond aux normes ASME A270 & 3A.","og_url":"https:\/\/www.zytho.ca\/fr\/produit\/reducteurs-concentriques-a-souder-b31m-polis-dixon\/","og_site_name":"Zytho","article_modified_time":"2025-11-07T12:50:15+00:00","og_image":[{"width":496,"height":496,"url":"https:\/\/www.zytho.ca\/wp-content\/uploads\/2025\/10\/B31M-Polished-Concentric-Clamp-x-Weld-Reducers-Dixon.jpg","type":"image\/jpeg"}],"twitter_card":"summary_large_image","twitter_misc":{"Dur\u00e9e de lecture estim\u00e9e":"1 minute"},"schema":{"@context":"https:\/\/schema.org","@graph":[{"@type":"WebPage","@id":"https:\/\/www.zytho.ca\/fr\/produit\/reducteurs-concentriques-a-souder-b31m-polis-dixon\/","url":"https:\/\/www.zytho.ca\/fr\/produit\/reducteurs-concentriques-a-souder-b31m-polis-dixon\/","name":"B31M Polished Concentric Clamp x Weld Reducers - Dixon - Pour brasseries professionnelles | Zytho","isPartOf":{"@id":"https:\/\/www.zytho.ca\/fr\/#website"},"primaryImageOfPage":{"@id":"https:\/\/www.zytho.ca\/fr\/produit\/reducteurs-concentriques-a-souder-b31m-polis-dixon\/#primaryimage"},"image":{"@id":"https:\/\/www.zytho.ca\/fr\/produit\/reducteurs-concentriques-a-souder-b31m-polis-dixon\/#primaryimage"},"thumbnailUrl":"https:\/\/www.zytho.ca\/wp-content\/uploads\/2025\/10\/B31M-Polished-Concentric-Clamp-x-Weld-Reducers-Dixon.jpg","datePublished":"2025-10-27T15:52:52+00:00","dateModified":"2025-11-07T12:50:15+00:00","description":"D\u00e9couvrez les r\u00e9ducteurs concentriques B31M Polished Clamp x Weld de Dixon, parfaits pour les brasseries. Assure un drainage optimal, une soudure sans soudure et r\u00e9pond aux normes ASME A270 & 3A.","breadcrumb":{"@id":"https:\/\/www.zytho.ca\/fr\/produit\/reducteurs-concentriques-a-souder-b31m-polis-dixon\/#breadcrumb"},"inLanguage":"fr-FR","potentialAction":[{"@type":"ReadAction","target":["https:\/\/www.zytho.ca\/fr\/produit\/reducteurs-concentriques-a-souder-b31m-polis-dixon\/"]}]},{"@type":"ImageObject","inLanguage":"fr-FR","@id":"https:\/\/www.zytho.ca\/fr\/produit\/reducteurs-concentriques-a-souder-b31m-polis-dixon\/#primaryimage","url":"https:\/\/www.zytho.ca\/wp-content\/uploads\/2025\/10\/B31M-Polished-Concentric-Clamp-x-Weld-Reducers-Dixon.jpg","contentUrl":"https:\/\/www.zytho.ca\/wp-content\/uploads\/2025\/10\/B31M-Polished-Concentric-Clamp-x-Weld-Reducers-Dixon.jpg","width":496,"height":496},{"@type":"BreadcrumbList","@id":"https:\/\/www.zytho.ca\/fr\/produit\/reducteurs-concentriques-a-souder-b31m-polis-dixon\/#breadcrumb","itemListElement":[{"@type":"ListItem","position":1,"name":"Accueil","item":"https:\/\/www.zytho.ca\/fr\/"},{"@type":"ListItem","position":2,"name":"Shop","item":"https:\/\/www.zytho.ca\/fr\/shop\/"},{"@type":"ListItem","position":3,"name":"R\u00e9ducteurs concentriques \u00e0 souder B31M polis &#8211; Dixon"}]},{"@type":"WebSite","@id":"https:\/\/www.zytho.ca\/fr\/#website","url":"https:\/\/www.zytho.ca\/fr\/","name":"Zytho","description":"","publisher":{"@id":"https:\/\/www.zytho.ca\/fr\/#organization"},"potentialAction":[{"@type":"SearchAction","target":{"@type":"EntryPoint","urlTemplate":"https:\/\/www.zytho.ca\/fr\/?s={search_term_string}"},"query-input":{"@type":"PropertyValueSpecification","valueRequired":true,"valueName":"search_term_string"}}],"inLanguage":"fr-FR"},{"@type":"Organization","@id":"https:\/\/www.zytho.ca\/fr\/#organization","name":"Zytho","url":"https:\/\/www.zytho.ca\/fr\/","logo":{"@type":"ImageObject","inLanguage":"fr-FR","@id":"https:\/\/www.zytho.ca\/fr\/#\/schema\/logo\/image\/","url":"https:\/\/www.zytho.ca\/wp-content\/uploads\/2024\/05\/Zytho_reversed_horizontal.svg","contentUrl":"https:\/\/www.zytho.ca\/wp-content\/uploads\/2024\/05\/Zytho_reversed_horizontal.svg","width":1582,"height":490,"caption":"Zytho"},"image":{"@id":"https:\/\/www.zytho.ca\/fr\/#\/schema\/logo\/image\/"}}]}},"_links":{"self":[{"href":"https:\/\/www.zytho.ca\/fr\/wp-json\/wp\/v2\/product\/10704","targetHints":{"allow":["GET"]}}],"collection":[{"href":"https:\/\/www.zytho.ca\/fr\/wp-json\/wp\/v2\/product"}],"about":[{"href":"https:\/\/www.zytho.ca\/fr\/wp-json\/wp\/v2\/types\/product"}],"wp:featuredmedia":[{"embeddable":true,"href":"https:\/\/www.zytho.ca\/fr\/wp-json\/wp\/v2\/media\/10707"}],"wp:attachment":[{"href":"https:\/\/www.zytho.ca\/fr\/wp-json\/wp\/v2\/media?parent=10704"}],"wp:term":[{"taxonomy":"product_brand","embeddable":true,"href":"https:\/\/www.zytho.ca\/fr\/wp-json\/wp\/v2\/product_brand?post=10704"},{"taxonomy":"product_cat","embeddable":true,"href":"https:\/\/www.zytho.ca\/fr\/wp-json\/wp\/v2\/product_cat?post=10704"},{"taxonomy":"product_tag","embeddable":true,"href":"https:\/\/www.zytho.ca\/fr\/wp-json\/wp\/v2\/product_tag?post=10704"}],"curies":[{"name":"wp","href":"https:\/\/api.w.org\/{rel}","templated":true}]}}