{"id":10664,"date":"2025-10-27T15:53:15","date_gmt":"2025-10-27T15:53:15","guid":{"rendered":"https:\/\/zytho.ca\/product\/b2ks-coudes-a-souder-a-45-polis-avec-tangentes-dixon\/"},"modified":"2025-11-07T12:41:56","modified_gmt":"2025-11-07T12:41:56","slug":"b2ks-coudes-a-souder-a-45-polis-avec-tangentes-dixon","status":"publish","type":"product","link":"https:\/\/www.zytho.ca\/fr\/produit\/b2ks-coudes-a-souder-a-45-polis-avec-tangentes-dixon\/","title":{"rendered":"B2KS Coudes \u00e0 souder \u00e0 45\u00b0 polis avec tangentes &#8211; Dixon"},"content":{"rendered":"<h6><strong>Avantages :<\/strong><\/h6>\n<ul>\n<li>Garantit la conformit\u00e9 aux normes sanitaires strictes, id\u00e9al pour les environnements r\u00e9glement\u00e9s.<\/li>\n<li>Permet d&#8217;obtenir une finition sanitaire de haute qualit\u00e9 tant \u00e0 l&#8217;int\u00e9rieur qu&#8217;\u00e0 l&#8217;ext\u00e9rieur, am\u00e9liorant ainsi l&#8217;int\u00e9grit\u00e9 du produit.<\/li>\n<\/ul>\n<h6><strong>D\u00e9tails du produit :<\/strong><\/h6>\n<ul>\n<li>Construit pour r\u00e9pondre aux normes sanitaires 3-A pour les raccords sanitaires, num\u00e9ro 63-03, avec l&#8217;autorisation num\u00e9ro 621.<\/li>\n<\/ul>\n<h6><strong>Certifications :<\/strong><\/h6>\n<ul>\n<li><a href=\"https:\/\/www.dixonvalve.com\/sites\/default\/files\/product\/certifications\/621%2063-04-2020.pdf\">Document de certification 3A<\/a><\/li>\n<\/ul>\n<h6><strong>R\u00e9f\u00e9rence catalogue :<\/strong><\/h6>\n<ul>\n<li><a href=\"https:\/\/www.dixonvalve.com\/sites\/default\/files\/product\/pages\/us\/DPL418%20-%20605.pdf\">Catalogue DPL418 &#8211; 605<\/a><\/li>\n<\/ul>\n","protected":false},"excerpt":{"rendered":"<h4>Principaux avantages pour les brasseurs professionnels :<\/h4>\n<ul>\n<li>Garantit la conformit\u00e9 aux normes sanitaires strictes, id\u00e9al pour maintenir la qualit\u00e9 dans les environnements de brassage.<\/li>\n<li>Il offre une finition sanitaire exceptionnelle \u00e0 l&#8217;int\u00e9rieur et \u00e0 l&#8217;ext\u00e9rieur, am\u00e9liorant la puret\u00e9 et le go\u00fbt des boissons.<\/li>\n<li>Certifi\u00e9 conforme aux normes sanitaires 3-A, garantissant des performances fiables et constantes.<\/li>\n<\/ul>\n","protected":false},"featured_media":10680,"template":"","meta":{"_acf_changed":false,"inline_featured_image":false},"product_brand":[740],"product_cat":[736,741,765],"product_tag":[],"class_list":{"0":"post-10664","1":"product","2":"type-product","3":"status-publish","4":"has-post-thumbnail","6":"product_brand-dixon","7":"product_cat-distribution","8":"product_cat-materiel","9":"product_cat-raccords-sanitaires","11":"first","12":"instock","13":"taxable","14":"shipping-taxable","15":"purchasable","16":"product-type-variable"},"acf":[],"yoast_head":"<!-- This site is optimized with the Yoast SEO plugin v27.6 - https:\/\/yoast.com\/product\/yoast-seo-wordpress\/ -->\n<title>B2KS Coudes \u00e0 souder 45\u00b0 Polis avec Tangents - Dixon - Pour Brasseries Pro | Zytho<\/title>\n<meta name=\"description\" content=\"D\u00e9couvrez les coudes \u00e0 souder 45\u00b0 polis B2KS avec tangentes de Dixon, qui garantissent des normes sanitaires \u00e9lev\u00e9es et une finition de qualit\u00e9 pour les brasseries. Parfait pour les environnements r\u00e9glement\u00e9s.\" \/>\n<meta name=\"robots\" content=\"index, follow, max-snippet:-1, max-image-preview:large, max-video-preview:-1\" \/>\n<link rel=\"canonical\" href=\"https:\/\/www.zytho.ca\/fr\/produit\/b2ks-coudes-a-souder-a-45-polis-avec-tangentes-dixon\/\" \/>\n<meta property=\"og:locale\" content=\"fr_FR\" \/>\n<meta property=\"og:type\" content=\"article\" \/>\n<meta property=\"og:title\" content=\"B2KS Coudes \u00e0 souder 45\u00b0 Polis avec Tangents - Dixon - Pour Brasseries Pro | Zytho\" \/>\n<meta property=\"og:description\" content=\"D\u00e9couvrez les coudes \u00e0 souder 45\u00b0 polis B2KS avec tangentes de Dixon, qui garantissent des normes sanitaires \u00e9lev\u00e9es et une finition de qualit\u00e9 pour les brasseries. Parfait pour les environnements r\u00e9glement\u00e9s.\" \/>\n<meta property=\"og:url\" content=\"https:\/\/www.zytho.ca\/fr\/produit\/b2ks-coudes-a-souder-a-45-polis-avec-tangentes-dixon\/\" \/>\n<meta property=\"og:site_name\" content=\"Zytho\" \/>\n<meta property=\"article:modified_time\" content=\"2025-11-07T12:41:56+00:00\" \/>\n<meta property=\"og:image\" content=\"https:\/\/www.zytho.ca\/wp-content\/uploads\/2025\/10\/B2KS-Polished-45deg-Weld-Elbows-with-Tangents-Dixon.jpg\" \/>\n\t<meta property=\"og:image:width\" content=\"640\" \/>\n\t<meta property=\"og:image:height\" content=\"640\" \/>\n\t<meta property=\"og:image:type\" content=\"image\/jpeg\" \/>\n<meta name=\"twitter:card\" content=\"summary_large_image\" \/>\n<script type=\"application\/ld+json\" class=\"yoast-schema-graph\">{\"@context\":\"https:\\\/\\\/schema.org\",\"@graph\":[{\"@type\":\"WebPage\",\"@id\":\"https:\\\/\\\/www.zytho.ca\\\/fr\\\/produit\\\/b2ks-coudes-a-souder-a-45-polis-avec-tangentes-dixon\\\/\",\"url\":\"https:\\\/\\\/www.zytho.ca\\\/fr\\\/produit\\\/b2ks-coudes-a-souder-a-45-polis-avec-tangentes-dixon\\\/\",\"name\":\"B2KS Coudes \u00e0 souder 45\u00b0 Polis avec Tangents - Dixon - Pour Brasseries Pro | Zytho\",\"isPartOf\":{\"@id\":\"https:\\\/\\\/www.zytho.ca\\\/fr\\\/#website\"},\"primaryImageOfPage\":{\"@id\":\"https:\\\/\\\/www.zytho.ca\\\/fr\\\/produit\\\/b2ks-coudes-a-souder-a-45-polis-avec-tangentes-dixon\\\/#primaryimage\"},\"image\":{\"@id\":\"https:\\\/\\\/www.zytho.ca\\\/fr\\\/produit\\\/b2ks-coudes-a-souder-a-45-polis-avec-tangentes-dixon\\\/#primaryimage\"},\"thumbnailUrl\":\"https:\\\/\\\/www.zytho.ca\\\/wp-content\\\/uploads\\\/2025\\\/10\\\/B2KS-Polished-45deg-Weld-Elbows-with-Tangents-Dixon.jpg\",\"datePublished\":\"2025-10-27T15:53:15+00:00\",\"dateModified\":\"2025-11-07T12:41:56+00:00\",\"description\":\"D\u00e9couvrez les coudes \u00e0 souder 45\u00b0 polis B2KS avec tangentes de Dixon, qui garantissent des normes sanitaires \u00e9lev\u00e9es et une finition de qualit\u00e9 pour les brasseries. Parfait pour les environnements r\u00e9glement\u00e9s.\",\"breadcrumb\":{\"@id\":\"https:\\\/\\\/www.zytho.ca\\\/fr\\\/produit\\\/b2ks-coudes-a-souder-a-45-polis-avec-tangentes-dixon\\\/#breadcrumb\"},\"inLanguage\":\"fr-FR\",\"potentialAction\":[{\"@type\":\"ReadAction\",\"target\":[\"https:\\\/\\\/www.zytho.ca\\\/fr\\\/produit\\\/b2ks-coudes-a-souder-a-45-polis-avec-tangentes-dixon\\\/\"]}]},{\"@type\":\"ImageObject\",\"inLanguage\":\"fr-FR\",\"@id\":\"https:\\\/\\\/www.zytho.ca\\\/fr\\\/produit\\\/b2ks-coudes-a-souder-a-45-polis-avec-tangentes-dixon\\\/#primaryimage\",\"url\":\"https:\\\/\\\/www.zytho.ca\\\/wp-content\\\/uploads\\\/2025\\\/10\\\/B2KS-Polished-45deg-Weld-Elbows-with-Tangents-Dixon.jpg\",\"contentUrl\":\"https:\\\/\\\/www.zytho.ca\\\/wp-content\\\/uploads\\\/2025\\\/10\\\/B2KS-Polished-45deg-Weld-Elbows-with-Tangents-Dixon.jpg\",\"width\":640,\"height\":640},{\"@type\":\"BreadcrumbList\",\"@id\":\"https:\\\/\\\/www.zytho.ca\\\/fr\\\/produit\\\/b2ks-coudes-a-souder-a-45-polis-avec-tangentes-dixon\\\/#breadcrumb\",\"itemListElement\":[{\"@type\":\"ListItem\",\"position\":1,\"name\":\"Accueil\",\"item\":\"https:\\\/\\\/www.zytho.ca\\\/fr\\\/\"},{\"@type\":\"ListItem\",\"position\":2,\"name\":\"Shop\",\"item\":\"https:\\\/\\\/www.zytho.ca\\\/fr\\\/shop\\\/\"},{\"@type\":\"ListItem\",\"position\":3,\"name\":\"B2KS Coudes \u00e0 souder \u00e0 45\u00b0 polis avec tangentes &#8211; Dixon\"}]},{\"@type\":\"WebSite\",\"@id\":\"https:\\\/\\\/www.zytho.ca\\\/fr\\\/#website\",\"url\":\"https:\\\/\\\/www.zytho.ca\\\/fr\\\/\",\"name\":\"Zytho\",\"description\":\"\",\"publisher\":{\"@id\":\"https:\\\/\\\/www.zytho.ca\\\/fr\\\/#organization\"},\"potentialAction\":[{\"@type\":\"SearchAction\",\"target\":{\"@type\":\"EntryPoint\",\"urlTemplate\":\"https:\\\/\\\/www.zytho.ca\\\/fr\\\/?s={search_term_string}\"},\"query-input\":{\"@type\":\"PropertyValueSpecification\",\"valueRequired\":true,\"valueName\":\"search_term_string\"}}],\"inLanguage\":\"fr-FR\"},{\"@type\":\"Organization\",\"@id\":\"https:\\\/\\\/www.zytho.ca\\\/fr\\\/#organization\",\"name\":\"Zytho\",\"url\":\"https:\\\/\\\/www.zytho.ca\\\/fr\\\/\",\"logo\":{\"@type\":\"ImageObject\",\"inLanguage\":\"fr-FR\",\"@id\":\"https:\\\/\\\/www.zytho.ca\\\/fr\\\/#\\\/schema\\\/logo\\\/image\\\/\",\"url\":\"https:\\\/\\\/www.zytho.ca\\\/wp-content\\\/uploads\\\/2024\\\/05\\\/Zytho_reversed_horizontal.svg\",\"contentUrl\":\"https:\\\/\\\/www.zytho.ca\\\/wp-content\\\/uploads\\\/2024\\\/05\\\/Zytho_reversed_horizontal.svg\",\"width\":1582,\"height\":490,\"caption\":\"Zytho\"},\"image\":{\"@id\":\"https:\\\/\\\/www.zytho.ca\\\/fr\\\/#\\\/schema\\\/logo\\\/image\\\/\"}}]}<\/script>\n<!-- \/ Yoast SEO plugin. -->","yoast_head_json":{"title":"B2KS Coudes \u00e0 souder 45\u00b0 Polis avec Tangents - Dixon - Pour Brasseries Pro | Zytho","description":"D\u00e9couvrez les coudes \u00e0 souder 45\u00b0 polis B2KS avec tangentes de Dixon, qui garantissent des normes sanitaires \u00e9lev\u00e9es et une finition de qualit\u00e9 pour les brasseries. Parfait pour les environnements r\u00e9glement\u00e9s.","robots":{"index":"index","follow":"follow","max-snippet":"max-snippet:-1","max-image-preview":"max-image-preview:large","max-video-preview":"max-video-preview:-1"},"canonical":"https:\/\/www.zytho.ca\/fr\/produit\/b2ks-coudes-a-souder-a-45-polis-avec-tangentes-dixon\/","og_locale":"fr_FR","og_type":"article","og_title":"B2KS Coudes \u00e0 souder 45\u00b0 Polis avec Tangents - Dixon - Pour Brasseries Pro | Zytho","og_description":"D\u00e9couvrez les coudes \u00e0 souder 45\u00b0 polis B2KS avec tangentes de Dixon, qui garantissent des normes sanitaires \u00e9lev\u00e9es et une finition de qualit\u00e9 pour les brasseries. Parfait pour les environnements r\u00e9glement\u00e9s.","og_url":"https:\/\/www.zytho.ca\/fr\/produit\/b2ks-coudes-a-souder-a-45-polis-avec-tangentes-dixon\/","og_site_name":"Zytho","article_modified_time":"2025-11-07T12:41:56+00:00","og_image":[{"width":640,"height":640,"url":"https:\/\/www.zytho.ca\/wp-content\/uploads\/2025\/10\/B2KS-Polished-45deg-Weld-Elbows-with-Tangents-Dixon.jpg","type":"image\/jpeg"}],"twitter_card":"summary_large_image","schema":{"@context":"https:\/\/schema.org","@graph":[{"@type":"WebPage","@id":"https:\/\/www.zytho.ca\/fr\/produit\/b2ks-coudes-a-souder-a-45-polis-avec-tangentes-dixon\/","url":"https:\/\/www.zytho.ca\/fr\/produit\/b2ks-coudes-a-souder-a-45-polis-avec-tangentes-dixon\/","name":"B2KS Coudes \u00e0 souder 45\u00b0 Polis avec Tangents - Dixon - Pour Brasseries Pro | Zytho","isPartOf":{"@id":"https:\/\/www.zytho.ca\/fr\/#website"},"primaryImageOfPage":{"@id":"https:\/\/www.zytho.ca\/fr\/produit\/b2ks-coudes-a-souder-a-45-polis-avec-tangentes-dixon\/#primaryimage"},"image":{"@id":"https:\/\/www.zytho.ca\/fr\/produit\/b2ks-coudes-a-souder-a-45-polis-avec-tangentes-dixon\/#primaryimage"},"thumbnailUrl":"https:\/\/www.zytho.ca\/wp-content\/uploads\/2025\/10\/B2KS-Polished-45deg-Weld-Elbows-with-Tangents-Dixon.jpg","datePublished":"2025-10-27T15:53:15+00:00","dateModified":"2025-11-07T12:41:56+00:00","description":"D\u00e9couvrez les coudes \u00e0 souder 45\u00b0 polis B2KS avec tangentes de Dixon, qui garantissent des normes sanitaires \u00e9lev\u00e9es et une finition de qualit\u00e9 pour les brasseries. Parfait pour les environnements r\u00e9glement\u00e9s.","breadcrumb":{"@id":"https:\/\/www.zytho.ca\/fr\/produit\/b2ks-coudes-a-souder-a-45-polis-avec-tangentes-dixon\/#breadcrumb"},"inLanguage":"fr-FR","potentialAction":[{"@type":"ReadAction","target":["https:\/\/www.zytho.ca\/fr\/produit\/b2ks-coudes-a-souder-a-45-polis-avec-tangentes-dixon\/"]}]},{"@type":"ImageObject","inLanguage":"fr-FR","@id":"https:\/\/www.zytho.ca\/fr\/produit\/b2ks-coudes-a-souder-a-45-polis-avec-tangentes-dixon\/#primaryimage","url":"https:\/\/www.zytho.ca\/wp-content\/uploads\/2025\/10\/B2KS-Polished-45deg-Weld-Elbows-with-Tangents-Dixon.jpg","contentUrl":"https:\/\/www.zytho.ca\/wp-content\/uploads\/2025\/10\/B2KS-Polished-45deg-Weld-Elbows-with-Tangents-Dixon.jpg","width":640,"height":640},{"@type":"BreadcrumbList","@id":"https:\/\/www.zytho.ca\/fr\/produit\/b2ks-coudes-a-souder-a-45-polis-avec-tangentes-dixon\/#breadcrumb","itemListElement":[{"@type":"ListItem","position":1,"name":"Accueil","item":"https:\/\/www.zytho.ca\/fr\/"},{"@type":"ListItem","position":2,"name":"Shop","item":"https:\/\/www.zytho.ca\/fr\/shop\/"},{"@type":"ListItem","position":3,"name":"B2KS Coudes \u00e0 souder \u00e0 45\u00b0 polis avec tangentes &#8211; Dixon"}]},{"@type":"WebSite","@id":"https:\/\/www.zytho.ca\/fr\/#website","url":"https:\/\/www.zytho.ca\/fr\/","name":"Zytho","description":"","publisher":{"@id":"https:\/\/www.zytho.ca\/fr\/#organization"},"potentialAction":[{"@type":"SearchAction","target":{"@type":"EntryPoint","urlTemplate":"https:\/\/www.zytho.ca\/fr\/?s={search_term_string}"},"query-input":{"@type":"PropertyValueSpecification","valueRequired":true,"valueName":"search_term_string"}}],"inLanguage":"fr-FR"},{"@type":"Organization","@id":"https:\/\/www.zytho.ca\/fr\/#organization","name":"Zytho","url":"https:\/\/www.zytho.ca\/fr\/","logo":{"@type":"ImageObject","inLanguage":"fr-FR","@id":"https:\/\/www.zytho.ca\/fr\/#\/schema\/logo\/image\/","url":"https:\/\/www.zytho.ca\/wp-content\/uploads\/2024\/05\/Zytho_reversed_horizontal.svg","contentUrl":"https:\/\/www.zytho.ca\/wp-content\/uploads\/2024\/05\/Zytho_reversed_horizontal.svg","width":1582,"height":490,"caption":"Zytho"},"image":{"@id":"https:\/\/www.zytho.ca\/fr\/#\/schema\/logo\/image\/"}}]}},"_links":{"self":[{"href":"https:\/\/www.zytho.ca\/fr\/wp-json\/wp\/v2\/product\/10664","targetHints":{"allow":["GET"]}}],"collection":[{"href":"https:\/\/www.zytho.ca\/fr\/wp-json\/wp\/v2\/product"}],"about":[{"href":"https:\/\/www.zytho.ca\/fr\/wp-json\/wp\/v2\/types\/product"}],"wp:featuredmedia":[{"embeddable":true,"href":"https:\/\/www.zytho.ca\/fr\/wp-json\/wp\/v2\/media\/10680"}],"wp:attachment":[{"href":"https:\/\/www.zytho.ca\/fr\/wp-json\/wp\/v2\/media?parent=10664"}],"wp:term":[{"taxonomy":"product_brand","embeddable":true,"href":"https:\/\/www.zytho.ca\/fr\/wp-json\/wp\/v2\/product_brand?post=10664"},{"taxonomy":"product_cat","embeddable":true,"href":"https:\/\/www.zytho.ca\/fr\/wp-json\/wp\/v2\/product_cat?post=10664"},{"taxonomy":"product_tag","embeddable":true,"href":"https:\/\/www.zytho.ca\/fr\/wp-json\/wp\/v2\/product_tag?post=10664"}],"curies":[{"name":"wp","href":"https:\/\/api.w.org\/{rel}","templated":true}]}}