{"id":10655,"date":"2025-10-27T15:53:22","date_gmt":"2025-10-27T15:53:22","guid":{"rendered":"https:\/\/zytho.ca\/product\/cles-a-molette-din-et-sms-dixon\/"},"modified":"2025-10-27T15:53:22","modified_gmt":"2025-10-27T15:53:22","slug":"cles-a-molette-din-et-sms-dixon","status":"publish","type":"product","link":"https:\/\/www.zytho.ca\/fr\/produit\/cles-a-molette-din-et-sms-dixon\/","title":{"rendered":"Cl\u00e9s \u00e0 molette DIN et SMS &#8211; Dixon"},"content":{"rendered":"<h6><strong>Page de catalogue :<\/strong><\/h6>\n<ul>\n<li><a href=\"https:\/\/www.dixonvalve.com\/sites\/default\/files\/product\/pages\/us\/DPL418%20-%20586.pdf\">DPL418 &#8211; 586<\/a><\/li>\n<\/ul>\n<h6><strong>Avantages<\/strong><\/h6>\n<ul>\n<li>Am\u00e9liore l&#8217;efficacit\u00e9 op\u00e9rationnelle gr\u00e2ce \u00e0 une conception technique avanc\u00e9e.<\/li>\n<li>Garantir la conformit\u00e9 aux normes industrielles pour les environnements r\u00e9glement\u00e9s.<\/li>\n<li>Optimise les performances gr\u00e2ce \u00e0 des composants con\u00e7us avec pr\u00e9cision.<\/li>\n<\/ul>\n<h6><strong>D\u00e9tails du produit<\/strong><\/h6>\n<ul>\n<li>Fabriqu\u00e9 \u00e0 partir de mat\u00e9riaux de haute qualit\u00e9 pour une durabilit\u00e9 et une fiabilit\u00e9 accrues.<\/li>\n<li>Disponible en plusieurs configurations pour r\u00e9pondre aux besoins de diverses applications.<\/li>\n<li>Con\u00e7u pour une int\u00e9gration transparente dans les syst\u00e8mes existants.<\/li>\n<li>Test\u00e9 rigoureusement pour r\u00e9pondre \u00e0 des crit\u00e8res de qualit\u00e9 stricts.<\/li>\n<\/ul>\n","protected":false},"excerpt":{"rendered":"<h4>Principaux avantages des cl\u00e9s \u00e0 molette DIN et SMS &#8211; Dixon pour les brasseurs professionnels<\/h4>\n<ul>\n<li>Am\u00e9liore l&#8217;efficacit\u00e9 du brassage gr\u00e2ce \u00e0 une conception technique avanc\u00e9e.<\/li>\n<li>Assurer la conformit\u00e9 avec les normes industrielles pour les environnements de brassage r\u00e9glement\u00e9s.<\/li>\n<li>Offre des composants con\u00e7us avec pr\u00e9cision pour des performances et une durabilit\u00e9 optimales.<\/li>\n<\/ul>\n","protected":false},"featured_media":10659,"template":"","meta":{"_acf_changed":false,"inline_featured_image":false},"product_brand":[740],"product_cat":[736,741,765],"product_tag":[],"class_list":{"0":"post-10655","1":"product","2":"type-product","3":"status-publish","4":"has-post-thumbnail","6":"product_brand-dixon","7":"product_cat-distribution","8":"product_cat-materiel","9":"product_cat-raccords-sanitaires","11":"first","12":"instock","13":"taxable","14":"shipping-taxable","15":"purchasable","16":"product-type-variable"},"acf":[],"yoast_head":"<!-- This site is optimized with the Yoast SEO plugin v27.6 - https:\/\/yoast.com\/product\/yoast-seo-wordpress\/ -->\n<title>Cl\u00e9s \u00e0 molette DIN et SMS - Dixon - Pour brasseries professionnelles | Zytho<\/title>\n<meta name=\"description\" content=\"D\u00e9couvrez les cl\u00e9s \u00e0 molette DIN et SMS de Dixon, con\u00e7ues pour les brasseurs professionnels. Am\u00e9liorez l&#039;efficacit\u00e9 et la conformit\u00e9 avec des outils durables con\u00e7us avec pr\u00e9cision.\" \/>\n<meta name=\"robots\" content=\"index, follow, max-snippet:-1, max-image-preview:large, max-video-preview:-1\" \/>\n<link rel=\"canonical\" href=\"https:\/\/www.zytho.ca\/fr\/produit\/cles-a-molette-din-et-sms-dixon\/\" \/>\n<meta property=\"og:locale\" content=\"fr_FR\" \/>\n<meta property=\"og:type\" content=\"article\" \/>\n<meta property=\"og:title\" content=\"Cl\u00e9s \u00e0 molette DIN et SMS - Dixon - Pour brasseries professionnelles | Zytho\" \/>\n<meta property=\"og:description\" content=\"D\u00e9couvrez les cl\u00e9s \u00e0 molette DIN et SMS de Dixon, con\u00e7ues pour les brasseurs professionnels. Am\u00e9liorez l&#039;efficacit\u00e9 et la conformit\u00e9 avec des outils durables con\u00e7us avec pr\u00e9cision.\" \/>\n<meta property=\"og:url\" content=\"https:\/\/www.zytho.ca\/fr\/produit\/cles-a-molette-din-et-sms-dixon\/\" \/>\n<meta property=\"og:site_name\" content=\"Zytho\" \/>\n<meta property=\"og:image\" content=\"https:\/\/www.zytho.ca\/wp-content\/uploads\/2025\/10\/DIN-and-SMS-Spanner-Wrenches-Dixon.jpg\" \/>\n\t<meta property=\"og:image:width\" content=\"450\" \/>\n\t<meta property=\"og:image:height\" content=\"450\" \/>\n\t<meta property=\"og:image:type\" content=\"image\/jpeg\" \/>\n<meta name=\"twitter:card\" content=\"summary_large_image\" \/>\n<script type=\"application\/ld+json\" class=\"yoast-schema-graph\">{\"@context\":\"https:\\\/\\\/schema.org\",\"@graph\":[{\"@type\":\"WebPage\",\"@id\":\"https:\\\/\\\/www.zytho.ca\\\/fr\\\/produit\\\/cles-a-molette-din-et-sms-dixon\\\/\",\"url\":\"https:\\\/\\\/www.zytho.ca\\\/fr\\\/produit\\\/cles-a-molette-din-et-sms-dixon\\\/\",\"name\":\"Cl\u00e9s \u00e0 molette DIN et SMS - Dixon - Pour brasseries professionnelles | Zytho\",\"isPartOf\":{\"@id\":\"https:\\\/\\\/www.zytho.ca\\\/fr\\\/#website\"},\"primaryImageOfPage\":{\"@id\":\"https:\\\/\\\/www.zytho.ca\\\/fr\\\/produit\\\/cles-a-molette-din-et-sms-dixon\\\/#primaryimage\"},\"image\":{\"@id\":\"https:\\\/\\\/www.zytho.ca\\\/fr\\\/produit\\\/cles-a-molette-din-et-sms-dixon\\\/#primaryimage\"},\"thumbnailUrl\":\"https:\\\/\\\/www.zytho.ca\\\/wp-content\\\/uploads\\\/2025\\\/10\\\/DIN-and-SMS-Spanner-Wrenches-Dixon.jpg\",\"datePublished\":\"2025-10-27T15:53:22+00:00\",\"description\":\"D\u00e9couvrez les cl\u00e9s \u00e0 molette DIN et SMS de Dixon, con\u00e7ues pour les brasseurs professionnels. Am\u00e9liorez l'efficacit\u00e9 et la conformit\u00e9 avec des outils durables con\u00e7us avec pr\u00e9cision.\",\"breadcrumb\":{\"@id\":\"https:\\\/\\\/www.zytho.ca\\\/fr\\\/produit\\\/cles-a-molette-din-et-sms-dixon\\\/#breadcrumb\"},\"inLanguage\":\"fr-FR\",\"potentialAction\":[{\"@type\":\"ReadAction\",\"target\":[\"https:\\\/\\\/www.zytho.ca\\\/fr\\\/produit\\\/cles-a-molette-din-et-sms-dixon\\\/\"]}]},{\"@type\":\"ImageObject\",\"inLanguage\":\"fr-FR\",\"@id\":\"https:\\\/\\\/www.zytho.ca\\\/fr\\\/produit\\\/cles-a-molette-din-et-sms-dixon\\\/#primaryimage\",\"url\":\"https:\\\/\\\/www.zytho.ca\\\/wp-content\\\/uploads\\\/2025\\\/10\\\/DIN-and-SMS-Spanner-Wrenches-Dixon.jpg\",\"contentUrl\":\"https:\\\/\\\/www.zytho.ca\\\/wp-content\\\/uploads\\\/2025\\\/10\\\/DIN-and-SMS-Spanner-Wrenches-Dixon.jpg\",\"width\":450,\"height\":450},{\"@type\":\"BreadcrumbList\",\"@id\":\"https:\\\/\\\/www.zytho.ca\\\/fr\\\/produit\\\/cles-a-molette-din-et-sms-dixon\\\/#breadcrumb\",\"itemListElement\":[{\"@type\":\"ListItem\",\"position\":1,\"name\":\"Accueil\",\"item\":\"https:\\\/\\\/www.zytho.ca\\\/fr\\\/\"},{\"@type\":\"ListItem\",\"position\":2,\"name\":\"Shop\",\"item\":\"https:\\\/\\\/www.zytho.ca\\\/fr\\\/shop\\\/\"},{\"@type\":\"ListItem\",\"position\":3,\"name\":\"Cl\u00e9s \u00e0 molette DIN et SMS &#8211; Dixon\"}]},{\"@type\":\"WebSite\",\"@id\":\"https:\\\/\\\/www.zytho.ca\\\/fr\\\/#website\",\"url\":\"https:\\\/\\\/www.zytho.ca\\\/fr\\\/\",\"name\":\"Zytho\",\"description\":\"\",\"publisher\":{\"@id\":\"https:\\\/\\\/www.zytho.ca\\\/fr\\\/#organization\"},\"potentialAction\":[{\"@type\":\"SearchAction\",\"target\":{\"@type\":\"EntryPoint\",\"urlTemplate\":\"https:\\\/\\\/www.zytho.ca\\\/fr\\\/?s={search_term_string}\"},\"query-input\":{\"@type\":\"PropertyValueSpecification\",\"valueRequired\":true,\"valueName\":\"search_term_string\"}}],\"inLanguage\":\"fr-FR\"},{\"@type\":\"Organization\",\"@id\":\"https:\\\/\\\/www.zytho.ca\\\/fr\\\/#organization\",\"name\":\"Zytho\",\"url\":\"https:\\\/\\\/www.zytho.ca\\\/fr\\\/\",\"logo\":{\"@type\":\"ImageObject\",\"inLanguage\":\"fr-FR\",\"@id\":\"https:\\\/\\\/www.zytho.ca\\\/fr\\\/#\\\/schema\\\/logo\\\/image\\\/\",\"url\":\"https:\\\/\\\/www.zytho.ca\\\/wp-content\\\/uploads\\\/2024\\\/05\\\/Zytho_reversed_horizontal.svg\",\"contentUrl\":\"https:\\\/\\\/www.zytho.ca\\\/wp-content\\\/uploads\\\/2024\\\/05\\\/Zytho_reversed_horizontal.svg\",\"width\":1582,\"height\":490,\"caption\":\"Zytho\"},\"image\":{\"@id\":\"https:\\\/\\\/www.zytho.ca\\\/fr\\\/#\\\/schema\\\/logo\\\/image\\\/\"}}]}<\/script>\n<!-- \/ Yoast SEO plugin. -->","yoast_head_json":{"title":"Cl\u00e9s \u00e0 molette DIN et SMS - Dixon - Pour brasseries professionnelles | Zytho","description":"D\u00e9couvrez les cl\u00e9s \u00e0 molette DIN et SMS de Dixon, con\u00e7ues pour les brasseurs professionnels. Am\u00e9liorez l'efficacit\u00e9 et la conformit\u00e9 avec des outils durables con\u00e7us avec pr\u00e9cision.","robots":{"index":"index","follow":"follow","max-snippet":"max-snippet:-1","max-image-preview":"max-image-preview:large","max-video-preview":"max-video-preview:-1"},"canonical":"https:\/\/www.zytho.ca\/fr\/produit\/cles-a-molette-din-et-sms-dixon\/","og_locale":"fr_FR","og_type":"article","og_title":"Cl\u00e9s \u00e0 molette DIN et SMS - Dixon - Pour brasseries professionnelles | Zytho","og_description":"D\u00e9couvrez les cl\u00e9s \u00e0 molette DIN et SMS de Dixon, con\u00e7ues pour les brasseurs professionnels. Am\u00e9liorez l'efficacit\u00e9 et la conformit\u00e9 avec des outils durables con\u00e7us avec pr\u00e9cision.","og_url":"https:\/\/www.zytho.ca\/fr\/produit\/cles-a-molette-din-et-sms-dixon\/","og_site_name":"Zytho","og_image":[{"width":450,"height":450,"url":"https:\/\/www.zytho.ca\/wp-content\/uploads\/2025\/10\/DIN-and-SMS-Spanner-Wrenches-Dixon.jpg","type":"image\/jpeg"}],"twitter_card":"summary_large_image","schema":{"@context":"https:\/\/schema.org","@graph":[{"@type":"WebPage","@id":"https:\/\/www.zytho.ca\/fr\/produit\/cles-a-molette-din-et-sms-dixon\/","url":"https:\/\/www.zytho.ca\/fr\/produit\/cles-a-molette-din-et-sms-dixon\/","name":"Cl\u00e9s \u00e0 molette DIN et SMS - Dixon - Pour brasseries professionnelles | Zytho","isPartOf":{"@id":"https:\/\/www.zytho.ca\/fr\/#website"},"primaryImageOfPage":{"@id":"https:\/\/www.zytho.ca\/fr\/produit\/cles-a-molette-din-et-sms-dixon\/#primaryimage"},"image":{"@id":"https:\/\/www.zytho.ca\/fr\/produit\/cles-a-molette-din-et-sms-dixon\/#primaryimage"},"thumbnailUrl":"https:\/\/www.zytho.ca\/wp-content\/uploads\/2025\/10\/DIN-and-SMS-Spanner-Wrenches-Dixon.jpg","datePublished":"2025-10-27T15:53:22+00:00","description":"D\u00e9couvrez les cl\u00e9s \u00e0 molette DIN et SMS de Dixon, con\u00e7ues pour les brasseurs professionnels. Am\u00e9liorez l'efficacit\u00e9 et la conformit\u00e9 avec des outils durables con\u00e7us avec pr\u00e9cision.","breadcrumb":{"@id":"https:\/\/www.zytho.ca\/fr\/produit\/cles-a-molette-din-et-sms-dixon\/#breadcrumb"},"inLanguage":"fr-FR","potentialAction":[{"@type":"ReadAction","target":["https:\/\/www.zytho.ca\/fr\/produit\/cles-a-molette-din-et-sms-dixon\/"]}]},{"@type":"ImageObject","inLanguage":"fr-FR","@id":"https:\/\/www.zytho.ca\/fr\/produit\/cles-a-molette-din-et-sms-dixon\/#primaryimage","url":"https:\/\/www.zytho.ca\/wp-content\/uploads\/2025\/10\/DIN-and-SMS-Spanner-Wrenches-Dixon.jpg","contentUrl":"https:\/\/www.zytho.ca\/wp-content\/uploads\/2025\/10\/DIN-and-SMS-Spanner-Wrenches-Dixon.jpg","width":450,"height":450},{"@type":"BreadcrumbList","@id":"https:\/\/www.zytho.ca\/fr\/produit\/cles-a-molette-din-et-sms-dixon\/#breadcrumb","itemListElement":[{"@type":"ListItem","position":1,"name":"Accueil","item":"https:\/\/www.zytho.ca\/fr\/"},{"@type":"ListItem","position":2,"name":"Shop","item":"https:\/\/www.zytho.ca\/fr\/shop\/"},{"@type":"ListItem","position":3,"name":"Cl\u00e9s \u00e0 molette DIN et SMS &#8211; Dixon"}]},{"@type":"WebSite","@id":"https:\/\/www.zytho.ca\/fr\/#website","url":"https:\/\/www.zytho.ca\/fr\/","name":"Zytho","description":"","publisher":{"@id":"https:\/\/www.zytho.ca\/fr\/#organization"},"potentialAction":[{"@type":"SearchAction","target":{"@type":"EntryPoint","urlTemplate":"https:\/\/www.zytho.ca\/fr\/?s={search_term_string}"},"query-input":{"@type":"PropertyValueSpecification","valueRequired":true,"valueName":"search_term_string"}}],"inLanguage":"fr-FR"},{"@type":"Organization","@id":"https:\/\/www.zytho.ca\/fr\/#organization","name":"Zytho","url":"https:\/\/www.zytho.ca\/fr\/","logo":{"@type":"ImageObject","inLanguage":"fr-FR","@id":"https:\/\/www.zytho.ca\/fr\/#\/schema\/logo\/image\/","url":"https:\/\/www.zytho.ca\/wp-content\/uploads\/2024\/05\/Zytho_reversed_horizontal.svg","contentUrl":"https:\/\/www.zytho.ca\/wp-content\/uploads\/2024\/05\/Zytho_reversed_horizontal.svg","width":1582,"height":490,"caption":"Zytho"},"image":{"@id":"https:\/\/www.zytho.ca\/fr\/#\/schema\/logo\/image\/"}}]}},"_links":{"self":[{"href":"https:\/\/www.zytho.ca\/fr\/wp-json\/wp\/v2\/product\/10655","targetHints":{"allow":["GET"]}}],"collection":[{"href":"https:\/\/www.zytho.ca\/fr\/wp-json\/wp\/v2\/product"}],"about":[{"href":"https:\/\/www.zytho.ca\/fr\/wp-json\/wp\/v2\/types\/product"}],"wp:featuredmedia":[{"embeddable":true,"href":"https:\/\/www.zytho.ca\/fr\/wp-json\/wp\/v2\/media\/10659"}],"wp:attachment":[{"href":"https:\/\/www.zytho.ca\/fr\/wp-json\/wp\/v2\/media?parent=10655"}],"wp:term":[{"taxonomy":"product_brand","embeddable":true,"href":"https:\/\/www.zytho.ca\/fr\/wp-json\/wp\/v2\/product_brand?post=10655"},{"taxonomy":"product_cat","embeddable":true,"href":"https:\/\/www.zytho.ca\/fr\/wp-json\/wp\/v2\/product_cat?post=10655"},{"taxonomy":"product_tag","embeddable":true,"href":"https:\/\/www.zytho.ca\/fr\/wp-json\/wp\/v2\/product_tag?post=10655"}],"curies":[{"name":"wp","href":"https:\/\/api.w.org\/{rel}","templated":true}]}}