{"id":10635,"date":"2025-10-27T15:53:22","date_gmt":"2025-10-27T15:53:22","guid":{"rendered":"https:\/\/zytho.ca\/product\/14a-sms-welding-liners-dixon\/"},"modified":"2025-10-27T15:53:22","modified_gmt":"2025-10-27T15:53:22","slug":"14a-sms-welding-liners-dixon","status":"publish","type":"product","link":"https:\/\/www.zytho.ca\/fr\/produit\/14a-sms-welding-liners-dixon\/","title":{"rendered":"14A SMS Welding Liners &#8211; Dixon"},"content":{"rendered":"<h6><strong>Page de catalogue<\/strong><\/h6>\n<ul>\n<li style=\"list-style-type: none;\">\n<ul>\n<li><a href=\"https:\/\/www.dixonvalve.com\/sites\/default\/files\/product\/pages\/us\/DPL418%20-%20586.pdf\">DPL418 &#8211; 586<\/a><\/li>\n<\/ul>\n<\/li>\n<\/ul>\n<h6><strong>Avantages<\/strong><\/h6>\n<ul>\n<li style=\"list-style-type: none;\">\n<ul>\n<li style=\"list-style-type: none;\">\n<ul>\n<li>Con\u00e7u pour des performances optimales dans des environnements exigeants.<\/li>\n<li>Am\u00e9liore l&#8217;efficacit\u00e9 op\u00e9rationnelle gr\u00e2ce \u00e0 sa conception robuste.<\/li>\n<li>Veiller au respect des normes industrielles en mati\u00e8re de s\u00e9curit\u00e9 et de fiabilit\u00e9.<\/li>\n<li>R\u00e9duit les temps d&#8217;arr\u00eat pour maintenance gr\u00e2ce \u00e0 une construction durable.<\/li>\n<\/ul>\n<\/li>\n<\/ul>\n<\/li>\n<\/ul>\n<h6><strong>D\u00e9tails du produit<\/strong><\/h6>\n<ul>\n<li style=\"list-style-type: none;\">\n<ul>\n<li>Mat\u00e9riau : Alliage de haute qualit\u00e9 pour une r\u00e9sistance sup\u00e9rieure.<\/li>\n<li>Plage de temp\u00e9rature de fonctionnement : -40\u00b0F \u00e0 250\u00b0F (-40\u00b0C \u00e0 121\u00b0C).<\/li>\n<li>Pression nominale : Jusqu&#8217;\u00e0 300 PSI pour une s\u00e9curit\u00e9 maximale.<\/li>\n<li>Type de connexion : Compatible avec les raccords standard.<\/li>\n<li>Dimensions : Conception compacte pour une int\u00e9gration facile.<\/li>\n<\/ul>\n<\/li>\n<\/ul>\n","protected":false},"excerpt":{"rendered":"<h4>Principaux avantages des gaines de soudure SMS 14A &#8211; Dixon pour les brasseurs professionnels<\/h4>\n<ul>\n<li>Con\u00e7ue pour des performances optimales, m\u00eame dans les environnements de brassage les plus exigeants.<\/li>\n<li>Am\u00e9liore l&#8217;efficacit\u00e9 op\u00e9rationnelle gr\u00e2ce \u00e0 une construction robuste, r\u00e9duisant les temps d&#8217;arr\u00eat et la maintenance.<\/li>\n<li>Respecter les normes de s\u00e9curit\u00e9 du secteur, afin de garantir la fiabilit\u00e9 et la s\u00e9curit\u00e9 des op\u00e9rations de brassage.<\/li>\n<\/ul>\n","protected":false},"featured_media":10642,"template":"","meta":{"_acf_changed":false,"inline_featured_image":false},"product_brand":[740],"product_cat":[736,741,765],"product_tag":[],"class_list":{"0":"post-10635","1":"product","2":"type-product","3":"status-publish","4":"has-post-thumbnail","6":"product_brand-dixon","7":"product_cat-distribution","8":"product_cat-materiel","9":"product_cat-raccords-sanitaires","11":"first","12":"instock","13":"taxable","14":"shipping-taxable","15":"purchasable","16":"product-type-variable"},"acf":[],"yoast_head":"<!-- This site is optimized with the Yoast SEO plugin v27.6 - https:\/\/yoast.com\/product\/yoast-seo-wordpress\/ -->\n<title>14A SMS Welding Liners - Dixon - Pour brasseries pro | Zytho<\/title>\n<meta name=\"description\" content=\"D\u00e9couvrez les gaines de soudage SMS 14A de Dixon, con\u00e7ues pour les brasseries. Am\u00e9liorez l&#039;efficacit\u00e9 et la s\u00e9curit\u00e9 gr\u00e2ce \u00e0 une conception robuste et durable, un alliage de haute qualit\u00e9 et une int\u00e9gration facile.\" \/>\n<meta name=\"robots\" content=\"index, follow, max-snippet:-1, max-image-preview:large, max-video-preview:-1\" \/>\n<link rel=\"canonical\" href=\"https:\/\/www.zytho.ca\/fr\/produit\/14a-sms-welding-liners-dixon\/\" \/>\n<meta property=\"og:locale\" content=\"fr_FR\" \/>\n<meta property=\"og:type\" content=\"article\" \/>\n<meta property=\"og:title\" content=\"14A SMS Welding Liners - Dixon - Pour brasseries pro | Zytho\" \/>\n<meta property=\"og:description\" content=\"D\u00e9couvrez les gaines de soudage SMS 14A de Dixon, con\u00e7ues pour les brasseries. Am\u00e9liorez l&#039;efficacit\u00e9 et la s\u00e9curit\u00e9 gr\u00e2ce \u00e0 une conception robuste et durable, un alliage de haute qualit\u00e9 et une int\u00e9gration facile.\" \/>\n<meta property=\"og:url\" content=\"https:\/\/www.zytho.ca\/fr\/produit\/14a-sms-welding-liners-dixon\/\" \/>\n<meta property=\"og:site_name\" content=\"Zytho\" \/>\n<meta property=\"og:image\" content=\"https:\/\/www.zytho.ca\/wp-content\/uploads\/2025\/10\/14A-SMS-Welding-Liners-Dixon.jpg\" \/>\n\t<meta property=\"og:image:width\" content=\"392\" \/>\n\t<meta property=\"og:image:height\" content=\"392\" \/>\n\t<meta property=\"og:image:type\" content=\"image\/jpeg\" \/>\n<meta name=\"twitter:card\" content=\"summary_large_image\" \/>\n<meta name=\"twitter:label1\" content=\"Dur\u00e9e de lecture estim\u00e9e\" \/>\n\t<meta name=\"twitter:data1\" content=\"1 minute\" \/>\n<script type=\"application\/ld+json\" class=\"yoast-schema-graph\">{\"@context\":\"https:\\\/\\\/schema.org\",\"@graph\":[{\"@type\":\"WebPage\",\"@id\":\"https:\\\/\\\/www.zytho.ca\\\/fr\\\/produit\\\/14a-sms-welding-liners-dixon\\\/\",\"url\":\"https:\\\/\\\/www.zytho.ca\\\/fr\\\/produit\\\/14a-sms-welding-liners-dixon\\\/\",\"name\":\"14A SMS Welding Liners - Dixon - Pour brasseries pro | Zytho\",\"isPartOf\":{\"@id\":\"https:\\\/\\\/www.zytho.ca\\\/fr\\\/#website\"},\"primaryImageOfPage\":{\"@id\":\"https:\\\/\\\/www.zytho.ca\\\/fr\\\/produit\\\/14a-sms-welding-liners-dixon\\\/#primaryimage\"},\"image\":{\"@id\":\"https:\\\/\\\/www.zytho.ca\\\/fr\\\/produit\\\/14a-sms-welding-liners-dixon\\\/#primaryimage\"},\"thumbnailUrl\":\"https:\\\/\\\/www.zytho.ca\\\/wp-content\\\/uploads\\\/2025\\\/10\\\/14A-SMS-Welding-Liners-Dixon.jpg\",\"datePublished\":\"2025-10-27T15:53:22+00:00\",\"description\":\"D\u00e9couvrez les gaines de soudage SMS 14A de Dixon, con\u00e7ues pour les brasseries. Am\u00e9liorez l'efficacit\u00e9 et la s\u00e9curit\u00e9 gr\u00e2ce \u00e0 une conception robuste et durable, un alliage de haute qualit\u00e9 et une int\u00e9gration facile.\",\"breadcrumb\":{\"@id\":\"https:\\\/\\\/www.zytho.ca\\\/fr\\\/produit\\\/14a-sms-welding-liners-dixon\\\/#breadcrumb\"},\"inLanguage\":\"fr-FR\",\"potentialAction\":[{\"@type\":\"ReadAction\",\"target\":[\"https:\\\/\\\/www.zytho.ca\\\/fr\\\/produit\\\/14a-sms-welding-liners-dixon\\\/\"]}]},{\"@type\":\"ImageObject\",\"inLanguage\":\"fr-FR\",\"@id\":\"https:\\\/\\\/www.zytho.ca\\\/fr\\\/produit\\\/14a-sms-welding-liners-dixon\\\/#primaryimage\",\"url\":\"https:\\\/\\\/www.zytho.ca\\\/wp-content\\\/uploads\\\/2025\\\/10\\\/14A-SMS-Welding-Liners-Dixon.jpg\",\"contentUrl\":\"https:\\\/\\\/www.zytho.ca\\\/wp-content\\\/uploads\\\/2025\\\/10\\\/14A-SMS-Welding-Liners-Dixon.jpg\",\"width\":392,\"height\":392},{\"@type\":\"BreadcrumbList\",\"@id\":\"https:\\\/\\\/www.zytho.ca\\\/fr\\\/produit\\\/14a-sms-welding-liners-dixon\\\/#breadcrumb\",\"itemListElement\":[{\"@type\":\"ListItem\",\"position\":1,\"name\":\"Accueil\",\"item\":\"https:\\\/\\\/www.zytho.ca\\\/fr\\\/\"},{\"@type\":\"ListItem\",\"position\":2,\"name\":\"Shop\",\"item\":\"https:\\\/\\\/www.zytho.ca\\\/fr\\\/shop\\\/\"},{\"@type\":\"ListItem\",\"position\":3,\"name\":\"14A SMS Welding Liners &#8211; Dixon\"}]},{\"@type\":\"WebSite\",\"@id\":\"https:\\\/\\\/www.zytho.ca\\\/fr\\\/#website\",\"url\":\"https:\\\/\\\/www.zytho.ca\\\/fr\\\/\",\"name\":\"Zytho\",\"description\":\"\",\"publisher\":{\"@id\":\"https:\\\/\\\/www.zytho.ca\\\/fr\\\/#organization\"},\"potentialAction\":[{\"@type\":\"SearchAction\",\"target\":{\"@type\":\"EntryPoint\",\"urlTemplate\":\"https:\\\/\\\/www.zytho.ca\\\/fr\\\/?s={search_term_string}\"},\"query-input\":{\"@type\":\"PropertyValueSpecification\",\"valueRequired\":true,\"valueName\":\"search_term_string\"}}],\"inLanguage\":\"fr-FR\"},{\"@type\":\"Organization\",\"@id\":\"https:\\\/\\\/www.zytho.ca\\\/fr\\\/#organization\",\"name\":\"Zytho\",\"url\":\"https:\\\/\\\/www.zytho.ca\\\/fr\\\/\",\"logo\":{\"@type\":\"ImageObject\",\"inLanguage\":\"fr-FR\",\"@id\":\"https:\\\/\\\/www.zytho.ca\\\/fr\\\/#\\\/schema\\\/logo\\\/image\\\/\",\"url\":\"https:\\\/\\\/www.zytho.ca\\\/wp-content\\\/uploads\\\/2024\\\/05\\\/Zytho_reversed_horizontal.svg\",\"contentUrl\":\"https:\\\/\\\/www.zytho.ca\\\/wp-content\\\/uploads\\\/2024\\\/05\\\/Zytho_reversed_horizontal.svg\",\"width\":1582,\"height\":490,\"caption\":\"Zytho\"},\"image\":{\"@id\":\"https:\\\/\\\/www.zytho.ca\\\/fr\\\/#\\\/schema\\\/logo\\\/image\\\/\"}}]}<\/script>\n<!-- \/ Yoast SEO plugin. -->","yoast_head_json":{"title":"14A SMS Welding Liners - Dixon - Pour brasseries pro | Zytho","description":"D\u00e9couvrez les gaines de soudage SMS 14A de Dixon, con\u00e7ues pour les brasseries. Am\u00e9liorez l'efficacit\u00e9 et la s\u00e9curit\u00e9 gr\u00e2ce \u00e0 une conception robuste et durable, un alliage de haute qualit\u00e9 et une int\u00e9gration facile.","robots":{"index":"index","follow":"follow","max-snippet":"max-snippet:-1","max-image-preview":"max-image-preview:large","max-video-preview":"max-video-preview:-1"},"canonical":"https:\/\/www.zytho.ca\/fr\/produit\/14a-sms-welding-liners-dixon\/","og_locale":"fr_FR","og_type":"article","og_title":"14A SMS Welding Liners - Dixon - Pour brasseries pro | Zytho","og_description":"D\u00e9couvrez les gaines de soudage SMS 14A de Dixon, con\u00e7ues pour les brasseries. Am\u00e9liorez l'efficacit\u00e9 et la s\u00e9curit\u00e9 gr\u00e2ce \u00e0 une conception robuste et durable, un alliage de haute qualit\u00e9 et une int\u00e9gration facile.","og_url":"https:\/\/www.zytho.ca\/fr\/produit\/14a-sms-welding-liners-dixon\/","og_site_name":"Zytho","og_image":[{"width":392,"height":392,"url":"https:\/\/www.zytho.ca\/wp-content\/uploads\/2025\/10\/14A-SMS-Welding-Liners-Dixon.jpg","type":"image\/jpeg"}],"twitter_card":"summary_large_image","twitter_misc":{"Dur\u00e9e de lecture estim\u00e9e":"1 minute"},"schema":{"@context":"https:\/\/schema.org","@graph":[{"@type":"WebPage","@id":"https:\/\/www.zytho.ca\/fr\/produit\/14a-sms-welding-liners-dixon\/","url":"https:\/\/www.zytho.ca\/fr\/produit\/14a-sms-welding-liners-dixon\/","name":"14A SMS Welding Liners - Dixon - Pour brasseries pro | Zytho","isPartOf":{"@id":"https:\/\/www.zytho.ca\/fr\/#website"},"primaryImageOfPage":{"@id":"https:\/\/www.zytho.ca\/fr\/produit\/14a-sms-welding-liners-dixon\/#primaryimage"},"image":{"@id":"https:\/\/www.zytho.ca\/fr\/produit\/14a-sms-welding-liners-dixon\/#primaryimage"},"thumbnailUrl":"https:\/\/www.zytho.ca\/wp-content\/uploads\/2025\/10\/14A-SMS-Welding-Liners-Dixon.jpg","datePublished":"2025-10-27T15:53:22+00:00","description":"D\u00e9couvrez les gaines de soudage SMS 14A de Dixon, con\u00e7ues pour les brasseries. Am\u00e9liorez l'efficacit\u00e9 et la s\u00e9curit\u00e9 gr\u00e2ce \u00e0 une conception robuste et durable, un alliage de haute qualit\u00e9 et une int\u00e9gration facile.","breadcrumb":{"@id":"https:\/\/www.zytho.ca\/fr\/produit\/14a-sms-welding-liners-dixon\/#breadcrumb"},"inLanguage":"fr-FR","potentialAction":[{"@type":"ReadAction","target":["https:\/\/www.zytho.ca\/fr\/produit\/14a-sms-welding-liners-dixon\/"]}]},{"@type":"ImageObject","inLanguage":"fr-FR","@id":"https:\/\/www.zytho.ca\/fr\/produit\/14a-sms-welding-liners-dixon\/#primaryimage","url":"https:\/\/www.zytho.ca\/wp-content\/uploads\/2025\/10\/14A-SMS-Welding-Liners-Dixon.jpg","contentUrl":"https:\/\/www.zytho.ca\/wp-content\/uploads\/2025\/10\/14A-SMS-Welding-Liners-Dixon.jpg","width":392,"height":392},{"@type":"BreadcrumbList","@id":"https:\/\/www.zytho.ca\/fr\/produit\/14a-sms-welding-liners-dixon\/#breadcrumb","itemListElement":[{"@type":"ListItem","position":1,"name":"Accueil","item":"https:\/\/www.zytho.ca\/fr\/"},{"@type":"ListItem","position":2,"name":"Shop","item":"https:\/\/www.zytho.ca\/fr\/shop\/"},{"@type":"ListItem","position":3,"name":"14A SMS Welding Liners &#8211; Dixon"}]},{"@type":"WebSite","@id":"https:\/\/www.zytho.ca\/fr\/#website","url":"https:\/\/www.zytho.ca\/fr\/","name":"Zytho","description":"","publisher":{"@id":"https:\/\/www.zytho.ca\/fr\/#organization"},"potentialAction":[{"@type":"SearchAction","target":{"@type":"EntryPoint","urlTemplate":"https:\/\/www.zytho.ca\/fr\/?s={search_term_string}"},"query-input":{"@type":"PropertyValueSpecification","valueRequired":true,"valueName":"search_term_string"}}],"inLanguage":"fr-FR"},{"@type":"Organization","@id":"https:\/\/www.zytho.ca\/fr\/#organization","name":"Zytho","url":"https:\/\/www.zytho.ca\/fr\/","logo":{"@type":"ImageObject","inLanguage":"fr-FR","@id":"https:\/\/www.zytho.ca\/fr\/#\/schema\/logo\/image\/","url":"https:\/\/www.zytho.ca\/wp-content\/uploads\/2024\/05\/Zytho_reversed_horizontal.svg","contentUrl":"https:\/\/www.zytho.ca\/wp-content\/uploads\/2024\/05\/Zytho_reversed_horizontal.svg","width":1582,"height":490,"caption":"Zytho"},"image":{"@id":"https:\/\/www.zytho.ca\/fr\/#\/schema\/logo\/image\/"}}]}},"_links":{"self":[{"href":"https:\/\/www.zytho.ca\/fr\/wp-json\/wp\/v2\/product\/10635","targetHints":{"allow":["GET"]}}],"collection":[{"href":"https:\/\/www.zytho.ca\/fr\/wp-json\/wp\/v2\/product"}],"about":[{"href":"https:\/\/www.zytho.ca\/fr\/wp-json\/wp\/v2\/types\/product"}],"wp:featuredmedia":[{"embeddable":true,"href":"https:\/\/www.zytho.ca\/fr\/wp-json\/wp\/v2\/media\/10642"}],"wp:attachment":[{"href":"https:\/\/www.zytho.ca\/fr\/wp-json\/wp\/v2\/media?parent=10635"}],"wp:term":[{"taxonomy":"product_brand","embeddable":true,"href":"https:\/\/www.zytho.ca\/fr\/wp-json\/wp\/v2\/product_brand?post=10635"},{"taxonomy":"product_cat","embeddable":true,"href":"https:\/\/www.zytho.ca\/fr\/wp-json\/wp\/v2\/product_cat?post=10635"},{"taxonomy":"product_tag","embeddable":true,"href":"https:\/\/www.zytho.ca\/fr\/wp-json\/wp\/v2\/product_tag?post=10635"}],"curies":[{"name":"wp","href":"https:\/\/api.w.org\/{rel}","templated":true}]}}