{"id":10624,"date":"2025-10-27T15:53:22","date_gmt":"2025-10-27T15:53:22","guid":{"rendered":"https:\/\/zytho.ca\/product\/15a-males-de-soudage-sms-dixon\/"},"modified":"2025-10-27T15:53:22","modified_gmt":"2025-10-27T15:53:22","slug":"15a-males-de-soudage-sms-dixon","status":"publish","type":"product","link":"https:\/\/www.zytho.ca\/fr\/produit\/15a-males-de-soudage-sms-dixon\/","title":{"rendered":"15A M\u00e2les de soudage SMS &#8211; Dixon"},"content":{"rendered":"<h6><strong>Page de catalogue :<\/strong><\/h6>\n<ul>\n<li><a href=\"https:\/\/www.dixonvalve.com\/sites\/default\/files\/product\/pages\/us\/DPL418%20-%20586.pdf\">DPL418 &#8211; 586<\/a><\/li>\n<\/ul>\n<h6><strong>Avantages :<\/strong><\/h6>\n<ul>\n<li style=\"list-style-type: none;\">\n<ul>\n<li>Durabilit\u00e9 accrue pour les applications exigeantes<\/li>\n<li>Optimis\u00e9 pour les environnements \u00e0 haute pression<\/li>\n<li>Conception rationalis\u00e9e pour une installation efficace<\/li>\n<li>Les mat\u00e9riaux r\u00e9sistants \u00e0 la corrosion garantissent la long\u00e9vit\u00e9<\/li>\n<li>Con\u00e7u avec pr\u00e9cision pour des performances sup\u00e9rieures<\/li>\n<\/ul>\n<\/li>\n<\/ul>\n<h6><strong>D\u00e9tails du produit :<\/strong><\/h6>\n<ul>\n<li style=\"list-style-type: none;\">\n<ul>\n<li>Mat\u00e9riau : Acier inoxydable de haute qualit\u00e9<\/li>\n<li>Plage de temp\u00e9rature de fonctionnement : -40\u00b0F \u00e0 250\u00b0F<\/li>\n<li>Pression nominale : Jusqu&#8217;\u00e0 6000 PSI<\/li>\n<li>Type de connexion : Options filet\u00e9es et \u00e0 brides disponibles<\/li>\n<li>Conformit\u00e9 : Conforme aux normes industrielles en mati\u00e8re de s\u00e9curit\u00e9 et de fiabilit\u00e9<\/li>\n<li>Gamme de tailles : Disponible en plusieurs tailles pour s&#8217;adapter \u00e0 diverses applications<\/li>\n<\/ul>\n<\/li>\n<\/ul>\n","protected":false},"excerpt":{"rendered":"<h4>Principaux avantages des manchons \u00e0 souder SMS 15A &#8211; Dixon pour les brasseurs professionnels :<\/h4>\n<ul>\n<li>Con\u00e7ue pour \u00eatre durable et performante dans les environnements de brassage \u00e0 haute pression.<\/li>\n<li>Fabriqu\u00e9 en acier inoxydable r\u00e9sistant \u00e0 la corrosion pour une long\u00e9vit\u00e9 et une fiabilit\u00e9 accrues.<\/li>\n<li>Con\u00e7us pour une installation facile, ils garantissent un fonctionnement efficace de la brasserie.<\/li>\n<\/ul>\n","protected":false},"featured_media":10625,"template":"","meta":{"_acf_changed":false,"inline_featured_image":false},"product_brand":[740],"product_cat":[736,741,765],"product_tag":[],"class_list":{"0":"post-10624","1":"product","2":"type-product","3":"status-publish","4":"has-post-thumbnail","6":"product_brand-dixon","7":"product_cat-distribution","8":"product_cat-materiel","9":"product_cat-raccords-sanitaires","11":"first","12":"instock","13":"taxable","14":"shipping-taxable","15":"purchasable","16":"product-type-variable"},"acf":[],"yoast_head":"<!-- This site is optimized with the Yoast SEO plugin v27.6 - https:\/\/yoast.com\/product\/yoast-seo-wordpress\/ -->\n<title>M\u00e2les \u00e0 souder SMS 15A - Dixon - Pour brasseries pro | Zytho<\/title>\n<meta name=\"description\" content=\"D\u00e9couvrez les m\u00e2les de soudage SMS 15A de Dixon, con\u00e7us pour les brasseurs professionnels. Faites l&#039;exp\u00e9rience d&#039;une durabilit\u00e9 accrue, d&#039;une r\u00e9sistance \u00e0 la corrosion et d&#039;une performance de pr\u00e9cision dans les environnements \u00e0 haute pression.\" \/>\n<meta name=\"robots\" content=\"index, follow, max-snippet:-1, max-image-preview:large, max-video-preview:-1\" \/>\n<link rel=\"canonical\" href=\"https:\/\/www.zytho.ca\/fr\/produit\/15a-males-de-soudage-sms-dixon\/\" \/>\n<meta property=\"og:locale\" content=\"fr_FR\" \/>\n<meta property=\"og:type\" content=\"article\" \/>\n<meta property=\"og:title\" content=\"M\u00e2les \u00e0 souder SMS 15A - Dixon - Pour brasseries pro | Zytho\" \/>\n<meta property=\"og:description\" content=\"D\u00e9couvrez les m\u00e2les de soudage SMS 15A de Dixon, con\u00e7us pour les brasseurs professionnels. Faites l&#039;exp\u00e9rience d&#039;une durabilit\u00e9 accrue, d&#039;une r\u00e9sistance \u00e0 la corrosion et d&#039;une performance de pr\u00e9cision dans les environnements \u00e0 haute pression.\" \/>\n<meta property=\"og:url\" content=\"https:\/\/www.zytho.ca\/fr\/produit\/15a-males-de-soudage-sms-dixon\/\" \/>\n<meta property=\"og:site_name\" content=\"Zytho\" \/>\n<meta property=\"og:image\" content=\"https:\/\/www.zytho.ca\/wp-content\/uploads\/2025\/10\/15A-SMS-Welding-Males-Dixon.jpg\" \/>\n\t<meta property=\"og:image:width\" content=\"352\" \/>\n\t<meta property=\"og:image:height\" content=\"352\" \/>\n\t<meta property=\"og:image:type\" content=\"image\/jpeg\" \/>\n<meta name=\"twitter:card\" content=\"summary_large_image\" \/>\n<meta name=\"twitter:label1\" content=\"Dur\u00e9e de lecture estim\u00e9e\" \/>\n\t<meta name=\"twitter:data1\" content=\"1 minute\" \/>\n<script type=\"application\/ld+json\" class=\"yoast-schema-graph\">{\"@context\":\"https:\\\/\\\/schema.org\",\"@graph\":[{\"@type\":\"WebPage\",\"@id\":\"https:\\\/\\\/www.zytho.ca\\\/fr\\\/produit\\\/15a-males-de-soudage-sms-dixon\\\/\",\"url\":\"https:\\\/\\\/www.zytho.ca\\\/fr\\\/produit\\\/15a-males-de-soudage-sms-dixon\\\/\",\"name\":\"M\u00e2les \u00e0 souder SMS 15A - Dixon - Pour brasseries pro | Zytho\",\"isPartOf\":{\"@id\":\"https:\\\/\\\/www.zytho.ca\\\/fr\\\/#website\"},\"primaryImageOfPage\":{\"@id\":\"https:\\\/\\\/www.zytho.ca\\\/fr\\\/produit\\\/15a-males-de-soudage-sms-dixon\\\/#primaryimage\"},\"image\":{\"@id\":\"https:\\\/\\\/www.zytho.ca\\\/fr\\\/produit\\\/15a-males-de-soudage-sms-dixon\\\/#primaryimage\"},\"thumbnailUrl\":\"https:\\\/\\\/www.zytho.ca\\\/wp-content\\\/uploads\\\/2025\\\/10\\\/15A-SMS-Welding-Males-Dixon.jpg\",\"datePublished\":\"2025-10-27T15:53:22+00:00\",\"description\":\"D\u00e9couvrez les m\u00e2les de soudage SMS 15A de Dixon, con\u00e7us pour les brasseurs professionnels. Faites l'exp\u00e9rience d'une durabilit\u00e9 accrue, d'une r\u00e9sistance \u00e0 la corrosion et d'une performance de pr\u00e9cision dans les environnements \u00e0 haute pression.\",\"breadcrumb\":{\"@id\":\"https:\\\/\\\/www.zytho.ca\\\/fr\\\/produit\\\/15a-males-de-soudage-sms-dixon\\\/#breadcrumb\"},\"inLanguage\":\"fr-FR\",\"potentialAction\":[{\"@type\":\"ReadAction\",\"target\":[\"https:\\\/\\\/www.zytho.ca\\\/fr\\\/produit\\\/15a-males-de-soudage-sms-dixon\\\/\"]}]},{\"@type\":\"ImageObject\",\"inLanguage\":\"fr-FR\",\"@id\":\"https:\\\/\\\/www.zytho.ca\\\/fr\\\/produit\\\/15a-males-de-soudage-sms-dixon\\\/#primaryimage\",\"url\":\"https:\\\/\\\/www.zytho.ca\\\/wp-content\\\/uploads\\\/2025\\\/10\\\/15A-SMS-Welding-Males-Dixon.jpg\",\"contentUrl\":\"https:\\\/\\\/www.zytho.ca\\\/wp-content\\\/uploads\\\/2025\\\/10\\\/15A-SMS-Welding-Males-Dixon.jpg\",\"width\":352,\"height\":352},{\"@type\":\"BreadcrumbList\",\"@id\":\"https:\\\/\\\/www.zytho.ca\\\/fr\\\/produit\\\/15a-males-de-soudage-sms-dixon\\\/#breadcrumb\",\"itemListElement\":[{\"@type\":\"ListItem\",\"position\":1,\"name\":\"Accueil\",\"item\":\"https:\\\/\\\/www.zytho.ca\\\/fr\\\/\"},{\"@type\":\"ListItem\",\"position\":2,\"name\":\"Shop\",\"item\":\"https:\\\/\\\/www.zytho.ca\\\/fr\\\/shop\\\/\"},{\"@type\":\"ListItem\",\"position\":3,\"name\":\"15A M\u00e2les de soudage SMS &#8211; Dixon\"}]},{\"@type\":\"WebSite\",\"@id\":\"https:\\\/\\\/www.zytho.ca\\\/fr\\\/#website\",\"url\":\"https:\\\/\\\/www.zytho.ca\\\/fr\\\/\",\"name\":\"Zytho\",\"description\":\"\",\"publisher\":{\"@id\":\"https:\\\/\\\/www.zytho.ca\\\/fr\\\/#organization\"},\"potentialAction\":[{\"@type\":\"SearchAction\",\"target\":{\"@type\":\"EntryPoint\",\"urlTemplate\":\"https:\\\/\\\/www.zytho.ca\\\/fr\\\/?s={search_term_string}\"},\"query-input\":{\"@type\":\"PropertyValueSpecification\",\"valueRequired\":true,\"valueName\":\"search_term_string\"}}],\"inLanguage\":\"fr-FR\"},{\"@type\":\"Organization\",\"@id\":\"https:\\\/\\\/www.zytho.ca\\\/fr\\\/#organization\",\"name\":\"Zytho\",\"url\":\"https:\\\/\\\/www.zytho.ca\\\/fr\\\/\",\"logo\":{\"@type\":\"ImageObject\",\"inLanguage\":\"fr-FR\",\"@id\":\"https:\\\/\\\/www.zytho.ca\\\/fr\\\/#\\\/schema\\\/logo\\\/image\\\/\",\"url\":\"https:\\\/\\\/www.zytho.ca\\\/wp-content\\\/uploads\\\/2024\\\/05\\\/Zytho_reversed_horizontal.svg\",\"contentUrl\":\"https:\\\/\\\/www.zytho.ca\\\/wp-content\\\/uploads\\\/2024\\\/05\\\/Zytho_reversed_horizontal.svg\",\"width\":1582,\"height\":490,\"caption\":\"Zytho\"},\"image\":{\"@id\":\"https:\\\/\\\/www.zytho.ca\\\/fr\\\/#\\\/schema\\\/logo\\\/image\\\/\"}}]}<\/script>\n<!-- \/ Yoast SEO plugin. -->","yoast_head_json":{"title":"M\u00e2les \u00e0 souder SMS 15A - Dixon - Pour brasseries pro | Zytho","description":"D\u00e9couvrez les m\u00e2les de soudage SMS 15A de Dixon, con\u00e7us pour les brasseurs professionnels. Faites l'exp\u00e9rience d'une durabilit\u00e9 accrue, d'une r\u00e9sistance \u00e0 la corrosion et d'une performance de pr\u00e9cision dans les environnements \u00e0 haute pression.","robots":{"index":"index","follow":"follow","max-snippet":"max-snippet:-1","max-image-preview":"max-image-preview:large","max-video-preview":"max-video-preview:-1"},"canonical":"https:\/\/www.zytho.ca\/fr\/produit\/15a-males-de-soudage-sms-dixon\/","og_locale":"fr_FR","og_type":"article","og_title":"M\u00e2les \u00e0 souder SMS 15A - Dixon - Pour brasseries pro | Zytho","og_description":"D\u00e9couvrez les m\u00e2les de soudage SMS 15A de Dixon, con\u00e7us pour les brasseurs professionnels. Faites l'exp\u00e9rience d'une durabilit\u00e9 accrue, d'une r\u00e9sistance \u00e0 la corrosion et d'une performance de pr\u00e9cision dans les environnements \u00e0 haute pression.","og_url":"https:\/\/www.zytho.ca\/fr\/produit\/15a-males-de-soudage-sms-dixon\/","og_site_name":"Zytho","og_image":[{"width":352,"height":352,"url":"https:\/\/www.zytho.ca\/wp-content\/uploads\/2025\/10\/15A-SMS-Welding-Males-Dixon.jpg","type":"image\/jpeg"}],"twitter_card":"summary_large_image","twitter_misc":{"Dur\u00e9e de lecture estim\u00e9e":"1 minute"},"schema":{"@context":"https:\/\/schema.org","@graph":[{"@type":"WebPage","@id":"https:\/\/www.zytho.ca\/fr\/produit\/15a-males-de-soudage-sms-dixon\/","url":"https:\/\/www.zytho.ca\/fr\/produit\/15a-males-de-soudage-sms-dixon\/","name":"M\u00e2les \u00e0 souder SMS 15A - Dixon - Pour brasseries pro | Zytho","isPartOf":{"@id":"https:\/\/www.zytho.ca\/fr\/#website"},"primaryImageOfPage":{"@id":"https:\/\/www.zytho.ca\/fr\/produit\/15a-males-de-soudage-sms-dixon\/#primaryimage"},"image":{"@id":"https:\/\/www.zytho.ca\/fr\/produit\/15a-males-de-soudage-sms-dixon\/#primaryimage"},"thumbnailUrl":"https:\/\/www.zytho.ca\/wp-content\/uploads\/2025\/10\/15A-SMS-Welding-Males-Dixon.jpg","datePublished":"2025-10-27T15:53:22+00:00","description":"D\u00e9couvrez les m\u00e2les de soudage SMS 15A de Dixon, con\u00e7us pour les brasseurs professionnels. Faites l'exp\u00e9rience d'une durabilit\u00e9 accrue, d'une r\u00e9sistance \u00e0 la corrosion et d'une performance de pr\u00e9cision dans les environnements \u00e0 haute pression.","breadcrumb":{"@id":"https:\/\/www.zytho.ca\/fr\/produit\/15a-males-de-soudage-sms-dixon\/#breadcrumb"},"inLanguage":"fr-FR","potentialAction":[{"@type":"ReadAction","target":["https:\/\/www.zytho.ca\/fr\/produit\/15a-males-de-soudage-sms-dixon\/"]}]},{"@type":"ImageObject","inLanguage":"fr-FR","@id":"https:\/\/www.zytho.ca\/fr\/produit\/15a-males-de-soudage-sms-dixon\/#primaryimage","url":"https:\/\/www.zytho.ca\/wp-content\/uploads\/2025\/10\/15A-SMS-Welding-Males-Dixon.jpg","contentUrl":"https:\/\/www.zytho.ca\/wp-content\/uploads\/2025\/10\/15A-SMS-Welding-Males-Dixon.jpg","width":352,"height":352},{"@type":"BreadcrumbList","@id":"https:\/\/www.zytho.ca\/fr\/produit\/15a-males-de-soudage-sms-dixon\/#breadcrumb","itemListElement":[{"@type":"ListItem","position":1,"name":"Accueil","item":"https:\/\/www.zytho.ca\/fr\/"},{"@type":"ListItem","position":2,"name":"Shop","item":"https:\/\/www.zytho.ca\/fr\/shop\/"},{"@type":"ListItem","position":3,"name":"15A M\u00e2les de soudage SMS &#8211; Dixon"}]},{"@type":"WebSite","@id":"https:\/\/www.zytho.ca\/fr\/#website","url":"https:\/\/www.zytho.ca\/fr\/","name":"Zytho","description":"","publisher":{"@id":"https:\/\/www.zytho.ca\/fr\/#organization"},"potentialAction":[{"@type":"SearchAction","target":{"@type":"EntryPoint","urlTemplate":"https:\/\/www.zytho.ca\/fr\/?s={search_term_string}"},"query-input":{"@type":"PropertyValueSpecification","valueRequired":true,"valueName":"search_term_string"}}],"inLanguage":"fr-FR"},{"@type":"Organization","@id":"https:\/\/www.zytho.ca\/fr\/#organization","name":"Zytho","url":"https:\/\/www.zytho.ca\/fr\/","logo":{"@type":"ImageObject","inLanguage":"fr-FR","@id":"https:\/\/www.zytho.ca\/fr\/#\/schema\/logo\/image\/","url":"https:\/\/www.zytho.ca\/wp-content\/uploads\/2024\/05\/Zytho_reversed_horizontal.svg","contentUrl":"https:\/\/www.zytho.ca\/wp-content\/uploads\/2024\/05\/Zytho_reversed_horizontal.svg","width":1582,"height":490,"caption":"Zytho"},"image":{"@id":"https:\/\/www.zytho.ca\/fr\/#\/schema\/logo\/image\/"}}]}},"_links":{"self":[{"href":"https:\/\/www.zytho.ca\/fr\/wp-json\/wp\/v2\/product\/10624","targetHints":{"allow":["GET"]}}],"collection":[{"href":"https:\/\/www.zytho.ca\/fr\/wp-json\/wp\/v2\/product"}],"about":[{"href":"https:\/\/www.zytho.ca\/fr\/wp-json\/wp\/v2\/types\/product"}],"wp:featuredmedia":[{"embeddable":true,"href":"https:\/\/www.zytho.ca\/fr\/wp-json\/wp\/v2\/media\/10625"}],"wp:attachment":[{"href":"https:\/\/www.zytho.ca\/fr\/wp-json\/wp\/v2\/media?parent=10624"}],"wp:term":[{"taxonomy":"product_brand","embeddable":true,"href":"https:\/\/www.zytho.ca\/fr\/wp-json\/wp\/v2\/product_brand?post=10624"},{"taxonomy":"product_cat","embeddable":true,"href":"https:\/\/www.zytho.ca\/fr\/wp-json\/wp\/v2\/product_cat?post=10624"},{"taxonomy":"product_tag","embeddable":true,"href":"https:\/\/www.zytho.ca\/fr\/wp-json\/wp\/v2\/product_tag?post=10624"}],"curies":[{"name":"wp","href":"https:\/\/api.w.org\/{rel}","templated":true}]}}