{"id":10600,"date":"2025-10-27T15:53:22","date_gmt":"2025-10-27T15:53:22","guid":{"rendered":"https:\/\/zytho.ca\/product\/14a-din-manchons-a-souder-dixon\/"},"modified":"2025-11-07T11:45:32","modified_gmt":"2025-11-07T11:45:32","slug":"14a-din-manchons-a-souder-dixon","status":"publish","type":"product","link":"https:\/\/www.zytho.ca\/fr\/produit\/14a-din-manchons-a-souder-dixon\/","title":{"rendered":"14A DIN Manchons \u00e0 souder &#8211; Dixon"},"content":{"rendered":"<p data-start=\"38\" data-end=\"406\">Le <strong data-start=\"42\" data-end=\"73\">rev\u00eatement \u00e0 souder Dixon 14A DIN<\/strong> est un raccord sanitaire de pr\u00e9cision con\u00e7u pour les <strong data-start=\"130\" data-end=\"155\">connexions de type DIN<\/strong> dans les syst\u00e8mes de traitement hygi\u00e9niques. Con\u00e7u pour les <strong data-start=\"195\" data-end=\"219\">installations soud\u00e9es<\/strong>, ce rev\u00eatement offre une surface int\u00e9rieure lisse et sans fissure, garantissant une efficacit\u00e9 maximale du d\u00e9bit et de la nettoyabilit\u00e9 dans les applications exigeantes de l <strong data-start=\"345\" data-end=\"390\">&#8216;industrie alimentaire, des boissons, des produits laitiers et des produits pharmaceutiques<\/strong>. <\/p>\n<p data-start=\"408\" data-end=\"426\"><strong data-start=\"408\" data-end=\"424\">Principaux avantages<\/strong><\/p>\n<ul data-start=\"427\" data-end=\"1059\">\n<li data-start=\"427\" data-end=\"545\">\n<p data-start=\"429\" data-end=\"545\"><strong data-start=\"429\" data-end=\"449\">Conception hygi\u00e9nique :<\/strong> L&#8217;int\u00e9rieur poli \u00e9limine les espaces morts et minimise les risques de contamination pendant le traitement.<\/p>\n<\/li>\n<li data-start=\"546\" data-end=\"688\">\n<p data-start=\"548\" data-end=\"688\"><strong data-start=\"548\" data-end=\"570\">Compatibilit\u00e9 DIN :<\/strong> Fabriqu\u00e9s selon les <strong data-start=\"587\" data-end=\"610\">normes DIN 11851<\/strong>, ils garantissent un alignement parfait et l&#8217;interchangeabilit\u00e9 avec d&#8217;autres raccords DIN.<\/p>\n<\/li>\n<li data-start=\"689\" data-end=\"822\">\n<p data-start=\"691\" data-end=\"822\"><strong data-start=\"691\" data-end=\"711\">Raccord \u00e0 souder :<\/strong> Fournit un joint solide, permanent et sans fuite, id\u00e9al pour les environnements \u00e0 haute pression et \u00e0 haute temp\u00e9rature.<\/p>\n<\/li>\n<li data-start=\"823\" data-end=\"946\">\n<p data-start=\"825\" data-end=\"946\"><strong data-start=\"825\" data-end=\"847\">Mat\u00e9riaux de premi\u00e8re qualit\u00e9 :<\/strong> Disponible en <strong data-start=\"861\" data-end=\"892\">acier inoxydable 304 ou 316L<\/strong> pour une r\u00e9sistance \u00e0 la corrosion et une long\u00e9vit\u00e9 exceptionnelles.<\/p>\n<\/li>\n<li data-start=\"947\" data-end=\"1059\">\n<p data-start=\"949\" data-end=\"1059\"><strong data-start=\"949\" data-end=\"967\">Pr\u00eat pour le NEP\/SEP :<\/strong> R\u00e9siste aux cycles de nettoyage et de st\u00e9rilisation rigoureux courants dans les syst\u00e8mes de traitement sanitaire.<\/p>\n<\/li>\n<\/ul>\n<p data-start=\"1061\" data-end=\"1087\"><strong data-start=\"1061\" data-end=\"1085\">Applications typiques<\/strong><\/p>\n<ul data-start=\"1088\" data-end=\"1238\">\n<li data-start=\"1088\" data-end=\"1127\">\n<p data-start=\"1090\" data-end=\"1127\">Lignes de production de produits laitiers et de boissons<\/p>\n<\/li>\n<li data-start=\"1128\" data-end=\"1154\">\n<p data-start=\"1130\" data-end=\"1154\">Usines de transformation des aliments<\/p>\n<\/li>\n<li data-start=\"1155\" data-end=\"1189\">\n<p data-start=\"1157\" data-end=\"1189\">Syst\u00e8mes de brasserie et de distillerie<\/p>\n<\/li>\n<li data-start=\"1190\" data-end=\"1238\">\n<p data-start=\"1192\" data-end=\"1238\">Fabrication de produits biopharmaceutiques et cosm\u00e9tiques<\/p>\n<\/li>\n<\/ul>\n<p data-start=\"1240\" data-end=\"1261\"><strong data-start=\"1240\" data-end=\"1259\">D\u00e9tails du produit<\/strong><\/p>\n<ul data-start=\"1262\" data-end=\"1457\">\n<li data-start=\"1262\" data-end=\"1307\">\n<p data-start=\"1264\" data-end=\"1307\"><strong data-start=\"1264\" data-end=\"1277\">Mat\u00e9riau :<\/strong> Acier inoxydable 304 ou 316L<\/p>\n<\/li>\n<li data-start=\"1308\" data-end=\"1335\">\n<p data-start=\"1310\" data-end=\"1335\"><strong data-start=\"1310\" data-end=\"1323\">Norme :<\/strong> DIN 11851<\/p>\n<\/li>\n<li data-start=\"1336\" data-end=\"1367\">\n<p data-start=\"1338\" data-end=\"1367\"><strong data-start=\"1338\" data-end=\"1351\">Type d&#8217;extr\u00e9mit\u00e9 :<\/strong> Doublure de soudure<\/p>\n<\/li>\n<li data-start=\"1368\" data-end=\"1424\">\n<p data-start=\"1370\" data-end=\"1424\"><strong data-start=\"1370\" data-end=\"1381\">Finition :<\/strong> ID\/OD poli pour les applications sanitaires<\/p>\n<\/li>\n<li data-start=\"1425\" data-end=\"1457\">\n<p data-start=\"1427\" data-end=\"1457\"><strong data-start=\"1427\" data-end=\"1442\">Gamme de tailles :<\/strong> DN10 &#8211; DN150<\/p>\n<\/li>\n<\/ul>\n<p data-start=\"1459\" data-end=\"1614\" data-is-last-node=\"\" data-is-only-node=\"\"><strong data-start=\"1459\" data-end=\"1614\" data-is-last-node=\"\">Construite pour r\u00e9pondre aux normes sanitaires les plus strictes, la manchette \u00e0 souder Dixon 14A DIN offre des performances fiables et durables dans chaque connexion soud\u00e9e.<\/strong><\/p>\n","protected":false},"excerpt":{"rendered":"<h4>Principaux avantages des manchons \u00e0 souder Dixon 14A DIN pour les brasseurs professionnels<\/h4>\n<ul>\n<li>Garantit un traitement hygi\u00e9nique gr\u00e2ce \u00e0 un int\u00e9rieur poli qui minimise les risques de contamination.<\/li>\n<li>Fournit des connexions soud\u00e9es robustes et sans fuite, id\u00e9ales pour les environnements de brassage \u00e0 haute pression.<\/li>\n<li>Fabriqu\u00e9 en acier inoxydable 304 ou 316L de premi\u00e8re qualit\u00e9, il offre une excellente r\u00e9sistance \u00e0 la corrosion et une grande durabilit\u00e9.<\/li>\n<\/ul>\n","protected":false},"featured_media":10602,"template":"","meta":{"_acf_changed":false,"inline_featured_image":false},"product_brand":[740],"product_cat":[736,741,765],"product_tag":[],"class_list":{"0":"post-10600","1":"product","2":"type-product","3":"status-publish","4":"has-post-thumbnail","6":"product_brand-dixon","7":"product_cat-distribution","8":"product_cat-materiel","9":"product_cat-raccords-sanitaires","11":"first","12":"instock","13":"taxable","14":"shipping-taxable","15":"purchasable","16":"product-type-variable"},"acf":[],"yoast_head":"<!-- This site is optimized with the Yoast SEO plugin v27.6 - https:\/\/yoast.com\/product\/yoast-seo-wordpress\/ -->\n<title>14A DIN Welding Liners - Dixon - Pour Brasseries Pro | Zytho<\/title>\n<meta name=\"description\" content=\"D\u00e9couvrez les gaines \u00e0 souder Dixon 14A DIN, con\u00e7ues avec pr\u00e9cision pour les brasseries. Garantissez des connexions douces et hygi\u00e9niques gr\u00e2ce \u00e0 l&#039;acier inoxydable poli pour un d\u00e9bit et une nettoyabilit\u00e9 optimaux.\" \/>\n<meta name=\"robots\" content=\"index, follow, max-snippet:-1, max-image-preview:large, max-video-preview:-1\" \/>\n<link rel=\"canonical\" href=\"https:\/\/www.zytho.ca\/fr\/produit\/14a-din-manchons-a-souder-dixon\/\" \/>\n<meta property=\"og:locale\" content=\"fr_FR\" \/>\n<meta property=\"og:type\" content=\"article\" \/>\n<meta property=\"og:title\" content=\"14A DIN Welding Liners - Dixon - Pour Brasseries Pro | Zytho\" \/>\n<meta property=\"og:description\" content=\"D\u00e9couvrez les gaines \u00e0 souder Dixon 14A DIN, con\u00e7ues avec pr\u00e9cision pour les brasseries. Garantissez des connexions douces et hygi\u00e9niques gr\u00e2ce \u00e0 l&#039;acier inoxydable poli pour un d\u00e9bit et une nettoyabilit\u00e9 optimaux.\" \/>\n<meta property=\"og:url\" content=\"https:\/\/www.zytho.ca\/fr\/produit\/14a-din-manchons-a-souder-dixon\/\" \/>\n<meta property=\"og:site_name\" content=\"Zytho\" \/>\n<meta property=\"article:modified_time\" content=\"2025-11-07T11:45:32+00:00\" \/>\n<meta property=\"og:image\" content=\"https:\/\/www.zytho.ca\/wp-content\/uploads\/2025\/10\/14A-DIN-Welding-Liners-Dixon.jpg\" \/>\n\t<meta property=\"og:image:width\" content=\"160\" \/>\n\t<meta property=\"og:image:height\" content=\"160\" \/>\n\t<meta property=\"og:image:type\" content=\"image\/jpeg\" \/>\n<meta name=\"twitter:card\" content=\"summary_large_image\" \/>\n<meta name=\"twitter:label1\" content=\"Dur\u00e9e de lecture estim\u00e9e\" \/>\n\t<meta name=\"twitter:data1\" content=\"1 minute\" \/>\n<script type=\"application\/ld+json\" class=\"yoast-schema-graph\">{\"@context\":\"https:\\\/\\\/schema.org\",\"@graph\":[{\"@type\":\"WebPage\",\"@id\":\"https:\\\/\\\/www.zytho.ca\\\/fr\\\/produit\\\/14a-din-manchons-a-souder-dixon\\\/\",\"url\":\"https:\\\/\\\/www.zytho.ca\\\/fr\\\/produit\\\/14a-din-manchons-a-souder-dixon\\\/\",\"name\":\"14A DIN Welding Liners - Dixon - Pour Brasseries Pro | Zytho\",\"isPartOf\":{\"@id\":\"https:\\\/\\\/www.zytho.ca\\\/fr\\\/#website\"},\"primaryImageOfPage\":{\"@id\":\"https:\\\/\\\/www.zytho.ca\\\/fr\\\/produit\\\/14a-din-manchons-a-souder-dixon\\\/#primaryimage\"},\"image\":{\"@id\":\"https:\\\/\\\/www.zytho.ca\\\/fr\\\/produit\\\/14a-din-manchons-a-souder-dixon\\\/#primaryimage\"},\"thumbnailUrl\":\"https:\\\/\\\/www.zytho.ca\\\/wp-content\\\/uploads\\\/2025\\\/10\\\/14A-DIN-Welding-Liners-Dixon.jpg\",\"datePublished\":\"2025-10-27T15:53:22+00:00\",\"dateModified\":\"2025-11-07T11:45:32+00:00\",\"description\":\"D\u00e9couvrez les gaines \u00e0 souder Dixon 14A DIN, con\u00e7ues avec pr\u00e9cision pour les brasseries. Garantissez des connexions douces et hygi\u00e9niques gr\u00e2ce \u00e0 l'acier inoxydable poli pour un d\u00e9bit et une nettoyabilit\u00e9 optimaux.\",\"breadcrumb\":{\"@id\":\"https:\\\/\\\/www.zytho.ca\\\/fr\\\/produit\\\/14a-din-manchons-a-souder-dixon\\\/#breadcrumb\"},\"inLanguage\":\"fr-FR\",\"potentialAction\":[{\"@type\":\"ReadAction\",\"target\":[\"https:\\\/\\\/www.zytho.ca\\\/fr\\\/produit\\\/14a-din-manchons-a-souder-dixon\\\/\"]}]},{\"@type\":\"ImageObject\",\"inLanguage\":\"fr-FR\",\"@id\":\"https:\\\/\\\/www.zytho.ca\\\/fr\\\/produit\\\/14a-din-manchons-a-souder-dixon\\\/#primaryimage\",\"url\":\"https:\\\/\\\/www.zytho.ca\\\/wp-content\\\/uploads\\\/2025\\\/10\\\/14A-DIN-Welding-Liners-Dixon.jpg\",\"contentUrl\":\"https:\\\/\\\/www.zytho.ca\\\/wp-content\\\/uploads\\\/2025\\\/10\\\/14A-DIN-Welding-Liners-Dixon.jpg\",\"width\":160,\"height\":160},{\"@type\":\"BreadcrumbList\",\"@id\":\"https:\\\/\\\/www.zytho.ca\\\/fr\\\/produit\\\/14a-din-manchons-a-souder-dixon\\\/#breadcrumb\",\"itemListElement\":[{\"@type\":\"ListItem\",\"position\":1,\"name\":\"Accueil\",\"item\":\"https:\\\/\\\/www.zytho.ca\\\/fr\\\/\"},{\"@type\":\"ListItem\",\"position\":2,\"name\":\"Shop\",\"item\":\"https:\\\/\\\/www.zytho.ca\\\/fr\\\/shop\\\/\"},{\"@type\":\"ListItem\",\"position\":3,\"name\":\"14A DIN Manchons \u00e0 souder &#8211; Dixon\"}]},{\"@type\":\"WebSite\",\"@id\":\"https:\\\/\\\/www.zytho.ca\\\/fr\\\/#website\",\"url\":\"https:\\\/\\\/www.zytho.ca\\\/fr\\\/\",\"name\":\"Zytho\",\"description\":\"\",\"publisher\":{\"@id\":\"https:\\\/\\\/www.zytho.ca\\\/fr\\\/#organization\"},\"potentialAction\":[{\"@type\":\"SearchAction\",\"target\":{\"@type\":\"EntryPoint\",\"urlTemplate\":\"https:\\\/\\\/www.zytho.ca\\\/fr\\\/?s={search_term_string}\"},\"query-input\":{\"@type\":\"PropertyValueSpecification\",\"valueRequired\":true,\"valueName\":\"search_term_string\"}}],\"inLanguage\":\"fr-FR\"},{\"@type\":\"Organization\",\"@id\":\"https:\\\/\\\/www.zytho.ca\\\/fr\\\/#organization\",\"name\":\"Zytho\",\"url\":\"https:\\\/\\\/www.zytho.ca\\\/fr\\\/\",\"logo\":{\"@type\":\"ImageObject\",\"inLanguage\":\"fr-FR\",\"@id\":\"https:\\\/\\\/www.zytho.ca\\\/fr\\\/#\\\/schema\\\/logo\\\/image\\\/\",\"url\":\"https:\\\/\\\/www.zytho.ca\\\/wp-content\\\/uploads\\\/2024\\\/05\\\/Zytho_reversed_horizontal.svg\",\"contentUrl\":\"https:\\\/\\\/www.zytho.ca\\\/wp-content\\\/uploads\\\/2024\\\/05\\\/Zytho_reversed_horizontal.svg\",\"width\":1582,\"height\":490,\"caption\":\"Zytho\"},\"image\":{\"@id\":\"https:\\\/\\\/www.zytho.ca\\\/fr\\\/#\\\/schema\\\/logo\\\/image\\\/\"}}]}<\/script>\n<!-- \/ Yoast SEO plugin. -->","yoast_head_json":{"title":"14A DIN Welding Liners - Dixon - Pour Brasseries Pro | Zytho","description":"D\u00e9couvrez les gaines \u00e0 souder Dixon 14A DIN, con\u00e7ues avec pr\u00e9cision pour les brasseries. Garantissez des connexions douces et hygi\u00e9niques gr\u00e2ce \u00e0 l'acier inoxydable poli pour un d\u00e9bit et une nettoyabilit\u00e9 optimaux.","robots":{"index":"index","follow":"follow","max-snippet":"max-snippet:-1","max-image-preview":"max-image-preview:large","max-video-preview":"max-video-preview:-1"},"canonical":"https:\/\/www.zytho.ca\/fr\/produit\/14a-din-manchons-a-souder-dixon\/","og_locale":"fr_FR","og_type":"article","og_title":"14A DIN Welding Liners - Dixon - Pour Brasseries Pro | Zytho","og_description":"D\u00e9couvrez les gaines \u00e0 souder Dixon 14A DIN, con\u00e7ues avec pr\u00e9cision pour les brasseries. Garantissez des connexions douces et hygi\u00e9niques gr\u00e2ce \u00e0 l'acier inoxydable poli pour un d\u00e9bit et une nettoyabilit\u00e9 optimaux.","og_url":"https:\/\/www.zytho.ca\/fr\/produit\/14a-din-manchons-a-souder-dixon\/","og_site_name":"Zytho","article_modified_time":"2025-11-07T11:45:32+00:00","og_image":[{"width":160,"height":160,"url":"https:\/\/www.zytho.ca\/wp-content\/uploads\/2025\/10\/14A-DIN-Welding-Liners-Dixon.jpg","type":"image\/jpeg"}],"twitter_card":"summary_large_image","twitter_misc":{"Dur\u00e9e de lecture estim\u00e9e":"1 minute"},"schema":{"@context":"https:\/\/schema.org","@graph":[{"@type":"WebPage","@id":"https:\/\/www.zytho.ca\/fr\/produit\/14a-din-manchons-a-souder-dixon\/","url":"https:\/\/www.zytho.ca\/fr\/produit\/14a-din-manchons-a-souder-dixon\/","name":"14A DIN Welding Liners - Dixon - Pour Brasseries Pro | Zytho","isPartOf":{"@id":"https:\/\/www.zytho.ca\/fr\/#website"},"primaryImageOfPage":{"@id":"https:\/\/www.zytho.ca\/fr\/produit\/14a-din-manchons-a-souder-dixon\/#primaryimage"},"image":{"@id":"https:\/\/www.zytho.ca\/fr\/produit\/14a-din-manchons-a-souder-dixon\/#primaryimage"},"thumbnailUrl":"https:\/\/www.zytho.ca\/wp-content\/uploads\/2025\/10\/14A-DIN-Welding-Liners-Dixon.jpg","datePublished":"2025-10-27T15:53:22+00:00","dateModified":"2025-11-07T11:45:32+00:00","description":"D\u00e9couvrez les gaines \u00e0 souder Dixon 14A DIN, con\u00e7ues avec pr\u00e9cision pour les brasseries. Garantissez des connexions douces et hygi\u00e9niques gr\u00e2ce \u00e0 l'acier inoxydable poli pour un d\u00e9bit et une nettoyabilit\u00e9 optimaux.","breadcrumb":{"@id":"https:\/\/www.zytho.ca\/fr\/produit\/14a-din-manchons-a-souder-dixon\/#breadcrumb"},"inLanguage":"fr-FR","potentialAction":[{"@type":"ReadAction","target":["https:\/\/www.zytho.ca\/fr\/produit\/14a-din-manchons-a-souder-dixon\/"]}]},{"@type":"ImageObject","inLanguage":"fr-FR","@id":"https:\/\/www.zytho.ca\/fr\/produit\/14a-din-manchons-a-souder-dixon\/#primaryimage","url":"https:\/\/www.zytho.ca\/wp-content\/uploads\/2025\/10\/14A-DIN-Welding-Liners-Dixon.jpg","contentUrl":"https:\/\/www.zytho.ca\/wp-content\/uploads\/2025\/10\/14A-DIN-Welding-Liners-Dixon.jpg","width":160,"height":160},{"@type":"BreadcrumbList","@id":"https:\/\/www.zytho.ca\/fr\/produit\/14a-din-manchons-a-souder-dixon\/#breadcrumb","itemListElement":[{"@type":"ListItem","position":1,"name":"Accueil","item":"https:\/\/www.zytho.ca\/fr\/"},{"@type":"ListItem","position":2,"name":"Shop","item":"https:\/\/www.zytho.ca\/fr\/shop\/"},{"@type":"ListItem","position":3,"name":"14A DIN Manchons \u00e0 souder &#8211; Dixon"}]},{"@type":"WebSite","@id":"https:\/\/www.zytho.ca\/fr\/#website","url":"https:\/\/www.zytho.ca\/fr\/","name":"Zytho","description":"","publisher":{"@id":"https:\/\/www.zytho.ca\/fr\/#organization"},"potentialAction":[{"@type":"SearchAction","target":{"@type":"EntryPoint","urlTemplate":"https:\/\/www.zytho.ca\/fr\/?s={search_term_string}"},"query-input":{"@type":"PropertyValueSpecification","valueRequired":true,"valueName":"search_term_string"}}],"inLanguage":"fr-FR"},{"@type":"Organization","@id":"https:\/\/www.zytho.ca\/fr\/#organization","name":"Zytho","url":"https:\/\/www.zytho.ca\/fr\/","logo":{"@type":"ImageObject","inLanguage":"fr-FR","@id":"https:\/\/www.zytho.ca\/fr\/#\/schema\/logo\/image\/","url":"https:\/\/www.zytho.ca\/wp-content\/uploads\/2024\/05\/Zytho_reversed_horizontal.svg","contentUrl":"https:\/\/www.zytho.ca\/wp-content\/uploads\/2024\/05\/Zytho_reversed_horizontal.svg","width":1582,"height":490,"caption":"Zytho"},"image":{"@id":"https:\/\/www.zytho.ca\/fr\/#\/schema\/logo\/image\/"}}]}},"_links":{"self":[{"href":"https:\/\/www.zytho.ca\/fr\/wp-json\/wp\/v2\/product\/10600","targetHints":{"allow":["GET"]}}],"collection":[{"href":"https:\/\/www.zytho.ca\/fr\/wp-json\/wp\/v2\/product"}],"about":[{"href":"https:\/\/www.zytho.ca\/fr\/wp-json\/wp\/v2\/types\/product"}],"wp:featuredmedia":[{"embeddable":true,"href":"https:\/\/www.zytho.ca\/fr\/wp-json\/wp\/v2\/media\/10602"}],"wp:attachment":[{"href":"https:\/\/www.zytho.ca\/fr\/wp-json\/wp\/v2\/media?parent=10600"}],"wp:term":[{"taxonomy":"product_brand","embeddable":true,"href":"https:\/\/www.zytho.ca\/fr\/wp-json\/wp\/v2\/product_brand?post=10600"},{"taxonomy":"product_cat","embeddable":true,"href":"https:\/\/www.zytho.ca\/fr\/wp-json\/wp\/v2\/product_cat?post=10600"},{"taxonomy":"product_tag","embeddable":true,"href":"https:\/\/www.zytho.ca\/fr\/wp-json\/wp\/v2\/product_tag?post=10600"}],"curies":[{"name":"wp","href":"https:\/\/api.w.org\/{rel}","templated":true}]}}