{"id":10483,"date":"2025-10-27T15:53:41","date_gmt":"2025-10-27T15:53:41","guid":{"rendered":"https:\/\/zytho.ca\/product\/17-14i-14mp-adaptateurs-males-i-line-x-tri-clamp-dixon\/"},"modified":"2025-10-27T15:53:41","modified_gmt":"2025-10-27T15:53:41","slug":"17-14i-14mp-adaptateurs-males-i-line-x-tri-clamp-dixon","status":"publish","type":"product","link":"https:\/\/www.zytho.ca\/fr\/produit\/17-14i-14mp-adaptateurs-males-i-line-x-tri-clamp-dixon\/","title":{"rendered":"17-14I-14MP Adaptateurs m\u00e2les I-Line x Tri-Clamp &#8211; Dixon"},"content":{"rendered":"<h6><strong>Avantages :<\/strong><\/h6>\n<ul>\n<li>Con\u00e7us pour r\u00e9pondre \u00e0 des normes sanitaires rigoureuses, ils garantissent une hygi\u00e8ne et une s\u00e9curit\u00e9 optimales dans les applications critiques.<\/li>\n<li>Conformit\u00e9 certifi\u00e9e avec les r\u00e9glementations de l&#8217;industrie, ce qui garantit la qualit\u00e9 et la fiabilit\u00e9.<\/li>\n<\/ul>\n<h6><strong>D\u00e9tails du produit :<\/strong><\/h6>\n<ul>\n<li>Conforme aux normes sanitaires 3-A pour les raccords sanitaires, sp\u00e9cification num\u00e9ro 63-03, sous l&#8217;autorisation num\u00e9ro 621.<\/li>\n<\/ul>\n<h6><strong>Certifications :<\/strong><\/h6>\n<ul>\n<li><a href=\"https:\/\/www.dixonvalve.com\/sites\/default\/files\/product\/certifications\/621%2063-04-2020.pdf\">Document de certification 3A<\/a><\/li>\n<\/ul>\n","protected":false},"excerpt":{"rendered":"<h4>Principaux avantages pour les brasseurs professionnels<\/h4>\n<ul>\n<li>Garantit une hygi\u00e8ne et une s\u00e9curit\u00e9 optimales en respectant des normes sanitaires strictes, cruciales pour les processus de brassage.<\/li>\n<li>La qualit\u00e9 et la fiabilit\u00e9 certifi\u00e9es par l&#8217;industrie, essentielles au maintien de l&#8217;int\u00e9grit\u00e9 des produits, sont un gage de confiance.<\/li>\n<li>R\u00e9pond aux normes sanitaires 3-A, garantissant la conformit\u00e9 avec les r\u00e9glementations industrielles essentielles pour les op\u00e9rations de brassage.<\/li>\n<\/ul>\n","protected":false},"featured_media":10486,"template":"","meta":{"_acf_changed":false,"inline_featured_image":false},"product_brand":[740],"product_cat":[736,741,765],"product_tag":[],"class_list":{"0":"post-10483","1":"product","2":"type-product","3":"status-publish","4":"has-post-thumbnail","6":"product_brand-dixon","7":"product_cat-distribution","8":"product_cat-materiel","9":"product_cat-raccords-sanitaires","11":"first","12":"instock","13":"taxable","14":"shipping-taxable","15":"purchasable","16":"product-type-variable"},"acf":[],"yoast_head":"<!-- This site is optimized with the Yoast SEO plugin v27.6 - https:\/\/yoast.com\/product\/yoast-seo-wordpress\/ -->\n<title>17-14I-14MP Adaptateurs m\u00e2les I-Line x Tri-Clamp - Dixon - Pour brasseries professionnelles | Zytho<\/title>\n<meta name=\"description\" content=\"D\u00e9couvrez les adaptateurs 17-14I-14MP Male I-Line x Tri-Clamp de Dixon, con\u00e7us pour une hygi\u00e8ne de haut niveau et une conformit\u00e9 certifi\u00e9e, assurant la qualit\u00e9 et la s\u00e9curit\u00e9 des brasseries.\" \/>\n<meta name=\"robots\" content=\"index, follow, max-snippet:-1, max-image-preview:large, max-video-preview:-1\" \/>\n<link rel=\"canonical\" href=\"https:\/\/www.zytho.ca\/fr\/produit\/17-14i-14mp-adaptateurs-males-i-line-x-tri-clamp-dixon\/\" \/>\n<meta property=\"og:locale\" content=\"fr_FR\" \/>\n<meta property=\"og:type\" content=\"article\" \/>\n<meta property=\"og:title\" content=\"17-14I-14MP Adaptateurs m\u00e2les I-Line x Tri-Clamp - Dixon - Pour brasseries professionnelles | Zytho\" \/>\n<meta property=\"og:description\" content=\"D\u00e9couvrez les adaptateurs 17-14I-14MP Male I-Line x Tri-Clamp de Dixon, con\u00e7us pour une hygi\u00e8ne de haut niveau et une conformit\u00e9 certifi\u00e9e, assurant la qualit\u00e9 et la s\u00e9curit\u00e9 des brasseries.\" \/>\n<meta property=\"og:url\" content=\"https:\/\/www.zytho.ca\/fr\/produit\/17-14i-14mp-adaptateurs-males-i-line-x-tri-clamp-dixon\/\" \/>\n<meta property=\"og:site_name\" content=\"Zytho\" \/>\n<meta property=\"og:image\" content=\"https:\/\/www.zytho.ca\/wp-content\/uploads\/2025\/10\/17-14I-14MP-Male-I-Line-x-Tri-Clamp-Adapters-Dixon.jpg\" \/>\n\t<meta property=\"og:image:width\" content=\"400\" \/>\n\t<meta property=\"og:image:height\" content=\"400\" \/>\n\t<meta property=\"og:image:type\" content=\"image\/jpeg\" \/>\n<meta name=\"twitter:card\" content=\"summary_large_image\" \/>\n<script type=\"application\/ld+json\" class=\"yoast-schema-graph\">{\"@context\":\"https:\\\/\\\/schema.org\",\"@graph\":[{\"@type\":\"WebPage\",\"@id\":\"https:\\\/\\\/www.zytho.ca\\\/fr\\\/produit\\\/17-14i-14mp-adaptateurs-males-i-line-x-tri-clamp-dixon\\\/\",\"url\":\"https:\\\/\\\/www.zytho.ca\\\/fr\\\/produit\\\/17-14i-14mp-adaptateurs-males-i-line-x-tri-clamp-dixon\\\/\",\"name\":\"17-14I-14MP Adaptateurs m\u00e2les I-Line x Tri-Clamp - Dixon - Pour brasseries professionnelles | Zytho\",\"isPartOf\":{\"@id\":\"https:\\\/\\\/www.zytho.ca\\\/fr\\\/#website\"},\"primaryImageOfPage\":{\"@id\":\"https:\\\/\\\/www.zytho.ca\\\/fr\\\/produit\\\/17-14i-14mp-adaptateurs-males-i-line-x-tri-clamp-dixon\\\/#primaryimage\"},\"image\":{\"@id\":\"https:\\\/\\\/www.zytho.ca\\\/fr\\\/produit\\\/17-14i-14mp-adaptateurs-males-i-line-x-tri-clamp-dixon\\\/#primaryimage\"},\"thumbnailUrl\":\"https:\\\/\\\/www.zytho.ca\\\/wp-content\\\/uploads\\\/2025\\\/10\\\/17-14I-14MP-Male-I-Line-x-Tri-Clamp-Adapters-Dixon.jpg\",\"datePublished\":\"2025-10-27T15:53:41+00:00\",\"description\":\"D\u00e9couvrez les adaptateurs 17-14I-14MP Male I-Line x Tri-Clamp de Dixon, con\u00e7us pour une hygi\u00e8ne de haut niveau et une conformit\u00e9 certifi\u00e9e, assurant la qualit\u00e9 et la s\u00e9curit\u00e9 des brasseries.\",\"breadcrumb\":{\"@id\":\"https:\\\/\\\/www.zytho.ca\\\/fr\\\/produit\\\/17-14i-14mp-adaptateurs-males-i-line-x-tri-clamp-dixon\\\/#breadcrumb\"},\"inLanguage\":\"fr-FR\",\"potentialAction\":[{\"@type\":\"ReadAction\",\"target\":[\"https:\\\/\\\/www.zytho.ca\\\/fr\\\/produit\\\/17-14i-14mp-adaptateurs-males-i-line-x-tri-clamp-dixon\\\/\"]}]},{\"@type\":\"ImageObject\",\"inLanguage\":\"fr-FR\",\"@id\":\"https:\\\/\\\/www.zytho.ca\\\/fr\\\/produit\\\/17-14i-14mp-adaptateurs-males-i-line-x-tri-clamp-dixon\\\/#primaryimage\",\"url\":\"https:\\\/\\\/www.zytho.ca\\\/wp-content\\\/uploads\\\/2025\\\/10\\\/17-14I-14MP-Male-I-Line-x-Tri-Clamp-Adapters-Dixon.jpg\",\"contentUrl\":\"https:\\\/\\\/www.zytho.ca\\\/wp-content\\\/uploads\\\/2025\\\/10\\\/17-14I-14MP-Male-I-Line-x-Tri-Clamp-Adapters-Dixon.jpg\",\"width\":400,\"height\":400},{\"@type\":\"BreadcrumbList\",\"@id\":\"https:\\\/\\\/www.zytho.ca\\\/fr\\\/produit\\\/17-14i-14mp-adaptateurs-males-i-line-x-tri-clamp-dixon\\\/#breadcrumb\",\"itemListElement\":[{\"@type\":\"ListItem\",\"position\":1,\"name\":\"Accueil\",\"item\":\"https:\\\/\\\/www.zytho.ca\\\/fr\\\/\"},{\"@type\":\"ListItem\",\"position\":2,\"name\":\"Shop\",\"item\":\"https:\\\/\\\/www.zytho.ca\\\/fr\\\/shop\\\/\"},{\"@type\":\"ListItem\",\"position\":3,\"name\":\"17-14I-14MP Adaptateurs m\u00e2les I-Line x Tri-Clamp &#8211; Dixon\"}]},{\"@type\":\"WebSite\",\"@id\":\"https:\\\/\\\/www.zytho.ca\\\/fr\\\/#website\",\"url\":\"https:\\\/\\\/www.zytho.ca\\\/fr\\\/\",\"name\":\"Zytho\",\"description\":\"\",\"publisher\":{\"@id\":\"https:\\\/\\\/www.zytho.ca\\\/fr\\\/#organization\"},\"potentialAction\":[{\"@type\":\"SearchAction\",\"target\":{\"@type\":\"EntryPoint\",\"urlTemplate\":\"https:\\\/\\\/www.zytho.ca\\\/fr\\\/?s={search_term_string}\"},\"query-input\":{\"@type\":\"PropertyValueSpecification\",\"valueRequired\":true,\"valueName\":\"search_term_string\"}}],\"inLanguage\":\"fr-FR\"},{\"@type\":\"Organization\",\"@id\":\"https:\\\/\\\/www.zytho.ca\\\/fr\\\/#organization\",\"name\":\"Zytho\",\"url\":\"https:\\\/\\\/www.zytho.ca\\\/fr\\\/\",\"logo\":{\"@type\":\"ImageObject\",\"inLanguage\":\"fr-FR\",\"@id\":\"https:\\\/\\\/www.zytho.ca\\\/fr\\\/#\\\/schema\\\/logo\\\/image\\\/\",\"url\":\"https:\\\/\\\/www.zytho.ca\\\/wp-content\\\/uploads\\\/2024\\\/05\\\/Zytho_reversed_horizontal.svg\",\"contentUrl\":\"https:\\\/\\\/www.zytho.ca\\\/wp-content\\\/uploads\\\/2024\\\/05\\\/Zytho_reversed_horizontal.svg\",\"width\":1582,\"height\":490,\"caption\":\"Zytho\"},\"image\":{\"@id\":\"https:\\\/\\\/www.zytho.ca\\\/fr\\\/#\\\/schema\\\/logo\\\/image\\\/\"}}]}<\/script>\n<!-- \/ Yoast SEO plugin. -->","yoast_head_json":{"title":"17-14I-14MP Adaptateurs m\u00e2les I-Line x Tri-Clamp - Dixon - Pour brasseries professionnelles | Zytho","description":"D\u00e9couvrez les adaptateurs 17-14I-14MP Male I-Line x Tri-Clamp de Dixon, con\u00e7us pour une hygi\u00e8ne de haut niveau et une conformit\u00e9 certifi\u00e9e, assurant la qualit\u00e9 et la s\u00e9curit\u00e9 des brasseries.","robots":{"index":"index","follow":"follow","max-snippet":"max-snippet:-1","max-image-preview":"max-image-preview:large","max-video-preview":"max-video-preview:-1"},"canonical":"https:\/\/www.zytho.ca\/fr\/produit\/17-14i-14mp-adaptateurs-males-i-line-x-tri-clamp-dixon\/","og_locale":"fr_FR","og_type":"article","og_title":"17-14I-14MP Adaptateurs m\u00e2les I-Line x Tri-Clamp - Dixon - Pour brasseries professionnelles | Zytho","og_description":"D\u00e9couvrez les adaptateurs 17-14I-14MP Male I-Line x Tri-Clamp de Dixon, con\u00e7us pour une hygi\u00e8ne de haut niveau et une conformit\u00e9 certifi\u00e9e, assurant la qualit\u00e9 et la s\u00e9curit\u00e9 des brasseries.","og_url":"https:\/\/www.zytho.ca\/fr\/produit\/17-14i-14mp-adaptateurs-males-i-line-x-tri-clamp-dixon\/","og_site_name":"Zytho","og_image":[{"width":400,"height":400,"url":"https:\/\/www.zytho.ca\/wp-content\/uploads\/2025\/10\/17-14I-14MP-Male-I-Line-x-Tri-Clamp-Adapters-Dixon.jpg","type":"image\/jpeg"}],"twitter_card":"summary_large_image","schema":{"@context":"https:\/\/schema.org","@graph":[{"@type":"WebPage","@id":"https:\/\/www.zytho.ca\/fr\/produit\/17-14i-14mp-adaptateurs-males-i-line-x-tri-clamp-dixon\/","url":"https:\/\/www.zytho.ca\/fr\/produit\/17-14i-14mp-adaptateurs-males-i-line-x-tri-clamp-dixon\/","name":"17-14I-14MP Adaptateurs m\u00e2les I-Line x Tri-Clamp - Dixon - Pour brasseries professionnelles | Zytho","isPartOf":{"@id":"https:\/\/www.zytho.ca\/fr\/#website"},"primaryImageOfPage":{"@id":"https:\/\/www.zytho.ca\/fr\/produit\/17-14i-14mp-adaptateurs-males-i-line-x-tri-clamp-dixon\/#primaryimage"},"image":{"@id":"https:\/\/www.zytho.ca\/fr\/produit\/17-14i-14mp-adaptateurs-males-i-line-x-tri-clamp-dixon\/#primaryimage"},"thumbnailUrl":"https:\/\/www.zytho.ca\/wp-content\/uploads\/2025\/10\/17-14I-14MP-Male-I-Line-x-Tri-Clamp-Adapters-Dixon.jpg","datePublished":"2025-10-27T15:53:41+00:00","description":"D\u00e9couvrez les adaptateurs 17-14I-14MP Male I-Line x Tri-Clamp de Dixon, con\u00e7us pour une hygi\u00e8ne de haut niveau et une conformit\u00e9 certifi\u00e9e, assurant la qualit\u00e9 et la s\u00e9curit\u00e9 des brasseries.","breadcrumb":{"@id":"https:\/\/www.zytho.ca\/fr\/produit\/17-14i-14mp-adaptateurs-males-i-line-x-tri-clamp-dixon\/#breadcrumb"},"inLanguage":"fr-FR","potentialAction":[{"@type":"ReadAction","target":["https:\/\/www.zytho.ca\/fr\/produit\/17-14i-14mp-adaptateurs-males-i-line-x-tri-clamp-dixon\/"]}]},{"@type":"ImageObject","inLanguage":"fr-FR","@id":"https:\/\/www.zytho.ca\/fr\/produit\/17-14i-14mp-adaptateurs-males-i-line-x-tri-clamp-dixon\/#primaryimage","url":"https:\/\/www.zytho.ca\/wp-content\/uploads\/2025\/10\/17-14I-14MP-Male-I-Line-x-Tri-Clamp-Adapters-Dixon.jpg","contentUrl":"https:\/\/www.zytho.ca\/wp-content\/uploads\/2025\/10\/17-14I-14MP-Male-I-Line-x-Tri-Clamp-Adapters-Dixon.jpg","width":400,"height":400},{"@type":"BreadcrumbList","@id":"https:\/\/www.zytho.ca\/fr\/produit\/17-14i-14mp-adaptateurs-males-i-line-x-tri-clamp-dixon\/#breadcrumb","itemListElement":[{"@type":"ListItem","position":1,"name":"Accueil","item":"https:\/\/www.zytho.ca\/fr\/"},{"@type":"ListItem","position":2,"name":"Shop","item":"https:\/\/www.zytho.ca\/fr\/shop\/"},{"@type":"ListItem","position":3,"name":"17-14I-14MP Adaptateurs m\u00e2les I-Line x Tri-Clamp &#8211; Dixon"}]},{"@type":"WebSite","@id":"https:\/\/www.zytho.ca\/fr\/#website","url":"https:\/\/www.zytho.ca\/fr\/","name":"Zytho","description":"","publisher":{"@id":"https:\/\/www.zytho.ca\/fr\/#organization"},"potentialAction":[{"@type":"SearchAction","target":{"@type":"EntryPoint","urlTemplate":"https:\/\/www.zytho.ca\/fr\/?s={search_term_string}"},"query-input":{"@type":"PropertyValueSpecification","valueRequired":true,"valueName":"search_term_string"}}],"inLanguage":"fr-FR"},{"@type":"Organization","@id":"https:\/\/www.zytho.ca\/fr\/#organization","name":"Zytho","url":"https:\/\/www.zytho.ca\/fr\/","logo":{"@type":"ImageObject","inLanguage":"fr-FR","@id":"https:\/\/www.zytho.ca\/fr\/#\/schema\/logo\/image\/","url":"https:\/\/www.zytho.ca\/wp-content\/uploads\/2024\/05\/Zytho_reversed_horizontal.svg","contentUrl":"https:\/\/www.zytho.ca\/wp-content\/uploads\/2024\/05\/Zytho_reversed_horizontal.svg","width":1582,"height":490,"caption":"Zytho"},"image":{"@id":"https:\/\/www.zytho.ca\/fr\/#\/schema\/logo\/image\/"}}]}},"_links":{"self":[{"href":"https:\/\/www.zytho.ca\/fr\/wp-json\/wp\/v2\/product\/10483","targetHints":{"allow":["GET"]}}],"collection":[{"href":"https:\/\/www.zytho.ca\/fr\/wp-json\/wp\/v2\/product"}],"about":[{"href":"https:\/\/www.zytho.ca\/fr\/wp-json\/wp\/v2\/types\/product"}],"wp:featuredmedia":[{"embeddable":true,"href":"https:\/\/www.zytho.ca\/fr\/wp-json\/wp\/v2\/media\/10486"}],"wp:attachment":[{"href":"https:\/\/www.zytho.ca\/fr\/wp-json\/wp\/v2\/media?parent=10483"}],"wp:term":[{"taxonomy":"product_brand","embeddable":true,"href":"https:\/\/www.zytho.ca\/fr\/wp-json\/wp\/v2\/product_brand?post=10483"},{"taxonomy":"product_cat","embeddable":true,"href":"https:\/\/www.zytho.ca\/fr\/wp-json\/wp\/v2\/product_cat?post=10483"},{"taxonomy":"product_tag","embeddable":true,"href":"https:\/\/www.zytho.ca\/fr\/wp-json\/wp\/v2\/product_tag?post=10483"}],"curies":[{"name":"wp","href":"https:\/\/api.w.org\/{rel}","templated":true}]}}